{"id":6473,"date":"2021-03-11T07:52:16","date_gmt":"2021-03-11T06:52:16","guid":{"rendered":"https:\/\/nodengo.com\/?page_id=6473"},"modified":"2025-12-09T12:00:48","modified_gmt":"2025-12-09T11:00:48","slug":"%d0%b0%d1%84%d1%80%d0%b8%d0%ba%d0%b0%d0%bd%d1%81%d0%ba%d0%b8%d0%b5-%d1%81%d1%82%d1%80%d0%b0%d0%bd%d1%8b","status":"publish","type":"page","link":"https:\/\/nodengo.com\/ru\/africa\/","title":{"rendered":"Travel to  Africa"},"content":{"rendered":"<div style=\"height:14px\" aria-hidden=\"true\" class=\"wp-block-spacer\"><\/div>\n\n\n\t\t\t<!-- Flexy Breadcrumb -->\r\n\t\t\t<div class=\"fbc fbc-page\">\r\n\r\n\t\t\t\t<!-- Breadcrumb wrapper -->\r\n\t\t\t\t<div class=\"fbc-wrap\">\r\n\r\n\t\t\t\t\t<!-- Ordered list-->\r\n\t\t\t\t\t<ol class=\"fbc-items\" itemscope itemtype=\"https:\/\/schema.org\/BreadcrumbList\">\r\n\t\t\t\t\t\t            <li itemprop=\"itemListElement\" itemscope itemtype=\"https:\/\/schema.org\/ListItem\">\r\n                <span itemprop=\"name\">\r\n                    <!-- Home Link -->\r\n                    <a itemprop=\"item\" href=\"https:\/\/nodengo.com\/ru\/\">\r\n                    \r\n                                                    <i class=\"fa fa-home\" aria-hidden=\"true\"><\/i>Home                    <\/a>\r\n                <\/span>\r\n                <meta itemprop=\"position\" content=\"1\" \/><!-- Meta Position-->\r\n             <\/li><li><span class=\"fbc-separator\">\/<\/span><\/li><li class=\"active\" itemprop=\"itemListElement\" itemscope itemtype=\"https:\/\/schema.org\/ListItem\"><span itemprop=\"name\" title=\"Best Travel Blog\">Best Travel Blog<\/span><meta itemprop=\"position\" content=\"2\" \/><\/li>\t\t\t\t\t<\/ol>\r\n\t\t\t\t\t<div class=\"clearfix\"><\/div>\r\n\t\t\t\t<\/div>\r\n\t\t\t<\/div>\r\n\t\t\t\n\n\n\n<div class=\"wp-block-citadela-blocks-custom-container citadela-block-custom-container size-wide bg-type-none inside-space-none\"><div class=\"inner-holder\"><div class=\"wp-block-image\">\n<figure class=\"aligncenter size-full\"><img decoding=\"async\" width=\"970\" height=\"90\" src=\"https:\/\/nodengo.com\/wp-content\/uploads\/space-avail-970X90.png\" alt=\"advertising banner 970x90\" class=\"wp-image-10582\" title=\"\" srcset=\"https:\/\/nodengo.com\/wp-content\/uploads\/space-avail-970X90.png 970w, https:\/\/nodengo.com\/wp-content\/uploads\/space-avail-970X90-150x14.png 150w, https:\/\/nodengo.com\/wp-content\/uploads\/space-avail-970X90-900x84.png 900w, https:\/\/nodengo.com\/wp-content\/uploads\/space-avail-970X90-300x28.png 300w, https:\/\/nodengo.com\/wp-content\/uploads\/space-avail-970X90-768x71.png 768w, https:\/\/nodengo.com\/wp-content\/uploads\/space-avail-970X90-16x1.png 16w\" sizes=\"(max-width: 970px) 100vw, 970px\" \/><\/figure>\n<\/div>\n\n\n<div class=\"wp-block-uagb-tabs uagb-block-cb62e1a0 uagb-tabs__wrap uagb-tabs__hstyle2-desktop uagb-tabs__vstyle6-tablet uagb-tabs__stack1-mobile\" data-tab-active=\"0\"><ul class=\"uagb-tabs__panel uagb-tabs__align-left\" role=\"tablist\"><li class=\"uagb-tab uagb-tabs__active\" role=\"none\"><a href=\"#uagb-tabs__tab0\" class=\"uagb-tabs-list uagb-tabs__icon-position-left\" data-tab=\"0\" role=\"tab\"><div>\u041f\u043e\u043b\u0435\u0442\u044b<\/div><\/a><\/li><li class=\"uagb-tab\" role=\"none\"><a href=\"#uagb-tabs__tab1\" class=\"uagb-tabs-list uagb-tabs__icon-position-left\" data-tab=\"1\" role=\"tab\"><div>\u041e\u0442\u0435\u043b\u0438<\/div><\/a><\/li><li class=\"uagb-tab\" role=\"none\"><a href=\"#uagb-tabs__tab2\" class=\"uagb-tabs-list uagb-tabs__icon-position-left\" data-tab=\"2\" role=\"tab\"><div>\u0430\u0432\u0442\u043e\u043c\u043e\u0431\u0438\u043b\u0435\u0439<\/div><\/a><\/li><\/ul><div class=\"uagb-tabs__body-wrap\">\n<div class=\"wp-block-uagb-tabs-child uagb-tabs__body-container uagb-inner-tab-0\" aria-labelledby=\"uagb-tabs__tab0\">\n<p><strong>\u041d\u0430\u0439\u0434\u0438\u0442\u0435 \u0434\u0435\u0448\u0435\u0432\u044b\u0435 \u0430\u0432\u0438\u0430\u0431\u0438\u043b\u0435\u0442\u044b \u0432 \u043f\u0443\u043d\u043a\u0442 \u043d\u0430\u0437\u043d\u0430\u0447\u0435\u043d\u0438\u044f<\/strong>.<\/p>\n\n\n\n\n\n\n\n\n<script async src=\"https:\/\/tpwgts.com\/content?currency=rub&#038;trs=32252&#038;shmarker=246395&#038;show_hotels=true&#038;powered_by=true&#038;locale=ru&#038;searchUrl=search.jetradar.com&#038;primary_override=%2332a8dd&#038;color_button=%2392CE52&#038;color_icons=%2332a8dd&#038;dark=%23262626&#038;light=%23FFFFFF&#038;secondary=%23FFFFFF&#038;special=%23C4C4C4&#038;color_focused=%2332a8dd&#038;border_radius=0&#038;plain=true&#038;promo_id=7879&#038;campaign_id=100\" charset=\"utf-8\"><\/script>\n\n\n<\/div>\n\n\n\n<div class=\"wp-block-uagb-tabs-child uagb-tabs__body-container uagb-inner-tab-1\" aria-labelledby=\"uagb-tabs__tab1\">\n<p><strong>\u041f\u043e\u0438\u0441\u043a \u043e\u0442\u0435\u043b\u0435\u0439 \u0441\u043e \u0441\u043a\u0438\u0434\u043a\u043e\u0439<\/strong><\/p>\n\n\n\n\n\n\n\n\n\n<script async src=\"https:\/\/tpwgts.com\/content?trs=32252&#038;shmarker=246395&#038;lang=ru&#038;layout=S10391&#038;powered_by=true&#038;campaign_id=121&#038;promo_id=4038\" charset=\"utf-8\"><\/script>\n\n<\/div>\n\n\n\n<div class=\"wp-block-uagb-tabs-child uagb-tabs__body-container uagb-inner-tab-2\" aria-labelledby=\"uagb-tabs__tab2\">\n\n\n\n\n\n\n<script async src=\"https:\/\/tpwgts.com\/content?currency=usd&#038;trs=32252&#038;shmarker=246395&#038;locale=ru&#038;powered_by=true&#038;bg_color=%23FFFFFf&#038;font_color=%23333333&#038;button_color=%2300a200&#038;button_font_color=%23ffffff&#038;button_text=Search&#038;rounded_corners=false&#038;benefits=true&#038;dc_powered_by=false&#038;supplier_logos=false&#038;campaign_id=117&#038;promo_id=3873\" charset=\"utf-8\"><\/script>\n\n<\/div>\n<\/div><\/div>\n<\/div><\/div>\n\n\n\n<div class=\"wp-block-citadela-blocks-custom-container citadela-block-custom-container size-wide bg-type-none inside-space-none\"><div class=\"inner-holder\">\n<p><strong>\u0414\u043e\u0441\u0442\u0443\u043f\u043d\u044b\u0435 \u043c\u0435\u0441\u0442\u043e\u043f\u043e\u043b\u043e\u0436\u0435\u043d\u0438\u044f \u0432\u044b\u0434\u0435\u043b\u0435\u043d\u044b \u0436\u0438\u0440\u043d\u044b\u043c \u0448\u0440\u0438\u0444\u0442\u043e\u043c.<\/strong><\/p>\n\n\n\n<h2 class=\"wp-block-heading\">\u0410\u0424\u0420\u0418\u041a\u0410\u041d\u0421\u041a\u0418\u0415 \u0421\u0422\u0420\u0410\u041d\u042b<\/h2>\n\n\n\n<p><a href=\"https:\/\/nodengo.com\/ru\/placeholder\/\">Argelia | Angola | Benin | Botswana | Burkina Faso | Burundi | Camer\u00fan | Cabo Verde | Rep\u00fablica Centroafricana | Chad | Comoras | Congo | Rep\u00fablica Democr\u00e1tica del Congo | Djibouti | Egipto | Guinea Ecuatorial | Eritrea | Etiop\u00eda | Gabon | Gambia | Ghana | Guinea | Guinea-Bissau | Costa de Marfil | Kenia | Lesotho | Liberia | Libia | Madagascar | Malawi | Mal\u00ed | Mauritania | Mauricio | Mayotte | Marruecos | Mozambique | Namibia | N\u00edger | Nigeria | Reuni\u00f3n | Ruanda | Senegal | Seychelles | Sierra Leona | Somalia | Sud\u00e1frica | Sud\u00e1n del Sur | Swazilandia | Santo Tom\u00e9 y Pr\u00edncipe | Tanzania | Togo | T\u00fanez | Uganda | Zambia | Zimbabue<\/a><\/p>\n<\/div><\/div>\n\n\n\n<pre class=\"wp-block-verse has-text-align-center has-small-font-size\">  \u041c\u044b \u0438\u0449\u0435\u043c \u043c\u0435\u0441\u0442\u043d\u044b\u0445 \u0440\u0435\u0434\u0430\u043a\u0442\u043e\u0440\u043e\u0432.  <strong><a href=\"https:\/\/nodengo.com\/ru\/-30\/-4\/geneva-reviews-gva\/\" target=\"_blank\" type=\"page\" id=\"54050\" rel=\"noreferrer noopener\">\u0411\u043e\u043b\u044c\u0448\u0435 \u0438\u043d\u0444\u043e\u0440\u043c\u0430\u0446\u0438\u0438<\/a><\/strong> <\/pre>\n\n\n\r\n        <div class=\"wp-block-citadela-blocks ctdl-directory-search-form has-geolocation-input border-thin shadow-default align-center\">\r\n            <div class=\"citadela-block-form search-form-component-container\" style=\"\" data-action=\"&quot;https:\\\/\\\/nodengo.com\\\/ru\\\/&quot;\"data-post-type=\"citadela-item\"data-category-taxonomy=\"citadela-item-category\"data-location-taxonomy=\"citadela-item-location\"data-attributes=\"{&quot;useGeolocationInput&quot;:true,&quot;geoUnit&quot;:&quot;km&quot;,&quot;geoMax&quot;:100,&quot;geoStep&quot;:1,&quot;geoDistanceLabel&quot;:&quot;Set distance for search&quot;,&quot;geoDistanceSubmitLabel&quot;:&quot;OK&quot;,&quot;geoDisableLabel&quot;:&quot;Disable geolocation&quot;}\">\r\n            <\/div>\r\n                    <\/div>","protected":false},"excerpt":{"rendered":"<p>We are looking for local Editors. More information<\/p>","protected":false},"author":1,"featured_media":0,"parent":0,"menu_order":0,"comment_status":"closed","ping_status":"closed","template":"","meta":{"_uag_custom_page_level_css":"","_citadela_hide_page_title":"1","_citadela_remove_header_space":"1","_citadela_custom_class":"","_citadela_half_map_provider":"","_citadela_half_map_theme":"","_citadela_half_map_themeOSM":"","_citadela_half_map_customTheme":"","_citadela_half_map_dataType":"","_citadela_half_map_dynamicTrack":false,"_citadela_half_map_trackColor":"","_citadela_half_map_trackEndpointsColor":"","_citadela_half_map_filterCategory":"","_citadela_half_map_filterLocation":"","_citadela_half_map_filterFeatured":false,"_citadela_half_map_noDataBehavior":"empty-map","_citadela_half_map_noDataText":"","_citadela_half_map_clusterGridSize":80,"_citadela_header":false,"_citadela_header_over_content":false,"_citadela_header_text_color":"","_citadela_header_logo":[],"_citadela_header_bg_image":[],"_citadela_header_bg_position":{"x":0.5,"y":0.5},"_citadela_header_bg_size":"cover","_citadela_header_bg_repeat":"no-repeat","_citadela_header_bg_fixed":false,"_citadela_header_bg_color":"","_citadela_header_bg_image_overlay":"","_citadela_header_transparent_bg":false,"_citadela_content_width":"default","_citadela_half_layout_position":"","footnotes":""},"class_list":["post-6473","page","type-page","status-publish","hentry"],"uagb_featured_image_src":{"full":false,"thumbnail":false,"medium":false,"medium_large":false,"large":false,"1536x1536":false,"2048x2048":false,"trp-custom-language-flag":false,"citadela_item_thumbnail":false,"woocommerce_thumbnail":false,"woocommerce_single":false,"woocommerce_gallery_thumbnail":false,"citadela_service":false},"uagb_author_info":{"display_name":"admin","author_link":"https:\/\/nodengo.com\/ru\/author\/admin\/"},"uagb_comment_info":0,"uagb_excerpt":"We are looking for local Editors. More information","_links":{"self":[{"href":"https:\/\/nodengo.com\/ru\/wp-json\/wp\/v2\/pages\/6473","targetHints":{"allow":["GET"]}}],"collection":[{"href":"https:\/\/nodengo.com\/ru\/wp-json\/wp\/v2\/pages"}],"about":[{"href":"https:\/\/nodengo.com\/ru\/wp-json\/wp\/v2\/types\/page"}],"author":[{"embeddable":true,"href":"https:\/\/nodengo.com\/ru\/wp-json\/wp\/v2\/users\/1"}],"replies":[{"embeddable":true,"href":"https:\/\/nodengo.com\/ru\/wp-json\/wp\/v2\/comments?post=6473"}],"version-history":[{"count":0,"href":"https:\/\/nodengo.com\/ru\/wp-json\/wp\/v2\/pages\/6473\/revisions"}],"wp:attachment":[{"href":"https:\/\/nodengo.com\/ru\/wp-json\/wp\/v2\/media?parent=6473"}],"curies":[{"name":"wp","href":"https:\/\/api.w.org\/{rel}","templated":true}]}}