{"id":9488,"date":"2021-05-03T15:38:06","date_gmt":"2021-05-03T13:38:06","guid":{"rendered":"https:\/\/nodengo.com\/?page_id=9488"},"modified":"2025-12-13T06:34:32","modified_gmt":"2025-12-13T05:34:32","slug":"bern-reviews-brn","status":"publish","type":"page","link":"https:\/\/nodengo.com\/pt\/switzerland\/bern\/bern-reviews-brn\/","title":{"rendered":"Avalia\u00e7\u00f5es BERNA"},"content":{"rendered":"<!-- Flexy Breadcrumb -->\r\n\t\t\t<div class=\"fbc fbc-page\">\r\n\r\n\t\t\t\t<!-- Breadcrumb wrapper -->\r\n\t\t\t\t<div class=\"fbc-wrap\">\r\n\r\n\t\t\t\t\t<!-- Ordered list-->\r\n\t\t\t\t\t<ol class=\"fbc-items\" itemscope itemtype=\"https:\/\/schema.org\/BreadcrumbList\">\r\n\t\t\t\t\t\t            <li itemprop=\"itemListElement\" itemscope itemtype=\"https:\/\/schema.org\/ListItem\">\r\n                <span itemprop=\"name\">\r\n                    <!-- Home Link -->\r\n                    <a itemprop=\"item\" href=\"https:\/\/nodengo.com\/pt\/\">\r\n                    \r\n                                                    <i class=\"fa fa-home\" aria-hidden=\"true\"><\/i>Home                    <\/a>\r\n                <\/span>\r\n                <meta itemprop=\"position\" content=\"1\" \/><!-- Meta Position-->\r\n             <\/li><li><span class=\"fbc-separator\">\/<\/span><\/li><li class=\"active\" itemprop=\"itemListElement\" itemscope itemtype=\"https:\/\/schema.org\/ListItem\"><span itemprop=\"name\" title=\"Best Travel Blog\">Best Travel Blog<\/span><meta itemprop=\"position\" content=\"2\" \/><\/li>\t\t\t\t\t<\/ol>\r\n\t\t\t\t\t<div class=\"clearfix\"><\/div>\r\n\t\t\t\t<\/div>\r\n\t\t\t<\/div>\r\n\t\t\t\n\n\n\n<div class=\"wp-block-citadela-blocks-custom-container citadela-block-custom-container size-wide bg-type-image inside-space-none bg-size-cover has-overlay has-min-height vertical-align-center\" style=\"min-height:300px\"><div class=\"bg-image-wrapper\" style=\"background-image:url(https:\/\/nodengo.com\/wp-content\/uploads\/bern-1024x683-1.jpg);background-repeat:no-repeat;background-position:52% 49%\"><\/div><div class=\"bg-image-overlay\" style=\"opacity:0.85\"><\/div><div class=\"inner-holder\">\n<div class=\"wp-block-citadela-blocks-spacer citadela-block-spacer\"><div class=\"inner-holder\" style=\"padding-top:25px\"><\/div><\/div>\n\n\n         <div \r\n            class=\"citadela-block-responsive-text align-center responsive-options loading\"\r\n            data-block-mobile-attr=\"{&quot;desktop&quot;:{&quot;fontSize&quot;:&quot;54px&quot;},&quot;mobile&quot;:{&quot;fontSize&quot;:&quot;8vw&quot;}}\"            data-block-mobile-breakpoint=\"600\"         >\r\n            <h1 class=\"inner-tag\" style=\"font-size: 54px; color: #392F43;\">Avalia\u00e7\u00f5es BERNA<\/h1>         <\/div>\r\n      \n\n\n<p class=\"has-text-align-center has-black-color has-text-color\" style=\"font-size:32px\">Por <strong>Team Nodengo<\/strong> &#8211; <\/p>\n\n\n\n<div class=\"wp-block-citadela-blocks-spacer citadela-block-spacer responsive-options loading\" data-block-attr=\"{&quot;desktop&quot;:{&quot;height&quot;:&quot;5vw&quot;},&quot;mobile&quot;:{&quot;height&quot;:&quot;0vw&quot;}}\" data-block-mobile-breakpoint=\"600\"><div class=\"inner-holder\" style=\"padding-top:5vw\"><\/div><\/div>\n<\/div><\/div>\n\n\n\n<div class=\"wp-block-citadela-blocks-custom-container citadela-block-custom-container size-fullwidth bg-type-color inside-space-none has-bg has-border-radius has-shadow\" style=\"background-color:rgba(255, 255, 255, 1);border-radius:6px;box-shadow: 0px 15px 30px 0px rgba(0, 0, 0, 0.04)\"><div class=\"inner-holder\">\n<p align=\"center\"><i class=\"fas fa-utensils\"><\/i>    <a href=\"https:\/\/nodengo.com\/pt\/bern\/bern-restaurants\/\">RESTAURANTES<\/a>  |   <i class=\"fas fa-monument\"><\/i>    <a href=\"https:\/\/nodengo.com\/pt\/bern\/-22\/#ttd\">Coisas para fazer<\/a>  |&nbsp;&nbsp;<i class=\"fas fa-camera\"><\/i>    <a href=\"https:\/\/nodengo.com\/pt\/bern\/-22\/\"> ATIVIDADES<\/a>  |  <i class=\"fas fa-pen\"><\/i>    <a href=\"https:\/\/nodengo.com\/pt\/bern\/bern-travel-blog\/\">BLOG<\/a>  | <i class=\"fas fa-user-edit\"><\/i>    <a href=\"https:\/\/nodengo.com\/pt\/bern\/bern-reviews-brn\/\"><b>AVALIA\u00c7\u00d5ES<\/b><\/a>| <i class=\"fas fa-hotel\"><\/i><a href=\"https:\/\/trip.tpx.gr\/SKbKE5Aq\" target=\"_blank\" rel=\"noopener\"> HOT\u00c9IS<\/a> | <i class=\"fas fa-car\"><\/i><a href=\"https:\/\/economybookings.tpx.gr\/T28tpxqs\" target=\"_blank\" rel=\"noopener\"> CARROS<\/a> | <i class=\"fas fa-taxi\"><\/i><a href=\"https:\/\/kiwitaxi.tpx.gr\/qGqIS9Be\" target=\"_blank\" rel=\"noopener\"> TRANSFER<\/a><\/p><\/p>\n<\/div><\/div>\n\n\n\n<div class=\"wp-block-citadela-blocks-custom-container citadela-block-custom-container size-wide bg-type-none inside-space-none\"><div class=\"inner-holder\">\n<div class=\"wp-block-columns is-layout-flex wp-container-core-columns-is-layout-9d6595d7 wp-block-columns-is-layout-flex\">\n<div class=\"wp-block-column is-layout-flow wp-block-column-is-layout-flow\" style=\"flex-basis:66.66%\">\n<h2 class=\"wp-block-heading has-text-align-center\"> Avalia\u00e7\u00f5es BERNA<\/h2>\n\n\n\n<p>Nosso editor local oficial,&nbsp;<a href=\"https:\/\/nodengo.com\/pt\/author\/\/\" data-type=\"link\" data-id=\"https:\/\/nodengo.com\/en\/author\/nodengo-team\/\">TEAM NODENGO<\/a> , revisou exaustivamente esses estabelecimentos. N\u00f3s os recomendamos altamente. Nodengo.com \u00e9 composto por editores locais e profissionais de turismo que fornecem informa\u00e7\u00f5es aut\u00eanticas e locais. Cada editor reside na cidade sobre a qual escreve, garantindo seu conhecimento \u00edntimo. Nossas avalia\u00e7\u00f5es s\u00e3o conduzidas por profissionais dedicados que priorizam a qualidade em vez da quantidade.<\/p>\n\n\n        \r\n        <div class=\"wp-block-citadela-blocks ctdl-posts layout-simple size-large  border-none show-item-featured-image show-item-description\">\r\n            \r\n<div class=\"citadela-block-articles\">\r\n    <div class=\"citadela-block-articles-wrap\">\r\n\r\n        \r\n<article id=\"post-22066\" class=\"has-description\" style=\"\"\">\r\n    <header class=\"entry-header\">\r\n        <h2 class=\"entry-title\">\r\n            <a href=\"https:\/\/nodengo.com\/pt\/no-reviews\/\" rel=\"bookmark\">Nenhuma classifica\u00e7\u00e3o<\/a>        <\/h2>\r\n        <div class=\"entry-meta\">\r\n                        <span class=\"byline\"><span class=\"byline-text\">por<\/span> <span class=\"author vcard\"><a class=\"url fn n\" href=\"https:\/\/nodengo.com\/pt\/author\/nodengo-team\/\">Team Nodengo<\/a><\/span><\/span>        <\/div>\r\n            <\/header>\r\n\r\n    \r\n    \r\n        <div class=\"entry-content\">\r\n            \r\n                NO REVIEWS &#8211; Since we do not have a Local Editor for this location, we unfortunately cannot present &#8220;Reviews&#8221; for this city. We are frequently adding Editors, so we may update this information shortly. Are you interested in becoming a local Editor for this location ? Contact us\r\n            \r\n                    <\/div>\r\n\r\n    \r\n    \r\n<\/article>\r\n\r\n    <\/div>\r\n<\/div>        <\/div>\r\n        \r\n        <\/div>\n\n\n\n<div class=\"wp-block-column is-layout-flow wp-block-column-is-layout-flow\" style=\"flex-basis:33.33%\"><div class=\"wp-block-image is-style-rounded\">\n<figure class=\"aligncenter size-medium\"><img decoding=\"async\" width=\"199\" height=\"300\" src=\"https:\/\/nodengo.com\/wp-content\/uploads\/review-page-logo-199x300.jpg\" alt=\"Avalia\u00e7\u00f5es BERNA\" class=\"wp-image-8216\" title=\"\" srcset=\"https:\/\/nodengo.com\/wp-content\/uploads\/review-page-logo-199x300.jpg 199w, https:\/\/nodengo.com\/wp-content\/uploads\/review-page-logo-99x150.jpg 99w, https:\/\/nodengo.com\/wp-content\/uploads\/review-page-logo-8x12.png 8w, https:\/\/nodengo.com\/wp-content\/uploads\/review-page-logo.jpg 590w\" sizes=\"(max-width: 199px) 100vw, 199px\" \/><\/figure>\n<\/div>\n\n\n<iframe style=\"border:0;height:350px;\" width=\"100%\" scrolling=\"no\" id=\"bsaIframe\" onload=\"bsaIframe()\" src=\"https:\/\/ads.nodengo.com\/api\/?id=58&amp;i=1\" if_empty=\"id=57\"> <\/iframe><script>function bsaIframe() { var iFrameID = document.getElementById('bsaIframe'); if(iFrameID) { iFrameID.height = iFrameID.contentWindow.document.body.scrollHeight + 'px'; } }<\/script>\n<\/div>\n<\/div>\n<\/div><\/div>","protected":false},"excerpt":{"rendered":"","protected":false},"author":1,"featured_media":0,"parent":6958,"menu_order":0,"comment_status":"closed","ping_status":"closed","template":"","meta":{"_uag_custom_page_level_css":"","_citadela_hide_page_title":"1","_citadela_remove_header_space":"1","_citadela_custom_class":"","_citadela_half_map_provider":"","_citadela_half_map_theme":"","_citadela_half_map_themeOSM":"","_citadela_half_map_customTheme":"","_citadela_half_map_dataType":"","_citadela_half_map_dynamicTrack":false,"_citadela_half_map_trackColor":"","_citadela_half_map_trackEndpointsColor":"","_citadela_half_map_filterCategory":"","_citadela_half_map_filterLocation":"","_citadela_half_map_filterFeatured":false,"_citadela_half_map_noDataBehavior":"empty-map","_citadela_half_map_noDataText":"","_citadela_half_map_clusterGridSize":80,"_citadela_header":false,"_citadela_header_over_content":false,"_citadela_header_text_color":"","_citadela_header_logo":[],"_citadela_header_bg_image":[],"_citadela_header_bg_position":{"x":0.5,"y":0.5},"_citadela_header_bg_size":"cover","_citadela_header_bg_repeat":"no-repeat","_citadela_header_bg_fixed":false,"_citadela_header_bg_color":"","_citadela_header_bg_image_overlay":"","_citadela_header_transparent_bg":false,"_citadela_content_width":"","_citadela_half_layout_position":"","footnotes":""},"class_list":["post-9488","page","type-page","status-publish","hentry"],"uagb_featured_image_src":{"full":false,"thumbnail":false,"medium":false,"medium_large":false,"large":false,"1536x1536":false,"2048x2048":false,"trp-custom-language-flag":false,"citadela_item_thumbnail":false,"woocommerce_thumbnail":false,"woocommerce_single":false,"woocommerce_gallery_thumbnail":false,"citadela_service":false},"uagb_author_info":{"display_name":"admin","author_link":"https:\/\/nodengo.com\/pt\/author\/admin\/"},"uagb_comment_info":0,"uagb_excerpt":null,"_links":{"self":[{"href":"https:\/\/nodengo.com\/pt\/wp-json\/wp\/v2\/pages\/9488","targetHints":{"allow":["GET"]}}],"collection":[{"href":"https:\/\/nodengo.com\/pt\/wp-json\/wp\/v2\/pages"}],"about":[{"href":"https:\/\/nodengo.com\/pt\/wp-json\/wp\/v2\/types\/page"}],"author":[{"embeddable":true,"href":"https:\/\/nodengo.com\/pt\/wp-json\/wp\/v2\/users\/1"}],"replies":[{"embeddable":true,"href":"https:\/\/nodengo.com\/pt\/wp-json\/wp\/v2\/comments?post=9488"}],"version-history":[{"count":0,"href":"https:\/\/nodengo.com\/pt\/wp-json\/wp\/v2\/pages\/9488\/revisions"}],"up":[{"embeddable":true,"href":"https:\/\/nodengo.com\/pt\/wp-json\/wp\/v2\/pages\/6958"}],"wp:attachment":[{"href":"https:\/\/nodengo.com\/pt\/wp-json\/wp\/v2\/media?parent=9488"}],"curies":[{"name":"wp","href":"https:\/\/api.w.org\/{rel}","templated":true}]}}