{"id":7265,"date":"2021-03-17T10:17:10","date_gmt":"2021-03-17T09:17:10","guid":{"rendered":"https:\/\/nodengo.com\/?page_id=7265"},"modified":"2025-12-08T11:21:16","modified_gmt":"2025-12-08T10:21:16","slug":"-38","status":"publish","type":"page","link":"https:\/\/nodengo.com\/pt\/page-not-found-404\/","title":{"rendered":"P\u00e1gina n\u00e3o encontrada 404"},"content":{"rendered":"<div class=\"wp-block-citadela-blocks-custom-container citadela-block-custom-container size-wide bg-type-none inside-space-none\"><div class=\"inner-holder\">\n<div class=\"wp-block-columns is-layout-flex wp-container-core-columns-is-layout-9d6595d7 wp-block-columns-is-layout-flex\">\n<div class=\"wp-block-column is-layout-flow wp-block-column-is-layout-flow\"><div class=\"wp-block-image is-resized\">\n<figure class=\"alignright size-large\"><img decoding=\"async\" width=\"354\" height=\"266\" src=\"https:\/\/nodengo.com\/wp-content\/uploads\/404oops.jpg\" alt=\"page not found\" class=\"wp-image-7269\" title=\"\" srcset=\"https:\/\/nodengo.com\/wp-content\/uploads\/404oops.jpg 354w, https:\/\/nodengo.com\/wp-content\/uploads\/404oops-150x113.jpg 150w, https:\/\/nodengo.com\/wp-content\/uploads\/404oops-300x225.jpg 300w, https:\/\/nodengo.com\/wp-content\/uploads\/404oops-16x12.jpg 16w\" sizes=\"(max-width: 354px) 100vw, 354px\" \/><\/figure>\n<\/div><\/div>\n\n\n\n<div class=\"wp-block-column is-layout-flow wp-block-column-is-layout-flow\">\n<figure class=\"wp-block-image size-large\"><img decoding=\"async\" width=\"367\" height=\"215\" src=\"https:\/\/nodengo.com\/wp-content\/uploads\/img-404.jpg\" alt=\"page not found 404\" class=\"wp-image-7271\" title=\"\" srcset=\"https:\/\/nodengo.com\/wp-content\/uploads\/img-404.jpg 367w, https:\/\/nodengo.com\/wp-content\/uploads\/img-404-150x88.jpg 150w\" sizes=\"(max-width: 367px) 100vw, 367px\" \/><\/figure>\n<\/div>\n<\/div>\n\n\n\n<p class=\"has-text-align-center\"><strong>Nossas sinceras desculpas<\/strong> &#8211; <\/p>\n\n\n\n<h4 class=\"wp-block-heading\" id=\"one-of-the-following-errors-occurred-while-trying-to-access-the-page-you-requested\">Page not found &#8211; One of the following errors occurred while trying to access the page you requested.<\/h4>\n\n\n\n<ul class=\"wp-block-list\">\n<li>PODEMOS N\u00c3O TER AINDA UM EDITOR PARA O LOCAL QUE VOC\u00ca PESQUISOU<\/li>\n\n\n\n<li>O LOCAL PODE TER UM NOVO EDITOR MAS A P\u00c1GINA N\u00c3O EST\u00c1 COMPLETA<\/li>\n\n\n\n<li>A P\u00c1GINA QUE SOLICITOU N\u00c3O EXISTE MAIS OU FOI MUDADA<\/li>\n\n\n\n<li>OCORREU UM ERRO INTERNO<\/li>\n<\/ul>\n\n\n\n<p class=\"has-white-background-color has-text-color has-background has-medium-font-size\" style=\"color:#4c8e5b\"><strong>O erro foi registrado e vamos investigar, muito obrigado por sua valiosa contribui\u00e7\u00e3o<\/strong><\/p>\n\n\n\n<p class=\"has-text-align-center\">&#8211; Return to our <a href=\"https:\/\/nodengo.com\/pt\/\"><strong>p\u00e1gina inicial<\/strong><\/a><\/p>\n\n\n\n<div class=\"wp-block-citadela-blocks-custom-container citadela-block-custom-container size-wide bg-type-none inside-space-none\"><div class=\"inner-holder\">\n<div class=\"wp-block-columns is-layout-flex wp-container-core-columns-is-layout-9d6595d7 wp-block-columns-is-layout-flex\">\n<div class=\"wp-block-column is-layout-flow wp-block-column-is-layout-flow\" style=\"flex-basis:33.33%\"><div class=\"wp-block-image is-resized\">\n<figure class=\"aligncenter size-large\"><img decoding=\"async\" width=\"302\" height=\"595\" src=\"https:\/\/nodengo.com\/wp-content\/uploads\/3D-Business-Woman-Traveling-for-Business-Copy.jpg\" alt=\" \" class=\"wp-image-6439\" style=\"width:192px\" title=\"\" srcset=\"https:\/\/nodengo.com\/wp-content\/uploads\/3D-Business-Woman-Traveling-for-Business-Copy.jpg 302w, https:\/\/nodengo.com\/wp-content\/uploads\/3D-Business-Woman-Traveling-for-Business-Copy-76x150.jpg 76w\" sizes=\"(max-width: 302px) 100vw, 302px\" \/><\/figure>\n<\/div><\/div>\n\n\n\n<div class=\"wp-block-column is-layout-flow wp-block-column-is-layout-flow\" style=\"flex-basis:66.66%\">\n<p><script async=\"\" src=\"https:\/\/tp.media\/content?currency=usd&amp;trs=32252&amp;shmarker=246395&amp;combine_promos=101_7873&amp;show_hotels=true&amp;powered_by=false&amp;locale=en&amp;searchUrl=search.jetradar.com&amp;primary_override=%2392CE52&amp;color_button=%2392CE52&amp;color_icons=%2392CE52&amp;dark=%23262626&amp;light=%23FFFFFF&amp;secondary=%23FFFFFF&amp;special=%23C4C4C4&amp;color_focused=%23FF8E01&amp;border_radius=5&amp;plain=true&amp;promo_id=7879&amp;campaign_id=100\" charset=\"utf-8\"><\/script><\/p>\n\n\n\n<p class=\"has-text-align-center\"><strong>ERROR 404 PAGE NOT FOUND<\/strong><\/p>\n\n\n\n<div style=\"height:100px\" aria-hidden=\"true\" class=\"wp-block-spacer\"><\/div>\n\n\n\n<p>Interessado em se tornar um <a href=\"https:\/\/nodengo.com\/pt\/-35\/-26\/\">Editor local<\/a> ? &#8211; Interested In Being On <a href=\"https:\/\/nodengo.com\/pt\/-35\/\">Nodengo.Com<\/a> ?<\/p>\n<\/div>\n<\/div>\n<\/div><\/div>\n<\/div><\/div>","protected":false},"excerpt":{"rendered":"","protected":false},"author":1,"featured_media":0,"parent":0,"menu_order":0,"comment_status":"closed","ping_status":"closed","template":"","meta":{"_uag_custom_page_level_css":"","_citadela_hide_page_title":"1","_citadela_remove_header_space":"1","_citadela_custom_class":"","_citadela_half_map_provider":"","_citadela_half_map_theme":"","_citadela_half_map_themeOSM":"","_citadela_half_map_customTheme":"","_citadela_half_map_dataType":"","_citadela_half_map_dynamicTrack":false,"_citadela_half_map_trackColor":"","_citadela_half_map_trackEndpointsColor":"","_citadela_half_map_filterCategory":"","_citadela_half_map_filterLocation":"","_citadela_half_map_filterFeatured":false,"_citadela_half_map_noDataBehavior":"empty-map","_citadela_half_map_noDataText":"","_citadela_half_map_clusterGridSize":80,"_citadela_header":false,"_citadela_header_over_content":false,"_citadela_header_text_color":"","_citadela_header_logo":[],"_citadela_header_bg_image":[],"_citadela_header_bg_position":{"x":0.5,"y":0.5},"_citadela_header_bg_size":"cover","_citadela_header_bg_repeat":"no-repeat","_citadela_header_bg_fixed":false,"_citadela_header_bg_color":"","_citadela_header_bg_image_overlay":"","_citadela_header_transparent_bg":false,"_citadela_content_width":"default","_citadela_half_layout_position":"","footnotes":""},"class_list":["post-7265","page","type-page","status-publish","hentry"],"uagb_featured_image_src":{"full":false,"thumbnail":false,"medium":false,"medium_large":false,"large":false,"1536x1536":false,"2048x2048":false,"trp-custom-language-flag":false,"citadela_item_thumbnail":false,"woocommerce_thumbnail":false,"woocommerce_single":false,"woocommerce_gallery_thumbnail":false,"citadela_service":false},"uagb_author_info":{"display_name":"admin","author_link":"https:\/\/nodengo.com\/pt\/author\/admin\/"},"uagb_comment_info":0,"uagb_excerpt":null,"_links":{"self":[{"href":"https:\/\/nodengo.com\/pt\/wp-json\/wp\/v2\/pages\/7265","targetHints":{"allow":["GET"]}}],"collection":[{"href":"https:\/\/nodengo.com\/pt\/wp-json\/wp\/v2\/pages"}],"about":[{"href":"https:\/\/nodengo.com\/pt\/wp-json\/wp\/v2\/types\/page"}],"author":[{"embeddable":true,"href":"https:\/\/nodengo.com\/pt\/wp-json\/wp\/v2\/users\/1"}],"replies":[{"embeddable":true,"href":"https:\/\/nodengo.com\/pt\/wp-json\/wp\/v2\/comments?post=7265"}],"version-history":[{"count":0,"href":"https:\/\/nodengo.com\/pt\/wp-json\/wp\/v2\/pages\/7265\/revisions"}],"wp:attachment":[{"href":"https:\/\/nodengo.com\/pt\/wp-json\/wp\/v2\/media?parent=7265"}],"curies":[{"name":"wp","href":"https:\/\/api.w.org\/{rel}","templated":true}]}}