{"id":6982,"date":"2021-03-14T08:32:09","date_gmt":"2021-03-14T07:32:09","guid":{"rendered":"https:\/\/nodengo.com\/?page_id=6982"},"modified":"2024-05-09T08:14:45","modified_gmt":"2024-05-09T06:14:45","slug":"-16","status":"publish","type":"page","link":"https:\/\/nodengo.com\/pt\/reviews\/","title":{"rendered":"Avalia\u00e7\u00f5es"},"content":{"rendered":"<!-- Flexy Breadcrumb -->\r\n\t\t\t<div class=\"fbc fbc-page\">\r\n\r\n\t\t\t\t<!-- Breadcrumb wrapper -->\r\n\t\t\t\t<div class=\"fbc-wrap\">\r\n\r\n\t\t\t\t\t<!-- Ordered list-->\r\n\t\t\t\t\t<ol class=\"fbc-items\" itemscope itemtype=\"https:\/\/schema.org\/BreadcrumbList\">\r\n\t\t\t\t\t\t            <li itemprop=\"itemListElement\" itemscope itemtype=\"https:\/\/schema.org\/ListItem\">\r\n                <span itemprop=\"name\">\r\n                    <!-- Home Link -->\r\n                    <a itemprop=\"item\" href=\"https:\/\/nodengo.com\/pt\/\">\r\n                    \r\n                                                    <i class=\"fa fa-home\" aria-hidden=\"true\"><\/i>Home                    <\/a>\r\n                <\/span>\r\n                <meta itemprop=\"position\" content=\"1\" \/><!-- Meta Position-->\r\n             <\/li><li><span class=\"fbc-separator\">\/<\/span><\/li><li class=\"active\" itemprop=\"itemListElement\" itemscope itemtype=\"https:\/\/schema.org\/ListItem\"><span itemprop=\"name\" title=\"Best Travel Blog\">Best Travel Blog<\/span><meta itemprop=\"position\" content=\"2\" \/><\/li>\t\t\t\t\t<\/ol>\r\n\t\t\t\t\t<div class=\"clearfix\"><\/div>\r\n\t\t\t\t<\/div>\r\n\t\t\t<\/div>\r\n\t\t\t\n\n\n\n<div class=\"wp-block-citadela-blocks-custom-container citadela-block-custom-container responsive-options loading-image size-wide bg-type-image inside-space-none bg-size-cover has-bg has-overlay has-shadow has-min-height vertical-align-top\" style=\"min-height:375px;background-color:rgba(244, 244, 246, 1);box-shadow: 0px -1px 0px 0px rgba(0, 0, 0, 0.15)\" data-block-attr=\"{&quot;backgroundImage&quot;:&quot;url(https:\/\/nodengo.com\/wp-content\/uploads\/ny-map-bar-filter-scaled.jpg)&quot;}\" data-block-mobile-breakpoint=\"950\"><div class=\"bg-image-wrapper\" style=\"background-image:url(https:\/\/nodengo.com\/wp-content\/uploads\/5reasonstop.jpg);background-repeat:no-repeat;background-position:51% 48%\"><\/div><div class=\"bg-image-overlay\" style=\"opacity:0.04;background-image:linear-gradient(0deg, rgba(0, 0, 0, 1) 0%, rgba(255, 255, 255, 0) 100%)\"><\/div><div class=\"inner-holder\">\n<div class=\"wp-block-citadela-blocks-spacer citadela-block-spacer responsive-options loading\" data-block-attr=\"{&quot;desktop&quot;:{&quot;height&quot;:&quot;28px&quot;},&quot;mobile&quot;:{&quot;height&quot;:&quot;0px&quot;}}\" data-block-mobile-breakpoint=\"950\"><div class=\"inner-holder\" style=\"padding-top:28px\"><\/div><\/div>\n<\/div><\/div>\n\n\n\n<div class=\"wp-block-citadela-blocks-custom-container citadela-block-custom-container size-wide bg-type-none inside-space-none\"><div class=\"inner-holder\">\n<div class=\"wp-block-columns is-layout-flex wp-container-core-columns-is-layout-9d6595d7 wp-block-columns-is-layout-flex\">\n<div class=\"wp-block-column is-layout-flow wp-block-column-is-layout-flow\">\n<h2 class=\"wp-block-heading\">Nodengo Reviews<\/h2>\n\n\n         <div \r\n            class=\"citadela-block-responsive-text align-left responsive-options loading\"\r\n            data-block-mobile-attr=\"{&quot;desktop&quot;:{&quot;fontSize&quot;:&quot;48px&quot;},&quot;mobile&quot;:{&quot;fontSize&quot;:&quot;8vw&quot;}}\"            data-block-mobile-breakpoint=\"600\"         >\r\n            <h1 class=\"inner-tag\" style=\"font-size: 48px;\">Reviewed establishments <\/h1>         <\/div>\r\n      \n\n         <div \r\n            class=\"citadela-block-responsive-text align-left\"\r\n                                 >\r\n            <h4 class=\"inner-tag\" style=\"line-height: 1.75;\">O estabelecimento abaixo foi revisado profissionalmente por nossos editores locais. Por isso, os recomendamos fortemente. <\/h4>         <\/div>\r\n      \n\n\n<div class=\"wp-block-citadela-blocks-spacer citadela-block-spacer\"><div class=\"inner-holder\" style=\"padding-top:20px\"><\/div><\/div>\n\n\n\n<h5 class=\"wp-block-heading\">O processo de revis\u00e3o do Nodengo<\/h5>\n\n\n\n<p>As informa\u00e7\u00f5es s\u00e3o genuinamente locais, uma vez que nossos\u00a0editores\u00a0s\u00e3o locais, n\u00e3o s\u00e3o coletadas por operadores estrangeiros que nunca visitaram a cidade sobre a qual informam os visitantes. Nossos editores moram na cidade sobre a qual escrevem \u2013 eles sabem disso, eles vivem isso<\/p>\n\n\n\n<p>Nossas avalia\u00e7\u00f5es s\u00e3o escritas e experimentadas por humanos, al\u00e9m disso, n\u00e3o s\u00e3o escritas por \u201cturista amador\u201d, nossos editores s\u00e3o profissionais de hospitalidade, conhecem o neg\u00f3cio e podem descrever e avaliar com precis\u00e3o esses estabelecimentos.<\/p>\n<\/div>\n\n\n\n<div class=\"wp-block-column is-layout-flow wp-block-column-is-layout-flow\" style=\"flex-basis:36%\">\n<figure class=\"wp-block-image size-medium is-style-default\"><img decoding=\"async\" width=\"236\" height=\"300\" src=\"https:\/\/nodengo.com\/wp-content\/uploads\/Woman-Approved-Stamp-236x300.jpg\" alt=\"avalia\u00e7\u00f5es\" class=\"wp-image-6984\" title=\"\" srcset=\"https:\/\/nodengo.com\/wp-content\/uploads\/Woman-Approved-Stamp-236x300.jpg 236w, https:\/\/nodengo.com\/wp-content\/uploads\/Woman-Approved-Stamp-118x150.jpg 118w, https:\/\/nodengo.com\/wp-content\/uploads\/Woman-Approved-Stamp-9x12.jpg 9w, https:\/\/nodengo.com\/wp-content\/uploads\/Woman-Approved-Stamp.jpg 590w\" sizes=\"(max-width: 236px) 100vw, 236px\" \/><\/figure>\n<\/div>\n<\/div>\n\n\n\n<p><em>Estas s\u00e3o as \u00faltimas revis\u00f5es mundiais de nossos editores, para obter mais informa\u00e7\u00f5es locais, visite o <a class=\"rank-math-link\" href=\"https:\/\/nodengo.com\/pt\/destino-turistico-2\/\">P\u00e1gina da cidade que voc\u00ea deseja<\/a> ou o Blog do Editor Local <\/em><\/p>\n\n\n\n<div class=\"wp-block-citadela-blocks-custom-container citadela-block-custom-container size-wide bg-type-color inside-space-none has-bg\" style=\"background-color:rgba(66, 75, 125, 1)\"><div class=\"inner-holder\">\n<p class=\"has-text-align-center has-white-color has-text-color has-link-color wp-elements-2124f557d88c38af5d46dc66678677cb\">Our apologies no reviews to be presented at this time &#8211;  Come back soon<\/p>\n\n\n        \r\n        <div class=\"wp-block-citadela-blocks ctdl-posts wp-block-citadela-blocks ctdl-posts grid-type-1 layout-box size-medium show-item-featured-image show-item-date show-item-description show-item-categories show-item-locations layout-box size-medium grid-type-1 border-thin show-item-featured-image show-item-categories show-item-locations\">\r\n            \r\n<div class=\"citadela-block-articles\">\r\n    <div class=\"citadela-block-articles-wrap\">\r\n\r\n        \r\n    <\/div>\r\n<\/div>        <\/div>\r\n        \r\n        <\/div><\/div>\n\n\n\n<div class=\"wp-block-citadela-blocks-spacer citadela-block-spacer responsive-options loading\" data-block-attr=\"{&quot;desktop&quot;:{&quot;height&quot;:&quot;45px&quot;},&quot;mobile&quot;:{&quot;height&quot;:&quot;200px&quot;}}\" data-block-mobile-breakpoint=\"600\"><div class=\"inner-holder\" style=\"padding-top:45px\"><\/div><\/div>\n\n\n\n<div class=\"wp-block-citadela-blocks-spacer citadela-block-spacer\"><div class=\"inner-holder\" style=\"padding-top:20px\"><\/div><\/div>\n\n\n\n<div class=\"wp-block-columns is-layout-flex wp-container-core-columns-is-layout-9d6595d7 wp-block-columns-is-layout-flex\">\n<div class=\"wp-block-column is-layout-flow wp-block-column-is-layout-flow\">\n<iframe style=\"border:0;height:250px;\" width=\"100%\" height=\"auto\" scrolling=\"no\" id=\"bsaIframe\" onload=\"bsaIframe()\" src=\"https:\/\/ads.nodengo.com\/api\/?id=7&amp;i=1\" if_empty=\"id=6\"> <\/iframe><script>function bsaIframe() { var iFrameID = document.getElementById('bsaIframe'); if(iFrameID) { iFrameID.height = iFrameID.contentWindow.document.body.scrollHeight + 'px'; } }<\/script>\n<\/div>\n\n\n\n<div class=\"wp-block-column is-layout-flow wp-block-column-is-layout-flow\">\n<iframe style=\"border:0;height:250px;\" width=\"100%\" height=\"auto\" scrolling=\"no\" id=\"bsaIframe\" onload=\"bsaIframe()\" src=\"https:\/\/ads.nodengo.com\/api\/?id=8&amp;i=1\" if_empty=\"id=7\"> <\/iframe><script>function bsaIframe() { var iFrameID = document.getElementById('bsaIframe'); if(iFrameID) { iFrameID.height = iFrameID.contentWindow.document.body.scrollHeight + 'px'; } }<\/script>\n<\/div>\n\n\n\n<div class=\"wp-block-column is-layout-flow wp-block-column-is-layout-flow\">\n<iframe style=\"border:0;height:250px;\" width=\"100%\" height=\"auto\" scrolling=\"no\" id=\"bsaIframe\" onload=\"bsaIframe()\" src=\"https:\/\/ads.nodengo.com\/api\/?id=9&amp;i=1\" if_empty=\"id=8\"> <\/iframe><script>function bsaIframe() { var iFrameID = document.getElementById('bsaIframe'); if(iFrameID) { iFrameID.height = iFrameID.contentWindow.document.body.scrollHeight + 'px'; } }<\/script>\n<\/div>\n<\/div>\n<\/div><\/div>\n\n\n\n<div class=\"wp-block-citadela-blocks-custom-container citadela-block-custom-container responsive-options loading-image size-content bg-type-image inside-space-none bg-size-auto has-bg has-overlay\" style=\"background-color:rgba(255, 255, 255, 0)\" data-block-attr=\"{&quot;backgroundImage&quot;:&quot;url(https:\/\/nodengo.com\/wp-content\/uploads\/stats-bg-right.png)&quot;,&quot;position&quot;:&quot;100% 100%&quot;}\" data-block-mobile-breakpoint=\"782\"><div class=\"bg-image-wrapper\" style=\"background-image:url(https:\/\/nodengo.com\/wp-content\/uploads\/stats-bg.png);background-repeat:no-repeat;background-position:50% 0%\"><\/div><div class=\"bg-image-overlay\" style=\"opacity:0.5\"><\/div><div class=\"inner-holder\" style=\"max-width:900px\">\n<div class=\"wp-block-citadela-blocks-spacer citadela-block-spacer responsive-options loading\" data-block-attr=\"{&quot;desktop&quot;:{&quot;height&quot;:&quot;30px&quot;},&quot;mobile&quot;:{&quot;height&quot;:&quot;4vw&quot;}}\" data-block-mobile-breakpoint=\"600\"><div class=\"inner-holder\" style=\"padding-top:30px\"><\/div><\/div>\n\n\n         <div \r\n            class=\"citadela-block-responsive-text weight-700 align-center\"\r\n                                 >\r\n            <h2 class=\"inner-tag\" style=\"font-weight: 700;\">Voc\u00ea est\u00e1 nas m\u00e3os certas<\/h2>         <\/div>\r\n      \n\n         <div \r\n            class=\"citadela-block-responsive-text weight-400 align-center\"\r\n                                 >\r\n            <p class=\"inner-tag\" style=\"font-size: 14px; font-weight: 400; line-height: 1.75;\"><strong><a aria-label=\"Promova seu estabelecimento no Nodengo.com (abre em uma nova aba)\" class=\"rank-math-link\" href=\"https:\/\/nodengo.com\/pt\/register-to-submit-your-items\/\" target=\"_blank\" rel=\"noreferrer noopener\">Promova seu estabelecimento no Nodengo.com<\/a><\/strong><br><a href=\"https:\/\/nodengo.com\/pt\/register-to-submit-your-items\/\" data-type=\"page\" data-id=\"2864\">Interessado?  <\/a><br><a href=\"https:\/\/nodengo.com\/pt\/-35\/-37\/\" data-type=\"page\" data-id=\"53486\" target=\"_blank\" rel=\"noreferrer noopener\">Fa\u00e7a uma avalia\u00e7\u00e3o profissional do seu estabelecimento<\/a><\/p>         <\/div>\r\n      \n\n\n<div class=\"wp-block-citadela-blocks-spacer citadela-block-spacer\"><div class=\"inner-holder\" style=\"padding-top:25px\"><\/div><\/div>\n\n\n\n<div class=\"wp-block-citadela-blocks-spacer citadela-block-spacer responsive-options loading\" data-block-attr=\"{&quot;desktop&quot;:{&quot;height&quot;:&quot;30px&quot;},&quot;mobile&quot;:{&quot;height&quot;:&quot;200px&quot;}}\" data-block-mobile-breakpoint=\"600\"><div class=\"inner-holder\" style=\"padding-top:30px\"><\/div><\/div>\n<\/div><\/div>\n\n\n\n<div class=\"wp-block-citadela-blocks-custom-container citadela-block-custom-container size-wide bg-type-color inside-space-none has-bg\" style=\"background-color:rgba(7, 11, 33, 1)\"><div class=\"inner-holder\">\n<div class=\"wp-block-citadela-blocks-spacer citadela-block-spacer responsive-options loading\" data-block-attr=\"{&quot;desktop&quot;:{&quot;height&quot;:&quot;30px&quot;},&quot;mobile&quot;:{&quot;height&quot;:&quot;4vw&quot;}}\" data-block-mobile-breakpoint=\"600\"><div class=\"inner-holder\" style=\"padding-top:30px\"><\/div><\/div>\n\n\n         <div \r\n            class=\"citadela-block-responsive-text weight-700 align-center\"\r\n                                 >\r\n            <h2 class=\"inner-tag\" style=\"font-weight: 700; color: #ffffff;\">Junte-se a estas empresas premium de sucesso<\/h2>         <\/div>\r\n      \n\n         <div \r\n            class=\"citadela-block-responsive-text weight-400 align-center\"\r\n                                 >\r\n            <p class=\"inner-tag\" style=\"font-size: 14px; font-weight: 400; line-height: 1.75; color: #f2f4f5;\">Reservamos um lugar para voc\u00ea<\/p>         <\/div>\r\n      \n\n\n<div class=\"wp-block-citadela-blocks-spacer citadela-block-spacer\"><div class=\"inner-holder\" style=\"padding-top:25px\"><\/div><\/div>\n\n\n\r\n        <div \r\n            class=\"wp-block-citadela-blocks ctdl-directory-items-list layout-box size-small grid-type-1 image-size-citadela_item_thumbnail image-position-center-center default-image-height show-item-featured-image show-item-subtitle border-none custom-text-color custom-decor-color custom-background-color custom-carousel-color use-carousel carousel-navigation carousel-pagination loading-content\"\r\n                        \t\r\n                            data-carousel=\"{&quot;pagination&quot;:true,&quot;navigation&quot;:true,&quot;autoplay&quot;:true,&quot;autoHeight&quot;:false,&quot;autoplayDelay&quot;:3,&quot;loop&quot;:true}\"\r\n                        >\r\n            \r\n                            <div class=\"citadela-loader\">\r\n                    <div class=\"inner-wrapper\">\r\n                        <i class=\"fas fa-circle-notch fa-spin\"><\/i>\r\n                    <\/div>\r\n                <\/div>\r\n            \r\n            \r\n            <div class=\"citadela-block-articles swiper-container\">\r\n               \r\n                <div class=\"citadela-block-articles-wrap swiper-wrapper\">\r\n                \r\n<article class=\"citadela-article featured has-thumbnail swiper-slide\">\r\n\r\n\t<div class=\"item-content\" style=\"background-color: rgba(31, 28, 49, 1);color: #ffffff;\">\r\n\t\t\t\t<div class=\"item-thumbnail\" style=\"color: #9895ac;\">\r\n\t\t\t<a href=\"https:\/\/nodengo.com\/pt\/item\/le-ginevra\/\">\r\n\t\t\t\t<img decoding=\"async\" class=\"item-image\" src=\"https:\/\/nodengo.com\/wp-content\/uploads\/Le_Ginebra-640x480.jpg\" width=\"640\" height=\"480\" srcset=\"https:\/\/nodengo.com\/wp-content\/uploads\/Le_Ginebra-640x480.jpg 640w, https:\/\/nodengo.com\/wp-content\/uploads\/Le_Ginebra-480x360.jpg 480w\" sizes=\"(max-width: 640px) 100vw, 640px\" alt=\"Le Ginevra Restaurant\" style=\"\" title=\"\">\r\n\t\t\t<\/a>\r\n\t\t<\/div>\r\n\t\t\r\n\t\t<div class=\"item-body\">\r\n\t\t\t<div class=\"item-title\">\r\n\t\t\t\t<a href=\"https:\/\/nodengo.com\/pt\/item\/le-ginevra\/\">\r\n\t\t\t\t\t<div class=\"item-title-wrap\">\r\n\t\t\t\t\t\t<div class=\"post-title\">Le Ginevra Restaurant<\/div>\r\n\t\t\t\t\t\t\t\t\t\t\t<\/div>\r\n\t\t\t\t<\/a>\r\n\t\t\t<\/div>\r\n\t\t\t\r\n\t\t\t\r\n\t\t\t\t\t\t<div class=\"item-footer\" style=\"\">\r\n\t\t\t\t\t\t\t\t\t\t\t\t\t\t\t\t\t\t\t<\/div>\r\n\t\t<\/div>\r\n\t<\/div>\r\n\r\n<\/article>\r\n\r\n\r\n                <\/div>\r\n\r\n                                \r\n            <\/div>\r\n            \r\n                                                <div class=\"carousel-navigation-wrapper\" style=\"color: #47445c;\">\r\n                        <div class=\"carousel-button-prev\"><i class=\"fas fa-chevron-left\"><\/i><\/div>\r\n                        <div class=\"carousel-button-next\"><i class=\"fas fa-chevron-right\"><\/i><\/div>\r\n                    <\/div>\r\n                                                    <div class=\"carousel-pagination-wrapper\" style=\"color: #47445c;\"><\/div>\r\n                \r\n                        \r\n        <\/div>\r\n        \n\n\n<div class=\"wp-block-citadela-blocks-spacer citadela-block-spacer responsive-options loading\" data-block-attr=\"{&quot;desktop&quot;:{&quot;height&quot;:&quot;70px&quot;},&quot;mobile&quot;:{&quot;height&quot;:&quot;8vw&quot;}}\" data-block-mobile-breakpoint=\"600\"><div class=\"inner-holder\" style=\"padding-top:70px\"><\/div><\/div>\n<\/div><\/div>\n\n\n\n<div class=\"wp-block-citadela-blocks-spacer citadela-block-spacer\"><div class=\"inner-holder\" style=\"padding-top:20px\"><\/div><\/div>\n\n\n\n<div class=\"wp-block-citadela-blocks-spacer citadela-block-spacer negative-height\"><div class=\"inner-holder\" style=\"margin-top:-6em\"><\/div><\/div>","protected":false},"excerpt":{"rendered":"","protected":false},"author":1,"featured_media":0,"parent":0,"menu_order":0,"comment_status":"closed","ping_status":"closed","template":"","meta":{"_uag_custom_page_level_css":"","_citadela_hide_page_title":"1","_citadela_remove_header_space":"1","_citadela_custom_class":"","_citadela_half_map_provider":"","_citadela_half_map_theme":"","_citadela_half_map_themeOSM":"","_citadela_half_map_customTheme":"","_citadela_half_map_dataType":"","_citadela_half_map_dynamicTrack":false,"_citadela_half_map_trackColor":"","_citadela_half_map_trackEndpointsColor":"","_citadela_half_map_filterCategory":"","_citadela_half_map_filterLocation":"","_citadela_half_map_filterFeatured":false,"_citadela_half_map_noDataBehavior":"empty-map","_citadela_half_map_noDataText":"","_citadela_half_map_clusterGridSize":80,"_citadela_header":false,"_citadela_header_over_content":false,"_citadela_header_text_color":"","_citadela_header_logo":[],"_citadela_header_bg_image":[],"_citadela_header_bg_position":{"x":0.5,"y":0.5},"_citadela_header_bg_size":"cover","_citadela_header_bg_repeat":"no-repeat","_citadela_header_bg_fixed":false,"_citadela_header_bg_color":"","_citadela_header_bg_image_overlay":"","_citadela_header_transparent_bg":false,"_citadela_content_width":"wide","_citadela_half_layout_position":"","footnotes":""},"class_list":["post-6982","page","type-page","status-publish","hentry"],"uagb_featured_image_src":{"full":false,"thumbnail":false,"medium":false,"medium_large":false,"large":false,"1536x1536":false,"2048x2048":false,"trp-custom-language-flag":false,"citadela_item_thumbnail":false,"woocommerce_thumbnail":false,"woocommerce_single":false,"woocommerce_gallery_thumbnail":false,"citadela_service":false},"uagb_author_info":{"display_name":"admin","author_link":"https:\/\/nodengo.com\/pt\/author\/admin\/"},"uagb_comment_info":0,"uagb_excerpt":null,"_links":{"self":[{"href":"https:\/\/nodengo.com\/pt\/wp-json\/wp\/v2\/pages\/6982","targetHints":{"allow":["GET"]}}],"collection":[{"href":"https:\/\/nodengo.com\/pt\/wp-json\/wp\/v2\/pages"}],"about":[{"href":"https:\/\/nodengo.com\/pt\/wp-json\/wp\/v2\/types\/page"}],"author":[{"embeddable":true,"href":"https:\/\/nodengo.com\/pt\/wp-json\/wp\/v2\/users\/1"}],"replies":[{"embeddable":true,"href":"https:\/\/nodengo.com\/pt\/wp-json\/wp\/v2\/comments?post=6982"}],"version-history":[{"count":0,"href":"https:\/\/nodengo.com\/pt\/wp-json\/wp\/v2\/pages\/6982\/revisions"}],"wp:attachment":[{"href":"https:\/\/nodengo.com\/pt\/wp-json\/wp\/v2\/media?parent=6982"}],"curies":[{"name":"wp","href":"https:\/\/api.w.org\/{rel}","templated":true}]}}