{"id":6421,"date":"2021-03-10T17:57:43","date_gmt":"2021-03-10T16:57:43","guid":{"rendered":"https:\/\/nodengo.com\/?page_id=6421"},"modified":"2025-12-09T16:36:14","modified_gmt":"2025-12-09T15:36:14","slug":"destino-turistico-2","status":"publish","type":"page","link":"https:\/\/nodengo.com\/pt\/destination\/","title":{"rendered":"Melhor destino"},"content":{"rendered":"<div style=\"height:14px\" aria-hidden=\"true\" class=\"wp-block-spacer\"><\/div>\n\n\n\t\t\t<!-- Flexy Breadcrumb -->\r\n\t\t\t<div class=\"fbc fbc-page\">\r\n\r\n\t\t\t\t<!-- Breadcrumb wrapper -->\r\n\t\t\t\t<div class=\"fbc-wrap\">\r\n\r\n\t\t\t\t\t<!-- Ordered list-->\r\n\t\t\t\t\t<ol class=\"fbc-items\" itemscope itemtype=\"https:\/\/schema.org\/BreadcrumbList\">\r\n\t\t\t\t\t\t            <li itemprop=\"itemListElement\" itemscope itemtype=\"https:\/\/schema.org\/ListItem\">\r\n                <span itemprop=\"name\">\r\n                    <!-- Home Link -->\r\n                    <a itemprop=\"item\" href=\"https:\/\/nodengo.com\/pt\/\">\r\n                    \r\n                                                    <i class=\"fa fa-home\" aria-hidden=\"true\"><\/i>Home                    <\/a>\r\n                <\/span>\r\n                <meta itemprop=\"position\" content=\"1\" \/><!-- Meta Position-->\r\n             <\/li><li><span class=\"fbc-separator\">\/<\/span><\/li><li class=\"active\" itemprop=\"itemListElement\" itemscope itemtype=\"https:\/\/schema.org\/ListItem\"><span itemprop=\"name\" title=\"Best Travel Blog\">Best Travel Blog<\/span><meta itemprop=\"position\" content=\"2\" \/><\/li>\t\t\t\t\t<\/ol>\r\n\t\t\t\t\t<div class=\"clearfix\"><\/div>\r\n\t\t\t\t<\/div>\r\n\t\t\t<\/div>\r\n\t\t\t\n\n\n\n<div class=\"wp-block-citadela-blocks-custom-container citadela-block-custom-container size-wide bg-type-image inside-space-none bg-size-cover has-overlay has-min-height vertical-align-top\" style=\"min-height:450px\"><div class=\"bg-image-wrapper\" style=\"background-image:url(https:\/\/nodengo.com\/wp-content\/uploads\/awesome.jpg);background-repeat:no-repeat;background-position:59% 34%\"><\/div><div class=\"bg-image-overlay\" style=\"opacity:0.15\"><\/div><div class=\"inner-holder\">\n<h2 class=\"wp-block-heading has-text-align-center has-text-color\" style=\"color:#512929;font-size:43px\">NODENGO - DESTINO<\/h2>\n\n\n\r\n        <div class=\"wp-block-citadela-blocks ctdl-directory-search-form border-thin shadow-default align-center\">\r\n            <div class=\"citadela-block-form search-form-component-container\" style=\"\" data-action=\"&quot;https:\\\/\\\/nodengo.com\\\/pt\\\/&quot;\"data-post-type=\"citadela-item\"data-category-taxonomy=\"citadela-item-category\"data-location-taxonomy=\"citadela-item-location\">\r\n            <\/div>\r\n                    <\/div>\r\n\r\n        <\/div><\/div>\n\n\n\n<div class=\"wp-block-citadela-blocks-spacer citadela-block-spacer negative-height\"><div class=\"inner-holder\" style=\"margin-top:-5em\"><\/div><\/div>\n\n\n\n<div class=\"wp-block-citadela-blocks-custom-container citadela-block-custom-container size-wide bg-type-none inside-space-none\"><div class=\"inner-holder\">\n<div class=\"wp-block-columns is-layout-flex wp-container-core-columns-is-layout-9d6595d7 wp-block-columns-is-layout-flex\">\n<div class=\"wp-block-column is-layout-flow wp-block-column-is-layout-flow\" style=\"flex-basis:33.33%\">\n<figure class=\"wp-block-image size-large\"><img decoding=\"async\" width=\"629\" height=\"437\" src=\"https:\/\/nodengo.com\/wp-content\/uploads\/world_map.jpg\" alt=\"destino\" class=\"wp-image-7961\" title=\"\" srcset=\"https:\/\/nodengo.com\/wp-content\/uploads\/world_map.jpg 629w, https:\/\/nodengo.com\/wp-content\/uploads\/world_map-150x104.jpg 150w, https:\/\/nodengo.com\/wp-content\/uploads\/world_map-300x208.jpg 300w, https:\/\/nodengo.com\/wp-content\/uploads\/world_map-16x12.jpg 16w\" sizes=\"(max-width: 629px) 100vw, 629px\" \/><\/figure>\n\n\n\n<p class=\"has-small-font-size\">\u00c9 poss\u00edvel que a p\u00e1gina de uma cidade n\u00e3o esteja dispon\u00edvel, pois talvez ainda n\u00e3o tenhamos um editor para essa cidade espec\u00edfica.<\/p>\n<\/div>\n\n\n\n<div class=\"wp-block-column is-layout-flow wp-block-column-is-layout-flow\" style=\"flex-basis:66.66%\">\n<p class=\"has-text-align-center has-black-color has-text-color has-link-color has-large-font-size wp-elements-27160f32e5d47b01ad4eee0451e24f86\">ESCOLHA SEU DESTINO<\/p>\n\n\n\n<div style=\"height:14px\" aria-hidden=\"true\" class=\"wp-block-spacer\"><\/div>\n\n\n\n<p class=\"has-text-align-center\" id=\"asia\"><a href=\"#africa\" data-type=\"internal\" data-id=\"#africa\">\u00c1FRICA<\/a> &#8211; <a href=\"#asia\">\u00c1SIA<\/a> &#8211; <a href=\"#caribbean\">CARIBE<\/a> &#8211; <a href=\"#americas\">AM\u00c9RICAS<\/a> &#8211; <a href=\"#europe\">EUROPA<\/a> &#8211; <a href=\"#oceania\">OCE\u00c2NIA<\/a><\/p>\n\n\n\n<p class=\"has-white-background-color has-background has-medium-font-size\">Voc\u00ea j\u00e1 sabe para onde e quando quer viajar, basta reservar sua viagem conosco. <br>Se voc\u00ea busca informa\u00e7\u00f5es sobre o melhor lugar para passar suas f\u00e9rias, informa\u00e7\u00f5es sobre atividades e coisas para fazer em seu destino ou obter recomenda\u00e7\u00f5es de nossos editores locais. Estamos focados em ajud\u00e1-lo a encontrar as f\u00e9rias perfeitas pelo pre\u00e7o perfeito.<br> We are focused on helping you find the the perfect vacation at the perfect price.<\/p>\n<\/div>\n<\/div>\n\n\n\n<div class=\"wp-block-citadela-blocks-custom-container citadela-block-custom-container size-wide bg-type-none inside-space-none\"><div class=\"inner-holder\">\n<div class=\"wp-block-uagb-tabs uagb-block-0eeeff5c uagb-tabs__wrap uagb-tabs__hstyle2-desktop uagb-tabs__vstyle6-tablet uagb-tabs__stack1-mobile\" data-tab-active=\"0\"><ul class=\"uagb-tabs__panel uagb-tabs__align-center\" role=\"tablist\"><li class=\"uagb-tab uagb-tabs__active\" role=\"none\"><a href=\"#uagb-tabs__tab0\" class=\"uagb-tabs-list uagb-tabs__icon-position-left\" data-tab=\"0\" role=\"tab\"><div>Hot\u00e9is<\/div><\/a><\/li><li class=\"uagb-tab\" role=\"none\"><a href=\"#uagb-tabs__tab1\" class=\"uagb-tabs-list uagb-tabs__icon-position-left\" data-tab=\"1\" role=\"tab\"><div>Voos<\/div><\/a><\/li><li class=\"uagb-tab\" role=\"none\"><a href=\"#uagb-tabs__tab2\" class=\"uagb-tabs-list uagb-tabs__icon-position-left\" data-tab=\"2\" role=\"tab\"><div>Cars<\/div><\/a><\/li><li class=\"uagb-tab\" role=\"none\"><a href=\"#uagb-tabs__tab3\" class=\"uagb-tabs-list uagb-tabs__icon-position-left\" data-tab=\"3\" role=\"tab\"><div>Transfer\u00eancia<\/div><\/a><\/li><\/ul><div class=\"uagb-tabs__body-wrap\">\n<div class=\"wp-block-uagb-tabs-child uagb-tabs__body-container uagb-inner-tab-0\" aria-labelledby=\"uagb-tabs__tab0\">\n<p><strong>Pesquisar hot\u00e9is com desconto<\/strong><\/p>\n\n\n\n\n\n\n\n\n\n<script async src=\"https:\/\/tpwgts.com\/content?trs=32252&#038;shmarker=246395&#038;lang=www&#038;layout=S10391&#038;powered_by=true&#038;campaign_id=121&#038;promo_id=4038\" charset=\"utf-8\"><\/script>\n\n<\/div>\n\n\n\n<div class=\"wp-block-uagb-tabs-child uagb-tabs__body-container uagb-inner-tab-1\" aria-labelledby=\"uagb-tabs__tab1\">\n<p><strong>Encontre voos baratos para o seu destino<\/strong>.<\/p>\n\n\n\n\n\n\n\n\n\n\n<script async src=\"https:\/\/tpwgts.com\/content?currency=gbp&#038;trs=32252&#038;shmarker=246395&#038;show_hotels=false&#038;powered_by=true&#038;locale=pt&#038;searchUrl=search.jetradar.com&#038;primary_override=%2332a8dd&#038;color_button=%2392CE52&#038;color_icons=%2332a8dd&#038;dark=%23262626&#038;light=%23FFFFFF&#038;secondary=%23FFFFFF&#038;special=%23C4C4C4&#038;color_focused=%2332a8dd&#038;border_radius=0&#038;no_labels=&#038;plain=true&#038;promo_id=7879&#038;campaign_id=100\" charset=\"utf-8\"><\/script>\n<\/div>\n\n\n\n<div class=\"wp-block-uagb-tabs-child uagb-tabs__body-container uagb-inner-tab-2\" aria-labelledby=\"uagb-tabs__tab2\">\n\n\n\n\n\n<script async src=\"https:\/\/tpwgts.com\/content?currency=eur&#038;trs=32252&#038;shmarker=246395&#038;locale=pt&#038;powered_by=true&#038;bg_color=%23FFFFFf&#038;font_color=%23333333&#038;button_color=%2300a200&#038;button_font_color=%23ffffff&#038;button_text=Search&#038;rounded_corners=false&#038;benefits=true&#038;dc_powered_by=false&#038;supplier_logos=false&#038;campaign_id=117&#038;promo_id=3873\" charset=\"utf-8\"><\/script>\n\n\n<\/div>\n\n\n\n<div class=\"wp-block-uagb-tabs-child uagb-tabs__body-container uagb-inner-tab-3\" aria-labelledby=\"uagb-tabs__tab3\">\n<p class=\"has-small-font-size\" style=\"font-style:normal;font-weight:600\">Evite o inc\u00f4modo de esperar em filas de t\u00e1xi ao chegar e opte por uma transfer\u00eancia conveniente e confort\u00e1vel em ve\u00edculo particular. Organize antecipadamente o seu transfer para o seu hotel ou centro da cidade e minimize o estresse da sua chegada<\/p>\n\n\n\n\n\n\n\n\n\n<script async src=\"https:\/\/c1.travelpayouts.com\/content?currency=EUR&#038;trs=106513&#038;shmarker=246395&#038;locale=pt&#038;powered_by=true&#038;transfer_options_limit=4&#038;disable_currency_selector=false&#038;hide_form_extras=false&#038;hide_external_links=false&#038;promo_id=3879\" charset=\"utf-8\" async=\"true\"><\/script>\n\n<\/div>\n<\/div><\/div>\n<\/div><\/div>\n\n\n\n<p class=\"has-text-align-center has-small-font-size\">Voc\u00ea est\u00e1 interessado em se tornar o <a type=\"page\" id=\"54050\" href=\"https:\/\/nodengo.com\/pt\/-27\/-23\/geneva-reviews-gva\/\"><strong>Editor<\/strong><\/a> ? ou voc\u00ea deseja publicar seu <a type=\"page\" id=\"2864\" href=\"https:\/\/nodengo.com\/pt\/-2\/\"><strong><strong>estabelecimento<\/strong><\/strong><\/a><\/p>\n<\/div><\/div>\n\n\n\n<div class=\"wp-block-citadela-blocks-custom-container citadela-block-custom-container size-wide bg-type-none inside-space-none\"><div class=\"inner-holder\">\n<hr class=\"wp-block-separator has-css-opacity\"\/>\n\n\n\n<div class=\"wp-block-group\"><div class=\"wp-block-group__inner-container is-layout-flow wp-block-group-is-layout-flow\">\n<h2 class=\"wp-block-heading\" id=\"africa\"><a href=\"https:\/\/nodengo.com\/pt\/paises-africanos\/\" class=\"rank-math-link\"><strong>\u00c1frica<\/strong><\/a><\/h2>\n\n\n\n<p><a href=\"https:\/\/nodengo.com\/pt\/placeholder\/\">Argelia | Angola | Benin | Botswana | Burkina Faso | Burundi | Camer\u00fan | Cabo Verde | Rep\u00fablica Centroafricana | Chad | Comoras | Congo | Rep\u00fablica Democr\u00e1tica del Congo | Djibouti | Egipto | Guinea Ecuatorial | Eritrea | Etiop\u00eda | Gabon | Gambia | Ghana | Guinea | Guinea-Bissau | Costa de Marfil | Kenia | Lesotho | Liberia | Libia | Madagascar | Malawi | Mal\u00ed | Mauritania | Mauricio | Mayotte | Marruecos | Mozambique | Namibia | N\u00edger | Nigeria | Reuni\u00f3n | Ruanda | Senegal | Seychelles | Sierra Leona | Somalia | Sud\u00e1frica | Sud\u00e1n del Sur | Swazilandia | Santo Tom\u00e9 y Pr\u00edncipe | Tanzania | Togo | T\u00fanez | Uganda | Zambia | Zimbabue<\/a><\/p>\n<\/div><\/div>\n<\/div><\/div>\n\n\n\n<div class=\"wp-block-citadela-blocks-custom-container citadela-block-custom-container size-wide bg-type-none inside-space-none\"><div class=\"inner-holder\">\n<hr class=\"wp-block-separator has-css-opacity\"\/>\n\n\n\n<div class=\"wp-block-group\"><div class=\"wp-block-group__inner-container is-layout-flow wp-block-group-is-layout-flow\">\n<h2 class=\"wp-block-heading\" id=\"americas\"><a href=\"https:\/\/nodengo.com\/pt\/-21\/\" class=\"rank-math-link\"><strong>Am\u00e9ricas<\/strong><\/a><\/h2>\n\n\n\n<p><strong>Am\u00e9rica do Norte<\/strong><br><a href=\"https:\/\/nodengo.com\/pt\/placeholder\/\">Canad\u00e1<\/a>|&nbsp;<a href=\"https:\/\/nodengo.com\/pt\/placeholder\/\" type=\"page\" id=\"70879\">M\u00e9xico<\/a> |<a href=\"https:\/\/nodengo.com\/pt\/-5\/\"><strong> Estados Unidos da Am\u00e9rica <\/strong><\/a><\/p>\n\n\n\n<p><strong>Am\u00e9rica Central<\/strong><br><a href=\"https:\/\/nodengo.com\/pt\/placeholder\/\">Belize | Costa Rica | El Salvador | Guatemala | Honduras | Nicar\u00e1gua | Panam\u00e1<\/a><\/p>\n\n\n\n<p><strong>Am\u00e9rica do Sul<\/strong><br><a href=\"https:\/\/nodengo.com\/pt\/placeholder\/\">Argentina | Bol\u00edvia | Brasil | Chile | Col\u00f4mbia | Equador | Ilhas Malvinas (Malvinas) | Guiana Francesa | Guiana | Paraguai | Peru | Suriname | Uruguai | Venezuela<\/a><\/p>\n<\/div><\/div>\n<\/div><\/div>\n\n\n\n<div class=\"wp-block-citadela-blocks-custom-container citadela-block-custom-container size-wide bg-type-none inside-space-none\"><div class=\"inner-holder\">\n<hr class=\"wp-block-separator has-css-opacity\"\/>\n\n\n\n<div class=\"wp-block-group\"><div class=\"wp-block-group__inner-container is-layout-flow wp-block-group-is-layout-flow\">\n<h2 class=\"wp-block-heading\" id=\"asia\"><a href=\"https:\/\/nodengo.com\/pt\/-9\/\" class=\"rank-math-link\"><strong>\u00c1sia<\/strong><\/a><\/h2>\n\n\n\n<div class=\"wp-block-group\"><div class=\"wp-block-group__inner-container is-layout-flow wp-block-group-is-layout-flow\">\n<p><a href=\"https:\/\/nodengo.com\/pt\/placeholder\/\" class=\"rank-math-link\"><\/a><a href=\"https:\/\/nodengo.com\/pt\/placeholder\/\" class=\"rank-math-link\">Afganist\u00e1n | Arm\u00eania | Azerbaiy\u00e1n | Bahr\u00e9in | Bangladesh | But\u00e1n | Brunei | Camboya | China | Ge\u00f3rgia Hong Kong | \u00cdndia |<\/a> <strong><a href=\"https:\/\/nodengo.com\/pt\/indonesia\/\" target=\"_blank\" aria-label=\"Indon\u00e9sia\" rel=\"noreferrer noopener\" class=\"rank-math-link\">Indon\u00e9sia<\/a><\/strong> | <a href=\"https:\/\/nodengo.com\/pt\/placeholder\/\" class=\"rank-math-link\">Iran | Iraque | Israel | Jap\u00e3o | Jordan | Cazaquist\u00e3o | Kuwait | Quirguist\u00e3o | | Laos | L\u00edbano | Macau | Mal\u00e1sia | Mong\u00f3lia | Nepal | Om\u00e3 | Paquist\u00e3o | Territ\u00f3rio Palestino | Papua Nova Guin\u00e9 | Filipinas | Qatar | Ar\u00e1bia Saudita | Singapura | Coreia do Sul | Sri Lanka | S\u00edria | Taiwan | Tajiquist\u00e3o | Tail\u00e2ndia | Turcomenist\u00e3o | Emirados \u00c1rabes Unidos | Uzbequist\u00e3o | Vietn\u00e3<\/a><\/p>\n<\/div><\/div>\n<\/div><\/div>\n<\/div><\/div>\n\n\n\n<div class=\"wp-block-citadela-blocks-custom-container citadela-block-custom-container size-wide bg-type-none inside-space-none\"><div class=\"inner-holder\">\n<hr class=\"wp-block-separator has-css-opacity\"\/>\n\n\n\n<div class=\"wp-block-group\"><div class=\"wp-block-group__inner-container is-layout-flow wp-block-group-is-layout-flow\">\n<h2 class=\"wp-block-heading\" id=\"caribbean\"><strong><a href=\"https:\/\/nodengo.com\/pt\/caribbean\/\" class=\"rank-math-link\">Caribenho<\/a><\/strong><\/h2>\n\n\n\n<div class=\"wp-block-group\"><div class=\"wp-block-group__inner-container is-layout-flow wp-block-group-is-layout-flow\">\n<p><a href=\"https:\/\/nodengo.com\/pt\/placeholder\/\">Anguilla | Antigua &amp; Barbuda | Aruba | Bahamas | Barbados | Bermuda | Bonaire | St. Eustatius and Saba | British Virgin Islands | Cayman Islands | Cuba | Cura\u00e7ao | Dominica |<\/a> <strong><a href=\"https:\/\/nodengo.com\/pt\/unforgettable-dominican-republic\/\" data-type=\"page\" data-id=\"13021\">Rep\u00fablica Dominicana<\/a> <\/strong>| <a href=\"https:\/\/nodengo.com\/pt\/placeholder\/\">Grenada | Guadalupe | Haiti | Jamaica | Martinica | Montserrat | Puerto Rico | Saint Barts | S\u00e3o Crist\u00f3v\u00e3o e Neves | Santa L\u00facia | Saint Martin | S\u00e3o Vicente e Granadinas | Santa Helena | St. Maarten | Trinidad e Tobago | Ilhas Turks e Caicos | Ilhas Virgens Americanas<\/a><\/p>\n<\/div><\/div>\n<\/div><\/div>\n<\/div><\/div>\n\n\n\n<div class=\"wp-block-citadela-blocks-custom-container citadela-block-custom-container size-wide bg-type-none inside-space-none\"><div class=\"inner-holder\">\n<hr class=\"wp-block-separator has-css-opacity\"\/>\n\n\n\n<div class=\"wp-block-group\"><div class=\"wp-block-group__inner-container is-layout-flow wp-block-group-is-layout-flow\">\n<h2 class=\"wp-block-heading\" id=\"europe\"><strong><a class=\"rank-math-link\" href=\"https:\/\/nodengo.com\/pt\/-10\/\">Europa<\/a><\/strong><\/h2>\n\n\n\n<div class=\"wp-block-group\"><div class=\"wp-block-group__inner-container is-layout-flow wp-block-group-is-layout-flow\">\n<p><a href=\"https:\/\/nodengo.com\/pt\/placeholder\/\"><\/a><a href=\"https:\/\/nodengo.com\/pt\/placeholder\/\">Abkhazia<\/a>&nbsp;|&nbsp;<a href=\"https:\/\/nodengo.com\/pt\/placeholder\/\">Albania<\/a>&nbsp;|&nbsp;<a href=\"https:\/\/nodengo.com\/pt\/placeholder\/\">Andorra<\/a>&nbsp;|<a href=\"https:\/\/nodengo.com\/pt\/placeholder\/\">Armenia<\/a>&nbsp;|&nbsp;<a href=\"https:\/\/nodengo.com\/pt\/-8\/\">\u00c1ustria<\/a>&nbsp;|&nbsp;<a href=\"https:\/\/nodengo.com\/pt\/placeholder\/\">Azerbaijan<\/a>&nbsp;|&nbsp;<a href=\"https:\/\/nodengo.com\/pt\/placeholder\/\">Belarus<\/a>&nbsp;|&nbsp;<a href=\"https:\/\/nodengo.com\/pt\/-17\/\">B\u00e9lgica<\/a>&nbsp;|&nbsp;<a href=\"https:\/\/nodengo.com\/pt\/placeholder\/\">Bosnia and Herzegovina<\/a>&nbsp;|&nbsp;<a href=\"https:\/\/nodengo.com\/pt\/placeholder\/\">Bulgaria<\/a>&nbsp;|<a href=\"https:\/\/nodengo.com\/pt\/placeholder\/\">&nbsp;Crimea<\/a>&nbsp;|&nbsp;<a href=\"https:\/\/nodengo.com\/pt\/placeholder\/\">Croatia<\/a>&nbsp;|&nbsp;<a href=\"https:\/\/nodengo.com\/pt\/placeholder\/\">Cyprus<\/a>&nbsp;|&nbsp;<a href=\"https:\/\/nodengo.com\/pt\/placeholder\/\">Czech Republic<\/a>&nbsp;|&nbsp;<a href=\"https:\/\/nodengo.com\/pt\/placeholder\/\">Denmark<\/a>&nbsp;|&nbsp;<a href=\"https:\/\/nodengo.com\/pt\/placeholder\/\">Estonia<\/a>&nbsp;|&nbsp;<a href=\"https:\/\/nodengo.com\/pt\/placeholder\/\">Faroe Islands<\/a>&nbsp;|<a href=\"https:\/\/nodengo.com\/pt\/placeholder\/\">&nbsp;Finland<\/a>&nbsp;|&nbsp;<a href=\"https:\/\/nodengo.com\/pt\/placeholder\/\" type=\"page\" id=\"70879\">Fran\u00e7a<\/a>&nbsp;|&nbsp;<a href=\"https:\/\/nodengo.com\/pt\/placeholder\/\">Georgia<\/a>&nbsp;|&nbsp;<a href=\"https:\/\/nodengo.com\/pt\/placeholder\/\" type=\"page\" id=\"70879\">Alemanha<\/a>&nbsp;|<a href=\"https:\/\/nodengo.com\/pt\/placeholder\/\">&nbsp;Gibraltar<\/a>&nbsp;|&nbsp;<a href=\"https:\/\/nodengo.com\/pt\/placeholder\/\" type=\"page\" id=\"70879\">Gr\u00e9cia<\/a>&nbsp;|&nbsp;<a href=\"https:\/\/nodengo.com\/pt\/placeholder\/\">Greenland<\/a>&nbsp;|&nbsp;<a href=\"https:\/\/nodengo.com\/pt\/placeholder\/\">Hungary<\/a>&nbsp;|&nbsp;<a href=\"https:\/\/nodengo.com\/pt\/placeholder\/\">Iceland<\/a>&nbsp;|&nbsp;<a href=\"https:\/\/nodengo.com\/pt\/placeholder\/\">Ireland<\/a>&nbsp;|&nbsp;<a href=\"https:\/\/nodengo.com\/pt\/placeholder\/\">Isle of Man<\/a>&nbsp;|&nbsp;<a href=\"https:\/\/nodengo.com\/pt\/placeholder\/\" type=\"page\" id=\"70879\">It\u00e1lia<\/a>&nbsp;|&nbsp;<a href=\"https:\/\/nodengo.com\/pt\/placeholder\/\">Kosovo<\/a>&nbsp;|<a href=\"https:\/\/nodengo.com\/pt\/placeholder\/\">&nbsp;Latvia<\/a>&nbsp;|&nbsp;<a href=\"https:\/\/nodengo.com\/pt\/placeholder\/\">Liechtenstein<\/a>&nbsp;|&nbsp;<a class=\"rank-math-link\" href=\"https:\/\/nodengo.com\/pt\/placeholder\/\">Lithuania |<\/a>&nbsp;<a class=\"rank-math-link\" href=\"https:\/\/nodengo.com\/pt\/placeholder\/\">Luxembourg<\/a>&nbsp;|&nbsp;<a class=\"rank-math-link\" href=\"https:\/\/nodengo.com\/pt\/placeholder\/\">Malta<\/a>&nbsp;|&nbsp;<a class=\"rank-math-link\" href=\"https:\/\/nodengo.com\/pt\/placeholder\/\">Moldova<\/a>&nbsp;|&nbsp;<a class=\"rank-math-link\" href=\"https:\/\/nodengo.com\/pt\/placeholder\/\">Monaco<\/a>&nbsp;|<a class=\"rank-math-link\" href=\"https:\/\/nodengo.com\/pt\/placeholder\/\">&nbsp;Montenegro<\/a>&nbsp;|&nbsp;<a class=\"rank-math-link\" href=\"https:\/\/nodengo.com\/pt\/placeholder\/\">Netherlands<\/a>&nbsp;|&nbsp;<a class=\"rank-math-link\" href=\"https:\/\/nodengo.com\/pt\/placeholder\/\">North Macedonia<\/a>&nbsp;|&nbsp;<a href=\"https:\/\/nodengo.com\/pt\/placeholder\/\">Norway<\/a>&nbsp;|&nbsp;<a href=\"https:\/\/nodengo.com\/pt\/placeholder\/\">Poland<\/a>&nbsp;|&nbsp;<a href=\"https:\/\/nodengo.com\/pt\/placeholder\/\" type=\"page\" id=\"70879\">Portuga<\/a>l&nbsp;|&nbsp;<a href=\"https:\/\/nodengo.com\/pt\/placeholder\/\" type=\"page\" id=\"70879\">Romania<\/a>&nbsp;|&nbsp;<a href=\"https:\/\/nodengo.com\/pt\/placeholder\/\">Russia<\/a>&nbsp;|&nbsp;<a href=\"https:\/\/nodengo.com\/pt\/placeholder\/\">San Marino<\/a>&nbsp;|&nbsp;<a href=\"https:\/\/nodengo.com\/pt\/placeholder\/\">Serbia<\/a>&nbsp;|&nbsp;<a href=\"https:\/\/nodengo.com\/pt\/placeholder\/\">Slovakia<\/a>&nbsp;|<a href=\"https:\/\/nodengo.com\/pt\/placeholder\/\" type=\"page\" id=\"70879\">&nbsp;Eslov\u00eania<\/a>&nbsp;|<a href=\"https:\/\/nodengo.com\/pt\/placeholder\/\" type=\"page\" id=\"70879\">&nbsp;Spain<\/a>&nbsp;|&nbsp;<a href=\"https:\/\/nodengo.com\/pt\/placeholder\/\">Sweden<\/a>&nbsp;|&nbsp;<a href=\"https:\/\/nodengo.com\/pt\/-27\/\"><strong>Su\u00ed\u00e7a<\/strong><\/a>&nbsp;|&nbsp;<a href=\"https:\/\/nodengo.com\/pt\/placeholder\/\">Turkey<\/a>&nbsp;|&nbsp;<a href=\"https:\/\/nodengo.com\/pt\/placeholder\/\">Ukraine<\/a>&nbsp;|&nbsp;<a href=\"https:\/\/nodengo.com\/pt\/placeholder\/\" type=\"page\" id=\"70879\">Reino Unido<\/a><\/p>\n<\/div><\/div>\n<\/div><\/div>\n<\/div><\/div>\n\n\n\n<div class=\"wp-block-citadela-blocks-custom-container citadela-block-custom-container size-wide bg-type-none inside-space-none\"><div class=\"inner-holder\">\n<hr class=\"wp-block-separator has-css-opacity\"\/>\n\n\n\n<div class=\"wp-block-group\"><div class=\"wp-block-group__inner-container is-layout-flow wp-block-group-is-layout-flow\">\n<h2 class=\"wp-block-heading\" id=\"oceania\"><strong><a href=\"https:\/\/nodengo.com\/pt\/oceania\/\" class=\"rank-math-link\">Oce\u00e2nia<\/a><\/strong><\/h2>\n\n\n\n<p><a href=\"https:\/\/nodengo.com\/pt\/placeholder\/\">Australia | Cocos (K) I. | Cook Islands | Fiji | French Polynesia | Guam | Kiribati | Marshall Islands | Micronesia | Nauru | New Caledonia | New Zealand | Niue | Norfolk Island | Northern Mariana Islands | Palau | Papua New Guinea | Samoa | Solomon Islands | Tonga | Tuvalu | Vanuatu<\/a><\/p>\n<\/div><\/div>\n<\/div><\/div>\n\n\n\n<hr class=\"wp-block-separator has-css-opacity\"\/>","protected":false},"excerpt":{"rendered":"","protected":false},"author":236,"featured_media":0,"parent":0,"menu_order":0,"comment_status":"closed","ping_status":"closed","template":"","meta":{"_uag_custom_page_level_css":"","_citadela_hide_page_title":"1","_citadela_remove_header_space":"1","_citadela_custom_class":"","_citadela_half_map_provider":"","_citadela_half_map_theme":"","_citadela_half_map_themeOSM":"","_citadela_half_map_customTheme":"","_citadela_half_map_dataType":"","_citadela_half_map_dynamicTrack":false,"_citadela_half_map_trackColor":"","_citadela_half_map_trackEndpointsColor":"","_citadela_half_map_filterCategory":"","_citadela_half_map_filterLocation":"","_citadela_half_map_filterFeatured":false,"_citadela_half_map_noDataBehavior":"empty-map","_citadela_half_map_noDataText":"","_citadela_half_map_clusterGridSize":80,"_citadela_header":false,"_citadela_header_over_content":false,"_citadela_header_text_color":"","_citadela_header_logo":{"id":6428,"url":"https:\/\/nodengo.com\/wp-content\/uploads\/slider1-Banner-Bg.jpg","size":{"width":1920,"height":550}},"_citadela_header_bg_image":[],"_citadela_header_bg_position":{"x":0.5,"y":0.5},"_citadela_header_bg_size":"cover","_citadela_header_bg_repeat":"no-repeat","_citadela_header_bg_fixed":false,"_citadela_header_bg_color":"","_citadela_header_bg_image_overlay":"","_citadela_header_transparent_bg":false,"_citadela_content_width":"wide","_citadela_half_layout_position":"","footnotes":""},"class_list":["post-6421","page","type-page","status-publish","hentry"],"uagb_featured_image_src":{"full":false,"thumbnail":false,"medium":false,"medium_large":false,"large":false,"1536x1536":false,"2048x2048":false,"trp-custom-language-flag":false,"citadela_item_thumbnail":false,"woocommerce_thumbnail":false,"woocommerce_single":false,"woocommerce_gallery_thumbnail":false,"citadela_service":false},"uagb_author_info":{"display_name":"Nodengo Team","author_link":"https:\/\/nodengo.com\/pt\/author\/nodengo-admin\/"},"uagb_comment_info":0,"uagb_excerpt":null,"_links":{"self":[{"href":"https:\/\/nodengo.com\/pt\/wp-json\/wp\/v2\/pages\/6421","targetHints":{"allow":["GET"]}}],"collection":[{"href":"https:\/\/nodengo.com\/pt\/wp-json\/wp\/v2\/pages"}],"about":[{"href":"https:\/\/nodengo.com\/pt\/wp-json\/wp\/v2\/types\/page"}],"author":[{"embeddable":true,"href":"https:\/\/nodengo.com\/pt\/wp-json\/wp\/v2\/users\/236"}],"replies":[{"embeddable":true,"href":"https:\/\/nodengo.com\/pt\/wp-json\/wp\/v2\/comments?post=6421"}],"version-history":[{"count":0,"href":"https:\/\/nodengo.com\/pt\/wp-json\/wp\/v2\/pages\/6421\/revisions"}],"wp:attachment":[{"href":"https:\/\/nodengo.com\/pt\/wp-json\/wp\/v2\/media?parent=6421"}],"curies":[{"name":"wp","href":"https:\/\/api.w.org\/{rel}","templated":true}]}}