{"id":6412,"date":"2021-03-10T16:59:07","date_gmt":"2021-03-10T15:59:07","guid":{"rendered":"https:\/\/nodengo.com\/?page_id=6412"},"modified":"2024-06-28T11:10:35","modified_gmt":"2024-06-28T09:10:35","slug":"-39","status":"publish","type":"page","link":"https:\/\/nodengo.com\/pt\/privacy-policy\/","title":{"rendered":"Pol\u00edtica de Privacidade"},"content":{"rendered":"<!-- Flexy Breadcrumb -->\r\n\t\t\t<div class=\"fbc fbc-page\">\r\n\r\n\t\t\t\t<!-- Breadcrumb wrapper -->\r\n\t\t\t\t<div class=\"fbc-wrap\">\r\n\r\n\t\t\t\t\t<!-- Ordered list-->\r\n\t\t\t\t\t<ol class=\"fbc-items\" itemscope itemtype=\"https:\/\/schema.org\/BreadcrumbList\">\r\n\t\t\t\t\t\t            <li itemprop=\"itemListElement\" itemscope itemtype=\"https:\/\/schema.org\/ListItem\">\r\n                <span itemprop=\"name\">\r\n                    <!-- Home Link -->\r\n                    <a itemprop=\"item\" href=\"https:\/\/nodengo.com\/pt\/\">\r\n                    \r\n                                                    <i class=\"fa fa-home\" aria-hidden=\"true\"><\/i>Home                    <\/a>\r\n                <\/span>\r\n                <meta itemprop=\"position\" content=\"1\" \/><!-- Meta Position-->\r\n             <\/li><li><span class=\"fbc-separator\">\/<\/span><\/li><li class=\"active\" itemprop=\"itemListElement\" itemscope itemtype=\"https:\/\/schema.org\/ListItem\"><span itemprop=\"name\" title=\"Best Travel Blog\">Best Travel Blog<\/span><meta itemprop=\"position\" content=\"2\" \/><\/li>\t\t\t\t\t<\/ol>\r\n\t\t\t\t\t<div class=\"clearfix\"><\/div>\r\n\t\t\t\t<\/div>\r\n\t\t\t<\/div>\r\n\t\t\t\n\n\n\n<div class=\"wp-block-columns is-layout-flex wp-container-core-columns-is-layout-9d6595d7 wp-block-columns-is-layout-flex\">\n<div class=\"wp-block-column is-layout-flow wp-block-column-is-layout-flow\" style=\"flex-basis:33.33%\">\n<figure class=\"wp-block-image size-full\"><img decoding=\"async\" width=\"40\" height=\"27\" src=\"https:\/\/nodengo.com\/wp-content\/uploads\/rouge_titre.gif\" alt=\"privacy policy\" class=\"wp-image-7766\" title=\"\" srcset=\"https:\/\/nodengo.com\/wp-content\/uploads\/rouge_titre.gif 40w, https:\/\/nodengo.com\/wp-content\/uploads\/rouge_titre-16x12.gif 16w\" sizes=\"(max-width: 40px) 100vw, 40px\" \/><\/figure>\n<\/div>\n\n\n\n<div class=\"wp-block-column is-layout-flow wp-block-column-is-layout-flow\" style=\"flex-basis:66.66%\">\n<h4 class=\"wp-block-heading\">PRIVACY POLICY<\/h4>\n<\/div>\n<\/div>\n\n\n\n<p class=\"has-small-font-size\" id=\"block-f0fef25f-2d3e-4c43-9f16-e13cab90507f\">Esta Pol\u00edtica de Privacidade rege a maneira como nosso site (<a href=\"https:\/\/nodengo.com\/pt\/\">Nodengo.com<\/a>) collects, uses, maintains and discloses information collected from users (each, a \u201cUser\u201d) of the Nodengo.com website (\u201cSite\u201d). This privacy policy applies to the Site and all products and services offered by Nodengo.com.<\/p>\n\n\n\n<p class=\"has-small-font-size\" id=\"block-d1c74994-9ae4-488b-8c35-83f6e610b650\"><strong>Informa\u00e7\u00f5es de identifica\u00e7\u00e3o pessoal<\/strong><\/p>\n\n\n\n<p class=\"has-small-font-size\" id=\"block-4f929083-4d0b-4528-a857-a523a04f8dce\">Podemos coletar informa\u00e7\u00f5es de identifica\u00e7\u00e3o pessoal dos Usu\u00e1rios de diversas maneiras, incluindo, entre outras, quando os Usu\u00e1rios visitam nosso site, registram-se no site, fazem um pedido, solicitam uma revis\u00e3o, solicitam ser listados, assinam o boletim informativo, preencher um formul\u00e1rio e em conex\u00e3o com outras atividades, servi\u00e7os, recursos ou recursos que disponibilizamos em nosso Site <\/p>\n\n\n\n<p class=\"has-small-font-size\" id=\"block-4f929083-4d0b-4528-a857-a523a04f8dce\">Os usu\u00e1rios poder\u00e3o ser solicitados, conforme o caso, nome, endere\u00e7o de e-mail, endere\u00e7o para correspond\u00eancia e n\u00famero de telefone. Os usu\u00e1rios podem, no entanto, visitar nosso Site anonimamente. Coletaremos informa\u00e7\u00f5es de identifica\u00e7\u00e3o pessoal dos Usu\u00e1rios somente se eles nos enviarem tais informa\u00e7\u00f5es voluntariamente. Os usu\u00e1rios sempre podem recusar-se a fornecer informa\u00e7\u00f5es de identifica\u00e7\u00e3o pessoal, exceto que isso possa impedi-los de se envolver em determinadas atividades relacionadas ao Site.<\/p>\n\n\n\n<p class=\"has-small-font-size\" id=\"block-6ed409d0-a18c-42ab-9a25-aba73533e478\"><strong>Informa\u00e7\u00f5es de identifica\u00e7\u00e3o n\u00e3o pessoal<\/strong><\/p>\n\n\n\n<p class=\"has-small-font-size\" id=\"block-8cc2181d-8eea-43e8-ae4e-4a256411b69c\">Poderemos coletar informa\u00e7\u00f5es de identifica\u00e7\u00e3o n\u00e3o pessoais sobre os Usu\u00e1rios sempre que eles interagirem com nosso Site. As informa\u00e7\u00f5es de identifica\u00e7\u00e3o n\u00e3o pessoais podem incluir o nome do navegador, o tipo de computador e informa\u00e7\u00f5es t\u00e9cnicas sobre os meios de conex\u00e3o dos Usu\u00e1rios ao nosso Site, como o sistema operacional e os provedores de servi\u00e7os de Internet utilizados e outras informa\u00e7\u00f5es semelhantes.<\/p>\n\n\n\n<p class=\"has-small-font-size\" id=\"block-7a813a37-e72e-4d61-93ca-340718aaa49c\"><strong>Web browser cookies<\/strong><\/p>\n\n\n\n<p class=\"has-small-font-size translation-block\" id=\"block-683c1ac2-1e60-4992-ab18-3a273225dff2\">Nosso Site pode usar \u201ccookies\u201d para melhorar a experi\u00eancia do Usu\u00e1rio. O navegador do usu\u00e1rio coloca <a rel=\"noreferrer noopener\" href=\"https:\/\/nodengo.com\/pt\/cookie-policy\/\" target=\"_blank\">cookies<\/a> em seu disco r\u00edgido para fins de manuten\u00e7\u00e3o de registros e, \u00e0s vezes, para rastrear informa\u00e7\u00f5es sobre eles. O usu\u00e1rio pode optar por configurar seu navegador para recusar cookies ou para alert\u00e1-lo quando cookies estiverem sendo enviados. Se o fizerem, observe que algumas partes do Site podem n\u00e3o funcionar corretamente.<\/p>\n\n\n\n<p class=\"has-small-font-size\" id=\"block-8c8e6fdd-b4b6-4465-a2f7-d9b3c8093043\"><strong>Como usamos as informa\u00e7\u00f5es coletadas<\/strong><\/p>\n\n\n\n<p class=\"has-small-font-size\" id=\"block-591a2a3e-6208-453e-9a3f-764fb191fd0b\">Nodengo.com\u00a0 pode coletar e usar informa\u00e7\u00f5es pessoais dos Usu\u00e1rios para os seguintes fins:<\/p>\n\n\n\n<p class=\"has-small-font-size\" id=\"block-3d708ed5-3871-4283-b515-b852fbeaa651\"><em>&#8211; To improve customer service<\/em><br>As informa\u00e7\u00f5es que voc\u00ea fornece nos ajudam a responder \u00e0s suas solicita\u00e7\u00f5es de atendimento ao cliente e necessidades de suporte com mais efici\u00eancia.<\/p>\n\n\n\n<p class=\"has-small-font-size\" id=\"block-9fb5f668-6932-4562-ade9-e865a2a21ab3\"><em>&#8211; To personalize user experience<\/em><br>Podemos usar informa\u00e7\u00f5es de forma agregada para entender como nossos Usu\u00e1rios, como grupo, utilizam os servi\u00e7os e recursos fornecidos em nosso Site.<\/p>\n\n\n\n<p class=\"has-small-font-size\" id=\"block-682a83e2-391c-43f3-820c-2816a3309fc8\"><em>&#8211; To process payments<\/em><br>Poderemos usar as informa\u00e7\u00f5es que os Usu\u00e1rios fornecem sobre si mesmos ao fazer um pedido apenas para fornecer servi\u00e7os a esse pedido. N\u00e3o compartilhamos essas informa\u00e7\u00f5es com terceiros, exceto na medida necess\u00e1ria para fornecer o servi\u00e7o.<\/p>\n\n\n\n<p class=\"has-small-font-size\" id=\"block-be418ba9-765a-4b30-a7c3-54f1eba167bc\"><em>&#8211; To run a promotion, contest, survey or other Site feature<\/em><br>Para enviar aos Usu\u00e1rios informa\u00e7\u00f5es que eles concordaram em receber sobre temas que achamos que ser\u00e3o do seu interesse.<\/p>\n\n\n\n<p class=\"has-small-font-size\" id=\"block-02e6bfb1-fc70-49c9-bb79-d2197f332124\"><em>&#8211; To send periodic emails<\/em><br>Poderemos usar o endere\u00e7o de e-mail para enviar-lhes informa\u00e7\u00f5es e atualiza\u00e7\u00f5es relativas ao seu pedido. Se o Usu\u00e1rio decidir aderir \u00e0 nossa lista de e-mails, ele receber\u00e1 e-mails que podem incluir not\u00edcias da empresa, atualiza\u00e7\u00f5es, informa\u00e7\u00f5es relacionadas a produtos ou servi\u00e7os, etc. instru\u00e7\u00f5es de cancelamento de assinatura na parte inferior de cada e-mail.<\/p>\n\n\n\n<p class=\"has-small-font-size\" id=\"block-a1b8a082-ffc9-4eee-b61a-a8fac6d28e2a\"><strong>Como protegemos suas informa\u00e7\u00f5es<\/strong><\/p>\n\n\n\n<p class=\"has-small-font-size\" id=\"block-50981eab-6812-40fb-9f25-1204f196b0ab\">Adotamos pr\u00e1ticas adequadas de coleta, armazenamento e processamento de dados e medidas de seguran\u00e7a para proteger contra acesso n\u00e3o autorizado, altera\u00e7\u00e3o, divulga\u00e7\u00e3o ou destrui\u00e7\u00e3o de suas informa\u00e7\u00f5es pessoais, nome de usu\u00e1rio, senha, informa\u00e7\u00f5es de transa\u00e7\u00f5es e dados armazenados em nosso Site.<\/p>\n\n\n\n<p class=\"has-small-font-size\" id=\"block-b1d789d5-4b2c-4092-9b27-739484ee7499\">A troca de dados confidenciais e privados entre o Site e seus Usu\u00e1rios acontece atrav\u00e9s de um canal de comunica\u00e7\u00e3o seguro SSL e \u00e9 criptografado e protegido com assinaturas digitais.<\/p>\n\n\n\n<p class=\"has-small-font-size\" id=\"block-926da476-815e-4b60-8b8f-cf26d2bf9439\"><strong>Compartilhando suas informa\u00e7\u00f5es pessoais<\/strong><\/p>\n\n\n\n<p class=\"has-small-font-size\" id=\"block-d20a4e38-3579-4bb6-b229-a2e964642479\">N\u00e3o vendemos, comercializamos ou alugamos informa\u00e7\u00f5es de identifica\u00e7\u00e3o pessoal dos Usu\u00e1rios a terceiros. Poderemos compartilhar informa\u00e7\u00f5es demogr\u00e1ficas gen\u00e9ricas agregadas, n\u00e3o vinculadas a quaisquer informa\u00e7\u00f5es de identifica\u00e7\u00e3o pessoal relativas a visitantes e usu\u00e1rios, com nossos parceiros de neg\u00f3cios, afiliados confi\u00e1veis e anunciantes para os fins descritos acima.<\/p>\n\n\n\n<p class=\"has-small-font-size\" id=\"block-b1179054-8a29-486a-89e7-aa18010ca0f6\"><strong>Sites de terceiros<\/strong><\/p>\n\n\n\n<p class=\"has-small-font-size\" id=\"block-c9575cd2-776b-4eb5-932f-c6b527e72dbe\">Os usu\u00e1rios podem encontrar publicidade ou outro conte\u00fado em nosso Site com links para sites e servi\u00e7os de nossos parceiros, fornecedores, anunciantes, patrocinadores, licenciantes e outros terceiros. N\u00e3o controlamos o conte\u00fado ou links que aparecem nesses sites e n\u00e3o somos respons\u00e1veis pelas pr\u00e1ticas empregadas pelos sites vinculados ao nosso Site ou a partir dele. Al\u00e9m disso, esses sites ou servi\u00e7os, incluindo o seu conte\u00fado e links, podem estar em constante mudan\u00e7a. Esses sites e servi\u00e7os podem ter suas pr\u00f3prias pol\u00edticas de privacidade e pol\u00edticas de atendimento ao cliente. A navega\u00e7\u00e3o e a intera\u00e7\u00e3o em qualquer outro site, incluindo sites que tenham um link para o nosso Site, est\u00e3o sujeitas aos pr\u00f3prios termos e pol\u00edticas desse site.<\/p>\n\n\n\n<p class=\"has-small-font-size\" id=\"block-17e12db3-9f83-48f4-b036-4fb43cc6e63e\"><strong>Altera\u00e7\u00f5es nesta pol\u00edtica de privacidade<\/strong><\/p>\n\n\n\n<p class=\"has-small-font-size\" id=\"block-d6b413a8-7960-42bc-918f-20f05530a7fb\"><a rel=\"noreferrer noopener\" href=\"https:\/\/nodengo.com\/pt\/\" target=\"_blank\">Nodengo.com<\/a> tem o poder de atualizar esta pol\u00edtica de privacidade a qualquer momento. Quando o fizermos, publicaremos uma notifica\u00e7\u00e3o na p\u00e1gina principal do nosso Site e enviaremos um e-mail para voc\u00ea. Encorajamos os usu\u00e1rios a verificar frequentemente esta p\u00e1gina para verificar quaisquer altera\u00e7\u00f5es, para se manterem informados sobre como estamos ajudando a proteger as informa\u00e7\u00f5es pessoais que coletamos. Voc\u00ea reconhece e concorda que \u00e9 sua responsabilidade revisar esta pol\u00edtica de privacidade periodicamente e tomar conhecimento de modifica\u00e7\u00f5es.<\/p>\n\n\n\n<p class=\"has-small-font-size\" id=\"block-d011ca21-1a2d-4fff-b899-71a45c763897\"><strong>Sua aceita\u00e7\u00e3o destes termos<\/strong><\/p>\n\n\n\n<p class=\"has-small-font-size\" id=\"block-d6ed4f3a-3906-44f2-9c48-09c0d726d240\">Ao utilizar este Site, voc\u00ea expressa sua aceita\u00e7\u00e3o desta pol\u00edtica. Se voc\u00ea n\u00e3o concorda com esta pol\u00edtica, n\u00e3o use nosso Site. O uso continuado do Site ap\u00f3s a publica\u00e7\u00e3o de altera\u00e7\u00f5es nesta pol\u00edtica ser\u00e1 considerado como sua aceita\u00e7\u00e3o dessas altera\u00e7\u00f5es.<\/p>\n\n\n\n<p class=\"has-small-font-size\" id=\"block-51f04648-29f1-4f77-bb02-cc8c83118029\"><strong>Entrando em contato conosco<\/strong><\/p>\n\n\n\n<p class=\"has-small-font-size\" id=\"block-1b4f4ebc-57bc-4e7c-a93d-678529df478a\">If you have any questions about this Privacy Policy, the practices of this site, or your dealings with this site, please contact us.<\/p>\n\n\n\n<p class=\"has-small-font-size\" id=\"block-315e72f7-75d4-4113-bb4f-abc6d0feac2e\">Last updated : August 2023<\/p>\n\n\n\n<p class=\"has-text-color has-small-font-size\" style=\"color:#7d8996\"><em>Observe que esta p\u00e1gina foi traduzida automaticamente do original em ingl\u00eas<\/em>.&nbsp;<em>Nenhuma garantia de qualquer tipo, expressa ou impl\u00edcita, \u00e9 feita quanto \u00e0 exatid\u00e3o, confiabilidade e exatid\u00e3o de quaisquer tradu\u00e7\u00f5es feitas do ingl\u00eas para qualquer outro idioma.<\/em><\/p>","protected":false},"excerpt":{"rendered":"<p>PRIVACY POLICY This Privacy Policy governs the manner in which our site (Nodengo.com) collects, uses, maintains and discloses information collected from users (each, a \u201cUser\u201d) of the Nodengo.com website (\u201cSite\u201d). [&hellip;]<\/p>\n","protected":false},"author":1,"featured_media":0,"parent":0,"menu_order":0,"comment_status":"closed","ping_status":"closed","template":"","meta":{"_uag_custom_page_level_css":"","_citadela_hide_page_title":"1","_citadela_remove_header_space":"1","_citadela_custom_class":"","_citadela_half_map_provider":"","_citadela_half_map_theme":"","_citadela_half_map_themeOSM":"","_citadela_half_map_customTheme":"","_citadela_half_map_dataType":"","_citadela_half_map_dynamicTrack":false,"_citadela_half_map_trackColor":"","_citadela_half_map_trackEndpointsColor":"","_citadela_half_map_filterCategory":"","_citadela_half_map_filterLocation":"","_citadela_half_map_filterFeatured":false,"_citadela_half_map_noDataBehavior":"empty-map","_citadela_half_map_noDataText":"","_citadela_half_map_clusterGridSize":80,"_citadela_header":false,"_citadela_header_over_content":false,"_citadela_header_text_color":"","_citadela_header_logo":[],"_citadela_header_bg_image":[],"_citadela_header_bg_position":{"x":0.5,"y":0.5},"_citadela_header_bg_size":"cover","_citadela_header_bg_repeat":"no-repeat","_citadela_header_bg_fixed":false,"_citadela_header_bg_color":"","_citadela_header_bg_image_overlay":"","_citadela_header_transparent_bg":false,"_citadela_content_width":"","_citadela_half_layout_position":"","footnotes":""},"class_list":["post-6412","page","type-page","status-publish","hentry"],"uagb_featured_image_src":{"full":false,"thumbnail":false,"medium":false,"medium_large":false,"large":false,"1536x1536":false,"2048x2048":false,"trp-custom-language-flag":false,"citadela_item_thumbnail":false,"woocommerce_thumbnail":false,"woocommerce_single":false,"woocommerce_gallery_thumbnail":false,"citadela_service":false},"uagb_author_info":{"display_name":"admin","author_link":"https:\/\/nodengo.com\/pt\/author\/admin\/"},"uagb_comment_info":0,"uagb_excerpt":"PRIVACY POLICY This Privacy Policy governs the manner in which our site (Nodengo.com) collects, uses, maintains and discloses information collected from users (each, a \u201cUser\u201d) of the Nodengo.com website (\u201cSite\u201d). [&hellip;]","_links":{"self":[{"href":"https:\/\/nodengo.com\/pt\/wp-json\/wp\/v2\/pages\/6412","targetHints":{"allow":["GET"]}}],"collection":[{"href":"https:\/\/nodengo.com\/pt\/wp-json\/wp\/v2\/pages"}],"about":[{"href":"https:\/\/nodengo.com\/pt\/wp-json\/wp\/v2\/types\/page"}],"author":[{"embeddable":true,"href":"https:\/\/nodengo.com\/pt\/wp-json\/wp\/v2\/users\/1"}],"replies":[{"embeddable":true,"href":"https:\/\/nodengo.com\/pt\/wp-json\/wp\/v2\/comments?post=6412"}],"version-history":[{"count":0,"href":"https:\/\/nodengo.com\/pt\/wp-json\/wp\/v2\/pages\/6412\/revisions"}],"wp:attachment":[{"href":"https:\/\/nodengo.com\/pt\/wp-json\/wp\/v2\/media?parent=6412"}],"curies":[{"name":"wp","href":"https:\/\/api.w.org\/{rel}","templated":true}]}}