{"id":6410,"date":"2021-03-10T16:55:57","date_gmt":"2021-03-10T15:55:57","guid":{"rendered":"https:\/\/nodengo.com\/?page_id=6410"},"modified":"2025-12-16T07:56:49","modified_gmt":"2025-12-16T06:56:49","slug":"disclaimer","status":"publish","type":"page","link":"https:\/\/nodengo.com\/pt\/disclaimer\/","title":{"rendered":"Retrata\u00e7\u00e3o"},"content":{"rendered":"<!-- Flexy Breadcrumb -->\r\n\t\t\t<div class=\"fbc fbc-page\">\r\n\r\n\t\t\t\t<!-- Breadcrumb wrapper -->\r\n\t\t\t\t<div class=\"fbc-wrap\">\r\n\r\n\t\t\t\t\t<!-- Ordered list-->\r\n\t\t\t\t\t<ol class=\"fbc-items\" itemscope itemtype=\"https:\/\/schema.org\/BreadcrumbList\">\r\n\t\t\t\t\t\t            <li itemprop=\"itemListElement\" itemscope itemtype=\"https:\/\/schema.org\/ListItem\">\r\n                <span itemprop=\"name\">\r\n                    <!-- Home Link -->\r\n                    <a itemprop=\"item\" href=\"https:\/\/nodengo.com\/pt\/\">\r\n                    \r\n                                                    <i class=\"fa fa-home\" aria-hidden=\"true\"><\/i>Home                    <\/a>\r\n                <\/span>\r\n                <meta itemprop=\"position\" content=\"1\" \/><!-- Meta Position-->\r\n             <\/li><li><span class=\"fbc-separator\">\/<\/span><\/li><li class=\"active\" itemprop=\"itemListElement\" itemscope itemtype=\"https:\/\/schema.org\/ListItem\"><span itemprop=\"name\" title=\"Best Travel Blog\">Best Travel Blog<\/span><meta itemprop=\"position\" content=\"2\" \/><\/li>\t\t\t\t\t<\/ol>\r\n\t\t\t\t\t<div class=\"clearfix\"><\/div>\r\n\t\t\t\t<\/div>\r\n\t\t\t<\/div>\r\n\t\t\t\n\n\n\n<div class=\"wp-block-group is-content-justification-center is-nowrap is-layout-flex wp-container-core-group-is-layout-94bc23d7 wp-block-group-is-layout-flex\">\n<figure class=\"wp-block-image size-full is-resized\"><img decoding=\"async\" width=\"150\" height=\"150\" src=\"https:\/\/nodengo.com\/wp-content\/uploads\/nodengo-favicon-e1619375689818.png\" alt=\"Nodengo.com Disclaimer\" class=\"wp-image-54641\" style=\"width:38px;height:38px\" title=\"\" srcset=\"https:\/\/nodengo.com\/wp-content\/uploads\/nodengo-favicon-e1619375689818.png 150w, https:\/\/nodengo.com\/wp-content\/uploads\/nodengo-favicon-e1619375689818-100x100.png 100w, https:\/\/nodengo.com\/wp-content\/uploads\/nodengo-favicon-e1619375689818-12x12.png 12w\" sizes=\"(max-width: 150px) 100vw, 150px\" \/><\/figure>\n\n\n\n<h2 class=\"wp-block-heading\">Retrata\u00e7\u00e3o<\/h2>\n<\/div>\n\n\n\n<div style=\"height:25px\" aria-hidden=\"true\" class=\"wp-block-spacer\"><\/div>\n\n\n\n<div class=\"wp-block-citadela-blocks-custom-container citadela-block-custom-container size-wide bg-type-none inside-space-none\"><div class=\"inner-holder\">\n<p class=\"has-small-font-size\"><strong>Informa\u00e7\u00f5es Gerais - Isen\u00e7\u00e3o de Responsabilidade<\/strong>&nbsp;As informa\u00e7\u00f5es contidas neste site s\u00e3o apenas para orienta\u00e7\u00e3o geral sobre assuntos de interesse. O uso deste site constitui aceita\u00e7\u00e3o dos termos e privacidade do Nodengo.com.<\/p>\n\n\n\n<p class=\"has-small-font-size\">Embora tenhamos feito todos os esfor\u00e7os para garantir que as informa\u00e7\u00f5es contidas neste site foram obtidas de fontes confi\u00e1veis, Nodengo.com n\u00e3o \u00e9 respons\u00e1vel por quaisquer erros ou omiss\u00f5es, ou pelos resultados obtidos com o uso dessas informa\u00e7\u00f5es.<\/p>\n\n\n\n<p class=\"has-small-font-size\">Todas as informa\u00e7\u00f5es neste site s\u00e3o fornecidas \u201ccomo est\u00e3o\u201d, sem garantia de integridade, precis\u00e3o, atualidade ou dos resultados obtidos com o uso dessas informa\u00e7\u00f5es, e sem garantia de qualquer tipo, expressa ou impl\u00edcita, incluindo, mas n\u00e3o limitado a garantias de desempenho, comercializa\u00e7\u00e3o e adequa\u00e7\u00e3o a uma finalidade espec\u00edfica.<\/p>\n\n\n\n<p class=\"has-small-font-size\"><br>Em nenhum caso o Nodengo.com, ou os parceiros, editores locais, agentes ou funcion\u00e1rios do mesmo ser\u00e3o respons\u00e1veis perante voc\u00ea ou qualquer outra pessoa por qualquer decis\u00e3o tomada ou a\u00e7\u00e3o tomada com base nas informa\u00e7\u00f5es deste Site ou por quaisquer danos consequenciais, especiais ou semelhantes. , mesmo que avisado da possibilidade de tais danos.<\/p>\n\n\n\n<p class=\"has-small-font-size\">Certos links neste site conectam-se a outros sites mantidos por terceiros sobre os quais Nodengo.com n\u00e3o tem controle. Esses links s\u00e3o inclu\u00eddos por v\u00e1rios motivos, incluindo:<\/p>\n\n\n\n<ol class=\"wp-block-list has-small-font-size\">\n<li>Para melhorar a relev\u00e2ncia da informa\u00e7\u00e3o e de outras fontes de material<\/li>\n\n\n\n<li>Para obter informa\u00e7\u00f5es pr\u00e1ticas \u00fateis para entretenimento ou prazer<\/li>\n\n\n\n<li>Para reservar voo, hotel, aluguel de carro e atividades<\/li>\n\n\n\n<li>Para mais informa\u00e7\u00f5es sobre um destino.<\/li>\n<\/ol>\n\n\n\n<p class=\"has-small-font-size\"><em>Retrata\u00e7\u00e3o <\/em>&#8211; Nodengo.com makes no representations as to the accuracy or any other aspect of information contained in other websites.<\/p>\n\n\n\n<p class=\"has-small-font-size\">Nodengo.com n\u00e3o \u00e9 respons\u00e1vel pelo conte\u00fado do site externo. Outros logotipos, produtos e nomes de empresas aqui mencionados s\u00e3o de propriedade de seus respectivos propriet\u00e1rios.<\/p>\n\n\n\n<p class=\"has-small-font-size\"><strong>Retrata\u00e7\u00e3o<\/strong>&nbsp;Todo o conte\u00fado fornecido em nossos blogs \u00e9 apenas para fins informativos. As opini\u00f5es expressas s\u00e3o de boa f\u00e9 e todos os cuidados foram tomados na prepara\u00e7\u00e3o destas postagens, incluindo, mas n\u00e3o se limitando \u00e0 exatid\u00e3o ou integridade de quaisquer informa\u00e7\u00f5es, fatos e\/ou opini\u00f5es nelas contidas. Os blogueiros publicados neste site t\u00eam liberdade para expressar opini\u00f5es. Nodengo.com n\u00e3o faz nenhuma representa\u00e7\u00e3o quanto \u00e0 exatid\u00e3o ou integridade de qualquer informa\u00e7\u00e3o neste site ou encontrada ao seguir qualquer link neste site. As opini\u00f5es ou opini\u00f5es representadas nos blogs do Editor Local e de Informa\u00e7\u00f5es Gerais s\u00e3o pessoais e pertencem exclusivamente ao propriet\u00e1rio do blog e n\u00e3o representam aquelas de pessoas, institui\u00e7\u00f5es ou organiza\u00e7\u00f5es \u00e0s quais o propriet\u00e1rio pode ou n\u00e3o estar associado em capacidade profissional ou pessoal, a menos que explicitamente afirmou.<\/p>\n\n\n\n<p class=\"has-small-font-size\"> Quaisquer pontos de vista ou opini\u00f5es n\u00e3o t\u00eam a inten\u00e7\u00e3o de difamar qualquer religi\u00e3o, grupo \u00e9tnico, clube, organiza\u00e7\u00e3o, empresa ou indiv\u00edduo.<\/p>\n\n\n\n<p class=\"has-small-font-size\"><em>isen\u00e7\u00e3o de responsabilidade<\/em><\/p>\n\n\n\n<p class=\"has-small-font-size\">Alguns conte\u00fados sobre um estabelecimento poder\u00e3o ser adicionados por indica\u00e7\u00e3o ou pelo nosso Editor local. Nesses casos, o estabelecimento n\u00e3o endossa necessariamente o Nodengo.com. Uma vez reivindicado um an\u00fancio, ele \u00e9 gerenciado diretamente pelo propriet\u00e1rio\/operador do estabelecimento ou pela equipe.<\/p>\n\n\n\n<p class=\"has-small-font-size\"><strong>Isen\u00e7\u00e3o de responsabilidade de informa\u00e7\u00f5es<\/strong>&nbsp;O Nodengo.com n\u00e3o \u00e9 um agente de reservas ou operador tur\u00edstico e n\u00e3o cobra nenhuma taxa de servi\u00e7o aos usu\u00e1rios do nosso site. Ao reservar com um de nossos parceiros, verifique o site deles para obter uma divulga\u00e7\u00e3o completa de todas as taxas aplic\u00e1veis. Para quaisquer pacotes de viagem ou ofertas listadas, o Nodengo.com n\u00e3o garante tarifas ou pre\u00e7os espec\u00edficos. Al\u00e9m disso, os pre\u00e7os m\u00e9dios dos hot\u00e9is s\u00e3o atualizados todas as noites e exibidos na moeda de sua prefer\u00eancia usando as taxas de convers\u00e3o vigentes. Como esses pre\u00e7os convertidos s\u00e3o estimativas, verifique com o site de reservas o valor e a moeda exatos. Al\u00e9m disso, Nodengo.com n\u00e3o garante a disponibilidade dos pre\u00e7os anunciados em nosso site. Os pre\u00e7os listados podem exigir uma estadia de longa dura\u00e7\u00e3o ou ter datas, qualifica\u00e7\u00f5es ou restri\u00e7\u00f5es bloqueadas. <\/p>\n\n\n\n<p class=\"has-small-font-size\">Como esses pre\u00e7os convertidos s\u00e3o estimativas, verifique com o site de reservas o valor exato e a moeda. Al\u00e9m disso, Nodengo.com n\u00e3o oferece nenhuma garantia quanto \u00e0 disponibilidade dos pre\u00e7os anunciados em nosso site. Os pre\u00e7os listados podem exigir uma estadia prolongada ou ter datas indispon\u00edveis, qualifica\u00e7\u00f5es ou restri\u00e7\u00f5es. <\/p>\n\n\n\n<p class=\"has-small-font-size\">Nodengo.com n\u00e3o \u00e9 respons\u00e1vel pelo conte\u00fado de sites externos. Impostos e taxas n\u00e3o inclu\u00eddos no conte\u00fado das promo\u00e7\u00f5es.<\/p>\n\n\n\n<p class=\"has-text-color has-small-font-size\" style=\"color:#4e555a\">Disclaimer &#8211; <em>Este site cont\u00e9m refer\u00eancias de links afiliados por meio de links e banners publicit\u00e1rios. Ao utilizar esses links e servi\u00e7os, este site recebe comiss\u00f5es, mas sem nenhum custo para o usu\u00e1rio. Isso \u00e9 feito para ajudar a cobrir as despesas de funcionamento deste site.<\/em> <em>Isso me custar\u00e1 mais dinheiro? , N\u00e3o, absolutamente n\u00e3o. Na maioria dos casos, nossas ofertas realmente economizar\u00e3o seu dinheiro<\/em><\/p>\n<\/div><\/div>\n\n\n\n<p class=\"has-text-color has-small-font-size\" style=\"color:#4e555a\"><em>Observe que esta p\u00e1gina foi traduzida automaticamente do original em ingl\u00eas<\/em>. <em>Nenhuma garantia de qualquer tipo, expressa ou impl\u00edcita, \u00e9 feita quanto \u00e0 exatid\u00e3o, confiabilidade e exatid\u00e3o de quaisquer tradu\u00e7\u00f5es feitas do ingl\u00eas para qualquer outro idioma.<\/em><\/p>\n\n\n\n<p class=\"has-text-align-center has-small-font-size\"><a href=\"https:\/\/nodengo.com\/pt\/terms-conditions\/\" data-type=\"page\" data-id=\"6418\" rel=\"nofollow\">Termos e Condi\u00e7\u00f5es<\/a> | <a href=\"https:\/\/nodengo.com\/pt\/cookies-policy\/\" data-type=\"page\" data-id=\"6407\" rel=\"nofollow\">Pol\u00edtica de Cookies <\/a>| <a href=\"https:\/\/nodengo.com\/pt\/copyright\/\" data-type=\"page\" data-id=\"6405\" rel=\"nofollow\">Copyright<\/a><\/p>","protected":false},"excerpt":{"rendered":"<p>Disclaimer Please do note that this page has been machine translated from the original English. No warranty of any kind, either expressed or implied, is made as to the accuracy, [&hellip;]<\/p>\n","protected":false},"author":1,"featured_media":0,"parent":0,"menu_order":0,"comment_status":"closed","ping_status":"closed","template":"","meta":{"_uag_custom_page_level_css":"","_citadela_hide_page_title":"1","_citadela_remove_header_space":"1","_citadela_custom_class":"","_citadela_half_map_provider":"","_citadela_half_map_theme":"","_citadela_half_map_themeOSM":"","_citadela_half_map_customTheme":"","_citadela_half_map_dataType":"","_citadela_half_map_dynamicTrack":false,"_citadela_half_map_trackColor":"","_citadela_half_map_trackEndpointsColor":"","_citadela_half_map_filterCategory":"","_citadela_half_map_filterLocation":"","_citadela_half_map_filterFeatured":false,"_citadela_half_map_noDataBehavior":"empty-map","_citadela_half_map_noDataText":"","_citadela_half_map_clusterGridSize":80,"_citadela_header":false,"_citadela_header_over_content":false,"_citadela_header_text_color":"","_citadela_header_logo":[],"_citadela_header_bg_image":[],"_citadela_header_bg_position":{"x":0.5,"y":0.5},"_citadela_header_bg_size":"cover","_citadela_header_bg_repeat":"no-repeat","_citadela_header_bg_fixed":false,"_citadela_header_bg_color":"","_citadela_header_bg_image_overlay":"","_citadela_header_transparent_bg":false,"_citadela_content_width":"","_citadela_half_layout_position":"","footnotes":""},"class_list":["post-6410","page","type-page","status-publish","hentry"],"uagb_featured_image_src":{"full":false,"thumbnail":false,"medium":false,"medium_large":false,"large":false,"1536x1536":false,"2048x2048":false,"trp-custom-language-flag":false,"citadela_item_thumbnail":false,"woocommerce_thumbnail":false,"woocommerce_single":false,"woocommerce_gallery_thumbnail":false,"citadela_service":false},"uagb_author_info":{"display_name":"admin","author_link":"https:\/\/nodengo.com\/pt\/author\/admin\/"},"uagb_comment_info":0,"uagb_excerpt":"Disclaimer Please do note that this page has been machine translated from the original English. No warranty of any kind, either expressed or implied, is made as to the accuracy, [&hellip;]","_links":{"self":[{"href":"https:\/\/nodengo.com\/pt\/wp-json\/wp\/v2\/pages\/6410","targetHints":{"allow":["GET"]}}],"collection":[{"href":"https:\/\/nodengo.com\/pt\/wp-json\/wp\/v2\/pages"}],"about":[{"href":"https:\/\/nodengo.com\/pt\/wp-json\/wp\/v2\/types\/page"}],"author":[{"embeddable":true,"href":"https:\/\/nodengo.com\/pt\/wp-json\/wp\/v2\/users\/1"}],"replies":[{"embeddable":true,"href":"https:\/\/nodengo.com\/pt\/wp-json\/wp\/v2\/comments?post=6410"}],"version-history":[{"count":0,"href":"https:\/\/nodengo.com\/pt\/wp-json\/wp\/v2\/pages\/6410\/revisions"}],"wp:attachment":[{"href":"https:\/\/nodengo.com\/pt\/wp-json\/wp\/v2\/media?parent=6410"}],"curies":[{"name":"wp","href":"https:\/\/api.w.org\/{rel}","templated":true}]}}