{"id":6407,"date":"2021-03-10T16:51:38","date_gmt":"2021-03-10T15:51:38","guid":{"rendered":"https:\/\/nodengo.com\/?page_id=6407"},"modified":"2025-10-17T15:59:41","modified_gmt":"2025-10-17T13:59:41","slug":"cookies-policy","status":"publish","type":"page","link":"https:\/\/nodengo.com\/pt\/cookies-policy\/","title":{"rendered":"Pol\u00edtica de Cookies"},"content":{"rendered":"<!-- Flexy Breadcrumb -->\r\n\t\t\t<div class=\"fbc fbc-page\">\r\n\r\n\t\t\t\t<!-- Breadcrumb wrapper -->\r\n\t\t\t\t<div class=\"fbc-wrap\">\r\n\r\n\t\t\t\t\t<!-- Ordered list-->\r\n\t\t\t\t\t<ol class=\"fbc-items\" itemscope itemtype=\"https:\/\/schema.org\/BreadcrumbList\">\r\n\t\t\t\t\t\t            <li itemprop=\"itemListElement\" itemscope itemtype=\"https:\/\/schema.org\/ListItem\">\r\n                <span itemprop=\"name\">\r\n                    <!-- Home Link -->\r\n                    <a itemprop=\"item\" href=\"https:\/\/nodengo.com\/pt\/\">\r\n                    \r\n                                                    <i class=\"fa fa-home\" aria-hidden=\"true\"><\/i>Home                    <\/a>\r\n                <\/span>\r\n                <meta itemprop=\"position\" content=\"1\" \/><!-- Meta Position-->\r\n             <\/li><li><span class=\"fbc-separator\">\/<\/span><\/li><li class=\"active\" itemprop=\"itemListElement\" itemscope itemtype=\"https:\/\/schema.org\/ListItem\"><span itemprop=\"name\" title=\"Best Travel Blog\">Best Travel Blog<\/span><meta itemprop=\"position\" content=\"2\" \/><\/li>\t\t\t\t\t<\/ol>\r\n\t\t\t\t\t<div class=\"clearfix\"><\/div>\r\n\t\t\t\t<\/div>\r\n\t\t\t<\/div>\r\n\t\t\t\n\n\n\n<h3 class=\"wp-block-heading\">Sobre a nossa pol\u00edtica de cookies<\/h3>\n\n\n\n<p>Esta Pol\u00edtica explica o que s\u00e3o cookies e como os utilizamos. Voc\u00ea deve ler esta pol\u00edtica para entender o que s\u00e3o, como os usamos e os tipos de cookies que usamos, as informa\u00e7\u00f5es que coletamos usando cookies e como essas informa\u00e7\u00f5es s\u00e3o usadas e como controlar as prefer\u00eancias de cookies. Para obter mais informa\u00e7\u00f5es sobre como usamos, armazenamos e mantemos seus dados pessoais seguros, consulte nosso&nbsp;<a href=\"httsp:\/\/nodengo.com\/privacy\">Privacy Policy.<\/a><\/p>\n\n\n\n<p>Voc\u00ea pode, a qualquer momento, alterar ou retirar seu consentimento da Declara\u00e7\u00e3o em nosso site. Saiba mais sobre quem somos, como nos pode contactar e como tratamos os dados pessoais na nossa Pol\u00edtica de Privacidade.<\/p>\n\n\n\n<p><img decoding=\"async\" src=\"https:\/\/nodengo.com\/wp-content\/uploads\/jaune_titre.gif\" alt=\"pol\u00edtica de cookies\" title=\"\">Seu consentimento se aplica aos seguintes dom\u00ednios:&nbsp;<a href=\"https:\/\/nodengo.com\/pt\/\">nodengo.com<\/a><\/p>\n\n\n\n<p>O que s\u00e3o cookies?<\/p>\n\n\n\n<p>Eles s\u00e3o pequenos arquivos de texto usados para armazenar pequenas informa\u00e7\u00f5es. Eles s\u00e3o armazenados no seu dispositivo quando o site \u00e9 carregado no seu navegador. Estes cookies ajudam-nos a fazer com que o nosso site funcione corretamente, a torn\u00e1-lo mais seguro, a proporcionar uma melhor experi\u00eancia ao utilizador e a compreender o desempenho do nosso site e a analisar o que funciona e onde precisa de ser melhorado.<\/p>\n\n\n\n<h3 class=\"wp-block-heading\">Como usamos cookies?<\/h3>\n\n\n\n<p>Como a maioria dos servi\u00e7os online, nosso site usa cookies pr\u00f3prios e de terceiros para diversos fins. Os cookies prim\u00e1rios s\u00e3o principalmente necess\u00e1rios para que o site funcione corretamente e n\u00e3o coletam nenhum dos seus dados de identifica\u00e7\u00e3o pessoal.<\/p>\n\n\n\n<p>Os cookies de terceiros usados em nossos sites s\u00e3o usados principalmente para entender o desempenho do site, como voc\u00ea interage com nosso site, manter nossos servi\u00e7os seguros, fornecer an\u00fancios que sejam relevantes para voc\u00ea e, em suma, fornecer-lhe uma experi\u00eancia melhor e melhorada. experi\u00eancia do usu\u00e1rio e ajudar a acelerar suas intera\u00e7\u00f5es futuras com nosso site.<\/p>\n\n\n\n<h3 class=\"wp-block-heading\">Que tipos de cookies utilizamos?<\/h3>\n\n\n\n<p><strong>Essencial<\/strong>: Alguns cookies s\u00e3o essenciais para que voc\u00ea possa experimentar todas as funcionalidades do nosso site. Eles nos permitem manter as sess\u00f5es dos usu\u00e1rios e prevenir quaisquer amea\u00e7as \u00e0 seguran\u00e7a. Eles n\u00e3o coletam ou armazenam nenhuma informa\u00e7\u00e3o pessoal. Por exemplo, estes permitem que voc\u00ea fa\u00e7a login em sua conta e adicione produtos ao seu carrinho e finalize a compra com seguran\u00e7a.<\/p>\n\n\n\n<p><strong>Estatisticas:<\/strong>&nbsp;Estes cookies armazenam informa\u00e7\u00f5es como o n\u00famero de visitantes do site, o n\u00famero de visitantes \u00fanicos, quais p\u00e1ginas do site foram visitadas, a origem da visita, etc. Esses dados nos ajudam a entender e analisar o desempenho do site e onde ele funciona. precisa de melhorias.<\/p>\n\n\n\n<p><strong>Marketing:<\/strong>&nbsp;Nosso site exibe an\u00fancios. Esses cookies s\u00e3o usados para personalizar os an\u00fancios que lhe mostramos, para que sejam significativos para voc\u00ea. Isso tamb\u00e9m nos ajuda a acompanhar a efici\u00eancia dessas campanhas publicit\u00e1rias.<\/p>\n\n\n\n<p>As informa\u00e7\u00f5es armazenadas neles tamb\u00e9m podem ser usadas por provedores de an\u00fancios terceirizados para mostrar an\u00fancios em outros sites no navegador.<\/p>\n\n\n\n<p><strong>Functional:<\/strong>&nbsp;These are the cookies that help certain non-essential functionalities on our website. These functionalities include embedding content like videos or sharing contents on the website on social media platforms.<\/p>\n\n\n\n<p><strong>Prefer\u00eancias:<\/strong>&nbsp;Estes ajudam-nos a armazenar as suas configura\u00e7\u00f5es e prefer\u00eancias de navega\u00e7\u00e3o, como prefer\u00eancias de idioma, para que voc\u00ea tenha uma experi\u00eancia melhor e mais eficiente em futuras visitas ao site.<\/p>\n\n\n\n<p>Caso decida alterar suas prefer\u00eancias posteriormente durante a sess\u00e3o de navega\u00e7\u00e3o, voc\u00ea pode clicar na guia \u201cPol\u00edtica de Privacidade e Cookies\u201d na tela. Isso exibir\u00e1 novamente o aviso de consentimento, permitindo que voc\u00ea altere suas prefer\u00eancias ou retire totalmente seu consentimento.<\/p>\n\n\n\n<p>Al\u00e9m disso, diferentes navegadores oferecem diferentes m\u00e9todos para bloquear e excluir cookies usados por sites. Voc\u00ea pode alterar as configura\u00e7\u00f5es do seu navegador.<br>Para saber mais sobre como gerenciar e excluir cookies, visite&nbsp;<a href=\"https:\/\/en.wikipedia.org\/wiki\/HTTP_cookie\" target=\"_blank\" rel=\"noreferrer noopener\">wikipedia.org<\/a>,&nbsp;<a href=\"http:\/\/www.allaboutcookies.org\/\" target=\"_blank\" rel=\"noreferrer noopener\">www.allaboutcookies.org.<\/a><\/p>\n\n\n\n<p class=\"has-text-color has-small-font-size\" style=\"color:#969fa2\"><em>Observe que esta p\u00e1gina foi traduzida automaticamente do original em ingl\u00eas<\/em>. <em>Nenhuma garantia de qualquer tipo, expressa ou impl\u00edcita, \u00e9 feita quanto \u00e0 exatid\u00e3o, confiabilidade e exatid\u00e3o de quaisquer tradu\u00e7\u00f5es feitas do ingl\u00eas para qualquer outro idioma.<\/em><\/p>","protected":false},"excerpt":{"rendered":"<p>About our cookies policy This Policy explains what cookies are and how we use them. You should read this policy to understand what they are, how we use them and [&hellip;]<\/p>\n","protected":false},"author":1,"featured_media":0,"parent":0,"menu_order":0,"comment_status":"closed","ping_status":"closed","template":"","meta":{"_uag_custom_page_level_css":"","_citadela_hide_page_title":"1","_citadela_remove_header_space":"1","_citadela_custom_class":"","_citadela_half_map_provider":"","_citadela_half_map_theme":"","_citadela_half_map_themeOSM":"","_citadela_half_map_customTheme":"","_citadela_half_map_dataType":"","_citadela_half_map_dynamicTrack":false,"_citadela_half_map_trackColor":"","_citadela_half_map_trackEndpointsColor":"","_citadela_half_map_filterCategory":"","_citadela_half_map_filterLocation":"","_citadela_half_map_filterFeatured":false,"_citadela_half_map_noDataBehavior":"empty-map","_citadela_half_map_noDataText":"","_citadela_half_map_clusterGridSize":80,"_citadela_header":false,"_citadela_header_over_content":false,"_citadela_header_text_color":"","_citadela_header_logo":[],"_citadela_header_bg_image":[],"_citadela_header_bg_position":{"x":0.5,"y":0.5},"_citadela_header_bg_size":"cover","_citadela_header_bg_repeat":"no-repeat","_citadela_header_bg_fixed":false,"_citadela_header_bg_color":"","_citadela_header_bg_image_overlay":"","_citadela_header_transparent_bg":false,"_citadela_content_width":"","_citadela_half_layout_position":"","footnotes":""},"class_list":["post-6407","page","type-page","status-publish","hentry"],"uagb_featured_image_src":{"full":false,"thumbnail":false,"medium":false,"medium_large":false,"large":false,"1536x1536":false,"2048x2048":false,"trp-custom-language-flag":false,"citadela_item_thumbnail":false,"woocommerce_thumbnail":false,"woocommerce_single":false,"woocommerce_gallery_thumbnail":false,"citadela_service":false},"uagb_author_info":{"display_name":"admin","author_link":"https:\/\/nodengo.com\/pt\/author\/admin\/"},"uagb_comment_info":0,"uagb_excerpt":"About our cookies policy This Policy explains what cookies are and how we use them. You should read this policy to understand what they are, how we use them and [&hellip;]","_links":{"self":[{"href":"https:\/\/nodengo.com\/pt\/wp-json\/wp\/v2\/pages\/6407","targetHints":{"allow":["GET"]}}],"collection":[{"href":"https:\/\/nodengo.com\/pt\/wp-json\/wp\/v2\/pages"}],"about":[{"href":"https:\/\/nodengo.com\/pt\/wp-json\/wp\/v2\/types\/page"}],"author":[{"embeddable":true,"href":"https:\/\/nodengo.com\/pt\/wp-json\/wp\/v2\/users\/1"}],"replies":[{"embeddable":true,"href":"https:\/\/nodengo.com\/pt\/wp-json\/wp\/v2\/comments?post=6407"}],"version-history":[{"count":0,"href":"https:\/\/nodengo.com\/pt\/wp-json\/wp\/v2\/pages\/6407\/revisions"}],"wp:attachment":[{"href":"https:\/\/nodengo.com\/pt\/wp-json\/wp\/v2\/media?parent=6407"}],"curies":[{"name":"wp","href":"https:\/\/api.w.org\/{rel}","templated":true}]}}