{"id":55264,"date":"2022-09-18T15:41:00","date_gmt":"2022-09-18T13:41:00","guid":{"rendered":"https:\/\/nodengo.com\/?page_id=55264"},"modified":"2025-12-09T15:43:23","modified_gmt":"2025-12-09T14:43:23","slug":"restaurants-1-promote-restaurant","status":"publish","type":"page","link":"https:\/\/nodengo.com\/pt\/hospitality-network\/restaurants-1-promote-restaurant\/","title":{"rendered":"Restaurants &#8211; 1 efficient way to promote your restaurant"},"content":{"rendered":"<!-- Flexy Breadcrumb -->\r\n\t\t\t<div class=\"fbc fbc-page\">\r\n\r\n\t\t\t\t<!-- Breadcrumb wrapper -->\r\n\t\t\t\t<div class=\"fbc-wrap\">\r\n\r\n\t\t\t\t\t<!-- Ordered list-->\r\n\t\t\t\t\t<ol class=\"fbc-items\" itemscope itemtype=\"https:\/\/schema.org\/BreadcrumbList\">\r\n\t\t\t\t\t\t            <li itemprop=\"itemListElement\" itemscope itemtype=\"https:\/\/schema.org\/ListItem\">\r\n                <span itemprop=\"name\">\r\n                    <!-- Home Link -->\r\n                    <a itemprop=\"item\" href=\"https:\/\/nodengo.com\/pt\/\">\r\n                    \r\n                                                    <i class=\"fa fa-home\" aria-hidden=\"true\"><\/i>Home                    <\/a>\r\n                <\/span>\r\n                <meta itemprop=\"position\" content=\"1\" \/><!-- Meta Position-->\r\n             <\/li><li><span class=\"fbc-separator\">\/<\/span><\/li><li class=\"active\" itemprop=\"itemListElement\" itemscope itemtype=\"https:\/\/schema.org\/ListItem\"><span itemprop=\"name\" title=\"Best Travel Blog\">Best Travel Blog<\/span><meta itemprop=\"position\" content=\"2\" \/><\/li>\t\t\t\t\t<\/ol>\r\n\t\t\t\t\t<div class=\"clearfix\"><\/div>\r\n\t\t\t\t<\/div>\r\n\t\t\t<\/div>\r\n\t\t\t\n\n\n\n<div class=\"wp-block-citadela-blocks-custom-container citadela-block-custom-container size-wide bg-type-color inside-space-none has-bg\" style=\"background-color:rgba(248, 248, 248, 1)\"><div class=\"inner-holder\">\n<figure class=\"wp-block-gallery has-nested-images columns-default is-cropped wp-block-gallery-2 is-layout-flex wp-block-gallery-is-layout-flex\">\n<figure class=\"wp-block-image size-large\"><img decoding=\"async\" width=\"640\" height=\"427\" data-id=\"55532\" src=\"https:\/\/nodengo.com\/wp-content\/uploads\/people-having-drink-at-daytime.jpg\" alt=\"\" class=\"wp-image-55532\" title=\"\" srcset=\"https:\/\/nodengo.com\/wp-content\/uploads\/people-having-drink-at-daytime.jpg 640w, https:\/\/nodengo.com\/wp-content\/uploads\/people-having-drink-at-daytime-150x100.jpg 150w, https:\/\/nodengo.com\/wp-content\/uploads\/people-having-drink-at-daytime-300x200.jpg 300w, https:\/\/nodengo.com\/wp-content\/uploads\/people-having-drink-at-daytime-18x12.jpg 18w\" sizes=\"(max-width: 640px) 100vw, 640px\" \/><\/figure>\n\n\n\n<figure class=\"wp-block-image size-large\"><img decoding=\"async\" width=\"1024\" height=\"576\" data-id=\"31049\" src=\"https:\/\/nodengo.com\/wp-content\/uploads\/restaurant-dp-02-1024x576.jpg\" alt=\"Restaurants header Nodengo.com\" class=\"wp-image-31049\" title=\"\" srcset=\"https:\/\/nodengo.com\/wp-content\/uploads\/restaurant-dp-02-1024x576.jpg 1024w, https:\/\/nodengo.com\/wp-content\/uploads\/restaurant-dp-02-150x84.jpg 150w, https:\/\/nodengo.com\/wp-content\/uploads\/restaurant-dp-02-900x506.jpg 900w, https:\/\/nodengo.com\/wp-content\/uploads\/restaurant-dp-02-300x169.jpg 300w, https:\/\/nodengo.com\/wp-content\/uploads\/restaurant-dp-02-768x432.jpg 768w, https:\/\/nodengo.com\/wp-content\/uploads\/restaurant-dp-02-1536x864.jpg 1536w, https:\/\/nodengo.com\/wp-content\/uploads\/restaurant-dp-02-18x10.jpg 18w, https:\/\/nodengo.com\/wp-content\/uploads\/restaurant-dp-02.jpg 1920w\" sizes=\"(max-width: 1024px) 100vw, 1024px\" \/><\/figure>\n\n\n\n<figure class=\"wp-block-image size-large\"><img decoding=\"async\" width=\"650\" height=\"400\" data-id=\"8150\" src=\"https:\/\/nodengo.com\/wp-content\/uploads\/Restaurants-HCWY.jpg\" alt=\"Restaurants HCWY\" class=\"wp-image-8150\" title=\"\" srcset=\"https:\/\/nodengo.com\/wp-content\/uploads\/Restaurants-HCWY.jpg 650w, https:\/\/nodengo.com\/wp-content\/uploads\/Restaurants-HCWY-150x92.jpg 150w, https:\/\/nodengo.com\/wp-content\/uploads\/Restaurants-HCWY-300x185.jpg 300w, https:\/\/nodengo.com\/wp-content\/uploads\/Restaurants-HCWY-16x10.jpg 16w\" sizes=\"(max-width: 650px) 100vw, 650px\" \/><\/figure>\n<\/figure>\n\n\n\n<p class=\"has-text-align-right\"><i class=\"fas fa-user\"><\/i> <a href=\"\/pt\/partner-help\/\">Parceiros<\/a> | <i class=\"fas fa-pen\"><\/i> <a href=\"\/pt\/partner-help\/#editors\">Editores<\/a> | <i class=\"fas fa-question\"><\/i> <a href=\"\/pt\/partner-help\/\">Ajuda<\/a> | <i class=\"fas fa-id-card\"><\/i> <a href=\"https:\/\/nodengo.com\/pt\/parther-help\/-28\/\">Contato<\/a> | <i class=\"fas fa-list\"><\/i> <a href=\"\/pt\/-4\/\">Conta <\/a><\/p>\n<\/div><\/div>\n\n\n\n<div class=\"wp-block-citadela-blocks-custom-container citadela-block-custom-container size-wide bg-type-none inside-space-none\"><div class=\"inner-holder\">\n<div class=\"wp-block-columns is-layout-flex wp-container-core-columns-is-layout-9d6595d7 wp-block-columns-is-layout-flex\">\n<div class=\"wp-block-column is-layout-flow wp-block-column-is-layout-flow\" style=\"flex-basis:27%\">\n<h6 class=\"wp-block-heading\">Op\u00e7\u00f5es dispon\u00edveis<\/h6>\n\n\n\n<h3 class=\"wp-block-heading\"><strong>CATEGORIA:<\/strong><\/h3>\n\n\n\n<h3 class=\"wp-block-heading\">Restaurantes<\/h3>\n\n\n\n<p><strong>Listagem<\/strong>&nbsp;<a href=\"https:\/\/nodengo.com\/pt\/-2\/\">Liste seu estabelecimento<\/a><\/p>\n\n\n\n<p><strong>Mais informa\u00e7\u00f5es&nbsp;<\/strong><a href=\"https:\/\/nodengo.com\/pt\/-35\/hospitality-and-services-provider\/\" data-type=\"link\" data-id=\"https:\/\/nodengo.com\/en\/hospitality-network\/hospitality-and-services-provider\/\">Apresenta\u00e7\u00e3o<\/a><\/p>\n\n\n\n<p><strong>Pacotes:&nbsp;<\/strong><a href=\"https:\/\/nodengo.com\/pt\/plans-and-features\/\" data-type=\"page\" data-id=\"80743\">Veja nossos planos<\/a><\/p>\n\n\n\n<p><strong>Registro:&nbsp;<\/strong><a href=\"\/pt\/-2\/\">Junte-se a n\u00f3s <\/a><\/p>\n\n\n\n<p><strong>An\u00e1lise :<\/strong>&nbsp;<a href=\"https:\/\/nodengo.com\/pt\/-35\/-16\/\" data-type=\"link\" data-id=\"https:\/\/nodengo.com\/en\/hospitality-network\/reviews\/\">Fa\u00e7a a avalia\u00e7\u00e3o do seu estabelecimento<\/a><\/p>\n\n\n\n<p><strong>Anunciar<\/strong>&nbsp;<a href=\"http:\/\/ads.nodengo.com\/\" target=\"_blank\" rel=\"noreferrer noopener\">Veja nossas op\u00e7\u00f5es de publicidade<\/a><\/p>\n\n\n\n<p><strong>Diretrizes de publica\u00e7\u00e3o:&nbsp;<\/strong><a href=\"https:\/\/nodengo.com\/pt\/diretrizes-de-publicacao\/\">aqui<\/a><\/p>\n<\/div>\n\n\n\n<div class=\"wp-block-column is-layout-flow wp-block-column-is-layout-flow\" style=\"flex-basis:75%\">\n<p class=\"has-medium-font-size\">Propriet\u00e1rios e Operadores de Restaurantes<\/p>\n\n\n\n<div class=\"wp-block-columns is-layout-flex wp-container-core-columns-is-layout-9d6595d7 wp-block-columns-is-layout-flex\">\n<div class=\"wp-block-column is-layout-flow wp-block-column-is-layout-flow\" style=\"flex-basis:33.33%\">\n<p><figure class=\"wp-block-image size-full is-resized\"><img decoding=\"async\" width=\"289\" height=\"367\" src=\"https:\/\/nodengo.com\/wp-content\/uploads\/Head-Chef-Restaurant-Header.jpg\" alt=\"Head Chef Restaurant Header\" class=\"wp-image-19907\" style=\"width:187px;height:237px\" title=\"\" srcset=\"https:\/\/nodengo.com\/wp-content\/uploads\/Head-Chef-Restaurant-Header.jpg 289w, https:\/\/nodengo.com\/wp-content\/uploads\/Head-Chef-Restaurant-Header-118x150.jpg 118w, https:\/\/nodengo.com\/wp-content\/uploads\/Head-Chef-Restaurant-Header-236x300.jpg 236w, https:\/\/nodengo.com\/wp-content\/uploads\/Head-Chef-Restaurant-Header-9x12.jpg 9w\" sizes=\"(max-width: 289px) 100vw, 289px\" \/><\/figure><\/p>\n<\/div>\n\n\n\n<div class=\"wp-block-column is-layout-flow wp-block-column-is-layout-flow\" style=\"flex-basis:66.66%\">\n<p>Como propriet\u00e1rio e\/ou operador de restaurante, voc\u00ea atende principalmente \u00e0 clientela local, que vem visitar seu restaurante todos os dias, seu estabelecimento \u00e9 famoso em sua cidade e todos na cidade elogiam.<\/p>\n\n\n\n<p>Nosso site tem como objetivo fornecer aos visitantes em potencial, informa\u00e7\u00f5es precisas, imparciais e atualizadas sobre a cidade que eles planejam visitar.<\/p>\n<\/div>\n<\/div>\n\n\n\n<p>Somos um encontro de profissionais do turismo local como voc\u00ea, que vivem no seu bairro e podem \u201cprofissionalmente\u201d contar ao mundo sobre o seu estabelecimento.<\/p>\n\n\n\n<p>N\u00f3s nos propusemos a ser o lugar n\u00famero um para informa\u00e7\u00f5es de destino em todo o mundo, fornecendo informa\u00e7\u00f5es e coment\u00e1rios imparciais, profissionais e precisos sobre restaurantes locais fornecidos por editores locais.<\/p>\n\n\n\n<p>Conte-lhes sobre voc\u00ea enquanto preparam suas f\u00e9rias. Nosso site \u00e9 dedicado a contar sobre os melhores lugares antes que os clientes reservem sua viagem e planejem suas f\u00e9rias, da\u00ed nosso nome \u201cKnow Then Go\u201d<\/p>\n\n\n\n<p>Aqui est\u00e3o alguns dos recursos que oferecemos nas p\u00e1ginas da cidade<\/p>\n\n\n\n<ul class=\"wp-block-list\">\n<li>Um resumo da \u00e1rea, com destaques de lugares importantes e um blog da cidade fornecido por nossos editores locais.<\/li>\n\n\n\n<li>Uma revis\u00e3o dos melhores restaurantes da cidade, fornecida por nossos editores locais.<\/li>\n\n\n\n<li>Listagem e recomenda\u00e7\u00e3o de restaurantes<\/li>\n\n\n\n<li>Informa\u00e7\u00f5es sobre recrea\u00e7\u00e3o e atividades ao ar livre.<\/li>\n\n\n\n<li>Guias de arte e cultura, incluindo museus, teatros e outras atra\u00e7\u00f5es<\/li>\n\n\n\n<li>Mapas e guias<\/li>\n\n\n\n<li>Informa\u00e7\u00f5es de transporte p\u00fablico<\/li>\n\n\n\n<li>Informa\u00e7\u00f5es do aeroporto<\/li>\n<\/ul>\n\n\n\n<h3 class=\"wp-block-heading has-text-align-center has-text-color\" style=\"color:#1c4e3c\">Junte-se a n\u00f3s, adicione seu estabelecimento ao nosso\u00a0site\u00a0GRATUITAMENTE<\/h3>\n\n\n\n<div class=\"wp-block-buttons is-layout-flex wp-block-buttons-is-layout-flex\">\n<div class=\"wp-block-button has-custom-width wp-block-button__width-100 is-style-outline is-style-outline--3\"><a class=\"wp-block-button__link has-white-color has-text-color has-link-color wp-element-button\" href=\"\/pt\/-2\/\">Cadastre seu estabelecimento<\/a><\/div>\n<\/div>\n<\/div>\n<\/div>\n<\/div><\/div>\n\n\n<div class=\"wp-block-image is-resized\">\n<figure class=\"aligncenter size-full\"><img decoding=\"async\" width=\"300\" height=\"236\" src=\"https:\/\/nodengo.com\/wp-content\/uploads\/headchefrestlist-300x236-1.jpg\" alt=\"\" class=\"wp-image-54704\" title=\"\" srcset=\"https:\/\/nodengo.com\/wp-content\/uploads\/headchefrestlist-300x236-1.jpg 300w, https:\/\/nodengo.com\/wp-content\/uploads\/headchefrestlist-300x236-1-150x118.jpg 150w, https:\/\/nodengo.com\/wp-content\/uploads\/headchefrestlist-300x236-1-15x12.jpg 15w\" sizes=\"(max-width: 300px) 100vw, 300px\" \/><\/figure>\n<\/div>\n\n\n<div class=\"wp-block-citadela-blocks-custom-container citadela-block-custom-container size-content bg-type-none inside-space-none\"><div class=\"inner-holder\">\n<p class=\"has-medium-font-size\">UMA NOVA FORMA DE TER COMENT\u00c1RIOS PUBLICADOS<\/p>\n\n\n\n<p class=\"has-small-font-size\">Para o seu estabelecimento, oferecemos uma alternativa e uma nova forma de obter o seu <strong>restaurante<\/strong>&nbsp;promovido<\/p>\n\n\n\n<p>Como operador de restaurante, voc\u00ea sabe como \u00e9 dif\u00edcil ter coment\u00e1rios \u201cprecisos\u201d dos h\u00f3spedes na internet.<\/p>\n\n\n\n<p>Voc\u00ea tenta atrair turistas e oferecer \"cozinha local\" e especialidades regionais que conhece bem, mas infelizmente seu restaurante foi mal avaliado porque uma pessoa n\u00e3o familiarizada com a tradi\u00e7\u00e3o e especialidades culin\u00e1rias da regi\u00e3o n\u00e3o as compreendeu ou apreciou.<\/p>\n\n\n\n<p>Que tal ser avaliado por um Editor \u201clocal\u201d, eles moram na sua cidade\/regi\u00e3o, entendem da culin\u00e1ria e sabem como \u00e9 um prato local, tem gosto e deve ser apresentado.<\/p>\n\n\n\n<p>Isso n\u00e3o garante uma boa \u201ccr\u00edtica\u201d, mas achamos que seria mais preciso do que deixar para \u201ccr\u00edticos casuais de comida\u201d, e dar\u00e1 uma descri\u00e7\u00e3o verdadeira do seu restaurante, n\u00e3o estamos dizendo que ser\u00e1 para todos gosto, s\u00f3 que a resenha ficar\u00e1 mais afinada com o que voc\u00ea prop\u00f5e.<\/p>\n\n\n\n<p>N\u00e3o nos entenda mal, n\u00e3o estamos dizendo que a maioria dos coment\u00e1rios n\u00e3o tem alguma\u00a0 precis\u00e3o ou validade, estamos simplesmente dizendo, o que agrada a um, n\u00e3o necessariamente agrada a outro. queremos oferecer uma alternativa a essas avalia\u00e7\u00f5es \u201camadoras\u201d, somos profissionais, fazemos a mesma coisa que voc\u00ea.<\/p>\n\n\n\n<p>Nossa miss\u00e3o \u00e9 corrigir esse erro, oferecendo aos restaurantes uma maneira alternativa de divulgar seus restaurantes ao p\u00fablico.<\/p>\n\n\n\n<p>Somos diferentes e n\u00e3o achamos que voc\u00ea deva ser penalizado quando algo d\u00e1 errado. Acreditamos que o sistema de classifica\u00e7\u00e3o de viagens hoje deve ser melhorado significativamente.<\/p>\n\n\n\n<h3 class=\"wp-block-heading\">N\u00e3o demore. Tenha seu estabelecimento profissionalmente <strong><a href=\"https:\/\/nodengo.com\/pt\/-27\/-23\/geneva-reviews-gva\/\" type=\"page\" id=\"54509\">Avaliado<\/a><\/strong> agora<\/h3>\n<\/div><\/div>","protected":false},"excerpt":{"rendered":"","protected":false},"author":249,"featured_media":0,"parent":54134,"menu_order":0,"comment_status":"closed","ping_status":"closed","template":"","meta":{"_uag_custom_page_level_css":"","_citadela_hide_page_title":"1","_citadela_remove_header_space":"1","_citadela_custom_class":"","_citadela_half_map_provider":"","_citadela_half_map_theme":"","_citadela_half_map_themeOSM":"","_citadela_half_map_customTheme":"","_citadela_half_map_dataType":"","_citadela_half_map_dynamicTrack":false,"_citadela_half_map_trackColor":"","_citadela_half_map_trackEndpointsColor":"","_citadela_half_map_filterCategory":"","_citadela_half_map_filterLocation":"","_citadela_half_map_filterFeatured":false,"_citadela_half_map_noDataBehavior":"empty-map","_citadela_half_map_noDataText":"","_citadela_half_map_clusterGridSize":80,"_citadela_header":true,"_citadela_header_over_content":false,"_citadela_header_text_color":"","_citadela_header_logo":[],"_citadela_header_bg_image":[],"_citadela_header_bg_position":{"x":0.5,"y":0.5},"_citadela_header_bg_size":"cover","_citadela_header_bg_repeat":"no-repeat","_citadela_header_bg_fixed":false,"_citadela_header_bg_color":"","_citadela_header_bg_image_overlay":"","_citadela_header_transparent_bg":false,"_citadela_content_width":"","_citadela_half_layout_position":"","footnotes":""},"class_list":["post-55264","page","type-page","status-publish","hentry"],"uagb_featured_image_src":{"full":false,"thumbnail":false,"medium":false,"medium_large":false,"large":false,"1536x1536":false,"2048x2048":false,"trp-custom-language-flag":false,"citadela_item_thumbnail":false,"woocommerce_thumbnail":false,"woocommerce_single":false,"woocommerce_gallery_thumbnail":false,"citadela_service":false},"uagb_author_info":{"display_name":"Team Nodengo","author_link":"https:\/\/nodengo.com\/pt\/author\/nodengo-team\/"},"uagb_comment_info":0,"uagb_excerpt":null,"_links":{"self":[{"href":"https:\/\/nodengo.com\/pt\/wp-json\/wp\/v2\/pages\/55264","targetHints":{"allow":["GET"]}}],"collection":[{"href":"https:\/\/nodengo.com\/pt\/wp-json\/wp\/v2\/pages"}],"about":[{"href":"https:\/\/nodengo.com\/pt\/wp-json\/wp\/v2\/types\/page"}],"author":[{"embeddable":true,"href":"https:\/\/nodengo.com\/pt\/wp-json\/wp\/v2\/users\/249"}],"replies":[{"embeddable":true,"href":"https:\/\/nodengo.com\/pt\/wp-json\/wp\/v2\/comments?post=55264"}],"version-history":[{"count":0,"href":"https:\/\/nodengo.com\/pt\/wp-json\/wp\/v2\/pages\/55264\/revisions"}],"up":[{"embeddable":true,"href":"https:\/\/nodengo.com\/pt\/wp-json\/wp\/v2\/pages\/54134"}],"wp:attachment":[{"href":"https:\/\/nodengo.com\/pt\/wp-json\/wp\/v2\/media?parent=55264"}],"curies":[{"name":"wp","href":"https:\/\/api.w.org\/{rel}","templated":true}]}}