{"id":54712,"date":"2022-09-17T18:39:05","date_gmt":"2022-09-17T16:39:05","guid":{"rendered":"https:\/\/nodengo.com\/?page_id=54712"},"modified":"2024-08-20T10:26:10","modified_gmt":"2024-08-20T08:26:10","slug":"tourism-promote-your-services","status":"publish","type":"page","link":"https:\/\/nodengo.com\/pt\/hospitality-network\/tourism-promote-your-services\/","title":{"rendered":"Tourism Professionals &#8211; 1 new and efficient way to promote your services"},"content":{"rendered":"<!-- Flexy Breadcrumb -->\r\n\t\t\t<div class=\"fbc fbc-page\">\r\n\r\n\t\t\t\t<!-- Breadcrumb wrapper -->\r\n\t\t\t\t<div class=\"fbc-wrap\">\r\n\r\n\t\t\t\t\t<!-- Ordered list-->\r\n\t\t\t\t\t<ol class=\"fbc-items\" itemscope itemtype=\"https:\/\/schema.org\/BreadcrumbList\">\r\n\t\t\t\t\t\t            <li itemprop=\"itemListElement\" itemscope itemtype=\"https:\/\/schema.org\/ListItem\">\r\n                <span itemprop=\"name\">\r\n                    <!-- Home Link -->\r\n                    <a itemprop=\"item\" href=\"https:\/\/nodengo.com\/pt\/\">\r\n                    \r\n                                                    <i class=\"fa fa-home\" aria-hidden=\"true\"><\/i>Home                    <\/a>\r\n                <\/span>\r\n                <meta itemprop=\"position\" content=\"1\" \/><!-- Meta Position-->\r\n             <\/li><li><span class=\"fbc-separator\">\/<\/span><\/li><li class=\"active\" itemprop=\"itemListElement\" itemscope itemtype=\"https:\/\/schema.org\/ListItem\"><span itemprop=\"name\" title=\"Best Travel Blog\">Best Travel Blog<\/span><meta itemprop=\"position\" content=\"2\" \/><\/li>\t\t\t\t\t<\/ol>\r\n\t\t\t\t\t<div class=\"clearfix\"><\/div>\r\n\t\t\t\t<\/div>\r\n\t\t\t<\/div>\r\n\t\t\t\n\n\n\n<div class=\"wp-block-citadela-blocks-custom-container citadela-block-custom-container size-wide bg-type-color inside-space-none has-bg\" style=\"background-color:rgba(248, 248, 248, 1)\"><div class=\"inner-holder\">\n<figure class=\"wp-block-gallery has-nested-images columns-default is-cropped wp-block-gallery-2 is-layout-flex wp-block-gallery-is-layout-flex\">\n<figure class=\"wp-block-image size-large\"><img decoding=\"async\" width=\"300\" height=\"169\" data-id=\"54716\" src=\"https:\/\/nodengo.com\/wp-content\/uploads\/automobile-dp-03-300x169-1.jpg\" alt=\"\" class=\"wp-image-54716\" title=\"\" srcset=\"https:\/\/nodengo.com\/wp-content\/uploads\/automobile-dp-03-300x169-1.jpg 300w, https:\/\/nodengo.com\/wp-content\/uploads\/automobile-dp-03-300x169-1-150x85.jpg 150w, https:\/\/nodengo.com\/wp-content\/uploads\/automobile-dp-03-300x169-1-18x10.jpg 18w\" sizes=\"(max-width: 300px) 100vw, 300px\" \/><\/figure>\n\n\n\n<figure class=\"wp-block-image size-large\"><img decoding=\"async\" width=\"300\" height=\"169\" data-id=\"54717\" src=\"https:\/\/nodengo.com\/wp-content\/uploads\/hotel-dp-08-300x169-1.jpg\" alt=\"\" class=\"wp-image-54717\" title=\"\" srcset=\"https:\/\/nodengo.com\/wp-content\/uploads\/hotel-dp-08-300x169-1.jpg 300w, https:\/\/nodengo.com\/wp-content\/uploads\/hotel-dp-08-300x169-1-150x85.jpg 150w, https:\/\/nodengo.com\/wp-content\/uploads\/hotel-dp-08-300x169-1-18x10.jpg 18w\" sizes=\"(max-width: 300px) 100vw, 300px\" \/><\/figure>\n\n\n\n<figure class=\"wp-block-image size-large\"><img decoding=\"async\" width=\"300\" height=\"169\" data-id=\"54164\" src=\"https:\/\/nodengo.com\/wp-content\/uploads\/others-presentation.jpg\" alt=\"\" class=\"wp-image-54164\" title=\"\" srcset=\"https:\/\/nodengo.com\/wp-content\/uploads\/others-presentation.jpg 300w, https:\/\/nodengo.com\/wp-content\/uploads\/others-presentation-150x85.jpg 150w, https:\/\/nodengo.com\/wp-content\/uploads\/others-presentation-18x10.jpg 18w\" sizes=\"(max-width: 300px) 100vw, 300px\" \/><\/figure>\n<\/figure>\n\n\n\n<p class=\"has-text-align-right\"><i class=\"fas fa-user\"><\/i> <a href=\"\/pt\/partner-help\/\">Parceiros<\/a> | <i class=\"fas fa-pen\"><\/i> <a href=\"\/pt\/partner-help\/#editors\">Editores<\/a> | <i class=\"fas fa-question\"><\/i> <a href=\"\/pt\/partner-help\/\">Ajuda<\/a> | <i class=\"fas fa-id-card\"><\/i> <a href=\"https:\/\/nodengo.com\/pt\/parther-help\/-28\/\">Contato<\/a> | <i class=\"fas fa-list\"><\/i> <a href=\"\/pt\/-4\/\">Conta <\/a><\/p>\n<\/div><\/div>\n\n\n\n<div class=\"wp-block-citadela-blocks-custom-container citadela-block-custom-container size-wide bg-type-none inside-space-none\"><div class=\"inner-holder\">\n<div class=\"wp-block-columns is-layout-flex wp-container-core-columns-is-layout-9d6595d7 wp-block-columns-is-layout-flex\">\n<div class=\"wp-block-column is-layout-flow wp-block-column-is-layout-flow\" style=\"flex-basis:27%\">\n<h6 class=\"wp-block-heading\">Op\u00e7\u00f5es dispon\u00edveis<\/h6>\n\n\n\n<h3 class=\"wp-block-heading\"><strong>CATEGORIA:<\/strong><\/h3>\n\n\n\n<h3 class=\"wp-block-heading\">Profissionais de turismo<\/h3>\n\n\n\n<p><strong>Listagem<\/strong>&nbsp;<a href=\"https:\/\/nodengo.com\/pt\/-2\/\">Liste seu estabelecimento<\/a><\/p>\n\n\n\n<p><strong>Mais informa\u00e7\u00f5es&nbsp;<\/strong><a href=\"https:\/\/nodengo.com\/pt\/-35\/hospitality-and-services-provider\/\" data-type=\"link\" data-id=\"https:\/\/nodengo.com\/en\/hospitality-network\/hospitality-and-services-provider\/\">Apresenta\u00e7\u00e3o<\/a><\/p>\n\n\n\n<p><strong>Pacotes:\u00a0<\/strong><a href=\"https:\/\/nodengo.com\/pt\/plans-and-features\/\" data-type=\"page\" data-id=\"80743\">Veja nossos planos<\/a><\/p>\n\n\n\n<p><strong>Registro:\u00a0<\/strong><a href=\"\/pt\/-2\/\">Junte-se a n\u00f3s <\/a><\/p>\n\n\n\n<p><strong>An\u00e1lise :<\/strong>&nbsp;<a href=\"https:\/\/nodengo.com\/pt\/-35\/-16\/\" data-type=\"link\" data-id=\"https:\/\/nodengo.com\/en\/hospitality-network\/reviews\/\">Fa\u00e7a a avalia\u00e7\u00e3o do seu estabelecimento<\/a><\/p>\n\n\n\n<p><strong>Anunciar<\/strong>&nbsp;<a href=\"http:\/\/ads.nodengo.com\/\" target=\"_blank\" rel=\"noreferrer noopener\">Veja nossas op\u00e7\u00f5es de publicidade<\/a><\/p>\n\n\n\n<p><strong>Diretrizes de publica\u00e7\u00e3o:&nbsp;<\/strong><a href=\"https:\/\/nodengo.com\/pt\/diretrizes-de-publicacao\/\">aqui<\/a><\/p>\n<\/div>\n\n\n\n<div class=\"wp-block-column is-layout-flow wp-block-column-is-layout-flow\" style=\"flex-basis:75%\">\n<p class=\"has-medium-font-size\">Profissionais de Turismo - Propriet\u00e1rios e Operadores<\/p>\n\n\n\n<div class=\"wp-block-columns is-layout-flex wp-container-core-columns-is-layout-9d6595d7 wp-block-columns-is-layout-flex\">\n<div class=\"wp-block-column is-layout-flow wp-block-column-is-layout-flow\" style=\"flex-basis:33.33%\">\n<figure class=\"wp-block-image size-full\"><img decoding=\"async\" width=\"167\" height=\"250\" src=\"https:\/\/nodengo.com\/wp-content\/uploads\/listing-toplogo1.jpg\" alt=\"tourism professionals\" class=\"wp-image-54718\" title=\"\" srcset=\"https:\/\/nodengo.com\/wp-content\/uploads\/listing-toplogo1.jpg 167w, https:\/\/nodengo.com\/wp-content\/uploads\/listing-toplogo1-100x150.jpg 100w, https:\/\/nodengo.com\/wp-content\/uploads\/listing-toplogo1-8x12.jpg 8w\" sizes=\"(max-width: 167px) 100vw, 167px\" \/><\/figure>\n<\/div>\n\n\n\n<div class=\"wp-block-column is-layout-flow wp-block-column-is-layout-flow\" style=\"flex-basis:66.66%\">\n<p>N\u00e3o importa qual neg\u00f3cio de profissionais de turismo voc\u00ea opera e onde, voc\u00ea sabe o qu\u00e3o dif\u00edcil \u00e9 ter seus servi\u00e7os conhecidos do p\u00fablico<\/p>\n\n\n\n<p>Voc\u00ea pode participar dos sites de listagem \u201cprincipais\u201d, mas ser\u00e1 lavado em meio a milhares de sites e milh\u00f5es de provedores de servi\u00e7os<\/p>\n\n\n\n<p>Por outro lado, se voc\u00ea deseja atingir um p\u00fablico que est\u00e1 planejando visitar sua cidade ou regi\u00e3o, antes de entrar no avi\u00e3o\/trem, seja listado ou melhor ainda, seja avaliado por n\u00f3s.<\/p>\n<\/div>\n<\/div>\n\n\n\n<p>Somos um encontro de profissionais da hotelaria local, que vivem no seu bairro e podemos \u201cprofissionalmente\u201d contar ao mundo sobre o seu estabelecimento.<\/p>\n\n\n\n<p>N\u00f3s nos propusemos a ser o lugar n\u00famero um para informa\u00e7\u00f5es de destino em todo o mundo, fornecendo informa\u00e7\u00f5es e coment\u00e1rios imparciais, profissionais e precisos sobre restaurantes locais fornecidos por editores locais.<\/p>\n\n\n\n<p>O tempo de f\u00e9rias de todos diminuiu ao longo dos anos, enquanto a maioria faz viagens mais curtas, mas com mais frequ\u00eancia, o que os deixa com pouco tempo dispon\u00edvel para visitar uma cidade\/regi\u00e3o.<\/p>\n\n\n\n<p>Voc\u00ea pode ter as atra\u00e7\u00f5es mais incr\u00edveis ou oferecer servi\u00e7os excelentes. n\u00e3o ajuda se voc\u00ea n\u00e3o pode ser encontrado<\/p>\n\n\n\n<p>Conte-lhes sobre voc\u00ea enquanto preparam suas f\u00e9rias. Nosso site \u00e9 dedicado a contar sobre os melhores lugares antes que os clientes reservem sua viagem e planejem suas f\u00e9rias, da\u00ed nosso nome \u201cKnow Then Go\u201d<\/p>\n\n\n\n<p>Aqui est\u00e3o alguns dos recursos que oferecemos nas p\u00e1ginas da cidade<\/p>\n\n\n\n<ul class=\"wp-block-list\">\n<li>Um resumo da \u00e1rea, com destaques de lugares importantes e um blog da cidade fornecido por nossos editores locais.<\/li>\n\n\n\n<li>Uma revis\u00e3o das melhores atra\u00e7\u00f5es da cidade, fornecida por nossos editores locais.<\/li>\n\n\n\n<li>Recomenda\u00e7\u00f5es de atra\u00e7\u00f5es e coisas para fazer com links da web<\/li>\n\n\n\n<li>Informa\u00e7\u00f5es sobre recrea\u00e7\u00e3o e atividades ao ar livre.<\/li>\n\n\n\n<li>Guias de arte e cultura, incluindo museus, teatros e outras atra\u00e7\u00f5es<\/li>\n\n\n\n<li>Mapas e guias<\/li>\n\n\n\n<li>Informa\u00e7\u00f5es de transporte p\u00fablico<\/li>\n\n\n\n<li>Informa\u00e7\u00f5es do aeroporto<\/li>\n<\/ul>\n\n\n\n<h3 class=\"wp-block-heading has-text-align-center has-text-color\" style=\"color:#1c4e3c\">Join Us, add your establishment to our\u00a0website\u00a0for FREE<\/h3>\n\n\n\n<div class=\"wp-block-buttons is-layout-flex wp-block-buttons-is-layout-flex\">\n<div class=\"wp-block-button has-custom-width wp-block-button__width-100 is-style-outline is-style-outline--3\"><a class=\"wp-block-button__link wp-element-button\" href=\"\/pt\/-2\/\">Cadastre seu estabelecimento<\/a><\/div>\n<\/div>\n\n\n\n<div style=\"height:23px\" aria-hidden=\"true\" class=\"wp-block-spacer\"><\/div>\n<\/div>\n<\/div>\n<\/div><\/div>\n\n\n<div class=\"wp-block-image\">\n<figure class=\"aligncenter size-full\"><img decoding=\"async\" width=\"167\" height=\"250\" src=\"https:\/\/nodengo.com\/wp-content\/uploads\/listing-toplogo1.jpg\" alt=\"\" class=\"wp-image-54718\" title=\"\" srcset=\"https:\/\/nodengo.com\/wp-content\/uploads\/listing-toplogo1.jpg 167w, https:\/\/nodengo.com\/wp-content\/uploads\/listing-toplogo1-100x150.jpg 100w, https:\/\/nodengo.com\/wp-content\/uploads\/listing-toplogo1-8x12.jpg 8w\" sizes=\"(max-width: 167px) 100vw, 167px\" \/><figcaption class=\"wp-element-caption\"> <\/figcaption><\/figure>\n<\/div>\n\n\n<div class=\"wp-block-citadela-blocks-custom-container citadela-block-custom-container size-wide bg-type-none inside-space-none\"><div class=\"inner-holder\">\n<p class=\"has-medium-font-size\">UMA NOVA FORMA DE TER COMENT\u00c1RIOS PUBLICADOS<\/p>\n\n\n\n<p><br>Como profissionais de turismo, voc\u00ea sabe como \u00e9 dif\u00edcil ter coment\u00e1rios \u201cprecisos\u201d de h\u00f3spedes na rede.<\/p>\n\n\n\n<p>Como todos sabemos, os clientes t\u00eam uma vers\u00e3o bastante simplificada do que \u00e9 gerir um neg\u00f3cio orientado para o turismo, n\u00e3o que queiramos que o compreendam completamente, n\u00e3o \u00e9 o seu lugar nem o seu papel.<\/p>\n\n\n\n<p>Mas voc\u00ea deve admitir que \u00e9 bastante frustrante que depois de tentar de tudo para agradar um h\u00f3spede, ele desconta em voc\u00ea com seus \u201ccoment\u00e1rios\u201d, muitas vezes sobre quest\u00f5es, como o clima, sobre as quais voc\u00ea n\u00e3o tem controle.<\/p>\n\n\n\n<p>Pior, eles n\u00e3o dizem o que n\u00e3o os agrada enquanto est\u00e3o l\u00e1 (e muitas vezes \u00e9 uma solu\u00e7\u00e3o f\u00e1cil), mas eles reclamam disso online.<\/p>\n\n\n\n<p>N\u00e3o nos leve a mal, n\u00e3o estamos dizendo que a maioria dos coment\u00e1rios n\u00e3o tem algum tipo de precis\u00e3o ou validade, estamos simplesmente dizendo que o que agrada a um n\u00e3o necessariamente agrada a outro.<\/p>\n\n\n\n<p>A nossa miss\u00e3o \u00e9 corrigir este erro, oferecendo aos profissionais do turismo uma forma alternativa de dar a conhecer ao p\u00fablico o seu estabelecimento e servi\u00e7os.<\/p>\n\n\n\n<p>Essas avalia\u00e7\u00f5es \u201cpseudo\u201d s\u00e3o preenchidas por indiv\u00edduos que n\u00e3o possuem o conhecimento e a percep\u00e7\u00e3o de trabalhar na ind\u00fastria do turismo, queremos oferecer uma alternativa a essas avalia\u00e7\u00f5es \u201camadoras\u201d, somos profissionais, fazemos a mesma coisa que voc\u00ea.<\/p>\n\n\n\n<p>Somos diferentes e n\u00e3o achamos que voc\u00ea deva ser penalizado quando algo d\u00e1 errado. Acreditamos que o sistema de classifica\u00e7\u00e3o de viagens hoje deve ser melhorado significativamente.<\/p>\n\n\n\n<h3 class=\"wp-block-heading\">N\u00e3o demore. Tenha seu estabelecimento profissionalmente&nbsp;<a href=\"https:\/\/nodengo.com\/pt\/-27\/-23\/geneva-reviews-gva\/\" type=\"page\" id=\"54509\"><strong>Avaliado<\/strong>&nbsp;<\/a>agora<\/h3>\n<\/div><\/div>\n\n\n\n<h3 class=\"wp-block-heading\">Tamb\u00e9m oferecemos publicidade <a href=\"http:\/\/ads.nodengo.com\">ofertas  <\/a><\/h3>\n\n\n\n<figure class=\"wp-block-image size-full\"><img decoding=\"async\" width=\"970\" height=\"90\" src=\"https:\/\/nodengo.com\/wp-content\/uploads\/space-avail-970X90.png\" alt=\"advertising banner 970x90\" class=\"wp-image-10582\" title=\"\" srcset=\"https:\/\/nodengo.com\/wp-content\/uploads\/space-avail-970X90.png 970w, https:\/\/nodengo.com\/wp-content\/uploads\/space-avail-970X90-150x14.png 150w, https:\/\/nodengo.com\/wp-content\/uploads\/space-avail-970X90-900x84.png 900w, https:\/\/nodengo.com\/wp-content\/uploads\/space-avail-970X90-300x28.png 300w, https:\/\/nodengo.com\/wp-content\/uploads\/space-avail-970X90-768x71.png 768w, https:\/\/nodengo.com\/wp-content\/uploads\/space-avail-970X90-16x1.png 16w\" sizes=\"(max-width: 970px) 100vw, 970px\" \/><\/figure>","protected":false},"excerpt":{"rendered":"<p>We also offer fully targeted advertising<\/p>","protected":false},"author":249,"featured_media":0,"parent":54134,"menu_order":0,"comment_status":"closed","ping_status":"closed","template":"","meta":{"_uag_custom_page_level_css":"","_citadela_hide_page_title":"1","_citadela_remove_header_space":"1","_citadela_custom_class":"","_citadela_half_map_provider":"","_citadela_half_map_theme":"","_citadela_half_map_themeOSM":"","_citadela_half_map_customTheme":"","_citadela_half_map_dataType":"","_citadela_half_map_dynamicTrack":false,"_citadela_half_map_trackColor":"","_citadela_half_map_trackEndpointsColor":"","_citadela_half_map_filterCategory":"","_citadela_half_map_filterLocation":"","_citadela_half_map_filterFeatured":false,"_citadela_half_map_noDataBehavior":"empty-map","_citadela_half_map_noDataText":"","_citadela_half_map_clusterGridSize":80,"_citadela_header":true,"_citadela_header_over_content":false,"_citadela_header_text_color":"","_citadela_header_logo":{"id":208235,"url":"https:\/\/nodengo.com\/wp-content\/uploads\/Nodengo-logo-nhn.jpg","size":{"width":316,"height":75}},"_citadela_header_bg_image":[],"_citadela_header_bg_position":{"x":0.5,"y":0.5},"_citadela_header_bg_size":"cover","_citadela_header_bg_repeat":"no-repeat","_citadela_header_bg_fixed":false,"_citadela_header_bg_color":"","_citadela_header_bg_image_overlay":"","_citadela_header_transparent_bg":false,"_citadela_content_width":"","_citadela_half_layout_position":"","footnotes":""},"class_list":["post-54712","page","type-page","status-publish","hentry"],"uagb_featured_image_src":{"full":false,"thumbnail":false,"medium":false,"medium_large":false,"large":false,"1536x1536":false,"2048x2048":false,"trp-custom-language-flag":false,"citadela_item_thumbnail":false,"woocommerce_thumbnail":false,"woocommerce_single":false,"woocommerce_gallery_thumbnail":false,"citadela_service":false},"uagb_author_info":{"display_name":"Team Nodengo","author_link":"https:\/\/nodengo.com\/pt\/author\/nodengo-team\/"},"uagb_comment_info":0,"uagb_excerpt":"We also offer fully targeted advertising","_links":{"self":[{"href":"https:\/\/nodengo.com\/pt\/wp-json\/wp\/v2\/pages\/54712","targetHints":{"allow":["GET"]}}],"collection":[{"href":"https:\/\/nodengo.com\/pt\/wp-json\/wp\/v2\/pages"}],"about":[{"href":"https:\/\/nodengo.com\/pt\/wp-json\/wp\/v2\/types\/page"}],"author":[{"embeddable":true,"href":"https:\/\/nodengo.com\/pt\/wp-json\/wp\/v2\/users\/249"}],"replies":[{"embeddable":true,"href":"https:\/\/nodengo.com\/pt\/wp-json\/wp\/v2\/comments?post=54712"}],"version-history":[{"count":0,"href":"https:\/\/nodengo.com\/pt\/wp-json\/wp\/v2\/pages\/54712\/revisions"}],"up":[{"embeddable":true,"href":"https:\/\/nodengo.com\/pt\/wp-json\/wp\/v2\/pages\/54134"}],"wp:attachment":[{"href":"https:\/\/nodengo.com\/pt\/wp-json\/wp\/v2\/media?parent=54712"}],"curies":[{"name":"wp","href":"https:\/\/api.w.org\/{rel}","templated":true}]}}