{"id":54688,"date":"2022-09-17T18:06:17","date_gmt":"2022-09-17T16:06:17","guid":{"rendered":"https:\/\/nodengo.com\/?page_id=54688"},"modified":"2025-12-09T15:42:11","modified_gmt":"2025-12-09T14:42:11","slug":"1-new-way-to-promote-your-hotel","status":"publish","type":"page","link":"https:\/\/nodengo.com\/pt\/hospitality-network\/1-new-way-to-promote-your-hotel\/","title":{"rendered":"Hot\u00e9is -1 forma nova e eficiente de promover o seu hotel"},"content":{"rendered":"<!-- Flexy Breadcrumb -->\r\n\t\t\t<div class=\"fbc fbc-page\">\r\n\r\n\t\t\t\t<!-- Breadcrumb wrapper -->\r\n\t\t\t\t<div class=\"fbc-wrap\">\r\n\r\n\t\t\t\t\t<!-- Ordered list-->\r\n\t\t\t\t\t<ol class=\"fbc-items\" itemscope itemtype=\"https:\/\/schema.org\/BreadcrumbList\">\r\n\t\t\t\t\t\t            <li itemprop=\"itemListElement\" itemscope itemtype=\"https:\/\/schema.org\/ListItem\">\r\n                <span itemprop=\"name\">\r\n                    <!-- Home Link -->\r\n                    <a itemprop=\"item\" href=\"https:\/\/nodengo.com\/pt\/\">\r\n                    \r\n                                                    <i class=\"fa fa-home\" aria-hidden=\"true\"><\/i>Home                    <\/a>\r\n                <\/span>\r\n                <meta itemprop=\"position\" content=\"1\" \/><!-- Meta Position-->\r\n             <\/li><li><span class=\"fbc-separator\">\/<\/span><\/li><li class=\"active\" itemprop=\"itemListElement\" itemscope itemtype=\"https:\/\/schema.org\/ListItem\"><span itemprop=\"name\" title=\"Best Travel Blog\">Best Travel Blog<\/span><meta itemprop=\"position\" content=\"2\" \/><\/li>\t\t\t\t\t<\/ol>\r\n\t\t\t\t\t<div class=\"clearfix\"><\/div>\r\n\t\t\t\t<\/div>\r\n\t\t\t<\/div>\r\n\t\t\t\n\n\n\n<div class=\"wp-block-citadela-blocks-custom-container citadela-block-custom-container size-wide bg-type-color inside-space-none has-bg\" style=\"background-color:rgba(248, 248, 248, 1)\"><div class=\"inner-holder\">\n<figure class=\"wp-block-gallery has-nested-images columns-default is-cropped wp-block-gallery-2 is-layout-flex wp-block-gallery-is-layout-flex\">\n<figure class=\"wp-block-image size-large\"><img decoding=\"async\" width=\"300\" height=\"169\" data-id=\"54690\" src=\"https:\/\/nodengo.com\/wp-content\/uploads\/Hotel-Image-Concierge-.jpg\" alt=\"\" class=\"wp-image-54690\" title=\"\" srcset=\"https:\/\/nodengo.com\/wp-content\/uploads\/Hotel-Image-Concierge-.jpg 300w, https:\/\/nodengo.com\/wp-content\/uploads\/Hotel-Image-Concierge--150x85.jpg 150w, https:\/\/nodengo.com\/wp-content\/uploads\/Hotel-Image-Concierge--18x10.jpg 18w\" sizes=\"(max-width: 300px) 100vw, 300px\" \/><\/figure>\n\n\n\n<figure class=\"wp-block-image size-large\"><img decoding=\"async\" width=\"300\" height=\"169\" data-id=\"8148\" src=\"https:\/\/nodengo.com\/wp-content\/uploads\/Hotel-Image-Women-with-luggage.jpg\" alt=\"Hotel Image Women with luggage\" class=\"wp-image-8148\" title=\"\" srcset=\"https:\/\/nodengo.com\/wp-content\/uploads\/Hotel-Image-Women-with-luggage.jpg 300w, https:\/\/nodengo.com\/wp-content\/uploads\/Hotel-Image-Women-with-luggage-150x85.jpg 150w, https:\/\/nodengo.com\/wp-content\/uploads\/Hotel-Image-Women-with-luggage-16x9.jpg 16w\" sizes=\"(max-width: 300px) 100vw, 300px\" \/><\/figure>\n\n\n\n<figure class=\"wp-block-image size-full\"><img decoding=\"async\" width=\"300\" height=\"169\" data-id=\"54692\" src=\"https:\/\/nodengo.com\/wp-content\/uploads\/hotel-dp.jpg\" alt=\"\" class=\"wp-image-54692\" title=\"\" srcset=\"https:\/\/nodengo.com\/wp-content\/uploads\/hotel-dp.jpg 300w, https:\/\/nodengo.com\/wp-content\/uploads\/hotel-dp-150x85.jpg 150w, https:\/\/nodengo.com\/wp-content\/uploads\/hotel-dp-18x10.jpg 18w\" sizes=\"(max-width: 300px) 100vw, 300px\" \/><\/figure>\n<\/figure>\n\n\n\n<p class=\"has-text-align-right\"><i class=\"fas fa-user\"><\/i> <a href=\"\/pt\/partner-help\/\">Parceiros<\/a> | <i class=\"fas fa-pen\"><\/i> <a href=\"\/pt\/partner-help\/#editors\">Editores<\/a> | <i class=\"fas fa-question\"><\/i> <a href=\"\/pt\/partner-help\/\">Ajuda<\/a> | <i class=\"fas fa-id-card\"><\/i> <a href=\"https:\/\/nodengo.com\/pt\/parther-help\/-28\/\">Contato<\/a> | <i class=\"fas fa-list\"><\/i> <a href=\"\/pt\/-4\/\">Conta <\/a><\/p>\n<\/div><\/div>\n\n\n\n<div class=\"wp-block-citadela-blocks-custom-container citadela-block-custom-container size-wide bg-type-none inside-space-none\"><div class=\"inner-holder\">\n<div class=\"wp-block-columns is-layout-flex wp-container-core-columns-is-layout-9d6595d7 wp-block-columns-is-layout-flex\">\n<div class=\"wp-block-column is-layout-flow wp-block-column-is-layout-flow\" style=\"flex-basis:27%\">\n<h6 class=\"wp-block-heading\">Op\u00e7\u00f5es dispon\u00edveis<\/h6>\n\n\n\n<h3 class=\"wp-block-heading\"><strong>CATEGORIA:<\/strong><\/h3>\n\n\n\n<h3 class=\"wp-block-heading\">Hot\u00e9is <\/h3>\n\n\n\n<p><strong>Listagem<\/strong>&nbsp;<a href=\"https:\/\/nodengo.com\/pt\/-2\/\" target=\"_blank\" rel=\"noreferrer noopener\">Liste seu estabelecimento<\/a><\/p>\n\n\n\n<p><strong>Mais informa\u00e7\u00f5es&nbsp;<\/strong><a href=\"https:\/\/nodengo.com\/pt\/-35\/hospitality-and-services-provider\/\" data-type=\"link\" data-id=\"https:\/\/nodengo.com\/en\/hospitality-network\/hospitality-and-services-provider\/\">Apresenta\u00e7\u00e3o<\/a><\/p>\n\n\n\n<p><strong>Pacotes:&nbsp;<\/strong><a href=\"https:\/\/nodengo.com\/pt\/plans-and-features\/\" data-type=\"page\" data-id=\"80743\">Veja nossos planos<\/a><\/p>\n\n\n\n<p><strong>Registro:&nbsp;<\/strong><a href=\"\/pt\/-2\/\">Junte-se a n\u00f3s <\/a><\/p>\n\n\n\n<p><strong>An\u00e1lise :<\/strong>&nbsp;<a href=\"https:\/\/nodengo.com\/pt\/-35\/-16\/\" data-type=\"link\" data-id=\"https:\/\/nodengo.com\/en\/hospitality-network\/reviews\/\">Fa\u00e7a a avalia\u00e7\u00e3o do seu estabelecimento<\/a><\/p>\n\n\n\n<p><strong>Anunciar<\/strong>&nbsp;<a href=\"http:\/\/ads.nodengo.com\/\" target=\"_blank\" rel=\"noreferrer noopener\">Veja nossas op\u00e7\u00f5es de publicidade<\/a><\/p>\n\n\n\n<p><strong>Diretrizes de publica\u00e7\u00e3o:&nbsp;<\/strong><a href=\"https:\/\/nodengo.com\/pt\/diretrizes-de-publicacao\/\">aqui<\/a><\/p>\n<\/div>\n\n\n\n<div class=\"wp-block-column is-layout-flow wp-block-column-is-layout-flow\" style=\"flex-basis:75%\">\n<p class=\"has-medium-font-size\">Hot\u00e9is \u2013 Gestores, Propriet\u00e1rios e Operadores<\/p>\n\n\n\n<p>Nosso site tem como objetivo fornecer aos visitantes em potencial, informa\u00e7\u00f5es precisas, imparciais e atualizadas sobre a cidade que eles planejam visitar.<\/p>\n\n\n\n<p>Somos um encontro de profissionais do turismo local como voc\u00ea, que vivem no seu bairro e podem \u201cprofissionalmente\u201d contar ao mundo sobre o seu estabelecimento.<\/p>\n\n\n\n<p>N\u00f3s nos propusemos a ser o lugar n\u00famero um para informa\u00e7\u00f5es de destino em todo o mundo, fornecendo informa\u00e7\u00f5es e coment\u00e1rios imparciais, profissionais e precisos sobre restaurantes locais fornecidos por editores locais.<\/p>\n\n\n\n<p>Conte-lhes sobre voc\u00ea enquanto preparam suas f\u00e9rias. Nosso site \u00e9 dedicado a contar sobre os melhores lugares antes que os clientes reservem sua viagem e planejem suas f\u00e9rias, da\u00ed nosso nome \u201cKnow Then Go\u201d<\/p>\n\n\n\n<div class=\"wp-block-uagb-inline-notice uagb-dismissable uagb-inline_notice__align-left uagb-block-781a2a3a\"><button class=\"uagb-notice-close-button\" type=\"button\" aria-label=\"Close\"><svg xmlns=\"https:\/\/www.w3.org\/2000\/svg\" viewbox=\"0 0 512 512\"><path d=\"M448 32C483.3 32 512 60.65 512 96V416C512 451.3 483.3 480 448 480H64C28.65 480 0 451.3 0 416V96C0 60.65 28.65 32 64 32H448zM175 208.1L222.1 255.1L175 303C165.7 312.4 165.7 327.6 175 336.1C184.4 346.3 199.6 346.3 208.1 336.1L255.1 289.9L303 336.1C312.4 346.3 327.6 346.3 336.1 336.1C346.3 327.6 346.3 312.4 336.1 303L289.9 255.1L336.1 208.1C346.3 199.6 346.3 184.4 336.1 175C327.6 165.7 312.4 165.7 303 175L255.1 222.1L208.1 175C199.6 165.7 184.4 165.7 175 175C165.7 184.4 165.7 199.6 175 208.1V208.1z\"><\/path><\/svg><\/button><h4 class=\"uagb-notice-title\">Coment\u00e1rios reais dos h\u00f3spedes<\/h4><div class=\"uagb-notice-text\">\n<p><p><strong>\u201cN\u00e3o gostei do hotel porque tinha papel de parede florido e isso me impedia de dormir\u201d<\/strong><\/p><p><strong>\u201cAtendimento terr\u00edvel, n\u00e3o poderia ter as tr\u00eas camas king size e a jacuzzi, eu havia solicitado quando fiz a reserva.\u201d<\/strong><\/p><p><strong>\u201cEles deveriam ter nos contatado antes de chegar para informar que o hotel havia se mudado, de acordo com\u00a0meu GPS, n\u00e3o estava onde deveria estar \u201cAtendimento ao cliente ruim\u201d<\/strong><\/p><\/p>\n<\/div><\/div>\n\n\n\n<p>Aqui est\u00e3o alguns dos recursos que oferecemos nas p\u00e1ginas da cidade<\/p>\n\n\n\n<ul class=\"wp-block-list\">\n<li>Um resumo da \u00e1rea, com destaques de lugares importantes e um blog da cidade fornecido por nossos editores locais.<\/li>\n\n\n\n<li>Uma revis\u00e3o dos melhores hot\u00e9is da cidade, fornecida por nossos editores locais.<\/li>\n\n\n\n<li>Recomenda\u00e7\u00f5es de hot\u00e9is com links para sites de hot\u00e9is e reservas<\/li>\n\n\n\n<li>Informa\u00e7\u00f5es sobre recrea\u00e7\u00e3o e atividades ao ar livre.<\/li>\n\n\n\n<li>Guias de arte e cultura, incluindo museus, teatros e outras atra\u00e7\u00f5es<\/li>\n\n\n\n<li>Mapas e guias<\/li>\n\n\n\n<li>Informa\u00e7\u00f5es de transporte p\u00fablico<\/li>\n\n\n\n<li>Informa\u00e7\u00f5es do aeroporto<\/li>\n<\/ul>\n\n\n\n<h3 class=\"wp-block-heading has-text-align-center has-text-color\" style=\"color:#1c4e3c\">Junte-se a n\u00f3s, adicione seu estabelecimento ao nosso\u00a0site\u00a0GRATUITAMENTE<\/h3>\n\n\n\n<div class=\"wp-block-buttons is-layout-flex wp-block-buttons-is-layout-flex\">\n<div class=\"wp-block-button has-custom-width wp-block-button__width-100 is-style-outline is-style-outline--3\"><a class=\"wp-block-button__link has-white-color has-text-color has-link-color wp-element-button\" href=\"\/pt\/-2\/\">Cadastre seu estabelecimento<\/a><\/div>\n<\/div>\n<\/div>\n<\/div>\n<\/div><\/div>\n\n\n\n<div style=\"height:23px\" aria-hidden=\"true\" class=\"wp-block-spacer\"><\/div>\n\n\n<div class=\"wp-block-image\">\n<figure class=\"aligncenter size-large\"><img decoding=\"async\" width=\"1024\" height=\"193\" src=\"https:\/\/nodengo.com\/wp-content\/uploads\/widget-type-2-bg-1024x193.jpg\" alt=\"Hotel image header\" class=\"wp-image-26280\" title=\"\" srcset=\"https:\/\/nodengo.com\/wp-content\/uploads\/widget-type-2-bg-1024x193.jpg 1024w, https:\/\/nodengo.com\/wp-content\/uploads\/widget-type-2-bg-150x28.jpg 150w, https:\/\/nodengo.com\/wp-content\/uploads\/widget-type-2-bg-900x170.jpg 900w, https:\/\/nodengo.com\/wp-content\/uploads\/widget-type-2-bg-300x57.jpg 300w, https:\/\/nodengo.com\/wp-content\/uploads\/widget-type-2-bg-768x145.jpg 768w, https:\/\/nodengo.com\/wp-content\/uploads\/widget-type-2-bg-1536x290.jpg 1536w, https:\/\/nodengo.com\/wp-content\/uploads\/widget-type-2-bg-18x3.jpg 18w, https:\/\/nodengo.com\/wp-content\/uploads\/widget-type-2-bg.jpg 1920w\" sizes=\"(max-width: 1024px) 100vw, 1024px\" \/><figcaption class=\"wp-element-caption\"> <\/figcaption><\/figure>\n<\/div>\n\n\n<div class=\"wp-block-citadela-blocks-custom-container citadela-block-custom-container size-wide bg-type-none inside-space-none\"><div class=\"inner-holder\">\n<p class=\"has-medium-font-size\">UMA NOVA FORMA DE TER COMENT\u00c1RIOS PUBLICADOS<\/p>\n\n\n\n<p>Para o seu estabelecimento, oferecemos uma alternativa e uma nova forma de obter o seu<\/p>\n\n\n\n<p>Como hoteleiro, voc\u00ea sabe como \u00e9 dif\u00edcil ter coment\u00e1rios \u201cprecisos\u201d dos h\u00f3spedes na rede. Como todos sabemos, os clientes t\u00eam uma vers\u00e3o bastante simplificada do que \u00e9 gerir um estabelecimento de alojamento, n\u00e3o que queiramos que o compreendam completamente, n\u00e3o \u00e9 o seu lugar ou o seu papel.<\/p>\n\n\n\n<p>Mas voc\u00ea deve admitir que \u00e9 bastante frustrante que depois de tentar de tudo para agradar um h\u00f3spede, ele desconta em voc\u00ea com seus \u201ccoment\u00e1rios\u201d, muitas vezes sobre quest\u00f5es, como o clima, sobre as quais voc\u00ea n\u00e3o tem controle.<\/p>\n\n\n\n<p>Pior, eles n\u00e3o dizem o que n\u00e3o os agrada enquanto est\u00e3o l\u00e1 (e muitas vezes \u00e9 uma solu\u00e7\u00e3o f\u00e1cil), mas eles reclamam disso online.<\/p>\n\n\n\n<p>N\u00e3o nos leve a mal, n\u00e3o estamos dizendo que a maioria dos coment\u00e1rios n\u00e3o tem algum tipo de precis\u00e3o ou validade, estamos simplesmente dizendo que o que agrada a um n\u00e3o necessariamente agrada a outro.<\/p>\n\n\n\n<p>Nossa miss\u00e3o \u00e9 corrigir esse erro, oferecendo aos provedores de hospitalidade e profissionais de turismo uma alternativa a essas avalia\u00e7\u00f5es \u201camadoras\u201d, somos profissionais, fazemos a mesma coisa que voc\u00ea.<\/p>\n\n\n\n<p>Somos diferentes e n\u00e3o achamos que voc\u00ea deva ser penalizado quando algo d\u00e1 errado. Acreditamos que o sistema de classifica\u00e7\u00e3o de viagens hoje deve ser melhorado significativamente.<\/p>\n\n\n\n<h3 class=\"wp-block-heading\">N\u00e3o demore. Tenha seu estabelecimento profissionalmente&nbsp;<a href=\"https:\/\/nodengo.com\/pt\/network\/-16\/\"><strong>Avaliado<\/strong>&nbsp;<\/a>agora<\/h3>\n<\/div><\/div>","protected":false},"excerpt":{"rendered":"","protected":false},"author":249,"featured_media":0,"parent":54134,"menu_order":0,"comment_status":"closed","ping_status":"closed","template":"","meta":{"_uag_custom_page_level_css":"","_citadela_hide_page_title":"1","_citadela_remove_header_space":"1","_citadela_custom_class":"","_citadela_half_map_provider":"","_citadela_half_map_theme":"","_citadela_half_map_themeOSM":"","_citadela_half_map_customTheme":"","_citadela_half_map_dataType":"","_citadela_half_map_dynamicTrack":false,"_citadela_half_map_trackColor":"","_citadela_half_map_trackEndpointsColor":"","_citadela_half_map_filterCategory":"","_citadela_half_map_filterLocation":"","_citadela_half_map_filterFeatured":false,"_citadela_half_map_noDataBehavior":"empty-map","_citadela_half_map_noDataText":"","_citadela_half_map_clusterGridSize":80,"_citadela_header":true,"_citadela_header_over_content":false,"_citadela_header_text_color":"","_citadela_header_logo":{"id":208235,"url":"https:\/\/nodengo.com\/wp-content\/uploads\/Nodengo-logo-nhn.jpg","size":{"width":316,"height":75}},"_citadela_header_bg_image":[],"_citadela_header_bg_position":{"x":0.5,"y":0.5},"_citadela_header_bg_size":"cover","_citadela_header_bg_repeat":"no-repeat","_citadela_header_bg_fixed":false,"_citadela_header_bg_color":"","_citadela_header_bg_image_overlay":"","_citadela_header_transparent_bg":false,"_citadela_content_width":"","_citadela_half_layout_position":"","footnotes":""},"class_list":["post-54688","page","type-page","status-publish","hentry"],"uagb_featured_image_src":{"full":false,"thumbnail":false,"medium":false,"medium_large":false,"large":false,"1536x1536":false,"2048x2048":false,"trp-custom-language-flag":false,"citadela_item_thumbnail":false,"woocommerce_thumbnail":false,"woocommerce_single":false,"woocommerce_gallery_thumbnail":false,"citadela_service":false},"uagb_author_info":{"display_name":"Team Nodengo","author_link":"https:\/\/nodengo.com\/pt\/author\/nodengo-team\/"},"uagb_comment_info":0,"uagb_excerpt":null,"_links":{"self":[{"href":"https:\/\/nodengo.com\/pt\/wp-json\/wp\/v2\/pages\/54688","targetHints":{"allow":["GET"]}}],"collection":[{"href":"https:\/\/nodengo.com\/pt\/wp-json\/wp\/v2\/pages"}],"about":[{"href":"https:\/\/nodengo.com\/pt\/wp-json\/wp\/v2\/types\/page"}],"author":[{"embeddable":true,"href":"https:\/\/nodengo.com\/pt\/wp-json\/wp\/v2\/users\/249"}],"replies":[{"embeddable":true,"href":"https:\/\/nodengo.com\/pt\/wp-json\/wp\/v2\/comments?post=54688"}],"version-history":[{"count":0,"href":"https:\/\/nodengo.com\/pt\/wp-json\/wp\/v2\/pages\/54688\/revisions"}],"up":[{"embeddable":true,"href":"https:\/\/nodengo.com\/pt\/wp-json\/wp\/v2\/pages\/54134"}],"wp:attachment":[{"href":"https:\/\/nodengo.com\/pt\/wp-json\/wp\/v2\/media?parent=54688"}],"curies":[{"name":"wp","href":"https:\/\/api.w.org\/{rel}","templated":true}]}}