{"id":54672,"date":"2022-09-17T18:06:04","date_gmt":"2022-09-17T16:06:04","guid":{"rendered":"https:\/\/nodengo.com\/?page_id=54672"},"modified":"2025-12-09T15:40:33","modified_gmt":"2025-12-09T14:40:33","slug":"way-to-promote-attractions","status":"publish","type":"page","link":"https:\/\/nodengo.com\/pt\/hospitality-network\/way-to-promote-attractions\/","title":{"rendered":"Attractions &#8211;  1 new and efficient way to promote your attractions"},"content":{"rendered":"<!-- Flexy Breadcrumb -->\r\n\t\t\t<div class=\"fbc fbc-page\">\r\n\r\n\t\t\t\t<!-- Breadcrumb wrapper -->\r\n\t\t\t\t<div class=\"fbc-wrap\">\r\n\r\n\t\t\t\t\t<!-- Ordered list-->\r\n\t\t\t\t\t<ol class=\"fbc-items\" itemscope itemtype=\"https:\/\/schema.org\/BreadcrumbList\">\r\n\t\t\t\t\t\t            <li itemprop=\"itemListElement\" itemscope itemtype=\"https:\/\/schema.org\/ListItem\">\r\n                <span itemprop=\"name\">\r\n                    <!-- Home Link -->\r\n                    <a itemprop=\"item\" href=\"https:\/\/nodengo.com\/pt\/\">\r\n                    \r\n                                                    <i class=\"fa fa-home\" aria-hidden=\"true\"><\/i>Home                    <\/a>\r\n                <\/span>\r\n                <meta itemprop=\"position\" content=\"1\" \/><!-- Meta Position-->\r\n             <\/li><li><span class=\"fbc-separator\">\/<\/span><\/li><li class=\"active\" itemprop=\"itemListElement\" itemscope itemtype=\"https:\/\/schema.org\/ListItem\"><span itemprop=\"name\" title=\"Best Travel Blog\">Best Travel Blog<\/span><meta itemprop=\"position\" content=\"2\" \/><\/li>\t\t\t\t\t<\/ol>\r\n\t\t\t\t\t<div class=\"clearfix\"><\/div>\r\n\t\t\t\t<\/div>\r\n\t\t\t<\/div>\r\n\t\t\t\n\n\n\n<div class=\"wp-block-citadela-blocks-custom-container citadela-block-custom-container size-wide bg-type-color inside-space-none has-bg\" style=\"background-color:rgba(248, 248, 248, 1)\"><div class=\"inner-holder\">\n<figure class=\"wp-block-gallery has-nested-images columns-default is-cropped wp-block-gallery-2 is-layout-flex wp-block-gallery-is-layout-flex\">\n<figure class=\"wp-block-image size-large\"><img decoding=\"async\" width=\"300\" height=\"169\" data-id=\"54676\" src=\"https:\/\/nodengo.com\/wp-content\/uploads\/hotel-dp-09-300x169-1.jpg\" alt=\"A new and efficient way to promote your attractions - header 1\" class=\"wp-image-54676\" title=\"\" srcset=\"https:\/\/nodengo.com\/wp-content\/uploads\/hotel-dp-09-300x169-1.jpg 300w, https:\/\/nodengo.com\/wp-content\/uploads\/hotel-dp-09-300x169-1-150x85.jpg 150w, https:\/\/nodengo.com\/wp-content\/uploads\/hotel-dp-09-300x169-1-18x10.jpg 18w\" sizes=\"(max-width: 300px) 100vw, 300px\" \/><\/figure>\n\n\n\n<figure class=\"wp-block-image size-large\"><img decoding=\"async\" width=\"300\" height=\"169\" data-id=\"54675\" src=\"https:\/\/nodengo.com\/wp-content\/uploads\/beach-300x190-1.jpg\" alt=\"\" class=\"wp-image-54675\" title=\"\" srcset=\"https:\/\/nodengo.com\/wp-content\/uploads\/beach-300x190-1.jpg 300w, https:\/\/nodengo.com\/wp-content\/uploads\/beach-300x190-1-150x85.jpg 150w, https:\/\/nodengo.com\/wp-content\/uploads\/beach-300x190-1-18x10.jpg 18w\" sizes=\"(max-width: 300px) 100vw, 300px\" \/><\/figure>\n\n\n\n<figure class=\"wp-block-image size-large\"><img decoding=\"async\" width=\"300\" height=\"169\" data-id=\"54162\" src=\"https:\/\/nodengo.com\/wp-content\/uploads\/attractions-presentation.jpg\" alt=\"attractions-presentation\" class=\"wp-image-54162\" title=\"\" srcset=\"https:\/\/nodengo.com\/wp-content\/uploads\/attractions-presentation.jpg 300w, https:\/\/nodengo.com\/wp-content\/uploads\/attractions-presentation-150x85.jpg 150w, https:\/\/nodengo.com\/wp-content\/uploads\/attractions-presentation-18x10.jpg 18w\" sizes=\"(max-width: 300px) 100vw, 300px\" \/><\/figure>\n<\/figure>\n\n\n\n<p class=\"has-text-align-right\"><i class=\"fas fa-user\"><\/i> <a href=\"\/pt\/partner-help\/\">Parceiros<\/a> | <i class=\"fas fa-pen\"><\/i> <a href=\"\/pt\/partner-help\/#editors\">Editores<\/a> | <i class=\"fas fa-question\"><\/i> <a href=\"\/pt\/partner-help\/\">Ajuda<\/a> | <i class=\"fas fa-id-card\"><\/i> <a href=\"https:\/\/nodengo.com\/pt\/parther-help\/-28\/\">Contato<\/a> | <i class=\"fas fa-list\"><\/i> <a href=\"\/pt\/-4\/\">Conta <\/a><\/p>\n<\/div><\/div>\n\n\n\n<div class=\"wp-block-citadela-blocks-custom-container citadela-block-custom-container size-wide bg-type-none inside-space-none\"><div class=\"inner-holder\">\n<div class=\"wp-block-columns is-layout-flex wp-container-core-columns-is-layout-9d6595d7 wp-block-columns-is-layout-flex\">\n<div class=\"wp-block-column is-layout-flow wp-block-column-is-layout-flow\" style=\"flex-basis:27%\">\n<h6 class=\"wp-block-heading\">Op\u00e7\u00f5es dispon\u00edveis<\/h6>\n\n\n\n<h3 class=\"wp-block-heading\"><strong>CATEGORIA:<\/strong><\/h3>\n\n\n\n<h3 class=\"wp-block-heading\">Atra\u00e7\u00f5es\/coisas para fazer<\/h3>\n\n\n\n<p><strong>Listagem<\/strong>&nbsp;<a href=\"https:\/\/nodengo.com\/pt\/-2\/\" target=\"_blank\" rel=\"noreferrer noopener\">Liste seu estabelecimento<\/a><\/p>\n\n\n\n<p><strong>Mais informa\u00e7\u00f5es&nbsp;<\/strong><a href=\"https:\/\/nodengo.com\/pt\/-35\/hospitality-and-services-provider\/\" data-type=\"link\" data-id=\"https:\/\/nodengo.com\/en\/hospitality-network\/hospitality-and-services-provider\/\">Apresenta\u00e7\u00e3o<\/a><\/p>\n\n\n\n<p><strong>Pacotes:&nbsp;<\/strong><a href=\"https:\/\/nodengo.com\/pt\/plans-and-features\/\" data-type=\"page\" data-id=\"80743\">Veja nossos planos<\/a><\/p>\n\n\n\n<p><strong>Registro:&nbsp;<\/strong><a href=\"\/pt\/-2\/\">Junte-se a n\u00f3s <\/a><\/p>\n\n\n\n<p><strong>An\u00e1lise :<\/strong>&nbsp;<a href=\"https:\/\/nodengo.com\/pt\/-35\/-16\/\" data-type=\"link\" data-id=\"https:\/\/nodengo.com\/en\/hospitality-network\/reviews\/\">Fa\u00e7a a avalia\u00e7\u00e3o do seu estabelecimento<\/a><\/p>\n\n\n\n<p><strong>Anunciar<\/strong>&nbsp;<a href=\"http:\/\/ads.nodengo.com\/\">Veja nossas op\u00e7\u00f5es de publicidade<\/a><\/p>\n\n\n\n<p><strong>Diretrizes de publica\u00e7\u00e3o:&nbsp;<\/strong><a href=\"https:\/\/nodengo.com\/pt\/diretrizes-de-publicacao\/\" target=\"_blank\" data-type=\"page\" data-id=\"52279\" rel=\"noreferrer noopener\">aqui<\/a><\/p>\n<\/div>\n\n\n\n<div class=\"wp-block-column is-layout-flow wp-block-column-is-layout-flow\" style=\"flex-basis:75%\">\n<p class=\"has-medium-font-size\"><strong>Propriet\u00e1rios e operadores de atra\u00e7\u00f5es\/eventos<\/strong>    <\/p>\n\n\n\n<p>Nosso site tem como objetivo fornecer aos visitantes em potencial, informa\u00e7\u00f5es precisas, imparciais e atualizadas sobre a cidade que eles planejam visitar.<\/p>\n\n\n\n<p>Somos um encontro de profissionais do turismo local como voc\u00ea, que vivem no seu bairro e podem \u201cprofissionalmente\u201d contar ao mundo sobre o seu estabelecimento.<\/p>\n\n\n\n<p>N\u00f3s nos propusemos a ser o lugar n\u00famero um para informa\u00e7\u00f5es de destino em todo o mundo, fornecendo informa\u00e7\u00f5es e coment\u00e1rios imparciais, profissionais e precisos sobre restaurantes locais fornecidos por editores locais.<\/p>\n\n\n\n<p><strong>Se o seu estabelecimento \u00e9 a Torre Eiffel, Versalhes ou Big Ben, n\u00e3o h\u00e1 necessidade de voc\u00ea continuar lendo, se n\u00e3o for, o Nodengo \u00e9 para voc\u00ea.<\/strong><\/p>\n\n\n\n<p>O tempo de f\u00e9rias de todos diminuiu ao longo dos anos, enquanto a maioria faz viagens mais curtas, mas com mais frequ\u00eancia, o que os deixa com pouco tempo dispon\u00edvel para visitar uma cidade\/regi\u00e3o. Voc\u00ea pode ter as atra\u00e7\u00f5es mais incr\u00edveis. n\u00e3o ajuda se voc\u00ea n\u00e3o puder competir com os \u201cPontos tur\u00edsticos\u201d<\/p>\n\n\n\n<p>Conte-lhes sobre voc\u00ea enquanto preparam suas f\u00e9rias. Nosso site \u00e9 dedicado a contar sobre os melhores lugares antes que os clientes reservem sua viagem e planejem suas f\u00e9rias, da\u00ed nosso nome \u201cKnow Then Go\u201d<\/p>\n\n\n\n<p>Aqui est\u00e3o alguns dos recursos que oferecemos nas p\u00e1ginas da cidade<\/p>\n\n\n\n<ul class=\"wp-block-list\">\n<li>Um resumo da \u00e1rea, com destaques de lugares importantes e um blog da cidade fornecido por nossos editores locais.<\/li>\n\n\n\n<li>Uma revis\u00e3o das melhores atra\u00e7\u00f5es da cidade, fornecida por nossos editores locais.<\/li>\n\n\n\n<li>Recomenda\u00e7\u00f5es de atra\u00e7\u00f5es e coisas para fazer com links da web<\/li>\n\n\n\n<li>Informa\u00e7\u00f5es sobre recrea\u00e7\u00e3o e atividades ao ar livre.<\/li>\n\n\n\n<li>Guias de arte e cultura, incluindo museus, teatros e outras atra\u00e7\u00f5es<\/li>\n\n\n\n<li>Mapas e guias<\/li>\n\n\n\n<li>Informa\u00e7\u00f5es de transporte p\u00fablico<\/li>\n\n\n\n<li>Informa\u00e7\u00f5es do aeroporto<\/li>\n<\/ul>\n\n\n\n<h3 class=\"wp-block-heading has-text-align-center\">Junte-se a n\u00f3s, adicione sua atra\u00e7\u00e3o ao nosso site GRATUITAMENTE<\/h3>\n\n\n\n<div class=\"wp-block-buttons is-layout-flex wp-block-buttons-is-layout-flex\">\n<div class=\"wp-block-button has-custom-width wp-block-button__width-100 is-style-outline is-style-outline--3\"><a class=\"wp-block-button__link has-white-color has-text-color has-link-color wp-element-button\" href=\"\/pt\/-2\/\">Cadastre seu estabelecimento<\/a><\/div>\n<\/div>\n<\/div>\n<\/div>\n<\/div><\/div>\n\n\n\n<div style=\"height:23px\" aria-hidden=\"true\" class=\"wp-block-spacer\"><\/div>\n\n\n<div class=\"wp-block-image\">\n<figure class=\"aligncenter size-citadela_service\"><img decoding=\"async\" width=\"480\" height=\"360\" src=\"https:\/\/nodengo.com\/wp-content\/uploads\/037-480x360.jpg\" alt=\"\" class=\"wp-image-54686\" title=\"\" srcset=\"https:\/\/nodengo.com\/wp-content\/uploads\/037-480x360.jpg 480w, https:\/\/nodengo.com\/wp-content\/uploads\/037-640x480.jpg 640w\" sizes=\"(max-width: 480px) 100vw, 480px\" \/><figcaption class=\"wp-element-caption\"> <\/figcaption><\/figure>\n<\/div>\n\n\n<div class=\"wp-block-citadela-blocks-custom-container citadela-block-custom-container size-wide bg-type-none inside-space-none\"><div class=\"inner-holder\">\n<p class=\"has-medium-font-size\">UMA NOVA FORMA DE TER COMENT\u00c1RIOS PUBLICADOS<\/p>\n\n\n\n<p>Como um operador de atra\u00e7\u00e3o local, voc\u00ea sabe como \u00e9 dif\u00edcil ter coment\u00e1rios \u201cprecisos\u201d dos h\u00f3spedes na internet.<\/p>\n\n\n\n<p>Como todos sabemos, os clientes t\u00eam uma vers\u00e3o bastante simplificada do que \u00e9 administrar uma atra\u00e7\u00e3o, n\u00e3o que queiramos que eles entendam completamente, n\u00e3o \u00e9 o lugar deles ou o papel deles.<\/p>\n\n\n\n<p>Mas voc\u00ea deve admitir que \u00e9 bastante frustrante que depois de tentar de tudo para agradar um h\u00f3spede, ele desconta em voc\u00ea com seus \u201ccoment\u00e1rios\u201d, muitas vezes sobre quest\u00f5es, como o clima, sobre as quais voc\u00ea n\u00e3o tem controle.<\/p>\n\n\n\n<p>Pior, eles n\u00e3o dizem o que n\u00e3o os agrada enquanto est\u00e3o l\u00e1 (e muitas vezes \u00e9 uma solu\u00e7\u00e3o f\u00e1cil), mas eles reclamam disso online.<\/p>\n\n\n\n<p>N\u00e3o nos leve a mal, n\u00e3o estamos dizendo que a maioria dos coment\u00e1rios n\u00e3o tem algum tipo de precis\u00e3o ou validade, estamos simplesmente dizendo que o que agrada a um n\u00e3o necessariamente agrada a outro.<\/p>\n\n\n\n<p>Nossa miss\u00e3o \u00e9 corrigir esse erro, oferecendo aos operadores de atra\u00e7\u00f5es e profissionais de turismo uma forma alternativa de divulgar seu estabelecimento ao p\u00fablico em geral.<\/p>\n\n\n\n<p>Essas avalia\u00e7\u00f5es \u201cpseudo\u201d s\u00e3o preenchidas por indiv\u00edduos que n\u00e3o possuem o conhecimento e a percep\u00e7\u00e3o de trabalhar na ind\u00fastria do turismo, queremos oferecer uma alternativa a essas avalia\u00e7\u00f5es \u201camadoras\u201d, somos profissionais, fazemos a mesma coisa que voc\u00ea.<\/p>\n\n\n\n<p>Somos diferentes e n\u00e3o achamos que voc\u00ea deva ser penalizado quando algo d\u00e1 errado. Acreditamos que o sistema de classifica\u00e7\u00e3o de viagens hoje deve ser melhorado significativamente.<\/p>\n\n\n\n<h3 class=\"wp-block-heading\">N\u00e3o demore. Tenha seu estabelecimento profissionalmente <a href=\"https:\/\/nodengo.com\/pt\/network\/-16\/\" data-schema-attribute=\"\"><strong>Avaliado<\/strong> <\/a>agora<\/h3>\n<\/div><\/div>","protected":false},"excerpt":{"rendered":"","protected":false},"author":249,"featured_media":0,"parent":54134,"menu_order":0,"comment_status":"closed","ping_status":"closed","template":"","meta":{"_uag_custom_page_level_css":"","_citadela_hide_page_title":"1","_citadela_remove_header_space":"1","_citadela_custom_class":"","_citadela_half_map_provider":"","_citadela_half_map_theme":"","_citadela_half_map_themeOSM":"","_citadela_half_map_customTheme":"","_citadela_half_map_dataType":"","_citadela_half_map_dynamicTrack":false,"_citadela_half_map_trackColor":"","_citadela_half_map_trackEndpointsColor":"","_citadela_half_map_filterCategory":"","_citadela_half_map_filterLocation":"","_citadela_half_map_filterFeatured":false,"_citadela_half_map_noDataBehavior":"empty-map","_citadela_half_map_noDataText":"","_citadela_half_map_clusterGridSize":80,"_citadela_header":true,"_citadela_header_over_content":false,"_citadela_header_text_color":"","_citadela_header_logo":{"id":208235,"url":"https:\/\/nodengo.com\/wp-content\/uploads\/Nodengo-logo-nhn.jpg","size":{"width":316,"height":75}},"_citadela_header_bg_image":[],"_citadela_header_bg_position":{"x":0.5,"y":0.5},"_citadela_header_bg_size":"cover","_citadela_header_bg_repeat":"no-repeat","_citadela_header_bg_fixed":false,"_citadela_header_bg_color":"","_citadela_header_bg_image_overlay":"","_citadela_header_transparent_bg":false,"_citadela_content_width":"","_citadela_half_layout_position":"","footnotes":""},"class_list":["post-54672","page","type-page","status-publish","hentry"],"uagb_featured_image_src":{"full":false,"thumbnail":false,"medium":false,"medium_large":false,"large":false,"1536x1536":false,"2048x2048":false,"trp-custom-language-flag":false,"citadela_item_thumbnail":false,"woocommerce_thumbnail":false,"woocommerce_single":false,"woocommerce_gallery_thumbnail":false,"citadela_service":false},"uagb_author_info":{"display_name":"Team Nodengo","author_link":"https:\/\/nodengo.com\/pt\/author\/nodengo-team\/"},"uagb_comment_info":0,"uagb_excerpt":null,"_links":{"self":[{"href":"https:\/\/nodengo.com\/pt\/wp-json\/wp\/v2\/pages\/54672","targetHints":{"allow":["GET"]}}],"collection":[{"href":"https:\/\/nodengo.com\/pt\/wp-json\/wp\/v2\/pages"}],"about":[{"href":"https:\/\/nodengo.com\/pt\/wp-json\/wp\/v2\/types\/page"}],"author":[{"embeddable":true,"href":"https:\/\/nodengo.com\/pt\/wp-json\/wp\/v2\/users\/249"}],"replies":[{"embeddable":true,"href":"https:\/\/nodengo.com\/pt\/wp-json\/wp\/v2\/comments?post=54672"}],"version-history":[{"count":0,"href":"https:\/\/nodengo.com\/pt\/wp-json\/wp\/v2\/pages\/54672\/revisions"}],"up":[{"embeddable":true,"href":"https:\/\/nodengo.com\/pt\/wp-json\/wp\/v2\/pages\/54134"}],"wp:attachment":[{"href":"https:\/\/nodengo.com\/pt\/wp-json\/wp\/v2\/media?parent=54672"}],"curies":[{"name":"wp","href":"https:\/\/api.w.org\/{rel}","templated":true}]}}