{"id":54586,"date":"2022-09-17T16:59:58","date_gmt":"2022-09-17T14:59:58","guid":{"rendered":"https:\/\/nodengo.com\/?page_id=54586"},"modified":"2024-08-20T10:25:41","modified_gmt":"2024-08-20T08:25:41","slug":"meios-de-comunicacao","status":"publish","type":"page","link":"https:\/\/nodengo.com\/pt\/hospitality-network\/media\/","title":{"rendered":"Media"},"content":{"rendered":"<div class=\"wp-block-citadela-blocks-custom-container citadela-block-custom-container size-wide bg-type-none inside-space-none\"><div class=\"inner-holder\">\n<div class=\"wp-block-columns is-layout-flex wp-container-core-columns-is-layout-9d6595d7 wp-block-columns-is-layout-flex\">\n<div class=\"wp-block-column is-layout-flow wp-block-column-is-layout-flow\">\t\t\t<!-- Flexy Breadcrumb -->\r\n\t\t\t<div class=\"fbc fbc-page\">\r\n\r\n\t\t\t\t<!-- Breadcrumb wrapper -->\r\n\t\t\t\t<div class=\"fbc-wrap\">\r\n\r\n\t\t\t\t\t<!-- Ordered list-->\r\n\t\t\t\t\t<ol class=\"fbc-items\" itemscope itemtype=\"https:\/\/schema.org\/BreadcrumbList\">\r\n\t\t\t\t\t\t            <li itemprop=\"itemListElement\" itemscope itemtype=\"https:\/\/schema.org\/ListItem\">\r\n                <span itemprop=\"name\">\r\n                    <!-- Home Link -->\r\n                    <a itemprop=\"item\" href=\"https:\/\/nodengo.com\/pt\/\">\r\n                    \r\n                                                    <i class=\"fa fa-home\" aria-hidden=\"true\"><\/i>Home                    <\/a>\r\n                <\/span>\r\n                <meta itemprop=\"position\" content=\"1\" \/><!-- Meta Position-->\r\n             <\/li><li><span class=\"fbc-separator\">\/<\/span><\/li><li class=\"active\" itemprop=\"itemListElement\" itemscope itemtype=\"https:\/\/schema.org\/ListItem\"><span itemprop=\"name\" title=\"Best Travel Blog\">Best Travel Blog<\/span><meta itemprop=\"position\" content=\"2\" \/><\/li>\t\t\t\t\t<\/ol>\r\n\t\t\t\t\t<div class=\"clearfix\"><\/div>\r\n\t\t\t\t<\/div>\r\n\t\t\t<\/div>\r\n\t\t\t\n<\/div>\n\n\n\n<div class=\"wp-block-column is-layout-flow wp-block-column-is-layout-flow\">\n<div style=\"height:20px\" aria-hidden=\"true\" class=\"wp-block-spacer\"><\/div>\n\n\n\n<p><i class=\"fas fa-user\"><\/i> <a href=\"\/pt\/partner-help\/\">Parceiros<\/a> | <i class=\"fas fa-pen\"><\/i> <a href=\"\/pt\/partner-help\/#editors\">Editores<\/a> | <i class=\"fas fa-question\"><\/i> <a href=\"\/pt\/partner-help\/\">Ajuda<\/a> | <i class=\"fas fa-id-card\"><\/i> <a href=\"https:\/\/nodengo.com\/pt\/parther-help\/-28\/\">Contato<\/a> | <i class=\"fas fa-list\"><\/i> <a href=\"\/pt\/-4\/\">Conta <\/a><\/p>\n<\/div>\n<\/div>\n<\/div><\/div>\n\n\n\n<div class=\"wp-block-citadela-blocks-custom-container citadela-block-custom-container size-wide bg-type-none inside-space-none\"><div class=\"inner-holder\">\n<h2 class=\"wp-block-heading has-text-color\" style=\"color:#189265\"> M\u00cdDIA \u2013 AJUDE-NOS A DIVULGAR!<\/h2>\n\n\n<div class=\"wp-block-image\">\n<figure class=\"aligncenter size-full\"><img decoding=\"async\" width=\"316\" height=\"75\" src=\"https:\/\/nodengo.com\/wp-content\/uploads\/Nodengo-logo-medium-1.jpg\" alt=\"meios de comunica\u00e7\u00e3o\" class=\"wp-image-54631\" title=\"\" srcset=\"https:\/\/nodengo.com\/wp-content\/uploads\/Nodengo-logo-medium-1.jpg 316w, https:\/\/nodengo.com\/wp-content\/uploads\/Nodengo-logo-medium-1-150x36.jpg 150w, https:\/\/nodengo.com\/wp-content\/uploads\/Nodengo-logo-medium-1-300x71.jpg 300w, https:\/\/nodengo.com\/wp-content\/uploads\/Nodengo-logo-medium-1-18x4.jpg 18w\" sizes=\"(max-width: 316px) 100vw, 316px\" \/><\/figure>\n<\/div>\n\n\n<h4 class=\"wp-block-heading\">\u00c9 importante mantermos uma abordagem consistente na apresenta\u00e7\u00e3o de nossa m\u00eddia e logotipo. A consist\u00eancia \u00e9 a chave para construir o valor da marca. O profissional que faz refer\u00eancia ao nosso site deve seguir as seguintes diretrizes ao usar o widget\/links\/banners Nodengo referentes ao site Nodengo.com<\/h4>\n\n\n\n<p class=\"has-small-font-size\" id=\"logos\">Logos<\/p>\n\n\n\n<p>Para o&nbsp;<a href=\"https:\/\/nodengo.com\/pt\/\" target=\"_blank\" rel=\"noreferrer noopener\">Nodengo<\/a>&nbsp;O logotipo deve ser usado na posi\u00e7\u00e3o horizontal e prim\u00e1ria<br>A posi\u00e7\u00e3o vertical deve ser usada apenas para aplica\u00e7\u00f5es pequenas e verticais onde a orienta\u00e7\u00e3o prim\u00e1ria se torna ileg\u00edvel.<br>Nosso logotipo deve ser usado apenas em fundo branco, nos casos em que o logotipo apare\u00e7a em um fundo colorido ou em uma foto, ele deve ser colocado apenas em fundos em que o logotipo seja totalmente leg\u00edvel.<\/p>\n\n\n\n<ul class=\"wp-block-list\">\n<li>N\u00e3o incline o logotipo \u2013 N\u00e3o adicione tipografia ao logotipo \u2013 N\u00e3o altere a cor \u2013 N\u00e3o edite ou manipule o logotipo<\/li>\n<\/ul>\n\n\n\n<p class=\"has-small-font-size\">buttons<\/p>\n\n\n\n<p>Use bot\u00f5es\u00a0menores\u00a0para exibir nossa marca.<\/p>\n\n\n\n<p class=\"has-text-align-center has-black-color has-text-color has-small-font-size\">Logos para<strong><span style=\"color: #993366;\"><a style=\"color: #993366;\" href=\"https:\/\/nodengo.com\/wp-content\/uploads\/Nodengo-logo.pdf\"> imprimir<\/a> <\/span><\/strong>est\u00e3o dispon\u00edveis (pdf) e links textuais (<strong>O destino deve ser a p\u00e1gina principal do Nodengo.com. <\/strong><a href=\"https:\/\/nodengo.com\/pt\/\"><strong>&nbsp;https:\/\/nodengo.com<\/strong><\/a>, para links diretos entre em contato conosco<\/p>\n\n\n\n<div class=\"wp-block-buttons is-layout-flex wp-block-buttons-is-layout-flex\">\n<div class=\"wp-block-button has-custom-width wp-block-button__width-100 is-style-outline is-style-outline--2\"><a class=\"wp-block-button__link has-background wp-element-button\" href=\"https:\/\/nodengo.com\/pt\/-35\/meios-de-comunicacao\/media-logo\/\" style=\"background-color:#c9d9e3\">Encontre nossos logotipos e bot\u00f5es aqui<\/a><\/div>\n<\/div>\n\n\n\n<div style=\"height:93px\" aria-hidden=\"true\" class=\"wp-block-spacer\"><\/div>\n\n\n\n<p class=\"has-small-font-size\" id=\"widgets\">Widgets<\/p>\n\n\n\n<p>Qual widget est\u00e1 dispon\u00edvel para o meu site?<\/p>\n\n\n\n<p class=\"has-small-font-size\">Uma variedade de conte\u00fado est\u00e1 dispon\u00edvel para exibi\u00e7\u00e3o em seu site e est\u00e1 dispon\u00edvel gratuitamente. Observe que os widgets s\u00e3o destinados principalmente ao estabelecimento listados no Nodengo.com <em>Observe que esses widgets n\u00e3o s\u00e3o para estabelecimento revisado. Os crach\u00e1s de avalia\u00e7\u00e3o s\u00e3o enviados diretamente ao estabelecimento ap\u00f3s a conclus\u00e3o da avalia\u00e7\u00e3o.<\/em><\/p>\n\n\n\n<div class=\"wp-block-buttons is-layout-flex wp-block-buttons-is-layout-flex\">\n<div class=\"wp-block-button has-custom-width wp-block-button__width-100 is-style-outline is-style-outline--3\"><a class=\"wp-block-button__link has-black-color has-text-color has-background wp-element-button\" href=\"https:\/\/nodengo.com\/pt\/-35\/meios-de-comunicacao\/media-widgets\/\" style=\"background-color:#dbe9f4\"><strong>Obtenha nossos widgets<\/strong><\/a><\/div>\n<\/div>\n<\/div><\/div>\n\n\n\n<div style=\"height:53px\" aria-hidden=\"true\" class=\"wp-block-spacer\"><\/div>\n\n\n\n<figure class=\"wp-block-image size-full\"><img decoding=\"async\" width=\"728\" height=\"90\" src=\"https:\/\/nodengo.com\/wp-content\/uploads\/Nodengo-travel-guide.jpg\" alt=\"\" class=\"wp-image-57591\" title=\"\" srcset=\"https:\/\/nodengo.com\/wp-content\/uploads\/Nodengo-travel-guide.jpg 728w, https:\/\/nodengo.com\/wp-content\/uploads\/Nodengo-travel-guide-150x19.jpg 150w, https:\/\/nodengo.com\/wp-content\/uploads\/Nodengo-travel-guide-300x37.jpg 300w, https:\/\/nodengo.com\/wp-content\/uploads\/Nodengo-travel-guide-18x2.jpg 18w\" sizes=\"(max-width: 728px) 100vw, 728px\" \/><\/figure>","protected":false},"excerpt":{"rendered":"","protected":false},"author":249,"featured_media":0,"parent":54134,"menu_order":0,"comment_status":"closed","ping_status":"closed","template":"","meta":{"_uag_custom_page_level_css":"","_citadela_hide_page_title":"1","_citadela_remove_header_space":"1","_citadela_custom_class":"","_citadela_half_map_provider":"","_citadela_half_map_theme":"","_citadela_half_map_themeOSM":"","_citadela_half_map_customTheme":"","_citadela_half_map_dataType":"","_citadela_half_map_dynamicTrack":false,"_citadela_half_map_trackColor":"","_citadela_half_map_trackEndpointsColor":"","_citadela_half_map_filterCategory":"","_citadela_half_map_filterLocation":"","_citadela_half_map_filterFeatured":false,"_citadela_half_map_noDataBehavior":"empty-map","_citadela_half_map_noDataText":"","_citadela_half_map_clusterGridSize":80,"_citadela_header":true,"_citadela_header_over_content":false,"_citadela_header_text_color":"","_citadela_header_logo":{"id":208235,"url":"https:\/\/nodengo.com\/wp-content\/uploads\/Nodengo-logo-nhn.jpg","size":{"width":316,"height":75}},"_citadela_header_bg_image":[],"_citadela_header_bg_position":{"x":0.5,"y":0.5},"_citadela_header_bg_size":"cover","_citadela_header_bg_repeat":"no-repeat","_citadela_header_bg_fixed":false,"_citadela_header_bg_color":"","_citadela_header_bg_image_overlay":"","_citadela_header_transparent_bg":false,"_citadela_content_width":"","_citadela_half_layout_position":"","footnotes":""},"class_list":["post-54586","page","type-page","status-publish","hentry"],"uagb_featured_image_src":{"full":false,"thumbnail":false,"medium":false,"medium_large":false,"large":false,"1536x1536":false,"2048x2048":false,"trp-custom-language-flag":false,"citadela_item_thumbnail":false,"woocommerce_thumbnail":false,"woocommerce_single":false,"woocommerce_gallery_thumbnail":false,"citadela_service":false},"uagb_author_info":{"display_name":"Team Nodengo","author_link":"https:\/\/nodengo.com\/pt\/author\/nodengo-team\/"},"uagb_comment_info":0,"uagb_excerpt":null,"_links":{"self":[{"href":"https:\/\/nodengo.com\/pt\/wp-json\/wp\/v2\/pages\/54586","targetHints":{"allow":["GET"]}}],"collection":[{"href":"https:\/\/nodengo.com\/pt\/wp-json\/wp\/v2\/pages"}],"about":[{"href":"https:\/\/nodengo.com\/pt\/wp-json\/wp\/v2\/types\/page"}],"author":[{"embeddable":true,"href":"https:\/\/nodengo.com\/pt\/wp-json\/wp\/v2\/users\/249"}],"replies":[{"embeddable":true,"href":"https:\/\/nodengo.com\/pt\/wp-json\/wp\/v2\/comments?post=54586"}],"version-history":[{"count":0,"href":"https:\/\/nodengo.com\/pt\/wp-json\/wp\/v2\/pages\/54586\/revisions"}],"up":[{"embeddable":true,"href":"https:\/\/nodengo.com\/pt\/wp-json\/wp\/v2\/pages\/54134"}],"wp:attachment":[{"href":"https:\/\/nodengo.com\/pt\/wp-json\/wp\/v2\/media?parent=54586"}],"curies":[{"name":"wp","href":"https:\/\/api.w.org\/{rel}","templated":true}]}}