{"id":54509,"date":"2022-09-17T15:25:41","date_gmt":"2022-09-17T13:25:41","guid":{"rendered":"https:\/\/nodengo.com\/?page_id=54509"},"modified":"2024-08-20T10:25:44","modified_gmt":"2024-08-20T08:25:44","slug":"-16","status":"publish","type":"page","link":"https:\/\/nodengo.com\/pt\/hospitality-network\/reviews\/","title":{"rendered":"Reviews &#8211; Your establishment professionally reviewed."},"content":{"rendered":"<div class=\"wp-block-citadela-blocks-custom-container citadela-block-custom-container size-wide bg-type-none inside-space-none\"><div class=\"inner-holder\">\n<div class=\"wp-block-columns is-layout-flex wp-container-core-columns-is-layout-9d6595d7 wp-block-columns-is-layout-flex\">\n<div class=\"wp-block-column is-layout-flow wp-block-column-is-layout-flow\" style=\"flex-basis:60%\">\t\t\t<!-- Flexy Breadcrumb -->\r\n\t\t\t<div class=\"fbc fbc-page\">\r\n\r\n\t\t\t\t<!-- Breadcrumb wrapper -->\r\n\t\t\t\t<div class=\"fbc-wrap\">\r\n\r\n\t\t\t\t\t<!-- Ordered list-->\r\n\t\t\t\t\t<ol class=\"fbc-items\" itemscope itemtype=\"https:\/\/schema.org\/BreadcrumbList\">\r\n\t\t\t\t\t\t            <li itemprop=\"itemListElement\" itemscope itemtype=\"https:\/\/schema.org\/ListItem\">\r\n                <span itemprop=\"name\">\r\n                    <!-- Home Link -->\r\n                    <a itemprop=\"item\" href=\"https:\/\/nodengo.com\/pt\/\">\r\n                    \r\n                                                    <i class=\"fa fa-home\" aria-hidden=\"true\"><\/i>Home                    <\/a>\r\n                <\/span>\r\n                <meta itemprop=\"position\" content=\"1\" \/><!-- Meta Position-->\r\n             <\/li><li><span class=\"fbc-separator\">\/<\/span><\/li><li class=\"active\" itemprop=\"itemListElement\" itemscope itemtype=\"https:\/\/schema.org\/ListItem\"><span itemprop=\"name\" title=\"Best Travel Blog\">Best Travel Blog<\/span><meta itemprop=\"position\" content=\"2\" \/><\/li>\t\t\t\t\t<\/ol>\r\n\t\t\t\t\t<div class=\"clearfix\"><\/div>\r\n\t\t\t\t<\/div>\r\n\t\t\t<\/div>\r\n\t\t\t\n<\/div>\n\n\n\n<div class=\"wp-block-column is-layout-flow wp-block-column-is-layout-flow\" style=\"flex-basis:40%\">\n<div style=\"height:20px\" aria-hidden=\"true\" class=\"wp-block-spacer\"><\/div>\n\n\n\n<p><i class=\"fas fa-user\"><\/i> <a href=\"\/pt\/partner-help\/\">Parceiros<\/a> | <i class=\"fas fa-pen\"><\/i> <a href=\"\/pt\/partner-help\/#editors\">Editores<\/a> | <i class=\"fas fa-question\"><\/i> <a href=\"\/pt\/partner-help\/\">Ajuda<\/a> | <i class=\"fas fa-id-card\"><\/i> <a href=\"https:\/\/nodengo.com\/pt\/parther-help\/-28\/\">Contato<\/a> | <i class=\"fas fa-list\"><\/i> <a href=\"\/pt\/-4\/\">Conta <\/a><\/p>\n<\/div>\n<\/div>\n<\/div><\/div>\n\n\n\n<div class=\"wp-block-citadela-blocks-custom-container citadela-block-custom-container size-wide bg-type-image inside-space-none bg-size-cover has-overlay\"><div class=\"bg-image-wrapper\" style=\"background-image:url(https:\/\/nodengo.com\/wp-content\/uploads\/reviews.jpg);background-repeat:no-repeat;background-position:50% 50%\"><\/div><div class=\"bg-image-overlay\" style=\"opacity:0.5\"><\/div><div class=\"inner-holder\">\n<div style=\"height:24px\" aria-hidden=\"true\" class=\"wp-block-spacer\"><\/div>\n\n\n\n<h2 class=\"wp-block-heading has-black-color has-text-color has-link-color wp-elements-416cfa28443cc2006634f4e3c2588d51\">Tenha seu neg\u00f3cio avaliado por um profissional<\/h2>\n\n\n\n<div style=\"height:100px\" aria-hidden=\"true\" class=\"wp-block-spacer\"><\/div>\n<\/div><\/div>\n\n\n\n<div class=\"wp-block-citadela-blocks-custom-container citadela-block-custom-container size-wide bg-type-none inside-space-none\"><div class=\"inner-holder\">\n<div style=\"height:100px\" aria-hidden=\"true\" class=\"wp-block-spacer\"><\/div>\n\n\n\n<p>O seu neg\u00f3cio est\u00e1 sendo avaliado por indiv\u00edduos inexperientes ou sites gen\u00e9ricos?<\/p>\n\n\n\n<p>No Nodengo.com, somos escritores locais e profissionais de hospitalidade que podemos mostrar como podemos ajudar. Com uma vasta experi\u00eancia no setor do turismo e hotelaria, reconhecemos a necessidade de melhoria nesta \u00e1rea. O nosso objetivo \u00e9 resolver este problema, oferecendo aos fornecedores de hotelaria e turismo um m\u00e9todo alternativo para promover os seus estabelecimentos.<\/p>\n\n\n\n<p>Como profissionais, estamos exclusivamente qualificados para avaliar o seu estabelecimento de forma objetiva e fornecer um meio de promo\u00e7\u00e3o gratuito, imparcial e incompar\u00e1vel.<\/p>\n\n\n\n<p>While there is an exponential increase in the number of online reviews available, we believe that these reviews only partially represent the offerings of these establishments. Nowadays, it seems that everyone believes they are qualified to offer advice on the service and hospitality industry, resulting in subjective and often flawed &#8220;comments.<\/p>\n\n\n\n<p>OTAs e sites de viagens oferecem a seus clientes a avalia\u00e7\u00e3o do estabelecimento que visitaram, alguns at\u00e9 oferecem para fazer com que seus clientes se tornem \"avaliadores\", oferecendo uma compensa\u00e7\u00e3o monet\u00e1ria durante sua visita ou sua estadia em um hotel.<\/p>\n\n\n\n<p>We have chosen to address the issue of misleading reviews and comments through Nodengo, an alternative solution. There is significant room for improvement in this area, and we can provide you with the alternative you&#8217;ve been looking for. As professionals, we are uniquely qualified to review your establishment in an unbiased and unparalleled manner, without any payment involved. We understand what needs to be done and what should be avoided. Join us now.<\/p>\n\n\n<div class=\"wp-block-image\">\n<figure class=\"aligncenter size-medium\"><img decoding=\"async\" width=\"300\" height=\"200\" src=\"https:\/\/nodengo.com\/wp-content\/uploads\/Editors-Referal-300x200.jpg\" alt=\"avalia\u00e7\u00f5es\" class=\"wp-image-53756\" title=\"\" srcset=\"https:\/\/nodengo.com\/wp-content\/uploads\/Editors-Referal-300x200.jpg 300w, https:\/\/nodengo.com\/wp-content\/uploads\/Editors-Referal-150x100.jpg 150w, https:\/\/nodengo.com\/wp-content\/uploads\/Editors-Referal-18x12.jpg 18w, https:\/\/nodengo.com\/wp-content\/uploads\/Editors-Referal.jpg 357w\" sizes=\"(max-width: 300px) 100vw, 300px\" \/><\/figure>\n<\/div>\n\n\n<h3 class=\"wp-block-heading\">N\u00e3o demore. Tenha seu estabelecimento profissionalmente&nbsp;<a href=\"https:\/\/nodengo.com\/pt\/network\/-37\/\" data-type=\"page\" data-id=\"53486\"><strong>Avaliado<\/strong>&nbsp;<\/a>agora<\/h3>\n\n\n\n<h3 class=\"wp-block-heading\">Voc\u00ea gostaria de saber mais sobre&nbsp;<a href=\"https:\/\/nodengo.com\/pt\/network\/-37\/\" data-type=\"page\" data-id=\"53486\">nosso processo de avalia\u00e7\u00e3o<\/a> ?<\/h3>\n<\/div><\/div>","protected":false},"excerpt":{"rendered":"","protected":false},"author":249,"featured_media":0,"parent":54134,"menu_order":0,"comment_status":"closed","ping_status":"closed","template":"","meta":{"_uag_custom_page_level_css":"","_citadela_hide_page_title":"1","_citadela_remove_header_space":"1","_citadela_custom_class":"","_citadela_half_map_provider":"","_citadela_half_map_theme":"","_citadela_half_map_themeOSM":"","_citadela_half_map_customTheme":"","_citadela_half_map_dataType":"","_citadela_half_map_dynamicTrack":false,"_citadela_half_map_trackColor":"","_citadela_half_map_trackEndpointsColor":"","_citadela_half_map_filterCategory":"","_citadela_half_map_filterLocation":"","_citadela_half_map_filterFeatured":false,"_citadela_half_map_noDataBehavior":"empty-map","_citadela_half_map_noDataText":"","_citadela_half_map_clusterGridSize":80,"_citadela_header":true,"_citadela_header_over_content":false,"_citadela_header_text_color":"","_citadela_header_logo":{"id":208235,"url":"https:\/\/nodengo.com\/wp-content\/uploads\/Nodengo-logo-nhn.jpg","size":{"width":316,"height":75}},"_citadela_header_bg_image":[],"_citadela_header_bg_position":{"x":0.5,"y":0.5},"_citadela_header_bg_size":"cover","_citadela_header_bg_repeat":"no-repeat","_citadela_header_bg_fixed":false,"_citadela_header_bg_color":"","_citadela_header_bg_image_overlay":"","_citadela_header_transparent_bg":false,"_citadela_content_width":"","_citadela_half_layout_position":"","footnotes":""},"class_list":["post-54509","page","type-page","status-publish","hentry"],"uagb_featured_image_src":{"full":false,"thumbnail":false,"medium":false,"medium_large":false,"large":false,"1536x1536":false,"2048x2048":false,"trp-custom-language-flag":false,"citadela_item_thumbnail":false,"woocommerce_thumbnail":false,"woocommerce_single":false,"woocommerce_gallery_thumbnail":false,"citadela_service":false},"uagb_author_info":{"display_name":"Team Nodengo","author_link":"https:\/\/nodengo.com\/pt\/author\/nodengo-team\/"},"uagb_comment_info":0,"uagb_excerpt":null,"_links":{"self":[{"href":"https:\/\/nodengo.com\/pt\/wp-json\/wp\/v2\/pages\/54509","targetHints":{"allow":["GET"]}}],"collection":[{"href":"https:\/\/nodengo.com\/pt\/wp-json\/wp\/v2\/pages"}],"about":[{"href":"https:\/\/nodengo.com\/pt\/wp-json\/wp\/v2\/types\/page"}],"author":[{"embeddable":true,"href":"https:\/\/nodengo.com\/pt\/wp-json\/wp\/v2\/users\/249"}],"replies":[{"embeddable":true,"href":"https:\/\/nodengo.com\/pt\/wp-json\/wp\/v2\/comments?post=54509"}],"version-history":[{"count":0,"href":"https:\/\/nodengo.com\/pt\/wp-json\/wp\/v2\/pages\/54509\/revisions"}],"up":[{"embeddable":true,"href":"https:\/\/nodengo.com\/pt\/wp-json\/wp\/v2\/pages\/54134"}],"wp:attachment":[{"href":"https:\/\/nodengo.com\/pt\/wp-json\/wp\/v2\/media?parent=54509"}],"curies":[{"name":"wp","href":"https:\/\/api.w.org\/{rel}","templated":true}]}}