{"id":54052,"date":"2022-09-17T07:49:50","date_gmt":"2022-09-17T05:49:50","guid":{"rendered":"https:\/\/nodengo.com\/?page_id=54052"},"modified":"2025-12-16T08:50:36","modified_gmt":"2025-12-16T07:50:36","slug":"hospitality-and-services-provider","status":"publish","type":"page","link":"https:\/\/nodengo.com\/pt\/hospitality-network\/hospitality-and-services-provider\/","title":{"rendered":"A melhor solu\u00e7\u00e3o para hotelaria e prestadores de servi\u00e7os"},"content":{"rendered":"<div style=\"height:14px\" aria-hidden=\"true\" class=\"wp-block-spacer\"><\/div>\n\n\n\t\t\t<!-- Flexy Breadcrumb -->\r\n\t\t\t<div class=\"fbc fbc-page\">\r\n\r\n\t\t\t\t<!-- Breadcrumb wrapper -->\r\n\t\t\t\t<div class=\"fbc-wrap\">\r\n\r\n\t\t\t\t\t<!-- Ordered list-->\r\n\t\t\t\t\t<ol class=\"fbc-items\" itemscope itemtype=\"https:\/\/schema.org\/BreadcrumbList\">\r\n\t\t\t\t\t\t            <li itemprop=\"itemListElement\" itemscope itemtype=\"https:\/\/schema.org\/ListItem\">\r\n                <span itemprop=\"name\">\r\n                    <!-- Home Link -->\r\n                    <a itemprop=\"item\" href=\"https:\/\/nodengo.com\/pt\/\">\r\n                    \r\n                                                    <i class=\"fa fa-home\" aria-hidden=\"true\"><\/i>Home                    <\/a>\r\n                <\/span>\r\n                <meta itemprop=\"position\" content=\"1\" \/><!-- Meta Position-->\r\n             <\/li><li><span class=\"fbc-separator\">\/<\/span><\/li><li class=\"active\" itemprop=\"itemListElement\" itemscope itemtype=\"https:\/\/schema.org\/ListItem\"><span itemprop=\"name\" title=\"Best Travel Blog\">Best Travel Blog<\/span><meta itemprop=\"position\" content=\"2\" \/><\/li>\t\t\t\t\t<\/ol>\r\n\t\t\t\t\t<div class=\"clearfix\"><\/div>\r\n\t\t\t\t<\/div>\r\n\t\t\t<\/div>\r\n\t\t\t\n\n\n\n<p class=\"has-text-align-right\"><i class=\"fas fa-user\"><\/i> <a href=\"\/pt\/partner-help\/\">Parceiros<\/a> | <i class=\"fas fa-pen\"><\/i> <a href=\"\/pt\/partner-help\/#editors\">Editores<\/a> | <i class=\"fas fa-question\"><\/i> <a href=\"\/pt\/partner-help\/\">Ajuda<\/a> | <i class=\"fas fa-id-card\"><\/i> <a href=\"https:\/\/nodengo.com\/pt\/parther-help\/-28\/\">Contato<\/a> | <i class=\"fas fa-list\"><\/i> <a href=\"\/pt\/-4\/\">Conta <\/a><\/p>\n\n\n\n<div class=\"wp-block-citadela-blocks-custom-container citadela-block-custom-container size-wide bg-type-image inside-space-none bg-size-cover has-overlay\"><div class=\"bg-image-wrapper\" style=\"background-image:url(https:\/\/nodengo.com\/wp-content\/uploads\/service-provide-header.jpg);background-repeat:no-repeat;background-position:50% 50%\"><\/div><div class=\"bg-image-overlay\" style=\"opacity:0.5\"><\/div><div class=\"inner-holder\">\n<div style=\"height:243px\" aria-hidden=\"true\" class=\"wp-block-spacer\"><\/div>\n\n\n\n<h2 class=\"wp-block-heading has-text-align-center has-white-color has-text-color\"><strong>PRESTADORES DE SERVI\u00c7OS DE HOSPITALIDADE \u2013 UMA AGRAD\u00c1VEL BEM-VINDO<\/strong><\/h2>\n\n\n\n<div style=\"height:115px\" aria-hidden=\"true\" class=\"wp-block-spacer\"><\/div>\n<\/div><\/div>\n\n\n\n<div style=\"height:35px\" aria-hidden=\"true\" class=\"wp-block-spacer\"><\/div>\n\n\n\n<div class=\"wp-block-citadela-blocks-custom-container citadela-block-custom-container size-wide bg-type-none inside-space-none\"><div class=\"inner-holder\">\n<h3 class=\"wp-block-heading has-text-align-center\"><strong>Voc\u00ea est\u00e1 interessado em promover seus servi\u00e7os para os clientes certos?<\/strong><\/h3>\n\n\n\n<div class=\"wp-block-columns is-layout-flex wp-container-core-columns-is-layout-9d6595d7 wp-block-columns-is-layout-flex\">\n<div class=\"wp-block-column is-layout-flow wp-block-column-is-layout-flow\" style=\"flex-basis:25%\"><div class=\"wp-block-image\">\n<figure class=\"alignright size-full\"><img decoding=\"async\" width=\"217\" height=\"287\" src=\"https:\/\/nodengo.com\/wp-content\/uploads\/custres.gif\" alt=\"Best solution for hospitality and services providers\" class=\"wp-image-144715\" style=\"aspect-ratio:3\/4;object-fit:cover\" title=\"\"><\/figure>\n<\/div><\/div>\n\n\n\n<div class=\"wp-block-column is-layout-flow wp-block-column-is-layout-flow\" style=\"flex-basis:66.66%\">\n<p>Como prestadores de servi\u00e7os na ind\u00fastria do turismo e viagens. Voc\u00ea sabe como \u00e9 dif\u00edcil se destacar da multid\u00e3o, voc\u00ea busca novos caminhos para diferenciar seu neg\u00f3cio dos demais. Embora seja bastante f\u00e1cil faz\u00ea-lo localmente, voc\u00ea sabe que faz\u00ea-lo online pode ser um pesadelo.<\/p>\n\n\n\n<p>Se ao menos houvesse uma maneira de se destacar sem gastar uma fortuna em SEO, dando tanta comiss\u00e3o para as OTAs ou alocando muito dinheiro, tempo e recursos na tentativa de anunciar online e, o mais importante, ver se h\u00e1 um real retorno do seu investimento.<\/p>\n\n\n\n<p>Deveria haver novas maneiras de tornar um estabelecimento conhecido do p\u00fablico. Agora existe!<strong> Agora existe um!<\/strong><\/p>\n<\/div>\n<\/div>\n\n\n\n<p>O Nodengo.com \u00e9 uma solu\u00e7\u00e3o alternativa, cujo objetivo \u00e9 fornecer aos visitantes em potencial \u2013 informa\u00e7\u00f5es precisas, imparciais e atualizadas sobre a cidade que est\u00e3o prestes a visitar. e com isso em mente, oferecemos ter sua empresa listada em nossas p\u00e1ginas locais, promovida em nosso site e o melhor de tudo analisada com precis\u00e3o.<\/p>\n\n\n\n<p>Somos um encontro de profissionais da hotelaria local, que vivem no seu bairro e podemos \u201cprofissionalmente\u201d contar ao mundo sobre o seu estabelecimento. N\u00f3s nos propusemos a ser o primeiro lugar para informa\u00e7\u00f5es de destino em todo o mundo, fornecendo avalia\u00e7\u00f5es imparciais, profissionais e precisas sobre estabelecimentos locais fornecidas por editores locais.<\/p>\n\n\n\n<p>Nossa miss\u00e3o \u00e9 corrigir esse erro, oferecendo aos operadores de atra\u00e7\u00f5es e profissionais de turismo uma forma alternativa de divulgar seu estabelecimento ao p\u00fablico em geral.<\/p>\n\n\n\n<p><strong>Nosso site tem como objetivo fornecer aos visitantes em potencial, informa\u00e7\u00f5es precisas, imparciais e atualizadas sobre a cidade que eles planejam visitar.<\/strong><\/p>\n<\/div><\/div>\n\n\n\n<div class=\"wp-block-citadela-blocks-custom-container citadela-block-custom-container size-wide bg-type-none inside-space-none\"><div class=\"inner-holder\">\n<div class=\"wp-block-columns is-layout-flex wp-container-core-columns-is-layout-9d6595d7 wp-block-columns-is-layout-flex\">\n<div class=\"wp-block-column is-layout-flow wp-block-column-is-layout-flow\" style=\"flex-basis:33.33%\"><div class=\"wp-block-image is-style-rounded\">\n<figure class=\"aligncenter size-full\"><img decoding=\"async\" width=\"741\" height=\"465\" src=\"https:\/\/nodengo.com\/wp-content\/uploads\/slider-img1.png\" alt=\"\" class=\"wp-image-144714\" title=\"\" srcset=\"https:\/\/nodengo.com\/wp-content\/uploads\/slider-img1.png 741w, https:\/\/nodengo.com\/wp-content\/uploads\/slider-img1-150x94.png 150w, https:\/\/nodengo.com\/wp-content\/uploads\/slider-img1-300x188.png 300w, https:\/\/nodengo.com\/wp-content\/uploads\/slider-img1-18x12.png 18w\" sizes=\"(max-width: 741px) 100vw, 741px\" \/><\/figure>\n<\/div><\/div>\n\n\n\n<div class=\"wp-block-column is-layout-flow wp-block-column-is-layout-flow\" style=\"flex-basis:66.66%\">\n<h4 class=\"wp-block-heading\"><strong>Voc\u00ea est\u00e1 interessado em ser avaliado profissionalmente?<\/strong><\/h4>\n\n\n\n<p>Voc\u00ea est\u00e1 no setor de hospitalidade e prestadores de servi\u00e7os e, como sabe, existem milhares de avalia\u00e7\u00f5es dispon\u00edveis na internet e o n\u00famero \u00e9 cada vez mais expansivo. E embora essas avalia\u00e7\u00f5es d\u00eaem de alguma forma uma ideia de um estabelecimento, elas n\u00e3o representam, a nosso ver, totalmente o que esses estabelecimentos oferecem.<\/p>\n\n\n\n<p>OTAs e sites de viagens oferecem a seus clientes a avalia\u00e7\u00e3o do estabelecimento que visitaram, alguns at\u00e9 oferecem para fazer com que seus clientes se tornem \"avaliadores\", oferecendo uma compensa\u00e7\u00e3o monet\u00e1ria durante sua visita ou sua estadia em um hotel.<\/p>\n<\/div>\n<\/div>\n<\/div><\/div>\n\n\n\n<h2 class=\"wp-block-heading\">5 RAZ\u00d5ES PARA SERMOS MELHORES<\/h2>\n\n\n\n<p class=\"has-text-color\" style=\"color:#4d5358\"><strong>Sabemos o que fazer, como fazer e o que n\u00e3o fazer.<\/strong><\/p>\n\n\n\n<div class=\"wp-block-citadela-blocks-custom-container citadela-block-custom-container size-wide bg-type-none inside-space-none\"><div class=\"inner-holder\">\n<div class=\"wp-block-columns is-layout-flex wp-container-core-columns-is-layout-9d6595d7 wp-block-columns-is-layout-flex\">\n<div class=\"wp-block-column is-layout-flow wp-block-column-is-layout-flow\" style=\"flex-basis:45%\">\n<p class=\"has-text-align-right\"><strong>Raz\u00e3o 1: INFORMA\u00c7\u00d5ES VERDADEIRAMENTE LOCAIS<\/strong><\/p>\n<\/div>\n\n\n\n<div class=\"wp-block-column is-layout-flow wp-block-column-is-layout-flow\" style=\"flex-basis:55%\">\n<p style=\"font-size:15px\">As informa\u00e7\u00f5es s\u00e3o genuinamente locais, j\u00e1 que nossos\u00a0editores\u00a0s\u00e3o locais, eles n\u00e3o s\u00e3o coletados por operadores estrangeiros que nunca visitaram a cidade sobre a qual est\u00e3o informando os visitantes.<br>Nossos escritores vivem na cidade sobre a qual escrevem \u2013 eles sabem disso, eles moram l\u00e1.<\/p>\n<\/div>\n<\/div>\n\n\n\n<div class=\"wp-block-columns is-layout-flex wp-container-core-columns-is-layout-9d6595d7 wp-block-columns-is-layout-flex\">\n<div class=\"wp-block-column is-layout-flow wp-block-column-is-layout-flow\" style=\"flex-basis:45%\">\n<p class=\"has-text-align-right\"><strong>Raz\u00e3o 2: PRECISO<\/strong><\/p>\n<\/div>\n\n\n\n<div class=\"wp-block-column is-layout-flow wp-block-column-is-layout-flow\" style=\"flex-basis:55%\">\n<p style=\"font-size:15px\">Nossas informa\u00e7\u00f5es s\u00e3o precisas, sem atrasos entre a coleta de informa\u00e7\u00f5es e a publica\u00e7\u00e3o em nosso site, mais uma vez nossos\u00a0editores\u00a0s\u00e3o locais e suas recomenda\u00e7\u00f5es tamb\u00e9m; eles sabem o que est\u00e1 acontecendo localmente e em sua vizinhan\u00e7a e publicam em nosso site.<\/p>\n<\/div>\n<\/div>\n\n\n\n<div class=\"wp-block-columns is-layout-flex wp-container-core-columns-is-layout-9d6595d7 wp-block-columns-is-layout-flex\">\n<div class=\"wp-block-column is-layout-flow wp-block-column-is-layout-flow\" style=\"flex-basis:45%\">\n<p class=\"has-text-align-right\"><strong>Motivo 3: AVALIA\u00c7\u00d5ES PROFISSIONAIS<\/strong><\/p>\n<\/div>\n\n\n\n<div class=\"wp-block-column is-layout-flow wp-block-column-is-layout-flow\" style=\"flex-basis:55%\">\n<p style=\"font-size:15px\">Nossas avalia\u00e7\u00f5es s\u00e3o escritas por pessoas reais e experientes, al\u00e9m disso, essas avalia\u00e7\u00f5es n\u00e3o s\u00e3o escritas por \"turistas amadores\", nossos escritores s\u00e3o profissionais da hotelaria, conhecem seu neg\u00f3cio e podem descrever e avaliar com precis\u00e3o seu estabelecimento.<\/p>\n<\/div>\n<\/div>\n\n\n\n<div class=\"wp-block-columns is-layout-flex wp-container-core-columns-is-layout-9d6595d7 wp-block-columns-is-layout-flex\">\n<div class=\"wp-block-column is-layout-flow wp-block-column-is-layout-flow\" style=\"flex-basis:45%\">\n<p class=\"has-text-align-right\"><strong>Raz\u00e3o 4: SOMOS MELHORES<\/strong><\/p>\n<\/div>\n\n\n\n<div class=\"wp-block-column is-layout-flow wp-block-column-is-layout-flow\" style=\"flex-basis:55%\">\n<p style=\"font-size:15px\">N\u00c3O somos apenas um mecanismo de pesquisa, um \"site de avalia\u00e7\u00f5es\" ou apenas interessados \u200b\u200bem postar avalia\u00e7\u00f5es n\u00e3o verificadas e muitas vezes n\u00e3o profissionais, acreditamos que h\u00e1 uma maneira melhor, listamos avalia\u00e7\u00f5es honestas e precisas - acreditamos que voc\u00ea merece melhor e pretende ser superior a este respeito<\/p>\n<\/div>\n<\/div>\n\n\n\n<div class=\"wp-block-columns is-layout-flex wp-container-core-columns-is-layout-9d6595d7 wp-block-columns-is-layout-flex\">\n<div class=\"wp-block-column is-layout-flow wp-block-column-is-layout-flow\" style=\"flex-basis:45%\">\n<p class=\"has-text-align-right\"><strong>Raz\u00e3o 5: \u00c9 GR\u00c1TIS<\/strong><\/p>\n<\/div>\n\n\n\n<div class=\"wp-block-column is-layout-flow wp-block-column-is-layout-flow\" style=\"flex-basis:55%\">\n<p style=\"font-size:15px\">Nosso servi\u00e7o \u00e9 gratuito, o SEO b\u00e1sico do seu neg\u00f3cio na Internet e em todos os dispositivos \u00e9 gratuito. O \u00fanico custo associado a uma avalia\u00e7\u00e3o \u00e9 que voc\u00ea fornece seus servi\u00e7os a um de nossos editores gratuitamente e os publicamos em nosso site. Considerando as implica\u00e7\u00f5es e custos associados a outras avalia\u00e7\u00f5es, este \u00e9 um custo m\u00ednimo. \u00c9 t\u00e3o f\u00e1cil<\/p>\n<\/div>\n<\/div>\n<\/div><\/div>\n\n\n\n<div class=\"wp-block-citadela-blocks-custom-container citadela-block-custom-container size-wide bg-type-none inside-space-none\"><div class=\"inner-holder\">\n<div class=\"wp-block-columns is-layout-flex wp-container-core-columns-is-layout-9d6595d7 wp-block-columns-is-layout-flex\">\n<div class=\"wp-block-column is-layout-flow wp-block-column-is-layout-flow\">\n<div class=\"wp-block-citadela-blocks-service citadela-block-service main-holder layout-box header-type-icon has-readmore standard\"><div class=\"service-header\"><div class=\"service-icon\"><a href=\"https:\/\/nodengo.com\/pt\/-35\/\"><i class=\"fas fa-info-circle\" style=\"color:#b9b9b9\"><\/i><\/a><\/div><\/div><div class=\"service-content\"><div class=\"service-content-wrap\"><a href=\"https:\/\/nodengo.com\/pt\/-35\/\"><h3 class=\"service-title\"><a href=\"https:\/\/nodengo.com\/pt\/-35\/\"><\/a><a href=\"https:\/\/nodengo.com\/pt\/-35\/\"><\/a><a href=\"https:\/\/nodengo.com\/pt\/-35\/\"><\/a><a href=\"https:\/\/nodengo.com\/pt\/-35\/\"><\/a><a href=\"https:\/\/nodengo.com\/pt\/perguntas-frequentes\/\"><\/a><a href=\"https:\/\/nodengo.com\/pt\/perguntas-frequentes\/\"><strong><\/strong><\/a><strong><a href=\"https:\/\/nodengo.com\/pt\/-35\/\"> N\u00d3S PODEMOS AJUDAR VOC\u00ca\u00a0<\/a><\/strong><\/h3><\/a><p class=\"service-description\">Nodengo.com pode ajudar o provedor de hotelaria e servi\u00e7os a promover seu estabelecimento.<\/p><a href=\"https:\/\/nodengo.com\/pt\/-35\/\" class=\"service-readmore\"><span class=\"service-readmore-text\">Saber mais<\/span><\/a><\/div><\/div><\/div>\n<\/div>\n\n\n\n<div class=\"wp-block-column is-layout-flow wp-block-column-is-layout-flow\">\n<div class=\"wp-block-citadela-blocks-service citadela-block-service main-holder layout-box header-type-icon has-readmore standard\"><div class=\"service-header\"><div class=\"service-icon\"><a href=\"https:\/\/nodengo.com\/pt\/-2\/\"><i class=\"fas fa-pen\" style=\"color:#b9b9b9\"><\/i><\/a><\/div><\/div><div class=\"service-content\"><div class=\"service-content-wrap\"><a href=\"https:\/\/nodengo.com\/pt\/-2\/\"><h3 class=\"service-title\"><strong><a href=\"https:\/\/nodengo.com\/pt\/-35\/\"> SEU ESTABELECIMENTO LISTADO<\/a><\/strong><\/h3><\/a><p class=\"service-description\">para que voc\u00ea possa alcan\u00e7ar potenciais viajantes em todo o mundo.<\/p><a href=\"https:\/\/nodengo.com\/pt\/-2\/\" class=\"service-readmore\"><span class=\"service-readmore-text\">Registre-se GRATUITAMENTE<\/span><\/a><\/div><\/div><\/div>\n<\/div>\n\n\n\n<div class=\"wp-block-column is-layout-flow wp-block-column-is-layout-flow\">\n<div class=\"wp-block-citadela-blocks-service citadela-block-service main-holder layout-box header-type-icon has-readmore standard\"><div class=\"service-header\"><div class=\"service-icon\"><a href=\"https:\/\/nodengo.com\/pt\/-35\/-16\/\"><i class=\"fas fa-star\" style=\"color:#b9b9b9\"><\/i><\/a><\/div><\/div><div class=\"service-content\"><div class=\"service-content-wrap\"><a href=\"https:\/\/nodengo.com\/pt\/-35\/-16\/\"><h3 class=\"service-title\"><a href=\"https:\/\/nodengo.com\/pt\/-35\/-16\/\"><\/a><a href=\"https:\/\/nodengo.com\/pt\/-35\/-16\/\"><\/a><a href=\"https:\/\/nodengo.com\/pt\/-35\/-16\/\"><\/a><a href=\"https:\/\/nodengo.com\/pt\/network\/-16\/\"><\/a><a href=\"https:\/\/nodengo.com\/pt\/network\/-16\/\"><\/a><a href=\"https:\/\/nodengo.com\/pt\/network\/-16\/\"><\/a><a href=\"https:\/\/nodengo.com\/pt\/network\/-16\/\"><\/a><a href=\"https:\/\/nodengo.com\/pt\/network\/-16\/\"><\/a><a href=\"https:\/\/nodengo.com\/pt\/network\/-16\/\"><\/a><a href=\"https:\/\/nodengo.com\/pt\/network\/-16\/\"><\/a><a href=\"https:\/\/nodengo.com\/pt\/-35\/-16\/\"><strong>SOLICITE UMA AVALIA\u00c7\u00c3O<\/strong><\/a><\/h3><\/a><p class=\"service-description\">Fa\u00e7a a avalia\u00e7\u00e3o do seu estabelecimento e beneficie da m\u00e1xima exposi\u00e7\u00e3o.<\/p><a href=\"https:\/\/nodengo.com\/pt\/-35\/-16\/\" class=\"service-readmore\"><span class=\"service-readmore-text\">SABER MAIS<\/span><\/a><\/div><\/div><\/div>\n<\/div>\n\n\n\n<div class=\"wp-block-column is-layout-flow wp-block-column-is-layout-flow\">\n<div class=\"wp-block-citadela-blocks-service citadela-block-service main-holder layout-box header-type-icon has-readmore standard\"><div class=\"service-header\"><div class=\"service-icon\"><a href=\"https:\/\/ads.nodengo.com\"><i class=\"fas fa-bullhorn\" style=\"color:#b9b9b9\"><\/i><\/a><\/div><\/div><div class=\"service-content\"><div class=\"service-content-wrap\"><a href=\"https:\/\/ads.nodengo.com\"><h3 class=\"service-title\"><a href=\"https:\/\/ads.nodengo.com\"><\/a><a href=\"https:\/\/ads.nodengo.com\"><\/a><a href=\"https:\/\/ads.nodengo.com\"><\/a><a href=\"https:\/\/ads.nodengo.com\"><\/a><a href=\"https:\/\/ads.nodengo.com\"><\/a><a href=\"https:\/\/ads.nodengo.com\"><\/a><a href=\"https:\/\/ads.nodengo.com\"><\/a><a href=\"https:\/\/ads.nodengo.com\"><\/a><a href=\"https:\/\/ads.nodengo.com\"><\/a><a href=\"https:\/\/ads.nodengo.com\"><\/a><a href=\"https:\/\/ads.nodengo.com\"><strong>AN\u00daNCIO<\/strong><\/a><\/h3><\/a><p class=\"service-description\"> Anuncie no Nodengo.com e aproveite nossas oportunidades de publicidade verdadeiramente direcionadas.<\/p><a href=\"https:\/\/ads.nodengo.com\" class=\"service-readmore\"><span class=\"service-readmore-text\">AN\u00daNCIO<\/span><\/a><\/div><\/div><\/div>\n<\/div>\n<\/div>\n\n\n\n<p>Al\u00e9m de fornecer informa\u00e7\u00f5es locais precisas, o Nodengo.com tamb\u00e9m oferece uma s\u00e9rie de outras op\u00e7\u00f5es.<\/p>\n\n\n\n<ul class=\"wp-block-list\">\n<li>Um&nbsp;<strong><a href=\"https:\/\/nodengo.com\/pt\/voos\/\" target=\"_blank\" data-type=\"page\" data-id=\"26317\" rel=\"noreferrer noopener\">motor de busca de voos<\/a>&nbsp;<\/strong>para encontrar as melhores ofertas e reservar voos no sistema 728 Airlines e 5 Booking.<\/li>\n\n\n\n<li>Um mecanismo de meta pesquisa para encontrar o&nbsp;<a href=\"https:\/\/nodengo.com\/pt\/hotels\/\" target=\"_blank\" data-type=\"page\" data-id=\"26236\" rel=\"noreferrer noopener\"><strong>melhor hotel<\/strong><\/a>&nbsp;aos melhores pre\u00e7os e at\u00e9 60% de desconto.<\/li>\n\n\n\n<li><strong>Atividades online antes da chegada<\/strong>, pule as filas e escolha os melhores shows antes de ir.<\/li>\n\n\n\n<li><strong>Uma rent a car<\/strong><a href=\"https:\/\/nodengo.com\/pt\/car-rental\/\" target=\"_blank\" data-type=\"page\" data-id=\"26089\" rel=\"noreferrer noopener\"><strong>&nbsp;motor de busca<\/strong><\/a>&nbsp;para encontrar o melhor carro ao melhor pre\u00e7o em qualquer parte do mundo.<\/li>\n<\/ul>\n\n\n\n<p><\/p>\n<\/div><\/div>","protected":false},"excerpt":{"rendered":"<p>Partners | Editors | Help | Contact | Account 5 REASONS WE ARE BETTER We know what must be done, what has to be done, and what should not be [&hellip;]<\/p>\n","protected":false},"author":249,"featured_media":0,"parent":54134,"menu_order":0,"comment_status":"closed","ping_status":"closed","template":"","meta":{"_uag_custom_page_level_css":"","_citadela_hide_page_title":"1","_citadela_remove_header_space":"1","_citadela_custom_class":"","_citadela_half_map_provider":"","_citadela_half_map_theme":"","_citadela_half_map_themeOSM":"","_citadela_half_map_customTheme":"","_citadela_half_map_dataType":"","_citadela_half_map_dynamicTrack":false,"_citadela_half_map_trackColor":"","_citadela_half_map_trackEndpointsColor":"","_citadela_half_map_filterCategory":"","_citadela_half_map_filterLocation":"","_citadela_half_map_filterFeatured":false,"_citadela_half_map_noDataBehavior":"empty-map","_citadela_half_map_noDataText":"","_citadela_half_map_clusterGridSize":80,"_citadela_header":true,"_citadela_header_over_content":false,"_citadela_header_text_color":"","_citadela_header_logo":{"id":208235,"url":"https:\/\/nodengo.com\/wp-content\/uploads\/Nodengo-logo-nhn.jpg","size":{"width":316,"height":75}},"_citadela_header_bg_image":[],"_citadela_header_bg_position":{"x":0.5,"y":0.5},"_citadela_header_bg_size":"cover","_citadela_header_bg_repeat":"no-repeat","_citadela_header_bg_fixed":false,"_citadela_header_bg_color":"","_citadela_header_bg_image_overlay":"","_citadela_header_transparent_bg":false,"_citadela_content_width":"","_citadela_half_layout_position":"","footnotes":""},"class_list":["post-54052","page","type-page","status-publish","hentry"],"uagb_featured_image_src":{"full":false,"thumbnail":false,"medium":false,"medium_large":false,"large":false,"1536x1536":false,"2048x2048":false,"trp-custom-language-flag":false,"citadela_item_thumbnail":false,"woocommerce_thumbnail":false,"woocommerce_single":false,"woocommerce_gallery_thumbnail":false,"citadela_service":false},"uagb_author_info":{"display_name":"Team Nodengo","author_link":"https:\/\/nodengo.com\/pt\/author\/nodengo-team\/"},"uagb_comment_info":0,"uagb_excerpt":"Partners | Editors | Help | Contact | Account 5 REASONS WE ARE BETTER We know what must be done, what has to be done, and what should not be [&hellip;]","_links":{"self":[{"href":"https:\/\/nodengo.com\/pt\/wp-json\/wp\/v2\/pages\/54052","targetHints":{"allow":["GET"]}}],"collection":[{"href":"https:\/\/nodengo.com\/pt\/wp-json\/wp\/v2\/pages"}],"about":[{"href":"https:\/\/nodengo.com\/pt\/wp-json\/wp\/v2\/types\/page"}],"author":[{"embeddable":true,"href":"https:\/\/nodengo.com\/pt\/wp-json\/wp\/v2\/users\/249"}],"replies":[{"embeddable":true,"href":"https:\/\/nodengo.com\/pt\/wp-json\/wp\/v2\/comments?post=54052"}],"version-history":[{"count":0,"href":"https:\/\/nodengo.com\/pt\/wp-json\/wp\/v2\/pages\/54052\/revisions"}],"up":[{"embeddable":true,"href":"https:\/\/nodengo.com\/pt\/wp-json\/wp\/v2\/pages\/54134"}],"wp:attachment":[{"href":"https:\/\/nodengo.com\/pt\/wp-json\/wp\/v2\/media?parent=54052"}],"curies":[{"name":"wp","href":"https:\/\/api.w.org\/{rel}","templated":true}]}}