{"id":54050,"date":"2022-09-17T07:48:29","date_gmt":"2022-09-17T05:48:29","guid":{"rendered":"https:\/\/nodengo.com\/?page_id=54050"},"modified":"2025-12-16T08:48:11","modified_gmt":"2025-12-16T07:48:11","slug":"-26","status":"publish","type":"page","link":"https:\/\/nodengo.com\/pt\/hospitality-network\/become-an-editor\/","title":{"rendered":"Torne-se um editor"},"content":{"rendered":"<div class=\"wp-block-citadela-blocks-custom-container citadela-block-custom-container size-wide bg-type-none inside-space-none\"><div class=\"inner-holder\">\n<div class=\"wp-block-citadela-blocks-custom-container citadela-block-custom-container size-wide bg-type-image inside-space-none bg-size-cover has-overlay has-min-height vertical-align-top\" style=\"min-height:350px\"><div class=\"bg-image-wrapper\" style=\"background-image:url(https:\/\/nodengo.com\/wp-content\/uploads\/outdoor-travel.jpg);background-repeat:no-repeat;background-position:49% 8%\"><\/div><div class=\"bg-image-overlay\" style=\"opacity:0.5\"><\/div><div class=\"inner-holder\">\n<div style=\"height:188px\" aria-hidden=\"true\" class=\"wp-block-spacer\"><\/div>\n\n\n\n<div style=\"height:145px\" aria-hidden=\"true\" class=\"wp-block-spacer\"><\/div>\n\n\n\n<h1 class=\"wp-block-heading has-black-color has-text-color has-link-color wp-elements-f8e359afdec43f7686dae2e4c918631a\">What is an Editor ?.. Good question, thank you for asking.<\/h1>\n\n\n\n<div style=\"height:145px\" aria-hidden=\"true\" class=\"wp-block-spacer\"><\/div>\n\n\n\n<div style=\"height:145px\" aria-hidden=\"true\" class=\"wp-block-spacer\"><\/div>\n<\/div><\/div>\n\n\n\n<div class=\"wp-block-columns is-layout-flex wp-container-core-columns-is-layout-9d6595d7 wp-block-columns-is-layout-flex\">\n<div class=\"wp-block-column is-layout-flow wp-block-column-is-layout-flow\">\t\t\t<!-- Flexy Breadcrumb -->\r\n\t\t\t<div class=\"fbc fbc-page\">\r\n\r\n\t\t\t\t<!-- Breadcrumb wrapper -->\r\n\t\t\t\t<div class=\"fbc-wrap\">\r\n\r\n\t\t\t\t\t<!-- Ordered list-->\r\n\t\t\t\t\t<ol class=\"fbc-items\" itemscope itemtype=\"https:\/\/schema.org\/BreadcrumbList\">\r\n\t\t\t\t\t\t            <li itemprop=\"itemListElement\" itemscope itemtype=\"https:\/\/schema.org\/ListItem\">\r\n                <span itemprop=\"name\">\r\n                    <!-- Home Link -->\r\n                    <a itemprop=\"item\" href=\"https:\/\/nodengo.com\/pt\/\">\r\n                    \r\n                                                    <i class=\"fa fa-home\" aria-hidden=\"true\"><\/i>Home                    <\/a>\r\n                <\/span>\r\n                <meta itemprop=\"position\" content=\"1\" \/><!-- Meta Position-->\r\n             <\/li><li><span class=\"fbc-separator\">\/<\/span><\/li><li class=\"active\" itemprop=\"itemListElement\" itemscope itemtype=\"https:\/\/schema.org\/ListItem\"><span itemprop=\"name\" title=\"Best Travel Blog\">Best Travel Blog<\/span><meta itemprop=\"position\" content=\"2\" \/><\/li>\t\t\t\t\t<\/ol>\r\n\t\t\t\t\t<div class=\"clearfix\"><\/div>\r\n\t\t\t\t<\/div>\r\n\t\t\t<\/div>\r\n\t\t\t\n\n\n\n<div class=\"wp-block-citadela-blocks-spacer citadela-block-spacer negative-height\"><div class=\"inner-holder\" style=\"margin-top:-11em\"><\/div><\/div>\n<\/div>\n\n\n\n<div class=\"wp-block-column is-layout-flow wp-block-column-is-layout-flow\">\n<p class=\"has-text-align-center has-black-color has-text-color has-link-color wp-elements-0c133fc4ec650d7645676c41cbd54cdd\"><a href=\"https:\/\/nodengo.com\/pt\/-35\/-26\/requirements\/\" data-type=\"page\" data-id=\"53827\">Requirements<\/a> &#8211; <a href=\"https:\/\/nodengo.com\/pt\/-35\/-26\/eligibility\/\" data-type=\"page\" data-id=\"53768\">Eligibility<\/a> &#8211; <a href=\"#advantages\">Advantages<\/a> &#8211; <a href=\"https:\/\/nodengo.com\/hospitality-network\/editors-sign-up\/\" data-type=\"page\" data-id=\"54492\">Sign Up<\/a><\/p>\n<\/div>\n<\/div>\n<\/div><\/div>\n\n\n\n<div class=\"wp-block-citadela-blocks-custom-container citadela-block-custom-container size-wide bg-type-none inside-space-none\"><div class=\"inner-holder\">\n<div class=\"wp-block-citadela-blocks-custom-container citadela-block-custom-container size-wide bg-type-none inside-space-none\"><div class=\"inner-holder\">\n<p>TORNE-SE UM EDITOR DO NODENGO.COM<\/p>\n\n\n\n<h3 class=\"wp-block-heading\">Acreditamos que existe uma necessidade e uma oportunidade mundial de fornecer informa\u00e7\u00f5es imparciais e precisas aos viajantes.<\/h3>\n\n\n\n<h3 class=\"wp-block-heading\"> E precisamos de Editores locais.<\/h3>\n\n\n\n<p>In today&#8217;s world, it seems like everyone believes they are qualified to offer advice on the service industry. However, these &#8220;comments&#8221; often lack objectivity and basic industry knowledge. At the same time, many travel websites have a &#8220;comments and reviews&#8221; section, but it would be naive to think that their main focus is on the quality of the reviews rather than the traffic generated on their site.<\/p>\n\n\n\n<p>Our website, Nodengo.com, aims to provide potential visitors with accurate, unbiased, and up-to-date information about the city they plan to visit. That&#8217;s why we need local Editors like you.<\/p>\n\n\n\n<p>Quem melhor que voc\u00ea? Voc\u00ea mora naquela cidade, gosta dela e seu trabalho envolve aconselhar regularmente os h\u00f3spedes. Voc\u00ea \u00e9 o embaixador perfeito e pode mostrar sua cidade profissionalmente aos viajantes que desejam explor\u00e1-la.<\/p>\n<\/div><\/div>\n<\/div><\/div>\n\n\n\n<div class=\"wp-block-citadela-blocks-custom-container citadela-block-custom-container size-wide bg-type-none inside-space-none\"><div class=\"inner-holder\">\n<figure class=\"wp-block-image size-large\"><img decoding=\"async\" width=\"1024\" height=\"187\" src=\"https:\/\/nodengo.com\/wp-content\/uploads\/hotel-Fancy-Heading-Bg-1024x187.jpg\" alt=\"\" class=\"wp-image-54187\" title=\"\" srcset=\"https:\/\/nodengo.com\/wp-content\/uploads\/hotel-Fancy-Heading-Bg-1024x187.jpg 1024w, https:\/\/nodengo.com\/wp-content\/uploads\/hotel-Fancy-Heading-Bg-150x27.jpg 150w, https:\/\/nodengo.com\/wp-content\/uploads\/hotel-Fancy-Heading-Bg-900x165.jpg 900w, https:\/\/nodengo.com\/wp-content\/uploads\/hotel-Fancy-Heading-Bg-300x55.jpg 300w, https:\/\/nodengo.com\/wp-content\/uploads\/hotel-Fancy-Heading-Bg-768x140.jpg 768w, https:\/\/nodengo.com\/wp-content\/uploads\/hotel-Fancy-Heading-Bg-1536x281.jpg 1536w, https:\/\/nodengo.com\/wp-content\/uploads\/hotel-Fancy-Heading-Bg-18x3.jpg 18w, https:\/\/nodengo.com\/wp-content\/uploads\/hotel-Fancy-Heading-Bg.jpg 1920w\" sizes=\"(max-width: 1024px) 100vw, 1024px\" \/><\/figure>\n\n\n\n<p class=\"has-text-color\" style=\"color:#1e7052\">Become and editor &#8211; <strong>What&#8217;s in it for You?<\/strong><\/p>\n\n\n\n<p>Torne-se um editor e torne-se um networker especialista em sua cidade como Editor, ganhando exposi\u00e7\u00e3o para todas as empresas de viagens locais. Procure ser a fonte de informa\u00e7\u00f5es precisas em sua regi\u00e3o. Acreditamos que h\u00e1 necessidade de melhores avalia\u00e7\u00f5es e, como residente da cidade e trabalhando no setor, voc\u00ea est\u00e1 qualificado de maneira \u00fanica para comentar profissionalmente sobre os servi\u00e7os do estabelecimento e mostrar sua cidade para viajantes em potencial.<\/p>\n\n\n\n<p class=\"has-black-color has-text-color\">Share your knowledge of lesser-known places you&#8217;ve visited and reviewed. Embrace the opportunity to represent YOUR City to our visitors.<\/p>\n\n\n\n<p>Embora todos sejam bem-vindos para se inscrever, existem <a href=\"https:\/\/nodengo.com\/pt\/-35\/-26\/requirements\/\" data-type=\"page\" data-id=\"53827\">requisitos<\/a> e condi\u00e7\u00f5es associadas ao nosso servi\u00e7o. Se voc\u00ea acredita que possui as habilidades e a paix\u00e3o necess\u00e1rias,<\/p>\n\n\n\n<div class=\"wp-block-columns is-layout-flex wp-container-core-columns-is-layout-9d6595d7 wp-block-columns-is-layout-flex\">\n<div class=\"wp-block-column is-layout-flow wp-block-column-is-layout-flow\" style=\"flex-basis:66.66%\">\n<figure class=\"wp-block-image size-large\"><img decoding=\"async\" width=\"1024\" height=\"640\" src=\"https:\/\/nodengo.com\/wp-content\/uploads\/03-Copy-2-1-1024x640.jpg\" alt=\"become an editor\" class=\"wp-image-53673\" title=\"\" srcset=\"https:\/\/nodengo.com\/wp-content\/uploads\/03-Copy-2-1-1024x640.jpg 1024w, https:\/\/nodengo.com\/wp-content\/uploads\/03-Copy-2-1-150x94.jpg 150w, https:\/\/nodengo.com\/wp-content\/uploads\/03-Copy-2-1-900x563.jpg 900w, https:\/\/nodengo.com\/wp-content\/uploads\/03-Copy-2-1-300x188.jpg 300w, https:\/\/nodengo.com\/wp-content\/uploads\/03-Copy-2-1-768x480.jpg 768w, https:\/\/nodengo.com\/wp-content\/uploads\/03-Copy-2-1-1536x960.jpg 1536w, https:\/\/nodengo.com\/wp-content\/uploads\/03-Copy-2-1-18x12.jpg 18w, https:\/\/nodengo.com\/wp-content\/uploads\/03-Copy-2-1.jpg 1920w\" sizes=\"(max-width: 1024px) 100vw, 1024px\" \/><\/figure>\n<\/div>\n\n\n\n<div class=\"wp-block-column is-layout-flow wp-block-column-is-layout-flow\" style=\"flex-basis:33.33%\">\n<h3 class=\"wp-block-heading has-text-align-center\">If you think you have what it takes to become an editor<\/h3>\n\n\n\n<p class=\"has-text-align-center\">Join us now <\/p>\n\n\n\n<div class=\"wp-block-buttons is-layout-flex wp-block-buttons-is-layout-flex\">\n<div class=\"wp-block-button has-custom-width wp-block-button__width-100\"><a class=\"wp-block-button__link wp-element-button\" href=\"https:\/\/nodengo.com\/hospitality-network\/editors-sign-up\/\">Apply Now<\/a><\/div>\n<\/div>\n\n\n\n<p class=\"has-text-align-center has-small-font-size\">Our main language being english, it is obvious that a good knowledge of the english langugage is required to aplly for an editor position<\/p>\n<\/div>\n<\/div>\n<\/div><\/div>\n\n\n\n<h3 class=\"wp-block-heading has-text-color\" id=\"advantages\" style=\"color:#491b1b\">Vantagens para se tornar um editor<\/h3>\n\n\n\n<div class=\"wp-block-citadela-blocks-custom-container citadela-block-custom-container size-wide bg-type-none inside-space-none\"><div class=\"inner-holder\">\n<ol class=\"wp-block-list\">\n<li>Excelente exposi\u00e7\u00e3o, quanto mais avalia\u00e7\u00f5es voc\u00ea fizer sobre sua cidade, mais famoso voc\u00ea se tornar\u00e1&nbsp;<strong>n\u00e3o somente<\/strong> em nosso site, mas em sua comunidade, em sua cidade e com seus colegas.<\/li>\n\n\n\n<li>Voc\u00ea ser\u00e1 capaz de fazer networking dentro do seu setor. Networking no Linkedin e no Facebook \u00e9 \u00f3timo, mas networking diretamente dentro do seu com\u00e9rcio e localmente pode abrir uma infinidade de oportunidades para voc\u00ea.<\/li>\n\n\n\n<li>Voc\u00ea poder\u00e1 interagir com profissionais de concierge e hospitalidade em todo o mundo.<\/li>\n\n\n\n<li>Estamos preparados para nos tornar uma comunidade para o Concierge e servi\u00e7os relacionados, e ajudar uns aos outros para fornecer um servi\u00e7o de Concierge verdadeiramente mundial.<\/li>\n\n\n\n<li>As avalia\u00e7\u00f5es s\u00e3o independentes dos nossos programas de publicidade, uma avalia\u00e7\u00e3o n\u00e3o pode ser solicitada ou paga.<\/li>\n\n\n\n<li>Portanto, voc\u00ea ganhar\u00e1 o respeito de sua comunidade, prestadores de servi\u00e7os e viajantes, fornecendo avalia\u00e7\u00f5es de \u201chot spots\u201d locais em Nodengo.com.<\/li>\n\n\n\n<li>Voc\u00ea poder\u00e1 entrar em contato e interagir em nosso site com outros profissionais de hospitalidade em todo o mundo.<\/li>\n\n\n\n<li>Se voc\u00ea j\u00e1 trabalha com hotelaria em sua cidade, por que n\u00e3o se tornar um redator, obviamente voc\u00ea j\u00e1 est\u00e1 qualificado<\/li>\n\n\n\n<li>If you already have a \u201cConcierge\u201d related service business in your city. Why not become an editor as well, you are obviously already qualified, moreover it will give you the opportunity to advertise on our site for free.<\/li>\n<\/ol>\n<\/div><\/div>\n\n\n\n<p>Encontre os <strong><a href=\"\/pt\/locations\/\">locais<\/a><\/strong> where we do need Editor  &#8211; Would you like to <strong><a href=\"\/pt\/-36\/\">indique algu\u00e9m para a vaga<\/a><\/strong><\/p>","protected":false},"excerpt":{"rendered":"<p>Advantages to become an editor Find the locations where we do need Editor &#8211; Would you like to refer someone for the position<\/p>","protected":false},"author":249,"featured_media":0,"parent":54134,"menu_order":0,"comment_status":"closed","ping_status":"closed","template":"","meta":{"_uag_custom_page_level_css":"","_citadela_hide_page_title":"1","_citadela_remove_header_space":"0","_citadela_custom_class":"","_citadela_half_map_provider":"","_citadela_half_map_theme":"","_citadela_half_map_themeOSM":"","_citadela_half_map_customTheme":"","_citadela_half_map_dataType":"","_citadela_half_map_dynamicTrack":false,"_citadela_half_map_trackColor":"","_citadela_half_map_trackEndpointsColor":"","_citadela_half_map_filterCategory":"","_citadela_half_map_filterLocation":"","_citadela_half_map_filterFeatured":false,"_citadela_half_map_noDataBehavior":"empty-map","_citadela_half_map_noDataText":"","_citadela_half_map_clusterGridSize":80,"_citadela_header":true,"_citadela_header_over_content":true,"_citadela_header_text_color":"","_citadela_header_logo":{"id":208235,"url":"https:\/\/nodengo.com\/wp-content\/uploads\/Nodengo-logo-nhn.jpg","size":{"width":316,"height":75}},"_citadela_header_bg_image":[],"_citadela_header_bg_position":{"x":0.5,"y":0.5},"_citadela_header_bg_size":"cover","_citadela_header_bg_repeat":"no-repeat","_citadela_header_bg_fixed":false,"_citadela_header_bg_color":"","_citadela_header_bg_image_overlay":"","_citadela_header_transparent_bg":false,"_citadela_content_width":"","_citadela_half_layout_position":"","footnotes":""},"class_list":["post-54050","page","type-page","status-publish","hentry"],"uagb_featured_image_src":{"full":false,"thumbnail":false,"medium":false,"medium_large":false,"large":false,"1536x1536":false,"2048x2048":false,"trp-custom-language-flag":false,"citadela_item_thumbnail":false,"woocommerce_thumbnail":false,"woocommerce_single":false,"woocommerce_gallery_thumbnail":false,"citadela_service":false},"uagb_author_info":{"display_name":"Team Nodengo","author_link":"https:\/\/nodengo.com\/pt\/author\/nodengo-team\/"},"uagb_comment_info":0,"uagb_excerpt":"Advantages to become an editor Find the locations where we do need Editor &#8211; Would you like to refer someone for the position","_links":{"self":[{"href":"https:\/\/nodengo.com\/pt\/wp-json\/wp\/v2\/pages\/54050","targetHints":{"allow":["GET"]}}],"collection":[{"href":"https:\/\/nodengo.com\/pt\/wp-json\/wp\/v2\/pages"}],"about":[{"href":"https:\/\/nodengo.com\/pt\/wp-json\/wp\/v2\/types\/page"}],"author":[{"embeddable":true,"href":"https:\/\/nodengo.com\/pt\/wp-json\/wp\/v2\/users\/249"}],"replies":[{"embeddable":true,"href":"https:\/\/nodengo.com\/pt\/wp-json\/wp\/v2\/comments?post=54050"}],"version-history":[{"count":0,"href":"https:\/\/nodengo.com\/pt\/wp-json\/wp\/v2\/pages\/54050\/revisions"}],"up":[{"embeddable":true,"href":"https:\/\/nodengo.com\/pt\/wp-json\/wp\/v2\/pages\/54134"}],"wp:attachment":[{"href":"https:\/\/nodengo.com\/pt\/wp-json\/wp\/v2\/media?parent=54050"}],"curies":[{"name":"wp","href":"https:\/\/api.w.org\/{rel}","templated":true}]}}