{"id":53486,"date":"2022-09-16T15:03:47","date_gmt":"2022-09-16T13:03:47","guid":{"rendered":"https:\/\/nodengo.com\/?page_id=53486"},"modified":"2024-08-20T10:25:43","modified_gmt":"2024-08-20T08:25:43","slug":"-37","status":"publish","type":"page","link":"https:\/\/nodengo.com\/pt\/hospitality-network\/review-request\/","title":{"rendered":"Review request"},"content":{"rendered":"<div class=\"wp-block-citadela-blocks-custom-container citadela-block-custom-container size-wide bg-type-none inside-space-none\"><div class=\"inner-holder\">\n<div class=\"wp-block-columns is-layout-flex wp-container-core-columns-is-layout-9d6595d7 wp-block-columns-is-layout-flex\">\n<div class=\"wp-block-column is-layout-flow wp-block-column-is-layout-flow\">\t\t\t<!-- Flexy Breadcrumb -->\r\n\t\t\t<div class=\"fbc fbc-page\">\r\n\r\n\t\t\t\t<!-- Breadcrumb wrapper -->\r\n\t\t\t\t<div class=\"fbc-wrap\">\r\n\r\n\t\t\t\t\t<!-- Ordered list-->\r\n\t\t\t\t\t<ol class=\"fbc-items\" itemscope itemtype=\"https:\/\/schema.org\/BreadcrumbList\">\r\n\t\t\t\t\t\t            <li itemprop=\"itemListElement\" itemscope itemtype=\"https:\/\/schema.org\/ListItem\">\r\n                <span itemprop=\"name\">\r\n                    <!-- Home Link -->\r\n                    <a itemprop=\"item\" href=\"https:\/\/nodengo.com\/pt\/\">\r\n                    \r\n                                                    <i class=\"fa fa-home\" aria-hidden=\"true\"><\/i>Home                    <\/a>\r\n                <\/span>\r\n                <meta itemprop=\"position\" content=\"1\" \/><!-- Meta Position-->\r\n             <\/li><li><span class=\"fbc-separator\">\/<\/span><\/li><li class=\"active\" itemprop=\"itemListElement\" itemscope itemtype=\"https:\/\/schema.org\/ListItem\"><span itemprop=\"name\" title=\"Best Travel Blog\">Best Travel Blog<\/span><meta itemprop=\"position\" content=\"2\" \/><\/li>\t\t\t\t\t<\/ol>\r\n\t\t\t\t\t<div class=\"clearfix\"><\/div>\r\n\t\t\t\t<\/div>\r\n\t\t\t<\/div>\r\n\t\t\t\n<\/div>\n\n\n\n<div class=\"wp-block-column is-layout-flow wp-block-column-is-layout-flow\">\n<div style=\"height:20px\" aria-hidden=\"true\" class=\"wp-block-spacer\"><\/div>\n\n\n\n<p><i class=\"fas fa-user\"><\/i> <a href=\"\/pt\/partner-help\/\">Parceiros<\/a> | <i class=\"fas fa-pen\"><\/i> <a href=\"\/pt\/partner-help\/#editors\">Editores<\/a> | <i class=\"fas fa-question\"><\/i> <a href=\"\/pt\/partner-help\/\">Ajuda<\/a> | <i class=\"fas fa-id-card\"><\/i> <a href=\"https:\/\/nodengo.com\/pt\/parther-help\/-28\/\">Contato<\/a> | <i class=\"fas fa-list\"><\/i> <a href=\"\/pt\/-4\/\">Conta <\/a><\/p>\n<\/div>\n<\/div>\n\n\n\n<div class=\"wp-block-citadela-blocks-custom-container citadela-block-custom-container size-wide bg-type-image inside-space-none bg-size-full-horizontal has-overlay has-min-height vertical-align-top\" style=\"min-height:250px\"><div class=\"bg-image-wrapper\" style=\"background-image:url(https:\/\/nodengo.com\/wp-content\/uploads\/sptemplatetop_review.jpg);background-repeat:no-repeat;background-position:50% 50%\"><\/div><div class=\"bg-image-overlay\" style=\"opacity:0.5\"><\/div><div class=\"inner-holder\">\n<h5 class=\"wp-block-heading has-text-align-center has-white-color has-text-color has-link-color wp-elements-4460bdfde009ae85fa9d2cc955b16f83\">AQUI EST\u00c3O OS PASSOS A SEGUIR PARA TER SEU ESTABELECIMENTO AVALIADO POR UM EDITOR LOCAL<\/h5>\n\n\n\n<div style=\"height:100px\" aria-hidden=\"true\" class=\"wp-block-spacer\"><\/div>\n\n\n\n<h2 class=\"wp-block-heading has-text-align-left\">SOLICITE UMA AVALIA\u00c7\u00c3O<\/h2>\n\n\n\n<div style=\"height:100px\" aria-hidden=\"true\" class=\"wp-block-spacer\"><\/div>\n<\/div><\/div>\n<\/div><\/div>\n\n\n\n<div style=\"height:20px\" aria-hidden=\"true\" class=\"wp-block-spacer\"><\/div>\n\n\n\n<div class=\"wp-block-citadela-blocks-custom-container citadela-block-custom-container size-wide bg-type-none inside-space-none\"><div class=\"inner-holder\">\n<p>There is a significant distinction in our business between being &#8220;listed&#8221; and being &#8220;reviewed&#8221; on our website, Nodengo.com. Being &#8220;reviewed&#8221; entails a visit from one of our local editors who will then publish the establishment on our site. This is not available for purchase. On the other hand, being &#8220;listed&#8221; means you can add your establishment to our site for free, with the option to upgrade to an enhanced listing.<\/p>\n\n\n\n<p><strong>Se desejar agendar uma solicita\u00e7\u00e3o de revis\u00e3o para sua empresa, siga estas etapas:<\/strong><\/p>\n\n\n\n<ul class=\"wp-block-list\">\n<li>Essa avalia\u00e7\u00e3o ser\u00e1 realizada em nossa rede por editores locais que moram e trabalham na sua cidade.<\/li>\n\n\n\n<li>Complete our&nbsp;request form.<\/li>\n\n\n\n<li>Leia e concorde com nossos requisitos que ser\u00e3o enviados a voc\u00ea assim que sua solicita\u00e7\u00e3o for recebida.<\/li>\n\n\n\n<li>Obviamente, um editor n\u00e3o pode \u201crevisar\u201d um estabelecimento com o qual esteja de alguma forma ligado, profissional ou pessoalmente, ou onde tenha familiares trabalhando na empresa.<\/li>\n\n\n\n<li>Voc\u00ea ser\u00e1 contatado em at\u00e9 48 horas pela nossa equipe para confirmar sua solicita\u00e7\u00e3o.<\/li>\n\n\n\n<li>No prazo de 14 dias ap\u00f3s a aceita\u00e7\u00e3o do seu pedido, o seu estabelecimento ser\u00e1 visitado anonimamente.<\/li>\n\n\n\n<li>Ao final da visita, nosso Editor se apresentar\u00e1 oficialmente como Editor Nodengo apresentando suas credenciais.<\/li>\n\n\n\n<li>As taxas no seu estabelecimento para esta visita ser\u00e3o \u201cisentadas\u201d\n<ul class=\"wp-block-list\">\n<li><em>Do note that we have extremely&nbsp;strict guidelines, as not only as to what is permitted but also as to their conduct while in your establishment, you are fully authorized to consult them prior to agreeing to the process<\/em><\/li>\n<\/ul>\n<\/li>\n\n\n\n<li>O seu estabelecimento \u00e9 avaliado de acordo com a experi\u00eancia do Editor e de acordo com os nossos crit\u00e9rios.<\/li>\n\n\n\n<li>Em rela\u00e7\u00e3o \u00e0s cr\u00edticas de restaurantes: Embora os nossos Editores sejam verdadeiramente profissionais, n\u00e3o somos \u201ccr\u00edticos\u201d de restaurantes e, portanto, o nosso trabalho n\u00e3o se concentrar\u00e1 apenas na comida e nos pratos, mas sim na atmosfera geral e no servi\u00e7o. Para todos os demais estabelecimentos, ser\u00e3o avaliados de acordo com padr\u00e3o estabelecido no respectivo ramo.<\/li>\n\n\n\n<li>Sua avalia\u00e7\u00e3o \u00e9 ent\u00e3o verificada por nossa sede para diretrizes de estilo de publica\u00e7\u00e3o e especifica\u00e7\u00f5es t\u00e9cnicas e publicada.<\/li>\n\n\n\n<li>Sendo um neg\u00f3cio \u201cavaliado\u201d, e se a sua avalia\u00e7\u00e3o for eleg\u00edvel, o seu estabelecimento beneficiar\u00e1 automaticamente do nosso SEO melhorado, adicionado \u00e0s nossas sec\u00e7\u00f5es \u201cem destaque\u201d, aumentando assim a sua visibilidade no nosso site.<\/li>\n\n\n\n<li>A revis\u00e3o aparece dentro de 72 horas ap\u00f3s a conclus\u00e3o.<\/li>\n<\/ul>\n\n\n\n<div class=\"wp-block-buttons is-layout-flex wp-block-buttons-is-layout-flex\">\n<div class=\"wp-block-button has-custom-width wp-block-button__width-100 is-style-outline is-style-outline--2\"><a class=\"wp-block-button__link wp-element-button\" href=\"https:\/\/nodengo.com\/pt\/-35\/solicitacao-avaliacao-envio\/\">Enviar meu pedido de avalia\u00e7\u00e3o<\/a><\/div>\n<\/div>\n\n\n\n<div style=\"height:26px\" aria-hidden=\"true\" class=\"wp-block-spacer\"><\/div>\n\n\n\n<div class=\"wp-block-columns is-layout-flex wp-container-core-columns-is-layout-9d6595d7 wp-block-columns-is-layout-flex\">\n<div class=\"wp-block-column is-layout-flow wp-block-column-is-layout-flow\" style=\"flex-basis:33.33%\">\n<div class=\"wp-block-uagb-image uagb-block-e7c2483d wp-block-uagb-image--layout-default wp-block-uagb-image--effect-static wp-block-uagb-image--align-none\"><figure class=\"wp-block-uagb-image__figure\"><img decoding=\"async\" srcset=\"https:\/\/nodengo.com\/wp-content\/uploads\/Reviews-page-header-300x158.jpg ,https:\/\/nodengo.com\/wp-content\/uploads\/Reviews-page-header.jpg 780w, https:\/\/nodengo.com\/wp-content\/uploads\/Reviews-page-header.jpg 360w\" sizes=\"auto, (max-width: 480px) 150px\" src=\"https:\/\/nodengo.com\/wp-content\/uploads\/Reviews-page-header-300x158.jpg\" alt=\"Reviews request\" class=\"uag-image-140961\" width=\"300\" height=\"158\" title=\"Reviews OG header concept\" loading=\"lazy\" role=\"img\"\/><\/figure><\/div>\n<\/div>\n\n\n\n<div class=\"wp-block-column is-layout-flow wp-block-column-is-layout-flow\" style=\"flex-basis:66.66%\">\n<p><strong>Informa\u00e7\u00e3o importante<\/strong>:  <\/p>\n\n\n\n<p class=\"has-small-font-size\"><em>N\u00e3o publicamos \u201cresultados ruins\u201d. Se o seu estabelecimento \u201cfalha\u201d, de acordo com o nosso crit\u00e9rio, simplesmente n\u00e3o o publicaremos, pois como mencionado anteriormente, n\u00e3o estamos interessados \u200b\u200bem n\u00fameros mas sim em qualidade para o benef\u00edcio de todos os estabelecimentos listados no nosso site, entraremos em contacto consigo no entanto e ir\u00e1 inform\u00e1-lo de nossa decis\u00e3o, observe que nossa decis\u00e3o \u00e9 final e sem recurso<\/em><\/p>\n\n\n\n<p class=\"has-small-font-size\"><em>No entanto, como sabemos que por vezes as coisas podem correr muito mal e isso n\u00e3o reflete necessariamente o seu estabelecimento, autorizaremos um pedido de avalia\u00e7\u00e3o adicional, isto no prazo de dois meses ap\u00f3s a primeira visita.<\/em><\/p>\n\n\n\n<p class=\"has-small-font-size\">Se desejar mais informa\u00e7\u00f5es sobre o processo de solicita\u00e7\u00e3o de revis\u00e3o antes de solicitar uma revis\u00e3o, n\u00e3o hesite em nos contatar<\/p>\n<\/div>\n<\/div>\n<\/div><\/div>","protected":false},"excerpt":{"rendered":"","protected":false},"author":249,"featured_media":0,"parent":54134,"menu_order":0,"comment_status":"closed","ping_status":"closed","template":"","meta":{"_uag_custom_page_level_css":"","_citadela_hide_page_title":"1","_citadela_remove_header_space":"1","_citadela_custom_class":"","_citadela_half_map_provider":"","_citadela_half_map_theme":"","_citadela_half_map_themeOSM":"","_citadela_half_map_customTheme":"","_citadela_half_map_dataType":"","_citadela_half_map_dynamicTrack":false,"_citadela_half_map_trackColor":"","_citadela_half_map_trackEndpointsColor":"","_citadela_half_map_filterCategory":"","_citadela_half_map_filterLocation":"","_citadela_half_map_filterFeatured":false,"_citadela_half_map_noDataBehavior":"empty-map","_citadela_half_map_noDataText":"","_citadela_half_map_clusterGridSize":80,"_citadela_header":true,"_citadela_header_over_content":false,"_citadela_header_text_color":"","_citadela_header_logo":{"id":208235,"url":"https:\/\/nodengo.com\/wp-content\/uploads\/Nodengo-logo-nhn.jpg","size":{"width":316,"height":75}},"_citadela_header_bg_image":[],"_citadela_header_bg_position":{"x":0.5,"y":0.5},"_citadela_header_bg_size":"cover","_citadela_header_bg_repeat":"no-repeat","_citadela_header_bg_fixed":false,"_citadela_header_bg_color":"","_citadela_header_bg_image_overlay":"","_citadela_header_transparent_bg":false,"_citadela_content_width":"","_citadela_half_layout_position":"","footnotes":""},"class_list":["post-53486","page","type-page","status-publish","hentry"],"uagb_featured_image_src":{"full":false,"thumbnail":false,"medium":false,"medium_large":false,"large":false,"1536x1536":false,"2048x2048":false,"trp-custom-language-flag":false,"citadela_item_thumbnail":false,"woocommerce_thumbnail":false,"woocommerce_single":false,"woocommerce_gallery_thumbnail":false,"citadela_service":false},"uagb_author_info":{"display_name":"Team Nodengo","author_link":"https:\/\/nodengo.com\/pt\/author\/nodengo-team\/"},"uagb_comment_info":0,"uagb_excerpt":null,"_links":{"self":[{"href":"https:\/\/nodengo.com\/pt\/wp-json\/wp\/v2\/pages\/53486","targetHints":{"allow":["GET"]}}],"collection":[{"href":"https:\/\/nodengo.com\/pt\/wp-json\/wp\/v2\/pages"}],"about":[{"href":"https:\/\/nodengo.com\/pt\/wp-json\/wp\/v2\/types\/page"}],"author":[{"embeddable":true,"href":"https:\/\/nodengo.com\/pt\/wp-json\/wp\/v2\/users\/249"}],"replies":[{"embeddable":true,"href":"https:\/\/nodengo.com\/pt\/wp-json\/wp\/v2\/comments?post=53486"}],"version-history":[{"count":0,"href":"https:\/\/nodengo.com\/pt\/wp-json\/wp\/v2\/pages\/53486\/revisions"}],"up":[{"embeddable":true,"href":"https:\/\/nodengo.com\/pt\/wp-json\/wp\/v2\/pages\/54134"}],"wp:attachment":[{"href":"https:\/\/nodengo.com\/pt\/wp-json\/wp\/v2\/media?parent=53486"}],"curies":[{"name":"wp","href":"https:\/\/api.w.org\/{rel}","templated":true}]}}