{"id":38786,"date":"2022-05-17T12:54:05","date_gmt":"2022-05-17T10:54:05","guid":{"rendered":"https:\/\/nodengo.com\/?page_id=38786"},"modified":"2024-08-20T10:25:50","modified_gmt":"2024-08-20T08:25:50","slug":"-40","status":"publish","type":"page","link":"https:\/\/nodengo.com\/pt\/publisher-agreement\/","title":{"rendered":"Acordo e Consentimento"},"content":{"rendered":"<div class=\"wp-block-columns is-layout-flex wp-container-core-columns-is-layout-9d6595d7 wp-block-columns-is-layout-flex\">\n<div class=\"wp-block-column is-layout-flow wp-block-column-is-layout-flow\">\t\t\t<!-- Flexy Breadcrumb -->\r\n\t\t\t<div class=\"fbc fbc-page\">\r\n\r\n\t\t\t\t<!-- Breadcrumb wrapper -->\r\n\t\t\t\t<div class=\"fbc-wrap\">\r\n\r\n\t\t\t\t\t<!-- Ordered list-->\r\n\t\t\t\t\t<ol class=\"fbc-items\" itemscope itemtype=\"https:\/\/schema.org\/BreadcrumbList\">\r\n\t\t\t\t\t\t            <li itemprop=\"itemListElement\" itemscope itemtype=\"https:\/\/schema.org\/ListItem\">\r\n                <span itemprop=\"name\">\r\n                    <!-- Home Link -->\r\n                    <a itemprop=\"item\" href=\"https:\/\/nodengo.com\/pt\/\">\r\n                    \r\n                                                    <i class=\"fa fa-home\" aria-hidden=\"true\"><\/i>Home                    <\/a>\r\n                <\/span>\r\n                <meta itemprop=\"position\" content=\"1\" \/><!-- Meta Position-->\r\n             <\/li><li><span class=\"fbc-separator\">\/<\/span><\/li><li class=\"active\" itemprop=\"itemListElement\" itemscope itemtype=\"https:\/\/schema.org\/ListItem\"><span itemprop=\"name\" title=\"Best Travel Blog\">Best Travel Blog<\/span><meta itemprop=\"position\" content=\"2\" \/><\/li>\t\t\t\t\t<\/ol>\r\n\t\t\t\t\t<div class=\"clearfix\"><\/div>\r\n\t\t\t\t<\/div>\r\n\t\t\t<\/div>\r\n\t\t\t\n<\/div>\n\n\n\n<div class=\"wp-block-column is-layout-flow wp-block-column-is-layout-flow\">\n<p><i class=\"fas fa-user\"><\/i> <a href=\"\/pt\/partner-help\/\">Parceiros<\/a> | <i class=\"fas fa-pen\"><\/i> <a href=\"\/pt\/partner-help\/#editors\">Editores<\/a> | <i class=\"fas fa-question\"><\/i> <a href=\"\/pt\/partner-help\/\">Ajuda<\/a> | <i class=\"fas fa-id-card\"><\/i> <a href=\"https:\/\/nodengo.com\/pt\/parther-help\/-28\/\">Contato<\/a> | <i class=\"fas fa-list\"><\/i> <a href=\"\/pt\/-4\/\">Conta <\/a><\/p>\n<\/div>\n<\/div>\n\n\n\n<h3 class=\"wp-block-heading\"><strong>Acordo e Consentimento<\/strong><\/h3>\n\n\n\n<p class=\"has-small-font-size\"><strong>1. Aceita\u00e7\u00e3o do Contrato de Editor Nodengo.com<\/strong><\/p>\n\n\n\n<p class=\"has-small-font-size\">A vig\u00eancia deste Contrato come\u00e7ar\u00e1 ap\u00f3s o seu registro e aceita\u00e7\u00e3o e continuar\u00e1 at\u00e9 que seja rescindido por n\u00f3s ou por voc\u00ea.<\/p>\n\n\n\n<p class=\"has-small-font-size\">Estes termos e condi\u00e7\u00f5es, conforme possam ser alterados de tempos em tempos, aplicam-se a todos os nossos servi\u00e7os. Temos o direito de rescindir este Contrato e seu acesso \u00e0 sua conta do Programa a qualquer momento.<br>Ao registrar-se, publicar e usar nosso site ou qualquer um de nossos aplicativos por meio de qualquer plataforma (doravante denominada coletivamente como \u201cPlataforma\u201d), voc\u00ea reconhece e concorda em ter lido, compreendido e concordado com o contrato de editor estabelecido abaixo.<\/p>\n\n\n\n<p class=\"has-small-font-size\">Essas p\u00e1ginas, o conte\u00fado e a infraestrutura fornecidos por n\u00f3s nessas p\u00e1ginas e por meio do site s\u00e3o de propriedade, operados e fornecidos por Nodengo.com<\/p>\n\n\n\n<p class=\"has-small-font-size\"><strong>2<a>. <\/a>Escopo e natureza do nosso servi\u00e7o<\/strong><br>Atrav\u00e9s do nosso site, Nodengo.com fornece uma plataforma online para a qual o Editor pode comercializar e promover os seus servi\u00e7os.<\/p>\n\n\n\n<p class=\"has-small-font-size\">O Editor \u00e9 totalmente respons\u00e1vel pela conduta profissional de seus neg\u00f3cios. O editor pode anunciar, comercializar, vender, promover e\/ou oferecer (conforme aplic\u00e1vel) seus produtos e servi\u00e7os para pedido, compra, reserva, aluguel e por meio dos quais visitantes relevantes da Plataforma possam descobrir, pesquisar, comparar e colocar um ordem.<\/p>\n\n\n\n<p class=\"has-small-font-size\">Cada Editor permanece respons\u00e1vel pela exatid\u00e3o, integridade e exatid\u00e3o das informa\u00e7\u00f5es descritivas e \u00e9 respons\u00e1vel por atualizar todas as taxas\/taxas\/pre\u00e7os, disponibilidade, pol\u00edticas, condi\u00e7\u00f5es e outras informa\u00e7\u00f5es relevantes que s\u00e3o exibidas em nossa Plataforma<\/p>\n\n\n\n<p class=\"has-small-font-size\">Ao prestar o nosso servi\u00e7o, as informa\u00e7\u00f5es que divulgamos baseiam-se nas informa\u00e7\u00f5es fornecidas pelo Editor. Embora usemos habilidade e cuidado razo\u00e1veis na execu\u00e7\u00e3o de nosso servi\u00e7o, n\u00e3o verificaremos e n\u00e3o podemos garantir que todas as informa\u00e7\u00f5es sejam precisas, completas ou corretas, nem poderemos ser responsabilizados por quaisquer erros (incluindo erros manifestos e tipogr\u00e1ficos), quaisquer interrup\u00e7\u00f5es (seja devido a qualquer avaria, repara\u00e7\u00e3o, atualiza\u00e7\u00e3o ou manuten\u00e7\u00e3o (tempor\u00e1ria e\/ou parcial) da nossa Plataforma ou de outra forma), informa\u00e7\u00f5es imprecisas, enganosas ou falsas, nem n\u00e3o entrega de informa\u00e7\u00f5es<\/p>\n\n\n\n<p class=\"has-small-font-size\"><strong>3. Responsabilidades do editor<\/strong><\/p>\n\n\n\n<ol class=\"has-small-font-size wp-block-list\">\n<li>Voc\u00ea \u00e9 obrigado a se registrar para usar parte do nosso Site. \u00c9 sua responsabilidade fornecer detalhes de registro precisos e completos e mant\u00ea-los atualizados. Temos o direito de confiar em quaisquer detalhes de registro que voc\u00ea nos fornecer. Voc\u00ea \u00e9 respons\u00e1vel por qualquer atividade que ocorra em sua conta. Portanto, \u00e9 importante que voc\u00ea mantenha sua conta segura. Uma maneira de fazer isso \u00e9 selecionar uma senha forte que voc\u00ea n\u00e3o usa para nenhuma outra conta.<\/li>\n\n\n\n<li>O seu registo no nosso Site dever\u00e1 ser feito em nome do seu estabelecimento\/empresa, n\u00e3o sob qualquer nome falso ou falso e nem com a identidade de qualquer outra pessoa ou empresa. Voc\u00ea n\u00e3o deve fingir ser uma pessoa diferente. Voc\u00ea deve fornecer um endere\u00e7o de e-mail v\u00e1lido ao se registrar em nosso Site. Voc\u00ea nos autoriza, diretamente ou por meio de terceiros, a fazer quaisquer consultas que considerarmos apropriadas para verificar as informa\u00e7\u00f5es da conta que voc\u00ea fornece. Voc\u00ea tamb\u00e9m concorda que lhe enviemos e-mails relacionados ao Programa e outras oportunidades de publica\u00e7\u00e3o de tempos em tempos. Voc\u00ea tamb\u00e9m reconhece e concorda que podemos parar de enviar e-mails para voc\u00ea sem notifica\u00e7\u00e3o pr\u00e9via.<\/li>\n\n\n\n<li>Salvo indica\u00e7\u00e3o em contr\u00e1rio, cada registo \u00e9 apenas para um \u00fanico utilizador e n\u00e3o para v\u00e1rios utilizadores. Voc\u00ea recebe um c\u00f3digo de identifica\u00e7\u00e3o de usu\u00e1rio, senha ou qualquer outra informa\u00e7\u00e3o como parte de nossos procedimentos de seguran\u00e7a. Voc\u00ea deve tratar essas informa\u00e7\u00f5es como confidenciais. Voc\u00ea n\u00e3o deve divulg\u00e1-los a terceiros e deve mant\u00ea-los atualizados enquanto usar o Programa. Voc\u00ea \u00e9 o \u00fanico respons\u00e1vel por qualquer perda ou dano que voc\u00ea ou n\u00f3s possamos sofrer devido \u00e0 sua falha em faz\u00ea-lo. Se voc\u00ea acha que algu\u00e9m obteve acesso \u00e0 sua conta, entre em contato imediatamente com o Suporte.<\/li>\n\n\n\n<li>Poderemos suspender, encerrar ou impedir sua conta e\/ou seu acesso a qualquer ou todos os Sites a nosso exclusivo crit\u00e9rio. Quando suspendermos, encerrarmos ou impedirmos seu registro, voc\u00ea n\u00e3o dever\u00e1 tentar registrar-se novamente ou enviar qualquer conte\u00fado, material ou inscri\u00e7\u00e3o sem nosso consentimento pr\u00e9vio por escrito.\n<ol class=\"wp-block-list\">\n<li>Para evitar d\u00favidas, quando suspendermos, encerrarmos ou de outra forma impedirmos sua conta ou seu acesso a qualquer Site, poderemos continuar a publicar ou usar seu Conte\u00fado, de acordo com as disposi\u00e7\u00f5es dos Termos aplic\u00e1veis. <\/li>\n\n\n\n<li>Se voc\u00ea souber ou suspeitar que algu\u00e9m al\u00e9m de voc\u00ea conhece seu c\u00f3digo de identifica\u00e7\u00e3o de usu\u00e1rio ou senha, voc\u00ea dever\u00e1 nos notificar imediatamente.<\/li>\n<\/ol>\n<\/li>\n\n\n\n<li>Temos o direito de remover ou modificar os metadados e a descri\u00e7\u00e3o do produto, informa\u00e7\u00f5es ou imagens que voc\u00ea disponibiliza para sua listagem por qualquer motivo, inclusive se determinarmos que eles n\u00e3o atendem aos nossos requisitos de conte\u00fado.<\/li>\n<\/ol>\n\n\n\n<p class=\"has-small-font-size\"><strong>4. Conte\u00fado que voc\u00ea envia<\/strong><\/p>\n\n\n\n<p class=\"has-small-font-size\">Por meio deste, voc\u00ea nos concede um direito e licen\u00e7a mundial n\u00e3o exclusivo, isento de royalties e, em qualquer m\u00eddia, para usar, reproduzir, distribuir, modificar para fins t\u00e9cnicos, executar publicamente, exibir publicamente e exibir digitalmente seu conte\u00fado publicado.<\/p>\n\n\n\n<p class=\"has-small-font-size\">The products and any services provided in connection with this agreement are supplied on an &#8220;as is&#8221; and &#8220;as available&#8221; basis. To the fullest extent under applicable law, we make no, and disclaims all, warranties (including, but not limited to, any implied warranties of merchantability, fitness for a particular purpose and non-infringement), guarantees, and representations, whether express, implied, oral or otherwise. In no event shall provider or any partner be responsible for any consequential, incidental, special, punitive, exemplary, or indirect damages arising from or relating to this agreement or otherwise, including, without limitation, lost revenue, or profits, even if provider has been advised of the possibility of such damages.<\/p>\n\n\n\n<p class=\"has-small-font-size\">Voc\u00ea concorda que todas as informa\u00e7\u00f5es enviadas, incluindo textos, imagens, sons, v\u00eddeos pertencem a voc\u00ea ou voc\u00ea tem permiss\u00e3o para envi\u00e1-las. Voc\u00ea tamb\u00e9m concorda que temos permiss\u00e3o para us\u00e1-lo em qualquer uma de nossas redes de sites. Voc\u00ea concorda em nos indenizar de toda responsabilidade e n\u00e3o nos responsabilizar pela exibi\u00e7\u00e3o de qualquer informa\u00e7\u00e3o que voc\u00ea nos enviar. Ao se inscrever no Nodengo.com voc\u00ea concorda que ocasionalmente poderemos contat\u00e1-lo por telefone, e-mail ou correio sobre ofertas especiais, op\u00e7\u00f5es de upgrade, listagens aprimoradas, etc.<\/p>\n\n\n\n<p class=\"has-small-font-size\"><strong>5. Taxas e pagamento<\/strong><\/p>\n\n\n\n<p class=\"has-small-font-size\">5.1 Taxas \u2013 Ao adquirir uma assinatura, voc\u00ea concorda com quaisquer taxas e condi\u00e7\u00f5es de pagamento descritas aqui e\/ou durante o processo de registro on-line.<\/p>\n\n\n\n<p class=\"has-small-font-size\">5.2 Voc\u00ea ser\u00e1 solicitado a fornecer ao Nodengo.com o pagamento no momento do registro para uma assinatura. Voc\u00ea garante e declara que tem autoridade para fornecer tais informa\u00e7\u00f5es de pagamento ao Nodengo.com e ser\u00e1 respons\u00e1vel por todas as cobran\u00e7as feitas a ele. Nodengo.com cobrar\u00e1 do seu cart\u00e3o de cr\u00e9dito antes de cada Per\u00edodo de Cobran\u00e7a (conforme definido abaixo) as taxas incorridas nesse Per\u00edodo de Cobran\u00e7a, bem como quaisquer saldos pendentes. Seu \u201cPer\u00edodo de Cobran\u00e7a\u201d ser\u00e1 especificado pelo Nodengo.com no momento do registro, embora o Nodengo.com se reserve o direito de alterar o prazo de Per\u00edodos de Cobran\u00e7a futuros a qualquer momento.<\/p>\n\n\n\n<p class=\"has-small-font-size\">5.3 Renova\u00e7\u00e3o Autom\u00e1tica \u2013 NODENGO.COM RENOVAR\u00c1 AUTOMATICAMENTE CADA UMA DE SUAS ASSINATURAS E COBRAR\u00c1 SEU CART\u00c3O DE CR\u00c9DITO NO IN\u00cdCIO DE CADA PER\u00cdODO DE RENOVA\u00c7\u00c3O DE ASSINATURA, ENQUANTO SUA ASSINATURA N\u00c3O TIVER SIDO CANCELADA. A cobran\u00e7a autom\u00e1tica em seu cart\u00e3o de cr\u00e9dito ocorrer\u00e1 no in\u00edcio de cada renova\u00e7\u00e3o de assinatura. Voc\u00ea reconhece que o valor cobrado a cada ano pode variar por motivos como taxas promocionais que n\u00e3o s\u00e3o mais aplicadas, altera\u00e7\u00f5es em sua assinatura ou outros motivos; e voc\u00ea nos autoriza a cobrar valores variados em seu cart\u00e3o de cr\u00e9dito.<\/p>\n\n\n\n<p class=\"has-small-font-size\"><strong>6<\/strong>. <strong>Anunciantes<\/strong><\/p>\n\n\n\n<p class=\"has-small-font-size\">Como editor, voc\u00ea tem permiss\u00e3o para exibir an\u00fancios e outras informa\u00e7\u00f5es em determinadas \u00e1reas do Site por meio de nossa plataforma de publicidade. Se voc\u00ea for um anunciante, assumir\u00e1 total responsabilidade por quaisquer an\u00fancios que colocar no Site e por quaisquer servi\u00e7os fornecidos no Site ou produtos vendidos por meio desses an\u00fancios.<\/p>\n\n\n\n<p class=\"has-small-font-size\"><strong>7. Modifica\u00e7\u00e3o e interrup\u00e7\u00f5es<\/strong><br>Reservamo-nos o direito de alterar, modificar ou remover o conte\u00fado do Site a qualquer momento ou por qualquer motivo, a nosso exclusivo crit\u00e9rio e sem aviso pr\u00e9vio. Al\u00e9m disso, n\u00e3o temos obriga\u00e7\u00e3o de atualizar nenhuma informa\u00e7\u00e3o em nosso site..<br>Nodengo.com reserva-se o direito de:.<\/p>\n\n\n\n<p class=\"has-small-font-size\">     7.1 alterar ou remover (tempor\u00e1ria ou permanentemente) o Site ou qualquer parte dele sem aviso pr\u00e9vio e voc\u00ea confirma que Nodengo.com n\u00e3o ser\u00e1 respons\u00e1vel perante voc\u00ea por qualquer altera\u00e7\u00e3o ou remo\u00e7\u00e3o e. alterar estes Termos e Condi\u00e7\u00f5es a qualquer momento, e o uso continuado do Site ap\u00f3s quaisquer altera\u00e7\u00f5es ser\u00e1 considerado como sua aceita\u00e7\u00e3o de tal altera\u00e7\u00e3o.<\/p>\n\n\n\n<p class=\"has-small-font-size\">      7.2Alterar, atualizar ou descontinuar determinados produtos e recursos dos Servi\u00e7os. Nodengo.com n\u00e3o \u00e9 de forma alguma respons\u00e1vel por qualquer perda, les\u00e3o ou dano direto ou indireto de qualquer tipo que seja, geral, especial, compensat\u00f3rio, consequencial e\/ou acess\u00f3rios decorrentes de ou relacionados \u00e0 sua conduta ou de outra forma em conex\u00e3o com o Uso do Servi\u00e7o, incluindo, sem limita\u00e7\u00e3o, danos pessoais, sofrimento emocional e\/ou quaisquer outros danos resultantes de comunica\u00e7\u00f5es ou reuni\u00f5es com outros usu\u00e1rios registrados do nosso Servi\u00e7o ou pessoas que voc\u00ea possa conhecer atrav\u00e9s deste Servi\u00e7o.<\/p>\n\n\n\n<p class=\"has-small-font-size\">         7.3 For\u00e7a Maior. Nodengo.com n\u00e3o ser\u00e1 respons\u00e1vel perante voc\u00ea por qualquer falha ou atraso no desempenho de suas obriga\u00e7\u00f5es sob este Contrato causado por qualquer evento ou circunst\u00e2ncia fora de seu controle, incluindo, mas n\u00e3o limitado a, ataques de nega\u00e7\u00e3o de servi\u00e7o, insurrei\u00e7\u00e3o, inc\u00eandios , inunda\u00e7\u00f5es, tempestades, explos\u00f5es, desastres naturais, guerra, terrorismo e condi\u00e7\u00f5es de trabalho.<\/p>\n\n\n\n<p class=\"has-small-font-size\"><strong>8. Propriedade Intelectual<\/strong><br>Todos os direitos autorais, marcas registradas e todos os outros direitos de propriedade intelectual do Site e seu conte\u00fado (incluindo, sem limita\u00e7\u00e3o, o design do Site, textos, gr\u00e1ficos e todos os softwares e c\u00f3digos-fonte conectados ao Site) s\u00e3o de propriedade ou licenciados para Nodengo.com ou usados de outra forma. por Nodengo.com conforme permitido por lei.<br><br>Nodengo.com possui e ret\u00e9m todos os direitos de propriedade do Site e do Servi\u00e7o. A apresenta\u00e7\u00e3o e todo o material, incluindo marcas, logotipos e nomes de dom\u00ednio que aparecem no site, que a plataforma de hospedagem Nodengo.com est\u00e1 protegido por leis de propriedade intelectual e pertencem ao Nodengo.com ou foi autorizado a utiliz\u00e1-los, ou est\u00e3o dispon\u00edveis em o dom\u00ednio p\u00fablico.<\/p>\n\n\n\n<p class=\"has-small-font-size\"><strong>9 Isen\u00e7\u00f5es de responsabilidade e limita\u00e7\u00e3o de responsabilidade<\/strong><br>9.1 O Site \u00e9 fornecido COMO EST\u00c1 e COMO DISPON\u00cdVEL, sem qualquer representa\u00e7\u00e3o ou endosso e sem garantia de qualquer tipo, expressa ou impl\u00edcita, incluindo, mas n\u00e3o se limitando \u00e0s garantias impl\u00edcitas de qualidade satisfat\u00f3ria, adequa\u00e7\u00e3o a uma finalidade espec\u00edfica, n\u00e3o- viola\u00e7\u00e3o, compatibilidade, seguran\u00e7a e precis\u00e3o.<br>9.2 Na medida permitida por lei, Nodengo.com n\u00e3o ser\u00e1 respons\u00e1vel por qualquer perda ou dano indireto ou consequencial (incluindo, sem limita\u00e7\u00e3o, perda de neg\u00f3cios, oportunidades, dados, lucros) decorrentes ou relacionados ao uso do Site.<br>Nodengo.com n\u00e3o garante que a funcionalidade da se\u00e7\u00e3o de publica\u00e7\u00e3o de eventos do nosso site seja ininterrupta ou livre de erros, que os defeitos sejam corrigidos ou que o site ou o servidor que o disponibiliza estejam livres de v\u00edrus ou qualquer outra coisa que possa ser prejudiciais ou destrutivos.<br>EM HIP\u00d3TESE ALGUMA, Nodengo.com N\u00c3O SER\u00c1 RESPONS\u00c1VEL PERANTE VOC\u00ca OU QUALQUER TERCEIRO por qualquer perda, les\u00e3o ou dano direto ou indireto de qualquer natureza, resultando na interrup\u00e7\u00e3o ou disfun\u00e7\u00e3o do Servi\u00e7o, incluindo danos relacionados \u00e0 perda de lucros decorrentes de seu uso do Site e dos servi\u00e7os, mesmo que Nodengo.com tenha sido avisado da possibilidade de tais danos. N\u00e3o obstante qualquer disposi\u00e7\u00e3o em contr\u00e1rio neste documento, a responsabilidade do Nodengo.com ser\u00e1 limitada e, por todas as causas, o valor pago por voc\u00ea ao Nodengo.com por servi\u00e7os durante o per\u00edodo de sua assinatura ser\u00e1 limitado, se houver.<\/p>\n\n\n\n<p class=\"has-small-font-size\"><strong>10. indeniza\u00e7\u00e3o<\/strong><br>Voc\u00ea concorda em n\u00e3o responsabilizar o Nodengo.com, suas subsidi\u00e1rias, afiliadas, executivos, agentes e outros parceiros e funcion\u00e1rios contra qualquer perda, responsabilidade, reclama\u00e7\u00e3o ou demanda, incluindo honor\u00e1rios advocat\u00edcios, feitos por terceiros decorrentes do uso do Servi\u00e7o, em viola\u00e7\u00e3o deste Contrato e\/ou decorrente da viola\u00e7\u00e3o deste Contrato e de qualquer viola\u00e7\u00e3o de suas representa\u00e7\u00f5es e garantias estabelecidas acima.<\/p>\n\n\n\n<p class=\"has-text-color has-small-font-size\" style=\"color:#a0afb9\"><em>Observe que esta p\u00e1gina foi traduzida automaticamente do original em ingl\u00eas<\/em>.&nbsp;<em>Nenhuma garantia de qualquer tipo, expressa ou impl\u00edcita, \u00e9 feita quanto \u00e0 exatid\u00e3o, confiabilidade e exatid\u00e3o de quaisquer tradu\u00e7\u00f5es feitas do ingl\u00eas para qualquer outro idioma.<\/em><\/p>\n\n\n\n<p class=\"has-small-font-size\"><br><\/p>","protected":false},"excerpt":{"rendered":"<p>Partners | Editors | Help | Contact | Account Publisher Agreement 1. Acceptance of the Nodengo.com Publisher Agreement The term of this Agreement will begin upon your registration and acceptance [&hellip;]<\/p>\n","protected":false},"author":1,"featured_media":0,"parent":0,"menu_order":0,"comment_status":"closed","ping_status":"closed","template":"","meta":{"_uag_custom_page_level_css":"","_citadela_hide_page_title":"1","_citadela_remove_header_space":"1","_citadela_custom_class":"","_citadela_half_map_provider":"","_citadela_half_map_theme":"","_citadela_half_map_themeOSM":"","_citadela_half_map_customTheme":"","_citadela_half_map_dataType":"","_citadela_half_map_dynamicTrack":false,"_citadela_half_map_trackColor":"","_citadela_half_map_trackEndpointsColor":"","_citadela_half_map_filterCategory":"","_citadela_half_map_filterLocation":"","_citadela_half_map_filterFeatured":false,"_citadela_half_map_noDataBehavior":"empty-map","_citadela_half_map_noDataText":"","_citadela_half_map_clusterGridSize":80,"_citadela_header":true,"_citadela_header_over_content":false,"_citadela_header_text_color":"","_citadela_header_logo":{"id":208235,"url":"https:\/\/nodengo.com\/wp-content\/uploads\/Nodengo-logo-nhn.jpg","size":{"width":316,"height":75}},"_citadela_header_bg_image":[],"_citadela_header_bg_position":{"x":0.5,"y":0.5},"_citadela_header_bg_size":"cover","_citadela_header_bg_repeat":"no-repeat","_citadela_header_bg_fixed":false,"_citadela_header_bg_color":"","_citadela_header_bg_image_overlay":"","_citadela_header_transparent_bg":false,"_citadela_content_width":"wide","_citadela_half_layout_position":"","footnotes":""},"class_list":["post-38786","page","type-page","status-publish","hentry"],"uagb_featured_image_src":{"full":false,"thumbnail":false,"medium":false,"medium_large":false,"large":false,"1536x1536":false,"2048x2048":false,"trp-custom-language-flag":false,"citadela_item_thumbnail":false,"woocommerce_thumbnail":false,"woocommerce_single":false,"woocommerce_gallery_thumbnail":false,"citadela_service":false},"uagb_author_info":{"display_name":"admin","author_link":"https:\/\/nodengo.com\/pt\/author\/admin\/"},"uagb_comment_info":0,"uagb_excerpt":"Partners | Editors | Help | Contact | Account Publisher Agreement 1. Acceptance of the Nodengo.com Publisher Agreement The term of this Agreement will begin upon your registration and acceptance [&hellip;]","_links":{"self":[{"href":"https:\/\/nodengo.com\/pt\/wp-json\/wp\/v2\/pages\/38786","targetHints":{"allow":["GET"]}}],"collection":[{"href":"https:\/\/nodengo.com\/pt\/wp-json\/wp\/v2\/pages"}],"about":[{"href":"https:\/\/nodengo.com\/pt\/wp-json\/wp\/v2\/types\/page"}],"author":[{"embeddable":true,"href":"https:\/\/nodengo.com\/pt\/wp-json\/wp\/v2\/users\/1"}],"replies":[{"embeddable":true,"href":"https:\/\/nodengo.com\/pt\/wp-json\/wp\/v2\/comments?post=38786"}],"version-history":[{"count":0,"href":"https:\/\/nodengo.com\/pt\/wp-json\/wp\/v2\/pages\/38786\/revisions"}],"wp:attachment":[{"href":"https:\/\/nodengo.com\/pt\/wp-json\/wp\/v2\/media?parent=38786"}],"curies":[{"name":"wp","href":"https:\/\/api.w.org\/{rel}","templated":true}]}}