{"id":6421,"date":"2021-03-10T17:57:43","date_gmt":"2021-03-10T16:57:43","guid":{"rendered":"https:\/\/nodengo.com\/?page_id=6421"},"modified":"2025-12-09T16:36:14","modified_gmt":"2025-12-09T15:36:14","slug":"destinazione-turistica","status":"publish","type":"page","link":"https:\/\/nodengo.com\/it\/destination\/","title":{"rendered":"Migliore destinazione"},"content":{"rendered":"<div style=\"height:14px\" aria-hidden=\"true\" class=\"wp-block-spacer\"><\/div>\n\n\n\t\t\t<!-- Flexy Breadcrumb -->\r\n\t\t\t<div class=\"fbc fbc-page\">\r\n\r\n\t\t\t\t<!-- Breadcrumb wrapper -->\r\n\t\t\t\t<div class=\"fbc-wrap\">\r\n\r\n\t\t\t\t\t<!-- Ordered list-->\r\n\t\t\t\t\t<ol class=\"fbc-items\" itemscope itemtype=\"https:\/\/schema.org\/BreadcrumbList\">\r\n\t\t\t\t\t\t            <li itemprop=\"itemListElement\" itemscope itemtype=\"https:\/\/schema.org\/ListItem\">\r\n                <span itemprop=\"name\">\r\n                    <!-- Home Link -->\r\n                    <a itemprop=\"item\" href=\"https:\/\/nodengo.com\/it\/\">\r\n                    \r\n                                                    <i class=\"fa fa-home\" aria-hidden=\"true\"><\/i>Home                    <\/a>\r\n                <\/span>\r\n                <meta itemprop=\"position\" content=\"1\" \/><!-- Meta Position-->\r\n             <\/li><li><span class=\"fbc-separator\">\/<\/span><\/li><li class=\"active\" itemprop=\"itemListElement\" itemscope itemtype=\"https:\/\/schema.org\/ListItem\"><span itemprop=\"name\" title=\"Best Travel Blog\">Best Travel Blog<\/span><meta itemprop=\"position\" content=\"2\" \/><\/li>\t\t\t\t\t<\/ol>\r\n\t\t\t\t\t<div class=\"clearfix\"><\/div>\r\n\t\t\t\t<\/div>\r\n\t\t\t<\/div>\r\n\t\t\t\n\n\n\n<div class=\"wp-block-citadela-blocks-custom-container citadela-block-custom-container size-wide bg-type-image inside-space-none bg-size-cover has-overlay has-min-height vertical-align-top\" style=\"min-height:450px\"><div class=\"bg-image-wrapper\" style=\"background-image:url(https:\/\/nodengo.com\/wp-content\/uploads\/awesome.jpg);background-repeat:no-repeat;background-position:59% 34%\"><\/div><div class=\"bg-image-overlay\" style=\"opacity:0.15\"><\/div><div class=\"inner-holder\">\n<h2 class=\"wp-block-heading has-text-align-center has-text-color\" style=\"color:#512929;font-size:43px\">NODENGO - DESTINAZIONE<\/h2>\n\n\n\r\n        <div class=\"wp-block-citadela-blocks ctdl-directory-search-form border-thin shadow-default align-center\">\r\n            <div class=\"citadela-block-form search-form-component-container\" style=\"\" data-action=\"&quot;https:\\\/\\\/nodengo.com\\\/it\\\/&quot;\"data-post-type=\"citadela-item\"data-category-taxonomy=\"citadela-item-category\"data-location-taxonomy=\"citadela-item-location\">\r\n            <\/div>\r\n                    <\/div>\r\n\r\n        <\/div><\/div>\n\n\n\n<div class=\"wp-block-citadela-blocks-spacer citadela-block-spacer negative-height\"><div class=\"inner-holder\" style=\"margin-top:-5em\"><\/div><\/div>\n\n\n\n<div class=\"wp-block-citadela-blocks-custom-container citadela-block-custom-container size-wide bg-type-none inside-space-none\"><div class=\"inner-holder\">\n<div class=\"wp-block-columns is-layout-flex wp-container-core-columns-is-layout-9d6595d7 wp-block-columns-is-layout-flex\">\n<div class=\"wp-block-column is-layout-flow wp-block-column-is-layout-flow\" style=\"flex-basis:33.33%\">\n<figure class=\"wp-block-image size-large\"><img decoding=\"async\" width=\"629\" height=\"437\" src=\"https:\/\/nodengo.com\/wp-content\/uploads\/world_map.jpg\" alt=\"destinazione\" class=\"wp-image-7961\" title=\"\" srcset=\"https:\/\/nodengo.com\/wp-content\/uploads\/world_map.jpg 629w, https:\/\/nodengo.com\/wp-content\/uploads\/world_map-150x104.jpg 150w, https:\/\/nodengo.com\/wp-content\/uploads\/world_map-300x208.jpg 300w, https:\/\/nodengo.com\/wp-content\/uploads\/world_map-16x12.jpg 16w\" sizes=\"(max-width: 629px) 100vw, 629px\" \/><\/figure>\n\n\n\n<p class=\"has-small-font-size\">\u00c8 possibile che la pagina di una citt\u00e0 non sia disponibile poich\u00e9 potremmo non avere ancora un editor per quella particolare citt\u00e0.<\/p>\n<\/div>\n\n\n\n<div class=\"wp-block-column is-layout-flow wp-block-column-is-layout-flow\" style=\"flex-basis:66.66%\">\n<p class=\"has-text-align-center has-black-color has-text-color has-link-color has-large-font-size wp-elements-27160f32e5d47b01ad4eee0451e24f86\">SCEGLI LA TUA DESTINAZIONE<\/p>\n\n\n\n<div style=\"height:14px\" aria-hidden=\"true\" class=\"wp-block-spacer\"><\/div>\n\n\n\n<p class=\"has-text-align-center\" id=\"asia\"><a href=\"#africa\" data-type=\"internal\" data-id=\"#africa\">AFRICA<\/a> &#8211; <a href=\"#asia\">ASIA<\/a> &#8211; <a href=\"#caribbean\">CARAIBICA<\/a> &#8211; <a href=\"#americas\">AMERICHE<\/a> &#8211; <a href=\"#europe\">EUROPA<\/a> &#8211; <a href=\"#oceania\">OCEANIA<\/a><\/p>\n\n\n\n<p class=\"has-white-background-color has-background has-medium-font-size\">Sai gi\u00e0 dove e quando vuoi viaggiare, prenota semplicemente il tuo viaggio con noi. <br>Se stai cercando informazioni sul posto migliore dove trascorrere le tue vacanze, cerchi informazioni su attivit\u00e0 e cose da fare nella tua destinazione o ricevi consigli dai nostri redattori locali. Il nostro obiettivo \u00e8 aiutarti a trovare la vacanza perfetta al prezzo perfetto<br> We are focused on helping you find the the perfect vacation at the perfect price.<\/p>\n<\/div>\n<\/div>\n\n\n\n<div class=\"wp-block-citadela-blocks-custom-container citadela-block-custom-container size-wide bg-type-none inside-space-none\"><div class=\"inner-holder\">\n<div class=\"wp-block-uagb-tabs uagb-block-0eeeff5c uagb-tabs__wrap uagb-tabs__hstyle2-desktop uagb-tabs__vstyle6-tablet uagb-tabs__stack1-mobile\" data-tab-active=\"0\"><ul class=\"uagb-tabs__panel uagb-tabs__align-center\" role=\"tablist\"><li class=\"uagb-tab uagb-tabs__active\" role=\"none\"><a href=\"#uagb-tabs__tab0\" class=\"uagb-tabs-list uagb-tabs__icon-position-left\" data-tab=\"0\" role=\"tab\"><div>Hotel<\/div><\/a><\/li><li class=\"uagb-tab\" role=\"none\"><a href=\"#uagb-tabs__tab1\" class=\"uagb-tabs-list uagb-tabs__icon-position-left\" data-tab=\"1\" role=\"tab\"><div>Voli<\/div><\/a><\/li><li class=\"uagb-tab\" role=\"none\"><a href=\"#uagb-tabs__tab2\" class=\"uagb-tabs-list uagb-tabs__icon-position-left\" data-tab=\"2\" role=\"tab\"><div>Auto<\/div><\/a><\/li><li class=\"uagb-tab\" role=\"none\"><a href=\"#uagb-tabs__tab3\" class=\"uagb-tabs-list uagb-tabs__icon-position-left\" data-tab=\"3\" role=\"tab\"><div>Trasferimento<\/div><\/a><\/li><\/ul><div class=\"uagb-tabs__body-wrap\">\n<div class=\"wp-block-uagb-tabs-child uagb-tabs__body-container uagb-inner-tab-0\" aria-labelledby=\"uagb-tabs__tab0\">\n<p><strong>Cerca Hotel scontati<\/strong><\/p>\n\n\n\n\n\n\n<script async src=\"https:\/\/tpwgts.com\/content?trs=32252&#038;shmarker=246395&#038;lang=it&#038;layout=S10391&#038;powered_by=true&#038;campaign_id=121&#038;promo_id=4038\" charset=\"utf-8\"><\/script>\n\n\n\n\n<\/div>\n\n\n\n<div class=\"wp-block-uagb-tabs-child uagb-tabs__body-container uagb-inner-tab-1\" aria-labelledby=\"uagb-tabs__tab1\">\n<p><strong>Trova voli economici per la tua destinazione<\/strong>.<\/p>\n\n\n\n\n\n\n<script async src=\"https:\/\/tpwgts.com\/content?currency=eur&#038;trs=32252&#038;shmarker=246395&#038;show_hotels=false&#038;powered_by=true&#038;locale=it&#038;searchUrl=search.jetradar.com&#038;primary_override=%2332a8dd&#038;color_button=%2392CE52&#038;color_icons=%2332a8dd&#038;dark=%23262626&#038;light=%23FFFFFF&#038;secondary=%23FFFFFF&#038;special=%23C4C4C4&#038;color_focused=%2332a8dd&#038;border_radius=0&#038;no_labels=&#038;plain=true&#038;promo_id=7879&#038;campaign_id=100\" charset=\"utf-8\"><\/script>\n\n\n\n\n<\/div>\n\n\n\n<div class=\"wp-block-uagb-tabs-child uagb-tabs__body-container uagb-inner-tab-2\" aria-labelledby=\"uagb-tabs__tab2\">\n\n\n\n\n<script async src=\"https:\/\/tpwgts.com\/content?currency=eur&#038;trs=32252&#038;shmarker=246395&#038;locale=it&#038;powered_by=true&#038;bg_color=%23FFFFFf&#038;font_color=%23333333&#038;button_color=%2300a200&#038;button_font_color=%23ffffff&#038;button_text=Search&#038;rounded_corners=false&#038;benefits=true&#038;dc_powered_by=false&#038;supplier_logos=false&#038;campaign_id=117&#038;promo_id=3873\" charset=\"utf-8\"><\/script>\n\n\n\n<\/div>\n\n\n\n<div class=\"wp-block-uagb-tabs-child uagb-tabs__body-container uagb-inner-tab-3\" aria-labelledby=\"uagb-tabs__tab3\">\n<p class=\"has-small-font-size\" style=\"font-style:normal;font-weight:600\">Evita il fastidio di aspettare in coda ai taxi al tuo arrivo e opta invece per un comodo e confortevole trasferimento in veicolo privato. Preorganizza il tuo trasferimento al tuo hotel o al centro citt\u00e0 e riduci al minimo lo stress del tuo arrivo<\/p>\n\n\n\n\n\n\n<script async src=\"https:\/\/c1.travelpayouts.com\/content?currency=EUR&#038;trs=106513&#038;shmarker=246395&#038;locale=it&#038;powered_by=true&#038;transfer_options_limit=4&#038;disable_currency_selector=false&#038;hide_form_extras=false&#038;hide_external_links=false&#038;promo_id=3879\" charset=\"utf-8\" async=\"true\"><\/script>\n\n\n\n\n<\/div>\n<\/div><\/div>\n<\/div><\/div>\n\n\n\n<p class=\"has-text-align-center has-small-font-size\">Sei interessato a diventare il <a type=\"page\" id=\"54050\" href=\"https:\/\/nodengo.com\/it\/-28\/-2\/geneva-reviews-gva\/\"><strong>Editor<\/strong><\/a> ? o vuoi pubblicare il tuo <a type=\"page\" id=\"2864\" href=\"https:\/\/nodengo.com\/it\/register-to-submit-your-establishment\/\"><strong><strong>stabilimento<\/strong><\/strong><\/a><\/p>\n<\/div><\/div>\n\n\n\n<div class=\"wp-block-citadela-blocks-custom-container citadela-block-custom-container size-wide bg-type-none inside-space-none\"><div class=\"inner-holder\">\n<hr class=\"wp-block-separator has-css-opacity\"\/>\n\n\n\n<div class=\"wp-block-group\"><div class=\"wp-block-group__inner-container is-layout-flow wp-block-group-is-layout-flow\">\n<h2 class=\"wp-block-heading\" id=\"africa\"><a href=\"https:\/\/nodengo.com\/it\/paesi-africani\/\" class=\"rank-math-link\"><strong>Africa<\/strong><\/a><\/h2>\n\n\n\n<p><a href=\"https:\/\/nodengo.com\/it\/placeholder\/\">Algeria | Angola | Benin | Botswana | Burkina Faso | Burundi | Camerun | Capo Verde | Repubblica Centrafricana | Ciad | Comore | Congo | Repubblica Democratica del Congo | Gibuti | Egitto | Guinea Equatoriale | Eritrea | Etiopia | Gabon | Gambia | Ghana | Guinea | Guinea-Bissau | Costa d'Avorio | Kenya | Lesotho | Liberia | Libia | Madagascar | Malawi | Mali | Mauritania | Mauritius | Mayotte | Marocco | Mozambico | Namibia | Niger | Nigeria | Riunione | Ruanda | Senegal | Seychelles | Sierra Leone | Somalia | Sud Africa | Sud Sudan | Swaziland | Sao Tome e Principe | Tanzania | Togo | Tunisia | Uganda | Zambia | Zimbabwe<\/a><\/p>\n<\/div><\/div>\n<\/div><\/div>\n\n\n\n<div class=\"wp-block-citadela-blocks-custom-container citadela-block-custom-container size-wide bg-type-none inside-space-none\"><div class=\"inner-holder\">\n<hr class=\"wp-block-separator has-css-opacity\"\/>\n\n\n\n<div class=\"wp-block-group\"><div class=\"wp-block-group__inner-container is-layout-flow wp-block-group-is-layout-flow\">\n<h2 class=\"wp-block-heading\" id=\"americas\"><a href=\"https:\/\/nodengo.com\/it\/-23\/\" class=\"rank-math-link\"><strong>Americhe<\/strong><\/a><\/h2>\n\n\n\n<p><strong>Nord America<\/strong><br><a href=\"https:\/\/nodengo.com\/it\/placeholder\/\">Canada<\/a>|&nbsp;<a href=\"https:\/\/nodengo.com\/it\/placeholder\/\" type=\"page\" id=\"70879\">Messico<\/a> |<a href=\"https:\/\/nodengo.com\/it\/-7\/\"><strong> Stati Uniti d'America <\/strong><\/a><\/p>\n\n\n\n<p><strong>America Centrale<\/strong><br><a href=\"https:\/\/nodengo.com\/it\/placeholder\/\">Belize | Costa Rica | El Salvador | Guatemala | Honduras | Nicaragua | Panama<\/a><\/p>\n\n\n\n<p><strong>Sud America<\/strong><br><a href=\"https:\/\/nodengo.com\/it\/placeholder\/\">Argentina | Bolivia | Brasile | Cile | Colombia | Ecuador | Isole Falkland (Malvinas) | Guyana francese | Guyana | Paraguay | Per\u00f9 | Suriname | Uruguay | Venezuela<\/a><\/p>\n<\/div><\/div>\n<\/div><\/div>\n\n\n\n<div class=\"wp-block-citadela-blocks-custom-container citadela-block-custom-container size-wide bg-type-none inside-space-none\"><div class=\"inner-holder\">\n<hr class=\"wp-block-separator has-css-opacity\"\/>\n\n\n\n<div class=\"wp-block-group\"><div class=\"wp-block-group__inner-container is-layout-flow wp-block-group-is-layout-flow\">\n<h2 class=\"wp-block-heading\" id=\"asia\"><a href=\"https:\/\/nodengo.com\/it\/-13\/\" class=\"rank-math-link\"><strong>Asia<\/strong><\/a><\/h2>\n\n\n\n<div class=\"wp-block-group\"><div class=\"wp-block-group__inner-container is-layout-flow wp-block-group-is-layout-flow\">\n<p><a href=\"https:\/\/nodengo.com\/it\/placeholder\/\" class=\"rank-math-link\"><\/a><a href=\"https:\/\/nodengo.com\/it\/placeholder\/\" class=\"rank-math-link\">Afghanistan | Armenia | Azerbaigian | Bahrein | Bangladesh | Butan | Brunei | Camboya | Cina | Georgia Hong Kong | India |<\/a> <strong><a href=\"https:\/\/nodengo.com\/it\/indonesia\/\" target=\"_blank\" aria-label=\"Indonesia\" rel=\"noreferrer noopener\" class=\"rank-math-link\">Indonesia<\/a><\/strong> | <a href=\"https:\/\/nodengo.com\/it\/placeholder\/\" class=\"rank-math-link\">Iran | Iraq | Israele | Giappone | Giordania | Kazakistan | Kuwait | Kirghizistan | | Laos | Libano | Macao | Malaysia | Mongolia | Nepal | Oman | Pakistan | Territori palestinesi | Papua Nuova Guinea | Filippine | Qatar | Arabia Saudita | Singapore | Corea del Sud | Sri Lanka | Siria | Taiwan | Tagikistan | Thailandia | Turkmenistan | Emirati Arabi Uniti | Uzbekistan | Vietnam<\/a><\/p>\n<\/div><\/div>\n<\/div><\/div>\n<\/div><\/div>\n\n\n\n<div class=\"wp-block-citadela-blocks-custom-container citadela-block-custom-container size-wide bg-type-none inside-space-none\"><div class=\"inner-holder\">\n<hr class=\"wp-block-separator has-css-opacity\"\/>\n\n\n\n<div class=\"wp-block-group\"><div class=\"wp-block-group__inner-container is-layout-flow wp-block-group-is-layout-flow\">\n<h2 class=\"wp-block-heading\" id=\"caribbean\"><strong><a href=\"https:\/\/nodengo.com\/it\/caribbean\/\" class=\"rank-math-link\">Caraibica<\/a><\/strong><\/h2>\n\n\n\n<div class=\"wp-block-group\"><div class=\"wp-block-group__inner-container is-layout-flow wp-block-group-is-layout-flow\">\n<p><a href=\"https:\/\/nodengo.com\/it\/placeholder\/\">Anguilla | Antigua &amp; Barbuda | Aruba | Bahamas | Barbados | Bermuda | Bonaire | St. Eustatius and Saba | British Virgin Islands | Cayman Islands | Cuba | Cura\u00e7ao | Dominica |<\/a> <strong><a href=\"https:\/\/nodengo.com\/it\/unforgettable-dominican-republic\/\" data-type=\"page\" data-id=\"13021\">Repubblica Dominicana<\/a> <\/strong>| <a href=\"https:\/\/nodengo.com\/it\/placeholder\/\">Anguilla | Antigua e Barbuda | Aruba | Bahamas | Barbados | Bermuda | Bonaire | Sant'Eustazio e Saba | Isole Vergini Britanniche | Isole Cayman | Cuba | Cura\u00e7ao | Dominica | Repubblica Dominicana | Grenada | Guadalupa | Haiti | Giamaica | Martinica | Montserrat | Porto Rico | Saint Barts | Saint Kitts e Nevis | Santa Lucia | Saint Martin | Saint Vincent e Grenadine | Sant'Elena | St. Maarten | Trinidad e Tobago | Isole Turks e Caicos | Isole Vergini Americane<\/a><\/p>\n<\/div><\/div>\n<\/div><\/div>\n<\/div><\/div>\n\n\n\n<div class=\"wp-block-citadela-blocks-custom-container citadela-block-custom-container size-wide bg-type-none inside-space-none\"><div class=\"inner-holder\">\n<hr class=\"wp-block-separator has-css-opacity\"\/>\n\n\n\n<div class=\"wp-block-group\"><div class=\"wp-block-group__inner-container is-layout-flow wp-block-group-is-layout-flow\">\n<h2 class=\"wp-block-heading\" id=\"europe\"><strong><a class=\"rank-math-link\" href=\"https:\/\/nodengo.com\/it\/-10\/\">Europa<\/a><\/strong><\/h2>\n\n\n\n<div class=\"wp-block-group\"><div class=\"wp-block-group__inner-container is-layout-flow wp-block-group-is-layout-flow\">\n<p><a href=\"https:\/\/nodengo.com\/it\/placeholder\/\"><\/a><a href=\"https:\/\/nodengo.com\/it\/placeholder\/\">Abkhazia<\/a>&nbsp;|&nbsp;<a href=\"https:\/\/nodengo.com\/it\/placeholder\/\">Albania<\/a>&nbsp;|&nbsp;<a href=\"https:\/\/nodengo.com\/it\/placeholder\/\">Andorra<\/a>&nbsp;|<a href=\"https:\/\/nodengo.com\/it\/placeholder\/\">Armenia<\/a>&nbsp;|&nbsp;<a href=\"https:\/\/nodengo.com\/it\/-8\/\">Austria<\/a>&nbsp;|&nbsp;<a href=\"https:\/\/nodengo.com\/it\/placeholder\/\">Azerbaigian<\/a>&nbsp;|&nbsp;<a href=\"https:\/\/nodengo.com\/it\/placeholder\/\">Bielorussia<\/a>&nbsp;|&nbsp;<a href=\"https:\/\/nodengo.com\/it\/-18\/\">Belgio<\/a>&nbsp;|&nbsp;<a href=\"https:\/\/nodengo.com\/it\/placeholder\/\">Bosnia Erzegovina<\/a>&nbsp;|&nbsp;<a href=\"https:\/\/nodengo.com\/it\/placeholder\/\">Bulgaria<\/a>&nbsp;|<a href=\"https:\/\/nodengo.com\/it\/placeholder\/\">&nbsp;Crimea<\/a>&nbsp;|&nbsp;<a href=\"https:\/\/nodengo.com\/it\/placeholder\/\">Croazia<\/a>&nbsp;|&nbsp;<a href=\"https:\/\/nodengo.com\/it\/placeholder\/\">Cipro<\/a>&nbsp;|&nbsp;<a href=\"https:\/\/nodengo.com\/it\/placeholder\/\">Repubblica Ceca<\/a>&nbsp;|&nbsp;<a href=\"https:\/\/nodengo.com\/it\/placeholder\/\">Danimarca<\/a>&nbsp;|&nbsp;<a href=\"https:\/\/nodengo.com\/it\/placeholder\/\">Estonia<\/a>&nbsp;|&nbsp;<a href=\"https:\/\/nodengo.com\/it\/placeholder\/\">Faroe Islands<\/a>&nbsp;|<a href=\"https:\/\/nodengo.com\/it\/placeholder\/\">&nbsp;Finlandia<\/a>&nbsp;|&nbsp;<a href=\"https:\/\/nodengo.com\/it\/placeholder\/\" type=\"page\" id=\"70879\">Francia<\/a>&nbsp;|&nbsp;<a href=\"https:\/\/nodengo.com\/it\/placeholder\/\">Georgia<\/a>&nbsp;|&nbsp;<a href=\"https:\/\/nodengo.com\/it\/placeholder\/\" type=\"page\" id=\"70879\">Germania<\/a>&nbsp;|<a href=\"https:\/\/nodengo.com\/it\/placeholder\/\">&nbsp;Gibilterra<\/a>&nbsp;|&nbsp;<a href=\"https:\/\/nodengo.com\/it\/placeholder\/\" type=\"page\" id=\"70879\">Griechenland<\/a>&nbsp;|&nbsp;<a href=\"https:\/\/nodengo.com\/it\/placeholder\/\">Greenland<\/a>&nbsp;|&nbsp;<a href=\"https:\/\/nodengo.com\/it\/placeholder\/\">Ungheria<\/a>&nbsp;|&nbsp;<a href=\"https:\/\/nodengo.com\/it\/placeholder\/\">Iceland<\/a>&nbsp;|&nbsp;<a href=\"https:\/\/nodengo.com\/it\/placeholder\/\">Irlanda<\/a>&nbsp;|&nbsp;<a href=\"https:\/\/nodengo.com\/it\/placeholder\/\">Isola di Man<\/a>&nbsp;|&nbsp;<a href=\"https:\/\/nodengo.com\/it\/placeholder\/\" type=\"page\" id=\"70879\">Italia<\/a>&nbsp;|&nbsp;<a href=\"https:\/\/nodengo.com\/it\/placeholder\/\">Kosovo<\/a>&nbsp;|<a href=\"https:\/\/nodengo.com\/it\/placeholder\/\">&nbsp;Lettonia<\/a>&nbsp;|&nbsp;<a href=\"https:\/\/nodengo.com\/it\/placeholder\/\">Liechtenstein<\/a>&nbsp;|&nbsp;<a class=\"rank-math-link\" href=\"https:\/\/nodengo.com\/it\/placeholder\/\">Lithuania |<\/a>&nbsp;<a class=\"rank-math-link\" href=\"https:\/\/nodengo.com\/it\/placeholder\/\">Lussemburgo<\/a>&nbsp;|&nbsp;<a class=\"rank-math-link\" href=\"https:\/\/nodengo.com\/it\/placeholder\/\">Malta<\/a>&nbsp;|&nbsp;<a class=\"rank-math-link\" href=\"https:\/\/nodengo.com\/it\/placeholder\/\">Moldova<\/a>&nbsp;|&nbsp;<a class=\"rank-math-link\" href=\"https:\/\/nodengo.com\/it\/placeholder\/\">Monaco<\/a>&nbsp;|<a class=\"rank-math-link\" href=\"https:\/\/nodengo.com\/it\/placeholder\/\">&nbsp;Montenegro<\/a>&nbsp;|&nbsp;<a class=\"rank-math-link\" href=\"https:\/\/nodengo.com\/it\/placeholder\/\">Olanda<\/a>&nbsp;|&nbsp;<a class=\"rank-math-link\" href=\"https:\/\/nodengo.com\/it\/placeholder\/\">North Macedonia<\/a>&nbsp;|&nbsp;<a href=\"https:\/\/nodengo.com\/it\/placeholder\/\">Norvegia<\/a>&nbsp;|&nbsp;<a href=\"https:\/\/nodengo.com\/it\/placeholder\/\">Polonia<\/a>&nbsp;|&nbsp;<a href=\"https:\/\/nodengo.com\/it\/placeholder\/\" type=\"page\" id=\"70879\">Portuga<\/a>l&nbsp;|&nbsp;<a href=\"https:\/\/nodengo.com\/it\/placeholder\/\" type=\"page\" id=\"70879\">Romania<\/a>&nbsp;|&nbsp;<a href=\"https:\/\/nodengo.com\/it\/placeholder\/\">Russia<\/a>&nbsp;|&nbsp;<a href=\"https:\/\/nodengo.com\/it\/placeholder\/\">San Marino<\/a>&nbsp;|&nbsp;<a href=\"https:\/\/nodengo.com\/it\/placeholder\/\">Serbia<\/a>&nbsp;|&nbsp;<a href=\"https:\/\/nodengo.com\/it\/placeholder\/\">Slovacchia<\/a>&nbsp;|<a href=\"https:\/\/nodengo.com\/it\/placeholder\/\" type=\"page\" id=\"70879\">&nbsp;Slovenia<\/a>&nbsp;|<a href=\"https:\/\/nodengo.com\/it\/placeholder\/\" type=\"page\" id=\"70879\">&nbsp;Spagna<\/a>&nbsp;|&nbsp;<a href=\"https:\/\/nodengo.com\/it\/placeholder\/\">Svezia<\/a>&nbsp;|&nbsp;<a href=\"https:\/\/nodengo.com\/it\/-28\/\"><strong>vizzera<\/strong><\/a>&nbsp;|&nbsp;<a href=\"https:\/\/nodengo.com\/it\/placeholder\/\">Turkey<\/a>&nbsp;|&nbsp;<a href=\"https:\/\/nodengo.com\/it\/placeholder\/\">Ucraina<\/a>&nbsp;|&nbsp;<a href=\"https:\/\/nodengo.com\/it\/placeholder\/\" type=\"page\" id=\"70879\">Regno Unito<\/a><\/p>\n<\/div><\/div>\n<\/div><\/div>\n<\/div><\/div>\n\n\n\n<div class=\"wp-block-citadela-blocks-custom-container citadela-block-custom-container size-wide bg-type-none inside-space-none\"><div class=\"inner-holder\">\n<hr class=\"wp-block-separator has-css-opacity\"\/>\n\n\n\n<div class=\"wp-block-group\"><div class=\"wp-block-group__inner-container is-layout-flow wp-block-group-is-layout-flow\">\n<h2 class=\"wp-block-heading\" id=\"oceania\"><strong><a href=\"https:\/\/nodengo.com\/it\/oceania\/\" class=\"rank-math-link\">Oceania<\/a><\/strong><\/h2>\n\n\n\n<p><a href=\"https:\/\/nodengo.com\/it\/placeholder\/\">Australia | Cocos (K) I. | Isole Cook | Figi | Polinesia francese | Guam | Kiribati | Isole Marshall | Micronesia | Nauru | Nuova Caledonia | Nuova Zelanda | Niue | Isola Norfolk | Isole Marianne Settentrionali | Palau | Papua Nuova Guinea | Samoa | Isole Salomone | Tonga | Tuvalu | Vanuatu<\/a><\/p>\n<\/div><\/div>\n<\/div><\/div>\n\n\n\n<hr class=\"wp-block-separator has-css-opacity\"\/>","protected":false},"excerpt":{"rendered":"","protected":false},"author":236,"featured_media":0,"parent":0,"menu_order":0,"comment_status":"closed","ping_status":"closed","template":"","meta":{"_uag_custom_page_level_css":"","_citadela_hide_page_title":"1","_citadela_remove_header_space":"1","_citadela_custom_class":"","_citadela_half_map_provider":"","_citadela_half_map_theme":"","_citadela_half_map_themeOSM":"","_citadela_half_map_customTheme":"","_citadela_half_map_dataType":"","_citadela_half_map_dynamicTrack":false,"_citadela_half_map_trackColor":"","_citadela_half_map_trackEndpointsColor":"","_citadela_half_map_filterCategory":"","_citadela_half_map_filterLocation":"","_citadela_half_map_filterFeatured":false,"_citadela_half_map_noDataBehavior":"empty-map","_citadela_half_map_noDataText":"","_citadela_half_map_clusterGridSize":80,"_citadela_header":false,"_citadela_header_over_content":false,"_citadela_header_text_color":"","_citadela_header_logo":{"id":6428,"url":"https:\/\/nodengo.com\/wp-content\/uploads\/slider1-Banner-Bg.jpg","size":{"width":1920,"height":550}},"_citadela_header_bg_image":[],"_citadela_header_bg_position":{"x":0.5,"y":0.5},"_citadela_header_bg_size":"cover","_citadela_header_bg_repeat":"no-repeat","_citadela_header_bg_fixed":false,"_citadela_header_bg_color":"","_citadela_header_bg_image_overlay":"","_citadela_header_transparent_bg":false,"_citadela_content_width":"wide","_citadela_half_layout_position":"","footnotes":""},"class_list":["post-6421","page","type-page","status-publish","hentry"],"uagb_featured_image_src":{"full":false,"thumbnail":false,"medium":false,"medium_large":false,"large":false,"1536x1536":false,"2048x2048":false,"trp-custom-language-flag":false,"citadela_item_thumbnail":false,"woocommerce_thumbnail":false,"woocommerce_single":false,"woocommerce_gallery_thumbnail":false,"citadela_service":false},"uagb_author_info":{"display_name":"Nodengo Team","author_link":"https:\/\/nodengo.com\/it\/author\/nodengo-admin\/"},"uagb_comment_info":0,"uagb_excerpt":null,"_links":{"self":[{"href":"https:\/\/nodengo.com\/it\/wp-json\/wp\/v2\/pages\/6421","targetHints":{"allow":["GET"]}}],"collection":[{"href":"https:\/\/nodengo.com\/it\/wp-json\/wp\/v2\/pages"}],"about":[{"href":"https:\/\/nodengo.com\/it\/wp-json\/wp\/v2\/types\/page"}],"author":[{"embeddable":true,"href":"https:\/\/nodengo.com\/it\/wp-json\/wp\/v2\/users\/236"}],"replies":[{"embeddable":true,"href":"https:\/\/nodengo.com\/it\/wp-json\/wp\/v2\/comments?post=6421"}],"version-history":[{"count":0,"href":"https:\/\/nodengo.com\/it\/wp-json\/wp\/v2\/pages\/6421\/revisions"}],"wp:attachment":[{"href":"https:\/\/nodengo.com\/it\/wp-json\/wp\/v2\/media?parent=6421"}],"curies":[{"name":"wp","href":"https:\/\/api.w.org\/{rel}","templated":true}]}}