{"id":6410,"date":"2021-03-10T16:55:57","date_gmt":"2021-03-10T15:55:57","guid":{"rendered":"https:\/\/nodengo.com\/?page_id=6410"},"modified":"2025-12-16T07:56:49","modified_gmt":"2025-12-16T06:56:49","slug":"disclaimer","status":"publish","type":"page","link":"https:\/\/nodengo.com\/it\/disclaimer\/","title":{"rendered":"Esclusione di responsabilit\u00e0"},"content":{"rendered":"<!-- Flexy Breadcrumb -->\r\n\t\t\t<div class=\"fbc fbc-page\">\r\n\r\n\t\t\t\t<!-- Breadcrumb wrapper -->\r\n\t\t\t\t<div class=\"fbc-wrap\">\r\n\r\n\t\t\t\t\t<!-- Ordered list-->\r\n\t\t\t\t\t<ol class=\"fbc-items\" itemscope itemtype=\"https:\/\/schema.org\/BreadcrumbList\">\r\n\t\t\t\t\t\t            <li itemprop=\"itemListElement\" itemscope itemtype=\"https:\/\/schema.org\/ListItem\">\r\n                <span itemprop=\"name\">\r\n                    <!-- Home Link -->\r\n                    <a itemprop=\"item\" href=\"https:\/\/nodengo.com\/it\/\">\r\n                    \r\n                                                    <i class=\"fa fa-home\" aria-hidden=\"true\"><\/i>Home                    <\/a>\r\n                <\/span>\r\n                <meta itemprop=\"position\" content=\"1\" \/><!-- Meta Position-->\r\n             <\/li><li><span class=\"fbc-separator\">\/<\/span><\/li><li class=\"active\" itemprop=\"itemListElement\" itemscope itemtype=\"https:\/\/schema.org\/ListItem\"><span itemprop=\"name\" title=\"Best Travel Blog\">Best Travel Blog<\/span><meta itemprop=\"position\" content=\"2\" \/><\/li>\t\t\t\t\t<\/ol>\r\n\t\t\t\t\t<div class=\"clearfix\"><\/div>\r\n\t\t\t\t<\/div>\r\n\t\t\t<\/div>\r\n\t\t\t\n\n\n\n<div class=\"wp-block-group is-content-justification-center is-nowrap is-layout-flex wp-container-core-group-is-layout-94bc23d7 wp-block-group-is-layout-flex\">\n<figure class=\"wp-block-image size-full is-resized\"><img decoding=\"async\" width=\"150\" height=\"150\" src=\"https:\/\/nodengo.com\/wp-content\/uploads\/nodengo-favicon-e1619375689818.png\" alt=\"Nodengo.com Disclaimer\" class=\"wp-image-54641\" style=\"width:38px;height:38px\" title=\"\" srcset=\"https:\/\/nodengo.com\/wp-content\/uploads\/nodengo-favicon-e1619375689818.png 150w, https:\/\/nodengo.com\/wp-content\/uploads\/nodengo-favicon-e1619375689818-100x100.png 100w, https:\/\/nodengo.com\/wp-content\/uploads\/nodengo-favicon-e1619375689818-12x12.png 12w\" sizes=\"(max-width: 150px) 100vw, 150px\" \/><\/figure>\n\n\n\n<h2 class=\"wp-block-heading\">Esclusione di responsabilit\u00e0<\/h2>\n<\/div>\n\n\n\n<div style=\"height:25px\" aria-hidden=\"true\" class=\"wp-block-spacer\"><\/div>\n\n\n\n<div class=\"wp-block-citadela-blocks-custom-container citadela-block-custom-container size-wide bg-type-none inside-space-none\"><div class=\"inner-holder\">\n<p class=\"has-small-font-size\"><strong>Informazioni generali - Dichiarazione di non responsabilit\u00e0<\/strong>&nbsp;Le informazioni contenute in questo sito costituiscono esclusivamente una guida generale su questioni di interesse. L'utilizzo di questo sito Web implica l'accettazione dei termini e della privacy di Nodengo.com.<\/p>\n\n\n\n<p class=\"has-small-font-size\">Sebbene abbiamo fatto ogni sforzo per garantire che le informazioni contenute in questo sito siano state ottenute da fonti affidabili, Nodengo.com non \u00e8 responsabile per eventuali errori o omissioni o per i risultati ottenuti dall'uso di queste informazioni.<\/p>\n\n\n\n<p class=\"has-small-font-size\">Tutte le informazioni contenute in questo sito sono fornite \"cos\u00ec come sono\", senza alcuna garanzia di completezza, accuratezza, tempestivit\u00e0 o dei risultati ottenuti dall'uso di tali informazioni e senza garanzia di alcun tipo, espressa o implicita, incluso, ma non limitato a garanzie di prestazione, commerciabilit\u00e0 e idoneit\u00e0 per uno scopo particolare.<\/p>\n\n\n\n<p class=\"has-small-font-size\"><br>In nessun caso Nodengo.com, o i suoi partner, redattori locali, agenti o dipendenti saranno responsabili nei tuoi confronti o nei confronti di chiunque altro per qualsiasi decisione presa o azione intrapresa facendo affidamento sulle informazioni contenute in questo Sito o per eventuali danni consequenziali, speciali o simili , anche se avvisati della possibilit\u00e0 di tali danni.<\/p>\n\n\n\n<p class=\"has-small-font-size\">Alcuni collegamenti in questo sito si collegano ad altri siti Web gestiti da terzi sui quali Nodengo.com non ha alcun controllo. Questi collegamenti sono inclusi per una serie di motivi, tra cui:<\/p>\n\n\n\n<ol class=\"wp-block-list has-small-font-size\">\n<li>Migliorare la pertinenza delle informazioni e di altre fonti di materiale<\/li>\n\n\n\n<li>Per informazioni pratiche utili allo svago o al piacere<\/li>\n\n\n\n<li>Per prenotare volo, hotel, noleggio auto e attivit\u00e0Zur Reservierung von Flug, Hotel, Mietwagen und Aktivit\u00e4ten<\/li>\n\n\n\n<li>Per informare ulteriormente su una destinazione.<\/li>\n<\/ol>\n\n\n\n<p class=\"has-small-font-size\"><em>Esclusione di responsabilit\u00e0 <\/em>&#8211; Nodengo.com makes no representations as to the accuracy or any other aspect of information contained in other websites.<\/p>\n\n\n\n<p class=\"has-small-font-size\">Nodengo.com non \u00e8 responsabile per i contenuti del sito web esterno. Altri loghi, nomi di prodotti e societ\u00e0 menzionati nel presente documento sono di propriet\u00e0 dei rispettivi proprietari.<\/p>\n\n\n\n<p class=\"has-small-font-size\"><strong>Esclusione di responsabilit\u00e0<\/strong>&nbsp;Tutti i contenuti forniti sui nostri blog sono solo a scopo informativo. Le opinioni espresse sono in buona fede e ogni cura \u00e8 stata posta nella preparazione di questi post, inclusa ma non limitata all'accuratezza o alla completezza di qualsiasi informazione, fatto e\/o opinione in essi contenuta. Ai blogger pubblicati su questo sito \u00e8 data la libert\u00e0 di esprimere opinioni. Nodengo.com non garantisce l'accuratezza o la completezza delle informazioni presenti su questo sito o trovate seguendo qualsiasi collegamento su questo sito. Punti di vista o opinioni rappresentati nei blog Editor locale e Informazioni generali sono personali e appartengono esclusivamente al proprietario del blog e non rappresentano quelli di persone, istituzioni o organizzazioni con cui il proprietario pu\u00f2 o meno essere associato a titolo professionale o personale, a meno che non sia esplicitamente dichiarato.<\/p>\n\n\n\n<p class=\"has-small-font-size\"> Qualsiasi punto di vista o opinione non \u00e8 inteso a diffamare alcuna religione, gruppo etnico, club, organizzazione, azienda o individuo.<\/p>\n\n\n\n<p class=\"has-small-font-size\"><em>disclaimer<\/em><\/p>\n\n\n\n<p class=\"has-small-font-size\">Alcuni contenuti su una struttura possono essere aggiunti tramite segnalazione o dal nostro editore locale. In questi casi la struttura non sostiene necessariamente Nodengo.com. Una volta rivendicato, l'elenco viene gestito direttamente dal proprietario\/gestore della struttura o dal personale.<\/p>\n\n\n\n<p class=\"has-small-font-size\"><strong>Dichiarazione di non responsabilit\u00e0 sulle informazioni<\/strong>&nbsp;Nodengo.com non \u00e8 un agente di prenotazione o tour operator e non addebita alcun costo di servizio agli utenti del nostro sito. Quando prenoti con uno dei nostri partner, assicurati di controllare il loro sito per una completa divulgazione di tutte le tariffe applicabili. Per tutti i pacchetti di viaggio o le offerte elencate, Nodengo.com non garantisce tariffe o prezzi specifici. Inoltre, i prezzi medi degli hotel vengono aggiornati di notte e visualizzati nella valuta preferita utilizzando i tassi di conversione prevalenti. Poich\u00e9 questi prezzi convertiti sono stime, si prega di verificare con il sito di prenotazione l'importo e la valuta esatti. Inoltre, Nodengo.com non garantisce la disponibilit\u00e0 dei prezzi pubblicizzati sul nostro sito. I prezzi indicati possono richiedere un soggiorno di una durata o avere date di blackout, qualifiche o restrizioni. <\/p>\n\n\n\n<p class=\"has-small-font-size\">Poich\u00e9 questi prezzi convertiti sono stime, ti preghiamo di verificare con il sito di prenotazione l'importo esatto e la valuta. Inoltre, Nodengo.com non garantisce la disponibilit\u00e0 dei prezzi pubblicizzati sul nostro sito. I prezzi elencati potrebbero richiedere un soggiorno di lunga durata o prevedere date di esclusione, qualifiche o restrizioni. <\/p>\n\n\n\n<p class=\"has-small-font-size\">Nodengo.com non \u00e8 responsabile per i contenuti di siti web esterni. Tasse e spese non incluse nelle offerte.<\/p>\n\n\n\n<p class=\"has-text-color has-small-font-size\" style=\"color:#4e555a\">Disclaimer &#8211; <em>Questo sito Web contiene riferimenti a collegamenti di affiliazione tramite collegamenti e banner pubblicitari. Utilizzando questi collegamenti e servizi, questo sito Web riceve commissioni, ma senza alcun costo per l'utente. Questo viene fatto per aiutare a coprire le spese di gestione di questo sito web.<\/em> <em>Mi coster\u00e0 pi\u00f9 soldi? , No, assolutamente no. Nella maggior parte dei casi, le nostre offerte ti faranno effettivamente risparmiare denaro<\/em><\/p>\n<\/div><\/div>\n\n\n\n<p class=\"has-text-color has-small-font-size\" style=\"color:#4e555a\"><em>Tieni presente che questa pagina \u00e8 stata tradotta automaticamente dall'originale inglese<\/em>. <em>Non viene fornita alcuna garanzia di alcun tipo, espressa o implicita, circa l'accuratezza, l'affidabilit\u00e0 e la correttezza di qualsiasi traduzione effettuata dall'inglese in qualsiasi altra lingua.<\/em><\/p>\n\n\n\n<p class=\"has-text-align-center has-small-font-size\"><a href=\"https:\/\/nodengo.com\/it\/terms-conditions\/\" data-type=\"page\" data-id=\"6418\" rel=\"nofollow\">Termini e condizioni<\/a> | <a href=\"https:\/\/nodengo.com\/it\/cookies-policy\/\" data-type=\"page\" data-id=\"6407\" rel=\"nofollow\">Politica sui cookie <\/a>| <a href=\"https:\/\/nodengo.com\/it\/copyright\/\" data-type=\"page\" data-id=\"6405\" rel=\"nofollow\">Copyright<\/a><\/p>","protected":false},"excerpt":{"rendered":"<p>Disclaimer Please do note that this page has been machine translated from the original English. No warranty of any kind, either expressed or implied, is made as to the accuracy, [&hellip;]<\/p>\n","protected":false},"author":1,"featured_media":0,"parent":0,"menu_order":0,"comment_status":"closed","ping_status":"closed","template":"","meta":{"_uag_custom_page_level_css":"","_citadela_hide_page_title":"1","_citadela_remove_header_space":"1","_citadela_custom_class":"","_citadela_half_map_provider":"","_citadela_half_map_theme":"","_citadela_half_map_themeOSM":"","_citadela_half_map_customTheme":"","_citadela_half_map_dataType":"","_citadela_half_map_dynamicTrack":false,"_citadela_half_map_trackColor":"","_citadela_half_map_trackEndpointsColor":"","_citadela_half_map_filterCategory":"","_citadela_half_map_filterLocation":"","_citadela_half_map_filterFeatured":false,"_citadela_half_map_noDataBehavior":"empty-map","_citadela_half_map_noDataText":"","_citadela_half_map_clusterGridSize":80,"_citadela_header":false,"_citadela_header_over_content":false,"_citadela_header_text_color":"","_citadela_header_logo":[],"_citadela_header_bg_image":[],"_citadela_header_bg_position":{"x":0.5,"y":0.5},"_citadela_header_bg_size":"cover","_citadela_header_bg_repeat":"no-repeat","_citadela_header_bg_fixed":false,"_citadela_header_bg_color":"","_citadela_header_bg_image_overlay":"","_citadela_header_transparent_bg":false,"_citadela_content_width":"","_citadela_half_layout_position":"","footnotes":""},"class_list":["post-6410","page","type-page","status-publish","hentry"],"uagb_featured_image_src":{"full":false,"thumbnail":false,"medium":false,"medium_large":false,"large":false,"1536x1536":false,"2048x2048":false,"trp-custom-language-flag":false,"citadela_item_thumbnail":false,"woocommerce_thumbnail":false,"woocommerce_single":false,"woocommerce_gallery_thumbnail":false,"citadela_service":false},"uagb_author_info":{"display_name":"admin","author_link":"https:\/\/nodengo.com\/it\/author\/admin\/"},"uagb_comment_info":0,"uagb_excerpt":"Disclaimer Please do note that this page has been machine translated from the original English. No warranty of any kind, either expressed or implied, is made as to the accuracy, [&hellip;]","_links":{"self":[{"href":"https:\/\/nodengo.com\/it\/wp-json\/wp\/v2\/pages\/6410","targetHints":{"allow":["GET"]}}],"collection":[{"href":"https:\/\/nodengo.com\/it\/wp-json\/wp\/v2\/pages"}],"about":[{"href":"https:\/\/nodengo.com\/it\/wp-json\/wp\/v2\/types\/page"}],"author":[{"embeddable":true,"href":"https:\/\/nodengo.com\/it\/wp-json\/wp\/v2\/users\/1"}],"replies":[{"embeddable":true,"href":"https:\/\/nodengo.com\/it\/wp-json\/wp\/v2\/comments?post=6410"}],"version-history":[{"count":0,"href":"https:\/\/nodengo.com\/it\/wp-json\/wp\/v2\/pages\/6410\/revisions"}],"wp:attachment":[{"href":"https:\/\/nodengo.com\/it\/wp-json\/wp\/v2\/media?parent=6410"}],"curies":[{"name":"wp","href":"https:\/\/api.w.org\/{rel}","templated":true}]}}