{"id":55264,"date":"2022-09-18T15:41:00","date_gmt":"2022-09-18T13:41:00","guid":{"rendered":"https:\/\/nodengo.com\/?page_id=55264"},"modified":"2025-12-09T15:43:23","modified_gmt":"2025-12-09T14:43:23","slug":"restaurants-1-promote-restaurant","status":"publish","type":"page","link":"https:\/\/nodengo.com\/it\/hospitality-network\/restaurants-1-promote-restaurant\/","title":{"rendered":"Restaurants &#8211; 1 efficient way to promote your restaurant"},"content":{"rendered":"<!-- Flexy Breadcrumb -->\r\n\t\t\t<div class=\"fbc fbc-page\">\r\n\r\n\t\t\t\t<!-- Breadcrumb wrapper -->\r\n\t\t\t\t<div class=\"fbc-wrap\">\r\n\r\n\t\t\t\t\t<!-- Ordered list-->\r\n\t\t\t\t\t<ol class=\"fbc-items\" itemscope itemtype=\"https:\/\/schema.org\/BreadcrumbList\">\r\n\t\t\t\t\t\t            <li itemprop=\"itemListElement\" itemscope itemtype=\"https:\/\/schema.org\/ListItem\">\r\n                <span itemprop=\"name\">\r\n                    <!-- Home Link -->\r\n                    <a itemprop=\"item\" href=\"https:\/\/nodengo.com\/it\/\">\r\n                    \r\n                                                    <i class=\"fa fa-home\" aria-hidden=\"true\"><\/i>Home                    <\/a>\r\n                <\/span>\r\n                <meta itemprop=\"position\" content=\"1\" \/><!-- Meta Position-->\r\n             <\/li><li><span class=\"fbc-separator\">\/<\/span><\/li><li class=\"active\" itemprop=\"itemListElement\" itemscope itemtype=\"https:\/\/schema.org\/ListItem\"><span itemprop=\"name\" title=\"Best Travel Blog\">Best Travel Blog<\/span><meta itemprop=\"position\" content=\"2\" \/><\/li>\t\t\t\t\t<\/ol>\r\n\t\t\t\t\t<div class=\"clearfix\"><\/div>\r\n\t\t\t\t<\/div>\r\n\t\t\t<\/div>\r\n\t\t\t\n\n\n\n<div class=\"wp-block-citadela-blocks-custom-container citadela-block-custom-container size-wide bg-type-color inside-space-none has-bg\" style=\"background-color:rgba(248, 248, 248, 1)\"><div class=\"inner-holder\">\n<figure class=\"wp-block-gallery has-nested-images columns-default is-cropped wp-block-gallery-2 is-layout-flex wp-block-gallery-is-layout-flex\">\n<figure class=\"wp-block-image size-large\"><img decoding=\"async\" width=\"640\" height=\"427\" data-id=\"55532\" src=\"https:\/\/nodengo.com\/wp-content\/uploads\/people-having-drink-at-daytime.jpg\" alt=\"\" class=\"wp-image-55532\" title=\"\" srcset=\"https:\/\/nodengo.com\/wp-content\/uploads\/people-having-drink-at-daytime.jpg 640w, https:\/\/nodengo.com\/wp-content\/uploads\/people-having-drink-at-daytime-150x100.jpg 150w, https:\/\/nodengo.com\/wp-content\/uploads\/people-having-drink-at-daytime-300x200.jpg 300w, https:\/\/nodengo.com\/wp-content\/uploads\/people-having-drink-at-daytime-18x12.jpg 18w\" sizes=\"(max-width: 640px) 100vw, 640px\" \/><\/figure>\n\n\n\n<figure class=\"wp-block-image size-large\"><img decoding=\"async\" width=\"1024\" height=\"576\" data-id=\"31049\" src=\"https:\/\/nodengo.com\/wp-content\/uploads\/restaurant-dp-02-1024x576.jpg\" alt=\"Restaurants header Nodengo.com\" class=\"wp-image-31049\" title=\"\" srcset=\"https:\/\/nodengo.com\/wp-content\/uploads\/restaurant-dp-02-1024x576.jpg 1024w, https:\/\/nodengo.com\/wp-content\/uploads\/restaurant-dp-02-150x84.jpg 150w, https:\/\/nodengo.com\/wp-content\/uploads\/restaurant-dp-02-900x506.jpg 900w, https:\/\/nodengo.com\/wp-content\/uploads\/restaurant-dp-02-300x169.jpg 300w, https:\/\/nodengo.com\/wp-content\/uploads\/restaurant-dp-02-768x432.jpg 768w, https:\/\/nodengo.com\/wp-content\/uploads\/restaurant-dp-02-1536x864.jpg 1536w, https:\/\/nodengo.com\/wp-content\/uploads\/restaurant-dp-02-18x10.jpg 18w, https:\/\/nodengo.com\/wp-content\/uploads\/restaurant-dp-02.jpg 1920w\" sizes=\"(max-width: 1024px) 100vw, 1024px\" \/><\/figure>\n\n\n\n<figure class=\"wp-block-image size-large\"><img decoding=\"async\" width=\"650\" height=\"400\" data-id=\"8150\" src=\"https:\/\/nodengo.com\/wp-content\/uploads\/Restaurants-HCWY.jpg\" alt=\"Restaurants HCWY\" class=\"wp-image-8150\" title=\"\" srcset=\"https:\/\/nodengo.com\/wp-content\/uploads\/Restaurants-HCWY.jpg 650w, https:\/\/nodengo.com\/wp-content\/uploads\/Restaurants-HCWY-150x92.jpg 150w, https:\/\/nodengo.com\/wp-content\/uploads\/Restaurants-HCWY-300x185.jpg 300w, https:\/\/nodengo.com\/wp-content\/uploads\/Restaurants-HCWY-16x10.jpg 16w\" sizes=\"(max-width: 650px) 100vw, 650px\" \/><\/figure>\n<\/figure>\n\n\n\n<p class=\"has-text-align-right\"><i class=\"fas fa-user\"><\/i> <a href=\"\/it\/partner-help\/\">Partner<\/a> | <i class=\"fas fa-pen\"><\/i> <a href=\"\/it\/partner-help\/#editors\">Editori<\/a> | <i class=\"fas fa-question\"><\/i> <a href=\"\/it\/partner-help\/\">Aiuto<\/a> | <i class=\"fas fa-id-card\"><\/i> <a href=\"https:\/\/nodengo.com\/it\/parther-help\/-4\/\">Contatto<\/a> | <i class=\"fas fa-list\"><\/i> <a href=\"\/it\/my-account\/\">Conto <\/a><\/p>\n<\/div><\/div>\n\n\n\n<div class=\"wp-block-citadela-blocks-custom-container citadela-block-custom-container size-wide bg-type-none inside-space-none\"><div class=\"inner-holder\">\n<div class=\"wp-block-columns is-layout-flex wp-container-core-columns-is-layout-9d6595d7 wp-block-columns-is-layout-flex\">\n<div class=\"wp-block-column is-layout-flow wp-block-column-is-layout-flow\" style=\"flex-basis:27%\">\n<h6 class=\"wp-block-heading\">Opzioni disponibili<\/h6>\n\n\n\n<h3 class=\"wp-block-heading\"><strong>CATEGORIA:<\/strong><\/h3>\n\n\n\n<h3 class=\"wp-block-heading\">Ristoranti<\/h3>\n\n\n\n<p><strong>Listado:<\/strong>&nbsp;<a href=\"https:\/\/nodengo.com\/it\/register-to-submit-your-establishment\/\">Fai riferimento alla tua struttura<\/a><\/p>\n\n\n\n<p><strong>Ulteriori informazioni&nbsp;<\/strong><a href=\"https:\/\/nodengo.com\/it\/-30\/hospitality-and-services-provider\/\" data-type=\"link\" data-id=\"https:\/\/nodengo.com\/en\/hospitality-network\/hospitality-and-services-provider\/\">Presentazione<\/a><\/p>\n\n\n\n<p><strong>Piani:&nbsp;<\/strong><a href=\"https:\/\/nodengo.com\/it\/plans-and-features\/\" data-type=\"page\" data-id=\"80743\">Guarda i nostri piani<\/a><\/p>\n\n\n\n<p><strong>Registrati:&nbsp;<\/strong><a href=\"\/it\/register-to-submit-your-establishment\/\">Unisciti a noi <\/a><\/p>\n\n\n\n<p><strong>Valutazione :<\/strong>&nbsp;<a href=\"https:\/\/nodengo.com\/it\/-30\/\/\" data-type=\"link\" data-id=\"https:\/\/nodengo.com\/en\/hospitality-network\/reviews\/\">Fai valutare la tua struttura<\/a><\/p>\n\n\n\n<p><strong>Pubblicizza<\/strong>&nbsp;<a href=\"http:\/\/ads.nodengo.com\/it\" target=\"_blank\" rel=\"noreferrer noopener\">Guarda le nostre opzioni pubblicitarie<\/a><\/p>\n\n\n\n<p><strong>Direttive di pubblicazione&nbsp;<\/strong><a href=\"https:\/\/nodengo.com\/it\/linee-guida-per-la-pubblicazione\/\">Qui<\/a><\/p>\n<\/div>\n\n\n\n<div class=\"wp-block-column is-layout-flow wp-block-column-is-layout-flow\" style=\"flex-basis:75%\">\n<p class=\"has-medium-font-size\">Proprietari e gestori di ristoranti<\/p>\n\n\n\n<div class=\"wp-block-columns is-layout-flex wp-container-core-columns-is-layout-9d6595d7 wp-block-columns-is-layout-flex\">\n<div class=\"wp-block-column is-layout-flow wp-block-column-is-layout-flow\" style=\"flex-basis:33.33%\">\n<p><figure class=\"wp-block-image size-full is-resized\"><img decoding=\"async\" width=\"289\" height=\"367\" src=\"https:\/\/nodengo.com\/wp-content\/uploads\/Head-Chef-Restaurant-Header.jpg\" alt=\"Head Chef Restaurant Header\" class=\"wp-image-19907\" style=\"width:187px;height:237px\" title=\"\" srcset=\"https:\/\/nodengo.com\/wp-content\/uploads\/Head-Chef-Restaurant-Header.jpg 289w, https:\/\/nodengo.com\/wp-content\/uploads\/Head-Chef-Restaurant-Header-118x150.jpg 118w, https:\/\/nodengo.com\/wp-content\/uploads\/Head-Chef-Restaurant-Header-236x300.jpg 236w, https:\/\/nodengo.com\/wp-content\/uploads\/Head-Chef-Restaurant-Header-9x12.jpg 9w\" sizes=\"(max-width: 289px) 100vw, 289px\" \/><\/figure><\/p>\n<\/div>\n\n\n\n<div class=\"wp-block-column is-layout-flow wp-block-column-is-layout-flow\" style=\"flex-basis:66.66%\">\n<p>Come proprietario e\/o operatore di un ristorante, ti rivolgi principalmente alla clientela locale, che viene a visitare il tuo ristorante giorno dopo giorno, il tuo locale \u00e8 famoso nella tua citt\u00e0 e tutti in citt\u00e0 ne sono entusiasti.<\/p>\n\n\n\n<p>Il nostro sito web ha lo scopo di fornire ai potenziali visitatori informazioni accurate, imparziali e aggiornate sulla citt\u00e0 che intendono visitare.<\/p>\n<\/div>\n<\/div>\n\n\n\n<p>Siamo un raduno di professionisti del turismo locale come te, che vivono nel tuo quartiere e possiamo \"professionalmente\" raccontare al mondo la tua hotel-<\/p>\n\n\n\n<p>Abbiamo deciso di essere il posto numero uno per le informazioni sulle destinazioni in tutto il mondo, fornendo informazioni e recensioni imparziali, professionali e accurate sulle attrazioni locali fornite dagli editori locali.<\/p>\n\n\n\n<p>Racconta loro di te mentre preparano le loro vacanze. Il nostro sito \u00e8 dedicato a raccontare i posti migliori prima che i clienti prenotino il loro viaggio e pianifichino le loro vacanze, da qui il nostro nome \"Know then Go\"<\/p>\n\n\n\n<p>Ecco alcune delle funzionalit\u00e0 che offriamo nelle pagine delle citt\u00e0<\/p>\n\n\n\n<ul class=\"wp-block-list\">\n<li>Un\u00a0riassunto dell'area, con punti salienti di luoghi importanti e un blog della citt\u00e0 fornito dai nostri redattori locali.<\/li>\n\n\n\n<li>Una rassegna delle migliori ristoranti della citt\u00e0, fornita dai nostri Local Editors.<\/li>\n\n\n\n<li>Elenco e raccomandazione del ristorante<\/li>\n\n\n\n<li>Informazioni su attivit\u00e0 ricreative e all'aperto.<\/li>\n\n\n\n<li>Guide a cose da fare come arte e cultura, inclusi musei, teatri e altre attrazioni<\/li>\n\n\n\n<li>Mappe e guide<\/li>\n\n\n\n<li>Informazioni sui trasporti pubblici<\/li>\n\n\n\n<li>Informazioni sull'aeroporto<\/li>\n<\/ul>\n\n\n\n<h3 class=\"wp-block-heading has-text-align-center has-text-color\" style=\"color:#1c4e3c\">Unisciti a noi, aggiungi la tua struttura al nostro sito web GRATUITAMENTE<\/h3>\n\n\n\n<div class=\"wp-block-buttons is-layout-flex wp-block-buttons-is-layout-flex\">\n<div class=\"wp-block-button has-custom-width wp-block-button__width-100 is-style-outline is-style-outline--3\"><a class=\"wp-block-button__link has-white-color has-text-color has-link-color wp-element-button\" href=\"\/it\/register-to-submit-your-establishment\/\">Registra la tua struttura<\/a><\/div>\n<\/div>\n<\/div>\n<\/div>\n<\/div><\/div>\n\n\n<div class=\"wp-block-image is-resized\">\n<figure class=\"aligncenter size-full\"><img decoding=\"async\" width=\"300\" height=\"236\" src=\"https:\/\/nodengo.com\/wp-content\/uploads\/headchefrestlist-300x236-1.jpg\" alt=\"\" class=\"wp-image-54704\" title=\"\" srcset=\"https:\/\/nodengo.com\/wp-content\/uploads\/headchefrestlist-300x236-1.jpg 300w, https:\/\/nodengo.com\/wp-content\/uploads\/headchefrestlist-300x236-1-150x118.jpg 150w, https:\/\/nodengo.com\/wp-content\/uploads\/headchefrestlist-300x236-1-15x12.jpg 15w\" sizes=\"(max-width: 300px) 100vw, 300px\" \/><\/figure>\n<\/div>\n\n\n<div class=\"wp-block-citadela-blocks-custom-container citadela-block-custom-container size-content bg-type-none inside-space-none\"><div class=\"inner-holder\">\n<p class=\"has-medium-font-size\">UN NUOVO MODO PER FAR PUBBLICARE LE RECENSIONI<\/p>\n\n\n\n<p class=\"has-small-font-size\">Per il tuo stabilimento, offriamo un modo alternativo e nuovo per ottenere il tuo <strong>ristorante<\/strong>&nbsp;promossa<\/p>\n\n\n\n<p>Come operatore di ristorazione sai quanto sia difficile avere commenti \u201caccurati\u201d sul posto degli ospiti su Internet.<\/p>\n\n\n\n<p>Cerchi di attirare turisti e offrire \"cucina locale\" e specialit\u00e0 regionali che conosci bene, ma purtroppo il tuo ristorante \u00e8 stato valutato male perch\u00e9 una persona che non conosce la tradizione e le specialit\u00e0 culinarie della regione non le ha capite o apprezzate.<\/p>\n\n\n\n<p>Che ne dici di essere recensito da un editore \"locale\", che vive nella tua citt\u00e0\/regione, conosce la cucina e sa come si presenta un piatto locale, come ha il sapore e come dovrebbe essere presentato.<\/p>\n\n\n\n<p>Ci\u00f2 non garantisce una buona \"recensione\", ma pensiamo che sarebbe pi\u00f9 accurato che lasciarlo a \"critici gastronomici casuali\", e dar\u00e0 una descrizione fedele del tuo ristorante, non stiamo dicendo che sar\u00e0 per tutti gusto, solo che la recensione sar\u00e0 pi\u00f9 in sintonia con ci\u00f2 che proponi.<\/p>\n\n\n\n<p>Non fraintenderci, non stiamo dicendo che la maggior parte dei commenti non abbia una precisione o validit\u00e0, stiamo semplicemente dicendo che ci\u00f2 che piace a uno, non necessariamente piace a un altro. vogliamo offrire un'alternativa a queste recensioni \u201camatoriali\u201d, siamo professionisti, facciamo la stessa cosa che fai tu.<\/p>\n\n\n\n<p>La nostra missione \u00e8 correggere questo errore offrendo ai ristoranti un modo alternativo per far conoscere i propri ristoranti al pubblico.<\/p>\n\n\n\n<p>Siamo diversi e non crediamo che si debba essere penalizzati quando qualcosa va storto, pensiamo che il sistema di recensioni di viaggio odierno abbia bisogno di un miglioramento seriamente atteso.<\/p>\n\n\n\n<h3 class=\"wp-block-heading\">Non ritardare. Avere il tuo stabilimento in modo professionale <strong><a href=\"https:\/\/nodengo.com\/it\/-28\/-2\/geneva-reviews-gva\/\" type=\"page\" id=\"54509\">Valutato<\/a><\/strong> Ora<\/h3>\n<\/div><\/div>","protected":false},"excerpt":{"rendered":"","protected":false},"author":249,"featured_media":0,"parent":54134,"menu_order":0,"comment_status":"closed","ping_status":"closed","template":"","meta":{"_uag_custom_page_level_css":"","_citadela_hide_page_title":"1","_citadela_remove_header_space":"1","_citadela_custom_class":"","_citadela_half_map_provider":"","_citadela_half_map_theme":"","_citadela_half_map_themeOSM":"","_citadela_half_map_customTheme":"","_citadela_half_map_dataType":"","_citadela_half_map_dynamicTrack":false,"_citadela_half_map_trackColor":"","_citadela_half_map_trackEndpointsColor":"","_citadela_half_map_filterCategory":"","_citadela_half_map_filterLocation":"","_citadela_half_map_filterFeatured":false,"_citadela_half_map_noDataBehavior":"empty-map","_citadela_half_map_noDataText":"","_citadela_half_map_clusterGridSize":80,"_citadela_header":true,"_citadela_header_over_content":false,"_citadela_header_text_color":"","_citadela_header_logo":[],"_citadela_header_bg_image":[],"_citadela_header_bg_position":{"x":0.5,"y":0.5},"_citadela_header_bg_size":"cover","_citadela_header_bg_repeat":"no-repeat","_citadela_header_bg_fixed":false,"_citadela_header_bg_color":"","_citadela_header_bg_image_overlay":"","_citadela_header_transparent_bg":false,"_citadela_content_width":"","_citadela_half_layout_position":"","footnotes":""},"class_list":["post-55264","page","type-page","status-publish","hentry"],"uagb_featured_image_src":{"full":false,"thumbnail":false,"medium":false,"medium_large":false,"large":false,"1536x1536":false,"2048x2048":false,"trp-custom-language-flag":false,"citadela_item_thumbnail":false,"woocommerce_thumbnail":false,"woocommerce_single":false,"woocommerce_gallery_thumbnail":false,"citadela_service":false},"uagb_author_info":{"display_name":"Team Nodengo","author_link":"https:\/\/nodengo.com\/it\/author\/nodengo-team\/"},"uagb_comment_info":0,"uagb_excerpt":null,"_links":{"self":[{"href":"https:\/\/nodengo.com\/it\/wp-json\/wp\/v2\/pages\/55264","targetHints":{"allow":["GET"]}}],"collection":[{"href":"https:\/\/nodengo.com\/it\/wp-json\/wp\/v2\/pages"}],"about":[{"href":"https:\/\/nodengo.com\/it\/wp-json\/wp\/v2\/types\/page"}],"author":[{"embeddable":true,"href":"https:\/\/nodengo.com\/it\/wp-json\/wp\/v2\/users\/249"}],"replies":[{"embeddable":true,"href":"https:\/\/nodengo.com\/it\/wp-json\/wp\/v2\/comments?post=55264"}],"version-history":[{"count":0,"href":"https:\/\/nodengo.com\/it\/wp-json\/wp\/v2\/pages\/55264\/revisions"}],"up":[{"embeddable":true,"href":"https:\/\/nodengo.com\/it\/wp-json\/wp\/v2\/pages\/54134"}],"wp:attachment":[{"href":"https:\/\/nodengo.com\/it\/wp-json\/wp\/v2\/media?parent=55264"}],"curies":[{"name":"wp","href":"https:\/\/api.w.org\/{rel}","templated":true}]}}