{"id":54712,"date":"2022-09-17T18:39:05","date_gmt":"2022-09-17T16:39:05","guid":{"rendered":"https:\/\/nodengo.com\/?page_id=54712"},"modified":"2024-08-20T10:26:10","modified_gmt":"2024-08-20T08:26:10","slug":"tourism-promote-your-services","status":"publish","type":"page","link":"https:\/\/nodengo.com\/it\/hospitality-network\/tourism-promote-your-services\/","title":{"rendered":"Tourism Professionals &#8211; 1 new and efficient way to promote your services"},"content":{"rendered":"<!-- Flexy Breadcrumb -->\r\n\t\t\t<div class=\"fbc fbc-page\">\r\n\r\n\t\t\t\t<!-- Breadcrumb wrapper -->\r\n\t\t\t\t<div class=\"fbc-wrap\">\r\n\r\n\t\t\t\t\t<!-- Ordered list-->\r\n\t\t\t\t\t<ol class=\"fbc-items\" itemscope itemtype=\"https:\/\/schema.org\/BreadcrumbList\">\r\n\t\t\t\t\t\t            <li itemprop=\"itemListElement\" itemscope itemtype=\"https:\/\/schema.org\/ListItem\">\r\n                <span itemprop=\"name\">\r\n                    <!-- Home Link -->\r\n                    <a itemprop=\"item\" href=\"https:\/\/nodengo.com\/it\/\">\r\n                    \r\n                                                    <i class=\"fa fa-home\" aria-hidden=\"true\"><\/i>Home                    <\/a>\r\n                <\/span>\r\n                <meta itemprop=\"position\" content=\"1\" \/><!-- Meta Position-->\r\n             <\/li><li><span class=\"fbc-separator\">\/<\/span><\/li><li class=\"active\" itemprop=\"itemListElement\" itemscope itemtype=\"https:\/\/schema.org\/ListItem\"><span itemprop=\"name\" title=\"Best Travel Blog\">Best Travel Blog<\/span><meta itemprop=\"position\" content=\"2\" \/><\/li>\t\t\t\t\t<\/ol>\r\n\t\t\t\t\t<div class=\"clearfix\"><\/div>\r\n\t\t\t\t<\/div>\r\n\t\t\t<\/div>\r\n\t\t\t\n\n\n\n<div class=\"wp-block-citadela-blocks-custom-container citadela-block-custom-container size-wide bg-type-color inside-space-none has-bg\" style=\"background-color:rgba(248, 248, 248, 1)\"><div class=\"inner-holder\">\n<figure class=\"wp-block-gallery has-nested-images columns-default is-cropped wp-block-gallery-2 is-layout-flex wp-block-gallery-is-layout-flex\">\n<figure class=\"wp-block-image size-large\"><img decoding=\"async\" width=\"300\" height=\"169\" data-id=\"54716\" src=\"https:\/\/nodengo.com\/wp-content\/uploads\/automobile-dp-03-300x169-1.jpg\" alt=\"\" class=\"wp-image-54716\" title=\"\" srcset=\"https:\/\/nodengo.com\/wp-content\/uploads\/automobile-dp-03-300x169-1.jpg 300w, https:\/\/nodengo.com\/wp-content\/uploads\/automobile-dp-03-300x169-1-150x85.jpg 150w, https:\/\/nodengo.com\/wp-content\/uploads\/automobile-dp-03-300x169-1-18x10.jpg 18w\" sizes=\"(max-width: 300px) 100vw, 300px\" \/><\/figure>\n\n\n\n<figure class=\"wp-block-image size-large\"><img decoding=\"async\" width=\"300\" height=\"169\" data-id=\"54717\" src=\"https:\/\/nodengo.com\/wp-content\/uploads\/hotel-dp-08-300x169-1.jpg\" alt=\"\" class=\"wp-image-54717\" title=\"\" srcset=\"https:\/\/nodengo.com\/wp-content\/uploads\/hotel-dp-08-300x169-1.jpg 300w, https:\/\/nodengo.com\/wp-content\/uploads\/hotel-dp-08-300x169-1-150x85.jpg 150w, https:\/\/nodengo.com\/wp-content\/uploads\/hotel-dp-08-300x169-1-18x10.jpg 18w\" sizes=\"(max-width: 300px) 100vw, 300px\" \/><\/figure>\n\n\n\n<figure class=\"wp-block-image size-large\"><img decoding=\"async\" width=\"300\" height=\"169\" data-id=\"54164\" src=\"https:\/\/nodengo.com\/wp-content\/uploads\/others-presentation.jpg\" alt=\"\" class=\"wp-image-54164\" title=\"\" srcset=\"https:\/\/nodengo.com\/wp-content\/uploads\/others-presentation.jpg 300w, https:\/\/nodengo.com\/wp-content\/uploads\/others-presentation-150x85.jpg 150w, https:\/\/nodengo.com\/wp-content\/uploads\/others-presentation-18x10.jpg 18w\" sizes=\"(max-width: 300px) 100vw, 300px\" \/><\/figure>\n<\/figure>\n\n\n\n<p class=\"has-text-align-right\"><i class=\"fas fa-user\"><\/i> <a href=\"\/it\/partner-help\/\">Partner<\/a> | <i class=\"fas fa-pen\"><\/i> <a href=\"\/it\/partner-help\/#editors\">Editori<\/a> | <i class=\"fas fa-question\"><\/i> <a href=\"\/it\/partner-help\/\">Aiuto<\/a> | <i class=\"fas fa-id-card\"><\/i> <a href=\"https:\/\/nodengo.com\/it\/parther-help\/-4\/\">Contatto<\/a> | <i class=\"fas fa-list\"><\/i> <a href=\"\/it\/my-account\/\">Conto <\/a><\/p>\n<\/div><\/div>\n\n\n\n<div class=\"wp-block-citadela-blocks-custom-container citadela-block-custom-container size-wide bg-type-none inside-space-none\"><div class=\"inner-holder\">\n<div class=\"wp-block-columns is-layout-flex wp-container-core-columns-is-layout-9d6595d7 wp-block-columns-is-layout-flex\">\n<div class=\"wp-block-column is-layout-flow wp-block-column-is-layout-flow\" style=\"flex-basis:27%\">\n<h6 class=\"wp-block-heading\">Opzioni disponibili<\/h6>\n\n\n\n<h3 class=\"wp-block-heading\"><strong>CATEGORIA:<\/strong><\/h3>\n\n\n\n<h3 class=\"wp-block-heading\">Professionisti del turismo<\/h3>\n\n\n\n<p><strong>Listado:<\/strong>&nbsp;<a href=\"https:\/\/nodengo.com\/it\/register-to-submit-your-establishment\/\">Fai riferimento alla tua struttura<\/a><\/p>\n\n\n\n<p><strong>Ulteriori informazioni&nbsp;<\/strong><a href=\"https:\/\/nodengo.com\/it\/-30\/hospitality-and-services-provider\/\" data-type=\"link\" data-id=\"https:\/\/nodengo.com\/en\/hospitality-network\/hospitality-and-services-provider\/\">Presentazione<\/a><\/p>\n\n\n\n<p><strong>Piani:\u00a0<\/strong><a href=\"https:\/\/nodengo.com\/it\/plans-and-features\/\" data-type=\"page\" data-id=\"80743\">Guarda i nostri piani<\/a><\/p>\n\n\n\n<p><strong>Registrati:\u00a0<\/strong><a href=\"\/it\/register-to-submit-your-establishment\/\">Unisciti a noi <\/a><\/p>\n\n\n\n<p><strong>Valutazione :<\/strong>&nbsp;<a href=\"https:\/\/nodengo.com\/it\/-30\/\/\" data-type=\"link\" data-id=\"https:\/\/nodengo.com\/en\/hospitality-network\/reviews\/\">Fai valutare la tua struttura<\/a><\/p>\n\n\n\n<p><strong>Pubblicizza<\/strong>&nbsp;<a href=\"http:\/\/ads.nodengo.com\/it\" target=\"_blank\" rel=\"noreferrer noopener\">Guarda le nostre opzioni pubblicitarie<\/a><\/p>\n\n\n\n<p><strong>Direttive di pubblicazione&nbsp;<\/strong><a href=\"https:\/\/nodengo.com\/it\/linee-guida-per-la-pubblicazione\/\">Qui<\/a><\/p>\n<\/div>\n\n\n\n<div class=\"wp-block-column is-layout-flow wp-block-column-is-layout-flow\" style=\"flex-basis:75%\">\n<p class=\"has-medium-font-size\">Professionisti del Turismo - Proprietari e Operatori<\/p>\n\n\n\n<div class=\"wp-block-columns is-layout-flex wp-container-core-columns-is-layout-9d6595d7 wp-block-columns-is-layout-flex\">\n<div class=\"wp-block-column is-layout-flow wp-block-column-is-layout-flow\" style=\"flex-basis:33.33%\">\n<figure class=\"wp-block-image size-full\"><img decoding=\"async\" width=\"167\" height=\"250\" src=\"https:\/\/nodengo.com\/wp-content\/uploads\/listing-toplogo1.jpg\" alt=\"tourism professionals\" class=\"wp-image-54718\" title=\"\" srcset=\"https:\/\/nodengo.com\/wp-content\/uploads\/listing-toplogo1.jpg 167w, https:\/\/nodengo.com\/wp-content\/uploads\/listing-toplogo1-100x150.jpg 100w, https:\/\/nodengo.com\/wp-content\/uploads\/listing-toplogo1-8x12.jpg 8w\" sizes=\"(max-width: 167px) 100vw, 167px\" \/><\/figure>\n<\/div>\n\n\n\n<div class=\"wp-block-column is-layout-flow wp-block-column-is-layout-flow\" style=\"flex-basis:66.66%\">\n<p>Non importa quale attivit\u00e0 professionale del turismo operi e dove, sai quanto sia difficile far conoscere i tuoi servizi al pubblico<\/p>\n\n\n\n<p>Puoi unirti ai \"principali\" siti di elenchi, ma sarai travolto da migliaia di siti e milioni di fornitori di servizi<\/p>\n\n\n\n<p>D'altra parte, se vuoi rivolgerti a un pubblico che ha in programma di visitare la tua citt\u00e0 o regione, prima che salga sull'aereo \/ treno, essere elencato o meglio ancora, essere recensito da noi.<\/p>\n<\/div>\n<\/div>\n\n\n\n<p>Siamo un raduno di professionisti dell'ospitalit\u00e0 locale, che vivono nel tuo quartiere e possiamo parlare \"professionalmente\" al mondo della tua struttura.<\/p>\n\n\n\n<p>Abbiamo deciso di essere il posto numero uno per le informazioni sulle destinazioni in tutto il mondo, fornendo informazioni e recensioni imparziali, professionali e accurate sulle attrazioni locali fornite dagli editori locali.<\/p>\n\n\n\n<p>Il tempo di vacanza di tutti si \u00e8 ridotto nel corso degli anni, mentre la maggior parte fa viaggi pi\u00f9 brevi ma pi\u00f9 spesso, il che lascia loro un tempo limitato a disposizione per visitare una citt\u00e0\/regione.<\/p>\n\n\n\n<p>Potresti avere le attrazioni pi\u00f9 incredibili o offrire servizi eccezionali. non aiuta se non puoi essere trovato<\/p>\n\n\n\n<p>Racconta loro di te mentre preparano le loro vacanze. Il nostro sito \u00e8 dedicato a raccontare i posti migliori prima che i clienti prenotino il loro viaggio e pianifichino le loro vacanze, da qui il nostro nome \"Know then Go\"<\/p>\n\n\n\n<p>Ecco alcune delle funzionalit\u00e0 che offriamo nelle pagine delle citt\u00e0<\/p>\n\n\n\n<ul class=\"wp-block-list\">\n<li>Un\u00a0riassunto dell'area, con punti salienti di luoghi importanti e un blog della citt\u00e0 fornito dai nostri redattori locali.<\/li>\n\n\n\n<li>Una rassegna delle migliori attrazioni della citt\u00e0, fornita dai nostri Local Editors.<\/li>\n\n\n\n<li>Consigli su attrazioni e cose da fare con collegamenti web<\/li>\n\n\n\n<li>Informazioni su attivit\u00e0 ricreative e all'aperto.<\/li>\n\n\n\n<li>Guide a cose da fare come arte e cultura, inclusi musei, teatri e altre attrazioni<\/li>\n\n\n\n<li>Mappe e guide<\/li>\n\n\n\n<li>Informazioni sui trasporti pubblici<\/li>\n\n\n\n<li>Informazioni sull'aeroporto<\/li>\n<\/ul>\n\n\n\n<h3 class=\"wp-block-heading has-text-align-center has-text-color\" style=\"color:#1c4e3c\">Join Us, add your establishment to our\u00a0website\u00a0for FREE<\/h3>\n\n\n\n<div class=\"wp-block-buttons is-layout-flex wp-block-buttons-is-layout-flex\">\n<div class=\"wp-block-button has-custom-width wp-block-button__width-100 is-style-outline is-style-outline--3\"><a class=\"wp-block-button__link wp-element-button\" href=\"\/it\/register-to-submit-your-establishment\/\">Registra la tua struttura<\/a><\/div>\n<\/div>\n\n\n\n<div style=\"height:23px\" aria-hidden=\"true\" class=\"wp-block-spacer\"><\/div>\n<\/div>\n<\/div>\n<\/div><\/div>\n\n\n<div class=\"wp-block-image\">\n<figure class=\"aligncenter size-full\"><img decoding=\"async\" width=\"167\" height=\"250\" src=\"https:\/\/nodengo.com\/wp-content\/uploads\/listing-toplogo1.jpg\" alt=\"\" class=\"wp-image-54718\" title=\"\" srcset=\"https:\/\/nodengo.com\/wp-content\/uploads\/listing-toplogo1.jpg 167w, https:\/\/nodengo.com\/wp-content\/uploads\/listing-toplogo1-100x150.jpg 100w, https:\/\/nodengo.com\/wp-content\/uploads\/listing-toplogo1-8x12.jpg 8w\" sizes=\"(max-width: 167px) 100vw, 167px\" \/><figcaption class=\"wp-element-caption\"> <\/figcaption><\/figure>\n<\/div>\n\n\n<div class=\"wp-block-citadela-blocks-custom-container citadela-block-custom-container size-wide bg-type-none inside-space-none\"><div class=\"inner-holder\">\n<p class=\"has-medium-font-size\">UN NUOVO MODO PER FAR PUBBLICARE LE RECENSIONI<\/p>\n\n\n\n<p><br>Come professionisti del turismo, sapete quanto sia difficile avere commenti \u201caccurati\u201d da parte degli ospiti in rete.<\/p>\n\n\n\n<p>Come tutti sappiamo i clienti hanno una versione piuttosto semplificata di cosa significa gestire un'attivit\u00e0 orientata al turismo, non che vogliamo che lo capiscano appieno, non \u00e8 il loro posto n\u00e9 il loro ruolo.<\/p>\n\n\n\n<p>Ma devi ammettere che \u00e8 piuttosto frustrante che dopo aver provato di tutto per compiacere un ospite, se la prendano con te con i loro \"commenti\", spesso su problemi, come il tempo, su cui non hai alcun controllo.<\/p>\n\n\n\n<p>Peggio ancora non ti dicono cosa non gli piace mentre sono l\u00ec (e spesso \u00e8 una soluzione facile) ma se ne lamentano online<\/p>\n\n\n\n<p>Non fraintenderci, non stiamo dicendo che la maggior parte dei commenti non abbia alcun tipo di accuratezza o validit\u00e0, stiamo semplicemente dicendo che ci\u00f2 che piace a uno non necessariamente piace a un altro.<\/p>\n\n\n\n<p>La nostra missione \u00e8 correggere questo torto offrendo ai professionisti del turismo un modo alternativo per far conoscere al pubblico la loro struttura e i loro servizi.<\/p>\n\n\n\n<p>Queste recensioni \"pseudo\" sono completate da persone prive delle conoscenze e delle intuizioni che derivano dal lavoro nel settore del turismo, vogliamo offrire un'alternativa a queste recensioni \"amatoriali\", siamo professionisti, facciamo la stessa cosa che fai tu.<\/p>\n\n\n\n<p>Siamo diversi e non crediamo che si debba essere penalizzati quando qualcosa va storto, pensiamo che il sistema di recensioni di viaggio odierno abbia bisogno di un miglioramento seriamente atteso.<\/p>\n\n\n\n<h3 class=\"wp-block-heading\">Non ritardare. Avere il tuo stabilimento in modo professionale&nbsp;<a href=\"https:\/\/nodengo.com\/it\/-28\/-2\/geneva-reviews-gva\/\" type=\"page\" id=\"54509\"><strong>Valutato<\/strong>&nbsp;<\/a>Ora<\/h3>\n<\/div><\/div>\n\n\n\n<h3 class=\"wp-block-heading\">Offriamo anche pubblicit\u00e0 <a href=\"http:\/\/ads.nodengo.com\/it\">offerte  <\/a><\/h3>\n\n\n\n<figure class=\"wp-block-image size-full\"><img decoding=\"async\" width=\"970\" height=\"90\" src=\"https:\/\/nodengo.com\/wp-content\/uploads\/space-avail-970X90.png\" alt=\"advertising banner 970x90\" class=\"wp-image-10582\" title=\"\" srcset=\"https:\/\/nodengo.com\/wp-content\/uploads\/space-avail-970X90.png 970w, https:\/\/nodengo.com\/wp-content\/uploads\/space-avail-970X90-150x14.png 150w, https:\/\/nodengo.com\/wp-content\/uploads\/space-avail-970X90-900x84.png 900w, https:\/\/nodengo.com\/wp-content\/uploads\/space-avail-970X90-300x28.png 300w, https:\/\/nodengo.com\/wp-content\/uploads\/space-avail-970X90-768x71.png 768w, https:\/\/nodengo.com\/wp-content\/uploads\/space-avail-970X90-16x1.png 16w\" sizes=\"(max-width: 970px) 100vw, 970px\" \/><\/figure>","protected":false},"excerpt":{"rendered":"<p>We also offer fully targeted advertising<\/p>","protected":false},"author":249,"featured_media":0,"parent":54134,"menu_order":0,"comment_status":"closed","ping_status":"closed","template":"","meta":{"_uag_custom_page_level_css":"","_citadela_hide_page_title":"1","_citadela_remove_header_space":"1","_citadela_custom_class":"","_citadela_half_map_provider":"","_citadela_half_map_theme":"","_citadela_half_map_themeOSM":"","_citadela_half_map_customTheme":"","_citadela_half_map_dataType":"","_citadela_half_map_dynamicTrack":false,"_citadela_half_map_trackColor":"","_citadela_half_map_trackEndpointsColor":"","_citadela_half_map_filterCategory":"","_citadela_half_map_filterLocation":"","_citadela_half_map_filterFeatured":false,"_citadela_half_map_noDataBehavior":"empty-map","_citadela_half_map_noDataText":"","_citadela_half_map_clusterGridSize":80,"_citadela_header":true,"_citadela_header_over_content":false,"_citadela_header_text_color":"","_citadela_header_logo":{"id":208235,"url":"https:\/\/nodengo.com\/wp-content\/uploads\/Nodengo-logo-nhn.jpg","size":{"width":316,"height":75}},"_citadela_header_bg_image":[],"_citadela_header_bg_position":{"x":0.5,"y":0.5},"_citadela_header_bg_size":"cover","_citadela_header_bg_repeat":"no-repeat","_citadela_header_bg_fixed":false,"_citadela_header_bg_color":"","_citadela_header_bg_image_overlay":"","_citadela_header_transparent_bg":false,"_citadela_content_width":"","_citadela_half_layout_position":"","footnotes":""},"class_list":["post-54712","page","type-page","status-publish","hentry"],"uagb_featured_image_src":{"full":false,"thumbnail":false,"medium":false,"medium_large":false,"large":false,"1536x1536":false,"2048x2048":false,"trp-custom-language-flag":false,"citadela_item_thumbnail":false,"woocommerce_thumbnail":false,"woocommerce_single":false,"woocommerce_gallery_thumbnail":false,"citadela_service":false},"uagb_author_info":{"display_name":"Team Nodengo","author_link":"https:\/\/nodengo.com\/it\/author\/nodengo-team\/"},"uagb_comment_info":0,"uagb_excerpt":"We also offer fully targeted advertising","_links":{"self":[{"href":"https:\/\/nodengo.com\/it\/wp-json\/wp\/v2\/pages\/54712","targetHints":{"allow":["GET"]}}],"collection":[{"href":"https:\/\/nodengo.com\/it\/wp-json\/wp\/v2\/pages"}],"about":[{"href":"https:\/\/nodengo.com\/it\/wp-json\/wp\/v2\/types\/page"}],"author":[{"embeddable":true,"href":"https:\/\/nodengo.com\/it\/wp-json\/wp\/v2\/users\/249"}],"replies":[{"embeddable":true,"href":"https:\/\/nodengo.com\/it\/wp-json\/wp\/v2\/comments?post=54712"}],"version-history":[{"count":0,"href":"https:\/\/nodengo.com\/it\/wp-json\/wp\/v2\/pages\/54712\/revisions"}],"up":[{"embeddable":true,"href":"https:\/\/nodengo.com\/it\/wp-json\/wp\/v2\/pages\/54134"}],"wp:attachment":[{"href":"https:\/\/nodengo.com\/it\/wp-json\/wp\/v2\/media?parent=54712"}],"curies":[{"name":"wp","href":"https:\/\/api.w.org\/{rel}","templated":true}]}}