{"id":54586,"date":"2022-09-17T16:59:58","date_gmt":"2022-09-17T14:59:58","guid":{"rendered":"https:\/\/nodengo.com\/?page_id=54586"},"modified":"2024-08-20T10:25:41","modified_gmt":"2024-08-20T08:25:41","slug":"media","status":"publish","type":"page","link":"https:\/\/nodengo.com\/it\/hospitality-network\/media\/","title":{"rendered":"Media"},"content":{"rendered":"<div class=\"wp-block-citadela-blocks-custom-container citadela-block-custom-container size-wide bg-type-none inside-space-none\"><div class=\"inner-holder\">\n<div class=\"wp-block-columns is-layout-flex wp-container-core-columns-is-layout-9d6595d7 wp-block-columns-is-layout-flex\">\n<div class=\"wp-block-column is-layout-flow wp-block-column-is-layout-flow\">\t\t\t<!-- Flexy Breadcrumb -->\r\n\t\t\t<div class=\"fbc fbc-page\">\r\n\r\n\t\t\t\t<!-- Breadcrumb wrapper -->\r\n\t\t\t\t<div class=\"fbc-wrap\">\r\n\r\n\t\t\t\t\t<!-- Ordered list-->\r\n\t\t\t\t\t<ol class=\"fbc-items\" itemscope itemtype=\"https:\/\/schema.org\/BreadcrumbList\">\r\n\t\t\t\t\t\t            <li itemprop=\"itemListElement\" itemscope itemtype=\"https:\/\/schema.org\/ListItem\">\r\n                <span itemprop=\"name\">\r\n                    <!-- Home Link -->\r\n                    <a itemprop=\"item\" href=\"https:\/\/nodengo.com\/it\/\">\r\n                    \r\n                                                    <i class=\"fa fa-home\" aria-hidden=\"true\"><\/i>Home                    <\/a>\r\n                <\/span>\r\n                <meta itemprop=\"position\" content=\"1\" \/><!-- Meta Position-->\r\n             <\/li><li><span class=\"fbc-separator\">\/<\/span><\/li><li class=\"active\" itemprop=\"itemListElement\" itemscope itemtype=\"https:\/\/schema.org\/ListItem\"><span itemprop=\"name\" title=\"Best Travel Blog\">Best Travel Blog<\/span><meta itemprop=\"position\" content=\"2\" \/><\/li>\t\t\t\t\t<\/ol>\r\n\t\t\t\t\t<div class=\"clearfix\"><\/div>\r\n\t\t\t\t<\/div>\r\n\t\t\t<\/div>\r\n\t\t\t\n<\/div>\n\n\n\n<div class=\"wp-block-column is-layout-flow wp-block-column-is-layout-flow\">\n<div style=\"height:20px\" aria-hidden=\"true\" class=\"wp-block-spacer\"><\/div>\n\n\n\n<p><i class=\"fas fa-user\"><\/i> <a href=\"\/it\/partner-help\/\">Partner<\/a> | <i class=\"fas fa-pen\"><\/i> <a href=\"\/it\/partner-help\/#editors\">Editori<\/a> | <i class=\"fas fa-question\"><\/i> <a href=\"\/it\/partner-help\/\">Aiuto<\/a> | <i class=\"fas fa-id-card\"><\/i> <a href=\"https:\/\/nodengo.com\/it\/parther-help\/-4\/\">Contatto<\/a> | <i class=\"fas fa-list\"><\/i> <a href=\"\/it\/my-account\/\">Conto <\/a><\/p>\n<\/div>\n<\/div>\n<\/div><\/div>\n\n\n\n<div class=\"wp-block-citadela-blocks-custom-container citadela-block-custom-container size-wide bg-type-none inside-space-none\"><div class=\"inner-holder\">\n<h2 class=\"wp-block-heading has-text-color\" style=\"color:#189265\"> MEDIA \u2013 AIUTACI A DIFFONDERE LA PAROLA!<\/h2>\n\n\n<div class=\"wp-block-image\">\n<figure class=\"aligncenter size-full\"><img decoding=\"async\" width=\"316\" height=\"75\" src=\"https:\/\/nodengo.com\/wp-content\/uploads\/Nodengo-logo-medium-1.jpg\" alt=\"media\" class=\"wp-image-54631\" title=\"\" srcset=\"https:\/\/nodengo.com\/wp-content\/uploads\/Nodengo-logo-medium-1.jpg 316w, https:\/\/nodengo.com\/wp-content\/uploads\/Nodengo-logo-medium-1-150x36.jpg 150w, https:\/\/nodengo.com\/wp-content\/uploads\/Nodengo-logo-medium-1-300x71.jpg 300w, https:\/\/nodengo.com\/wp-content\/uploads\/Nodengo-logo-medium-1-18x4.jpg 18w\" sizes=\"(max-width: 316px) 100vw, 316px\" \/><\/figure>\n<\/div>\n\n\n<h4 class=\"wp-block-heading\">\u00c8 importante mantenere un approccio coerente nella presentazione dei nostri media e logo. La coerenza \u00e8 la chiave per costruire l'equit\u00e0 del marchio. Il professionista che fa riferimento al nostro sito deve rispettare le seguenti linee guida quando utilizza i widget\/link\/banner di Nodengo che fanno riferimento al sito Nodengo.com<\/h4>\n\n\n\n<p class=\"has-small-font-size\" id=\"logos\">Logos<\/p>\n\n\n\n<p>Per il&nbsp;<a href=\"https:\/\/nodengo.com\/it\/\" target=\"_blank\" rel=\"noreferrer noopener\">Nodengo<\/a>&nbsp;Logo deve essere utilizzata una posizione primaria orizzontale<br>La posizione verticale deve essere utilizzata solo per applicazioni piccole e verticali in cui l'orientamento principale diventa illeggibile.<br>Il nostro logo deve essere utilizzato solo su sfondo bianco, nei casi in cui il logo appare su uno sfondo colorato o su una foto, deve essere posizionato solo su sfondi in cui il logo \u00e8 completamente leggibile.<\/p>\n\n\n\n<ul class=\"wp-block-list\">\n<li>Non inclinare il logo \u2013 Non aggiungere tipografia al logo \u2013 Non cambiare il colore \u2013 Non modificare o manipolare il logo<\/li>\n<\/ul>\n\n\n\n<p class=\"has-small-font-size\">buttons<\/p>\n\n\n\n<p>Usa i pulsanti pi\u00f9 piccoli per mostrare il nostro marchio.<\/p>\n\n\n\n<p class=\"has-text-align-center has-black-color has-text-color has-small-font-size\">Loghi per<strong><span style=\"color: #993366;\"><a style=\"color: #993366;\" href=\"https:\/\/nodengo.com\/wp-content\/uploads\/Nodengo-logo.pdf\"> Stampa<\/a> <\/span><\/strong>sono disponibili (pdf) e link testuali (<strong>Il target deve essere la pagina principale di Nodengo.com. <\/strong><a href=\"https:\/\/nodengo.com\/it\/\"><strong>&nbsp;https:\/\/nodengo.com<\/strong><\/a>, per link diretti contattaci<\/p>\n\n\n\n<div class=\"wp-block-buttons is-layout-flex wp-block-buttons-is-layout-flex\">\n<div class=\"wp-block-button has-custom-width wp-block-button__width-100 is-style-outline is-style-outline--2\"><a class=\"wp-block-button__link has-background wp-element-button\" href=\"https:\/\/nodengo.com\/it\/-30\/media\/media-logo\/\" style=\"background-color:#c9d9e3\">Trova i nostri loghi e pulsanti qui<\/a><\/div>\n<\/div>\n\n\n\n<div style=\"height:93px\" aria-hidden=\"true\" class=\"wp-block-spacer\"><\/div>\n\n\n\n<p class=\"has-small-font-size\" id=\"widgets\">Widgets<\/p>\n\n\n\n<p>Quale widget \u00e8 disponibile per il mio sito web?<\/p>\n\n\n\n<p class=\"has-small-font-size\">Una variet\u00e0 di contenuti \u00e8 disponibile per la visualizzazione sul tuo sito Web e sono disponibili gratuitamente. Si prega di notare che i widget sono destinati principalmente alla creazione e sono stati elencati su Nodengo.com <em>Si prega di notare che questi widget non sono destinati allo stabilimento recensito. I badge di revisione vengono inviati direttamente alla struttura al completamento della revisione.<\/em><\/p>\n\n\n\n<div class=\"wp-block-buttons is-layout-flex wp-block-buttons-is-layout-flex\">\n<div class=\"wp-block-button has-custom-width wp-block-button__width-100 is-style-outline is-style-outline--3\"><a class=\"wp-block-button__link has-black-color has-text-color has-background wp-element-button\" href=\"https:\/\/nodengo.com\/it\/-30\/media\/media-widgets\/\" style=\"background-color:#dbe9f4\"><strong>Ottieni i nostri widget<\/strong><\/a><\/div>\n<\/div>\n<\/div><\/div>\n\n\n\n<div style=\"height:53px\" aria-hidden=\"true\" class=\"wp-block-spacer\"><\/div>\n\n\n\n<figure class=\"wp-block-image size-full\"><img decoding=\"async\" width=\"728\" height=\"90\" src=\"https:\/\/nodengo.com\/wp-content\/uploads\/Nodengo-travel-guide.jpg\" alt=\"\" class=\"wp-image-57591\" title=\"\" srcset=\"https:\/\/nodengo.com\/wp-content\/uploads\/Nodengo-travel-guide.jpg 728w, https:\/\/nodengo.com\/wp-content\/uploads\/Nodengo-travel-guide-150x19.jpg 150w, https:\/\/nodengo.com\/wp-content\/uploads\/Nodengo-travel-guide-300x37.jpg 300w, https:\/\/nodengo.com\/wp-content\/uploads\/Nodengo-travel-guide-18x2.jpg 18w\" sizes=\"(max-width: 728px) 100vw, 728px\" \/><\/figure>","protected":false},"excerpt":{"rendered":"","protected":false},"author":249,"featured_media":0,"parent":54134,"menu_order":0,"comment_status":"closed","ping_status":"closed","template":"","meta":{"_uag_custom_page_level_css":"","_citadela_hide_page_title":"1","_citadela_remove_header_space":"1","_citadela_custom_class":"","_citadela_half_map_provider":"","_citadela_half_map_theme":"","_citadela_half_map_themeOSM":"","_citadela_half_map_customTheme":"","_citadela_half_map_dataType":"","_citadela_half_map_dynamicTrack":false,"_citadela_half_map_trackColor":"","_citadela_half_map_trackEndpointsColor":"","_citadela_half_map_filterCategory":"","_citadela_half_map_filterLocation":"","_citadela_half_map_filterFeatured":false,"_citadela_half_map_noDataBehavior":"empty-map","_citadela_half_map_noDataText":"","_citadela_half_map_clusterGridSize":80,"_citadela_header":true,"_citadela_header_over_content":false,"_citadela_header_text_color":"","_citadela_header_logo":{"id":208235,"url":"https:\/\/nodengo.com\/wp-content\/uploads\/Nodengo-logo-nhn.jpg","size":{"width":316,"height":75}},"_citadela_header_bg_image":[],"_citadela_header_bg_position":{"x":0.5,"y":0.5},"_citadela_header_bg_size":"cover","_citadela_header_bg_repeat":"no-repeat","_citadela_header_bg_fixed":false,"_citadela_header_bg_color":"","_citadela_header_bg_image_overlay":"","_citadela_header_transparent_bg":false,"_citadela_content_width":"","_citadela_half_layout_position":"","footnotes":""},"class_list":["post-54586","page","type-page","status-publish","hentry"],"uagb_featured_image_src":{"full":false,"thumbnail":false,"medium":false,"medium_large":false,"large":false,"1536x1536":false,"2048x2048":false,"trp-custom-language-flag":false,"citadela_item_thumbnail":false,"woocommerce_thumbnail":false,"woocommerce_single":false,"woocommerce_gallery_thumbnail":false,"citadela_service":false},"uagb_author_info":{"display_name":"Team Nodengo","author_link":"https:\/\/nodengo.com\/it\/author\/nodengo-team\/"},"uagb_comment_info":0,"uagb_excerpt":null,"_links":{"self":[{"href":"https:\/\/nodengo.com\/it\/wp-json\/wp\/v2\/pages\/54586","targetHints":{"allow":["GET"]}}],"collection":[{"href":"https:\/\/nodengo.com\/it\/wp-json\/wp\/v2\/pages"}],"about":[{"href":"https:\/\/nodengo.com\/it\/wp-json\/wp\/v2\/types\/page"}],"author":[{"embeddable":true,"href":"https:\/\/nodengo.com\/it\/wp-json\/wp\/v2\/users\/249"}],"replies":[{"embeddable":true,"href":"https:\/\/nodengo.com\/it\/wp-json\/wp\/v2\/comments?post=54586"}],"version-history":[{"count":0,"href":"https:\/\/nodengo.com\/it\/wp-json\/wp\/v2\/pages\/54586\/revisions"}],"up":[{"embeddable":true,"href":"https:\/\/nodengo.com\/it\/wp-json\/wp\/v2\/pages\/54134"}],"wp:attachment":[{"href":"https:\/\/nodengo.com\/it\/wp-json\/wp\/v2\/media?parent=54586"}],"curies":[{"name":"wp","href":"https:\/\/api.w.org\/{rel}","templated":true}]}}