{"id":54134,"date":"2022-09-17T09:13:03","date_gmt":"2022-09-17T07:13:03","guid":{"rendered":"https:\/\/nodengo.com\/?page_id=54134"},"modified":"2025-12-16T08:45:23","modified_gmt":"2025-12-16T07:45:23","slug":"-30","status":"publish","type":"page","link":"https:\/\/nodengo.com\/it\/hospitality-network\/","title":{"rendered":"Hospitality Network"},"content":{"rendered":"<div class=\"wp-block-citadela-blocks-custom-container citadela-block-custom-container size-wide bg-type-none inside-space-none\"><div class=\"inner-holder\">\n<div style=\"height:14px\" aria-hidden=\"true\" class=\"wp-block-spacer\"><\/div>\n\n\n\n<div class=\"wp-block-group alignwide is-nowrap is-layout-flex wp-container-core-group-is-layout-ad2f72ca wp-block-group-is-layout-flex\">\t\t\t<!-- Flexy Breadcrumb -->\r\n\t\t\t<div class=\"fbc fbc-page\">\r\n\r\n\t\t\t\t<!-- Breadcrumb wrapper -->\r\n\t\t\t\t<div class=\"fbc-wrap\">\r\n\r\n\t\t\t\t\t<!-- Ordered list-->\r\n\t\t\t\t\t<ol class=\"fbc-items\" itemscope itemtype=\"https:\/\/schema.org\/BreadcrumbList\">\r\n\t\t\t\t\t\t            <li itemprop=\"itemListElement\" itemscope itemtype=\"https:\/\/schema.org\/ListItem\">\r\n                <span itemprop=\"name\">\r\n                    <!-- Home Link -->\r\n                    <a itemprop=\"item\" href=\"https:\/\/nodengo.com\/it\/\">\r\n                    \r\n                                                    <i class=\"fa fa-home\" aria-hidden=\"true\"><\/i>Home                    <\/a>\r\n                <\/span>\r\n                <meta itemprop=\"position\" content=\"1\" \/><!-- Meta Position-->\r\n             <\/li><li><span class=\"fbc-separator\">\/<\/span><\/li><li class=\"active\" itemprop=\"itemListElement\" itemscope itemtype=\"https:\/\/schema.org\/ListItem\"><span itemprop=\"name\" title=\"Best Travel Blog\">Best Travel Blog<\/span><meta itemprop=\"position\" content=\"2\" \/><\/li>\t\t\t\t\t<\/ol>\r\n\t\t\t\t\t<div class=\"clearfix\"><\/div>\r\n\t\t\t\t<\/div>\r\n\t\t\t<\/div>\r\n\t\t\t\n\n\n\n<p class=\"has-text-align-right\"><i class=\"fas fa-user\"><\/i> <a href=\"\/it\/partner-help\/\">Partner<\/a> | <i class=\"fas fa-pen\"><\/i> <a href=\"\/it\/partner-help\/#editors\">Editori<\/a> | <i class=\"fas fa-question\"><\/i> <a href=\"\/it\/partner-help\/\">Aiuto<\/a> | <i class=\"fas fa-id-card\"><\/i> <a href=\"https:\/\/nodengo.com\/it\/parther-help\/-4\/\">Contatto<\/a> | <i class=\"fas fa-list\"><\/i> <a href=\"\/it\/my-account\/\">Conto <\/a><\/p>\n<\/div>\n<\/div><\/div>\n\n\n\n<div class=\"wp-block-citadela-blocks-custom-container citadela-block-custom-container size-fullwidth bg-type-image inside-space-none bg-size-cover has-overlay has-min-height vertical-align-top\" style=\"min-height:450px\"><div class=\"bg-image-wrapper\" style=\"background-image:url(https:\/\/nodengo.com\/wp-content\/uploads\/New-York-City-Manhattan.jpg);background-repeat:no-repeat;background-position:52% 39%\"><\/div><div class=\"bg-image-overlay\" style=\"opacity:0.5\"><\/div><div class=\"inner-holder\">\n<div style=\"height:235px\" aria-hidden=\"true\" class=\"wp-block-spacer\"><\/div>\n<\/div><\/div>\n\n\n\n<h2 class=\"wp-block-heading has-text-align-center has-text-color\" style=\"color:#264a5e\">Benvenuti a tutti i professionisti del turismo<\/h2>\n\n\n\n<h5 class=\"wp-block-heading alignwide has-text-align-center has-text-color\" style=\"color:#225d47\">Collegamenti rapidi a <a href=\"#listing\">ELENCO<\/a> | <a href=\"#reviews\">VALUTAZIONE<\/a> | <a href=\"https:\/\/nodengo.com\/it\/-30\/hospitality-and-services-provider\/\" data-type=\"page\" data-id=\"54052\">FORNITORI DI SERVIZI<\/a> | <a href=\"#editors\">EDITORI <\/a>| <a href=\"#advertise\">PUBBLICIT\u00c0<\/a><\/h5>\n\n\n\n<div class=\"wp-block-citadela-blocks-custom-container citadela-block-custom-container size-wide bg-type-none inside-space-none\"><div class=\"inner-holder\">\n<hr class=\"wp-block-separator has-alpha-channel-opacity is-style-wide\"\/>\n\n\n\n<div class=\"wp-block-columns is-layout-flex wp-container-core-columns-is-layout-9d6595d7 wp-block-columns-is-layout-flex\">\n<div class=\"wp-block-column is-layout-flow wp-block-column-is-layout-flow\" style=\"flex-basis:66.66%\">\n<h3 class=\"wp-block-heading\"><strong><a href=\"#sp\">I<\/a>INTRODUZIONE<\/strong> alla nostra Rete di ospitalit\u00e0<\/h3>\n\n\n\n<p>Come professionisti esperti nel settore del turismo e dell'ospitalit\u00e0, abbiamo riconosciuto la necessit\u00e0 di miglioramento e cercato nuovi metodi per aumentare la consapevolezza pubblica delle strutture<\/p>\n<\/div>\n\n\n\n<div class=\"wp-block-column is-layout-flow wp-block-column-is-layout-flow\" style=\"flex-basis:33.33%\"><div class=\"wp-block-image is-resized is-style-default\">\n<figure class=\"alignleft size-full\"><img decoding=\"async\" width=\"167\" height=\"250\" src=\"https:\/\/nodengo.com\/wp-content\/uploads\/placehollder1.jpg\" alt=\"hospitality network\" class=\"wp-image-6530\" style=\"width:auto;height:250px\" title=\"\" srcset=\"https:\/\/nodengo.com\/wp-content\/uploads\/placehollder1.jpg 167w, https:\/\/nodengo.com\/wp-content\/uploads\/placehollder1-100x150.jpg 100w, https:\/\/nodengo.com\/wp-content\/uploads\/placehollder1-8x12.jpg 8w\" sizes=\"(max-width: 167px) 100vw, 167px\" \/><\/figure>\n<\/div><\/div>\n<\/div>\n\n\n\n<figure class=\"wp-block-image alignwide size-full\"><img decoding=\"async\" width=\"1920\" height=\"362\" src=\"https:\/\/nodengo.com\/wp-content\/uploads\/widget-type-2-bg.jpg\" alt=\"Hotel image header\" class=\"wp-image-26280\" title=\"\" srcset=\"https:\/\/nodengo.com\/wp-content\/uploads\/widget-type-2-bg.jpg 1920w, https:\/\/nodengo.com\/wp-content\/uploads\/widget-type-2-bg-150x28.jpg 150w, https:\/\/nodengo.com\/wp-content\/uploads\/widget-type-2-bg-900x170.jpg 900w, https:\/\/nodengo.com\/wp-content\/uploads\/widget-type-2-bg-300x57.jpg 300w, https:\/\/nodengo.com\/wp-content\/uploads\/widget-type-2-bg-1024x193.jpg 1024w, https:\/\/nodengo.com\/wp-content\/uploads\/widget-type-2-bg-768x145.jpg 768w, https:\/\/nodengo.com\/wp-content\/uploads\/widget-type-2-bg-1536x290.jpg 1536w, https:\/\/nodengo.com\/wp-content\/uploads\/widget-type-2-bg-18x3.jpg 18w\" sizes=\"(max-width: 1920px) 100vw, 1920px\" \/><\/figure>\n\n\n\n<h3 class=\"wp-block-heading has-text-align-center\"><strong>Un nuovo modo non retribuito, imparziale e senza eguali per promuovere il tuo stabilimento.<\/strong><\/h3>\n\n\n\n<p>It&#8217;s challenging for service providers in the tourism and travel industry to distinguish themselves. They constantly search for fresh approaches to set their business apart from competitors. Standing out locally is relatively simple, but doing so online can be extremely difficult.<\/p>\n\n\n\n<p>Se solo esistesse un modo economicamente vantaggioso per differenziarsi senza fare molto affidamento sulla SEO, pagare commissioni elevate alle OTA o investire quantit\u00e0 significative di denaro, tempo e risorse nella pubblicit\u00e0 online, garantendo allo stesso tempo un ritorno sull\u2019investimento tangibile.<\/p>\n\n\n\n<div class=\"wp-block-buttons is-layout-flex wp-block-buttons-is-layout-flex\">\n<div class=\"wp-block-button has-custom-width wp-block-button__width-100 aligncenter is-style-fill\"><a class=\"wp-block-button__link has-black-color has-text-color has-background has-medium-font-size has-custom-font-size wp-element-button\" href=\"https:\/\/nodengo.com\/it\/-30\/hospitality-and-services-provider\/\" style=\"background-color:#d7e2eb\">ORA C'\u00c8!<\/a><\/div>\n<\/div>\n<\/div><\/div>\n\n\n\n<div class=\"wp-block-citadela-blocks-custom-container citadela-block-custom-container size-wide bg-type-none inside-space-none\"><div class=\"inner-holder\">\n<div style=\"height:64px\" aria-hidden=\"true\" class=\"wp-block-spacer\"><\/div>\n\n\n\n<p><i class=\"fas fa-pen\"><\/i> 1.\u00a0Inserisci la tua struttura in elenco: inserire la tua struttura su Nodengo.com \u00e8 assolutamente GRATUITO.&nbsp; <a href=\"https:\/\/nodengo.com\/it\/register-to-submit-your-establishment\/\" type=\"page\" id=\"2864\"><em>Aggiungi la tua struttura <\/em><\/a><\/p>\n\n\n\n<p><i class=\"fas fa-upload\"><\/i>   2. Promuovi la tua struttura : Valorizza la tua struttura<strong> <\/strong><em><a href=\"https:\/\/nodengo.com\/it\/register-to-submit-your-establishment\/\" type=\"page\" id=\"2864\">elenco con i nostri strumenti<\/a>.<\/em><\/p>\n\n\n\n<p><i class=\"fas fa-heart\"><\/i>   3. Fai rivedere il tuo stabilimento : Fai rivedere il tuo stabilimento <em><a href=\"https:\/\/nodengo.com\/it\/network\/-37\/\" data-type=\"page\" data-id=\"53486\">rivisto professionalmente<\/a><\/em> e fatti notare su Nodengo.com<\/p>\n\n\n\n<p><i class=\"fas fa-ad\"><\/i>   4. Fai pubblicit\u00e0 su Nodengo.com : Offriamo davvero <em>Pubblicit\u00e0 completamente mirata<\/em>. Il tuo annuncio appare su una pagina della citt\u00e0 specifica per i visitatori alla ricerca di informazioni sulla citt\u00e0.<\/p>\n<\/div><\/div>\n\n\n\n<div class=\"wp-block-citadela-blocks-custom-container citadela-block-custom-container size-wide bg-type-none inside-space-none\"><div class=\"inner-holder\">\n<h3 class=\"wp-block-heading has-text-color\" style=\"color:#786969\">SCOPRI COME POSSIAMO AIUTARTI SE SEI\u2026.<\/h3>\n\n\n\n<div class=\"wp-block-columns is-layout-flex wp-container-core-columns-is-layout-9d6595d7 wp-block-columns-is-layout-flex\">\n<div class=\"wp-block-column is-layout-flow wp-block-column-is-layout-flow\">\n<div class=\"wp-block-cover\" style=\"min-height:251px;aspect-ratio:unset;\"><img decoding=\"async\" width=\"650\" height=\"400\" class=\"wp-block-cover__image-background wp-image-54159\" alt=\"\" src=\"https:\/\/nodengo.com\/wp-content\/uploads\/hotel-presentation.jpg\" data-object-fit=\"cover\" title=\"\" srcset=\"https:\/\/nodengo.com\/wp-content\/uploads\/hotel-presentation.jpg 650w, https:\/\/nodengo.com\/wp-content\/uploads\/hotel-presentation-150x92.jpg 150w, https:\/\/nodengo.com\/wp-content\/uploads\/hotel-presentation-300x185.jpg 300w, https:\/\/nodengo.com\/wp-content\/uploads\/hotel-presentation-18x12.jpg 18w\" sizes=\"(max-width: 650px) 100vw, 650px\" \/><span aria-hidden=\"true\" class=\"wp-block-cover__background has-background-dim-0 has-background-dim\"><\/span><div class=\"wp-block-cover__inner-container is-layout-flow wp-block-cover-is-layout-flow\">\n<p class=\"has-text-align-center has-large-font-size\"><\/p>\n<\/div><\/div>\n\n\n\n<p class=\"has-text-align-center\"><a href=\"https:\/\/nodengo.com\/it\/-30\/1-new-way-to-promote-your-hotel\/\" data-type=\"page\" data-id=\"54688\"><strong>HOTELS<\/strong><\/a><\/p>\n\n\n\n<p class=\"has-small-font-size\">Gestori-Proprietari-Operatori, guarda come possiamo aiutarti a promuovere il tuo HOTEL<\/p>\n<\/div>\n\n\n\n<div class=\"wp-block-column is-layout-flow wp-block-column-is-layout-flow\">\n<div class=\"wp-block-cover\" style=\"min-height:251px;aspect-ratio:unset;\"><img decoding=\"async\" width=\"650\" height=\"400\" class=\"wp-block-cover__image-background wp-image-54161\" alt=\"\" src=\"https:\/\/nodengo.com\/wp-content\/uploads\/Restaurant-presentation-1.jpg\" data-object-fit=\"cover\" title=\"\" srcset=\"https:\/\/nodengo.com\/wp-content\/uploads\/Restaurant-presentation-1.jpg 650w, https:\/\/nodengo.com\/wp-content\/uploads\/Restaurant-presentation-1-150x92.jpg 150w, https:\/\/nodengo.com\/wp-content\/uploads\/Restaurant-presentation-1-300x185.jpg 300w, https:\/\/nodengo.com\/wp-content\/uploads\/Restaurant-presentation-1-18x12.jpg 18w\" sizes=\"(max-width: 650px) 100vw, 650px\" \/><span aria-hidden=\"true\" class=\"wp-block-cover__background has-background-dim-0 has-background-dim\"><\/span><div class=\"wp-block-cover__inner-container is-layout-flow wp-block-cover-is-layout-flow\">\n<p class=\"has-text-align-center has-large-font-size\"><\/p>\n<\/div><\/div>\n\n\n\n<p class=\"has-text-align-center\"><strong><a href=\"https:\/\/nodengo.com\/it\/-30\/restaurants-1-promote-restaurant\/\" data-type=\"page\" data-id=\"55264\">RISTORANTI<\/a><\/strong><\/p>\n\n\n\n<p class=\"has-small-font-size\">Gestori-Proprietari-Operatori, guarda come possiamo aiutarti a promuovere il tuo RISTORANTE<\/p>\n<\/div>\n\n\n\n<div class=\"wp-block-column is-layout-flow wp-block-column-is-layout-flow\">\n<div class=\"wp-block-cover\" style=\"min-height:251px;aspect-ratio:unset;\"><img decoding=\"async\" width=\"300\" height=\"169\" class=\"wp-block-cover__image-background wp-image-54162\" alt=\"\" src=\"https:\/\/nodengo.com\/wp-content\/uploads\/attractions-presentation.jpg\" data-object-fit=\"cover\" title=\"\" srcset=\"https:\/\/nodengo.com\/wp-content\/uploads\/attractions-presentation.jpg 300w, https:\/\/nodengo.com\/wp-content\/uploads\/attractions-presentation-150x85.jpg 150w, https:\/\/nodengo.com\/wp-content\/uploads\/attractions-presentation-18x10.jpg 18w\" sizes=\"(max-width: 300px) 100vw, 300px\" \/><span aria-hidden=\"true\" class=\"wp-block-cover__background has-background-dim-0 has-background-dim\"><\/span><div class=\"wp-block-cover__inner-container is-layout-flow wp-block-cover-is-layout-flow\">\n<p class=\"has-text-align-center has-large-font-size\"><\/p>\n<\/div><\/div>\n\n\n\n<p class=\"has-text-align-center\"><strong><a href=\"https:\/\/nodengo.com\/it\/-30\/new-efficient-way-to-promote-attractions\/\" data-type=\"page\" data-id=\"54672\">ATTRAZIONI TURISTICHE<\/a><\/strong><\/p>\n\n\n\n<p class=\"has-small-font-size\">Musei, gallerie d'arte, ecc. Scopri come possiamo aiutarti a promuovere la tua struttura<\/p>\n<\/div>\n\n\n\n<div class=\"wp-block-column is-layout-flow wp-block-column-is-layout-flow\">\n<div class=\"wp-block-cover\" style=\"min-height:251px;aspect-ratio:unset;\"><img decoding=\"async\" width=\"300\" height=\"169\" class=\"wp-block-cover__image-background wp-image-54164\" alt=\"\" src=\"https:\/\/nodengo.com\/wp-content\/uploads\/others-presentation.jpg\" data-object-fit=\"cover\" title=\"\" srcset=\"https:\/\/nodengo.com\/wp-content\/uploads\/others-presentation.jpg 300w, https:\/\/nodengo.com\/wp-content\/uploads\/others-presentation-150x85.jpg 150w, https:\/\/nodengo.com\/wp-content\/uploads\/others-presentation-18x10.jpg 18w\" sizes=\"(max-width: 300px) 100vw, 300px\" \/><span aria-hidden=\"true\" class=\"wp-block-cover__background has-background-dim-0 has-background-dim\"><\/span><div class=\"wp-block-cover__inner-container is-layout-flow wp-block-cover-is-layout-flow\">\n<p class=\"has-text-align-center has-large-font-size\"><\/p>\n<\/div><\/div>\n\n\n\n<p class=\"has-text-align-center\"><strong><a href=\"https:\/\/nodengo.com\/it\/-30\/tourism-professionals-promote-your-services\/\" data-type=\"page\" data-id=\"54712\">ALTRI<\/a><\/strong><\/p>\n\n\n\n<p class=\"has-small-font-size\">Taxi, guide turistiche, ecc. Scopri come possiamo aiutarti a promuovere la tua struttura<\/p>\n<\/div>\n<\/div>\n<\/div><\/div>\n\n\n\n<div class=\"wp-block-citadela-blocks-custom-container citadela-block-custom-container size-wide bg-type-none inside-space-none\"><div class=\"inner-holder\">\n<p id=\"editors\">Hospitality network Editors<\/p>\n\n\n\n<hr class=\"wp-block-separator has-alpha-channel-opacity\"\/>\n\n\n\n<h2 class=\"wp-block-heading has-text-color\" style=\"color:#431c1c\">Sei interessato a diventare un Editor? Vedi se ti qualifichi!<\/h2>\n\n\n\n<div class=\"wp-block-columns is-layout-flex wp-container-core-columns-is-layout-9d6595d7 wp-block-columns-is-layout-flex\">\n<div class=\"wp-block-column is-layout-flow wp-block-column-is-layout-flow\" style=\"flex-basis:33.33%\">\n<figure class=\"wp-block-image size-full is-resized\"><img decoding=\"async\" width=\"167\" height=\"250\" src=\"https:\/\/nodengo.com\/wp-content\/uploads\/placeholer2-1.jpg\" alt=\"placeholer2 image\" class=\"wp-image-6975\" style=\"aspect-ratio:1;object-fit:contain\" title=\"\" srcset=\"https:\/\/nodengo.com\/wp-content\/uploads\/placeholer2-1.jpg 167w, https:\/\/nodengo.com\/wp-content\/uploads\/placeholer2-1-100x150.jpg 100w, https:\/\/nodengo.com\/wp-content\/uploads\/placeholer2-1-8x12.jpg 8w\" sizes=\"(max-width: 167px) 100vw, 167px\" \/><\/figure>\n<\/div>\n\n\n\n<div class=\"wp-block-column is-layout-flow wp-block-column-is-layout-flow\" style=\"flex-basis:66.66%\">\n<p>Il nostro sito web, Nodengo.com, mira a fornire informazioni accurate, imparziali e aggiornate ai potenziali visitatori sulla citt\u00e0 che intendono visitare. Stiamo attualmente cercando redattori locali da inserire nel nostro team.<\/p>\n\n\n\n<p>Chi meglio di te? Vivi in quella citt\u00e0, ti piace e il tuo lavoro prevede di fornire regolarmente consigli agli ospiti. Sei l'ambasciatore perfetto e puoi mostrare in modo professionale la tua citt\u00e0 ai viaggiatori desiderosi di esplorarla.<\/p>\n\n\n\n<p>Perch\u00e9 non sfruttare tutta questa conoscenza ed esperienza? Siamo alla ricerca di redattori indipendenti che possano condividere consigli utili sul nostro sito Web, guidando i visitatori verso gemme nascoste come ristoranti poco conosciuti che servono cibo eccellente nelle migliori posizioni. Inoltre, i nostri redattori avranno l'opportunit\u00e0 di bloggare sulla loro citt\u00e0 e offrire preziosi spunti locali.\n\u200b<\/p>\n<\/div>\n<\/div>\n\n\n\n<p class=\"has-text-align-center\"><strong>Scopri di pi\u00f9 sul &nbsp;<a href=\"https:\/\/nodengo.com\/it\/network\/requirements\/\" data-type=\"page\" data-id=\"53827\">REQUISITI<\/a>&nbsp;|<a href=\"https:\/\/nodengo.com\/it\/network\/editors\/\" data-type=\"page\" data-id=\"54050\">&nbsp;VANTAGGI<\/a>&nbsp;|&nbsp;<a href=\"https:\/\/nodengo.com\/it\/network\/locations\/\" data-type=\"page\" data-id=\"54194\">posizioni<\/a><\/strong> per <a href=\"https:\/\/nodengo.com\/hospitality-network\/editors\/\" data-type=\"page\" data-id=\"54050\">diventare un editore<\/a><\/p>\n<\/div><\/div>\n\n\n\n<div class=\"wp-block-citadela-blocks-custom-container citadela-block-custom-container size-wide bg-type-none inside-space-none\"><div class=\"inner-holder\">\n<p id=\"reviews\">Hospitality network reviews<\/p>\n\n\n\n<div style=\"height:50px\" aria-hidden=\"true\" class=\"wp-block-spacer\"><\/div>\n\n\n\n<div class=\"wp-block-columns is-layout-flex wp-container-core-columns-is-layout-9d6595d7 wp-block-columns-is-layout-flex\">\n<div class=\"wp-block-column is-layout-flow wp-block-column-is-layout-flow\" style=\"flex-basis:66.66%\">\n<h2 class=\"wp-block-heading\">Riteniamo che il sistema di recensioni di viaggio odierno necessiti di un miglioramento seriamente atteso.<\/h2>\n\n\n\n<p>In qualit\u00e0 di professionista locale nel settore del turismo e dei viaggi, comprendi le sfide legate al ricevere feedback accurati dagli ospiti online. I clienti spesso hanno una comprensione semplificata della gestione di un'attivit\u00e0 orientata al turismo, che non \u00e8 loro responsabilit\u00e0. <\/p>\n\n\n\n<p><\/p>\n\n\n\n<p>Riteniamo che sia ingiusto essere penalizzati quando qualcosa va storto e siamo fermamente convinti che l'attuale sistema di revisione dei viaggi abbia un disperato bisogno di miglioramento.<\/p>\n\n\n\n<p class=\"has-text-align-center\"><strong>Non ritardare. Ulteriori informazioni sul nostro <a href=\"https:\/\/nodengo.com\/it\/-30\/\/\">sistema di revisione<\/a> e come sottoporre la tua struttura a una revisione professionale.<\/strong><\/p>\n<\/div>\n\n\n\n<div class=\"wp-block-column is-layout-flow wp-block-column-is-layout-flow\" style=\"flex-basis:33.33%\">\n<figure class=\"wp-block-image size-full is-resized\"><img decoding=\"async\" width=\"590\" height=\"891\" src=\"https:\/\/nodengo.com\/wp-content\/uploads\/review-page-logo.jpg\" alt=\"review page logo\" class=\"wp-image-8216\" style=\"aspect-ratio:3\/4;object-fit:contain\" title=\"\" srcset=\"https:\/\/nodengo.com\/wp-content\/uploads\/review-page-logo.jpg 590w, https:\/\/nodengo.com\/wp-content\/uploads\/review-page-logo-99x150.jpg 99w, https:\/\/nodengo.com\/wp-content\/uploads\/review-page-logo-199x300.jpg 199w, https:\/\/nodengo.com\/wp-content\/uploads\/review-page-logo-8x12.png 8w\" sizes=\"(max-width: 590px) 100vw, 590px\" \/><\/figure>\n<\/div>\n<\/div>\n<\/div><\/div>\n\n\n\n<div class=\"wp-block-citadela-blocks-custom-container citadela-block-custom-container size-wide bg-type-color inside-space-none has-bg\" style=\"background-color:rgba(244, 244, 244, 1)\"><div class=\"inner-holder\">\n<hr class=\"wp-block-separator has-alpha-channel-opacity\"\/>\n\n\n\n<p id=\"advertise\">Hospitality network Advertising<\/p>\n\n\n\n<div class=\"wp-block-uagb-image aligncenter uagb-block-6d433bae wp-block-uagb-image--layout-default wp-block-uagb-image--effect-static wp-block-uagb-image--align-center\"><figure class=\"wp-block-uagb-image__figure\"><img decoding=\"async\" srcset=\"https:\/\/nodengo.com\/wp-content\/uploads\/728x90-flights.jpg ,https:\/\/nodengo.com\/wp-content\/uploads\/728x90-flights.jpg 780w, https:\/\/nodengo.com\/wp-content\/uploads\/728x90-flights.jpg 360w\" sizes=\"auto, (max-width: 480px) 150px\" src=\"https:\/\/nodengo.com\/wp-content\/uploads\/728x90-flights.jpg\" alt=\"\" class=\"uag-image-208270\" width=\"1024\" height=\"160\" title=\"728x90-flights\" loading=\"lazy\" role=\"img\"><\/figure><\/div>\n\n\n\n<div style=\"height:50px\" aria-hidden=\"true\" class=\"wp-block-spacer\"><\/div>\n\n\n\n<h2 class=\"wp-block-heading\">Pubblicit\u00e0 fatta bene<\/h2>\n\n\n\n<p>Don&#8217;t miss the opportunity to reach a global audience at a local level. Our visitors rely on us when planning their vacations, so make sure your business is part of their journey. Inform them about your offerings even before they reach their destination. You can also tap into the local market. Explore our Advertising System to see the options available or learn more about our Network.<\/p>\n\n\n\n<p>La nostra pubblicit\u00e0 veramente mirata ti consente di entrare in contatto direttamente con potenziali clienti che cercano attivamente informazioni sulla destinazione.<\/p>\n\n\n\n<p>Unlike other platforms, we don&#8217;t display irrelevant ads or promote unrelated products. We prioritize presenting your establishment or business directly to interested clients. Many websites rely on automated advertising that lacks specific targeting. If you&#8217;re planning a trip to Patagonia next summer, seeing an ad for a new sewing machine may not be what you&#8217;re looking for.<\/p>\n\n\n\n<p>Beneficia di<a href=\"http:\/\/ads.nodengo.com\/it\" target=\"_blank\" rel=\"noreferrer noopener\"> Pubblicit\u00e0 completamente mirata<\/a><\/p>\n\n\n\n<hr class=\"wp-block-separator has-alpha-channel-opacity is-style-wide\"\/>\n\n\n\n<p class=\"has-text-align-center\">\u201cAll local \u2013 All the time \u201c\u2122 is our motto.<\/p>\n<\/div><\/div>","protected":false},"excerpt":{"rendered":"<p>Welcome to our Hospitality Network Quick links to LISTING | REVIEWS | SERVICE PROVIDERS | EDITORS | ADVERTISING<\/p>","protected":false},"author":249,"featured_media":0,"parent":0,"menu_order":0,"comment_status":"closed","ping_status":"closed","template":"","meta":{"_uag_custom_page_level_css":"","_citadela_hide_page_title":"1","_citadela_remove_header_space":"1","_citadela_custom_class":"","_citadela_half_map_provider":"","_citadela_half_map_theme":"","_citadela_half_map_themeOSM":"","_citadela_half_map_customTheme":"","_citadela_half_map_dataType":"","_citadela_half_map_dynamicTrack":false,"_citadela_half_map_trackColor":"","_citadela_half_map_trackEndpointsColor":"","_citadela_half_map_filterCategory":"","_citadela_half_map_filterLocation":"","_citadela_half_map_filterFeatured":false,"_citadela_half_map_noDataBehavior":"empty-map","_citadela_half_map_noDataText":"","_citadela_half_map_clusterGridSize":80,"_citadela_header":true,"_citadela_header_over_content":false,"_citadela_header_text_color":"","_citadela_header_logo":{"id":208235,"url":"https:\/\/nodengo.com\/wp-content\/uploads\/Nodengo-logo-nhn.jpg","size":{"width":316,"height":75}},"_citadela_header_bg_image":[],"_citadela_header_bg_position":{"x":0.5,"y":0.5},"_citadela_header_bg_size":"cover","_citadela_header_bg_repeat":"no-repeat","_citadela_header_bg_fixed":false,"_citadela_header_bg_color":"","_citadela_header_bg_image_overlay":"","_citadela_header_transparent_bg":false,"_citadela_content_width":"","_citadela_half_layout_position":"","footnotes":""},"class_list":["post-54134","page","type-page","status-publish","hentry"],"uagb_featured_image_src":{"full":false,"thumbnail":false,"medium":false,"medium_large":false,"large":false,"1536x1536":false,"2048x2048":false,"trp-custom-language-flag":false,"citadela_item_thumbnail":false,"woocommerce_thumbnail":false,"woocommerce_single":false,"woocommerce_gallery_thumbnail":false,"citadela_service":false},"uagb_author_info":{"display_name":"Team Nodengo","author_link":"https:\/\/nodengo.com\/it\/author\/nodengo-team\/"},"uagb_comment_info":0,"uagb_excerpt":"Welcome to our Hospitality Network Quick links to LISTING | REVIEWS | SERVICE PROVIDERS | EDITORS | ADVERTISING","_links":{"self":[{"href":"https:\/\/nodengo.com\/it\/wp-json\/wp\/v2\/pages\/54134","targetHints":{"allow":["GET"]}}],"collection":[{"href":"https:\/\/nodengo.com\/it\/wp-json\/wp\/v2\/pages"}],"about":[{"href":"https:\/\/nodengo.com\/it\/wp-json\/wp\/v2\/types\/page"}],"author":[{"embeddable":true,"href":"https:\/\/nodengo.com\/it\/wp-json\/wp\/v2\/users\/249"}],"replies":[{"embeddable":true,"href":"https:\/\/nodengo.com\/it\/wp-json\/wp\/v2\/comments?post=54134"}],"version-history":[{"count":0,"href":"https:\/\/nodengo.com\/it\/wp-json\/wp\/v2\/pages\/54134\/revisions"}],"wp:attachment":[{"href":"https:\/\/nodengo.com\/it\/wp-json\/wp\/v2\/media?parent=54134"}],"curies":[{"name":"wp","href":"https:\/\/api.w.org\/{rel}","templated":true}]}}