{"id":54052,"date":"2022-09-17T07:49:50","date_gmt":"2022-09-17T05:49:50","guid":{"rendered":"https:\/\/nodengo.com\/?page_id=54052"},"modified":"2025-12-16T08:50:36","modified_gmt":"2025-12-16T07:50:36","slug":"hospitality-and-services-provider","status":"publish","type":"page","link":"https:\/\/nodengo.com\/it\/hospitality-network\/hospitality-and-services-provider\/","title":{"rendered":"La migliore soluzione per l'ospitalit\u00e0 e i fornitori di servizi"},"content":{"rendered":"<div style=\"height:14px\" aria-hidden=\"true\" class=\"wp-block-spacer\"><\/div>\n\n\n\t\t\t<!-- Flexy Breadcrumb -->\r\n\t\t\t<div class=\"fbc fbc-page\">\r\n\r\n\t\t\t\t<!-- Breadcrumb wrapper -->\r\n\t\t\t\t<div class=\"fbc-wrap\">\r\n\r\n\t\t\t\t\t<!-- Ordered list-->\r\n\t\t\t\t\t<ol class=\"fbc-items\" itemscope itemtype=\"https:\/\/schema.org\/BreadcrumbList\">\r\n\t\t\t\t\t\t            <li itemprop=\"itemListElement\" itemscope itemtype=\"https:\/\/schema.org\/ListItem\">\r\n                <span itemprop=\"name\">\r\n                    <!-- Home Link -->\r\n                    <a itemprop=\"item\" href=\"https:\/\/nodengo.com\/it\/\">\r\n                    \r\n                                                    <i class=\"fa fa-home\" aria-hidden=\"true\"><\/i>Home                    <\/a>\r\n                <\/span>\r\n                <meta itemprop=\"position\" content=\"1\" \/><!-- Meta Position-->\r\n             <\/li><li><span class=\"fbc-separator\">\/<\/span><\/li><li class=\"active\" itemprop=\"itemListElement\" itemscope itemtype=\"https:\/\/schema.org\/ListItem\"><span itemprop=\"name\" title=\"Best Travel Blog\">Best Travel Blog<\/span><meta itemprop=\"position\" content=\"2\" \/><\/li>\t\t\t\t\t<\/ol>\r\n\t\t\t\t\t<div class=\"clearfix\"><\/div>\r\n\t\t\t\t<\/div>\r\n\t\t\t<\/div>\r\n\t\t\t\n\n\n\n<p class=\"has-text-align-right\"><i class=\"fas fa-user\"><\/i> <a href=\"\/it\/partner-help\/\">Partner<\/a> | <i class=\"fas fa-pen\"><\/i> <a href=\"\/it\/partner-help\/#editors\">Editori<\/a> | <i class=\"fas fa-question\"><\/i> <a href=\"\/it\/partner-help\/\">Aiuto<\/a> | <i class=\"fas fa-id-card\"><\/i> <a href=\"https:\/\/nodengo.com\/it\/parther-help\/-4\/\">Contatto<\/a> | <i class=\"fas fa-list\"><\/i> <a href=\"\/it\/my-account\/\">Conto <\/a><\/p>\n\n\n\n<div class=\"wp-block-citadela-blocks-custom-container citadela-block-custom-container size-wide bg-type-image inside-space-none bg-size-cover has-overlay\"><div class=\"bg-image-wrapper\" style=\"background-image:url(https:\/\/nodengo.com\/wp-content\/uploads\/service-provide-header.jpg);background-repeat:no-repeat;background-position:50% 50%\"><\/div><div class=\"bg-image-overlay\" style=\"opacity:0.5\"><\/div><div class=\"inner-holder\">\n<div style=\"height:243px\" aria-hidden=\"true\" class=\"wp-block-spacer\"><\/div>\n\n\n\n<h2 class=\"wp-block-heading has-text-align-center has-white-color has-text-color\"><strong>FORNITORI DI SERVIZI DI OSPITALIT\u00c0 \u2013 UN CALDO BENVENUTO<\/strong><\/h2>\n\n\n\n<div style=\"height:115px\" aria-hidden=\"true\" class=\"wp-block-spacer\"><\/div>\n<\/div><\/div>\n\n\n\n<div style=\"height:35px\" aria-hidden=\"true\" class=\"wp-block-spacer\"><\/div>\n\n\n\n<div class=\"wp-block-citadela-blocks-custom-container citadela-block-custom-container size-wide bg-type-none inside-space-none\"><div class=\"inner-holder\">\n<h3 class=\"wp-block-heading has-text-align-center\"><strong>Sei interessato a promuovere i tuoi servizi ai clienti giusti?<\/strong><\/h3>\n\n\n\n<div class=\"wp-block-columns is-layout-flex wp-container-core-columns-is-layout-9d6595d7 wp-block-columns-is-layout-flex\">\n<div class=\"wp-block-column is-layout-flow wp-block-column-is-layout-flow\" style=\"flex-basis:25%\"><div class=\"wp-block-image\">\n<figure class=\"alignright size-full\"><img decoding=\"async\" width=\"217\" height=\"287\" src=\"https:\/\/nodengo.com\/wp-content\/uploads\/custres.gif\" alt=\"Best solution for hospitality and services providers\" class=\"wp-image-144715\" style=\"aspect-ratio:3\/4;object-fit:cover\" title=\"\"><\/figure>\n<\/div><\/div>\n\n\n\n<div class=\"wp-block-column is-layout-flow wp-block-column-is-layout-flow\" style=\"flex-basis:66.66%\">\n<p>Come fornitori di servizi nel settore del turismo e dei viaggi. Sai quanto \u00e8 difficile distinguersi dalla massa, cerchi nuove strade per differenziare la tua attivit\u00e0 dagli altri. Sebbene sia piuttosto facile farlo localmente, sai che farlo online pu\u00f2 essere un incubo.<\/p>\n\n\n\n<p>Se solo ci fosse un modo per distinguersi senza spendere una fortuna in SEO, dando cos\u00ec tante commissioni alle OTA o stanziando molti soldi, tempo e risorse nel tentativo di fare pubblicit\u00e0 online, e soprattutto per vedere se c'\u00e8 un vero ritorno sul tuo investimento.<\/p>\n\n\n\n<p>Dovrebbero esserci nuovi modi per far conoscere un locale al pubblico.<strong> Ora ce n'\u00e8 uno!<\/strong><\/p>\n<\/div>\n<\/div>\n\n\n\n<p>Nodengo.com \u00e8 una soluzione alternativa, la nostra mira a fornire ai potenziali visitatori: informazioni accurate, imparziali e aggiornate sulla citt\u00e0 che stanno per visitare. e con questo in mente, offriamo che la tua attivit\u00e0 sia elencata nelle nostre pagine locali, promossa sul nostro sito Web e soprattutto esaminata accuratamente.<\/p>\n\n\n\n<p>Siamo un raduno di professionisti dell'ospitalit\u00e0 locale, che vivono nel tuo quartiere e possiamo raccontare \"professionalmente\" al mondo la tua struttura. Ci siamo prefissati di essere il luogo numero uno per le informazioni sulle destinazioni in tutto il mondo, fornendo recensioni imparziali, professionali e accurate sulle strutture locali fornite dagli editori locali.<\/p>\n\n\n\n<p>La nostra missione \u00e8 correggere questo torto offrendo agli operatori delle attrazioni e ai professionisti del turismo un modo alternativo per far conoscere il loro stabilimento al grande pubblico.<\/p>\n\n\n\n<p><strong>Il nostro sito web ha lo scopo di fornire ai potenziali visitatori informazioni accurate, imparziali e aggiornate sulla citt\u00e0 che intendono visitare.<\/strong><\/p>\n<\/div><\/div>\n\n\n\n<div class=\"wp-block-citadela-blocks-custom-container citadela-block-custom-container size-wide bg-type-none inside-space-none\"><div class=\"inner-holder\">\n<div class=\"wp-block-columns is-layout-flex wp-container-core-columns-is-layout-9d6595d7 wp-block-columns-is-layout-flex\">\n<div class=\"wp-block-column is-layout-flow wp-block-column-is-layout-flow\" style=\"flex-basis:33.33%\"><div class=\"wp-block-image is-style-rounded\">\n<figure class=\"aligncenter size-full\"><img decoding=\"async\" width=\"741\" height=\"465\" src=\"https:\/\/nodengo.com\/wp-content\/uploads\/slider-img1.png\" alt=\"\" class=\"wp-image-144714\" title=\"\" srcset=\"https:\/\/nodengo.com\/wp-content\/uploads\/slider-img1.png 741w, https:\/\/nodengo.com\/wp-content\/uploads\/slider-img1-150x94.png 150w, https:\/\/nodengo.com\/wp-content\/uploads\/slider-img1-300x188.png 300w, https:\/\/nodengo.com\/wp-content\/uploads\/slider-img1-18x12.png 18w\" sizes=\"(max-width: 741px) 100vw, 741px\" \/><\/figure>\n<\/div><\/div>\n\n\n\n<div class=\"wp-block-column is-layout-flow wp-block-column-is-layout-flow\" style=\"flex-basis:66.66%\">\n<h4 class=\"wp-block-heading\"><strong>Sei interessato a essere recensito professionalmente?<\/strong><\/h4>\n\n\n\n<p>Sei nel settore dell'ospitalit\u00e0 e dei fornitori di servizi e, come sai, ci sono migliaia di recensioni disponibili su Internet e il numero \u00e8 in aumento espansivo. E mentre queste recensioni danno in qualche modo un'idea di una struttura, a nostro avviso non rappresentano pienamente ci\u00f2 che offrono queste strutture.<\/p>\n\n\n\n<p>Le OTA e i siti di viaggi offrono ai propri clienti la possibilit\u00e0 di recensire la struttura che hanno visitato, alcuni addirittura si offrono di far diventare i propri clienti \"revisori\" offrendo un compenso monetario durante la visita o il soggiorno in hotel.<\/p>\n<\/div>\n<\/div>\n<\/div><\/div>\n\n\n\n<h2 class=\"wp-block-heading\">5 MOTIVI SIAMO MIGLIORI<\/h2>\n\n\n\n<p class=\"has-text-color\" style=\"color:#4d5358\"><strong>Sappiamo cosa fare, come farlo e cosa non fare.<\/strong><\/p>\n\n\n\n<div class=\"wp-block-citadela-blocks-custom-container citadela-block-custom-container size-wide bg-type-none inside-space-none\"><div class=\"inner-holder\">\n<div class=\"wp-block-columns is-layout-flex wp-container-core-columns-is-layout-9d6595d7 wp-block-columns-is-layout-flex\">\n<div class=\"wp-block-column is-layout-flow wp-block-column-is-layout-flow\" style=\"flex-basis:45%\">\n<p class=\"has-text-align-right\"><strong>Motivo 1 : INFORMAZIONI VERAMENTE LOCALI<\/strong><\/p>\n<\/div>\n\n\n\n<div class=\"wp-block-column is-layout-flow wp-block-column-is-layout-flow\" style=\"flex-basis:55%\">\n<p style=\"font-size:15px\">Le informazioni sono genuinamente locali, poich\u00e9 i nostri\u00a0editori\u00a0sono locali, non vengono raccolte da operatori esteri che non hanno mai visitato la citt\u00e0 di cui informano i visitatori.<br>I nostri scrittori vivono nella citt\u00e0 di cui scrivono, lo sanno, vivono l\u00ec.<\/p>\n<\/div>\n<\/div>\n\n\n\n<div class=\"wp-block-columns is-layout-flex wp-container-core-columns-is-layout-9d6595d7 wp-block-columns-is-layout-flex\">\n<div class=\"wp-block-column is-layout-flow wp-block-column-is-layout-flow\" style=\"flex-basis:45%\">\n<p class=\"has-text-align-right\"><strong>Motivo 2: PRECISO<\/strong><\/p>\n<\/div>\n\n\n\n<div class=\"wp-block-column is-layout-flow wp-block-column-is-layout-flow\" style=\"flex-basis:55%\">\n<p style=\"font-size:15px\">Le nostre informazioni sono accurate, nessun ritardo tra la raccolta delle informazioni e la pubblicazione sul nostro sito, ancora una volta i nostri\u00a0editori\u00a0sono locali e cos\u00ec lo sono i loro consigli; sanno cosa sta succedendo a livello locale e nel loro quartiere e lo pubblicano sul nostro sito.<\/p>\n<\/div>\n<\/div>\n\n\n\n<div class=\"wp-block-columns is-layout-flex wp-container-core-columns-is-layout-9d6595d7 wp-block-columns-is-layout-flex\">\n<div class=\"wp-block-column is-layout-flow wp-block-column-is-layout-flow\" style=\"flex-basis:45%\">\n<p class=\"has-text-align-right\"><strong>Motivo 3: VALUTAZIONI PROFESSIONALI<\/strong><\/p>\n<\/div>\n\n\n\n<div class=\"wp-block-column is-layout-flow wp-block-column-is-layout-flow\" style=\"flex-basis:55%\">\n<p style=\"font-size:15px\">Le nostre recensioni sono scritte da persone reali ed esperte, inoltre queste recensioni non sono scritte da \"turisti dilettanti\", i nostri scrittori sono professionisti dell'hotel, conoscono la tua attivit\u00e0 e possono descrivere e valutare accuratamente la tua struttura.<\/p>\n<\/div>\n<\/div>\n\n\n\n<div class=\"wp-block-columns is-layout-flex wp-container-core-columns-is-layout-9d6595d7 wp-block-columns-is-layout-flex\">\n<div class=\"wp-block-column is-layout-flow wp-block-column-is-layout-flow\" style=\"flex-basis:45%\">\n<p class=\"has-text-align-right\"><strong>Motivo 4: SIAMO MIGLIORI<\/strong><\/p>\n<\/div>\n\n\n\n<div class=\"wp-block-column is-layout-flow wp-block-column-is-layout-flow\" style=\"flex-basis:55%\">\n<p style=\"font-size:15px\">NON siamo solo un motore di ricerca, un \"sito di recensioni\" o semplicemente interessati a pubblicare recensioni non verificate e spesso non professionali, crediamo che ci sia un modo migliore, elenchiamo recensioni oneste e accurate - crediamo che tu meriti di meglio e miriamo ad essere superiore nel rispetto<\/p>\n<\/div>\n<\/div>\n\n\n\n<div class=\"wp-block-columns is-layout-flex wp-container-core-columns-is-layout-9d6595d7 wp-block-columns-is-layout-flex\">\n<div class=\"wp-block-column is-layout-flow wp-block-column-is-layout-flow\" style=\"flex-basis:45%\">\n<p class=\"has-text-align-right\"><strong>Motivo 5: \u00c8 GRATIS<\/strong><\/p>\n<\/div>\n\n\n\n<div class=\"wp-block-column is-layout-flow wp-block-column-is-layout-flow\" style=\"flex-basis:55%\">\n<p style=\"font-size:15px\">Il nostro servizio \u00e8 gratuito, la SEO di base della tua attivit\u00e0 su Internet e su tutti i dispositivi \u00e8 gratuita. L'unico costo associato a una valutazione \u00e8 che fornisci i tuoi servizi gratuitamente a uno dei nostri editori e li pubblichiamo sul nostro sito web. Considerando le implicazioni ei costi associati ad altre valutazioni, si tratta di un costo minimo. \u00c8 cos\u00ec semplice<\/p>\n<\/div>\n<\/div>\n<\/div><\/div>\n\n\n\n<div class=\"wp-block-citadela-blocks-custom-container citadela-block-custom-container size-wide bg-type-none inside-space-none\"><div class=\"inner-holder\">\n<div class=\"wp-block-columns is-layout-flex wp-container-core-columns-is-layout-9d6595d7 wp-block-columns-is-layout-flex\">\n<div class=\"wp-block-column is-layout-flow wp-block-column-is-layout-flow\">\n<div class=\"wp-block-citadela-blocks-service citadela-block-service main-holder layout-box header-type-icon has-readmore standard\"><div class=\"service-header\"><div class=\"service-icon\"><a href=\"https:\/\/nodengo.com\/it\/-30\/\"><i class=\"fas fa-info-circle\" style=\"color:#b9b9b9\"><\/i><\/a><\/div><\/div><div class=\"service-content\"><div class=\"service-content-wrap\"><a href=\"https:\/\/nodengo.com\/it\/-30\/\"><h3 class=\"service-title\"><a href=\"https:\/\/nodengo.com\/it\/-30\/\"><\/a><a href=\"https:\/\/nodengo.com\/it\/-30\/\"><\/a><a href=\"https:\/\/nodengo.com\/it\/-30\/\"><\/a><a href=\"https:\/\/nodengo.com\/it\/-30\/\"><\/a><a href=\"https:\/\/nodengo.com\/it\/faq\/\"><\/a><a href=\"https:\/\/nodengo.com\/it\/faq\/\"><strong><\/strong><\/a><strong><a href=\"https:\/\/nodengo.com\/it\/-30\/\"> POSSIAMO AIUTARTI\u00a0<\/a><\/strong><\/h3><\/a><p class=\"service-description\">Nodengo.com pu\u00f2 aiutare i fornitori di servizi e ospitalit\u00e0 a promuovere la loro struttura.<\/p><a href=\"https:\/\/nodengo.com\/it\/-30\/\" class=\"service-readmore\"><span class=\"service-readmore-text\">Saperne di pi\u00f9<\/span><\/a><\/div><\/div><\/div>\n<\/div>\n\n\n\n<div class=\"wp-block-column is-layout-flow wp-block-column-is-layout-flow\">\n<div class=\"wp-block-citadela-blocks-service citadela-block-service main-holder layout-box header-type-icon has-readmore standard\"><div class=\"service-header\"><div class=\"service-icon\"><a href=\"https:\/\/nodengo.com\/it\/register-to-submit-your-establishment\/\"><i class=\"fas fa-pen\" style=\"color:#b9b9b9\"><\/i><\/a><\/div><\/div><div class=\"service-content\"><div class=\"service-content-wrap\"><a href=\"https:\/\/nodengo.com\/it\/register-to-submit-your-establishment\/\"><h3 class=\"service-title\"><strong><a href=\"https:\/\/nodengo.com\/it\/-30\/\"> LA TUA STRUTTURA ELENCATA<\/a><\/strong><\/h3><\/a><p class=\"service-description\">cos\u00ec puoi raggiungere potenziali viaggiatori in tutto il mondo.<\/p><a href=\"https:\/\/nodengo.com\/it\/register-to-submit-your-establishment\/\" class=\"service-readmore\"><span class=\"service-readmore-text\">Registrati GRATIS<\/span><\/a><\/div><\/div><\/div>\n<\/div>\n\n\n\n<div class=\"wp-block-column is-layout-flow wp-block-column-is-layout-flow\">\n<div class=\"wp-block-citadela-blocks-service citadela-block-service main-holder layout-box header-type-icon has-readmore standard\"><div class=\"service-header\"><div class=\"service-icon\"><a href=\"https:\/\/nodengo.com\/it\/-30\/\/\"><i class=\"fas fa-star\" style=\"color:#b9b9b9\"><\/i><\/a><\/div><\/div><div class=\"service-content\"><div class=\"service-content-wrap\"><a href=\"https:\/\/nodengo.com\/it\/-30\/\/\"><h3 class=\"service-title\"><a href=\"https:\/\/nodengo.com\/it\/-30\/\/\"><\/a><a href=\"https:\/\/nodengo.com\/it\/-30\/\/\"><\/a><a href=\"https:\/\/nodengo.com\/it\/-30\/\/\"><\/a><a href=\"https:\/\/nodengo.com\/it\/network\/\/\"><\/a><a href=\"https:\/\/nodengo.com\/it\/network\/\/\"><\/a><a href=\"https:\/\/nodengo.com\/it\/network\/\/\"><\/a><a href=\"https:\/\/nodengo.com\/it\/network\/\/\"><\/a><a href=\"https:\/\/nodengo.com\/it\/network\/\/\"><\/a><a href=\"https:\/\/nodengo.com\/it\/network\/\/\"><\/a><a href=\"https:\/\/nodengo.com\/it\/network\/\/\"><\/a><a href=\"https:\/\/nodengo.com\/it\/-30\/\/\"><strong>RICHIEDI UNA VALUTAZIONE<\/strong><\/a><\/h3><\/a><p class=\"service-description\">Fai valutare la tua struttura e beneficia della massima esposizione.<\/p><a href=\"https:\/\/nodengo.com\/it\/-30\/\/\" class=\"service-readmore\"><span class=\"service-readmore-text\">SAPERNE DI PI\u00d9<\/span><\/a><\/div><\/div><\/div>\n<\/div>\n\n\n\n<div class=\"wp-block-column is-layout-flow wp-block-column-is-layout-flow\">\n<div class=\"wp-block-citadela-blocks-service citadela-block-service main-holder layout-box header-type-icon has-readmore standard\"><div class=\"service-header\"><div class=\"service-icon\"><a href=\"https:\/\/ads.nodengo.com\/it\/\"><i class=\"fas fa-bullhorn\" style=\"color:#b9b9b9\"><\/i><\/a><\/div><\/div><div class=\"service-content\"><div class=\"service-content-wrap\"><a href=\"https:\/\/ads.nodengo.com\/it\/\"><h3 class=\"service-title\"><a href=\"https:\/\/ads.nodengo.com\/it\/\"><\/a><a href=\"https:\/\/ads.nodengo.com\/it\/\"><\/a><a href=\"https:\/\/ads.nodengo.com\/it\/\"><\/a><a href=\"https:\/\/ads.nodengo.com\/it\/\"><\/a><a href=\"https:\/\/ads.nodengo.com\/it\/\"><\/a><a href=\"https:\/\/ads.nodengo.com\/it\/\"><\/a><a href=\"https:\/\/ads.nodengo.com\/it\/\"><\/a><a href=\"https:\/\/ads.nodengo.com\/it\/\"><\/a><a href=\"https:\/\/ads.nodengo.com\/it\/\"><\/a><a href=\"https:\/\/ads.nodengo.com\/it\/\"><\/a><a href=\"https:\/\/ads.nodengo.com\/it\/\"><strong>PUBBLICIT\u00c0<\/strong><\/a><\/h3><\/a><p class=\"service-description\"> Fai pubblicit\u00e0 su Nodengo.com e approfitta delle nostre opzioni pubblicitarie veramente mirate.<\/p><a href=\"https:\/\/ads.nodengo.com\/it\/\" class=\"service-readmore\"><span class=\"service-readmore-text\">PUBBLICIT\u00c0<\/span><\/a><\/div><\/div><\/div>\n<\/div>\n<\/div>\n\n\n\n<p>Oltre a fornire informazioni locali accurate, Nodengo.com offre anche una miriade di altre opzioni.<\/p>\n\n\n\n<ul class=\"wp-block-list\">\n<li>Un&nbsp;<strong><a href=\"https:\/\/nodengo.com\/it\/voli\/\" target=\"_blank\" data-type=\"page\" data-id=\"26317\" rel=\"noreferrer noopener\">motore di ricerca di voli<\/a>&nbsp;<\/strong>per trovare l'offerta migliore e prenotare i voli tra 728 Airlines e 5 sistema di prenotazione.<\/li>\n\n\n\n<li>Un meta motore di ricerca per trovare il&nbsp;<a href=\"https:\/\/nodengo.com\/it\/hotels\/\" target=\"_blank\" data-type=\"page\" data-id=\"26236\" rel=\"noreferrer noopener\"><strong>miglior albergo<\/strong><\/a>&nbsp;ai migliori prezzi e fino al 60% di sconto.<\/li>\n\n\n\n<li><strong>Attivit\u00e0 online prima dell'arrivo<\/strong>, salta le righe e scegli i migliori spettacoli prima di andare.<\/li>\n\n\n\n<li><strong>Un autonoleggio<\/strong><a href=\"https:\/\/nodengo.com\/it\/-12\/\" target=\"_blank\" data-type=\"page\" data-id=\"26089\" rel=\"noreferrer noopener\"><strong>&nbsp;motore di ricerca<\/strong><\/a>&nbsp;per trovare l'auto migliore al miglior prezzo in qualsiasi parte del mondo.<\/li>\n<\/ul>\n\n\n\n<p><\/p>\n<\/div><\/div>","protected":false},"excerpt":{"rendered":"<p>Partners | Editors | Help | Contact | Account 5 REASONS WE ARE BETTER We know what must be done, what has to be done, and what should not be [&hellip;]<\/p>\n","protected":false},"author":249,"featured_media":0,"parent":54134,"menu_order":0,"comment_status":"closed","ping_status":"closed","template":"","meta":{"_uag_custom_page_level_css":"","_citadela_hide_page_title":"1","_citadela_remove_header_space":"1","_citadela_custom_class":"","_citadela_half_map_provider":"","_citadela_half_map_theme":"","_citadela_half_map_themeOSM":"","_citadela_half_map_customTheme":"","_citadela_half_map_dataType":"","_citadela_half_map_dynamicTrack":false,"_citadela_half_map_trackColor":"","_citadela_half_map_trackEndpointsColor":"","_citadela_half_map_filterCategory":"","_citadela_half_map_filterLocation":"","_citadela_half_map_filterFeatured":false,"_citadela_half_map_noDataBehavior":"empty-map","_citadela_half_map_noDataText":"","_citadela_half_map_clusterGridSize":80,"_citadela_header":true,"_citadela_header_over_content":false,"_citadela_header_text_color":"","_citadela_header_logo":{"id":208235,"url":"https:\/\/nodengo.com\/wp-content\/uploads\/Nodengo-logo-nhn.jpg","size":{"width":316,"height":75}},"_citadela_header_bg_image":[],"_citadela_header_bg_position":{"x":0.5,"y":0.5},"_citadela_header_bg_size":"cover","_citadela_header_bg_repeat":"no-repeat","_citadela_header_bg_fixed":false,"_citadela_header_bg_color":"","_citadela_header_bg_image_overlay":"","_citadela_header_transparent_bg":false,"_citadela_content_width":"","_citadela_half_layout_position":"","footnotes":""},"class_list":["post-54052","page","type-page","status-publish","hentry"],"uagb_featured_image_src":{"full":false,"thumbnail":false,"medium":false,"medium_large":false,"large":false,"1536x1536":false,"2048x2048":false,"trp-custom-language-flag":false,"citadela_item_thumbnail":false,"woocommerce_thumbnail":false,"woocommerce_single":false,"woocommerce_gallery_thumbnail":false,"citadela_service":false},"uagb_author_info":{"display_name":"Team Nodengo","author_link":"https:\/\/nodengo.com\/it\/author\/nodengo-team\/"},"uagb_comment_info":0,"uagb_excerpt":"Partners | Editors | Help | Contact | Account 5 REASONS WE ARE BETTER We know what must be done, what has to be done, and what should not be [&hellip;]","_links":{"self":[{"href":"https:\/\/nodengo.com\/it\/wp-json\/wp\/v2\/pages\/54052","targetHints":{"allow":["GET"]}}],"collection":[{"href":"https:\/\/nodengo.com\/it\/wp-json\/wp\/v2\/pages"}],"about":[{"href":"https:\/\/nodengo.com\/it\/wp-json\/wp\/v2\/types\/page"}],"author":[{"embeddable":true,"href":"https:\/\/nodengo.com\/it\/wp-json\/wp\/v2\/users\/249"}],"replies":[{"embeddable":true,"href":"https:\/\/nodengo.com\/it\/wp-json\/wp\/v2\/comments?post=54052"}],"version-history":[{"count":0,"href":"https:\/\/nodengo.com\/it\/wp-json\/wp\/v2\/pages\/54052\/revisions"}],"up":[{"embeddable":true,"href":"https:\/\/nodengo.com\/it\/wp-json\/wp\/v2\/pages\/54134"}],"wp:attachment":[{"href":"https:\/\/nodengo.com\/it\/wp-json\/wp\/v2\/media?parent=54052"}],"curies":[{"name":"wp","href":"https:\/\/api.w.org\/{rel}","templated":true}]}}