{"id":53486,"date":"2022-09-16T15:03:47","date_gmt":"2022-09-16T13:03:47","guid":{"rendered":"https:\/\/nodengo.com\/?page_id=53486"},"modified":"2024-08-20T10:25:43","modified_gmt":"2024-08-20T08:25:43","slug":"-37","status":"publish","type":"page","link":"https:\/\/nodengo.com\/it\/hospitality-network\/review-request\/","title":{"rendered":"Review request"},"content":{"rendered":"<div class=\"wp-block-citadela-blocks-custom-container citadela-block-custom-container size-wide bg-type-none inside-space-none\"><div class=\"inner-holder\">\n<div class=\"wp-block-columns is-layout-flex wp-container-core-columns-is-layout-9d6595d7 wp-block-columns-is-layout-flex\">\n<div class=\"wp-block-column is-layout-flow wp-block-column-is-layout-flow\">\t\t\t<!-- Flexy Breadcrumb -->\r\n\t\t\t<div class=\"fbc fbc-page\">\r\n\r\n\t\t\t\t<!-- Breadcrumb wrapper -->\r\n\t\t\t\t<div class=\"fbc-wrap\">\r\n\r\n\t\t\t\t\t<!-- Ordered list-->\r\n\t\t\t\t\t<ol class=\"fbc-items\" itemscope itemtype=\"https:\/\/schema.org\/BreadcrumbList\">\r\n\t\t\t\t\t\t            <li itemprop=\"itemListElement\" itemscope itemtype=\"https:\/\/schema.org\/ListItem\">\r\n                <span itemprop=\"name\">\r\n                    <!-- Home Link -->\r\n                    <a itemprop=\"item\" href=\"https:\/\/nodengo.com\/it\/\">\r\n                    \r\n                                                    <i class=\"fa fa-home\" aria-hidden=\"true\"><\/i>Home                    <\/a>\r\n                <\/span>\r\n                <meta itemprop=\"position\" content=\"1\" \/><!-- Meta Position-->\r\n             <\/li><li><span class=\"fbc-separator\">\/<\/span><\/li><li class=\"active\" itemprop=\"itemListElement\" itemscope itemtype=\"https:\/\/schema.org\/ListItem\"><span itemprop=\"name\" title=\"Best Travel Blog\">Best Travel Blog<\/span><meta itemprop=\"position\" content=\"2\" \/><\/li>\t\t\t\t\t<\/ol>\r\n\t\t\t\t\t<div class=\"clearfix\"><\/div>\r\n\t\t\t\t<\/div>\r\n\t\t\t<\/div>\r\n\t\t\t\n<\/div>\n\n\n\n<div class=\"wp-block-column is-layout-flow wp-block-column-is-layout-flow\">\n<div style=\"height:20px\" aria-hidden=\"true\" class=\"wp-block-spacer\"><\/div>\n\n\n\n<p><i class=\"fas fa-user\"><\/i> <a href=\"\/it\/partner-help\/\">Partner<\/a> | <i class=\"fas fa-pen\"><\/i> <a href=\"\/it\/partner-help\/#editors\">Editori<\/a> | <i class=\"fas fa-question\"><\/i> <a href=\"\/it\/partner-help\/\">Aiuto<\/a> | <i class=\"fas fa-id-card\"><\/i> <a href=\"https:\/\/nodengo.com\/it\/parther-help\/-4\/\">Contatto<\/a> | <i class=\"fas fa-list\"><\/i> <a href=\"\/it\/my-account\/\">Conto <\/a><\/p>\n<\/div>\n<\/div>\n\n\n\n<div class=\"wp-block-citadela-blocks-custom-container citadela-block-custom-container size-wide bg-type-image inside-space-none bg-size-full-horizontal has-overlay has-min-height vertical-align-top\" style=\"min-height:250px\"><div class=\"bg-image-wrapper\" style=\"background-image:url(https:\/\/nodengo.com\/wp-content\/uploads\/sptemplatetop_review.jpg);background-repeat:no-repeat;background-position:50% 50%\"><\/div><div class=\"bg-image-overlay\" style=\"opacity:0.5\"><\/div><div class=\"inner-holder\">\n<h5 class=\"wp-block-heading has-text-align-center has-white-color has-text-color has-link-color wp-elements-4460bdfde009ae85fa9d2cc955b16f83\">ECCO I PASSAGGI DA SEGUIRE PER FAR VALUTARE LA TUA STRUTTURA DA UN EDITORE LOCALE<\/h5>\n\n\n\n<div style=\"height:100px\" aria-hidden=\"true\" class=\"wp-block-spacer\"><\/div>\n\n\n\n<h2 class=\"wp-block-heading has-text-align-left\">RICHIEDI UNA VALUTAZIONE<\/h2>\n\n\n\n<div style=\"height:100px\" aria-hidden=\"true\" class=\"wp-block-spacer\"><\/div>\n<\/div><\/div>\n<\/div><\/div>\n\n\n\n<div style=\"height:20px\" aria-hidden=\"true\" class=\"wp-block-spacer\"><\/div>\n\n\n\n<div class=\"wp-block-citadela-blocks-custom-container citadela-block-custom-container size-wide bg-type-none inside-space-none\"><div class=\"inner-holder\">\n<p>There is a significant distinction in our business between being &#8220;listed&#8221; and being &#8220;reviewed&#8221; on our website, Nodengo.com. Being &#8220;reviewed&#8221; entails a visit from one of our local editors who will then publish the establishment on our site. This is not available for purchase. On the other hand, being &#8220;listed&#8221; means you can add your establishment to our site for free, with the option to upgrade to an enhanced listing.<\/p>\n\n\n\n<p><strong>Se desideri pianificare una richiesta di revisione per la tua attivit\u00e0, procedi nel seguente modo:<\/strong><\/p>\n\n\n\n<ul class=\"wp-block-list\">\n<li>Questa valutazione sar\u00e0 effettuata sulla nostra rete da redattori locali che vivono e lavorano nella tua citt\u00e0.<\/li>\n\n\n\n<li>Complete our&nbsp;request form.<\/li>\n\n\n\n<li>Leggi e accetta i nostri requisiti che ti verranno inviati una volta ricevuta la tua richiesta.<\/li>\n\n\n\n<li>Ovviamente un redattore non pu\u00f2 \"recensire\" un'azienda con la quale ha legami in qualsiasi modo, professionalmente o personalmente, o dove ha dei familiari che lavorano in azienda.<\/li>\n\n\n\n<li>Verrai contattato entro 48 ore dal nostro team per confermare la tua richiesta.<\/li>\n\n\n\n<li>Entro 14 giorni dalla tua richiesta accettata, la tua struttura sar\u00e0 visitata in forma anonima.<\/li>\n\n\n\n<li>Al termine della visita, il nostro Editor si presenter\u00e0 ufficialmente come Editor di Nodengo presentando le proprie credenziali.<\/li>\n\n\n\n<li>Le loro tariffe presso la tua struttura per questa visita verranno \"rinunciate\"\n<ul class=\"wp-block-list\">\n<li><em>Do note that we have extremely&nbsp;strict guidelines, as not only as to what is permitted but also as to their conduct while in your establishment, you are fully authorized to consult them prior to agreeing to the process<\/em><\/li>\n<\/ul>\n<\/li>\n\n\n\n<li>La tua struttura viene valutata in base all\u2019esperienza dell\u2019editore e secondo i nostri criteri.<\/li>\n\n\n\n<li>Per quanto riguarda le recensioni dei ristoranti: anche se i nostri redattori sono veramente professionisti, non siamo \u201ccritici\u201d dei ristoranti e quindi il nostro lavoro non si concentrer\u00e0 esclusivamente sul cibo e sui piatti, ma piuttosto sull'atmosfera generale e sul servizio. Per tutti gli altri stabilimenti, saranno valutati secondo gli standard stabiliti nei rispettivi settori.<\/li>\n\n\n\n<li>La tua recensione viene quindi controllata dalla nostra sede centrale per le linee guida sullo stile di pubblicazione e le specifiche tecniche e pubblicata.<\/li>\n\n\n\n<li>In quanto azienda \"valutata\", e se la tua valutazione \u00e8 idonea, la tua struttura beneficer\u00e0 automaticamente del nostro SEO migliorato, aggiunto alle nostre sezioni \"in primo piano\", aumentando cos\u00ec la tua visibilit\u00e0 sul nostro sito.<\/li>\n\n\n\n<li>La recensione viene visualizzata entro 72 ore dal completamento.<\/li>\n<\/ul>\n\n\n\n<div class=\"wp-block-buttons is-layout-flex wp-block-buttons-is-layout-flex\">\n<div class=\"wp-block-button has-custom-width wp-block-button__width-100 is-style-outline is-style-outline--2\"><a class=\"wp-block-button__link wp-element-button\" href=\"https:\/\/nodengo.com\/it\/-30\/richiesta-valutazione-invio\/\">Invia la mia richiesta di valutazione<\/a><\/div>\n<\/div>\n\n\n\n<div style=\"height:26px\" aria-hidden=\"true\" class=\"wp-block-spacer\"><\/div>\n\n\n\n<div class=\"wp-block-columns is-layout-flex wp-container-core-columns-is-layout-9d6595d7 wp-block-columns-is-layout-flex\">\n<div class=\"wp-block-column is-layout-flow wp-block-column-is-layout-flow\" style=\"flex-basis:33.33%\">\n<div class=\"wp-block-uagb-image uagb-block-e7c2483d wp-block-uagb-image--layout-default wp-block-uagb-image--effect-static wp-block-uagb-image--align-none\"><figure class=\"wp-block-uagb-image__figure\"><img decoding=\"async\" srcset=\"https:\/\/nodengo.com\/wp-content\/uploads\/Reviews-page-header-300x158.jpg ,https:\/\/nodengo.com\/wp-content\/uploads\/Reviews-page-header.jpg 780w, https:\/\/nodengo.com\/wp-content\/uploads\/Reviews-page-header.jpg 360w\" sizes=\"auto, (max-width: 480px) 150px\" src=\"https:\/\/nodengo.com\/wp-content\/uploads\/Reviews-page-header-300x158.jpg\" alt=\"Reviews request\" class=\"uag-image-140961\" width=\"300\" height=\"158\" title=\"Reviews OG header concept\" loading=\"lazy\" role=\"img\"\/><\/figure><\/div>\n<\/div>\n\n\n\n<div class=\"wp-block-column is-layout-flow wp-block-column-is-layout-flow\" style=\"flex-basis:66.66%\">\n<p><strong>Informazioni importanti<\/strong>:  <\/p>\n\n\n\n<p class=\"has-small-font-size\"><em>Non pubblichiamo \u201ccattivi risultati\u201d. Se la vostra struttura \"fallisce\", secondo i nostri criteri, semplicemente non la pubblicheremo, perch\u00e9 come accennato in precedenza, non ci interessano i numeri ma la qualit\u00e0 a vantaggio di tutte le strutture elencate sul nostro sito, vi contatteremo comunque e ti informer\u00e0 della nostra decisione, tieni presente che la nostra decisione \u00e8 definitiva e senza appello<\/em><\/p>\n\n\n\n<p class=\"has-small-font-size\"><em>Tuttavia, poich\u00e9 sappiamo che a volte le cose possono andare molto storte e ci\u00f2 non riflette necessariamente la vostra struttura, autorizzeremo una richiesta di valutazione aggiuntiva, entro due mesi dalla prima visita.<\/em><\/p>\n\n\n\n<p class=\"has-small-font-size\">Se desideri maggiori informazioni sulla procedura di richiesta di revisione prima di richiedere una revisione, non esitare a contattarci<\/p>\n<\/div>\n<\/div>\n<\/div><\/div>","protected":false},"excerpt":{"rendered":"","protected":false},"author":249,"featured_media":0,"parent":54134,"menu_order":0,"comment_status":"closed","ping_status":"closed","template":"","meta":{"_uag_custom_page_level_css":"","_citadela_hide_page_title":"1","_citadela_remove_header_space":"1","_citadela_custom_class":"","_citadela_half_map_provider":"","_citadela_half_map_theme":"","_citadela_half_map_themeOSM":"","_citadela_half_map_customTheme":"","_citadela_half_map_dataType":"","_citadela_half_map_dynamicTrack":false,"_citadela_half_map_trackColor":"","_citadela_half_map_trackEndpointsColor":"","_citadela_half_map_filterCategory":"","_citadela_half_map_filterLocation":"","_citadela_half_map_filterFeatured":false,"_citadela_half_map_noDataBehavior":"empty-map","_citadela_half_map_noDataText":"","_citadela_half_map_clusterGridSize":80,"_citadela_header":true,"_citadela_header_over_content":false,"_citadela_header_text_color":"","_citadela_header_logo":{"id":208235,"url":"https:\/\/nodengo.com\/wp-content\/uploads\/Nodengo-logo-nhn.jpg","size":{"width":316,"height":75}},"_citadela_header_bg_image":[],"_citadela_header_bg_position":{"x":0.5,"y":0.5},"_citadela_header_bg_size":"cover","_citadela_header_bg_repeat":"no-repeat","_citadela_header_bg_fixed":false,"_citadela_header_bg_color":"","_citadela_header_bg_image_overlay":"","_citadela_header_transparent_bg":false,"_citadela_content_width":"","_citadela_half_layout_position":"","footnotes":""},"class_list":["post-53486","page","type-page","status-publish","hentry"],"uagb_featured_image_src":{"full":false,"thumbnail":false,"medium":false,"medium_large":false,"large":false,"1536x1536":false,"2048x2048":false,"trp-custom-language-flag":false,"citadela_item_thumbnail":false,"woocommerce_thumbnail":false,"woocommerce_single":false,"woocommerce_gallery_thumbnail":false,"citadela_service":false},"uagb_author_info":{"display_name":"Team Nodengo","author_link":"https:\/\/nodengo.com\/it\/author\/nodengo-team\/"},"uagb_comment_info":0,"uagb_excerpt":null,"_links":{"self":[{"href":"https:\/\/nodengo.com\/it\/wp-json\/wp\/v2\/pages\/53486","targetHints":{"allow":["GET"]}}],"collection":[{"href":"https:\/\/nodengo.com\/it\/wp-json\/wp\/v2\/pages"}],"about":[{"href":"https:\/\/nodengo.com\/it\/wp-json\/wp\/v2\/types\/page"}],"author":[{"embeddable":true,"href":"https:\/\/nodengo.com\/it\/wp-json\/wp\/v2\/users\/249"}],"replies":[{"embeddable":true,"href":"https:\/\/nodengo.com\/it\/wp-json\/wp\/v2\/comments?post=53486"}],"version-history":[{"count":0,"href":"https:\/\/nodengo.com\/it\/wp-json\/wp\/v2\/pages\/53486\/revisions"}],"up":[{"embeddable":true,"href":"https:\/\/nodengo.com\/it\/wp-json\/wp\/v2\/pages\/54134"}],"wp:attachment":[{"href":"https:\/\/nodengo.com\/it\/wp-json\/wp\/v2\/media?parent=53486"}],"curies":[{"name":"wp","href":"https:\/\/api.w.org\/{rel}","templated":true}]}}