{"id":38786,"date":"2022-05-17T12:54:05","date_gmt":"2022-05-17T10:54:05","guid":{"rendered":"https:\/\/nodengo.com\/?page_id=38786"},"modified":"2024-08-20T10:25:50","modified_gmt":"2024-08-20T08:25:50","slug":"-39","status":"publish","type":"page","link":"https:\/\/nodengo.com\/it\/publisher-agreement\/","title":{"rendered":"Accordo e Consenso"},"content":{"rendered":"<div class=\"wp-block-columns is-layout-flex wp-container-core-columns-is-layout-9d6595d7 wp-block-columns-is-layout-flex\">\n<div class=\"wp-block-column is-layout-flow wp-block-column-is-layout-flow\">\t\t\t<!-- Flexy Breadcrumb -->\r\n\t\t\t<div class=\"fbc fbc-page\">\r\n\r\n\t\t\t\t<!-- Breadcrumb wrapper -->\r\n\t\t\t\t<div class=\"fbc-wrap\">\r\n\r\n\t\t\t\t\t<!-- Ordered list-->\r\n\t\t\t\t\t<ol class=\"fbc-items\" itemscope itemtype=\"https:\/\/schema.org\/BreadcrumbList\">\r\n\t\t\t\t\t\t            <li itemprop=\"itemListElement\" itemscope itemtype=\"https:\/\/schema.org\/ListItem\">\r\n                <span itemprop=\"name\">\r\n                    <!-- Home Link -->\r\n                    <a itemprop=\"item\" href=\"https:\/\/nodengo.com\/it\/\">\r\n                    \r\n                                                    <i class=\"fa fa-home\" aria-hidden=\"true\"><\/i>Home                    <\/a>\r\n                <\/span>\r\n                <meta itemprop=\"position\" content=\"1\" \/><!-- Meta Position-->\r\n             <\/li><li><span class=\"fbc-separator\">\/<\/span><\/li><li class=\"active\" itemprop=\"itemListElement\" itemscope itemtype=\"https:\/\/schema.org\/ListItem\"><span itemprop=\"name\" title=\"Best Travel Blog\">Best Travel Blog<\/span><meta itemprop=\"position\" content=\"2\" \/><\/li>\t\t\t\t\t<\/ol>\r\n\t\t\t\t\t<div class=\"clearfix\"><\/div>\r\n\t\t\t\t<\/div>\r\n\t\t\t<\/div>\r\n\t\t\t\n<\/div>\n\n\n\n<div class=\"wp-block-column is-layout-flow wp-block-column-is-layout-flow\">\n<p><i class=\"fas fa-user\"><\/i> <a href=\"\/it\/partner-help\/\">Partner<\/a> | <i class=\"fas fa-pen\"><\/i> <a href=\"\/it\/partner-help\/#editors\">Editori<\/a> | <i class=\"fas fa-question\"><\/i> <a href=\"\/it\/partner-help\/\">Aiuto<\/a> | <i class=\"fas fa-id-card\"><\/i> <a href=\"https:\/\/nodengo.com\/it\/parther-help\/-4\/\">Contatto<\/a> | <i class=\"fas fa-list\"><\/i> <a href=\"\/it\/my-account\/\">Conto <\/a><\/p>\n<\/div>\n<\/div>\n\n\n\n<h3 class=\"wp-block-heading\"><strong>Accordo e Consenso<\/strong><\/h3>\n\n\n\n<p class=\"has-small-font-size\"><strong>1. Accettazione del Contratto Editore Nodengo.com<\/strong><\/p>\n\n\n\n<p class=\"has-small-font-size\">La durata del presente Contratto inizier\u00e0 al momento della registrazione e dell'accettazione e continuer\u00e0 fino alla risoluzione da parte nostra o da parte tua.<\/p>\n\n\n\n<p class=\"has-small-font-size\">Questi termini e condizioni, come modificati di volta in volta, si applicano a tutti i nostri servizi. Abbiamo il diritto di risolvere il presente Contratto e il tuo accesso al tuo account del Programma in qualsiasi momento.<br>Registrando, pubblicando e utilizzando il nostro sito Web o una qualsiasi delle nostre applicazioni attraverso qualsiasi piattaforma (di seguito collettivamente denominata \"Piattaforma\"), riconosci e accetti di aver letto, compreso e accettato il contratto con l'editore riportato di seguito.<\/p>\n\n\n\n<p class=\"has-small-font-size\">Queste pagine, i contenuti e l'infrastruttura da noi forniti su queste pagine e attraverso il sito Web sono di propriet\u00e0, gestiti e forniti da Nodengo.com<\/p>\n\n\n\n<p class=\"has-small-font-size\"><strong>2<a>. <\/a>Ambito e natura del nostro servizio<\/strong><br>Attraverso il nostro sito web, Nodengo.com fornisce una piattaforma online per la quale l'editore pu\u00f2 commercializzare e promuovere i propri servizi.<\/p>\n\n\n\n<p class=\"has-small-font-size\">L'editore \u00e8 pienamente responsabile della propria condotta professionale degli affari. L'editore pu\u00f2 pubblicizzare, commercializzare, vendere, promuovere e\/o offrire (a seconda dei casi) i propri prodotti e servizi per ordine, acquisto, prenotazione, noleggio e attraverso i quali i visitatori pertinenti della Piattaforma possono scoprire, cercare, confrontare e inserire un ordine.<\/p>\n\n\n\n<p class=\"has-small-font-size\">Ciascun Editore rimane responsabile dell'accuratezza, della completezza e della correttezza delle informazioni descrittive ed \u00e8 responsabile dell'aggiornamento di tutte le tariffe\/commissioni\/prezzi, disponibilit\u00e0, politiche, condizioni e altre informazioni pertinenti che vengono visualizzate sulla nostra Piattaforma<\/p>\n\n\n\n<p class=\"has-small-font-size\">Quando prestiamo il nostro servizio, le informazioni che divulghiamo si basano sulle informazioni fornite dall'editore. Sebbene utilizzeremo ragionevole competenza e cura nell'esecuzione del nostro servizio, non verificheremo e non possiamo garantire che tutte le informazioni siano accurate, complete o corrette, n\u00e9 possiamo essere ritenuti responsabili per eventuali errori (inclusi errori manifesti e tipografici), eventuali interruzioni (a causa di qualsiasi guasto, riparazione, aggiornamento o manutenzione (temporanea e\/o parziale) della nostra Piattaforma o altro), informazioni inaccurate, fuorvianti o false, n\u00e9 mancata fornitura di informazioni<\/p>\n\n\n\n<p class=\"has-small-font-size\"><strong>3. Responsabilit\u00e0 dell'editore<\/strong><\/p>\n\n\n\n<ol class=\"has-small-font-size wp-block-list\">\n<li>\u00c8 necessario registrarsi per utilizzare parte del nostro Sito, \u00e8 tua responsabilit\u00e0 fornire dettagli di registrazione accurati e completi e mantenere tali dettagli aggiornati. Abbiamo il diritto di fare affidamento su tutti i dettagli di registrazione che ci fornisci. Sei responsabile di qualsiasi attivit\u00e0 che si verifica nel tuo account. Pertanto, \u00e8 importante mantenere il tuo account sicuro. Un modo per farlo \u00e8 selezionare una password complessa che non utilizzi per nessun altro account.<\/li>\n\n\n\n<li>La tua registrazione al nostro Sito deve avvenire nel nome della tua struttura\/azienda, non sotto nomi falsi o fittizi e non con l'identit\u00e0 di qualsiasi altra persona o azienda. Non devi fingere di essere una persona diversa. \u00c8 necessario fornire un indirizzo e-mail valido al momento della registrazione al nostro sito. Ci autorizzi, direttamente o tramite terzi, a effettuare qualsiasi richiesta che riteniamo opportuna per verificare le informazioni sull'account fornite. Acconsenti inoltre all'invio occasionale di e-mail relative al Programma e ad altre opportunit\u00e0 di pubblicazione. Riconosci e accetti inoltre che potremmo interrompere l'invio di e-mail senza preavviso.<\/li>\n\n\n\n<li>Salvo diversa indicazione, ogni registrazione \u00e8 valida per un solo utente e non per pi\u00f9 utenti. Se ti viene fornito un codice di identificazione utente, una password o qualsiasi altra informazione come parte delle nostre procedure di sicurezza, devi trattare tali informazioni come riservate. Non devi divulgarlo a terzi e devi mantenerlo aggiornato finch\u00e9 utilizzi il Programma. Sei l'unico responsabile per qualsiasi perdita o danno che tu o noi potremmo subire a causa della tua incapacit\u00e0 di farlo. Se ritieni che qualcuno abbia avuto accesso al tuo account, contatta immediatamente l'assistenza.<\/li>\n\n\n\n<li>Possiamo sospendere, chiudere o impedire il tuo account e\/o il tuo accesso a uno o tutti i Siti a nostra esclusiva discrezione. Laddove sospendiamo, interrompiamo o impediamo la tua registrazione, non devi tentare di registrare nuovamente o inviare alcun contenuto, materiale o applicazione senza il nostro previo consenso scritto.\n<ol class=\"wp-block-list\">\n<li>A scanso di equivoci, laddove sospendiamo, chiudiamo o altrimenti impediamo il tuo account o il tuo accesso a qualsiasi Sito, potremmo continuare a pubblicare o utilizzare i tuoi Contenuti, in conformit\u00e0 con le disposizioni dei Termini applicabili. <\/li>\n\n\n\n<li>Se sai o sospetti che qualcun altro oltre a te conosca il tuo codice identificativo utente o la tua password, devi comunicarcelo tempestivamente.<\/li>\n<\/ol>\n<\/li>\n\n\n\n<li>Abbiamo il diritto di rimuovere o modificare i metadati e la descrizione del prodotto, le informazioni o le immagini che rendi disponibili per la tua inserzione per qualsiasi motivo, anche se stabiliamo che non \u00e8 conforme ai nostri requisiti di contenuto.<\/li>\n<\/ol>\n\n\n\n<p class=\"has-small-font-size\"><strong>4. Contenuto inviato<\/strong><\/p>\n\n\n\n<p class=\"has-small-font-size\">Con la presente ci concedi il diritto e la licenza non esclusivi, esenti da royalty, mondiali e, con qualsiasi mezzo, di utilizzare, riprodurre, distribuire, modificare per scopi tecnici, eseguire pubblicamente, visualizzare pubblicamente e visualizzare digitalmente i tuoi contenuti pubblicati.<\/p>\n\n\n\n<p class=\"has-small-font-size\">The products and any services provided in connection with this agreement are supplied on an &#8220;as is&#8221; and &#8220;as available&#8221; basis. To the fullest extent under applicable law, we make no, and disclaims all, warranties (including, but not limited to, any implied warranties of merchantability, fitness for a particular purpose and non-infringement), guarantees, and representations, whether express, implied, oral or otherwise. In no event shall provider or any partner be responsible for any consequential, incidental, special, punitive, exemplary, or indirect damages arising from or relating to this agreement or otherwise, including, without limitation, lost revenue, or profits, even if provider has been advised of the possibility of such damages.<\/p>\n\n\n\n<p class=\"has-small-font-size\">Accetti che tutte le informazioni inviate, inclusi testo, immagini, suoni, video appartengano a te o che tu abbia il permesso di inviarle. Accetti inoltre che abbiamo il permesso di utilizzarlo su qualsiasi nostra rete di siti web. Accetti di manlevarci da ogni responsabilit\u00e0 e di non ritenerci responsabili per la visualizzazione delle informazioni che ci invii. Quando ti iscrivi a Nodengo.com accetti che potremmo occasionalmente contattarti via telefono, email o posta in merito a offerte speciali, opzioni di aggiornamento, elenchi migliorati, ecc.<\/p>\n\n\n\n<p class=\"has-small-font-size\"><strong>5. Commissioni e pagamenti<\/strong><\/p>\n\n\n\n<p class=\"has-small-font-size\">5.1 Commissioni \u2013 Acquistando un abbonamento, accetti tutte le tariffe e i termini di pagamento descritti nel presente documento e\/o durante il processo di registrazione online.<\/p>\n\n\n\n<p class=\"has-small-font-size\">5.2 Ti verr\u00e0 richiesto di fornire a Nodengo.com il pagamento al momento della registrazione per un abbonamento. Con la presente garantisci e dichiari di avere l'autorit\u00e0 di fornire tali informazioni di pagamento a Nodengo.com e sarai responsabile di tutti gli addebiti a ci\u00f2 effettuati. Nodengo.com addebiter\u00e0 sulla tua carta di credito in anticipo rispetto a ciascun Periodo di fatturazione (come definito di seguito) le commissioni sostenute per tale Periodo di fatturazione, nonch\u00e9 eventuali saldi in sospeso. Il tuo \"Periodo di fatturazione\" sar\u00e0 specificato da Nodengo.com al momento della registrazione, sebbene Nodengo.com si riservi il diritto di modificare la durata dei futuri periodi di fatturazione in qualsiasi momento.<\/p>\n\n\n\n<p class=\"has-small-font-size\">5.3 Rinnovo automatico - NODENGO.COM Rinnover\u00e0 AUTOMATICAMENTE CIASCUNO DEI TUOI ABBONAMENTI IN ELENCO E ADDEBITI LA TUA CARTA DI CREDITO ALL'INIZIO DI CIASCUN PERIODO DI RINNOVO DELL'ABBONAMENTO, FINO A QUANDO IL TUO ABBONAMENTO NON SIA STATO ANNULLATO. L'addebito automatico sulla tua carta di credito avverr\u00e0 all'inizio di ogni rinnovo dell'abbonamento. L'utente riconosce che l'importo fatturato ogni anno pu\u00f2 variare per motivi quali la non pi\u00f9 applicazione delle tariffe promozionali, modifiche dell'abbonamento o altri motivi; e ci autorizzi ad addebitare sulla tua carta di credito tali importi variabili.<\/p>\n\n\n\n<p class=\"has-small-font-size\"><strong>6<\/strong>. <strong>Inserzionisti<\/strong><\/p>\n\n\n\n<p class=\"has-small-font-size\">In qualit\u00e0 di editore, puoi visualizzare annunci pubblicitari e altre informazioni in determinate aree del Sito tramite la nostra piattaforma pubblicitaria. Se sei un inserzionista, ti assumerai la piena responsabilit\u00e0 per qualsiasi pubblicit\u00e0 inserita sul Sito e per tutti i servizi forniti sul Sito o per i prodotti venduti tramite tali pubblicit\u00e0.<\/p>\n\n\n\n<p class=\"has-small-font-size\"><strong>7. Modifiche e interruzioni<\/strong><br>Ci riserviamo il diritto di cambiare, modificare o rimuovere il contenuto del Sito in qualsiasi momento o per qualsiasi motivo, a nostra esclusiva discrezione e senza preavviso. Inoltre, non abbiamo alcun obbligo di aggiornare alcuna informazione sul nostro sito.<br>Nodengo.com si riserva il diritto di:.<\/p>\n\n\n\n<p class=\"has-small-font-size\">     7.1 modificare o rimuovere (temporaneamente o permanentemente) il sito Web o qualsiasi parte di esso senza preavviso e l'utente conferma che Nodengo.com non sar\u00e0 responsabile nei suoi confronti per tali modifiche o rimozioni e. modificare i presenti Termini e Condizioni in qualsiasi momento e l'uso continuato del Sito Web in seguito a eventuali modifiche sar\u00e0 considerato come accettazione di tale modifica.<\/p>\n\n\n\n<p class=\"has-small-font-size\">      7.2 Modificare, aggiornare o interrompere determinati prodotti e funzionalit\u00e0 dei Servizi. Nodengo.com non \u00e8 in alcun modo responsabile per eventuali perdite, lesioni o danni diretti o indiretti di qualsiasi tipo che siano, generali, speciali, compensativi, consequenziali e\/o accessori derivanti da o relativi alla tua condotta o altrimenti in connessione con Utilizzo del Servizio, inclusi, senza limitazione, lesioni personali, stress emotivo e\/o qualsiasi altro danno derivante da comunicazioni o incontri con altri utenti registrati al nostro Servizio o persone che puoi incontrare tramite questo Servizio.<\/p>\n\n\n\n<p class=\"has-small-font-size\">         7.3 Forza maggiore. Nodengo.com non sar\u00e0 responsabile nei tuoi confronti per qualsiasi inadempimento o ritardo nell'adempimento dei suoi obblighi ai sensi del presente Accordo causato da qualsiasi evento o circostanza al di fuori del suo controllo, inclusi, ma non limitati a, attacchi di negazione del servizio, insurrezioni, incendi , inondazioni, tempeste, esplosioni, cause di forza maggiore, guerre, terrorismo e condizioni di lavoro.<\/p>\n\n\n\n<p class=\"has-small-font-size\"><strong>8. Propriet\u00e0 intellettuale<\/strong><br>Tutti i diritti d'autore, i marchi e tutti gli altri diritti di propriet\u00e0 intellettuale sul sito Web e sui suoi contenuti (inclusi, a titolo esemplificativo, il design del sito Web, il testo, la grafica e tutto il software e i codici sorgente collegati al sito Web) sono di propriet\u00e0 o concessi in licenza a Nodengo.com o altrimenti utilizzati da Nodengo.com come consentito dalla legge.<br><br>Nodengo.com possiede e conserva tutti i diritti di propriet\u00e0 sul Sito e sul Servizio. La presentazione e tutto il materiale, inclusi marchi, loghi e nomi di dominio che appaiono sul sito web, che la piattaforma di hosting Nodengo.com \u00e8 protetta dalle leggi sulla propriet\u00e0 intellettuale e appartiene a Nodengo.com o \u00e8 stata autorizzata a utilizzarli, o sono disponibili in il pubblico dominio.<\/p>\n\n\n\n<p class=\"has-small-font-size\"><strong>9 Esclusioni di responsabilit\u00e0 e limitazione di responsabilit\u00e0<\/strong><br>9.1 Il sito Web \u00e8 fornito COS\u00cc COM'\u00c8 e COME DISPONIBILE senza alcuna dichiarazione o approvazione fatta e senza garanzia di alcun tipo, espressa o implicita, incluse ma non limitate alle garanzie implicite di qualit\u00e0 soddisfacente, idoneit\u00e0 per uno scopo particolare, non- violazione, compatibilit\u00e0, sicurezza e accuratezza.<br>9.2 Nella misura consentita dalla legge, Nodengo.com non sar\u00e0 responsabile per eventuali perdite o danni indiretti o consequenziali di qualsiasi tipo (inclusi, senza limitazione, perdita di affari, opportunit\u00e0, dati, profitti) derivanti da o in connessione con l'uso del sito Web.<br>Nodengo.com non garantisce che la funzionalit\u00e0 della sezione di pubblicazione degli eventi del nostro sito Web sar\u00e0 ininterrotta o priva di errori, che i difetti verranno corretti o che il sito Web o il server che lo rende disponibile siano privi di virus o qualsiasi altra cosa che possa essere dannoso o distruttivo.<br>IN NESSUN CASO Nodengo.com NON SAR\u00c0 RESPONSABILE NEI CONFRONTI DELL'UTENTE O DI TERZE PARTI per eventuali perdite, lesioni o danni diretti o indiretti di qualsiasi natura risultanti nell'interruzione o disfunzione del Servizio, inclusi i danni relativi alla perdita di profitti derivanti dal tuo utilizzo del Sito e dei servizi anche se Nodengo.com \u00e8 stato informato della possibilit\u00e0 di tali danni. Nonostante qualsiasi disposizione contraria nel presente documento, la responsabilit\u00e0 di Nodengo.com sar\u00e0 limitata e, per tutte le cause, l'importo pagato da te a Nodengo.com per tutti i motivi sar\u00e0 limitato, se del caso, per i servizi durante il periodo di iscrizione<\/p>\n\n\n\n<p class=\"has-small-font-size\"><strong>10. indennizzo<\/strong><br>Accetti di non tenere Nodengo.com, le sue sussidiarie, affiliate, funzionari, agenti e altri partner e dipendenti contro qualsiasi perdita, responsabilit\u00e0, reclamo o richiesta, comprese le spese legali, avanzate da terze parti derivanti dal tuo utilizzo del Servizio, in violazione del presente Contratto e\/o derivante dalla violazione del presente Contratto e da qualsiasi violazione delle dichiarazioni e garanzie sopra indicate.<\/p>\n\n\n\n<p class=\"has-text-color has-small-font-size\" style=\"color:#a0afb9\"><em>Tieni presente che questa pagina \u00e8 stata tradotta automaticamente dall'originale inglese<\/em>.&nbsp;<em>Non viene fornita alcuna garanzia di alcun tipo, espressa o implicita, circa l'accuratezza, l'affidabilit\u00e0 e la correttezza di qualsiasi traduzione effettuata dall'inglese in qualsiasi altra lingua.<\/em><\/p>\n\n\n\n<p class=\"has-small-font-size\"><br><\/p>","protected":false},"excerpt":{"rendered":"<p>Partners | Editors | Help | Contact | Account Publisher Agreement 1. Acceptance of the Nodengo.com Publisher Agreement The term of this Agreement will begin upon your registration and acceptance [&hellip;]<\/p>\n","protected":false},"author":1,"featured_media":0,"parent":0,"menu_order":0,"comment_status":"closed","ping_status":"closed","template":"","meta":{"_uag_custom_page_level_css":"","_citadela_hide_page_title":"1","_citadela_remove_header_space":"1","_citadela_custom_class":"","_citadela_half_map_provider":"","_citadela_half_map_theme":"","_citadela_half_map_themeOSM":"","_citadela_half_map_customTheme":"","_citadela_half_map_dataType":"","_citadela_half_map_dynamicTrack":false,"_citadela_half_map_trackColor":"","_citadela_half_map_trackEndpointsColor":"","_citadela_half_map_filterCategory":"","_citadela_half_map_filterLocation":"","_citadela_half_map_filterFeatured":false,"_citadela_half_map_noDataBehavior":"empty-map","_citadela_half_map_noDataText":"","_citadela_half_map_clusterGridSize":80,"_citadela_header":true,"_citadela_header_over_content":false,"_citadela_header_text_color":"","_citadela_header_logo":{"id":208235,"url":"https:\/\/nodengo.com\/wp-content\/uploads\/Nodengo-logo-nhn.jpg","size":{"width":316,"height":75}},"_citadela_header_bg_image":[],"_citadela_header_bg_position":{"x":0.5,"y":0.5},"_citadela_header_bg_size":"cover","_citadela_header_bg_repeat":"no-repeat","_citadela_header_bg_fixed":false,"_citadela_header_bg_color":"","_citadela_header_bg_image_overlay":"","_citadela_header_transparent_bg":false,"_citadela_content_width":"wide","_citadela_half_layout_position":"","footnotes":""},"class_list":["post-38786","page","type-page","status-publish","hentry"],"uagb_featured_image_src":{"full":false,"thumbnail":false,"medium":false,"medium_large":false,"large":false,"1536x1536":false,"2048x2048":false,"trp-custom-language-flag":false,"citadela_item_thumbnail":false,"woocommerce_thumbnail":false,"woocommerce_single":false,"woocommerce_gallery_thumbnail":false,"citadela_service":false},"uagb_author_info":{"display_name":"admin","author_link":"https:\/\/nodengo.com\/it\/author\/admin\/"},"uagb_comment_info":0,"uagb_excerpt":"Partners | Editors | Help | Contact | Account Publisher Agreement 1. Acceptance of the Nodengo.com Publisher Agreement The term of this Agreement will begin upon your registration and acceptance [&hellip;]","_links":{"self":[{"href":"https:\/\/nodengo.com\/it\/wp-json\/wp\/v2\/pages\/38786","targetHints":{"allow":["GET"]}}],"collection":[{"href":"https:\/\/nodengo.com\/it\/wp-json\/wp\/v2\/pages"}],"about":[{"href":"https:\/\/nodengo.com\/it\/wp-json\/wp\/v2\/types\/page"}],"author":[{"embeddable":true,"href":"https:\/\/nodengo.com\/it\/wp-json\/wp\/v2\/users\/1"}],"replies":[{"embeddable":true,"href":"https:\/\/nodengo.com\/it\/wp-json\/wp\/v2\/comments?post=38786"}],"version-history":[{"count":0,"href":"https:\/\/nodengo.com\/it\/wp-json\/wp\/v2\/pages\/38786\/revisions"}],"wp:attachment":[{"href":"https:\/\/nodengo.com\/it\/wp-json\/wp\/v2\/media?parent=38786"}],"curies":[{"name":"wp","href":"https:\/\/api.w.org\/{rel}","templated":true}]}}