{"id":9369,"date":"2021-04-29T11:49:19","date_gmt":"2021-04-29T09:49:19","guid":{"rendered":"https:\/\/nodengo.com\/?page_id=9369"},"modified":"2026-01-15T09:54:21","modified_gmt":"2026-01-15T08:54:21","slug":"bali","status":"publish","type":"page","link":"https:\/\/nodengo.com\/fr\/indonesia\/bali\/","title":{"rendered":"D\u00e9couvrir le meilleur de BALI"},"content":{"rendered":"<!-- Flexy Breadcrumb -->\r\n\t\t\t<div class=\"fbc fbc-page\">\r\n\r\n\t\t\t\t<!-- Breadcrumb wrapper -->\r\n\t\t\t\t<div class=\"fbc-wrap\">\r\n\r\n\t\t\t\t\t<!-- Ordered list-->\r\n\t\t\t\t\t<ol class=\"fbc-items\" itemscope itemtype=\"https:\/\/schema.org\/BreadcrumbList\">\r\n\t\t\t\t\t\t            <li itemprop=\"itemListElement\" itemscope itemtype=\"https:\/\/schema.org\/ListItem\">\r\n                <span itemprop=\"name\">\r\n                    <!-- Home Link -->\r\n                    <a itemprop=\"item\" href=\"https:\/\/nodengo.com\/fr\/\">\r\n                    \r\n                                                    <i class=\"fa fa-home\" aria-hidden=\"true\"><\/i>Home                    <\/a>\r\n                <\/span>\r\n                <meta itemprop=\"position\" content=\"1\" \/><!-- Meta Position-->\r\n             <\/li><li><span class=\"fbc-separator\">\/<\/span><\/li><li class=\"active\" itemprop=\"itemListElement\" itemscope itemtype=\"https:\/\/schema.org\/ListItem\"><span itemprop=\"name\" title=\"Best Travel Blog\">Best Travel Blog<\/span><meta itemprop=\"position\" content=\"2\" \/><\/li>\t\t\t\t\t<\/ol>\r\n\t\t\t\t\t<div class=\"clearfix\"><\/div>\r\n\t\t\t\t<\/div>\r\n\t\t\t<\/div>\r\n\t\t\t\n\n\n\n<div class=\"wp-block-citadela-blocks-custom-container citadela-block-custom-container size-content bg-type-image inside-space-none bg-size-cover has-overlay has-min-height vertical-align-top\" style=\"min-height:350px\"><div class=\"bg-image-wrapper\" style=\"background-image:url(https:\/\/nodengo.com\/wp-content\/uploads\/kuta-indonesia.jpg);background-repeat:no-repeat;background-position:50% 50%\"><\/div><div class=\"bg-image-overlay\" style=\"opacity:0.5\"><\/div><div class=\"inner-holder\"><\/div><\/div>\n\n\n\n<div style=\"height:45px\" aria-hidden=\"true\" class=\"wp-block-spacer\"><\/div>\n\n\n\n<div class=\"wp-block-citadela-blocks-custom-container citadela-block-custom-container size-wide bg-type-none inside-space-none\"><div class=\"inner-holder\">\n<div class=\"wp-block-columns is-layout-flex wp-container-core-columns-is-layout-9d6595d7 wp-block-columns-is-layout-flex\">\n<div class=\"wp-block-column is-layout-flow wp-block-column-is-layout-flow\" style=\"flex-basis:66.66%\">\n<div class=\"wp-block-columns is-layout-flex wp-container-core-columns-is-layout-9d6595d7 wp-block-columns-is-layout-flex\">\n<div class=\"wp-block-column is-layout-flow wp-block-column-is-layout-flow\" style=\"flex-basis:33.33%\">\n<figure class=\"wp-block-image size-full is-resized is-style-default\"><img decoding=\"async\" width=\"18\" height=\"12\" src=\"https:\/\/nodengo.com\/wp-content\/uploads\/idn.gif\" alt=\"discover the best of Bali\" class=\"wp-image-9347\" style=\"width:32px;height:32px\" title=\"\" srcset=\"https:\/\/nodengo.com\/wp-content\/uploads\/idn.gif 18w, https:\/\/nodengo.com\/wp-content\/uploads\/idn-16x11.gif 16w\" sizes=\"(max-width: 18px) 100vw, 18px\" \/><\/figure>\n<\/div>\n\n\n\n<div class=\"wp-block-column is-layout-flow wp-block-column-is-layout-flow\" style=\"flex-basis:66.66%\">\n<h2 class=\"wp-block-heading has-text-align-center\" id=\"bali\">Bali<\/h2>\n<\/div>\n<\/div>\n\n\n\n<p><strong>Les villes les plus r\u00e9serv\u00e9es<\/strong>&nbsp; <a href=\"https:\/\/nodengo.com\/fr\/indonesia\/denpasar\/\">Denpasar<\/a> \u2013 Ubud \u2013 Kuta \u2013 Singaraja \u2013 Jimbaran<\/p>\n\n\n\n<p><strong>Top Bali Destination:<\/strong>&nbsp;  <a href=\"https:\/\/nodengo.com\/fr\/indonesia\/bali\/denpasar\/\" type=\"page\" id=\"8384\">Denpasar<\/a> &#8211; Jimbaran &#8211; Ubud<\/p>\n\n\n\n<p class=\"has-text-color\" style=\"color:#4c8e5b\"><strong>A PROPOS DE BALI<\/strong><\/p>\n\n\n\n<p>Bali est une \u00eele indon\u00e9sienne connue pour ses montagnes volcaniques bois\u00e9es, ses rizi\u00e8res embl\u00e9matiques, ses plages et ses r\u00e9cifs coralliens. L'\u00eele abrite des sites religieux tels que le temple d'Uluwatu \u00e0 flanc de falaise. Au sud, la ville baln\u00e9aire de Kuta regorge de bars anim\u00e9s, tandis que Seminyak, Sanur et Nusa Dua sont des stations baln\u00e9aires populaires. L'\u00eele est \u00e9galement connue pour ses retraites de yoga et de m\u00e9ditation<\/p>\n\n\n\n<p><a href=\"https:\/\/nodengo.com\/fr\/vols\/\" target=\"_blank\" data-type=\"page\" data-id=\"26317\" rel=\"noreferrer noopener\">&nbsp;Trouvez le meilleur vol vers Bali avec notre moteur de recherche<\/a><\/p>\n\n\n\n<p>R\u00e9servez l'h\u00f4tel parfait et \u00e9conomisez <\/p>\n\n\n\n<script src=\"\/\/tp.media\/content?currency=usd&#038;promo_id=7873&#038;shmarker=246395&#038;campaign_id=101&#038;trs=32252&#038;locale=en&#038;searchUrl=search.hotellook.com&#038;primary=%23443E51&#038;secondary=%23FFFFFF&#038;dark=%23262626&#038;light=%23FFFFFF&#038;special=%23C4C4C4&#038;border_radius=5&#038;no_labels=&#038;plain=true&#038;powered_by=true&#038;destination=Bali%20Island%2C%20Indonesia\" charset=\"utf-8\"><\/script>\n\n\n\n<p> <a href=\"https:\/\/tp.media\/r?marker=246395.y9g6aug9&amp;p=4115&amp;u=https%3A%2F%2Fsearch.hotellook.com%2Fhotels%3F%3D1%26adults%3D2%26checkIn%3D2023-06-28%26checkOut%3D2023-07-05%26children%3D%26cityId%3D23523%26currency%3Dusd%26destination%3DDenpasar%26language%3Den_us%26marker%3D246395.y9g6aug9.Zzdc330695430d4366b307fd2-126017\" target=\"_blank\" rel=\"noopener\">Denpasar <\/a>(687 h\u00f4tels) \u2013 <a href=\"https:\/\/tp.media\/r?marker=246395.y9g6aug9&amp;p=4115&amp;u=https%3A%2F%2Fsearch.hotellook.com%2Fhotels%3F%3D1%26adults%3D2%26checkIn%3D2023-06-28%26checkOut%3D2023-07-05%26children%3D%26cityId%3D23545%26currency%3Dusd%26destination%3DUbud%26language%3Den_us%26marker%3D246395.y9g6aug9.Zzda618519eacf42dbb49866b-126017\" target=\"_blank\" rel=\"noopener\">Ubud<\/a> (6590 h\u00f4tels)  \u2013  <a href=\"https:\/\/tp.media\/r?marker=246395.y9g6aug9&amp;p=4115&amp;u=https%3A%2F%2Fsearch.hotellook.com%2Fhotels%3F%3D1%26adults%3D2%26checkIn%3D2023-06-28%26checkOut%3D2023-07-05%26children%3D%26cityId%3D23530%26currency%3Dusd%26destination%3DKuta%26language%3Den_us%26marker%3D246395.y9g6aug9.Zz29c78a280b7c434d8a96661-126017\" target=\"_blank\" rel=\"noopener\">Kuta<\/a> (1412 h\u00f4tels)<\/p>\n\n\n\n<p>\u2013&nbsp;<a href=\"https:\/\/tinyurl.com\/ygyljd5h\" class=\"rank-math-link\" target=\"_blank\" rel=\"noopener\">Tous les h\u00f4tels \u00e0 Bali<\/a><\/p>\n\n\n\n<p class=\"has-text-color\" style=\"color:#4c8e5b\"><strong>INFORMATIONS UTILES<\/strong><\/p>\n\n\n\n<p><strong>Langues :<\/strong>&nbsp;L'indon\u00e9sien (appel\u00e9 localement Bahasa Indonesia) est la langue principale. L'indon\u00e9sien est parl\u00e9 par la majorit\u00e9 de la population, mais c'est la langue principale de seulement 20% de la population. Le javanais (Jawa) est la langue principale la plus courante, l'anglais n'est pas largement parl\u00e9, cependant, un niveau d'anglais acceptable peut \u00eatre compris dans un certain nombre de grandes villes et destinations touristiques, notamment Bali, Batam, Jakarta, Bandung, Surabaya et Yogyakarta. . De plus, la plupart des employ\u00e9s des h\u00f4tels et des compagnies a\u00e9riennes peuvent \u00e9galement communiquer en anglais \u00e0 un niveau basique \u00e0 mod\u00e9r\u00e9.<\/p>\n\n\n\n<p><strong>Monnaie :&nbsp;<\/strong>Roupie indon\u00e9sienne. Les distributeurs automatiques de billets sont r\u00e9pandus dans les villes et les zones touristiques d'Indon\u00e9sie. Mais il est toujours pr\u00e9f\u00e9rable de les utiliser dans une banque plut\u00f4t qu'ailleurs.<\/p>\n\n\n\n<p><strong>Electricit\u00e9 :<\/strong>&nbsp;En Indon\u00e9sie, les fiches d'alimentation et les prises sont de type C et F. La tension standard est de 230 V et la fr\u00e9quence standard est de 50 Hz. <\/p>\n\n\n\n<p><strong>Fuseau Horaire : <\/strong>  L'archipel indon\u00e9sien s'\u00e9tend g\u00e9ographiquement sur quatre fuseaux horaires de UTC + 06: 00 \u00e0 Aceh \u00e0 UTC + 09: 00 \u00e0 l'ouest de la Nouvelle-Guin\u00e9e.<\/p>\n\n\n\n<p class=\"has-small-font-size\"><em>Quelques informations courtoisie de <\/em> <a class=\"rank-math-link\" href=\"https:\/\/www.indonesia.travel\" target=\"_blank\" rel=\"noopener\">The Indonesian Ministry of Toursim<\/a><em> d'autres proviennent de nos r\u00e9dacteurs locaux<\/em><\/p>\n<\/div>\n\n\n\n<div class=\"wp-block-column is-layout-flow wp-block-column-is-layout-flow\" style=\"flex-basis:33.33%\">         <div \r\n            class=\"citadela-block-responsive-text weight-700 align-left no-margins\"\r\n                                 >\r\n            <h2 class=\"inner-tag\" style=\"font-size: 13px; font-weight: 700; letter-spacing: 0.1em;\">INFORMATION pour votre VOYAGE<\/h2>         <\/div>\r\n      \n\n\n<div class=\"wp-block-citadela-blocks-spacer citadela-block-spacer\"><div class=\"inner-holder\" style=\"padding-top:20px\"><\/div><\/div>\n\n\n\n<iframe style=\"border:0;height:250px;\" width=\"100%\" height=\"auto\" scrolling=\"no\" id=\"bsaIframe\" onload=\"bsaIframe()\" src=\"https:\/\/ads.nodengo.com\/api\/?id=22&amp;i=1\" if_empty=\"id=26\"> <\/iframe><script>function bsaIframe() { var iFrameID = document.getElementById('bsaIframe'); if(iFrameID) { iFrameID.height = iFrameID.contentWindow.document.body.scrollHeight + 'px'; } }<\/script>\n\n\n\n<div style=\"height:61px\" aria-hidden=\"true\" class=\"wp-block-spacer\"><\/div>\n\n\n\n<figure class=\"wp-block-image size-large is-style-default\"><img decoding=\"async\" width=\"300\" height=\"250\" src=\"https:\/\/nodengo.com\/wp-content\/uploads\/Ad-options_fr.jpg\" alt=\"\" class=\"wp-image-6590\" title=\"\" srcset=\"https:\/\/nodengo.com\/wp-content\/uploads\/Ad-options_fr.jpg 300w, https:\/\/nodengo.com\/wp-content\/uploads\/Ad-options_fr-150x125.jpg 150w, https:\/\/nodengo.com\/wp-content\/uploads\/Ad-options_fr-14x12.jpg 14w\" sizes=\"(max-width: 300px) 100vw, 300px\" \/><\/figure>\n\n\n\n<div class=\"wp-block-citadela-blocks-custom-container citadela-block-custom-container size-content bg-type-none inside-space-small has-border has-border-radius has-shadow\" style=\"border:1px solid rgba(0, 0, 0, 0.04);border-radius:5px;box-shadow: 0px 15px 30px 0px rgba(0, 0, 0, 0.05)\"><div class=\"inner-holder\"><\/div><\/div>\n\n\n\n<a target=\"_blank\" href=\"https:\/\/c10.travelpayouts.com\/click?shmarker=246395&amp;promo_id=4324&amp;source_type=banner&amp;type=click\" rel=\"noopener\"><img decoding=\"async\" src=\"https:\/\/c10.travelpayouts.com\/content?promo_id=4324&amp;shmarker=246395&amp;type=init\" alt=\"EconomyBookings 300x250\" width=\"300\" height=\"250\" title=\"\"><\/a>\n\n\n\n<div class=\"wp-block-citadela-blocks-custom-container citadela-block-custom-container size-content bg-type-none inside-space-small has-border has-border-radius has-shadow\" style=\"border:1px solid rgba(0, 0, 0, 0.04);border-radius:5px;box-shadow: 0px 15px 30px 0px rgba(0, 0, 0, 0.05)\"><div class=\"inner-holder\">\n<div class=\"wp-block-buttons is-layout-flex wp-block-buttons-is-layout-flex\">\n<div class=\"wp-block-button\"><a class=\"wp-block-button__link wp-element-button\">Promouvoir votre \u00e9tablissement<\/a><\/div>\n<\/div>\n\n\n\n<div class=\"wp-block-citadela-blocks-spacer citadela-block-spacer\"><div class=\"inner-holder\" style=\"padding-top:3px\"><\/div><\/div>\n\n\n\n<div class=\"wp-block-citadela-blocks-spacer citadela-block-spacer negative-height\"><div class=\"inner-holder\" style=\"margin-top:-1em\"><\/div><\/div>\n<\/div><\/div>\n<\/div>\n<\/div>\n<\/div><\/div>\n\n\n\n<p><\/p>","protected":false},"excerpt":{"rendered":"","protected":false},"author":1,"featured_media":0,"parent":7679,"menu_order":0,"comment_status":"closed","ping_status":"closed","template":"","meta":{"_uag_custom_page_level_css":"","_citadela_hide_page_title":"1","_citadela_remove_header_space":"1","_citadela_custom_class":"","_citadela_half_map_provider":"","_citadela_half_map_theme":"","_citadela_half_map_themeOSM":"","_citadela_half_map_customTheme":"","_citadela_half_map_dataType":"","_citadela_half_map_dynamicTrack":false,"_citadela_half_map_trackColor":"","_citadela_half_map_trackEndpointsColor":"","_citadela_half_map_filterCategory":"","_citadela_half_map_filterLocation":"","_citadela_half_map_filterFeatured":false,"_citadela_half_map_noDataBehavior":"empty-map","_citadela_half_map_noDataText":"","_citadela_half_map_clusterGridSize":80,"_citadela_header":true,"_citadela_header_over_content":false,"_citadela_header_text_color":"","_citadela_header_logo":{"id":7674,"url":"https:\/\/nodengo.com\/wp-content\/uploads\/Nodengo-logo-ID.png","size":{"width":316,"height":75}},"_citadela_header_bg_image":[],"_citadela_header_bg_position":{"x":0.5,"y":0.5},"_citadela_header_bg_size":"cover","_citadela_header_bg_repeat":"no-repeat","_citadela_header_bg_fixed":false,"_citadela_header_bg_color":"","_citadela_header_bg_image_overlay":"","_citadela_header_transparent_bg":false,"_citadela_content_width":"wide","_citadela_half_layout_position":"","footnotes":""},"class_list":["post-9369","page","type-page","status-publish","hentry"],"uagb_featured_image_src":{"full":false,"thumbnail":false,"medium":false,"medium_large":false,"large":false,"1536x1536":false,"2048x2048":false,"trp-custom-language-flag":false,"citadela_item_thumbnail":false,"woocommerce_thumbnail":false,"woocommerce_single":false,"woocommerce_gallery_thumbnail":false,"citadela_service":false},"uagb_author_info":{"display_name":"admin","author_link":"https:\/\/nodengo.com\/fr\/author\/admin\/"},"uagb_comment_info":0,"uagb_excerpt":null,"_links":{"self":[{"href":"https:\/\/nodengo.com\/fr\/wp-json\/wp\/v2\/pages\/9369","targetHints":{"allow":["GET"]}}],"collection":[{"href":"https:\/\/nodengo.com\/fr\/wp-json\/wp\/v2\/pages"}],"about":[{"href":"https:\/\/nodengo.com\/fr\/wp-json\/wp\/v2\/types\/page"}],"author":[{"embeddable":true,"href":"https:\/\/nodengo.com\/fr\/wp-json\/wp\/v2\/users\/1"}],"replies":[{"embeddable":true,"href":"https:\/\/nodengo.com\/fr\/wp-json\/wp\/v2\/comments?post=9369"}],"version-history":[{"count":0,"href":"https:\/\/nodengo.com\/fr\/wp-json\/wp\/v2\/pages\/9369\/revisions"}],"up":[{"embeddable":true,"href":"https:\/\/nodengo.com\/fr\/wp-json\/wp\/v2\/pages\/7679"}],"wp:attachment":[{"href":"https:\/\/nodengo.com\/fr\/wp-json\/wp\/v2\/media?parent=9369"}],"curies":[{"name":"wp","href":"https:\/\/api.w.org\/{rel}","templated":true}]}}