{"id":8212,"date":"2021-04-07T10:37:36","date_gmt":"2021-04-07T08:37:36","guid":{"rendered":"https:\/\/nodengo.com\/?page_id=8212"},"modified":"2026-01-07T17:09:49","modified_gmt":"2026-01-07T16:09:49","slug":"geneva-reviews-gva","status":"publish","type":"page","link":"https:\/\/nodengo.com\/fr\/switzerland\/geneva\/geneva-reviews-gva\/","title":{"rendered":"Evaluations Gen\u00e8ve"},"content":{"rendered":"<div style=\"height:14px\" aria-hidden=\"true\" class=\"wp-block-spacer\"><\/div>\n\n\n\t\t\t<!-- Flexy Breadcrumb -->\r\n\t\t\t<div class=\"fbc fbc-page\">\r\n\r\n\t\t\t\t<!-- Breadcrumb wrapper -->\r\n\t\t\t\t<div class=\"fbc-wrap\">\r\n\r\n\t\t\t\t\t<!-- Ordered list-->\r\n\t\t\t\t\t<ol class=\"fbc-items\" itemscope itemtype=\"https:\/\/schema.org\/BreadcrumbList\">\r\n\t\t\t\t\t\t            <li itemprop=\"itemListElement\" itemscope itemtype=\"https:\/\/schema.org\/ListItem\">\r\n                <span itemprop=\"name\">\r\n                    <!-- Home Link -->\r\n                    <a itemprop=\"item\" href=\"https:\/\/nodengo.com\/fr\/\">\r\n                    \r\n                                                    <i class=\"fa fa-home\" aria-hidden=\"true\"><\/i>Home                    <\/a>\r\n                <\/span>\r\n                <meta itemprop=\"position\" content=\"1\" \/><!-- Meta Position-->\r\n             <\/li><li><span class=\"fbc-separator\">\/<\/span><\/li><li class=\"active\" itemprop=\"itemListElement\" itemscope itemtype=\"https:\/\/schema.org\/ListItem\"><span itemprop=\"name\" title=\"Best Travel Blog\">Best Travel Blog<\/span><meta itemprop=\"position\" content=\"2\" \/><\/li>\t\t\t\t\t<\/ol>\r\n\t\t\t\t\t<div class=\"clearfix\"><\/div>\r\n\t\t\t\t<\/div>\r\n\t\t\t<\/div>\r\n\t\t\t\n\n\n\n<div class=\"wp-block-citadela-blocks-custom-container citadela-block-custom-container size-wide bg-type-image inside-space-none bg-size-cover has-overlay has-min-height vertical-align-center\" style=\"min-height:300px\"><div class=\"bg-image-wrapper\" style=\"background-image:url(https:\/\/nodengo.com\/wp-content\/uploads\/Geneva-Header.jpg);background-repeat:no-repeat;background-position:26% 100%\"><\/div><div class=\"bg-image-overlay\" style=\"opacity:0.85\"><\/div><div class=\"inner-holder\">\n<div class=\"wp-block-citadela-blocks-spacer citadela-block-spacer\"><div class=\"inner-holder\" style=\"padding-top:40px\"><\/div><\/div>\n\n\n         <div \r\n            class=\"citadela-block-responsive-text align-center\"\r\n                                 >\r\n            <h1 class=\"inner-tag\" style=\"font-size: 54px; color: #ffffff;\">\u00c9valuations Gen\u00e8ve<\/h1>         <\/div>\r\n      \n\n\n<p class=\"has-text-align-center has-white-color has-text-color\" style=\"font-size:32px\">Par <strong>Loretta Kevin<\/strong> <\/p>\n\n\n\n<div class=\"wp-block-citadela-blocks-spacer citadela-block-spacer responsive-options loading\" data-block-attr=\"{&quot;desktop&quot;:{&quot;height&quot;:&quot;5vw&quot;},&quot;mobile&quot;:{&quot;height&quot;:&quot;0vw&quot;}}\" data-block-mobile-breakpoint=\"600\"><div class=\"inner-holder\" style=\"padding-top:5vw\"><\/div><\/div>\n<\/div><\/div>\n\n\n\n<div class=\"wp-block-citadela-blocks-custom-container citadela-block-custom-container size-fullwidth bg-type-color inside-space-none has-bg has-border-radius has-shadow\" style=\"background-color:rgba(255, 255, 255, 1);border-radius:6px;box-shadow: 0px 15px 30px 0px rgba(0, 0, 0, 0.04)\"><div class=\"inner-holder\">\n<p align=\"center\"><i class=\"fas fa-utensils\"><\/i><a href=\"https:\/\/nodengo.com\/fr\/-24\/-20\/\"> RESTAURANTS<\/a> |<i class=\"fas fa-monument\"><\/i><a href=\"https:\/\/nodengo.com\/fr\/-24\/activities-in-geneva\/#ttd\"> A FAIRE<\/a> |<i class=\"fas fa-camera\"><\/i><a href=\"https:\/\/nodengo.com\/fr\/-24\/activities-in-geneva\/\"> ACTIVIT\u00c9S<\/a> |<i class=\"fas fa-pen\"><\/i><a href=\"https:\/\/nodengo.com\/fr\/-24\/geneva-travel-blog\/\"> BLOG<\/a> |<i class=\"fas fa-user-edit\"><\/i><a href=\"https:\/\/nodengo.com\/fr\/-24\/geneva-reviews-gva\/\">  <b>\u00c9VALUATIONS<\/b><\/a> | <i class=\"fas fa-hotel\"><\/i><a href=\"https:\/\/trip.tpx.gr\/FCNAKsJh\" target=\"_blank\" rel=\"noopener\"> H\u00d4TELS<\/a> |<i class=\"fas fa-car\"><\/i><a href=\"https:\/\/economybookings.tpx.gr\/wk6VGvIP\" target=\"_blank\" rel=\"noopener\"> VOITURES<\/a> | <i class=\"fas fa-taxi\"><\/i><a href=\"https:\/\/kiwitaxi.tpx.gr\/TLJBJxgv\" target=\"_blank\" rel=\"noopener\"> TRANSFER<\/a><\/p>\n<\/div><\/div>\n\n\n\n<div class=\"wp-block-citadela-blocks-custom-container citadela-block-custom-container size-wide bg-type-none inside-space-none\"><div class=\"inner-holder\">\n<div class=\"wp-block-columns is-layout-flex wp-container-core-columns-is-layout-9d6595d7 wp-block-columns-is-layout-flex\">\n<div class=\"wp-block-column is-layout-flow wp-block-column-is-layout-flow\" style=\"flex-basis:66.66%\">\n<h3 class=\"wp-block-heading has-text-align-center\">\u00c9VALUATIONS GEN\u00c8VE<\/h3>\n\n\n\n<p>Notre r\u00e9dacteur local officiel,&nbsp;<a href=\"https:\/\/nodengo.com\/fr\/author\/loretta-kevin\/\">LORETTA KEVIN<\/a>, a pass\u00e9 en revue ces \u00e9tablissements. Nous les recommandons vivement. Nodengo.com est compos\u00e9 d'\u00e9diteurs locaux et de professionnels du tourisme qui fournissent des informations authentiques et locales. Chaque \u00e9diteur r\u00e9side dans la ville sur laquelle il \u00e9crit, garantissant ainsi sa connaissance intime. Nos examens sont effectu\u00e9s par des professionnels d\u00e9vou\u00e9s qui privil\u00e9gient la qualit\u00e9 \u00e0 la quantit\u00e9.<\/p>\n\n\n        \r\n        <div class=\"wp-block-citadela-blocks ctdl-posts layout-simple size-large  border-none show-item-featured-image show-item-date show-item-description show-item-categories\">\r\n            \r\n<div class=\"citadela-block-articles\">\r\n    <div class=\"citadela-block-articles-wrap\">\r\n\r\n        \r\n    <\/div>\r\n<\/div>        <\/div>\r\n        \r\n        <\/div>\n\n\n\n<div class=\"wp-block-column is-layout-flow wp-block-column-is-layout-flow\" style=\"flex-basis:33.33%\"><div class=\"wp-block-image is-style-default\">\n<figure class=\"aligncenter size-medium\"><img decoding=\"async\" width=\"199\" height=\"300\" src=\"https:\/\/nodengo.com\/wp-content\/uploads\/review-page-logo-199x300.jpg\" alt=\"Evaluations Gen\u00e8ve\" class=\"wp-image-8216\" title=\"\" srcset=\"https:\/\/nodengo.com\/wp-content\/uploads\/review-page-logo-199x300.jpg 199w, https:\/\/nodengo.com\/wp-content\/uploads\/review-page-logo-99x150.jpg 99w, https:\/\/nodengo.com\/wp-content\/uploads\/review-page-logo-8x12.png 8w, https:\/\/nodengo.com\/wp-content\/uploads\/review-page-logo.jpg 590w\" sizes=\"(max-width: 199px) 100vw, 199px\" \/><\/figure>\n<\/div>\n\n\n<iframe style=\"border:0;height:265px;\" width=\"100%\" height=\"auto\" scrolling=\"no\" id=\"bsaIframe\" onload=\"bsaIframe()\" src=\"https:\/\/ads.nodengo.com\/api\/?id=21&amp;i=1\" if_empty=\"id=22\"> <\/iframe><script>function bsaIframe() { var iFrameID = document.getElementById('bsaIframe'); if(iFrameID) { iFrameID.height = iFrameID.contentWindow.document.body.scrollHeight + 'px'; } }<\/script>\n<\/div>\n<\/div>\n<\/div><\/div>","protected":false},"excerpt":{"rendered":"","protected":false},"author":1,"featured_media":0,"parent":6765,"menu_order":0,"comment_status":"closed","ping_status":"closed","template":"","meta":{"_uag_custom_page_level_css":"","_citadela_hide_page_title":"1","_citadela_remove_header_space":"1","_citadela_custom_class":"","_citadela_half_map_provider":"","_citadela_half_map_theme":"","_citadela_half_map_themeOSM":"","_citadela_half_map_customTheme":"","_citadela_half_map_dataType":"","_citadela_half_map_dynamicTrack":false,"_citadela_half_map_trackColor":"","_citadela_half_map_trackEndpointsColor":"","_citadela_half_map_filterCategory":"","_citadela_half_map_filterLocation":"","_citadela_half_map_filterFeatured":false,"_citadela_half_map_noDataBehavior":"empty-map","_citadela_half_map_noDataText":"","_citadela_half_map_clusterGridSize":80,"_citadela_header":false,"_citadela_header_over_content":false,"_citadela_header_text_color":"","_citadela_header_logo":[],"_citadela_header_bg_image":[],"_citadela_header_bg_position":{"x":0.5,"y":0.5},"_citadela_header_bg_size":"cover","_citadela_header_bg_repeat":"no-repeat","_citadela_header_bg_fixed":false,"_citadela_header_bg_color":"","_citadela_header_bg_image_overlay":"","_citadela_header_transparent_bg":false,"_citadela_content_width":"","_citadela_half_layout_position":"","footnotes":""},"class_list":["post-8212","page","type-page","status-publish","hentry"],"uagb_featured_image_src":{"full":false,"thumbnail":false,"medium":false,"medium_large":false,"large":false,"1536x1536":false,"2048x2048":false,"trp-custom-language-flag":false,"citadela_item_thumbnail":false,"woocommerce_thumbnail":false,"woocommerce_single":false,"woocommerce_gallery_thumbnail":false,"citadela_service":false},"uagb_author_info":{"display_name":"admin","author_link":"https:\/\/nodengo.com\/fr\/author\/admin\/"},"uagb_comment_info":0,"uagb_excerpt":null,"_links":{"self":[{"href":"https:\/\/nodengo.com\/fr\/wp-json\/wp\/v2\/pages\/8212","targetHints":{"allow":["GET"]}}],"collection":[{"href":"https:\/\/nodengo.com\/fr\/wp-json\/wp\/v2\/pages"}],"about":[{"href":"https:\/\/nodengo.com\/fr\/wp-json\/wp\/v2\/types\/page"}],"author":[{"embeddable":true,"href":"https:\/\/nodengo.com\/fr\/wp-json\/wp\/v2\/users\/1"}],"replies":[{"embeddable":true,"href":"https:\/\/nodengo.com\/fr\/wp-json\/wp\/v2\/comments?post=8212"}],"version-history":[{"count":0,"href":"https:\/\/nodengo.com\/fr\/wp-json\/wp\/v2\/pages\/8212\/revisions"}],"up":[{"embeddable":true,"href":"https:\/\/nodengo.com\/fr\/wp-json\/wp\/v2\/pages\/6765"}],"wp:attachment":[{"href":"https:\/\/nodengo.com\/fr\/wp-json\/wp\/v2\/media?parent=8212"}],"curies":[{"name":"wp","href":"https:\/\/api.w.org\/{rel}","templated":true}]}}