{"id":8087,"date":"2021-04-01T08:50:15","date_gmt":"2021-04-01T06:50:15","guid":{"rendered":"https:\/\/nodengo.com\/?page_id=8087"},"modified":"2023-06-21T17:28:09","modified_gmt":"2023-06-21T15:28:09","slug":"create-your-own-hosted-website","status":"publish","type":"page","link":"https:\/\/nodengo.com\/fr\/hospitality-network\/create-your-own-hosted-website\/","title":{"rendered":"Create your own hosted website"},"content":{"rendered":"<div class=\"wp-block-citadela-blocks-spacer citadela-block-spacer responsive-options loading\" data-block-attr=\"{&quot;desktop&quot;:{&quot;height&quot;:&quot;3em&quot;},&quot;mobile&quot;:{&quot;height&quot;:&quot;2em&quot;}}\" data-block-mobile-breakpoint=\"600\"><div class=\"inner-holder\" style=\"padding-top:3em\"><\/div><\/div>\n\n\n\n<h2 class=\"wp-block-heading\">Votre propre site web h\u00e9berg\u00e9<\/h2>\n\n\n\n<div class=\"wp-block-citadela-blocks-custom-container citadela-block-custom-container responsive-options loading-image size-wide bg-type-image inside-space-none bg-size-full-vertical fixed-bg has-overlay\" data-block-attr=\"{&quot;size&quot;:&quot;bg-size-full-horizontal&quot;}\" data-block-mobile-breakpoint=\"600\"><div class=\"bg-image-wrapper\" style=\"background-image:url(https:\/\/nodengo.com\/wp-content\/uploads\/wp-ctdl.png);background-repeat:no-repeat\"><\/div><div class=\"bg-image-overlay\" style=\"opacity:0.5\"><\/div><div class=\"inner-holder\">\n<div class=\"wp-block-columns is-layout-flex wp-container-core-columns-is-layout-9d6595d7 wp-block-columns-is-layout-flex\">\n<div class=\"wp-block-column is-layout-flow wp-block-column-is-layout-flow\">         <div \r\n            class=\"citadela-block-responsive-text align-left\"\r\n                                 >\r\n            <p class=\"inner-tag\" style=\"line-height: 1.75;\">H\u00e9bergez votre propre site web sur <a href=\"https:\/\/nodengo.com\/fr\/-33\/\" data-type=\"page\" data-id=\"54134\">Nodengo.com<\/a>Vous contr\u00f4lez enti\u00e8rement votre site tout en utilisant nos serveurs et notre trafic pour atteindre vos clients potentiels.<br>Website specifically dedicated for Restaurants and Tourism websites<br><br>Utilisez votre propre design ou l'un de nos mod\u00e8les, des pages illimit\u00e9es telles que \u00c0 propos, Menu, Direction, \u00c9v\u00e9nements, D\u00e9tails, R\u00e9servation, etc.<br><\/p>         <\/div>\r\n      \n\n\n<h2 class=\"wp-block-heading\">BIENT\u00d4T DISPONIBLE \u2026.. !<\/h2>\n<\/div>\n\n\n\n<div class=\"wp-block-column is-layout-flow wp-block-column-is-layout-flow\" style=\"flex-basis:36%\"><\/div>\n<\/div>\n\n\n\n<figure class=\"wp-block-image size-full\"><img decoding=\"async\" width=\"1024\" height=\"658\" src=\"https:\/\/nodengo.com\/wp-content\/uploads\/img-restaurant-inside2-opt-1024x658-1.jpg\" alt=\"create your own hosted website\" class=\"wp-image-12939\" title=\"\" srcset=\"https:\/\/nodengo.com\/wp-content\/uploads\/img-restaurant-inside2-opt-1024x658-1.jpg 1024w, https:\/\/nodengo.com\/wp-content\/uploads\/img-restaurant-inside2-opt-1024x658-1-150x96.jpg 150w, https:\/\/nodengo.com\/wp-content\/uploads\/img-restaurant-inside2-opt-1024x658-1-900x578.jpg 900w, https:\/\/nodengo.com\/wp-content\/uploads\/img-restaurant-inside2-opt-1024x658-1-300x193.jpg 300w, https:\/\/nodengo.com\/wp-content\/uploads\/img-restaurant-inside2-opt-1024x658-1-768x494.jpg 768w, https:\/\/nodengo.com\/wp-content\/uploads\/img-restaurant-inside2-opt-1024x658-1-16x10.jpg 16w\" sizes=\"(max-width: 1024px) 100vw, 1024px\" \/><\/figure>\n\n\n<form\r\n\t\t\t\tid=\"forminator-module-56462\"\r\n\t\t\t\tclass=\"forminator-ui forminator-poll forminator-poll-56462 forminator-design--flat\"\r\n\t\t\t\tmethod=\"post\"\r\n\t\t\t\tdata-forminator-render=\"0\"\r\n\t\t\t\tdata-form-id=\"56462\"\r\n\t\t\t\t data-color-option=\"default\" data-design=\"flat\" style=\"display: none;\"\r\n\t\t\t\tdata-uid=\"69d834e1ebb3d\" action=\"\"\r\n\t\t\t><div role=\"alert\" aria-live=\"polite\" class=\"forminator-response-message\" aria-hidden=\"true\"><\/div><div class=\"forminator-poll-header\"><span id=\"forminator-poll-56462--title\" class=\"forminator-question forminator-poll--question\">Seriez-vous int\u00e9ress\u00e9 par l'h\u00e9bergement de votre site web sur Nodengo.com\u00a0?<\/span><img decoding=\"async\" class=\"forminator-image\" src=\"https:\/\/nodengo.com\/wp-content\/uploads\/heading_blank.jpg\" role=\"img\" aria-hidden=\"true\" alt=\"\" title=\"\"><\/div><div class=\"forminator-poll-body\"><div role=\"radiogroup\" class=\"forminator-field\" aria-labelledby=\"forminator-poll-56462--title\"><label for=\"56462-0-answer-1\" class=\"forminator-radio\"><input id=\"56462-0-answer-1\" type=\"radio\" data-required=\"\" name=\"56462\" value=\"answer-1\"  \/><span class=\"forminator-radio-bullet\" aria-hidden=\"true\"><\/span><span class=\"forminator-radio-label\">OUI<\/span><\/label><label for=\"56462-0-answer-2\" class=\"forminator-radio\"><input id=\"56462-0-answer-2\" type=\"radio\" data-required=\"\" name=\"56462\" value=\"answer-2\"  \/><span class=\"forminator-radio-bullet\" aria-hidden=\"true\"><\/span><span class=\"forminator-radio-label\">NO<\/span><\/label><label for=\"56462-0-answer-3\" class=\"forminator-radio\"><input id=\"56462-0-answer-3\" type=\"radio\" data-required=\"\" name=\"56462\" value=\"answer-3\"  \/><span class=\"forminator-radio-bullet\" aria-hidden=\"true\"><\/span><span class=\"forminator-radio-label\">Maybe<\/span><\/label><label for=\"56462-0-answer-4\" class=\"forminator-radio\"><input id=\"56462-0-answer-4\" type=\"radio\" data-required=\"\" name=\"56462\" value=\"answer-4\"  \/><span class=\"forminator-radio-bullet\" aria-hidden=\"true\"><\/span><span class=\"forminator-radio-label\">Would like more information<\/span><\/label><\/div><\/div><input type=\"hidden\" name=\"referer_url\" value=\"\" \/><div class=\"forminator-poll-footer forminator-poll--actions\"><button class=\"forminator-button forminator-button-submit\" ><span>Envoyer<\/span><i class=\"forminator-icon-loader forminator-loading\" aria-hidden=\"true\"><\/i><\/button><\/div><input type=\"hidden\" id=\"forminator_nonce\" name=\"forminator_nonce\" value=\"c40196e3fc\" \/><input type=\"hidden\" name=\"_wp_http_referer\" value=\"\/fr\/wp-json\/wp\/v2\/pages\/8087\" \/><input type=\"hidden\" name=\"form_id\" value=\"56462\"><input type=\"hidden\" name=\"page_id\" value=\"8087\"><input type=\"hidden\" name=\"render_id\" value=\"0\"><input type=\"hidden\" name=\"action\" value=\"forminator_submit_form_poll\"><input type=\"hidden\" name=\"trp-form-language\" value=\"fr\"\/><\/form>\n\n\n\n<hr class=\"wp-block-separator has-alpha-channel-opacity is-style-wide\"\/>\n\n\n\n<p><strong>LIENS D'AIDE <\/strong>  :  <img decoding=\"async\" src=\"https:\/\/nodengo.com\/wp-content\/uploads\/buttongrey-1.gif\" alt=\"\" title=\"\">  <a href=\"https:\/\/nodengo.com\/fr\/-23\/\">Gestion de votre annonce<\/a>  <img decoding=\"async\" src=\"https:\/\/nodengo.com\/wp-content\/uploads\/buttongrey-1.gif\" alt=\"\" title=\"\"><a href=\"https:\/\/nodengo.com\/fr\/-26\/\"> Comment publier<\/a> <img decoding=\"async\" src=\"https:\/\/nodengo.com\/wp-content\/uploads\/buttongrey-1.gif\" alt=\"\" title=\"\">  <a href=\"https:\/\/nodengo.com\/fr\/how-to-complete-my-listing\/\">Compl\u00e9tez votre annonce<\/a>  <img decoding=\"async\" src=\"https:\/\/nodengo.com\/wp-content\/uploads\/buttongrey-1.gif\" alt=\"\" title=\"\"> <a href=\"https:\/\/nodengo.com\/fr\/directives-de-publication\/\" data-type=\"page\" data-id=\"52279\">Directives de publication<\/a>  <img decoding=\"async\" src=\"https:\/\/nodengo.com\/wp-content\/uploads\/buttongrey-1.gif\" alt=\"\" title=\"\"> <a href=\"https:\/\/ads.nodengo.com\/fr\/\" target=\"_blank\" rel=\"noreferrer noopener nofollow\">Publicit\u00e9<\/a>   <\/p>\n\n\n\n<hr class=\"wp-block-separator has-alpha-channel-opacity is-style-wide\"\/>\n\n\n\n<div class=\"wp-block-buttons is-horizontal is-content-justification-center is-layout-flex wp-container-core-buttons-is-layout-499968f5 wp-block-buttons-is-layout-flex\">\n<div class=\"wp-block-button\"><a class=\"wp-block-button__link wp-element-button\" href=\"mailto:contact@nodengo.com\" target=\"_blank\" rel=\"noreferrer noopener\">Contactez-nous pour plus d'informations <\/a><\/div>\n<\/div>\n<\/div><\/div>\n\n\n\n<div class=\"wp-block-citadela-blocks-custom-container citadela-block-custom-container size-wide bg-type-image inside-space-none bg-size-cover has-overlay\"><div class=\"bg-image-wrapper\" style=\"background-image:url(https:\/\/nodengo.com\/wp-content\/uploads\/transparent-map-white.png);background-repeat:no-repeat;background-position:50% 50%\"><\/div><div class=\"bg-image-overlay\" style=\"opacity:0.5\"><\/div><div class=\"inner-holder\">\n<div class=\"wp-block-columns are-vertically-aligned-center is-layout-flex wp-container-core-columns-is-layout-9d6595d7 wp-block-columns-is-layout-flex\">\n<div class=\"wp-block-column is-vertically-aligned-center is-layout-flow wp-block-column-is-layout-flow\" style=\"flex-basis:66.66%\">         <div \r\n            class=\"citadela-block-responsive-text align-left no-margins responsive-options loading\"\r\n            data-block-mobile-attr=\"{&quot;desktop&quot;:{&quot;align&quot;:&quot;left&quot;},&quot;mobile&quot;:{&quot;align&quot;:&quot;center&quot;}}\"            data-block-mobile-breakpoint=\"600\"         >\r\n            <h2 class=\"inner-tag\" style=\"color: #ffffff;\">Pr\u00eat \u00e0 l'emploi, facile \u00e0 personnaliser<\/h2>         <\/div>\r\n      \n\n\n<div class=\"wp-block-citadela-blocks-spacer citadela-block-spacer\"><div class=\"inner-holder\" style=\"padding-top:1.5em\"><\/div><\/div>\n<\/div>\n\n\n\n<div class=\"wp-block-column is-vertically-aligned-center is-layout-flow wp-block-column-is-layout-flow\" style=\"flex-basis:33.33%\">\n<div class=\"wp-block-citadela-blocks-spacer citadela-block-spacer\"><div class=\"inner-holder\" style=\"padding-top:1em\"><\/div><\/div>\n<\/div>\n<\/div>\n\n\n\n<div class=\"wp-block-citadela-blocks-spacer citadela-block-spacer\"><div class=\"inner-holder\" style=\"padding-top:35px\"><\/div><\/div>\n<\/div><\/div>\n\n\n\n<div class=\"wp-block-citadela-blocks-spacer citadela-block-spacer negative-height\"><div class=\"inner-holder\" style=\"margin-top:-6em\"><\/div><\/div>","protected":false},"excerpt":{"rendered":"<p>Votre propre site web h\u00e9berg\u00e9<\/p>","protected":false},"author":1,"featured_media":0,"parent":54134,"menu_order":0,"comment_status":"closed","ping_status":"closed","template":"","meta":{"_uag_custom_page_level_css":"","_citadela_hide_page_title":"1","_citadela_remove_header_space":"1","_citadela_custom_class":"","_citadela_half_map_provider":"","_citadela_half_map_theme":"","_citadela_half_map_themeOSM":"","_citadela_half_map_customTheme":"","_citadela_half_map_dataType":"","_citadela_half_map_dynamicTrack":false,"_citadela_half_map_trackColor":"","_citadela_half_map_trackEndpointsColor":"","_citadela_half_map_filterCategory":"","_citadela_half_map_filterLocation":"","_citadela_half_map_filterFeatured":false,"_citadela_half_map_noDataBehavior":"empty-map","_citadela_half_map_noDataText":"","_citadela_half_map_clusterGridSize":80,"_citadela_header":false,"_citadela_header_over_content":false,"_citadela_header_text_color":"","_citadela_header_logo":[],"_citadela_header_bg_image":[],"_citadela_header_bg_position":{"x":0.5,"y":0.5},"_citadela_header_bg_size":"cover","_citadela_header_bg_repeat":"no-repeat","_citadela_header_bg_fixed":false,"_citadela_header_bg_color":"","_citadela_header_bg_image_overlay":"","_citadela_header_transparent_bg":false,"_citadela_content_width":"wide","_citadela_half_layout_position":"","footnotes":""},"class_list":["post-8087","page","type-page","status-publish","hentry"],"uagb_featured_image_src":{"full":false,"thumbnail":false,"medium":false,"medium_large":false,"large":false,"1536x1536":false,"2048x2048":false,"trp-custom-language-flag":false,"citadela_item_thumbnail":false,"woocommerce_thumbnail":false,"woocommerce_single":false,"woocommerce_gallery_thumbnail":false,"citadela_service":false},"uagb_author_info":{"display_name":"admin","author_link":"https:\/\/nodengo.com\/fr\/author\/admin\/"},"uagb_comment_info":0,"uagb_excerpt":"Create your own hosted website.","_links":{"self":[{"href":"https:\/\/nodengo.com\/fr\/wp-json\/wp\/v2\/pages\/8087","targetHints":{"allow":["GET"]}}],"collection":[{"href":"https:\/\/nodengo.com\/fr\/wp-json\/wp\/v2\/pages"}],"about":[{"href":"https:\/\/nodengo.com\/fr\/wp-json\/wp\/v2\/types\/page"}],"author":[{"embeddable":true,"href":"https:\/\/nodengo.com\/fr\/wp-json\/wp\/v2\/users\/1"}],"replies":[{"embeddable":true,"href":"https:\/\/nodengo.com\/fr\/wp-json\/wp\/v2\/comments?post=8087"}],"version-history":[{"count":0,"href":"https:\/\/nodengo.com\/fr\/wp-json\/wp\/v2\/pages\/8087\/revisions"}],"up":[{"embeddable":true,"href":"https:\/\/nodengo.com\/fr\/wp-json\/wp\/v2\/pages\/54134"}],"wp:attachment":[{"href":"https:\/\/nodengo.com\/fr\/wp-json\/wp\/v2\/media?parent=8087"}],"curies":[{"name":"wp","href":"https:\/\/api.w.org\/{rel}","templated":true}]}}