{"id":7789,"date":"2021-03-28T11:21:41","date_gmt":"2021-03-28T09:21:41","guid":{"rendered":"https:\/\/nodengo.com\/?page_id=7789"},"modified":"2025-12-09T15:38:50","modified_gmt":"2025-12-09T14:38:50","slug":"placeholder","status":"publish","type":"page","link":"https:\/\/nodengo.com\/fr\/placeholder\/","title":{"rendered":"Pas encore d'\u00e9diteur"},"content":{"rendered":"<div class=\"wp-block-citadela-blocks-custom-container citadela-block-custom-container size-wide bg-type-none inside-space-none\"><div class=\"inner-holder\">\n<div class=\"wp-block-columns is-layout-flex wp-container-core-columns-is-layout-9d6595d7 wp-block-columns-is-layout-flex\">\n<div class=\"wp-block-column is-layout-flow wp-block-column-is-layout-flow\" style=\"flex-basis:25%\"><div class=\"wp-block-image is-resized is-style-default\">\n<figure class=\"alignright size-large\"><img decoding=\"async\" width=\"302\" height=\"595\" src=\"https:\/\/nodengo.com\/wp-content\/uploads\/3D-Business-Woman-Traveling-for-Business-Copy.jpg\" alt=\"\" class=\"wp-image-6439\" style=\"width:192px\" title=\"\" srcset=\"https:\/\/nodengo.com\/wp-content\/uploads\/3D-Business-Woman-Traveling-for-Business-Copy.jpg 302w, https:\/\/nodengo.com\/wp-content\/uploads\/3D-Business-Woman-Traveling-for-Business-Copy-76x150.jpg 76w\" sizes=\"(max-width: 302px) 100vw, 302px\" \/><\/figure>\n<\/div><\/div>\n\n\n\n<div class=\"wp-block-column is-layout-flow wp-block-column-is-layout-flow\" style=\"flex-basis:75%\">\n<h3 class=\"wp-block-heading has-text-align-center\">Nos excuses<\/h3>\n\n\n\n<p class=\"has-medium-font-size\">Vous \u00eates arriv\u00e9 sur cette page, car nous n'avons probablement pas d'\u00e9diteur pour cette destination.<\/p>\n\n\n\n<p class=\"has-medium-font-size\">Nous ajoutons constamment des destinations, il est donc fort probable que celle-ci sera disponible lors de votre prochaine visite.<\/p>\n\n\n\n<p class=\"has-small-font-size\">Cependant en attendant, vous pouvez r\u00e9server pour toutes les destinations:<\/p>\n\n\n\n<div class=\"wp-block-uagb-tabs uagb-block-863f7637 uagb-tabs__wrap uagb-tabs__hstyle1-desktop uagb-tabs__vstyle6-tablet uagb-tabs__stack1-mobile\" data-tab-active=\"0\"><ul class=\"uagb-tabs__panel uagb-tabs__align-left\" role=\"tablist\"><li class=\"uagb-tab uagb-tabs__active\" role=\"none\"><a href=\"#uagb-tabs__tab0\" class=\"uagb-tabs-list uagb-tabs__icon-position-left\" data-tab=\"0\" role=\"tab\"><div>Vols<\/div><\/a><\/li><li class=\"uagb-tab\" role=\"none\"><a href=\"#uagb-tabs__tab1\" class=\"uagb-tabs-list uagb-tabs__icon-position-left\" data-tab=\"1\" role=\"tab\"><div>H\u00f4tels<\/div><\/a><\/li><li class=\"uagb-tab\" role=\"none\"><a href=\"#uagb-tabs__tab2\" class=\"uagb-tabs-list uagb-tabs__icon-position-left\" data-tab=\"2\" role=\"tab\"><div>Voitures<\/div><\/a><\/li><\/ul><div class=\"uagb-tabs__body-wrap\">\n<div class=\"wp-block-uagb-tabs-child uagb-tabs__body-container uagb-inner-tab-0\" aria-labelledby=\"uagb-tabs__tab0\">\n\n<script async src=\"https:\/\/tpwgts.com\/content?currency=eur&#038;trs=32252&#038;shmarker=246395&#038;show_hotels=true&#038;powered_by=true&#038;locale=fr&#038;searchUrl=search.jetradar.com&#038;primary_override=%2332a8dd&#038;color_button=%2392CE52&#038;color_icons=%2332a8dd&#038;dark=%23262626&#038;light=%23FFFFFF&#038;secondary=%23FFFFFF&#038;special=%23C4C4C4&#038;color_focused=%2332a8dd&#038;border_radius=0&#038;plain=true&#038;promo_id=7879&#038;campaign_id=100\" charset=\"utf-8\"><\/script>\n\n\n\n\n\n\n<\/div>\n\n\n\n<div class=\"wp-block-uagb-tabs-child uagb-tabs__body-container uagb-inner-tab-1\" aria-labelledby=\"uagb-tabs__tab1\">\n\n<script async src=\"https:\/\/tpwgts.com\/content?trs=32252&#038;shmarker=246395&#038;lang=fr&#038;layout=S10391&#038;powered_by=true&#038;campaign_id=121&#038;promo_id=4038\" charset=\"utf-8\"><\/script>\n\n\n\n\n\n\n<\/div>\n\n\n\n<div class=\"wp-block-uagb-tabs-child uagb-tabs__body-container uagb-inner-tab-2\" aria-labelledby=\"uagb-tabs__tab2\">\n\n<script async src=\"https:\/\/tpwgts.com\/content?currency=eur&#038;trs=32252&#038;shmarker=246395&#038;locale=fr&#038;powered_by=true&#038;bg_color=%23FFFFFf&#038;font_color=%23333333&#038;button_color=%2300a200&#038;button_font_color=%23ffffff&#038;button_text=Search&#038;rounded_corners=false&#038;benefits=true&#038;dc_powered_by=false&#038;supplier_logos=false&#038;campaign_id=117&#038;promo_id=3873\" charset=\"utf-8\"><\/script>\n\n\n\n\n\n\n<\/div>\n<\/div><\/div>\n<\/div>\n<\/div>\n<\/div><\/div>\n\n\n\n<hr class=\"wp-block-separator has-alpha-channel-opacity\"\/>\n\n\n\n<div class=\"wp-block-citadela-blocks-custom-container citadela-block-custom-container size-wide bg-type-none inside-space-none\"><div class=\"inner-holder\">\n<div class=\"wp-block-columns is-layout-flex wp-container-core-columns-is-layout-9d6595d7 wp-block-columns-is-layout-flex\">\n<div class=\"wp-block-column is-layout-flow wp-block-column-is-layout-flow\">\n<p class=\"has-vivid-cyan-blue-color has-text-color has-link-color wp-elements-63d7d6bb9dac57fcab395af4b78d7e41\">Int\u00e9ress\u00e9  \u00e0 devenir un \u00e9diteur local ?<\/p>\n\n\n\n<p>We are looking for qualified individual in about every major (and some minor) cities in, therefore chances are you live in one of them. We are looking for Independent Editors, whom will tell everyone, on our website, where to find the little restaurant, serving the best food in the best spot only known from the \u201clocals\u201d.<\/p>\n\n\n\n<p>Plus d'informations pour devenir&nbsp;<a type=\"page\" id=\"54050\" href=\"https:\/\/nodengo.com\/fr\/-29\/-24\/geneva-reviews-gva\/\">Editeur local<\/a><\/p>\n<\/div>\n\n\n\n<div class=\"wp-block-column is-layout-flow wp-block-column-is-layout-flow\">\n<p class=\"has-vivid-cyan-blue-color has-text-color has-link-color wp-elements-977a6f529994fd34f21e64b14bfc7e2a\">Int\u00e9ress\u00e9 \u00e0 figurer sur Nodengo.com?<\/p>\n\n\n\n<p>Nous nous sommes fix\u00e9s pour but d'\u00eatre le no 1 des informations sur les destinations dans le monde, en fournissant des critiques impartiales, professionnelles et pr\u00e9cises sur les \u00e9tablissements locaux fournies par nos r\u00e9dacteurs locaux.<\/p>\n\n\n\n<p>Plus d'informations pour rejoindre&nbsp;<a type=\"page\" id=\"2864\" href=\"https:\/\/nodengo.com\/fr\/-2\/\">Nodengo.com<\/a><\/p>\n<\/div>\n<\/div>\n<\/div><\/div>\n\n\n\n<div class=\"wp-block-citadela-blocks-spacer citadela-block-spacer\"><div class=\"inner-holder\" style=\"padding-top:20px\"><\/div><\/div>","protected":false},"excerpt":{"rendered":"","protected":false},"author":1,"featured_media":0,"parent":0,"menu_order":0,"comment_status":"closed","ping_status":"closed","template":"","meta":{"_uag_custom_page_level_css":"","_citadela_hide_page_title":"1","_citadela_remove_header_space":"1","_citadela_custom_class":"","_citadela_half_map_provider":"","_citadela_half_map_theme":"","_citadela_half_map_themeOSM":"","_citadela_half_map_customTheme":"","_citadela_half_map_dataType":"","_citadela_half_map_dynamicTrack":false,"_citadela_half_map_trackColor":"","_citadela_half_map_trackEndpointsColor":"","_citadela_half_map_filterCategory":"","_citadela_half_map_filterLocation":"","_citadela_half_map_filterFeatured":false,"_citadela_half_map_noDataBehavior":"empty-map","_citadela_half_map_noDataText":"","_citadela_half_map_clusterGridSize":80,"_citadela_header":false,"_citadela_header_over_content":false,"_citadela_header_text_color":"","_citadela_header_logo":[],"_citadela_header_bg_image":[],"_citadela_header_bg_position":{"x":0.5,"y":0.5},"_citadela_header_bg_size":"cover","_citadela_header_bg_repeat":"no-repeat","_citadela_header_bg_fixed":false,"_citadela_header_bg_color":"","_citadela_header_bg_image_overlay":"","_citadela_header_transparent_bg":false,"_citadela_content_width":"wide","_citadela_half_layout_position":"","footnotes":""},"class_list":["post-7789","page","type-page","status-publish","hentry"],"uagb_featured_image_src":{"full":false,"thumbnail":false,"medium":false,"medium_large":false,"large":false,"1536x1536":false,"2048x2048":false,"trp-custom-language-flag":false,"citadela_item_thumbnail":false,"woocommerce_thumbnail":false,"woocommerce_single":false,"woocommerce_gallery_thumbnail":false,"citadela_service":false},"uagb_author_info":{"display_name":"admin","author_link":"https:\/\/nodengo.com\/fr\/author\/admin\/"},"uagb_comment_info":0,"uagb_excerpt":null,"_links":{"self":[{"href":"https:\/\/nodengo.com\/fr\/wp-json\/wp\/v2\/pages\/7789","targetHints":{"allow":["GET"]}}],"collection":[{"href":"https:\/\/nodengo.com\/fr\/wp-json\/wp\/v2\/pages"}],"about":[{"href":"https:\/\/nodengo.com\/fr\/wp-json\/wp\/v2\/types\/page"}],"author":[{"embeddable":true,"href":"https:\/\/nodengo.com\/fr\/wp-json\/wp\/v2\/users\/1"}],"replies":[{"embeddable":true,"href":"https:\/\/nodengo.com\/fr\/wp-json\/wp\/v2\/comments?post=7789"}],"version-history":[{"count":0,"href":"https:\/\/nodengo.com\/fr\/wp-json\/wp\/v2\/pages\/7789\/revisions"}],"wp:attachment":[{"href":"https:\/\/nodengo.com\/fr\/wp-json\/wp\/v2\/media?parent=7789"}],"curies":[{"name":"wp","href":"https:\/\/api.w.org\/{rel}","templated":true}]}}