{"id":7112,"date":"2021-03-14T21:58:03","date_gmt":"2021-03-14T20:58:03","guid":{"rendered":"https:\/\/nodengo.com\/?page_id=7112"},"modified":"2026-01-07T17:09:56","modified_gmt":"2026-01-07T16:09:56","slug":"geneva-travel-blog","status":"publish","type":"page","link":"https:\/\/nodengo.com\/fr\/switzerland\/geneva\/geneva-travel-blog\/","title":{"rendered":"Gen\u00e8ve Travel Blog"},"content":{"rendered":"<div class=\"wp-block-citadela-blocks-custom-container citadela-block-custom-container size-wide bg-type-none inside-space-none\"><div class=\"inner-holder\">\n<div style=\"height:14px\" aria-hidden=\"true\" class=\"wp-block-spacer\"><\/div>\n\n\n\t\t\t<!-- Flexy Breadcrumb -->\r\n\t\t\t<div class=\"fbc fbc-page\">\r\n\r\n\t\t\t\t<!-- Breadcrumb wrapper -->\r\n\t\t\t\t<div class=\"fbc-wrap\">\r\n\r\n\t\t\t\t\t<!-- Ordered list-->\r\n\t\t\t\t\t<ol class=\"fbc-items\" itemscope itemtype=\"https:\/\/schema.org\/BreadcrumbList\">\r\n\t\t\t\t\t\t            <li itemprop=\"itemListElement\" itemscope itemtype=\"https:\/\/schema.org\/ListItem\">\r\n                <span itemprop=\"name\">\r\n                    <!-- Home Link -->\r\n                    <a itemprop=\"item\" href=\"https:\/\/nodengo.com\/fr\/\">\r\n                    \r\n                                                    <i class=\"fa fa-home\" aria-hidden=\"true\"><\/i>Home                    <\/a>\r\n                <\/span>\r\n                <meta itemprop=\"position\" content=\"1\" \/><!-- Meta Position-->\r\n             <\/li><li><span class=\"fbc-separator\">\/<\/span><\/li><li class=\"active\" itemprop=\"itemListElement\" itemscope itemtype=\"https:\/\/schema.org\/ListItem\"><span itemprop=\"name\" title=\"Best Travel Blog\">Best Travel Blog<\/span><meta itemprop=\"position\" content=\"2\" \/><\/li>\t\t\t\t\t<\/ol>\r\n\t\t\t\t\t<div class=\"clearfix\"><\/div>\r\n\t\t\t\t<\/div>\r\n\t\t\t<\/div>\r\n\t\t\t\n<\/div><\/div>\n\n\n\n<div class=\"wp-block-citadela-blocks-custom-container citadela-block-custom-container size-wide bg-type-image inside-space-none bg-size-cover has-overlay has-min-height vertical-align-center\" style=\"min-height:150px\"><div class=\"bg-image-wrapper\" style=\"background-image:url(https:\/\/nodengo.com\/wp-content\/uploads\/Geneva-Header.jpg);background-repeat:no-repeat;background-position:26% 100%\"><\/div><div class=\"bg-image-overlay\" style=\"opacity:0.85\"><\/div><div class=\"inner-holder\">\n<div class=\"wp-block-citadela-blocks-spacer citadela-block-spacer\"><div class=\"inner-holder\" style=\"padding-top:25px\"><\/div><\/div>\n\n\n         <div \r\n            class=\"citadela-block-responsive-text align-center responsive-options loading\"\r\n            data-block-mobile-attr=\"{&quot;desktop&quot;:{&quot;fontSize&quot;:&quot;54px&quot;},&quot;mobile&quot;:{&quot;fontSize&quot;:&quot;8vw&quot;}}\"            data-block-mobile-breakpoint=\"600\"         >\r\n            <h1 class=\"inner-tag\" style=\"font-size: 54px; color: #ffffff;\">GENEVE Blog<\/h1>         <\/div>\r\n      \n\n\n<div class=\"wp-block-citadela-blocks-spacer citadela-block-spacer responsive-options loading\" data-block-attr=\"{&quot;desktop&quot;:{&quot;height&quot;:&quot;5vw&quot;},&quot;mobile&quot;:{&quot;height&quot;:&quot;0vw&quot;}}\" data-block-mobile-breakpoint=\"600\"><div class=\"inner-holder\" style=\"padding-top:5vw\"><\/div><\/div>\n<\/div><\/div>\n\n\n\n<div class=\"wp-block-citadela-blocks-custom-container citadela-block-custom-container size-fullwidth bg-type-color inside-space-none has-bg has-border-radius has-shadow\" style=\"background-color:rgba(255, 255, 255, 1);border-radius:6px;box-shadow: 0px 15px 30px 0px rgba(0, 0, 0, 0.04)\"><div class=\"inner-holder\">\n<h2 class=\"wp-block-heading has-text-align-center\">TRAVEL BLOG GENEVE<\/h2>\n\n\n\n<p align=\"center\"><i class=\"fas fa-utensils\"><\/i><a href=\"https:\/\/nodengo.com\/fr\/-24\/-20\/\"> RESTAURANTS<\/a> |<i class=\"fas fa-monument\"><\/i><a href=\"https:\/\/nodengo.com\/fr\/-24\/activities-in-geneva\/#ttd\"> A FAIRE<\/a> |<i class=\"fas fa-camera\"><\/i><a href=\"https:\/\/nodengo.com\/fr\/-24\/activities-in-geneva\/\"> ACTIVIT\u00c9S<\/a> |<i class=\"fas fa-pen\"><\/i><a href=\"https:\/\/nodengo.com\/fr\/-24\/geneva-travel-blog\/\"> <b>BLOG<\/b><\/a> |<i class=\"fas fa-user-edit\"><\/i><a href=\"https:\/\/nodengo.com\/fr\/-24\/geneva-reviews-gva\/\">  \u00c9VALUATIONS<\/a> | <i class=\"fas fa-hotel\"><\/i><a href=\"https:\/\/trip.tpx.gr\/FCNAKsJh\" target=\"_blank\" rel=\"noopener\"> H\u00d4TELS<\/a> |<i class=\"fas fa-car\"><\/i><a href=\"https:\/\/economybookings.tpx.gr\/wk6VGvIP\" target=\"_blank\" rel=\"noopener\"> VOITURES<\/a> | <i class=\"fas fa-taxi\"><\/i><a href=\"https:\/\/kiwitaxi.tpx.gr\/TLJBJxgv\" target=\"_blank\" rel=\"noopener\"> TRANSFER<\/a><\/p>\n<\/div><\/div>\n\n\n\n<div class=\"wp-block-citadela-blocks-custom-container citadela-block-custom-container size-wide bg-type-none inside-space-none\"><div class=\"inner-holder\">\r\n        <div class=\"wp-block-citadela-blocks ctdl-posts-search-form border-thin shadow-default align-center\">\r\n            <div class=\"citadela-block-form search-form-component-container\" style=\"\" data-action=\"&quot;https:\\\/\\\/nodengo.com\\\/fr\\\/&quot;\"data-post-type=\"post\"data-category-taxonomy=\"category\"data-location-taxonomy=\"citadela-post-location\">\r\n            <\/div>\r\n        <\/div>\r\n\r\n        <\/div><\/div>\n\n\n\n<div style=\"height:16px\" aria-hidden=\"true\" class=\"wp-block-spacer\"><\/div>\n\n\n\n<div class=\"wp-block-citadela-blocks-custom-container citadela-block-custom-container size-wide bg-type-none inside-space-none\"><div class=\"inner-holder\">\n<div class=\"wp-block-columns is-layout-flex wp-container-core-columns-is-layout-9d6595d7 wp-block-columns-is-layout-flex\">\n<div class=\"wp-block-column is-layout-flow wp-block-column-is-layout-flow\" style=\"flex-basis:50%\"><div class=\"has-text-align-left wp-block-post-author has-large-font-size\"><div class=\"wp-block-post-author__avatar\"><img decoding=\"async\" alt=\"\" src=\"https:\/\/nodengo.com\/wp-content\/uploads\/team-member-21.jpg\" srcset=\"https:\/\/nodengo.com\/wp-content\/uploads\/team-member-21.jpg 262w, https:\/\/nodengo.com\/wp-content\/uploads\/team-member-21-150x131.jpg 150w, https:\/\/nodengo.com\/wp-content\/uploads\/team-member-21-14x12.jpg 14w\" class=\"avatar avatar-96 photo\" height=\"96\" width=\"96\" title=\"\"><\/div><div class=\"wp-block-post-author__content\"><p class=\"wp-block-post-author__byline\">Votre \u00e9ditrice pour Gen\u00e8ve Suisse<\/p><p class=\"wp-block-post-author__name\"><a href=\"https:\/\/nodengo.com\/fr\/author\/loretta-kevin\/\" target=\"_blank\">Loretta Kevin<\/a><\/p><\/div><\/div><\/div>\n\n\n\n<div class=\"wp-block-column is-vertically-aligned-top is-layout-flow wp-block-column-is-layout-flow\" style=\"flex-basis:50%\"><div class=\"wp-block-image is-style-default\">\n<figure class=\"aligncenter size-medium\"><img decoding=\"async\" width=\"300\" height=\"156\" src=\"https:\/\/nodengo.com\/wp-content\/uploads\/A1A-300x156.jpg\" alt=\"Geneva Travel Blog\" class=\"wp-image-32228\" title=\"\" srcset=\"https:\/\/nodengo.com\/wp-content\/uploads\/A1A-300x156.jpg 300w, https:\/\/nodengo.com\/wp-content\/uploads\/A1A-150x78.jpg 150w, https:\/\/nodengo.com\/wp-content\/uploads\/A1A-18x9.jpg 18w, https:\/\/nodengo.com\/wp-content\/uploads\/A1A.jpg 462w\" sizes=\"(max-width: 300px) 100vw, 300px\" \/><\/figure>\n<\/div><\/div>\n<\/div>\n<\/div><\/div>\n\n\n\n<div class=\"wp-block-citadela-blocks-custom-container citadela-block-custom-container size-wide bg-type-none inside-space-none\"><div class=\"inner-holder\">\n<div class=\"wp-block-columns is-layout-flex wp-container-core-columns-is-layout-9d6595d7 wp-block-columns-is-layout-flex\">\n<div class=\"wp-block-column is-layout-flow wp-block-column-is-layout-flow\" style=\"flex-basis:66.66%\">        \r\n        <div class=\"wp-block-citadela-blocks ctdl-posts layout-list size-large grid-type-3 border-thin show-item-featured-image show-item-date show-item-description\">\r\n            \r\n<div class=\"citadela-block-articles\">\r\n    <div class=\"citadela-block-articles-wrap\">\r\n\r\n        \r\n<article class=\"citadela-directory-item has-thumbnail has-date has-description\" style=\"\"\">\r\n\r\n\t<div class=\"item-content\" style=\"border-color: rgba(65, 55, 55, 1);\"\">\r\n\t\t\t\t<div class=\"item-thumbnail\">\r\n\t\t\t\t\t\t<a href=\"https:\/\/nodengo.com\/fr\/geneva-tourist-information-center-has-relocated\/\"><img decoding=\"async\" src=\"https:\/\/nodengo.com\/wp-content\/uploads\/Geneva-Header-640x360.jpg\" class=\"item-image\" alt=\"L&#039;Office du Tourisme de Gen\u00e8ve a d\u00e9m\u00e9nag\u00e9\" title=\"\"><\/a>\r\n\t\t<\/div>\r\n\t\t\r\n\t\t<div class=\"item-body\">\r\n\t\t\t<div class=\"item-title\">\r\n\t\t\t\t\t\t\t\t<a href=\"https:\/\/nodengo.com\/fr\/geneva-tourist-information-center-has-relocated\/\">\r\n\t\t\t\t\t<div class=\"item-title-wrap\">\r\n\t\t\t\t\t\t<div class=\"post-title\">\r\n\t\t\t\t\t\t\tL'Office du Tourisme de Gen\u00e8ve a d\u00e9m\u00e9nag\u00e9\t\t\t\t\t\t<\/div>\r\n\t\t\t\t\t<\/div>\r\n\t\t\t\t<\/a>\r\n\t\t\t\t\t\t\t<\/div>\r\n\t\t\t\t\t\t<div class=\"item-text\">\r\n\t\t\t\t<div class=\"item-description\">\r\n\t\t\t\t\t<p>\r\n\t\t\t\t\t\t\t\t\t\t\t\t\t<span class=\"item-date\">\r\n\t\t\t\t\t\t\t\t<a href=\"https:\/\/nodengo.com\/fr\/2024\/03\/13\/\" rel=\"bookmark\">mars 13, 2024<\/a>\r\n\t\t\t\t\t\t\t<\/span>\r\n\t\t\t\t\t\t\t\t\t\t\t\tL'office du tourisme de l'Office du tourisme de Gen\u00e8ve a d\u00e9m\u00e9nag\u00e9. Il est d\u00e9sormais situ\u00e9 au sein de la gare centrale de Gen\u00e8ve. L'ancien emplacement du quai du Mont Blanc est d\u00e9sormais d\u00e9finitivement ferm\u00e9\t\t\t\t\t<\/p>\r\n\t\t\t\t\t<a href=\"https:\/\/nodengo.com\/fr\/geneva-tourist-information-center-has-relocated\/\" class=\"more\">Voir plus<\/a>\r\n\t\t\t\t<\/div>\r\n\t\t\t<\/div>\r\n\t\t\t\t\t\t<div class=\"item-footer\" style=\"border-color: rgba(65, 55, 55, 1);\"\">\r\n\t\t\t\t\t\t\t\t\t\t\t<\/div>\r\n\t\t<\/div>\r\n\t<\/div>\r\n\r\n<\/article>\r\n\r\n<article class=\"citadela-directory-item has-thumbnail has-date has-description\" style=\"\"\">\r\n\r\n\t<div class=\"item-content\" style=\"border-color: rgba(65, 55, 55, 1);\"\">\r\n\t\t\t\t<div class=\"item-thumbnail\">\r\n\t\t\t\t\t\t<a href=\"https:\/\/nodengo.com\/fr\/free-transport-card-updated\/\"><img decoding=\"async\" src=\"https:\/\/nodengo.com\/wp-content\/uploads\/free-Public-transport-card.jpg\" class=\"item-image\" alt=\"Carte de transport gratuite \/ mise \u00e0 jour\" title=\"\"><\/a>\r\n\t\t<\/div>\r\n\t\t\r\n\t\t<div class=\"item-body\">\r\n\t\t\t<div class=\"item-title\">\r\n\t\t\t\t\t\t\t\t<a href=\"https:\/\/nodengo.com\/fr\/free-transport-card-updated\/\">\r\n\t\t\t\t\t<div class=\"item-title-wrap\">\r\n\t\t\t\t\t\t<div class=\"post-title\">\r\n\t\t\t\t\t\t\tCarte de transport gratuite \/ mise \u00e0 jour\t\t\t\t\t\t<\/div>\r\n\t\t\t\t\t<\/div>\r\n\t\t\t\t<\/a>\r\n\t\t\t\t\t\t\t<\/div>\r\n\t\t\t\t\t\t<div class=\"item-text\">\r\n\t\t\t\t<div class=\"item-description\">\r\n\t\t\t\t\t<p>\r\n\t\t\t\t\t\t\t\t\t\t\t\t\t<span class=\"item-date\">\r\n\t\t\t\t\t\t\t\t<a href=\"https:\/\/nodengo.com\/fr\/2023\/01\/26\/\" rel=\"bookmark\">janvier 26, 2023<\/a>\r\n\t\t\t\t\t\t\t<\/span>\r\n\t\t\t\t\t\t\t\t\t\t\t\tLe pass gratuit des transports publics genevois devient virtuel\t\t\t\t\t<\/p>\r\n\t\t\t\t\t<a href=\"https:\/\/nodengo.com\/fr\/free-transport-card-updated\/\" class=\"more\">Voir plus<\/a>\r\n\t\t\t\t<\/div>\r\n\t\t\t<\/div>\r\n\t\t\t\t\t\t<div class=\"item-footer\" style=\"border-color: rgba(65, 55, 55, 1);\"\">\r\n\t\t\t\t\t\t\t\t\t\t\t<\/div>\r\n\t\t<\/div>\r\n\t<\/div>\r\n\r\n<\/article>\r\n\r\n<article class=\"citadela-directory-item has-thumbnail has-date has-description\" style=\"\"\">\r\n\r\n\t<div class=\"item-content\" style=\"border-color: rgba(65, 55, 55, 1);\"\">\r\n\t\t\t\t<div class=\"item-thumbnail\">\r\n\t\t\t\t\t\t<a href=\"https:\/\/nodengo.com\/fr\/free-transport-card\/\"><img decoding=\"async\" src=\"https:\/\/nodengo.com\/wp-content\/uploads\/free-Public-transport-card.jpg\" class=\"item-image\" alt=\"Carte de transport gratuite\" title=\"\"><\/a>\r\n\t\t<\/div>\r\n\t\t\r\n\t\t<div class=\"item-body\">\r\n\t\t\t<div class=\"item-title\">\r\n\t\t\t\t\t\t\t\t<a href=\"https:\/\/nodengo.com\/fr\/free-transport-card\/\">\r\n\t\t\t\t\t<div class=\"item-title-wrap\">\r\n\t\t\t\t\t\t<div class=\"post-title\">\r\n\t\t\t\t\t\t\tCarte de transport gratuite\t\t\t\t\t\t<\/div>\r\n\t\t\t\t\t<\/div>\r\n\t\t\t\t<\/a>\r\n\t\t\t\t\t\t\t<\/div>\r\n\t\t\t\t\t\t<div class=\"item-text\">\r\n\t\t\t\t<div class=\"item-description\">\r\n\t\t\t\t\t<p>\r\n\t\t\t\t\t\t\t\t\t\t\t\t\t<span class=\"item-date\">\r\n\t\t\t\t\t\t\t\t<a href=\"https:\/\/nodengo.com\/fr\/2023\/01\/25\/\" rel=\"bookmark\">janvier 25, 2023<\/a>\r\n\t\t\t\t\t\t\t<\/span>\r\n\t\t\t\t\t\t\t\t\t\t\t\tSi vous arrivez \u00e0 l'A\u00e9roport de Gen\u00e8ve, vous pouvez r\u00e9cup\u00e9rer un ticket de transports en commun gratuit pendant 80 minutes pour vous rendre \u00e0 votre lieu de r\u00e9sidence. Le distributeur se trouve dans la zone de r\u00e9cup\u00e9ration des bagages.\t\t\t\t\t<\/p>\r\n\t\t\t\t\t<a href=\"https:\/\/nodengo.com\/fr\/free-transport-card\/\" class=\"more\">Voir plus<\/a>\r\n\t\t\t\t<\/div>\r\n\t\t\t<\/div>\r\n\t\t\t\t\t\t<div class=\"item-footer\" style=\"border-color: rgba(65, 55, 55, 1);\"\">\r\n\t\t\t\t\t\t\t\t\t\t\t<\/div>\r\n\t\t<\/div>\r\n\t<\/div>\r\n\r\n<\/article>\r\n\r\n<article class=\"citadela-directory-item has-thumbnail has-date has-description\" style=\"\"\">\r\n\r\n\t<div class=\"item-content\" style=\"border-color: rgba(65, 55, 55, 1);\"\">\r\n\t\t\t\t<div class=\"item-thumbnail\">\r\n\t\t\t\t\t\t<a href=\"https:\/\/nodengo.com\/fr\/free-airport-transportation\/\"><img decoding=\"async\" src=\"https:\/\/nodengo.com\/wp-content\/uploads\/TOSA-4-e1647967253457.jpg\" class=\"item-image\" alt=\"Free Airport transportation\" title=\"\"><\/a>\r\n\t\t<\/div>\r\n\t\t\r\n\t\t<div class=\"item-body\">\r\n\t\t\t<div class=\"item-title\">\r\n\t\t\t\t\t\t\t\t<a href=\"https:\/\/nodengo.com\/fr\/free-airport-transportation\/\">\r\n\t\t\t\t\t<div class=\"item-title-wrap\">\r\n\t\t\t\t\t\t<div class=\"post-title\">\r\n\t\t\t\t\t\t\tFree Airport transportation\t\t\t\t\t\t<\/div>\r\n\t\t\t\t\t<\/div>\r\n\t\t\t\t<\/a>\r\n\t\t\t\t\t\t\t<\/div>\r\n\t\t\t\t\t\t<div class=\"item-text\">\r\n\t\t\t\t<div class=\"item-description\">\r\n\t\t\t\t\t<p>\r\n\t\t\t\t\t\t\t\t\t\t\t\t\t<span class=\"item-date\">\r\n\t\t\t\t\t\t\t\t<a href=\"https:\/\/nodengo.com\/fr\/2022\/02\/09\/\" rel=\"bookmark\">f\u00e9vrier 9, 2022<\/a>\r\n\t\t\t\t\t\t\t<\/span>\r\n\t\t\t\t\t\t\t\t\t\t\t\tThe Free transfer ticket from the airport to your hotel is no longer available. In the past you were able to collect a free public transport ticket for 80 minutes to get to your place of residence. This feature is no longer available and has been discontinued However the Geneva&#8230;\t\t\t\t\t<\/p>\r\n\t\t\t\t\t<a href=\"https:\/\/nodengo.com\/fr\/free-airport-transportation\/\" class=\"more\">Voir plus<\/a>\r\n\t\t\t\t<\/div>\r\n\t\t\t<\/div>\r\n\t\t\t\t\t\t<div class=\"item-footer\" style=\"border-color: rgba(65, 55, 55, 1);\"\">\r\n\t\t\t\t\t\t\t\t\t\t\t<\/div>\r\n\t\t<\/div>\r\n\t<\/div>\r\n\r\n<\/article>\r\n\r\n<article class=\"citadela-directory-item has-thumbnail has-date has-description\" style=\"\"\">\r\n\r\n\t<div class=\"item-content\" style=\"border-color: rgba(65, 55, 55, 1);\"\">\r\n\t\t\t\t<div class=\"item-thumbnail\">\r\n\t\t\t\t\t\t<a href=\"https:\/\/nodengo.com\/fr\/new-travel-hubs\/\"><img decoding=\"async\" src=\"https:\/\/nodengo.com\/wp-content\/uploads\/Leman-Express.png\" class=\"item-image\" alt=\"Geneva New travel hubs\" title=\"\"><\/a>\r\n\t\t<\/div>\r\n\t\t\r\n\t\t<div class=\"item-body\">\r\n\t\t\t<div class=\"item-title\">\r\n\t\t\t\t\t\t\t\t<a href=\"https:\/\/nodengo.com\/fr\/new-travel-hubs\/\">\r\n\t\t\t\t\t<div class=\"item-title-wrap\">\r\n\t\t\t\t\t\t<div class=\"post-title\">\r\n\t\t\t\t\t\t\tGeneva New travel hubs\t\t\t\t\t\t<\/div>\r\n\t\t\t\t\t<\/div>\r\n\t\t\t\t<\/a>\r\n\t\t\t\t\t\t\t<\/div>\r\n\t\t\t\t\t\t<div class=\"item-text\">\r\n\t\t\t\t<div class=\"item-description\">\r\n\t\t\t\t\t<p>\r\n\t\t\t\t\t\t\t\t\t\t\t\t\t<span class=\"item-date\">\r\n\t\t\t\t\t\t\t\t<a href=\"https:\/\/nodengo.com\/fr\/2021\/04\/01\/\" rel=\"bookmark\">avril 1, 2021<\/a>\r\n\t\t\t\t\t\t\t<\/span>\r\n\t\t\t\t\t\t\t\t\t\t\t\tGen\u00e8ve New Travel Hub \u2013 Le L\u00e9man Express est un r\u00e9seau ferroviaire de banlieue pr\u00e9vu pour l'agglom\u00e9ration transfrontali\u00e8re du Grand Gen\u00e8ve en Suisse occidentale et dans les Alpes fran\u00e7aises. Au c\u0153ur du syst\u00e8me L\u00e9man Express se trouvera le projet ferroviaire CEVA reliant la gare des Eaux Vives \u00e0 la gare Cornavin \u00e0 Gen\u00e8ve.\t\t\t\t\t<\/p>\r\n\t\t\t\t\t<a href=\"https:\/\/nodengo.com\/fr\/new-travel-hubs\/\" class=\"more\">Voir plus<\/a>\r\n\t\t\t\t<\/div>\r\n\t\t\t<\/div>\r\n\t\t\t\t\t\t<div class=\"item-footer\" style=\"border-color: rgba(65, 55, 55, 1);\"\">\r\n\t\t\t\t\t\t\t\t\t\t\t<\/div>\r\n\t\t<\/div>\r\n\t<\/div>\r\n\r\n<\/article>\r\n\r\n    <\/div>\r\n<\/div>        <\/div>\r\n        \r\n        \n\n\n<p class=\"has-text-align-center\"><strong>Loretta Kevin&#8217;s <\/strong>\u00e9valuations pour <strong>Gen\u00e8ve, Suisse<\/strong><\/p>\n<\/div>\n\n\n\n<div class=\"wp-block-column is-layout-flow wp-block-column-is-layout-flow\" style=\"flex-basis:33.33%\">\n<figure class=\"wp-block-image size-full is-style-default\"><img decoding=\"async\" width=\"300\" height=\"250\" src=\"https:\/\/nodengo.com\/wp-content\/uploads\/Ad-options_fr.jpg\" alt=\"advertising-options\" class=\"wp-image-6590\" title=\"\" srcset=\"https:\/\/nodengo.com\/wp-content\/uploads\/Ad-options_fr.jpg 300w, https:\/\/nodengo.com\/wp-content\/uploads\/Ad-options_fr-150x125.jpg 150w, https:\/\/nodengo.com\/wp-content\/uploads\/Ad-options_fr-14x12.jpg 14w\" sizes=\"(max-width: 300px) 100vw, 300px\" \/><\/figure>\n\n\n\n<iframe style=\"border:0;height:350px;\" width=\"100%\" height=\"auto\" scrolling=\"no\" id=\"bsaIframe\" onload=\"bsaIframe()\" src=\"https:\/\/ads.nodengo.com\/api\/?id=18&amp;i=1\" if_empty=\"id=18\"> <\/iframe><script>function bsaIframe() { var iFrameID = document.getElementById('bsaIframe'); if(iFrameID) { iFrameID.height = iFrameID.contentWindow.document.body.scrollHeight + 'px'; } }<\/script>\n<\/div>\n<\/div>\n<\/div><\/div>","protected":false},"excerpt":{"rendered":"","protected":false},"author":207,"featured_media":0,"parent":6765,"menu_order":0,"comment_status":"closed","ping_status":"closed","template":"","meta":{"_uag_custom_page_level_css":"","_citadela_hide_page_title":"1","_citadela_remove_header_space":"1","_citadela_custom_class":"","_citadela_half_map_provider":"","_citadela_half_map_theme":"","_citadela_half_map_themeOSM":"","_citadela_half_map_customTheme":"","_citadela_half_map_dataType":"","_citadela_half_map_dynamicTrack":false,"_citadela_half_map_trackColor":"","_citadela_half_map_trackEndpointsColor":"","_citadela_half_map_filterCategory":"","_citadela_half_map_filterLocation":"","_citadela_half_map_filterFeatured":false,"_citadela_half_map_noDataBehavior":"empty-map","_citadela_half_map_noDataText":"","_citadela_half_map_clusterGridSize":80,"_citadela_header":false,"_citadela_header_over_content":false,"_citadela_header_text_color":"","_citadela_header_logo":[],"_citadela_header_bg_image":[],"_citadela_header_bg_position":{"x":0.5,"y":0.5},"_citadela_header_bg_size":"cover","_citadela_header_bg_repeat":"no-repeat","_citadela_header_bg_fixed":false,"_citadela_header_bg_color":"","_citadela_header_bg_image_overlay":"","_citadela_header_transparent_bg":false,"_citadela_content_width":"full","_citadela_half_layout_position":"","footnotes":""},"class_list":["post-7112","page","type-page","status-publish","hentry"],"uagb_featured_image_src":{"full":false,"thumbnail":false,"medium":false,"medium_large":false,"large":false,"1536x1536":false,"2048x2048":false,"trp-custom-language-flag":false,"citadela_item_thumbnail":false,"woocommerce_thumbnail":false,"woocommerce_single":false,"woocommerce_gallery_thumbnail":false,"citadela_service":false},"uagb_author_info":{"display_name":"Loretta Kevin","author_link":"https:\/\/nodengo.com\/fr\/author\/loretta-kevin\/"},"uagb_comment_info":0,"uagb_excerpt":null,"_links":{"self":[{"href":"https:\/\/nodengo.com\/fr\/wp-json\/wp\/v2\/pages\/7112","targetHints":{"allow":["GET"]}}],"collection":[{"href":"https:\/\/nodengo.com\/fr\/wp-json\/wp\/v2\/pages"}],"about":[{"href":"https:\/\/nodengo.com\/fr\/wp-json\/wp\/v2\/types\/page"}],"author":[{"embeddable":true,"href":"https:\/\/nodengo.com\/fr\/wp-json\/wp\/v2\/users\/207"}],"replies":[{"embeddable":true,"href":"https:\/\/nodengo.com\/fr\/wp-json\/wp\/v2\/comments?post=7112"}],"version-history":[{"count":0,"href":"https:\/\/nodengo.com\/fr\/wp-json\/wp\/v2\/pages\/7112\/revisions"}],"up":[{"embeddable":true,"href":"https:\/\/nodengo.com\/fr\/wp-json\/wp\/v2\/pages\/6765"}],"wp:attachment":[{"href":"https:\/\/nodengo.com\/fr\/wp-json\/wp\/v2\/media?parent=7112"}],"curies":[{"name":"wp","href":"https:\/\/api.w.org\/{rel}","templated":true}]}}