{"id":6421,"date":"2021-03-10T17:57:43","date_gmt":"2021-03-10T16:57:43","guid":{"rendered":"https:\/\/nodengo.com\/?page_id=6421"},"modified":"2025-12-09T16:36:14","modified_gmt":"2025-12-09T15:36:14","slug":"destination-touristique","status":"publish","type":"page","link":"https:\/\/nodengo.com\/fr\/destination\/","title":{"rendered":"Meilleures destinations"},"content":{"rendered":"<div style=\"height:14px\" aria-hidden=\"true\" class=\"wp-block-spacer\"><\/div>\n\n\n\t\t\t<!-- Flexy Breadcrumb -->\r\n\t\t\t<div class=\"fbc fbc-page\">\r\n\r\n\t\t\t\t<!-- Breadcrumb wrapper -->\r\n\t\t\t\t<div class=\"fbc-wrap\">\r\n\r\n\t\t\t\t\t<!-- Ordered list-->\r\n\t\t\t\t\t<ol class=\"fbc-items\" itemscope itemtype=\"https:\/\/schema.org\/BreadcrumbList\">\r\n\t\t\t\t\t\t            <li itemprop=\"itemListElement\" itemscope itemtype=\"https:\/\/schema.org\/ListItem\">\r\n                <span itemprop=\"name\">\r\n                    <!-- Home Link -->\r\n                    <a itemprop=\"item\" href=\"https:\/\/nodengo.com\/fr\/\">\r\n                    \r\n                                                    <i class=\"fa fa-home\" aria-hidden=\"true\"><\/i>Home                    <\/a>\r\n                <\/span>\r\n                <meta itemprop=\"position\" content=\"1\" \/><!-- Meta Position-->\r\n             <\/li><li><span class=\"fbc-separator\">\/<\/span><\/li><li class=\"active\" itemprop=\"itemListElement\" itemscope itemtype=\"https:\/\/schema.org\/ListItem\"><span itemprop=\"name\" title=\"Best Travel Blog\">Best Travel Blog<\/span><meta itemprop=\"position\" content=\"2\" \/><\/li>\t\t\t\t\t<\/ol>\r\n\t\t\t\t\t<div class=\"clearfix\"><\/div>\r\n\t\t\t\t<\/div>\r\n\t\t\t<\/div>\r\n\t\t\t\n\n\n\n<div class=\"wp-block-citadela-blocks-custom-container citadela-block-custom-container size-wide bg-type-image inside-space-none bg-size-cover has-overlay has-min-height vertical-align-top\" style=\"min-height:450px\"><div class=\"bg-image-wrapper\" style=\"background-image:url(https:\/\/nodengo.com\/wp-content\/uploads\/awesome.jpg);background-repeat:no-repeat;background-position:59% 34%\"><\/div><div class=\"bg-image-overlay\" style=\"opacity:0.15\"><\/div><div class=\"inner-holder\">\n<h2 class=\"wp-block-heading has-text-align-center has-text-color\" style=\"color:#512929;font-size:43px\">NODENGO  \u2013 DESTINATIONS<\/h2>\n\n\n\r\n        <div class=\"wp-block-citadela-blocks ctdl-directory-search-form border-thin shadow-default align-center\">\r\n            <div class=\"citadela-block-form search-form-component-container\" style=\"\" data-action=\"&quot;https:\\\/\\\/nodengo.com\\\/fr\\\/&quot;\"data-post-type=\"citadela-item\"data-category-taxonomy=\"citadela-item-category\"data-location-taxonomy=\"citadela-item-location\">\r\n            <\/div>\r\n                    <\/div>\r\n\r\n        <\/div><\/div>\n\n\n\n<div class=\"wp-block-citadela-blocks-spacer citadela-block-spacer negative-height\"><div class=\"inner-holder\" style=\"margin-top:-5em\"><\/div><\/div>\n\n\n\n<div class=\"wp-block-citadela-blocks-custom-container citadela-block-custom-container size-wide bg-type-none inside-space-none\"><div class=\"inner-holder\">\n<div class=\"wp-block-columns is-layout-flex wp-container-core-columns-is-layout-9d6595d7 wp-block-columns-is-layout-flex\">\n<div class=\"wp-block-column is-layout-flow wp-block-column-is-layout-flow\" style=\"flex-basis:33.33%\">\n<figure class=\"wp-block-image size-large\"><img decoding=\"async\" width=\"629\" height=\"437\" src=\"https:\/\/nodengo.com\/wp-content\/uploads\/world_map.jpg\" alt=\"destination\" class=\"wp-image-7961\" title=\"\" srcset=\"https:\/\/nodengo.com\/wp-content\/uploads\/world_map.jpg 629w, https:\/\/nodengo.com\/wp-content\/uploads\/world_map-150x104.jpg 150w, https:\/\/nodengo.com\/wp-content\/uploads\/world_map-300x208.jpg 300w, https:\/\/nodengo.com\/wp-content\/uploads\/world_map-16x12.jpg 16w\" sizes=\"(max-width: 629px) 100vw, 629px\" \/><\/figure>\n\n\n\n<p class=\"has-small-font-size\">Il est possible qu'une page de ville ne soit pas disponible car nous n'avons pas encore d'\u00e9diteur pour cette ville particuli\u00e8re.<\/p>\n<\/div>\n\n\n\n<div class=\"wp-block-column is-layout-flow wp-block-column-is-layout-flow\" style=\"flex-basis:66.66%\">\n<p class=\"has-text-align-center has-black-color has-text-color has-link-color has-large-font-size wp-elements-27160f32e5d47b01ad4eee0451e24f86\">CHOISISSEZ VOTRE DESTINATION<\/p>\n\n\n\n<div style=\"height:14px\" aria-hidden=\"true\" class=\"wp-block-spacer\"><\/div>\n\n\n\n<p class=\"has-text-align-center\" id=\"asia\"><a href=\"#africa\" data-type=\"internal\" data-id=\"#africa\">AFRIQUE<\/a> &#8211; <a href=\"#asia\">ASIE<\/a> &#8211; <a href=\"#caribbean\">CARA\u00cfBES<\/a> &#8211; <a href=\"#americas\">LES AMERIQUES<\/a> &#8211; <a href=\"#europe\">EUROPE<\/a> &#8211; <a href=\"#oceania\">OCEANIE<\/a><\/p>\n\n\n\n<p class=\"has-white-background-color has-background has-medium-font-size\">Vous savez d\u00e9j\u00e0 o\u00f9 et quand vous voulez voyager, r\u00e9servez simplement votre voyage avec nous. <br>Si par contre vous recherchez des informations sur le meilleur endroit pour passer vos vacances, recherchez des informations sur les activit\u00e9s et les choses \u00e0 faire \u00e0 votre destination ou obtenir des recommandations de nos r\u00e9dacteurs locaux. Nous sommes l\u00e0 pour vous aider \u00e0 trouver les vacances parfaites au prix parfait<br> We are focused on helping you find the the perfect vacation at the perfect price.<\/p>\n<\/div>\n<\/div>\n\n\n\n<div class=\"wp-block-citadela-blocks-custom-container citadela-block-custom-container size-wide bg-type-none inside-space-none\"><div class=\"inner-holder\">\n<div class=\"wp-block-uagb-tabs uagb-block-0eeeff5c uagb-tabs__wrap uagb-tabs__hstyle2-desktop uagb-tabs__vstyle6-tablet uagb-tabs__stack1-mobile\" data-tab-active=\"0\"><ul class=\"uagb-tabs__panel uagb-tabs__align-center\" role=\"tablist\"><li class=\"uagb-tab uagb-tabs__active\" role=\"none\"><a href=\"#uagb-tabs__tab0\" class=\"uagb-tabs-list uagb-tabs__icon-position-left\" data-tab=\"0\" role=\"tab\"><div>H\u00f4tels<\/div><\/a><\/li><li class=\"uagb-tab\" role=\"none\"><a href=\"#uagb-tabs__tab1\" class=\"uagb-tabs-list uagb-tabs__icon-position-left\" data-tab=\"1\" role=\"tab\"><div>Vols<\/div><\/a><\/li><li class=\"uagb-tab\" role=\"none\"><a href=\"#uagb-tabs__tab2\" class=\"uagb-tabs-list uagb-tabs__icon-position-left\" data-tab=\"2\" role=\"tab\"><div>Voitures<\/div><\/a><\/li><li class=\"uagb-tab\" role=\"none\"><a href=\"#uagb-tabs__tab3\" class=\"uagb-tabs-list uagb-tabs__icon-position-left\" data-tab=\"3\" role=\"tab\"><div>Transfert<\/div><\/a><\/li><\/ul><div class=\"uagb-tabs__body-wrap\">\n<div class=\"wp-block-uagb-tabs-child uagb-tabs__body-container uagb-inner-tab-0\" aria-labelledby=\"uagb-tabs__tab0\">\n<p><strong>Rechercher des h\u00f4tels \u00e0 prix r\u00e9duits<\/strong><\/p>\n\n\n\n\n<script async src=\"https:\/\/tpwgts.com\/content?trs=32252&#038;shmarker=246395&#038;lang=fr&#038;layout=S10391&#038;powered_by=true&#038;campaign_id=121&#038;promo_id=4038\" charset=\"utf-8\"><\/script>\n\n\n\n\n\n\n<\/div>\n\n\n\n<div class=\"wp-block-uagb-tabs-child uagb-tabs__body-container uagb-inner-tab-1\" aria-labelledby=\"uagb-tabs__tab1\">\n<p><strong>Trouvez des vols pas chers vers votre destination<\/strong>.<\/p>\n\n\n\n\n<script async src=\"https:\/\/tpwgts.com\/content?currency=eur&#038;trs=32252&#038;shmarker=246395&#038;show_hotels=false&#038;powered_by=true&#038;locale=fr&#038;searchUrl=search.jetradar.com&#038;primary_override=%2332a8dd&#038;color_button=%2392CE52&#038;color_icons=%2332a8dd&#038;dark=%23262626&#038;light=%23FFFFFF&#038;secondary=%23FFFFFF&#038;special=%23C4C4C4&#038;color_focused=%2332a8dd&#038;border_radius=0&#038;no_labels=&#038;plain=true&#038;promo_id=7879&#038;campaign_id=100\" charset=\"utf-8\"><\/script>\n\n\n\n\n\n\n<\/div>\n\n\n\n<div class=\"wp-block-uagb-tabs-child uagb-tabs__body-container uagb-inner-tab-2\" aria-labelledby=\"uagb-tabs__tab2\">\n\n<script async src=\"https:\/\/tpwgts.com\/content?currency=eur&#038;trs=32252&#038;shmarker=246395&#038;locale=fr&#038;powered_by=true&#038;bg_color=%23FFFFFf&#038;font_color=%23333333&#038;button_color=%2300a200&#038;button_font_color=%23ffffff&#038;button_text=Search&#038;rounded_corners=false&#038;benefits=true&#038;dc_powered_by=false&#038;supplier_logos=false&#038;campaign_id=117&#038;promo_id=3873\" charset=\"utf-8\"><\/script>\n\n\n\n\n\n\n<\/div>\n\n\n\n<div class=\"wp-block-uagb-tabs-child uagb-tabs__body-container uagb-inner-tab-3\" aria-labelledby=\"uagb-tabs__tab3\">\n<p class=\"has-small-font-size\" style=\"font-style:normal;font-weight:600\">\u00c9vitez les tracas d'attendre dans les files d'attente des taxis \u00e0 votre arriv\u00e9e et optez plut\u00f4t pour un transfert en v\u00e9hicule priv\u00e9 pratique et confortable. Organisez \u00e0 l'avance votre transfert vers votre h\u00f4tel ou le centre-ville et minimisez le stress de votre arriv\u00e9e<\/p>\n\n\n\n\n<script async src=\"https:\/\/c1.travelpayouts.com\/content?currency=EUR&#038;trs=106513&#038;shmarker=246395&#038;locale=fr&#038;powered_by=true&#038;transfer_options_limit=4&#038;disable_currency_selector=false&#038;hide_form_extras=false&#038;hide_external_links=false&#038;promo_id=3879\" charset=\"utf-8\" async=\"true\"><\/script>\n\n\n\n\n\n\n<\/div>\n<\/div><\/div>\n<\/div><\/div>\n\n\n\n<p class=\"has-text-align-center has-small-font-size\">Interess\u00e9 \u00e0 devenir un <a type=\"page\" id=\"54050\" href=\"https:\/\/nodengo.com\/fr\/-29\/-24\/geneva-reviews-gva\/\"><strong>Editeur<\/strong><\/a> ? ou souhaitez-vous publier votre <a type=\"page\" id=\"2864\" href=\"https:\/\/nodengo.com\/fr\/-2\/\"><strong><strong>Etablissement<\/strong><\/strong><\/a><\/p>\n<\/div><\/div>\n\n\n\n<div class=\"wp-block-citadela-blocks-custom-container citadela-block-custom-container size-wide bg-type-none inside-space-none\"><div class=\"inner-holder\">\n<hr class=\"wp-block-separator has-css-opacity\"\/>\n\n\n\n<div class=\"wp-block-group\"><div class=\"wp-block-group__inner-container is-layout-flow wp-block-group-is-layout-flow\">\n<h2 class=\"wp-block-heading\" id=\"africa\"><a href=\"https:\/\/nodengo.com\/fr\/pays-africains\/\" class=\"rank-math-link\"><strong>Afrique<\/strong><\/a><\/h2>\n\n\n\n<p><a href=\"https:\/\/nodengo.com\/fr\/placeholder\/\">Alg\u00e9rie | Angola | B\u00e9nin | Botswana | Burkina Faso | Burundi | Cameroun | Cap-Vert | R\u00e9publique centrafricaine | Tchad | Comores | Congo | R\u00e9publique d\u00e9mocratique du Congo | Djibouti | \u00c9gypte | Guin\u00e9e \u00e9quatoriale | Erythr\u00e9e | Ethiopie | Gabon | Gambie | Ghana | Guin\u00e9e | Guin\u00e9e-Bissau | C\u00f4te d'Ivoire | Kenya | Lesotho | Liberia | Libye | Madagascar | Malawi | Mali | Mauritanie | Maurice | Mayotte | Maroc | Mozambique | Namibie | Niger | Nigeria | R\u00e9union | Rwanda | S\u00e9n\u00e9gal | Seychelles | Sierra Leone | Somalie | Afrique du Sud | Soudan du Sud | Swaziland | Sao Tom\u00e9 et Principe | Tanzanie | Togo | Tunisie | Ouganda | Zambie | Zimbabwe| Ethiopie | Gabon | Gambie | Ghana | Guin\u00e9e | Guin\u00e9e-Bissau | C\u00f4te d'Ivoire | Kenya | Lesotho | Liberia | Libye | Madagascar | Malawi | Mali | Mauritanie | Maurice | Mayotte | Maroc | Mozambique | Namibie | Niger | Nigeria | La r\u00e9union | Rwanda | S\u00e9n\u00e9gal | Les Seychelles | Sierra Leone | Somalie | Afrique du sud | Soudan du Sud | Swaziland | S\u00e3o Tom\u00e9 et Pr\u00edncipe | Tanzanie | Togo | Tunisie | Ouganda | Zambie | Zimbabwe<\/a><\/p>\n<\/div><\/div>\n<\/div><\/div>\n\n\n\n<div class=\"wp-block-citadela-blocks-custom-container citadela-block-custom-container size-wide bg-type-none inside-space-none\"><div class=\"inner-holder\">\n<hr class=\"wp-block-separator has-css-opacity\"\/>\n\n\n\n<div class=\"wp-block-group\"><div class=\"wp-block-group__inner-container is-layout-flow wp-block-group-is-layout-flow\">\n<h2 class=\"wp-block-heading\" id=\"americas\"><a href=\"https:\/\/nodengo.com\/fr\/-22\/\" class=\"rank-math-link\"><strong>Am\u00e9riques<\/strong><\/a><\/h2>\n\n\n\n<p><strong>Am\u00e9rique du Nord<\/strong><br><a href=\"https:\/\/nodengo.com\/fr\/placeholder\/\">Canada<\/a>|&nbsp;<a href=\"https:\/\/nodengo.com\/fr\/placeholder\/\" type=\"page\" id=\"70879\">Mexique<\/a> |<a href=\"https:\/\/nodengo.com\/fr\/-8\/\"><strong> ETATS-UNIS D'AMERIQUE <\/strong><\/a><\/p>\n\n\n\n<p><strong>Am\u00e9rique Centrale<\/strong><br><a href=\"https:\/\/nodengo.com\/fr\/placeholder\/\">Belize | Costa Rica | El Salvador | Guatemala | Honduras | Nicaragua | Panama<\/a><\/p>\n\n\n\n<p><strong>Am\u00e9rique du Sud<\/strong><br><a href=\"https:\/\/nodengo.com\/fr\/placeholder\/\">Argentine | Bolivie | Br\u00e9sil | Chili | Colombie | \u00c9quateur | \u00celes Malouines | Guyane fran\u00e7aise | Guyana | Paraguay | P\u00e9rou | Suriname | Uruguay | Venezuela<\/a><\/p>\n<\/div><\/div>\n<\/div><\/div>\n\n\n\n<div class=\"wp-block-citadela-blocks-custom-container citadela-block-custom-container size-wide bg-type-none inside-space-none\"><div class=\"inner-holder\">\n<hr class=\"wp-block-separator has-css-opacity\"\/>\n\n\n\n<div class=\"wp-block-group\"><div class=\"wp-block-group__inner-container is-layout-flow wp-block-group-is-layout-flow\">\n<h2 class=\"wp-block-heading\" id=\"asia\"><a href=\"https:\/\/nodengo.com\/fr\/-12\/\" class=\"rank-math-link\"><strong>Asie<\/strong><\/a><\/h2>\n\n\n\n<div class=\"wp-block-group\"><div class=\"wp-block-group__inner-container is-layout-flow wp-block-group-is-layout-flow\">\n<p><a href=\"https:\/\/nodengo.com\/fr\/placeholder\/\" class=\"rank-math-link\"><\/a><a href=\"https:\/\/nodengo.com\/fr\/placeholder\/\" class=\"rank-math-link\">Afghanistan | Arm\u00e9nie | Azerba\u00efdjan | Bahre\u00efn | Bangladesh | Bhoutan | Brunei | Cambodge | Chine | G\u00e9orgie Hong Kong | Inde |<\/a> <strong><a href=\"https:\/\/nodengo.com\/fr\/indonesia\/\" target=\"_blank\" aria-label=\"Indon\u00e9sie\" rel=\"noreferrer noopener\" class=\"rank-math-link\">Indon\u00e9sie<\/a><\/strong> | <a href=\"https:\/\/nodengo.com\/fr\/placeholder\/\" class=\"rank-math-link\">Iran | Irak | Isra\u00ebl | Japon | Jordanie | Kazakhstan | Kowe\u00eft | Kirghizistan | | Laos | Liban | Macao | Malaisie | Mongolie | N\u00e9pal | Oman | Pakistan | Territoire palestinien | Papouasie-Nouvelle-Guin\u00e9e | Philippines | Qatar | Arabie saoudite | Singapour | Cor\u00e9e du Sud | Sri Lanka | Syrie | Taiwan | Tadjikistan | Tha\u00eflande | Turkm\u00e9nistan | Emirats Arabes Unis | Ouzb\u00e9kistan | Vietnam<\/a><\/p>\n<\/div><\/div>\n<\/div><\/div>\n<\/div><\/div>\n\n\n\n<div class=\"wp-block-citadela-blocks-custom-container citadela-block-custom-container size-wide bg-type-none inside-space-none\"><div class=\"inner-holder\">\n<hr class=\"wp-block-separator has-css-opacity\"\/>\n\n\n\n<div class=\"wp-block-group\"><div class=\"wp-block-group__inner-container is-layout-flow wp-block-group-is-layout-flow\">\n<h2 class=\"wp-block-heading\" id=\"caribbean\"><strong><a href=\"https:\/\/nodengo.com\/fr\/caribbean\/\" class=\"rank-math-link\">Cara\u00efbes<\/a><\/strong><\/h2>\n\n\n\n<div class=\"wp-block-group\"><div class=\"wp-block-group__inner-container is-layout-flow wp-block-group-is-layout-flow\">\n<p><a href=\"https:\/\/nodengo.com\/fr\/placeholder\/\">Anguilla | Antigua &amp; Barbuda | Aruba | Bahamas | Barbados | Bermuda | Bonaire | St. Eustatius and Saba | British Virgin Islands | Cayman Islands | Cuba | Cura\u00e7ao | Dominica |<\/a> <strong><a href=\"https:\/\/nodengo.com\/fr\/unforgettable-dominican-republic\/\" data-type=\"page\" data-id=\"13021\">R\u00e9publique Dominicaine<\/a> <\/strong>| <a href=\"https:\/\/nodengo.com\/fr\/placeholder\/\">Anguilla | Antigua et Barbuda | Aruba | Bahamas | Barbade | Bermudes | Bonaire | Saint-Eustache et Saba | \u00celes Vierges Britanniques | Iles Ca\u00efmans | Cuba | Cura\u00e7ao | Dominique | R\u00e9publique Dominicaine | Grenade | Guadeloupe | Haiti | Jama\u00efque | Martinique | Montserrat | Porto Rico | Saint Barth | Saint-Kitts-et-Nevis | Sainte Lucie | Saint Martin | Saint Vincent et les Grenadines | Sainte-H\u00e9l\u00e8ne | St. Maarten | Trinit\u00e9 et Tobago | \u00celes Turques et Ca\u00efques | \u00celes Vierges am\u00e9ricaines<\/a><\/p>\n<\/div><\/div>\n<\/div><\/div>\n<\/div><\/div>\n\n\n\n<div class=\"wp-block-citadela-blocks-custom-container citadela-block-custom-container size-wide bg-type-none inside-space-none\"><div class=\"inner-holder\">\n<hr class=\"wp-block-separator has-css-opacity\"\/>\n\n\n\n<div class=\"wp-block-group\"><div class=\"wp-block-group__inner-container is-layout-flow wp-block-group-is-layout-flow\">\n<h2 class=\"wp-block-heading\" id=\"europe\"><strong><a class=\"rank-math-link\" href=\"https:\/\/nodengo.com\/fr\/-7\/\">Europe<\/a><\/strong><\/h2>\n\n\n\n<div class=\"wp-block-group\"><div class=\"wp-block-group__inner-container is-layout-flow wp-block-group-is-layout-flow\">\n<p><a href=\"https:\/\/nodengo.com\/fr\/placeholder\/\"><\/a><a href=\"https:\/\/nodengo.com\/fr\/placeholder\/\">Abkhazie<\/a>&nbsp;|&nbsp;<a href=\"https:\/\/nodengo.com\/fr\/placeholder\/\">Albanie<\/a>&nbsp;|&nbsp;<a href=\"https:\/\/nodengo.com\/fr\/placeholder\/\">Andorre<\/a>&nbsp;|<a href=\"https:\/\/nodengo.com\/fr\/placeholder\/\">Arm\u00e9nie<\/a>&nbsp;|&nbsp;<a href=\"https:\/\/nodengo.com\/fr\/-9\/\">Autriche<\/a>&nbsp;|&nbsp;<a href=\"https:\/\/nodengo.com\/fr\/placeholder\/\">Azerbaijan<\/a>&nbsp;|&nbsp;<a href=\"https:\/\/nodengo.com\/fr\/placeholder\/\">Bi\u00e9lorussie<\/a>&nbsp;|&nbsp;<a href=\"https:\/\/nodengo.com\/fr\/-17\/\">Belgique<\/a>&nbsp;|&nbsp;<a href=\"https:\/\/nodengo.com\/fr\/placeholder\/\">Bosnie et Herz\u00e9govine<\/a>&nbsp;|&nbsp;<a href=\"https:\/\/nodengo.com\/fr\/placeholder\/\">Bulgarie<\/a>&nbsp;|<a href=\"https:\/\/nodengo.com\/fr\/placeholder\/\">&nbsp;Crim\u00e9e<\/a>&nbsp;|&nbsp;<a href=\"https:\/\/nodengo.com\/fr\/placeholder\/\">Croatie<\/a>&nbsp;|&nbsp;<a href=\"https:\/\/nodengo.com\/fr\/placeholder\/\">Chypre<\/a>&nbsp;|&nbsp;<a href=\"https:\/\/nodengo.com\/fr\/placeholder\/\">Rep Tch\u00e8que<\/a>&nbsp;|&nbsp;<a href=\"https:\/\/nodengo.com\/fr\/placeholder\/\">Danemark<\/a>&nbsp;|&nbsp;<a href=\"https:\/\/nodengo.com\/fr\/placeholder\/\">Estonie<\/a>&nbsp;|&nbsp;<a href=\"https:\/\/nodengo.com\/fr\/placeholder\/\">Iles Faroe<\/a>&nbsp;|<a href=\"https:\/\/nodengo.com\/fr\/placeholder\/\">&nbsp;Finlande<\/a>&nbsp;|&nbsp;<a href=\"https:\/\/nodengo.com\/fr\/placeholder\/\" type=\"page\" id=\"70879\">France<\/a>&nbsp;|&nbsp;<a href=\"https:\/\/nodengo.com\/fr\/placeholder\/\">Georgie<\/a>&nbsp;|&nbsp;<a href=\"https:\/\/nodengo.com\/fr\/placeholder\/\" type=\"page\" id=\"70879\">Allemagne<\/a>&nbsp;|<a href=\"https:\/\/nodengo.com\/fr\/placeholder\/\">&nbsp;Gibraltar<\/a>&nbsp;|&nbsp;<a href=\"https:\/\/nodengo.com\/fr\/placeholder\/\" type=\"page\" id=\"70879\">Gr\u00e8ce<\/a>&nbsp;|&nbsp;<a href=\"https:\/\/nodengo.com\/fr\/placeholder\/\">Groenland<\/a>&nbsp;|&nbsp;<a href=\"https:\/\/nodengo.com\/fr\/placeholder\/\">Hongrie<\/a>&nbsp;|&nbsp;<a href=\"https:\/\/nodengo.com\/fr\/placeholder\/\">Icelande<\/a>&nbsp;|&nbsp;<a href=\"https:\/\/nodengo.com\/fr\/placeholder\/\">Irelande<\/a>&nbsp;|&nbsp;<a href=\"https:\/\/nodengo.com\/fr\/placeholder\/\">Isle of Man<\/a>&nbsp;|&nbsp;<a href=\"https:\/\/nodengo.com\/fr\/placeholder\/\" type=\"page\" id=\"70879\">Italie<\/a>&nbsp;|&nbsp;<a href=\"https:\/\/nodengo.com\/fr\/placeholder\/\">Kosovo<\/a>&nbsp;|<a href=\"https:\/\/nodengo.com\/fr\/placeholder\/\">&nbsp;Lettonie<\/a>&nbsp;|&nbsp;<a href=\"https:\/\/nodengo.com\/fr\/placeholder\/\">Liechtenstein<\/a>&nbsp;|&nbsp;<a class=\"rank-math-link\" href=\"https:\/\/nodengo.com\/fr\/placeholder\/\">Lithuanie<\/a>&nbsp;<a class=\"rank-math-link\" href=\"https:\/\/nodengo.com\/fr\/placeholder\/\">Luxembourg<\/a>&nbsp;|&nbsp;<a class=\"rank-math-link\" href=\"https:\/\/nodengo.com\/fr\/placeholder\/\">Malte<\/a>&nbsp;|&nbsp;<a class=\"rank-math-link\" href=\"https:\/\/nodengo.com\/fr\/placeholder\/\">Moldavie<\/a>&nbsp;|&nbsp;<a class=\"rank-math-link\" href=\"https:\/\/nodengo.com\/fr\/placeholder\/\">Monaco<\/a>&nbsp;|<a class=\"rank-math-link\" href=\"https:\/\/nodengo.com\/fr\/placeholder\/\">&nbsp;Montenegro<\/a>&nbsp;|&nbsp;<a class=\"rank-math-link\" href=\"https:\/\/nodengo.com\/fr\/placeholder\/\">Hollande<\/a>&nbsp;|&nbsp;<a class=\"rank-math-link\" href=\"https:\/\/nodengo.com\/fr\/placeholder\/\">Mac\u00e9doine du Nord<\/a>&nbsp;|&nbsp;<a href=\"https:\/\/nodengo.com\/fr\/placeholder\/\">Norv\u00e8ge<\/a>&nbsp;|&nbsp;<a href=\"https:\/\/nodengo.com\/fr\/placeholder\/\">Pologne<\/a>&nbsp;|&nbsp;<a href=\"https:\/\/nodengo.com\/fr\/placeholder\/\" type=\"page\" id=\"70879\">Portuga<\/a>l&nbsp;|&nbsp;<a href=\"https:\/\/nodengo.com\/fr\/placeholder\/\" type=\"page\" id=\"70879\">Roumanie<\/a>&nbsp;|&nbsp;<a href=\"https:\/\/nodengo.com\/fr\/placeholder\/\">Russie<\/a>&nbsp;|&nbsp;<a href=\"https:\/\/nodengo.com\/fr\/placeholder\/\">San Marino<\/a>&nbsp;|&nbsp;<a href=\"https:\/\/nodengo.com\/fr\/placeholder\/\">Serbie<\/a>&nbsp;|&nbsp;<a href=\"https:\/\/nodengo.com\/fr\/placeholder\/\">Slovaquie<\/a>&nbsp;|<a href=\"https:\/\/nodengo.com\/fr\/placeholder\/\" type=\"page\" id=\"70879\">&nbsp;Slov\u00e9nie<\/a>&nbsp;|<a href=\"https:\/\/nodengo.com\/fr\/placeholder\/\" type=\"page\" id=\"70879\">&nbsp;Espagne<\/a>&nbsp;|&nbsp;<a href=\"https:\/\/nodengo.com\/fr\/placeholder\/\">Su\u00e8de<\/a>&nbsp;|&nbsp;<a href=\"https:\/\/nodengo.com\/fr\/-29\/\"><strong>Suisse<\/strong><\/a>&nbsp;|&nbsp;<a href=\"https:\/\/nodengo.com\/fr\/placeholder\/\">Turquie<\/a>&nbsp;|&nbsp;<a href=\"https:\/\/nodengo.com\/fr\/placeholder\/\">Ukraine<\/a>&nbsp;|&nbsp;<a href=\"https:\/\/nodengo.com\/fr\/placeholder\/\" type=\"page\" id=\"70879\">Royaume-Uni<\/a><\/p>\n<\/div><\/div>\n<\/div><\/div>\n<\/div><\/div>\n\n\n\n<div class=\"wp-block-citadela-blocks-custom-container citadela-block-custom-container size-wide bg-type-none inside-space-none\"><div class=\"inner-holder\">\n<hr class=\"wp-block-separator has-css-opacity\"\/>\n\n\n\n<div class=\"wp-block-group\"><div class=\"wp-block-group__inner-container is-layout-flow wp-block-group-is-layout-flow\">\n<h2 class=\"wp-block-heading\" id=\"oceania\"><strong><a href=\"https:\/\/nodengo.com\/fr\/oceania\/\" class=\"rank-math-link\">Oc\u00e9anie<\/a><\/strong><\/h2>\n\n\n\n<p><a href=\"https:\/\/nodengo.com\/fr\/placeholder\/\">Australie | Cocos (K) I. |Guam | Kiribati | Iles Marshall | \u00cele de Norfolk | \u00celes Fidji  |  Mariannes du Nord | \u00celes Salomon | Micron\u00e9sie | Nauru | Niue | \n Nouvelle Cal\u00e9donie | Nouvelle-Z\u00e9lande | Nouvelle Guin\u00e9e  |  Palau | Papouasie |  Polyn\u00e9sie fran\u00e7aise  | Samoa | Tonga | Tuvalu | Vanuatu<\/a><\/p>\n<\/div><\/div>\n<\/div><\/div>\n\n\n\n<hr class=\"wp-block-separator has-css-opacity\"\/>","protected":false},"excerpt":{"rendered":"","protected":false},"author":236,"featured_media":0,"parent":0,"menu_order":0,"comment_status":"closed","ping_status":"closed","template":"","meta":{"_uag_custom_page_level_css":"","_citadela_hide_page_title":"1","_citadela_remove_header_space":"1","_citadela_custom_class":"","_citadela_half_map_provider":"","_citadela_half_map_theme":"","_citadela_half_map_themeOSM":"","_citadela_half_map_customTheme":"","_citadela_half_map_dataType":"","_citadela_half_map_dynamicTrack":false,"_citadela_half_map_trackColor":"","_citadela_half_map_trackEndpointsColor":"","_citadela_half_map_filterCategory":"","_citadela_half_map_filterLocation":"","_citadela_half_map_filterFeatured":false,"_citadela_half_map_noDataBehavior":"empty-map","_citadela_half_map_noDataText":"","_citadela_half_map_clusterGridSize":80,"_citadela_header":false,"_citadela_header_over_content":false,"_citadela_header_text_color":"","_citadela_header_logo":{"id":6428,"url":"https:\/\/nodengo.com\/wp-content\/uploads\/slider1-Banner-Bg.jpg","size":{"width":1920,"height":550}},"_citadela_header_bg_image":[],"_citadela_header_bg_position":{"x":0.5,"y":0.5},"_citadela_header_bg_size":"cover","_citadela_header_bg_repeat":"no-repeat","_citadela_header_bg_fixed":false,"_citadela_header_bg_color":"","_citadela_header_bg_image_overlay":"","_citadela_header_transparent_bg":false,"_citadela_content_width":"wide","_citadela_half_layout_position":"","footnotes":""},"class_list":["post-6421","page","type-page","status-publish","hentry"],"uagb_featured_image_src":{"full":false,"thumbnail":false,"medium":false,"medium_large":false,"large":false,"1536x1536":false,"2048x2048":false,"trp-custom-language-flag":false,"citadela_item_thumbnail":false,"woocommerce_thumbnail":false,"woocommerce_single":false,"woocommerce_gallery_thumbnail":false,"citadela_service":false},"uagb_author_info":{"display_name":"Nodengo Team","author_link":"https:\/\/nodengo.com\/fr\/author\/nodengo-admin\/"},"uagb_comment_info":0,"uagb_excerpt":null,"_links":{"self":[{"href":"https:\/\/nodengo.com\/fr\/wp-json\/wp\/v2\/pages\/6421","targetHints":{"allow":["GET"]}}],"collection":[{"href":"https:\/\/nodengo.com\/fr\/wp-json\/wp\/v2\/pages"}],"about":[{"href":"https:\/\/nodengo.com\/fr\/wp-json\/wp\/v2\/types\/page"}],"author":[{"embeddable":true,"href":"https:\/\/nodengo.com\/fr\/wp-json\/wp\/v2\/users\/236"}],"replies":[{"embeddable":true,"href":"https:\/\/nodengo.com\/fr\/wp-json\/wp\/v2\/comments?post=6421"}],"version-history":[{"count":0,"href":"https:\/\/nodengo.com\/fr\/wp-json\/wp\/v2\/pages\/6421\/revisions"}],"wp:attachment":[{"href":"https:\/\/nodengo.com\/fr\/wp-json\/wp\/v2\/media?parent=6421"}],"curies":[{"name":"wp","href":"https:\/\/api.w.org\/{rel}","templated":true}]}}