{"id":6412,"date":"2021-03-10T16:59:07","date_gmt":"2021-03-10T15:59:07","guid":{"rendered":"https:\/\/nodengo.com\/?page_id=6412"},"modified":"2024-06-28T11:10:35","modified_gmt":"2024-06-28T09:10:35","slug":"-30","status":"publish","type":"page","link":"https:\/\/nodengo.com\/fr\/privacy-policy\/","title":{"rendered":"Politique de Confidentialit\u00e9"},"content":{"rendered":"<!-- Flexy Breadcrumb -->\r\n\t\t\t<div class=\"fbc fbc-page\">\r\n\r\n\t\t\t\t<!-- Breadcrumb wrapper -->\r\n\t\t\t\t<div class=\"fbc-wrap\">\r\n\r\n\t\t\t\t\t<!-- Ordered list-->\r\n\t\t\t\t\t<ol class=\"fbc-items\" itemscope itemtype=\"https:\/\/schema.org\/BreadcrumbList\">\r\n\t\t\t\t\t\t            <li itemprop=\"itemListElement\" itemscope itemtype=\"https:\/\/schema.org\/ListItem\">\r\n                <span itemprop=\"name\">\r\n                    <!-- Home Link -->\r\n                    <a itemprop=\"item\" href=\"https:\/\/nodengo.com\/fr\/\">\r\n                    \r\n                                                    <i class=\"fa fa-home\" aria-hidden=\"true\"><\/i>Home                    <\/a>\r\n                <\/span>\r\n                <meta itemprop=\"position\" content=\"1\" \/><!-- Meta Position-->\r\n             <\/li><li><span class=\"fbc-separator\">\/<\/span><\/li><li class=\"active\" itemprop=\"itemListElement\" itemscope itemtype=\"https:\/\/schema.org\/ListItem\"><span itemprop=\"name\" title=\"Best Travel Blog\">Best Travel Blog<\/span><meta itemprop=\"position\" content=\"2\" \/><\/li>\t\t\t\t\t<\/ol>\r\n\t\t\t\t\t<div class=\"clearfix\"><\/div>\r\n\t\t\t\t<\/div>\r\n\t\t\t<\/div>\r\n\t\t\t\n\n\n\n<div class=\"wp-block-columns is-layout-flex wp-container-core-columns-is-layout-9d6595d7 wp-block-columns-is-layout-flex\">\n<div class=\"wp-block-column is-layout-flow wp-block-column-is-layout-flow\" style=\"flex-basis:33.33%\">\n<figure class=\"wp-block-image size-full\"><img decoding=\"async\" width=\"40\" height=\"27\" src=\"https:\/\/nodengo.com\/wp-content\/uploads\/rouge_titre.gif\" alt=\"privacy policy\" class=\"wp-image-7766\" title=\"\" srcset=\"https:\/\/nodengo.com\/wp-content\/uploads\/rouge_titre.gif 40w, https:\/\/nodengo.com\/wp-content\/uploads\/rouge_titre-16x12.gif 16w\" sizes=\"(max-width: 40px) 100vw, 40px\" \/><\/figure>\n<\/div>\n\n\n\n<div class=\"wp-block-column is-layout-flow wp-block-column-is-layout-flow\" style=\"flex-basis:66.66%\">\n<h4 class=\"wp-block-heading\">PRIVACY POLICY<\/h4>\n<\/div>\n<\/div>\n\n\n\n<p class=\"has-small-font-size\" id=\"block-f0fef25f-2d3e-4c43-9f16-e13cab90507f\">Cette politique de confidentialit\u00e9 r\u00e9git la mani\u00e8re dont notre site (<a href=\"https:\/\/nodengo.com\/fr\/\">Nodengo.com<\/a>) collects, uses, maintains and discloses information collected from users (each, a \u201cUser\u201d) of the Nodengo.com website (\u201cSite\u201d). This privacy policy applies to the Site and all products and services offered by Nodengo.com.<\/p>\n\n\n\n<p class=\"has-small-font-size\" id=\"block-d1c74994-9ae4-488b-8c35-83f6e610b650\"><strong>Informations d'identification personnelle<\/strong><\/p>\n\n\n\n<p class=\"has-small-font-size\" id=\"block-4f929083-4d0b-4528-a857-a523a04f8dce\">Nous pouvons collecter des informations d'identification personnelles aupr\u00e8s des utilisateurs de diverses mani\u00e8res, y compris, mais sans s'y limiter, lorsque les utilisateurs visitent notre site, s'inscrivent sur le site, passent une commande, demandent un examen, demandent \u00e0 \u00eatre r\u00e9pertori\u00e9s, s'abonnent \u00e0 la newsletter, remplir un formulaire, et en relation avec d'autres activit\u00e9s, services, fonctionnalit\u00e9s ou ressources que nous mettons \u00e0 disposition sur notre Site <\/p>\n\n\n\n<p class=\"has-small-font-size\" id=\"block-4f929083-4d0b-4528-a857-a523a04f8dce\">Il pourra \u00eatre demand\u00e9 aux utilisateurs, le cas \u00e9ch\u00e9ant, leur nom, leur adresse email, leur adresse postale, leur num\u00e9ro de t\u00e9l\u00e9phone. Les utilisateurs peuvent toutefois visiter notre Site de mani\u00e8re anonyme. Nous collecterons des informations d\u2019identification personnelle aupr\u00e8s des utilisateurs uniquement s\u2019ils nous soumettent volontairement ces informations. Les utilisateurs peuvent toujours refuser de fournir des informations d'identification personnelle, sauf que cela peut les emp\u00eacher de s'engager dans certaines activit\u00e9s li\u00e9es au Site.<\/p>\n\n\n\n<p class=\"has-small-font-size\" id=\"block-6ed409d0-a18c-42ab-9a25-aba73533e478\"><strong>Informations d'identification non personnelles<\/strong><\/p>\n\n\n\n<p class=\"has-small-font-size\" id=\"block-8cc2181d-8eea-43e8-ae4e-4a256411b69c\">Nous pouvons collecter des informations d'identification non personnelles sur les utilisateurs chaque fois qu'ils interagissent avec notre site. Les informations d'identification non personnelles peuvent inclure le nom du navigateur, le type d'ordinateur et des informations techniques sur les moyens de connexion des utilisateurs \u00e0 notre site, telles que le syst\u00e8me d'exploitation et les fournisseurs de services Internet utilis\u00e9s et d'autres informations similaires.<\/p>\n\n\n\n<p class=\"has-small-font-size\" id=\"block-7a813a37-e72e-4d61-93ca-340718aaa49c\"><strong>Web browser cookies<\/strong><\/p>\n\n\n\n<p class=\"has-small-font-size translation-block\" id=\"block-683c1ac2-1e60-4992-ab18-3a273225dff2\">Notre site peut utiliser des \u00ab cookies \u00bb pour am\u00e9liorer l'exp\u00e9rience utilisateur. Le navigateur Web de l'utilisateur place des <a rel=\"noreferrer noopener\" href=\"https:\/\/nodengo.com\/fr\/cookie-policy\/\" target=\"_blank\">cookies<\/a> sur son disque dur \u00e0 des fins de tenue de registres et parfois pour suivre les informations les concernant. L'utilisateur peut choisir de configurer son navigateur Web pour refuser les cookies ou pour vous alerter lorsque des cookies sont envoy\u00e9s. S'ils le font, notez que certaines parties du Site peuvent ne pas fonctionner correctement.<\/p>\n\n\n\n<p class=\"has-small-font-size\" id=\"block-8c8e6fdd-b4b6-4465-a2f7-d9b3c8093043\"><strong>Comment nous utilisons les informations collect\u00e9es<\/strong><\/p>\n\n\n\n<p class=\"has-small-font-size\" id=\"block-591a2a3e-6208-453e-9a3f-764fb191fd0b\">Nodengo.com\u00a0 peut collecter et utiliser les informations personnelles des utilisateurs aux fins suivantes\u00a0:<\/p>\n\n\n\n<p class=\"has-small-font-size\" id=\"block-3d708ed5-3871-4283-b515-b852fbeaa651\"><em>&#8211; To improve customer service<\/em><br>Les informations que vous fournissez nous aident \u00e0 r\u00e9pondre plus efficacement \u00e0 vos demandes de service client et \u00e0 vos besoins d\u2019assistance.<\/p>\n\n\n\n<p class=\"has-small-font-size\" id=\"block-9fb5f668-6932-4562-ade9-e865a2a21ab3\"><em>&#8211; To personalize user experience<\/em><br>Nous pouvons utiliser les informations globalement pour comprendre comment nos utilisateurs, en tant que groupe, utilisent les services et les ressources fournis sur notre site.<\/p>\n\n\n\n<p class=\"has-small-font-size\" id=\"block-682a83e2-391c-43f3-820c-2816a3309fc8\"><em>&#8211; To process payments<\/em><br>Nous pouvons utiliser les informations que les utilisateurs fournissent sur eux-m\u00eames lorsqu'ils passent une commande uniquement pour fournir le service correspondant \u00e0 cette commande. Nous ne partageons pas ces informations avec des tiers, sauf dans la mesure n\u00e9cessaire \u00e0 la fourniture du service.<\/p>\n\n\n\n<p class=\"has-small-font-size\" id=\"block-be418ba9-765a-4b30-a7c3-54f1eba167bc\"><em>&#8211; To run a promotion, contest, survey or other Site feature<\/em><br>Pour envoyer aux utilisateurs les informations qu'ils ont accept\u00e9 de recevoir sur des sujets qui, selon nous, pourraient les int\u00e9resser.<\/p>\n\n\n\n<p class=\"has-small-font-size\" id=\"block-02e6bfb1-fc70-49c9-bb79-d2197f332124\"><em>&#8211; To send periodic emails<\/em><br>Nous pouvons utiliser l'adresse e-mail pour leur envoyer des informations et des mises \u00e0 jour relatives \u00e0 leur commande. Si l'utilisateur d\u00e9cide de s'inscrire \u00e0 notre liste de diffusion, il recevra des e-mails pouvant inclure des actualit\u00e9s de l'entreprise, des mises \u00e0 jour, des informations sur les produits ou services associ\u00e9s, etc. Si \u00e0 tout moment l'utilisateur souhaite se d\u00e9sabonner de la r\u00e9ception de futurs e-mails, nous incluons des informations d\u00e9taill\u00e9es. instructions de d\u00e9sabonnement au bas de chaque e-mail.<\/p>\n\n\n\n<p class=\"has-small-font-size\" id=\"block-a1b8a082-ffc9-4eee-b61a-a8fac6d28e2a\"><strong>Comment nous prot\u00e9geons vos informations<\/strong><\/p>\n\n\n\n<p class=\"has-small-font-size\" id=\"block-50981eab-6812-40fb-9f25-1204f196b0ab\">Nous adoptons des pratiques appropri\u00e9es de collecte, de stockage et de traitement des donn\u00e9es ainsi que des mesures de s\u00e9curit\u00e9 pour vous prot\u00e9ger contre l'acc\u00e8s non autoris\u00e9, la modification, la divulgation ou la destruction de vos informations personnelles, nom d'utilisateur, mot de passe, informations de transaction et donn\u00e9es stock\u00e9es sur notre site.<\/p>\n\n\n\n<p class=\"has-small-font-size\" id=\"block-b1d789d5-4b2c-4092-9b27-739484ee7499\">L'\u00e9change de donn\u00e9es sensibles et priv\u00e9es entre le Site et ses Utilisateurs s'effectue via un canal de communication s\u00e9curis\u00e9 SSL et est crypt\u00e9 et prot\u00e9g\u00e9 par des signatures num\u00e9riques.<\/p>\n\n\n\n<p class=\"has-small-font-size\" id=\"block-926da476-815e-4b60-8b8f-cf26d2bf9439\"><strong>Partager vos informations personnelles<\/strong><\/p>\n\n\n\n<p class=\"has-small-font-size\" id=\"block-d20a4e38-3579-4bb6-b229-a2e964642479\">Nous ne vendons, n\u2019\u00e9changeons ni ne louons les informations d\u2019identification personnelle des utilisateurs \u00e0 des tiers. Nous pouvons partager des informations d\u00e9mographiques g\u00e9n\u00e9riques agr\u00e9g\u00e9es non li\u00e9es \u00e0 des informations d'identification personnelle concernant les visiteurs et les utilisateurs avec nos partenaires commerciaux, nos soci\u00e9t\u00e9s affili\u00e9es de confiance et nos annonceurs aux fins d\u00e9crites ci-dessus.<\/p>\n\n\n\n<p class=\"has-small-font-size\" id=\"block-b1179054-8a29-486a-89e7-aa18010ca0f6\"><strong>Sites Web tiers<\/strong><\/p>\n\n\n\n<p class=\"has-small-font-size\" id=\"block-c9575cd2-776b-4eb5-932f-c6b527e72dbe\">Les utilisateurs peuvent trouver de la publicit\u00e9 ou d'autres contenus sur notre site qui renvoient vers les sites et services de nos partenaires, fournisseurs, annonceurs, sponsors, conc\u00e9dants de licence et autres tiers. Nous ne contr\u00f4lons pas le contenu ou les liens qui apparaissent sur ces sites et ne sommes pas responsables des pratiques employ\u00e9es par les sites Web li\u00e9s \u00e0 ou depuis notre Site. De plus, ces sites ou services, y compris leur contenu et leurs liens, peuvent \u00e9voluer en permanence. Ces sites et services peuvent avoir leurs propres politiques de confidentialit\u00e9 et politiques de service client. La navigation et l\u2019interaction sur tout autre site Web, y compris les sites Web ayant un lien vers notre Site, sont soumises aux conditions et politiques de ce site Web<\/p>\n\n\n\n<p class=\"has-small-font-size\" id=\"block-17e12db3-9f83-48f4-b036-4fb43cc6e63e\"><strong>Modifications de cette politique de confidentialit\u00e9<\/strong><\/p>\n\n\n\n<p class=\"has-small-font-size\" id=\"block-d6b413a8-7960-42bc-918f-20f05530a7fb\"><a rel=\"noreferrer noopener\" href=\"https:\/\/nodengo.com\/fr\/\" target=\"_blank\">Nodengo.com<\/a> a le pouvoir discr\u00e9tionnaire de mettre \u00e0 jour cette politique de confidentialit\u00e9 \u00e0 tout moment. Lorsque nous le ferons, nous publierons une notification sur la page principale de notre site et vous enverrons un e-mail. Nous encourageons les utilisateurs \u00e0 consulter fr\u00e9quemment cette page pour tout changement afin de rester inform\u00e9s de la mani\u00e8re dont nous contribuons \u00e0 prot\u00e9ger les informations personnelles que nous collectons. Vous reconnaissez et acceptez qu'il est de votre responsabilit\u00e9 de consulter p\u00e9riodiquement cette politique de confidentialit\u00e9 et de prendre connaissance des modifications.<\/p>\n\n\n\n<p class=\"has-small-font-size\" id=\"block-d011ca21-1a2d-4fff-b899-71a45c763897\"><strong>Votre acceptation de ces conditions<\/strong><\/p>\n\n\n\n<p class=\"has-small-font-size\" id=\"block-d6ed4f3a-3906-44f2-9c48-09c0d726d240\">En utilisant ce site, vous signifiez votre acceptation de cette politique. Si vous n'acceptez pas cette politique, veuillez ne pas utiliser notre site. Votre utilisation continue du site apr\u00e8s la publication des modifications apport\u00e9es \u00e0 cette politique sera consid\u00e9r\u00e9e comme votre acceptation de ces modifications.<\/p>\n\n\n\n<p class=\"has-small-font-size\" id=\"block-51f04648-29f1-4f77-bb02-cc8c83118029\"><strong>Nous contacter<\/strong><\/p>\n\n\n\n<p class=\"has-small-font-size\" id=\"block-1b4f4ebc-57bc-4e7c-a93d-678529df478a\">If you have any questions about this Privacy Policy, the practices of this site, or your dealings with this site, please contact us.<\/p>\n\n\n\n<p class=\"has-small-font-size\" id=\"block-315e72f7-75d4-4113-bb4f-abc6d0feac2e\">Last updated : August 2023<\/p>\n\n\n\n<p class=\"has-text-color has-small-font-size\" style=\"color:#7d8996\"><em>Veuillez noter que cette page a \u00e9t\u00e9 traduite automatiquement \u00e0 partir de la version anglaise originale.<\/em>.&nbsp;<em>Aucune garantie d'aucune sorte, expresse ou implicite, n'est donn\u00e9e quant \u00e0 l'exactitude, la fiabilit\u00e9 et l'exactitude des traductions effectu\u00e9es de l'anglais vers une autre langue.<\/em><\/p>","protected":false},"excerpt":{"rendered":"<p>PRIVACY POLICY This Privacy Policy governs the manner in which our site (Nodengo.com) collects, uses, maintains and discloses information collected from users (each, a \u201cUser\u201d) of the Nodengo.com website (\u201cSite\u201d). [&hellip;]<\/p>\n","protected":false},"author":1,"featured_media":0,"parent":0,"menu_order":0,"comment_status":"closed","ping_status":"closed","template":"","meta":{"_uag_custom_page_level_css":"","_citadela_hide_page_title":"1","_citadela_remove_header_space":"1","_citadela_custom_class":"","_citadela_half_map_provider":"","_citadela_half_map_theme":"","_citadela_half_map_themeOSM":"","_citadela_half_map_customTheme":"","_citadela_half_map_dataType":"","_citadela_half_map_dynamicTrack":false,"_citadela_half_map_trackColor":"","_citadela_half_map_trackEndpointsColor":"","_citadela_half_map_filterCategory":"","_citadela_half_map_filterLocation":"","_citadela_half_map_filterFeatured":false,"_citadela_half_map_noDataBehavior":"empty-map","_citadela_half_map_noDataText":"","_citadela_half_map_clusterGridSize":80,"_citadela_header":false,"_citadela_header_over_content":false,"_citadela_header_text_color":"","_citadela_header_logo":[],"_citadela_header_bg_image":[],"_citadela_header_bg_position":{"x":0.5,"y":0.5},"_citadela_header_bg_size":"cover","_citadela_header_bg_repeat":"no-repeat","_citadela_header_bg_fixed":false,"_citadela_header_bg_color":"","_citadela_header_bg_image_overlay":"","_citadela_header_transparent_bg":false,"_citadela_content_width":"","_citadela_half_layout_position":"","footnotes":""},"class_list":["post-6412","page","type-page","status-publish","hentry"],"uagb_featured_image_src":{"full":false,"thumbnail":false,"medium":false,"medium_large":false,"large":false,"1536x1536":false,"2048x2048":false,"trp-custom-language-flag":false,"citadela_item_thumbnail":false,"woocommerce_thumbnail":false,"woocommerce_single":false,"woocommerce_gallery_thumbnail":false,"citadela_service":false},"uagb_author_info":{"display_name":"admin","author_link":"https:\/\/nodengo.com\/fr\/author\/admin\/"},"uagb_comment_info":0,"uagb_excerpt":"PRIVACY POLICY This Privacy Policy governs the manner in which our site (Nodengo.com) collects, uses, maintains and discloses information collected from users (each, a \u201cUser\u201d) of the Nodengo.com website (\u201cSite\u201d). [&hellip;]","_links":{"self":[{"href":"https:\/\/nodengo.com\/fr\/wp-json\/wp\/v2\/pages\/6412","targetHints":{"allow":["GET"]}}],"collection":[{"href":"https:\/\/nodengo.com\/fr\/wp-json\/wp\/v2\/pages"}],"about":[{"href":"https:\/\/nodengo.com\/fr\/wp-json\/wp\/v2\/types\/page"}],"author":[{"embeddable":true,"href":"https:\/\/nodengo.com\/fr\/wp-json\/wp\/v2\/users\/1"}],"replies":[{"embeddable":true,"href":"https:\/\/nodengo.com\/fr\/wp-json\/wp\/v2\/comments?post=6412"}],"version-history":[{"count":0,"href":"https:\/\/nodengo.com\/fr\/wp-json\/wp\/v2\/pages\/6412\/revisions"}],"wp:attachment":[{"href":"https:\/\/nodengo.com\/fr\/wp-json\/wp\/v2\/media?parent=6412"}],"curies":[{"name":"wp","href":"https:\/\/api.w.org\/{rel}","templated":true}]}}