{"id":6410,"date":"2021-03-10T16:55:57","date_gmt":"2021-03-10T15:55:57","guid":{"rendered":"https:\/\/nodengo.com\/?page_id=6410"},"modified":"2025-12-16T07:56:49","modified_gmt":"2025-12-16T06:56:49","slug":"disclaimer","status":"publish","type":"page","link":"https:\/\/nodengo.com\/fr\/disclaimer\/","title":{"rendered":"Clauses de responsabilit\u00e9"},"content":{"rendered":"<!-- Flexy Breadcrumb -->\r\n\t\t\t<div class=\"fbc fbc-page\">\r\n\r\n\t\t\t\t<!-- Breadcrumb wrapper -->\r\n\t\t\t\t<div class=\"fbc-wrap\">\r\n\r\n\t\t\t\t\t<!-- Ordered list-->\r\n\t\t\t\t\t<ol class=\"fbc-items\" itemscope itemtype=\"https:\/\/schema.org\/BreadcrumbList\">\r\n\t\t\t\t\t\t            <li itemprop=\"itemListElement\" itemscope itemtype=\"https:\/\/schema.org\/ListItem\">\r\n                <span itemprop=\"name\">\r\n                    <!-- Home Link -->\r\n                    <a itemprop=\"item\" href=\"https:\/\/nodengo.com\/fr\/\">\r\n                    \r\n                                                    <i class=\"fa fa-home\" aria-hidden=\"true\"><\/i>Home                    <\/a>\r\n                <\/span>\r\n                <meta itemprop=\"position\" content=\"1\" \/><!-- Meta Position-->\r\n             <\/li><li><span class=\"fbc-separator\">\/<\/span><\/li><li class=\"active\" itemprop=\"itemListElement\" itemscope itemtype=\"https:\/\/schema.org\/ListItem\"><span itemprop=\"name\" title=\"Best Travel Blog\">Best Travel Blog<\/span><meta itemprop=\"position\" content=\"2\" \/><\/li>\t\t\t\t\t<\/ol>\r\n\t\t\t\t\t<div class=\"clearfix\"><\/div>\r\n\t\t\t\t<\/div>\r\n\t\t\t<\/div>\r\n\t\t\t\n\n\n\n<div class=\"wp-block-group is-content-justification-center is-nowrap is-layout-flex wp-container-core-group-is-layout-94bc23d7 wp-block-group-is-layout-flex\">\n<figure class=\"wp-block-image size-full is-resized\"><img decoding=\"async\" width=\"150\" height=\"150\" src=\"https:\/\/nodengo.com\/wp-content\/uploads\/nodengo-favicon-e1619375689818.png\" alt=\"Nodengo.com Disclaimer\" class=\"wp-image-54641\" style=\"width:38px;height:38px\" title=\"\" srcset=\"https:\/\/nodengo.com\/wp-content\/uploads\/nodengo-favicon-e1619375689818.png 150w, https:\/\/nodengo.com\/wp-content\/uploads\/nodengo-favicon-e1619375689818-100x100.png 100w, https:\/\/nodengo.com\/wp-content\/uploads\/nodengo-favicon-e1619375689818-12x12.png 12w\" sizes=\"(max-width: 150px) 100vw, 150px\" \/><\/figure>\n\n\n\n<h2 class=\"wp-block-heading\">Clauses de responsabilit\u00e9<\/h2>\n<\/div>\n\n\n\n<div style=\"height:25px\" aria-hidden=\"true\" class=\"wp-block-spacer\"><\/div>\n\n\n\n<div class=\"wp-block-citadela-blocks-custom-container citadela-block-custom-container size-wide bg-type-none inside-space-none\"><div class=\"inner-holder\">\n<p class=\"has-small-font-size\"><strong>Informations g\u00e9n\u00e9rales \u2013 Avis de non-responsabilit\u00e9<\/strong>&nbsp;Les informations contenues dans ce site sont uniquement \u00e0 titre indicatif sur des questions d'int\u00e9r\u00eat. L'utilisation de ce site Web constitue l'acceptation des conditions et de la confidentialit\u00e9 de Nodengo.com.<\/p>\n\n\n\n<p class=\"has-small-font-size\">Bien que nous ayons fait tout notre possible pour garantir que les informations contenues dans ce site proviennent de sources fiables, Nodengo.com n'est pas responsable des erreurs ou omissions, ni des r\u00e9sultats obtenus gr\u00e2ce \u00e0 l'utilisation de ces informations.<\/p>\n\n\n\n<p class=\"has-small-font-size\">Toutes les informations contenues dans ce site sont fournies \u00ab telles quelles \u00bb, sans aucune garantie d'exhaustivit\u00e9, d'exactitude, d'actualit\u00e9 ou des r\u00e9sultats obtenus \u00e0 partir de l'utilisation de ces informations, et sans garantie d'aucune sorte, expresse ou implicite, y compris, mais sans s'y limiter. garanties de performance, de qualit\u00e9 marchande et d\u2019ad\u00e9quation \u00e0 un usage particulier.<\/p>\n\n\n\n<p class=\"has-small-font-size\"><br>En aucun cas Nodengo.com, ou ses partenaires, \u00e9diteurs locaux, agents ou employ\u00e9s, ne pourront \u00eatre tenus responsables envers vous ou toute autre personne de toute d\u00e9cision prise ou action entreprise sur la base des informations contenues dans ce site ou de tout dommage cons\u00e9cutif, sp\u00e9cial ou similaire. , m\u00eame s'il est inform\u00e9 de la possibilit\u00e9 de tels dommages.<\/p>\n\n\n\n<p class=\"has-small-font-size\">Certains liens de ce site renvoient vers d'autres sites Web g\u00e9r\u00e9s par des tiers sur lesquels Nodengo.com n'a aucun contr\u00f4le. Ces liens sont inclus pour un certain nombre de raisons, notamment\u00a0:<\/p>\n\n\n\n<ol class=\"wp-block-list has-small-font-size\">\n<li>Pour am\u00e9liorer la pertinence des informations et autres sources de mat\u00e9riel<\/li>\n\n\n\n<li>Pour des informations pratiques utiles au divertissement ou au plaisir<\/li>\n\n\n\n<li>Pour r\u00e9server vol, h\u00f4tel, location de voiture et activit\u00e9s<\/li>\n\n\n\n<li>Pour mieux informer sur une destination.<\/li>\n<\/ol>\n\n\n\n<p class=\"has-small-font-size\"><em>Clauses de responsabilit\u00e9 <\/em>&#8211; Nodengo.com makes no representations as to the accuracy or any other aspect of information contained in other websites.<\/p>\n\n\n\n<p class=\"has-small-font-size\">Nodengo.com n'est pas responsable du contenu du site Web externe. Les autres logos, noms de produits et de soci\u00e9t\u00e9s mentionn\u00e9s ici sont la propri\u00e9t\u00e9 de leurs propri\u00e9taires respectifs.<\/p>\n\n\n\n<p class=\"has-small-font-size\"><strong>Clauses de responsabilit\u00e9<\/strong>&nbsp;Tout le contenu fourni sur nos blogs est uniquement \u00e0 des fins d\u2019information. Les opinions exprim\u00e9es sont de bonne foi et bien que tout le soin ait \u00e9t\u00e9 apport\u00e9 \u00e0 la pr\u00e9paration de ces messages, y compris, mais sans s'y limiter, l'exactitude ou l'exhaustivit\u00e9 de toute information, fait et\/ou opinion qui y est contenue. Les blogueurs publi\u00e9s sur ce site ont la libert\u00e9 d'exprimer leurs opinions. Nodengo.com ne fait aucune d\u00e9claration quant \u00e0 l'exactitude ou \u00e0 l'exhaustivit\u00e9 des informations contenues dans ce site ou trouv\u00e9es en suivant un lien sur ce site. Les points de vue ou opinions repr\u00e9sent\u00e9s dans les blogs de l'\u00e9diteur local et des informations g\u00e9n\u00e9rales sont personnels et appartiennent uniquement au propri\u00e9taire du blog et ne repr\u00e9sentent pas ceux de personnes, d'institutions ou d'organisations avec lesquelles le propri\u00e9taire peut ou non \u00eatre associ\u00e9 \u00e0 titre professionnel ou personnel, sauf indication contraire. d\u00e9clar\u00e9.<\/p>\n\n\n\n<p class=\"has-small-font-size\"> Les points de vue ou opinions ne visent pas \u00e0 calomnier une religion, un groupe ethnique, un club, une organisation, une entreprise ou un individu.<\/p>\n\n\n\n<p class=\"has-small-font-size\"><em>clause de non-responsabilit\u00e9<\/em><\/p>\n\n\n\n<p class=\"has-small-font-size\">Certains contenus sur un \u00e9tablissement peuvent \u00eatre ajout\u00e9s via une r\u00e9f\u00e9rence ou par notre \u00e9diteur local. Dans de tels cas, l'\u00e9tablissement ne cautionne pas n\u00e9cessairement Nodengo.com. Une fois qu'une inscription a \u00e9t\u00e9 revendiqu\u00e9e, elle est g\u00e9r\u00e9e directement par le propri\u00e9taire\/exploitant ou le personnel de l'\u00e9tablissement.<\/p>\n\n\n\n<p class=\"has-small-font-size\"><strong>Avis de non-responsabilit\u00e9<\/strong>&nbsp;Nodengo.com n'est pas un agent de r\u00e9servation ou un voyagiste et ne facture aucun frais de service aux utilisateurs de notre site. Lorsque vous r\u00e9servez avec l'un de nos partenaires, assurez-vous de consulter leur site pour une divulgation compl\u00e8te de tous les frais applicables. Pour tous les forfaits de voyage ou offres r\u00e9pertori\u00e9s, Nodengo.com ne garantit aucun tarif ou prix sp\u00e9cifique. De plus, les prix moyens des h\u00f4tels sont mis \u00e0 jour tous les soirs et affich\u00e9s dans votre devise pr\u00e9f\u00e9r\u00e9e en utilisant les taux de conversion en vigueur. \u00c9tant donn\u00e9 que ces prix convertis sont des estimations, veuillez v\u00e9rifier aupr\u00e8s du site de r\u00e9servation le montant exact et la devise. <\/p>\n\n\n\n<p class=\"has-small-font-size\">\u00c9tant donn\u00e9 que ces prix convertis sont des estimations, veuillez v\u00e9rifier aupr\u00e8s du site de r\u00e9servation le montant exact et la devise. De plus, Nodengo.com ne garantit pas la disponibilit\u00e9 des prix annonc\u00e9s sur notre site. Les prix indiqu\u00e9s peuvent n\u00e9cessiter un s\u00e9jour d'une certaine dur\u00e9e ou comporter des dates d'interdiction, des qualifications ou des restrictions. <\/p>\n\n\n\n<p class=\"has-small-font-size\">Nodengo.com n'est pas responsable du contenu des sites Web externes. Taxes, frais non inclus pour le contenu des offres.<\/p>\n\n\n\n<p class=\"has-text-color has-small-font-size\" style=\"color:#4e555a\">Disclaimer &#8211; <em>Ce site Web contient des r\u00e9f\u00e9rences de liens d\u2019affiliation via des liens et des banni\u00e8res publicitaires. En utilisant ces liens et services, ce site Web re\u00e7oit des commissions, mais sans frais pour l'utilisateur. Ceci est fait pour aider \u00e0 couvrir les d\u00e9penses li\u00e9es au fonctionnement de ce site Web.<\/em> <em>Est-ce que cela me co\u00fbtera plus d'argent ? , Non, absolument pas. Dans la plupart des cas, nos offres vous feront r\u00e9ellement \u00e9conomiser de l'argent<\/em><\/p>\n<\/div><\/div>\n\n\n\n<p class=\"has-text-color has-small-font-size\" style=\"color:#4e555a\"><em>Veuillez noter que cette page a \u00e9t\u00e9 traduite automatiquement \u00e0 partir de la version anglaise originale.<\/em>. <em>Aucune garantie d'aucune sorte, expresse ou implicite, n'est donn\u00e9e quant \u00e0 l'exactitude, la fiabilit\u00e9 et l'exactitude des traductions effectu\u00e9es de l'anglais vers une autre langue.<\/em><\/p>\n\n\n\n<p class=\"has-text-align-center has-small-font-size\"><a href=\"https:\/\/nodengo.com\/fr\/terms-conditions\/\" data-type=\"page\" data-id=\"6418\" rel=\"nofollow\">Termes et Conditions<\/a> | <a href=\"https:\/\/nodengo.com\/fr\/cookies-policy\/\" data-type=\"page\" data-id=\"6407\" rel=\"nofollow\">Politique Cookies <\/a>| <a href=\"https:\/\/nodengo.com\/fr\/copyright\/\" data-type=\"page\" data-id=\"6405\" rel=\"nofollow\">Copyright<\/a><\/p>","protected":false},"excerpt":{"rendered":"<p>Disclaimer Please do note that this page has been machine translated from the original English. No warranty of any kind, either expressed or implied, is made as to the accuracy, [&hellip;]<\/p>\n","protected":false},"author":1,"featured_media":0,"parent":0,"menu_order":0,"comment_status":"closed","ping_status":"closed","template":"","meta":{"_uag_custom_page_level_css":"","_citadela_hide_page_title":"1","_citadela_remove_header_space":"1","_citadela_custom_class":"","_citadela_half_map_provider":"","_citadela_half_map_theme":"","_citadela_half_map_themeOSM":"","_citadela_half_map_customTheme":"","_citadela_half_map_dataType":"","_citadela_half_map_dynamicTrack":false,"_citadela_half_map_trackColor":"","_citadela_half_map_trackEndpointsColor":"","_citadela_half_map_filterCategory":"","_citadela_half_map_filterLocation":"","_citadela_half_map_filterFeatured":false,"_citadela_half_map_noDataBehavior":"empty-map","_citadela_half_map_noDataText":"","_citadela_half_map_clusterGridSize":80,"_citadela_header":false,"_citadela_header_over_content":false,"_citadela_header_text_color":"","_citadela_header_logo":[],"_citadela_header_bg_image":[],"_citadela_header_bg_position":{"x":0.5,"y":0.5},"_citadela_header_bg_size":"cover","_citadela_header_bg_repeat":"no-repeat","_citadela_header_bg_fixed":false,"_citadela_header_bg_color":"","_citadela_header_bg_image_overlay":"","_citadela_header_transparent_bg":false,"_citadela_content_width":"","_citadela_half_layout_position":"","footnotes":""},"class_list":["post-6410","page","type-page","status-publish","hentry"],"uagb_featured_image_src":{"full":false,"thumbnail":false,"medium":false,"medium_large":false,"large":false,"1536x1536":false,"2048x2048":false,"trp-custom-language-flag":false,"citadela_item_thumbnail":false,"woocommerce_thumbnail":false,"woocommerce_single":false,"woocommerce_gallery_thumbnail":false,"citadela_service":false},"uagb_author_info":{"display_name":"admin","author_link":"https:\/\/nodengo.com\/fr\/author\/admin\/"},"uagb_comment_info":0,"uagb_excerpt":"Disclaimer Please do note that this page has been machine translated from the original English. No warranty of any kind, either expressed or implied, is made as to the accuracy, [&hellip;]","_links":{"self":[{"href":"https:\/\/nodengo.com\/fr\/wp-json\/wp\/v2\/pages\/6410","targetHints":{"allow":["GET"]}}],"collection":[{"href":"https:\/\/nodengo.com\/fr\/wp-json\/wp\/v2\/pages"}],"about":[{"href":"https:\/\/nodengo.com\/fr\/wp-json\/wp\/v2\/types\/page"}],"author":[{"embeddable":true,"href":"https:\/\/nodengo.com\/fr\/wp-json\/wp\/v2\/users\/1"}],"replies":[{"embeddable":true,"href":"https:\/\/nodengo.com\/fr\/wp-json\/wp\/v2\/comments?post=6410"}],"version-history":[{"count":0,"href":"https:\/\/nodengo.com\/fr\/wp-json\/wp\/v2\/pages\/6410\/revisions"}],"wp:attachment":[{"href":"https:\/\/nodengo.com\/fr\/wp-json\/wp\/v2\/media?parent=6410"}],"curies":[{"name":"wp","href":"https:\/\/api.w.org\/{rel}","templated":true}]}}