{"id":6407,"date":"2021-03-10T16:51:38","date_gmt":"2021-03-10T15:51:38","guid":{"rendered":"https:\/\/nodengo.com\/?page_id=6407"},"modified":"2025-10-17T15:59:41","modified_gmt":"2025-10-17T13:59:41","slug":"cookies-policy","status":"publish","type":"page","link":"https:\/\/nodengo.com\/fr\/cookies-policy\/","title":{"rendered":"Politique Cookies"},"content":{"rendered":"<!-- Flexy Breadcrumb -->\r\n\t\t\t<div class=\"fbc fbc-page\">\r\n\r\n\t\t\t\t<!-- Breadcrumb wrapper -->\r\n\t\t\t\t<div class=\"fbc-wrap\">\r\n\r\n\t\t\t\t\t<!-- Ordered list-->\r\n\t\t\t\t\t<ol class=\"fbc-items\" itemscope itemtype=\"https:\/\/schema.org\/BreadcrumbList\">\r\n\t\t\t\t\t\t            <li itemprop=\"itemListElement\" itemscope itemtype=\"https:\/\/schema.org\/ListItem\">\r\n                <span itemprop=\"name\">\r\n                    <!-- Home Link -->\r\n                    <a itemprop=\"item\" href=\"https:\/\/nodengo.com\/fr\/\">\r\n                    \r\n                                                    <i class=\"fa fa-home\" aria-hidden=\"true\"><\/i>Home                    <\/a>\r\n                <\/span>\r\n                <meta itemprop=\"position\" content=\"1\" \/><!-- Meta Position-->\r\n             <\/li><li><span class=\"fbc-separator\">\/<\/span><\/li><li class=\"active\" itemprop=\"itemListElement\" itemscope itemtype=\"https:\/\/schema.org\/ListItem\"><span itemprop=\"name\" title=\"Best Travel Blog\">Best Travel Blog<\/span><meta itemprop=\"position\" content=\"2\" \/><\/li>\t\t\t\t\t<\/ol>\r\n\t\t\t\t\t<div class=\"clearfix\"><\/div>\r\n\t\t\t\t<\/div>\r\n\t\t\t<\/div>\r\n\t\t\t\n\n\n\n<h3 class=\"wp-block-heading\">\u00c0 propos de notre politique de cookies<\/h3>\n\n\n\n<p>Cette politique explique ce que sont les cookies et comment nous les utilisons. Vous devez lire cette politique pour comprendre de quoi il s'agit, comment nous les utilisons et les types de cookies que nous utilisons, les informations que nous collectons \u00e0 l'aide des cookies et comment ces informations sont utilis\u00e9es et comment contr\u00f4ler les pr\u00e9f\u00e9rences en mati\u00e8re de cookies. Pour plus d'informations sur la mani\u00e8re dont nous utilisons, stockons et gardons vos donn\u00e9es personnelles en s\u00e9curit\u00e9, consultez notre&nbsp;<a href=\"httsp:\/\/nodengo.com\/privacy\">Politique de Confidentialit\u00e9<\/a><\/p>\n\n\n\n<p>Vous pouvez, \u00e0 tout moment, modifier ou retirer votre consentement \u00e0 la D\u00e9claration sur notre site Internet. Apprenez-en davantage sur qui nous sommes, comment vous pouvez nous contacter et comment nous traitons les donn\u00e9es personnelles dans notre Politique de confidentialit\u00e9.<\/p>\n\n\n\n<p><img decoding=\"async\" src=\"https:\/\/nodengo.com\/wp-content\/uploads\/jaune_titre.gif\" alt=\"politique de cookies\" title=\"\">Votre consentement s'applique au domaine suivant\u00a0:&nbsp;<a href=\"https:\/\/nodengo.com\/fr\/\">nodengo.com<\/a><\/p>\n\n\n\n<p>Que sont les cookies ?<\/p>\n\n\n\n<p>Ce sont de petits fichiers texte utilis\u00e9s pour stocker de petites informations. Ils sont stock\u00e9s sur votre appareil lorsque le site Internet est charg\u00e9 sur votre navigateur. Ces cookies nous aident \u00e0 faire fonctionner correctement notre site Web, \u00e0 rendre notre site Web plus s\u00e9curis\u00e9, \u00e0 offrir une meilleure exp\u00e9rience utilisateur, \u00e0 comprendre les performances de notre site Web et \u00e0 analyser ce qui fonctionne et o\u00f9 il doit \u00eatre am\u00e9lior\u00e9.<\/p>\n\n\n\n<h3 class=\"wp-block-heading\">Comment utilisons-nous les cookies ?<\/h3>\n\n\n\n<p>Comme la plupart des services en ligne, notre site Web utilise des cookies propri\u00e9taires et tiers \u00e0 plusieurs fins. Les cookies propri\u00e9taires sont principalement n\u00e9cessaires au bon fonctionnement du site Web et ne collectent aucune de vos donn\u00e9es personnelles identifiables.<\/p>\n\n\n\n<p>Les cookies tiers utilis\u00e9s sur nos sites Web sont principalement utilis\u00e9s pour comprendre les performances du site Web, la fa\u00e7on dont vous interagissez avec notre site Web, assurer la s\u00e9curit\u00e9 de nos services, fournir des publicit\u00e9s qui vous int\u00e9ressent et, dans l'ensemble, vous offrir une exp\u00e9rience meilleure et am\u00e9lior\u00e9e. exp\u00e9rience utilisateur et vous aider \u00e0 acc\u00e9l\u00e9rer vos futures interactions avec notre site Web.<\/p>\n\n\n\n<h3 class=\"wp-block-heading\">Quels types de cookies utilisons-nous ?<\/h3>\n\n\n\n<p><strong>Essentiel<\/strong>: Certains cookies sont essentiels pour que vous puissiez profiter de toutes les fonctionnalit\u00e9s de notre site. Ils nous permettent de maintenir les sessions des utilisateurs et de pr\u00e9venir toute menace de s\u00e9curit\u00e9. Ils ne collectent ni ne stockent aucune information personnelle. Par exemple, ceux-ci vous permettent de vous connecter \u00e0 votre compte, d'ajouter des produits \u00e0 votre panier et de payer en toute s\u00e9curit\u00e9.<\/p>\n\n\n\n<p><strong>Statistiques:<\/strong>&nbsp;Ces cookies stockent des informations telles que le nombre de visiteurs du site Web, le nombre de visiteurs uniques, les pages du site Web qui ont \u00e9t\u00e9 visit\u00e9es, la source de la visite, etc. Ces donn\u00e9es nous aident \u00e0 comprendre et \u00e0 analyser les performances du site Web et o\u00f9 il se trouve. a besoin d'am\u00e9lioration.<\/p>\n\n\n\n<p><strong>Marketing:<\/strong>&nbsp;Notre site Web affiche des publicit\u00e9s. Ces cookies sont utilis\u00e9s pour personnaliser les publicit\u00e9s que nous vous montrons afin qu'elles soient significatives pour vous. Ceux-ci nous aident \u00e9galement \u00e0 suivre l\u2019efficacit\u00e9 de ces campagnes publicitaires.<\/p>\n\n\n\n<p>Les informations qui y sont stock\u00e9es peuvent \u00e9galement \u00eatre utilis\u00e9es par des fournisseurs de publicit\u00e9 tiers pour vous montrer \u00e9galement des publicit\u00e9s sur d'autres sites Web sur le navigateur.<\/p>\n\n\n\n<p><strong>Functional:<\/strong>&nbsp;These are the cookies that help certain non-essential functionalities on our website. These functionalities include embedding content like videos or sharing contents on the website on social media platforms.<\/p>\n\n\n\n<p><strong>Pr\u00e9f\u00e9rences\u00a0:<\/strong>&nbsp;Ceux-ci nous aident \u00e0 stocker vos param\u00e8tres et pr\u00e9f\u00e9rences de navigation, comme les pr\u00e9f\u00e9rences linguistiques, afin que vous ayez une exp\u00e9rience meilleure et plus efficace lors de vos futures visites sur le site Web.<\/p>\n\n\n\n<p>Si vous d\u00e9cidez de modifier vos pr\u00e9f\u00e9rences ult\u00e9rieurement au cours de votre session de navigation, vous pouvez cliquer sur l'onglet \u00ab Politique de confidentialit\u00e9 et cookies \u00bb sur votre \u00e9cran. Cela affichera \u00e0 nouveau l'avis de consentement vous permettant de modifier vos pr\u00e9f\u00e9rences ou de retirer compl\u00e8tement votre consentement.<\/p>\n\n\n\n<p>En plus de cela, diff\u00e9rents navigateurs proposent diff\u00e9rentes m\u00e9thodes pour bloquer et supprimer les cookies utilis\u00e9s par les sites Web. Vous pouvez modifier les param\u00e8tres de votre navigateur.<br>Pour en savoir plus sur la gestion et la suppression des cookies, visitez&nbsp;<a href=\"https:\/\/en.wikipedia.org\/wiki\/HTTP_cookie\" target=\"_blank\" rel=\"noreferrer noopener\">wikipedia.org<\/a>,&nbsp;<a href=\"http:\/\/www.allaboutcookies.org\/\" target=\"_blank\" rel=\"noreferrer noopener\">www.allaboutcookies.org.<\/a><\/p>\n\n\n\n<p class=\"has-text-color has-small-font-size\" style=\"color:#969fa2\"><em>Veuillez noter que cette page a \u00e9t\u00e9 traduite automatiquement \u00e0 partir de la version anglaise originale.<\/em>. <em>Aucune garantie d'aucune sorte, expresse ou implicite, n'est donn\u00e9e quant \u00e0 l'exactitude, la fiabilit\u00e9 et l'exactitude des traductions effectu\u00e9es de l'anglais vers une autre langue.<\/em><\/p>","protected":false},"excerpt":{"rendered":"<p>About our cookies policy This Policy explains what cookies are and how we use them. You should read this policy to understand what they are, how we use them and [&hellip;]<\/p>\n","protected":false},"author":1,"featured_media":0,"parent":0,"menu_order":0,"comment_status":"closed","ping_status":"closed","template":"","meta":{"_uag_custom_page_level_css":"","_citadela_hide_page_title":"1","_citadela_remove_header_space":"1","_citadela_custom_class":"","_citadela_half_map_provider":"","_citadela_half_map_theme":"","_citadela_half_map_themeOSM":"","_citadela_half_map_customTheme":"","_citadela_half_map_dataType":"","_citadela_half_map_dynamicTrack":false,"_citadela_half_map_trackColor":"","_citadela_half_map_trackEndpointsColor":"","_citadela_half_map_filterCategory":"","_citadela_half_map_filterLocation":"","_citadela_half_map_filterFeatured":false,"_citadela_half_map_noDataBehavior":"empty-map","_citadela_half_map_noDataText":"","_citadela_half_map_clusterGridSize":80,"_citadela_header":false,"_citadela_header_over_content":false,"_citadela_header_text_color":"","_citadela_header_logo":[],"_citadela_header_bg_image":[],"_citadela_header_bg_position":{"x":0.5,"y":0.5},"_citadela_header_bg_size":"cover","_citadela_header_bg_repeat":"no-repeat","_citadela_header_bg_fixed":false,"_citadela_header_bg_color":"","_citadela_header_bg_image_overlay":"","_citadela_header_transparent_bg":false,"_citadela_content_width":"","_citadela_half_layout_position":"","footnotes":""},"class_list":["post-6407","page","type-page","status-publish","hentry"],"uagb_featured_image_src":{"full":false,"thumbnail":false,"medium":false,"medium_large":false,"large":false,"1536x1536":false,"2048x2048":false,"trp-custom-language-flag":false,"citadela_item_thumbnail":false,"woocommerce_thumbnail":false,"woocommerce_single":false,"woocommerce_gallery_thumbnail":false,"citadela_service":false},"uagb_author_info":{"display_name":"admin","author_link":"https:\/\/nodengo.com\/fr\/author\/admin\/"},"uagb_comment_info":0,"uagb_excerpt":"About our cookies policy This Policy explains what cookies are and how we use them. You should read this policy to understand what they are, how we use them and [&hellip;]","_links":{"self":[{"href":"https:\/\/nodengo.com\/fr\/wp-json\/wp\/v2\/pages\/6407","targetHints":{"allow":["GET"]}}],"collection":[{"href":"https:\/\/nodengo.com\/fr\/wp-json\/wp\/v2\/pages"}],"about":[{"href":"https:\/\/nodengo.com\/fr\/wp-json\/wp\/v2\/types\/page"}],"author":[{"embeddable":true,"href":"https:\/\/nodengo.com\/fr\/wp-json\/wp\/v2\/users\/1"}],"replies":[{"embeddable":true,"href":"https:\/\/nodengo.com\/fr\/wp-json\/wp\/v2\/comments?post=6407"}],"version-history":[{"count":0,"href":"https:\/\/nodengo.com\/fr\/wp-json\/wp\/v2\/pages\/6407\/revisions"}],"wp:attachment":[{"href":"https:\/\/nodengo.com\/fr\/wp-json\/wp\/v2\/media?parent=6407"}],"curies":[{"name":"wp","href":"https:\/\/api.w.org\/{rel}","templated":true}]}}