{"id":59457,"date":"2022-10-03T10:02:09","date_gmt":"2022-10-03T08:02:09","guid":{"rendered":"https:\/\/nodengo.com\/?page_id=59457"},"modified":"2025-12-13T06:06:45","modified_gmt":"2025-12-13T05:06:45","slug":"airport-transfer-2","status":"publish","type":"page","link":"https:\/\/nodengo.com\/fr\/airport-transfer-2\/","title":{"rendered":"Transfert de l'a\u00e9roport"},"content":{"rendered":"<div class=\"wp-block-citadela-blocks-custom-container citadela-block-custom-container size-wide bg-type-image inside-space-none bg-size-cover has-overlay has-min-height vertical-align-top\" style=\"min-height:250px\"><div class=\"bg-image-wrapper\" style=\"background-image:url(https:\/\/nodengo.com\/wp-content\/uploads\/airport-transfer-2.jpg);background-repeat:no-repeat;background-position:53% 43%\"><\/div><div class=\"bg-image-overlay\" style=\"opacity:0.77\"><\/div><div class=\"inner-holder\">\n<div style=\"height:46px\" aria-hidden=\"true\" class=\"wp-block-spacer\"><\/div>\n\n\n\n<h2 class=\"wp-block-heading alignwide has-text-align-center has-text-color has-link-color has-x-large-font-size wp-elements-05f3ef694c12bd63f2ffc6da5e89b286\" style=\"color:#c4d3cf\">Transfert A\u00e9roport<\/h2>\n<\/div><\/div>\n\n\n\n<div style=\"height:28px\" aria-hidden=\"true\" class=\"wp-block-spacer\"><\/div>\n\n\n\n<p class=\"has-text-align-left\">\u00c9vitez les tracas d'attendre dans les files d'attente des taxis \u00e0 votre arriv\u00e9e et optez plut\u00f4t pour un transfert en v\u00e9hicule priv\u00e9 pratique et confortable. Organisez \u00e0 l'avance votre transfert vers votre h\u00f4tel ou le centre-ville et minimisez le stress de votre arriv\u00e9e<\/p>\n\n\n\n\n<script async src=\"https:\/\/c1.travelpayouts.com\/content?currency=EUR&#038;trs=106513&#038;shmarker=246395&#038;locale=fr&#038;powered_by=true&#038;transfer_options_limit=12&#038;disable_currency_selector=false&#038;hide_form_extras=false&#038;hide_external_links=false&#038;promo_id=3879\" charset=\"utf-8\" async=\"true\"><\/script>\n\n\n\n\n\n\n\n\n\n<div style=\"height:100px\" aria-hidden=\"true\" class=\"wp-block-spacer\"><\/div>\n\n\n\n<p class=\"has-text-align-center\"> R\u00c9SERVER <strong><a href=\"https:\/\/nodengo.com\/fr\/hotels\/\" data-type=\"page\" data-id=\"26236\">H\u00d4TELS<\/a>&nbsp;|&nbsp;<a href=\"https:\/\/nodengo.com\/fr\/vols\/\" data-type=\"page\" data-id=\"26317\">VOLS<\/a>&nbsp;|&nbsp;<a href=\"https:\/\/nodengo.com\/fr\/-13\/\" data-type=\"page\" data-id=\"26089\">VOITURES<\/a>&nbsp;|&nbsp;<a href=\"https:\/\/c57.travelpayouts.com\/click?shmarker=246395&amp;promo_id=1766&amp;source_type=link&amp;type=click\" target=\"_blank\" rel=\"noopener\">LOCATION DE VELOS<\/a>&nbsp;|&nbsp;<a href=\"https:\/\/c120.travelpayouts.com\/click?shmarker=246395&amp;promo_id=3665&amp;source_type=link&amp;type=click\" target=\"_blank\" rel=\"noopener\">ASSURANCE VOYAGES<\/a><\/strong><\/p>\n\n\n\n<hr class=\"wp-block-separator has-alpha-channel-opacity\"\/>\n\n\n\n<p class=\"has-text-align-center has-medium-font-size\"><strong>Pr\u00e9f\u00e9reriez-vous conduire vous-m\u00eame ?<\/strong><\/p>\n\n\n\n\n<script async src=\"https:\/\/tpwgts.com\/content?currency=eur&#038;trs=32252&#038;shmarker=246395&#038;locale=fr&#038;powered_by=true&#038;bg_color=%23FFFFFf&#038;font_color=%23333333&#038;button_color=%2300a200&#038;button_font_color=%23ffffff&#038;button_text=Search&#038;rounded_corners=false&#038;benefits=true&#038;dc_powered_by=false&#038;supplier_logos=false&#038;campaign_id=117&#038;promo_id=3873\" charset=\"utf-8\"><\/script>\n\n\n\n\n\n\n\n\n\n<hr class=\"wp-block-separator has-alpha-channel-opacity\"\/>","protected":false},"excerpt":{"rendered":"<p>Avoid the hassle of waiting in taxi queues when you arrive, opt for a convenient and comfortable private vehicle transfer instead. Prearrange your transfer to your hotel or the city [&hellip;]<\/p>\n","protected":false},"author":249,"featured_media":0,"parent":0,"menu_order":0,"comment_status":"closed","ping_status":"closed","template":"","meta":{"_uag_custom_page_level_css":"","_citadela_hide_page_title":"1","_citadela_remove_header_space":"1","_citadela_custom_class":"","_citadela_half_map_provider":"","_citadela_half_map_theme":"","_citadela_half_map_themeOSM":"","_citadela_half_map_customTheme":"","_citadela_half_map_dataType":"","_citadela_half_map_dynamicTrack":false,"_citadela_half_map_trackColor":"","_citadela_half_map_trackEndpointsColor":"","_citadela_half_map_filterCategory":"","_citadela_half_map_filterLocation":"","_citadela_half_map_filterFeatured":false,"_citadela_half_map_noDataBehavior":"empty-map","_citadela_half_map_noDataText":"","_citadela_half_map_clusterGridSize":80,"_citadela_header":false,"_citadela_header_over_content":false,"_citadela_header_text_color":"","_citadela_header_logo":[],"_citadela_header_bg_image":[],"_citadela_header_bg_position":{"x":0.5,"y":0.5},"_citadela_header_bg_size":"cover","_citadela_header_bg_repeat":"no-repeat","_citadela_header_bg_fixed":false,"_citadela_header_bg_color":"","_citadela_header_bg_image_overlay":"","_citadela_header_transparent_bg":false,"_citadela_content_width":"wide","_citadela_half_layout_position":"","footnotes":""},"class_list":["post-59457","page","type-page","status-publish","hentry"],"uagb_featured_image_src":{"full":false,"thumbnail":false,"medium":false,"medium_large":false,"large":false,"1536x1536":false,"2048x2048":false,"trp-custom-language-flag":false,"citadela_item_thumbnail":false,"woocommerce_thumbnail":false,"woocommerce_single":false,"woocommerce_gallery_thumbnail":false,"citadela_service":false},"uagb_author_info":{"display_name":"Team Nodengo","author_link":"https:\/\/nodengo.com\/fr\/author\/nodengo-team\/"},"uagb_comment_info":0,"uagb_excerpt":"Avoid the hassle of waiting in taxi queues when you arrive, opt for a convenient and comfortable private vehicle transfer instead. Prearrange your transfer to your hotel or the city [&hellip;]","_links":{"self":[{"href":"https:\/\/nodengo.com\/fr\/wp-json\/wp\/v2\/pages\/59457","targetHints":{"allow":["GET"]}}],"collection":[{"href":"https:\/\/nodengo.com\/fr\/wp-json\/wp\/v2\/pages"}],"about":[{"href":"https:\/\/nodengo.com\/fr\/wp-json\/wp\/v2\/types\/page"}],"author":[{"embeddable":true,"href":"https:\/\/nodengo.com\/fr\/wp-json\/wp\/v2\/users\/249"}],"replies":[{"embeddable":true,"href":"https:\/\/nodengo.com\/fr\/wp-json\/wp\/v2\/comments?post=59457"}],"version-history":[{"count":0,"href":"https:\/\/nodengo.com\/fr\/wp-json\/wp\/v2\/pages\/59457\/revisions"}],"wp:attachment":[{"href":"https:\/\/nodengo.com\/fr\/wp-json\/wp\/v2\/media?parent=59457"}],"curies":[{"name":"wp","href":"https:\/\/api.w.org\/{rel}","templated":true}]}}