{"id":55264,"date":"2022-09-18T15:41:00","date_gmt":"2022-09-18T13:41:00","guid":{"rendered":"https:\/\/nodengo.com\/?page_id=55264"},"modified":"2025-12-09T15:43:23","modified_gmt":"2025-12-09T14:43:23","slug":"restaurants-1-promote-restaurant","status":"publish","type":"page","link":"https:\/\/nodengo.com\/fr\/hospitality-network\/restaurants-1-promote-restaurant\/","title":{"rendered":"Restaurants &#8211; 1 efficient way to promote your restaurant"},"content":{"rendered":"<!-- Flexy Breadcrumb -->\r\n\t\t\t<div class=\"fbc fbc-page\">\r\n\r\n\t\t\t\t<!-- Breadcrumb wrapper -->\r\n\t\t\t\t<div class=\"fbc-wrap\">\r\n\r\n\t\t\t\t\t<!-- Ordered list-->\r\n\t\t\t\t\t<ol class=\"fbc-items\" itemscope itemtype=\"https:\/\/schema.org\/BreadcrumbList\">\r\n\t\t\t\t\t\t            <li itemprop=\"itemListElement\" itemscope itemtype=\"https:\/\/schema.org\/ListItem\">\r\n                <span itemprop=\"name\">\r\n                    <!-- Home Link -->\r\n                    <a itemprop=\"item\" href=\"https:\/\/nodengo.com\/fr\/\">\r\n                    \r\n                                                    <i class=\"fa fa-home\" aria-hidden=\"true\"><\/i>Home                    <\/a>\r\n                <\/span>\r\n                <meta itemprop=\"position\" content=\"1\" \/><!-- Meta Position-->\r\n             <\/li><li><span class=\"fbc-separator\">\/<\/span><\/li><li class=\"active\" itemprop=\"itemListElement\" itemscope itemtype=\"https:\/\/schema.org\/ListItem\"><span itemprop=\"name\" title=\"Best Travel Blog\">Best Travel Blog<\/span><meta itemprop=\"position\" content=\"2\" \/><\/li>\t\t\t\t\t<\/ol>\r\n\t\t\t\t\t<div class=\"clearfix\"><\/div>\r\n\t\t\t\t<\/div>\r\n\t\t\t<\/div>\r\n\t\t\t\n\n\n\n<div class=\"wp-block-citadela-blocks-custom-container citadela-block-custom-container size-wide bg-type-color inside-space-none has-bg\" style=\"background-color:rgba(248, 248, 248, 1)\"><div class=\"inner-holder\">\n<figure class=\"wp-block-gallery has-nested-images columns-default is-cropped wp-block-gallery-2 is-layout-flex wp-block-gallery-is-layout-flex\">\n<figure class=\"wp-block-image size-large\"><img decoding=\"async\" width=\"640\" height=\"427\" data-id=\"55532\" src=\"https:\/\/nodengo.com\/wp-content\/uploads\/people-having-drink-at-daytime.jpg\" alt=\"\" class=\"wp-image-55532\" title=\"\" srcset=\"https:\/\/nodengo.com\/wp-content\/uploads\/people-having-drink-at-daytime.jpg 640w, https:\/\/nodengo.com\/wp-content\/uploads\/people-having-drink-at-daytime-150x100.jpg 150w, https:\/\/nodengo.com\/wp-content\/uploads\/people-having-drink-at-daytime-300x200.jpg 300w, https:\/\/nodengo.com\/wp-content\/uploads\/people-having-drink-at-daytime-18x12.jpg 18w\" sizes=\"(max-width: 640px) 100vw, 640px\" \/><\/figure>\n\n\n\n<figure class=\"wp-block-image size-large\"><img decoding=\"async\" width=\"1024\" height=\"576\" data-id=\"31049\" src=\"https:\/\/nodengo.com\/wp-content\/uploads\/restaurant-dp-02-1024x576.jpg\" alt=\"Restaurants header Nodengo.com\" class=\"wp-image-31049\" title=\"\" srcset=\"https:\/\/nodengo.com\/wp-content\/uploads\/restaurant-dp-02-1024x576.jpg 1024w, https:\/\/nodengo.com\/wp-content\/uploads\/restaurant-dp-02-150x84.jpg 150w, https:\/\/nodengo.com\/wp-content\/uploads\/restaurant-dp-02-900x506.jpg 900w, https:\/\/nodengo.com\/wp-content\/uploads\/restaurant-dp-02-300x169.jpg 300w, https:\/\/nodengo.com\/wp-content\/uploads\/restaurant-dp-02-768x432.jpg 768w, https:\/\/nodengo.com\/wp-content\/uploads\/restaurant-dp-02-1536x864.jpg 1536w, https:\/\/nodengo.com\/wp-content\/uploads\/restaurant-dp-02-18x10.jpg 18w, https:\/\/nodengo.com\/wp-content\/uploads\/restaurant-dp-02.jpg 1920w\" sizes=\"(max-width: 1024px) 100vw, 1024px\" \/><\/figure>\n\n\n\n<figure class=\"wp-block-image size-large\"><img decoding=\"async\" width=\"650\" height=\"400\" data-id=\"8150\" src=\"https:\/\/nodengo.com\/wp-content\/uploads\/Restaurants-HCWY.jpg\" alt=\"Restaurants HCWY\" class=\"wp-image-8150\" title=\"\" srcset=\"https:\/\/nodengo.com\/wp-content\/uploads\/Restaurants-HCWY.jpg 650w, https:\/\/nodengo.com\/wp-content\/uploads\/Restaurants-HCWY-150x92.jpg 150w, https:\/\/nodengo.com\/wp-content\/uploads\/Restaurants-HCWY-300x185.jpg 300w, https:\/\/nodengo.com\/wp-content\/uploads\/Restaurants-HCWY-16x10.jpg 16w\" sizes=\"(max-width: 650px) 100vw, 650px\" \/><\/figure>\n<\/figure>\n\n\n\n<p class=\"has-text-align-right\"><i class=\"fas fa-user\"><\/i> <a href=\"\/fr\/partner-help\/\">Partenaires<\/a> | <i class=\"fas fa-pen\"><\/i> <a href=\"\/fr\/partner-help\/#editors\">\u00c9diteurs<\/a> | <i class=\"fas fa-question\"><\/i> <a href=\"\/fr\/partner-help\/\">Aide<\/a> | <i class=\"fas fa-id-card\"><\/i> <a href=\"https:\/\/nodengo.com\/fr\/parther-help\/-28\/\">Contact<\/a> | <i class=\"fas fa-list\"><\/i> <a href=\"\/fr\/-3\/\">Compte <\/a><\/p>\n<\/div><\/div>\n\n\n\n<div class=\"wp-block-citadela-blocks-custom-container citadela-block-custom-container size-wide bg-type-none inside-space-none\"><div class=\"inner-holder\">\n<div class=\"wp-block-columns is-layout-flex wp-container-core-columns-is-layout-9d6595d7 wp-block-columns-is-layout-flex\">\n<div class=\"wp-block-column is-layout-flow wp-block-column-is-layout-flow\" style=\"flex-basis:27%\">\n<h6 class=\"wp-block-heading\">Options disponibles<\/h6>\n\n\n\n<h3 class=\"wp-block-heading\"><strong>CAT\u00c9GORIE:<\/strong><\/h3>\n\n\n\n<h3 class=\"wp-block-heading\">Restaurants<\/h3>\n\n\n\n<p><strong>R\u00e9f\u00e9rencement:<\/strong>&nbsp;<a href=\"https:\/\/nodengo.com\/fr\/-2\/\">R\u00e9f\u00e9rencez votre \u00e9tablissement<\/a><\/p>\n\n\n\n<p><strong>Plus d'info&nbsp;<\/strong><a href=\"https:\/\/nodengo.com\/fr\/-33\/hospitality-and-services-provider\/\" data-type=\"link\" data-id=\"https:\/\/nodengo.com\/en\/hospitality-network\/hospitality-and-services-provider\/\">Pr\u00e9sentation<\/a><\/p>\n\n\n\n<p><strong>forfaits:&nbsp;<\/strong><a href=\"https:\/\/nodengo.com\/fr\/plans-and-features\/\" data-type=\"page\" data-id=\"80743\">Voir nos forfaits<\/a><\/p>\n\n\n\n<p><strong>S'inscrire:&nbsp;<\/strong><a href=\"\/fr\/-2\/\">Rejoignez-nous <\/a><\/p>\n\n\n\n<p><strong>Evaluation :<\/strong>&nbsp;<a href=\"https:\/\/nodengo.com\/fr\/-33\/-4\/\" data-type=\"link\" data-id=\"https:\/\/nodengo.com\/en\/hospitality-network\/reviews\/\">Faites \u00e9valuer votre \u00e9tablissement<\/a><\/p>\n\n\n\n<p><strong>Publicit\u00e9<\/strong>&nbsp;<a href=\"http:\/\/ads.nodengo.com\/fr\" target=\"_blank\" rel=\"noreferrer noopener\">Voir nos options publicitaires<\/a><\/p>\n\n\n\n<p><strong>Directives de publication&nbsp;<\/strong><a href=\"https:\/\/nodengo.com\/fr\/directives-de-publication\/\">Ici<\/a><\/p>\n<\/div>\n\n\n\n<div class=\"wp-block-column is-layout-flow wp-block-column-is-layout-flow\" style=\"flex-basis:75%\">\n<p class=\"has-medium-font-size\">Propri\u00e9taires et exploitants de restaurants<\/p>\n\n\n\n<div class=\"wp-block-columns is-layout-flex wp-container-core-columns-is-layout-9d6595d7 wp-block-columns-is-layout-flex\">\n<div class=\"wp-block-column is-layout-flow wp-block-column-is-layout-flow\" style=\"flex-basis:33.33%\">\n<p><figure class=\"wp-block-image size-full is-resized\"><img decoding=\"async\" width=\"289\" height=\"367\" src=\"https:\/\/nodengo.com\/wp-content\/uploads\/Head-Chef-Restaurant-Header.jpg\" alt=\"Head Chef Restaurant Header\" class=\"wp-image-19907\" style=\"width:187px;height:237px\" title=\"\" srcset=\"https:\/\/nodengo.com\/wp-content\/uploads\/Head-Chef-Restaurant-Header.jpg 289w, https:\/\/nodengo.com\/wp-content\/uploads\/Head-Chef-Restaurant-Header-118x150.jpg 118w, https:\/\/nodengo.com\/wp-content\/uploads\/Head-Chef-Restaurant-Header-236x300.jpg 236w, https:\/\/nodengo.com\/wp-content\/uploads\/Head-Chef-Restaurant-Header-9x12.jpg 9w\" sizes=\"(max-width: 289px) 100vw, 289px\" \/><\/figure><\/p>\n<\/div>\n\n\n\n<div class=\"wp-block-column is-layout-flow wp-block-column-is-layout-flow\" style=\"flex-basis:66.66%\">\n<p>En tant que restaurateur et\/ou exploitant, vous vous adressez principalement \u00e0 la client\u00e8le locale, qui vient visiter votre \u00e9tablissement jour apr\u00e8s jour, votre \u00e9tablissement est c\u00e9l\u00e8bre dans votre ville, et tout le monde en ville en raffole.<\/p>\n\n\n\n<p>Notre site Web vise \u00e0 fournir aux visiteurs potentiels des informations pr\u00e9cises, impartiales et \u00e0 jour sur la ville qu'ils envisagent de visiter.<\/p>\n<\/div>\n<\/div>\n\n\n\n<p>Nous sommes un groupe de professionnels de l'h\u00f4tellerie locale, vivant dans votre quartier et pouvons parler \u00abprofessionnellement\u00bb au monde entier de votre \u00e9tablissement.<\/p>\n\n\n\n<p>Nous nous sommes fix\u00e9s pour but d'\u00eatre le no 1 des informations sur les destinations dans le monde, en fournissant des critiques impartiales, professionnelles et pr\u00e9cises sur les \u00e9tablissements locaux fournies par nos r\u00e9dacteurs locaux.<\/p>\n\n\n\n<p>Parlez-leur de vous pendant qu'ils pr\u00e9parent leurs vacances.  Notre site est d\u00e9di\u00e9 \u00e0 parler des meilleurs endroits avant que les clients ne r\u00e9servent leur voyage et ne planifient leurs vacances, d'o\u00f9 notre nom \"Know then Go\"<\/p>\n\n\n\n<p>Voici quelques-unes des fonctionnalit\u00e9s que nous proposons sur les pages d\u00e9di\u00e9es aux villes<\/p>\n\n\n\n<ul class=\"wp-block-list\">\n<li>Un bref r\u00e9sum\u00e9 de la r\u00e9gion, avec les points saillants des lieux importants et un blog sur la ville, \u00e9dit\u00e9 par nos r\u00e9dacteurs locaux.<\/li>\n\n\n\n<li>Un compte rendu des meilleurs restaurants de la ville, fourni par nos r\u00e9dacteurs locaux.<\/li>\n\n\n\n<li>Liste des restaurants et recommandations<\/li>\n\n\n\n<li>Informations sur les loisirs et les activit\u00e9s de plein air.<\/li>\n\n\n\n<li>Guides d'activit\u00e9s telles que les arts et la culture, y compris les mus\u00e9es, les th\u00e9\u00e2tres et autres attractions<\/li>\n\n\n\n<li>Cartes et guides<\/li>\n\n\n\n<li>Information sur les transports publics<\/li>\n\n\n\n<li>Information sur le(s) A\u00e9roport(s)<\/li>\n<\/ul>\n\n\n\n<h3 class=\"wp-block-heading has-text-align-center has-text-color\" style=\"color:#1c4e3c\">Rejoignez-nous, ajoutez votre \u00e9tablissement \u00e0 notre\u00a0site\u00a0GRATUITEMENT<\/h3>\n\n\n\n<div class=\"wp-block-buttons is-layout-flex wp-block-buttons-is-layout-flex\">\n<div class=\"wp-block-button has-custom-width wp-block-button__width-100 is-style-outline is-style-outline--3\"><a class=\"wp-block-button__link has-white-color has-text-color has-link-color wp-element-button\" href=\"\/fr\/-2\/\">Enregistrez votre \u00e9tablissement<\/a><\/div>\n<\/div>\n<\/div>\n<\/div>\n<\/div><\/div>\n\n\n<div class=\"wp-block-image is-resized\">\n<figure class=\"aligncenter size-full\"><img decoding=\"async\" width=\"300\" height=\"236\" src=\"https:\/\/nodengo.com\/wp-content\/uploads\/headchefrestlist-300x236-1.jpg\" alt=\"\" class=\"wp-image-54704\" title=\"\" srcset=\"https:\/\/nodengo.com\/wp-content\/uploads\/headchefrestlist-300x236-1.jpg 300w, https:\/\/nodengo.com\/wp-content\/uploads\/headchefrestlist-300x236-1-150x118.jpg 150w, https:\/\/nodengo.com\/wp-content\/uploads\/headchefrestlist-300x236-1-15x12.jpg 15w\" sizes=\"(max-width: 300px) 100vw, 300px\" \/><\/figure>\n<\/div>\n\n\n<div class=\"wp-block-citadela-blocks-custom-container citadela-block-custom-container size-content bg-type-none inside-space-none\"><div class=\"inner-holder\">\n<p class=\"has-medium-font-size\">UNE NOUVELLE FA\u00c7ON DE PUBLIER DES AVIS<\/p>\n\n\n\n<p class=\"has-small-font-size\">Pour votre \u00e9tablissement, nous vous proposons une alternative et une nouvelle fa\u00e7on d'obtenir votre <strong>restaurant<\/strong>&nbsp;promu<\/p>\n\n\n\n<p>En tant que restaurateur, vous savez \u00e0 quel point il est difficile d'avoir des commentaires \u00abpr\u00e9cis\u00bb sur l'internet<\/p>\n\n\n\n<p>Vous essayez d\u2019attirer des touristes et de proposer une \u00abcuisine locale\u00bb et des sp\u00e9cialit\u00e9s r\u00e9gionales que vous ma\u00eetrisez, mais malheureusement votre restaurant a \u00e9t\u00e9 mal not\u00e9 car une personne \u00e9trang\u00e8re \u00e0 la tradition et aux sp\u00e9cialit\u00e9s culinaires de la r\u00e9gion ne les a  pas comprises ou appr\u00e9ci\u00e9es.<\/p>\n\n\n\n<p>Que diriez-vous d'\u00eatre \u00e9valu\u00e9 par un \u00e9diteur \u00ablocal\u00bb, il vit dans votre ville \/ r\u00e9gion, il comprend la cuisine et sait \u00e0 quoi ressemble un plat local, son go\u00fbt et comprend sa pr\u00e9sentation<\/p>\n\n\n\n<p>Cela ne garantit pas une bonne \u00abcritique\u00bb, mais nous pensons qu'il serait  pr\u00e9f\u00e9rable que de laisser le soin aux \u00abcritiques gastronomiques occasionnels\u00bb, de juger votre \u00e9tablissement et donnera une description plus fid\u00e8le de celui-ci , nous ne pr\u00e9disons pas qu'il sera au go\u00fbt de tout le monde. Juste que l'\u00e9valuation sera plus en phase avec ce que vous proposez.<\/p>\n\n\n\n<p>Ne vous m\u00e9prenez pas, nous ne disons pas que la plupart des commentaires n'ont pas une certaine exactitude ou validit\u00e9, nous disons simplement, ce qui pla\u00eet \u00e0 l'un, ne pla\u00eet pas n\u00e9cessairement \u00e0 l'autre. nous voulons proposer une alternative \u00e0 ces revues \"amateurs\", nous sommes professionnels, nous faisons la m\u00eame chose que vous.<\/p>\n\n\n\n<p>Notre mission est de corriger ces probl\u00e8mes en offrant aux restaurateurs et aux professionnels du tourisme une autre mani\u00e8re de faire conna\u00eetre leur \u00e9tablissement au public.<\/p>\n\n\n\n<p>Nous sommes diff\u00e9rents et nous ne pensons pas qu\u2019il faille \u00eatre obligatoirement p\u00e9nalis\u00e9 quand quelque chose ne va pas. Nous pensons que le syst\u00e8me d\u2019\u00e9valuation de voyages aujourd\u2019hui devrait \u00eatre consid\u00e9rablement am\u00e9lior\u00e9.<\/p>\n\n\n\n<h3 class=\"wp-block-heading\">Ne tardez pas. Ayez votre \u00e9tablissement professionnellement <strong><a href=\"https:\/\/nodengo.com\/fr\/-29\/-24\/geneva-reviews-gva\/\" type=\"page\" id=\"54509\">\u00c9valu\u00e9<\/a><\/strong> maintenant<\/h3>\n<\/div><\/div>","protected":false},"excerpt":{"rendered":"","protected":false},"author":249,"featured_media":0,"parent":54134,"menu_order":0,"comment_status":"closed","ping_status":"closed","template":"","meta":{"_uag_custom_page_level_css":"","_citadela_hide_page_title":"1","_citadela_remove_header_space":"1","_citadela_custom_class":"","_citadela_half_map_provider":"","_citadela_half_map_theme":"","_citadela_half_map_themeOSM":"","_citadela_half_map_customTheme":"","_citadela_half_map_dataType":"","_citadela_half_map_dynamicTrack":false,"_citadela_half_map_trackColor":"","_citadela_half_map_trackEndpointsColor":"","_citadela_half_map_filterCategory":"","_citadela_half_map_filterLocation":"","_citadela_half_map_filterFeatured":false,"_citadela_half_map_noDataBehavior":"empty-map","_citadela_half_map_noDataText":"","_citadela_half_map_clusterGridSize":80,"_citadela_header":true,"_citadela_header_over_content":false,"_citadela_header_text_color":"","_citadela_header_logo":[],"_citadela_header_bg_image":[],"_citadela_header_bg_position":{"x":0.5,"y":0.5},"_citadela_header_bg_size":"cover","_citadela_header_bg_repeat":"no-repeat","_citadela_header_bg_fixed":false,"_citadela_header_bg_color":"","_citadela_header_bg_image_overlay":"","_citadela_header_transparent_bg":false,"_citadela_content_width":"","_citadela_half_layout_position":"","footnotes":""},"class_list":["post-55264","page","type-page","status-publish","hentry"],"uagb_featured_image_src":{"full":false,"thumbnail":false,"medium":false,"medium_large":false,"large":false,"1536x1536":false,"2048x2048":false,"trp-custom-language-flag":false,"citadela_item_thumbnail":false,"woocommerce_thumbnail":false,"woocommerce_single":false,"woocommerce_gallery_thumbnail":false,"citadela_service":false},"uagb_author_info":{"display_name":"Team Nodengo","author_link":"https:\/\/nodengo.com\/fr\/author\/nodengo-team\/"},"uagb_comment_info":0,"uagb_excerpt":null,"_links":{"self":[{"href":"https:\/\/nodengo.com\/fr\/wp-json\/wp\/v2\/pages\/55264","targetHints":{"allow":["GET"]}}],"collection":[{"href":"https:\/\/nodengo.com\/fr\/wp-json\/wp\/v2\/pages"}],"about":[{"href":"https:\/\/nodengo.com\/fr\/wp-json\/wp\/v2\/types\/page"}],"author":[{"embeddable":true,"href":"https:\/\/nodengo.com\/fr\/wp-json\/wp\/v2\/users\/249"}],"replies":[{"embeddable":true,"href":"https:\/\/nodengo.com\/fr\/wp-json\/wp\/v2\/comments?post=55264"}],"version-history":[{"count":0,"href":"https:\/\/nodengo.com\/fr\/wp-json\/wp\/v2\/pages\/55264\/revisions"}],"up":[{"embeddable":true,"href":"https:\/\/nodengo.com\/fr\/wp-json\/wp\/v2\/pages\/54134"}],"wp:attachment":[{"href":"https:\/\/nodengo.com\/fr\/wp-json\/wp\/v2\/media?parent=55264"}],"curies":[{"name":"wp","href":"https:\/\/api.w.org\/{rel}","templated":true}]}}