{"id":54712,"date":"2022-09-17T18:39:05","date_gmt":"2022-09-17T16:39:05","guid":{"rendered":"https:\/\/nodengo.com\/?page_id=54712"},"modified":"2024-08-20T10:26:10","modified_gmt":"2024-08-20T08:26:10","slug":"tourism-promote-your-services","status":"publish","type":"page","link":"https:\/\/nodengo.com\/fr\/hospitality-network\/tourism-promote-your-services\/","title":{"rendered":"Tourism Professionals &#8211; 1 new and efficient way to promote your services"},"content":{"rendered":"<!-- Flexy Breadcrumb -->\r\n\t\t\t<div class=\"fbc fbc-page\">\r\n\r\n\t\t\t\t<!-- Breadcrumb wrapper -->\r\n\t\t\t\t<div class=\"fbc-wrap\">\r\n\r\n\t\t\t\t\t<!-- Ordered list-->\r\n\t\t\t\t\t<ol class=\"fbc-items\" itemscope itemtype=\"https:\/\/schema.org\/BreadcrumbList\">\r\n\t\t\t\t\t\t            <li itemprop=\"itemListElement\" itemscope itemtype=\"https:\/\/schema.org\/ListItem\">\r\n                <span itemprop=\"name\">\r\n                    <!-- Home Link -->\r\n                    <a itemprop=\"item\" href=\"https:\/\/nodengo.com\/fr\/\">\r\n                    \r\n                                                    <i class=\"fa fa-home\" aria-hidden=\"true\"><\/i>Home                    <\/a>\r\n                <\/span>\r\n                <meta itemprop=\"position\" content=\"1\" \/><!-- Meta Position-->\r\n             <\/li><li><span class=\"fbc-separator\">\/<\/span><\/li><li class=\"active\" itemprop=\"itemListElement\" itemscope itemtype=\"https:\/\/schema.org\/ListItem\"><span itemprop=\"name\" title=\"Best Travel Blog\">Best Travel Blog<\/span><meta itemprop=\"position\" content=\"2\" \/><\/li>\t\t\t\t\t<\/ol>\r\n\t\t\t\t\t<div class=\"clearfix\"><\/div>\r\n\t\t\t\t<\/div>\r\n\t\t\t<\/div>\r\n\t\t\t\n\n\n\n<div class=\"wp-block-citadela-blocks-custom-container citadela-block-custom-container size-wide bg-type-color inside-space-none has-bg\" style=\"background-color:rgba(248, 248, 248, 1)\"><div class=\"inner-holder\">\n<figure class=\"wp-block-gallery has-nested-images columns-default is-cropped wp-block-gallery-2 is-layout-flex wp-block-gallery-is-layout-flex\">\n<figure class=\"wp-block-image size-large\"><img decoding=\"async\" width=\"300\" height=\"169\" data-id=\"54716\" src=\"https:\/\/nodengo.com\/wp-content\/uploads\/automobile-dp-03-300x169-1.jpg\" alt=\"\" class=\"wp-image-54716\" title=\"\" srcset=\"https:\/\/nodengo.com\/wp-content\/uploads\/automobile-dp-03-300x169-1.jpg 300w, https:\/\/nodengo.com\/wp-content\/uploads\/automobile-dp-03-300x169-1-150x85.jpg 150w, https:\/\/nodengo.com\/wp-content\/uploads\/automobile-dp-03-300x169-1-18x10.jpg 18w\" sizes=\"(max-width: 300px) 100vw, 300px\" \/><\/figure>\n\n\n\n<figure class=\"wp-block-image size-large\"><img decoding=\"async\" width=\"300\" height=\"169\" data-id=\"54717\" src=\"https:\/\/nodengo.com\/wp-content\/uploads\/hotel-dp-08-300x169-1.jpg\" alt=\"\" class=\"wp-image-54717\" title=\"\" srcset=\"https:\/\/nodengo.com\/wp-content\/uploads\/hotel-dp-08-300x169-1.jpg 300w, https:\/\/nodengo.com\/wp-content\/uploads\/hotel-dp-08-300x169-1-150x85.jpg 150w, https:\/\/nodengo.com\/wp-content\/uploads\/hotel-dp-08-300x169-1-18x10.jpg 18w\" sizes=\"(max-width: 300px) 100vw, 300px\" \/><\/figure>\n\n\n\n<figure class=\"wp-block-image size-large\"><img decoding=\"async\" width=\"300\" height=\"169\" data-id=\"54164\" src=\"https:\/\/nodengo.com\/wp-content\/uploads\/others-presentation.jpg\" alt=\"\" class=\"wp-image-54164\" title=\"\" srcset=\"https:\/\/nodengo.com\/wp-content\/uploads\/others-presentation.jpg 300w, https:\/\/nodengo.com\/wp-content\/uploads\/others-presentation-150x85.jpg 150w, https:\/\/nodengo.com\/wp-content\/uploads\/others-presentation-18x10.jpg 18w\" sizes=\"(max-width: 300px) 100vw, 300px\" \/><\/figure>\n<\/figure>\n\n\n\n<p class=\"has-text-align-right\"><i class=\"fas fa-user\"><\/i> <a href=\"\/fr\/partner-help\/\">Partenaires<\/a> | <i class=\"fas fa-pen\"><\/i> <a href=\"\/fr\/partner-help\/#editors\">\u00c9diteurs<\/a> | <i class=\"fas fa-question\"><\/i> <a href=\"\/fr\/partner-help\/\">Aide<\/a> | <i class=\"fas fa-id-card\"><\/i> <a href=\"https:\/\/nodengo.com\/fr\/parther-help\/-28\/\">Contact<\/a> | <i class=\"fas fa-list\"><\/i> <a href=\"\/fr\/-3\/\">Compte <\/a><\/p>\n<\/div><\/div>\n\n\n\n<div class=\"wp-block-citadela-blocks-custom-container citadela-block-custom-container size-wide bg-type-none inside-space-none\"><div class=\"inner-holder\">\n<div class=\"wp-block-columns is-layout-flex wp-container-core-columns-is-layout-9d6595d7 wp-block-columns-is-layout-flex\">\n<div class=\"wp-block-column is-layout-flow wp-block-column-is-layout-flow\" style=\"flex-basis:27%\">\n<h6 class=\"wp-block-heading\">Options disponibles<\/h6>\n\n\n\n<h3 class=\"wp-block-heading\"><strong>CAT\u00c9GORIE:<\/strong><\/h3>\n\n\n\n<h3 class=\"wp-block-heading\">Professionnels du tourisme<\/h3>\n\n\n\n<p><strong>R\u00e9f\u00e9rencement:<\/strong>&nbsp;<a href=\"https:\/\/nodengo.com\/fr\/-2\/\">R\u00e9f\u00e9rencez votre \u00e9tablissement<\/a><\/p>\n\n\n\n<p><strong>Plus d'info&nbsp;<\/strong><a href=\"https:\/\/nodengo.com\/fr\/-33\/hospitality-and-services-provider\/\" data-type=\"link\" data-id=\"https:\/\/nodengo.com\/en\/hospitality-network\/hospitality-and-services-provider\/\">Pr\u00e9sentation<\/a><\/p>\n\n\n\n<p><strong>forfaits:\u00a0<\/strong><a href=\"https:\/\/nodengo.com\/fr\/plans-and-features\/\" data-type=\"page\" data-id=\"80743\">Voir nos forfaits<\/a><\/p>\n\n\n\n<p><strong>S'inscrire:\u00a0<\/strong><a href=\"\/fr\/-2\/\">Rejoignez-nous <\/a><\/p>\n\n\n\n<p><strong>Evaluation :<\/strong>&nbsp;<a href=\"https:\/\/nodengo.com\/fr\/-33\/-4\/\" data-type=\"link\" data-id=\"https:\/\/nodengo.com\/en\/hospitality-network\/reviews\/\">Faites \u00e9valuer votre \u00e9tablissement<\/a><\/p>\n\n\n\n<p><strong>Publicit\u00e9<\/strong>&nbsp;<a href=\"http:\/\/ads.nodengo.com\/fr\" target=\"_blank\" rel=\"noreferrer noopener\">Voir nos options publicitaires<\/a><\/p>\n\n\n\n<p><strong>Directives de publication&nbsp;<\/strong><a href=\"https:\/\/nodengo.com\/fr\/directives-de-publication\/\">Ici<\/a><\/p>\n<\/div>\n\n\n\n<div class=\"wp-block-column is-layout-flow wp-block-column-is-layout-flow\" style=\"flex-basis:75%\">\n<p class=\"has-medium-font-size\">Professionnels du tourisme - Propri\u00e9taires et exploitants<\/p>\n\n\n\n<div class=\"wp-block-columns is-layout-flex wp-container-core-columns-is-layout-9d6595d7 wp-block-columns-is-layout-flex\">\n<div class=\"wp-block-column is-layout-flow wp-block-column-is-layout-flow\" style=\"flex-basis:33.33%\">\n<figure class=\"wp-block-image size-full\"><img decoding=\"async\" width=\"167\" height=\"250\" src=\"https:\/\/nodengo.com\/wp-content\/uploads\/listing-toplogo1.jpg\" alt=\"tourism professionals\" class=\"wp-image-54718\" title=\"\" srcset=\"https:\/\/nodengo.com\/wp-content\/uploads\/listing-toplogo1.jpg 167w, https:\/\/nodengo.com\/wp-content\/uploads\/listing-toplogo1-100x150.jpg 100w, https:\/\/nodengo.com\/wp-content\/uploads\/listing-toplogo1-8x12.jpg 8w\" sizes=\"(max-width: 167px) 100vw, 167px\" \/><\/figure>\n<\/div>\n\n\n\n<div class=\"wp-block-column is-layout-flow wp-block-column-is-layout-flow\" style=\"flex-basis:66.66%\">\n<p>Peu importe l'entreprise professionnelle du tourisme que vous exploitez et o\u00f9, vous savez \u00e0 quel point il est difficile de faire conna\u00eetre vos services du public<\/p>\n\n\n\n<p>Vous pouvez rejoindre les \"principaux\" sites de r\u00e9f\u00e9rencement, mais vous serez perdu au milieu de milliers de sites et de millions d'autres fournisseurs de services<\/p>\n\n\n\n<p>Par contre, si vous souhaitez cibler un public qui envisage de visiter votre ville ou votre r\u00e9gion, et ce, avant qu'il ne monte dans l'avion \/ train, soyez r\u00e9pertori\u00e9 ou mieux encore, soyez examin\u00e9 par nos services.<\/p>\n<\/div>\n<\/div>\n\n\n\n<p>Nous sommes un groupe de professionnels de l'h\u00f4tellerie locale, vivant dans votre quartier et pouvons parler \u00abprofessionnellement\u00bb au monde entier de votre \u00e9tablissement.<\/p>\n\n\n\n<p>Nous nous sommes fix\u00e9s pour but d'\u00eatre le no 1 des informations sur les destinations dans le monde, en fournissant des critiques impartiales, professionnelles et pr\u00e9cises sur les \u00e9tablissements locaux fournies par nos r\u00e9dacteurs locaux.<\/p>\n\n\n\n<p>Pour tout le monde, le temps de vacances a diminu\u00e9 au fil des ans.  Tandis que la plupart des gens font des voyages plus courts, le plus souvent, cela ne laisse q'un temps limit\u00e9 pour visiter une ville \/ r\u00e9gion.<\/p>\n\n\n\n<p>Vous pourriez avoir les attractions les plus \u00e9tonnantes ou offrir des services exceptionnels. cela n'aide pas si vous ne pouvez pas \u00eatre trouv\u00e9<\/p>\n\n\n\n<p>Parlez-leur de vous pendant qu'ils pr\u00e9parent leurs vacances.  Notre site est d\u00e9di\u00e9 \u00e0 parler des meilleurs endroits avant que les clients ne r\u00e9servent leur voyage et ne planifient leurs vacances, d'o\u00f9 notre nom \"Know then Go\"<\/p>\n\n\n\n<p>Voici quelques-unes des fonctionnalit\u00e9s que nous proposons sur les pages d\u00e9di\u00e9es aux villes<\/p>\n\n\n\n<ul class=\"wp-block-list\">\n<li>Un bref r\u00e9sum\u00e9 de la r\u00e9gion, avec les points saillants des lieux importants et un blog sur la ville, \u00e9dit\u00e9 par nos r\u00e9dacteurs locaux.<\/li>\n\n\n\n<li>Un compte rendu des meilleures attractions de la ville, fourni par nos r\u00e9dacteurs locaux.<\/li>\n\n\n\n<li>Recommandations d'attractions et de choses \u00e0 faire avec liens<\/li>\n\n\n\n<li>Informations sur les loisirs et les activit\u00e9s de plein air.<\/li>\n\n\n\n<li>Guides d'activit\u00e9s telles que les arts et la culture, y compris les mus\u00e9es, les th\u00e9\u00e2tres et autres attractions<\/li>\n\n\n\n<li>Cartes et guides<\/li>\n\n\n\n<li>Information sur les transports publics<\/li>\n\n\n\n<li>Information sur le(s) A\u00e9roport(s)<\/li>\n<\/ul>\n\n\n\n<h3 class=\"wp-block-heading has-text-align-center has-text-color\" style=\"color:#1c4e3c\">Join Us, add your establishment to our\u00a0website\u00a0for FREE<\/h3>\n\n\n\n<div class=\"wp-block-buttons is-layout-flex wp-block-buttons-is-layout-flex\">\n<div class=\"wp-block-button has-custom-width wp-block-button__width-100 is-style-outline is-style-outline--3\"><a class=\"wp-block-button__link wp-element-button\" href=\"\/fr\/-2\/\">Enregistrez votre \u00e9tablissement<\/a><\/div>\n<\/div>\n\n\n\n<div style=\"height:23px\" aria-hidden=\"true\" class=\"wp-block-spacer\"><\/div>\n<\/div>\n<\/div>\n<\/div><\/div>\n\n\n<div class=\"wp-block-image\">\n<figure class=\"aligncenter size-full\"><img decoding=\"async\" width=\"167\" height=\"250\" src=\"https:\/\/nodengo.com\/wp-content\/uploads\/listing-toplogo1.jpg\" alt=\"\" class=\"wp-image-54718\" title=\"\" srcset=\"https:\/\/nodengo.com\/wp-content\/uploads\/listing-toplogo1.jpg 167w, https:\/\/nodengo.com\/wp-content\/uploads\/listing-toplogo1-100x150.jpg 100w, https:\/\/nodengo.com\/wp-content\/uploads\/listing-toplogo1-8x12.jpg 8w\" sizes=\"(max-width: 167px) 100vw, 167px\" \/><figcaption class=\"wp-element-caption\"> <\/figcaption><\/figure>\n<\/div>\n\n\n<div class=\"wp-block-citadela-blocks-custom-container citadela-block-custom-container size-wide bg-type-none inside-space-none\"><div class=\"inner-holder\">\n<p class=\"has-medium-font-size\">UNE NOUVELLE FA\u00c7ON DE PUBLIER DES AVIS<\/p>\n\n\n\n<p><br>En tant que professionnels du tourisme, vous savez \u00e0 quel point il est difficile d'avoir des commentaires \"pr\u00e9cis\" sur le net.<\/p>\n\n\n\n<p>Comme nous le savons tous, les clients ont une version plut\u00f4t simplifi\u00e9e de ce que c'est que de g\u00e9rer une entreprise ax\u00e9e sur le tourisme, non pas que nous voulions qu'ils la comprennent pleinement, ce n'est ni leur place ni leur r\u00f4le.<\/p>\n\n\n\n<p>Mais vous devez admettre qu'il est assez frustrant qu'apr\u00e8s avoir tout essay\u00e9 pour plaire \u00e0 un client, il s'en prend \u00e0 vous avec ses \u00abcommentaires\u00bb, souvent sur des probl\u00e8mes pour lesquels vous n'aviez aucun contr\u00f4le.<\/p>\n\n\n\n<p>Pire encore, ils ne vous disent pas ce qui ne leur pla\u00eet pas pendant leur s\u00e9jour (et souvent avec une solution facile \u00e0 r\u00e9soudre) mais ils se d\u00e9cha\u00eenent en ligne.<\/p>\n\n\n\n<p>Ne vous m\u00e9prenez pas, nous ne disons pas que la plupart des commentaires sont inexactes ou n'ont pas de validit\u00e9, nous disons simplement que ce qui pla\u00eet \u00e0 l\u2019un ne pla\u00eet pas n\u00e9cessairement \u00e0 l\u2019autre.<\/p>\n\n\n\n<p>Notre mission est de corriger ces probl\u00e8mes en offrant aux professionnels du tourisme une autre mani\u00e8re de faire conna\u00eetre leur \u00e9tablissement au public.<\/p>\n\n\n\n<p>Ces avis \"pseudo\" sont compl\u00e9t\u00e9s par des personnes qui n'ont pas les connaissances et la perspicacit\u00e9 qui accompagnent le travail dans l'industrie du tourisme, nous voulons offrir une alternative \u00e0 ces avis \"amateurs\", nous sommes professionnels, nous faisons la m\u00eame chose que vous.<\/p>\n\n\n\n<p>Nous sommes diff\u00e9rents et nous ne pensons pas qu\u2019il faille \u00eatre obligatoirement p\u00e9nalis\u00e9 quand quelque chose ne va pas. Nous pensons que le syst\u00e8me d\u2019\u00e9valuation de voyages aujourd\u2019hui devrait \u00eatre consid\u00e9rablement am\u00e9lior\u00e9.<\/p>\n\n\n\n<h3 class=\"wp-block-heading\">Ne tardez pas. Ayez votre \u00e9tablissement professionnellement&nbsp;<a href=\"https:\/\/nodengo.com\/fr\/-29\/-24\/geneva-reviews-gva\/\" type=\"page\" id=\"54509\"><strong>\u00c9valu\u00e9<\/strong>&nbsp;<\/a>maintenant<\/h3>\n<\/div><\/div>\n\n\n\n<h3 class=\"wp-block-heading\">Nous proposons \u00e9galement des <a href=\"http:\/\/ads.nodengo.com\/fr\">offres  <\/a><\/h3>\n\n\n\n<figure class=\"wp-block-image size-full\"><img decoding=\"async\" width=\"970\" height=\"90\" src=\"https:\/\/nodengo.com\/wp-content\/uploads\/space-avail-970X90.png\" alt=\"advertising banner 970x90\" class=\"wp-image-10582\" title=\"\" srcset=\"https:\/\/nodengo.com\/wp-content\/uploads\/space-avail-970X90.png 970w, https:\/\/nodengo.com\/wp-content\/uploads\/space-avail-970X90-150x14.png 150w, https:\/\/nodengo.com\/wp-content\/uploads\/space-avail-970X90-900x84.png 900w, https:\/\/nodengo.com\/wp-content\/uploads\/space-avail-970X90-300x28.png 300w, https:\/\/nodengo.com\/wp-content\/uploads\/space-avail-970X90-768x71.png 768w, https:\/\/nodengo.com\/wp-content\/uploads\/space-avail-970X90-16x1.png 16w\" sizes=\"(max-width: 970px) 100vw, 970px\" \/><\/figure>","protected":false},"excerpt":{"rendered":"<p>We also offer fully targeted advertising<\/p>","protected":false},"author":249,"featured_media":0,"parent":54134,"menu_order":0,"comment_status":"closed","ping_status":"closed","template":"","meta":{"_uag_custom_page_level_css":"","_citadela_hide_page_title":"1","_citadela_remove_header_space":"1","_citadela_custom_class":"","_citadela_half_map_provider":"","_citadela_half_map_theme":"","_citadela_half_map_themeOSM":"","_citadela_half_map_customTheme":"","_citadela_half_map_dataType":"","_citadela_half_map_dynamicTrack":false,"_citadela_half_map_trackColor":"","_citadela_half_map_trackEndpointsColor":"","_citadela_half_map_filterCategory":"","_citadela_half_map_filterLocation":"","_citadela_half_map_filterFeatured":false,"_citadela_half_map_noDataBehavior":"empty-map","_citadela_half_map_noDataText":"","_citadela_half_map_clusterGridSize":80,"_citadela_header":true,"_citadela_header_over_content":false,"_citadela_header_text_color":"","_citadela_header_logo":{"id":208235,"url":"https:\/\/nodengo.com\/wp-content\/uploads\/Nodengo-logo-nhn.jpg","size":{"width":316,"height":75}},"_citadela_header_bg_image":[],"_citadela_header_bg_position":{"x":0.5,"y":0.5},"_citadela_header_bg_size":"cover","_citadela_header_bg_repeat":"no-repeat","_citadela_header_bg_fixed":false,"_citadela_header_bg_color":"","_citadela_header_bg_image_overlay":"","_citadela_header_transparent_bg":false,"_citadela_content_width":"","_citadela_half_layout_position":"","footnotes":""},"class_list":["post-54712","page","type-page","status-publish","hentry"],"uagb_featured_image_src":{"full":false,"thumbnail":false,"medium":false,"medium_large":false,"large":false,"1536x1536":false,"2048x2048":false,"trp-custom-language-flag":false,"citadela_item_thumbnail":false,"woocommerce_thumbnail":false,"woocommerce_single":false,"woocommerce_gallery_thumbnail":false,"citadela_service":false},"uagb_author_info":{"display_name":"Team Nodengo","author_link":"https:\/\/nodengo.com\/fr\/author\/nodengo-team\/"},"uagb_comment_info":0,"uagb_excerpt":"We also offer fully targeted advertising","_links":{"self":[{"href":"https:\/\/nodengo.com\/fr\/wp-json\/wp\/v2\/pages\/54712","targetHints":{"allow":["GET"]}}],"collection":[{"href":"https:\/\/nodengo.com\/fr\/wp-json\/wp\/v2\/pages"}],"about":[{"href":"https:\/\/nodengo.com\/fr\/wp-json\/wp\/v2\/types\/page"}],"author":[{"embeddable":true,"href":"https:\/\/nodengo.com\/fr\/wp-json\/wp\/v2\/users\/249"}],"replies":[{"embeddable":true,"href":"https:\/\/nodengo.com\/fr\/wp-json\/wp\/v2\/comments?post=54712"}],"version-history":[{"count":0,"href":"https:\/\/nodengo.com\/fr\/wp-json\/wp\/v2\/pages\/54712\/revisions"}],"up":[{"embeddable":true,"href":"https:\/\/nodengo.com\/fr\/wp-json\/wp\/v2\/pages\/54134"}],"wp:attachment":[{"href":"https:\/\/nodengo.com\/fr\/wp-json\/wp\/v2\/media?parent=54712"}],"curies":[{"name":"wp","href":"https:\/\/api.w.org\/{rel}","templated":true}]}}