{"id":54688,"date":"2022-09-17T18:06:17","date_gmt":"2022-09-17T16:06:17","guid":{"rendered":"https:\/\/nodengo.com\/?page_id=54688"},"modified":"2025-12-09T15:42:11","modified_gmt":"2025-12-09T14:42:11","slug":"1-new-way-to-promote-your-hotel","status":"publish","type":"page","link":"https:\/\/nodengo.com\/fr\/hospitality-network\/1-new-way-to-promote-your-hotel\/","title":{"rendered":"H\u00f4tels -1 moyen nouveau et efficace de promouvoir votre h\u00f4tel"},"content":{"rendered":"<!-- Flexy Breadcrumb -->\r\n\t\t\t<div class=\"fbc fbc-page\">\r\n\r\n\t\t\t\t<!-- Breadcrumb wrapper -->\r\n\t\t\t\t<div class=\"fbc-wrap\">\r\n\r\n\t\t\t\t\t<!-- Ordered list-->\r\n\t\t\t\t\t<ol class=\"fbc-items\" itemscope itemtype=\"https:\/\/schema.org\/BreadcrumbList\">\r\n\t\t\t\t\t\t            <li itemprop=\"itemListElement\" itemscope itemtype=\"https:\/\/schema.org\/ListItem\">\r\n                <span itemprop=\"name\">\r\n                    <!-- Home Link -->\r\n                    <a itemprop=\"item\" href=\"https:\/\/nodengo.com\/fr\/\">\r\n                    \r\n                                                    <i class=\"fa fa-home\" aria-hidden=\"true\"><\/i>Home                    <\/a>\r\n                <\/span>\r\n                <meta itemprop=\"position\" content=\"1\" \/><!-- Meta Position-->\r\n             <\/li><li><span class=\"fbc-separator\">\/<\/span><\/li><li class=\"active\" itemprop=\"itemListElement\" itemscope itemtype=\"https:\/\/schema.org\/ListItem\"><span itemprop=\"name\" title=\"Best Travel Blog\">Best Travel Blog<\/span><meta itemprop=\"position\" content=\"2\" \/><\/li>\t\t\t\t\t<\/ol>\r\n\t\t\t\t\t<div class=\"clearfix\"><\/div>\r\n\t\t\t\t<\/div>\r\n\t\t\t<\/div>\r\n\t\t\t\n\n\n\n<div class=\"wp-block-citadela-blocks-custom-container citadela-block-custom-container size-wide bg-type-color inside-space-none has-bg\" style=\"background-color:rgba(248, 248, 248, 1)\"><div class=\"inner-holder\">\n<figure class=\"wp-block-gallery has-nested-images columns-default is-cropped wp-block-gallery-2 is-layout-flex wp-block-gallery-is-layout-flex\">\n<figure class=\"wp-block-image size-large\"><img decoding=\"async\" width=\"300\" height=\"169\" data-id=\"54690\" src=\"https:\/\/nodengo.com\/wp-content\/uploads\/Hotel-Image-Concierge-.jpg\" alt=\"\" class=\"wp-image-54690\" title=\"\" srcset=\"https:\/\/nodengo.com\/wp-content\/uploads\/Hotel-Image-Concierge-.jpg 300w, https:\/\/nodengo.com\/wp-content\/uploads\/Hotel-Image-Concierge--150x85.jpg 150w, https:\/\/nodengo.com\/wp-content\/uploads\/Hotel-Image-Concierge--18x10.jpg 18w\" sizes=\"(max-width: 300px) 100vw, 300px\" \/><\/figure>\n\n\n\n<figure class=\"wp-block-image size-large\"><img decoding=\"async\" width=\"300\" height=\"169\" data-id=\"8148\" src=\"https:\/\/nodengo.com\/wp-content\/uploads\/Hotel-Image-Women-with-luggage.jpg\" alt=\"Hotel Image Women with luggage\" class=\"wp-image-8148\" title=\"\" srcset=\"https:\/\/nodengo.com\/wp-content\/uploads\/Hotel-Image-Women-with-luggage.jpg 300w, https:\/\/nodengo.com\/wp-content\/uploads\/Hotel-Image-Women-with-luggage-150x85.jpg 150w, https:\/\/nodengo.com\/wp-content\/uploads\/Hotel-Image-Women-with-luggage-16x9.jpg 16w\" sizes=\"(max-width: 300px) 100vw, 300px\" \/><\/figure>\n\n\n\n<figure class=\"wp-block-image size-full\"><img decoding=\"async\" width=\"300\" height=\"169\" data-id=\"54692\" src=\"https:\/\/nodengo.com\/wp-content\/uploads\/hotel-dp.jpg\" alt=\"\" class=\"wp-image-54692\" title=\"\" srcset=\"https:\/\/nodengo.com\/wp-content\/uploads\/hotel-dp.jpg 300w, https:\/\/nodengo.com\/wp-content\/uploads\/hotel-dp-150x85.jpg 150w, https:\/\/nodengo.com\/wp-content\/uploads\/hotel-dp-18x10.jpg 18w\" sizes=\"(max-width: 300px) 100vw, 300px\" \/><\/figure>\n<\/figure>\n\n\n\n<p class=\"has-text-align-right\"><i class=\"fas fa-user\"><\/i> <a href=\"\/fr\/partner-help\/\">Partenaires<\/a> | <i class=\"fas fa-pen\"><\/i> <a href=\"\/fr\/partner-help\/#editors\">\u00c9diteurs<\/a> | <i class=\"fas fa-question\"><\/i> <a href=\"\/fr\/partner-help\/\">Aide<\/a> | <i class=\"fas fa-id-card\"><\/i> <a href=\"https:\/\/nodengo.com\/fr\/parther-help\/-28\/\">Contact<\/a> | <i class=\"fas fa-list\"><\/i> <a href=\"\/fr\/-3\/\">Compte <\/a><\/p>\n<\/div><\/div>\n\n\n\n<div class=\"wp-block-citadela-blocks-custom-container citadela-block-custom-container size-wide bg-type-none inside-space-none\"><div class=\"inner-holder\">\n<div class=\"wp-block-columns is-layout-flex wp-container-core-columns-is-layout-9d6595d7 wp-block-columns-is-layout-flex\">\n<div class=\"wp-block-column is-layout-flow wp-block-column-is-layout-flow\" style=\"flex-basis:27%\">\n<h6 class=\"wp-block-heading\">Options disponibles<\/h6>\n\n\n\n<h3 class=\"wp-block-heading\"><strong>CAT\u00c9GORIE:<\/strong><\/h3>\n\n\n\n<h3 class=\"wp-block-heading\">H\u00f4tels <\/h3>\n\n\n\n<p><strong>R\u00e9f\u00e9rencement:<\/strong>&nbsp;<a href=\"https:\/\/nodengo.com\/fr\/-2\/\" target=\"_blank\" rel=\"noreferrer noopener\">R\u00e9f\u00e9rencez votre \u00e9tablissement<\/a><\/p>\n\n\n\n<p><strong>Plus d'info&nbsp;<\/strong><a href=\"https:\/\/nodengo.com\/fr\/-33\/hospitality-and-services-provider\/\" data-type=\"link\" data-id=\"https:\/\/nodengo.com\/en\/hospitality-network\/hospitality-and-services-provider\/\">Pr\u00e9sentation<\/a><\/p>\n\n\n\n<p><strong>forfaits:&nbsp;<\/strong><a href=\"https:\/\/nodengo.com\/fr\/plans-and-features\/\" data-type=\"page\" data-id=\"80743\">Voir nos forfaits<\/a><\/p>\n\n\n\n<p><strong>S'inscrire:&nbsp;<\/strong><a href=\"\/fr\/-2\/\">Rejoignez-nous <\/a><\/p>\n\n\n\n<p><strong>Evaluation :<\/strong>&nbsp;<a href=\"https:\/\/nodengo.com\/fr\/-33\/-4\/\" data-type=\"link\" data-id=\"https:\/\/nodengo.com\/en\/hospitality-network\/reviews\/\">Faites \u00e9valuer votre \u00e9tablissement<\/a><\/p>\n\n\n\n<p><strong>Publicit\u00e9<\/strong>&nbsp;<a href=\"http:\/\/ads.nodengo.com\/fr\" target=\"_blank\" rel=\"noreferrer noopener\">Voir nos options publicitaires<\/a><\/p>\n\n\n\n<p><strong>Directives de publication&nbsp;<\/strong><a href=\"https:\/\/nodengo.com\/fr\/directives-de-publication\/\">Ici<\/a><\/p>\n<\/div>\n\n\n\n<div class=\"wp-block-column is-layout-flow wp-block-column-is-layout-flow\" style=\"flex-basis:75%\">\n<p class=\"has-medium-font-size\">H\u00f4tels \u2013 Gestionnaire, propri\u00e9taires et exploitants<\/p>\n\n\n\n<p>Notre site Web vise \u00e0 fournir aux visiteurs potentiels des informations pr\u00e9cises, impartiales et \u00e0 jour sur la ville qu'ils envisagent de visiter.<\/p>\n\n\n\n<p>Nous sommes un groupe de professionnels de l'h\u00f4tellerie locale, vivant dans votre quartier et pouvons parler \u00abprofessionnellement\u00bb au monde entier de votre \u00e9tablissement.<\/p>\n\n\n\n<p>Nous nous sommes fix\u00e9s pour but d'\u00eatre le no 1 des informations sur les destinations dans le monde, en fournissant des critiques impartiales, professionnelles et pr\u00e9cises sur les \u00e9tablissements locaux fournies par nos r\u00e9dacteurs locaux.<\/p>\n\n\n\n<p>Parlez-leur de vous pendant qu'ils pr\u00e9parent leurs vacances.  Notre site est d\u00e9di\u00e9 \u00e0 parler des meilleurs endroits avant que les clients ne r\u00e9servent leur voyage et ne planifient leurs vacances, d'o\u00f9 notre nom \"Know then Go\"<\/p>\n\n\n\n<div class=\"wp-block-uagb-inline-notice uagb-dismissable uagb-inline_notice__align-left uagb-block-781a2a3a\"><button class=\"uagb-notice-close-button\" type=\"button\" aria-label=\"Close\"><svg xmlns=\"https:\/\/www.w3.org\/2000\/svg\" viewbox=\"0 0 512 512\"><path d=\"M448 32C483.3 32 512 60.65 512 96V416C512 451.3 483.3 480 448 480H64C28.65 480 0 451.3 0 416V96C0 60.65 28.65 32 64 32H448zM175 208.1L222.1 255.1L175 303C165.7 312.4 165.7 327.6 175 336.1C184.4 346.3 199.6 346.3 208.1 336.1L255.1 289.9L303 336.1C312.4 346.3 327.6 346.3 336.1 336.1C346.3 327.6 346.3 312.4 336.1 303L289.9 255.1L336.1 208.1C346.3 199.6 346.3 184.4 336.1 175C327.6 165.7 312.4 165.7 303 175L255.1 222.1L208.1 175C199.6 165.7 184.4 165.7 175 175C165.7 184.4 165.7 199.6 175 208.1V208.1z\"><\/path><\/svg><\/button><h4 class=\"uagb-notice-title\">Avis de vrais clients<\/h4><div class=\"uagb-notice-text\">\n<p><p><strong>\u00ab Je n'ai pas aim\u00e9 l'h\u00f4tel car il y avait du papier peint fleuri et cela m'emp\u00eachait de dormir \u00bb<\/strong><\/p><p><strong>\u00ab Service horrible, ne pouvait pas avoir les trois lits king size et le jacuzzi, j'avais demand\u00e9 lors de ma r\u00e9servation.<\/strong><\/p><p><strong>\"Ils auraient d\u00fb nous contacter avant d'arriver pour nous informer que l'h\u00f4tel avait d\u00e9m\u00e9nag\u00e9, selon mon GPS, ce n'\u00e9tait pas l\u00e0 o\u00f9 il \u00e9tait cens\u00e9 \u00eatre\" Mauvais service client \"<\/strong><\/p><\/p>\n<\/div><\/div>\n\n\n\n<p>Voici quelques-unes des fonctionnalit\u00e9s que nous proposons sur les pages d\u00e9di\u00e9es aux villes<\/p>\n\n\n\n<ul class=\"wp-block-list\">\n<li>Un bref r\u00e9sum\u00e9 de la r\u00e9gion, avec les points saillants des lieux importants et un blog sur la ville, \u00e9dit\u00e9 par nos r\u00e9dacteurs locaux.<\/li>\n\n\n\n<li>Une revue des meilleurs h\u00f4tels de la ville, fournie par nos r\u00e9dacteurs locaux.<\/li>\n\n\n\n<li>Recommandations d'h\u00f4tels avec des liens Web vers des sites d'h\u00f4tels et de r\u00e9servation<\/li>\n\n\n\n<li>Informations sur les loisirs et les activit\u00e9s de plein air.<\/li>\n\n\n\n<li>Guides d'activit\u00e9s telles que les arts et la culture, y compris les mus\u00e9es, les th\u00e9\u00e2tres et autres attractions<\/li>\n\n\n\n<li>Cartes et guides<\/li>\n\n\n\n<li>Information sur les transports publics<\/li>\n\n\n\n<li>Information sur le(s) A\u00e9roport(s)<\/li>\n<\/ul>\n\n\n\n<h3 class=\"wp-block-heading has-text-align-center has-text-color\" style=\"color:#1c4e3c\">Rejoignez-nous, ajoutez votre \u00e9tablissement \u00e0 notre\u00a0site\u00a0GRATUITEMENT<\/h3>\n\n\n\n<div class=\"wp-block-buttons is-layout-flex wp-block-buttons-is-layout-flex\">\n<div class=\"wp-block-button has-custom-width wp-block-button__width-100 is-style-outline is-style-outline--3\"><a class=\"wp-block-button__link has-white-color has-text-color has-link-color wp-element-button\" href=\"\/fr\/-2\/\">Enregistrez votre \u00e9tablissement<\/a><\/div>\n<\/div>\n<\/div>\n<\/div>\n<\/div><\/div>\n\n\n\n<div style=\"height:23px\" aria-hidden=\"true\" class=\"wp-block-spacer\"><\/div>\n\n\n<div class=\"wp-block-image\">\n<figure class=\"aligncenter size-large\"><img decoding=\"async\" width=\"1024\" height=\"193\" src=\"https:\/\/nodengo.com\/wp-content\/uploads\/widget-type-2-bg-1024x193.jpg\" alt=\"Hotel image header\" class=\"wp-image-26280\" title=\"\" srcset=\"https:\/\/nodengo.com\/wp-content\/uploads\/widget-type-2-bg-1024x193.jpg 1024w, https:\/\/nodengo.com\/wp-content\/uploads\/widget-type-2-bg-150x28.jpg 150w, https:\/\/nodengo.com\/wp-content\/uploads\/widget-type-2-bg-900x170.jpg 900w, https:\/\/nodengo.com\/wp-content\/uploads\/widget-type-2-bg-300x57.jpg 300w, https:\/\/nodengo.com\/wp-content\/uploads\/widget-type-2-bg-768x145.jpg 768w, https:\/\/nodengo.com\/wp-content\/uploads\/widget-type-2-bg-1536x290.jpg 1536w, https:\/\/nodengo.com\/wp-content\/uploads\/widget-type-2-bg-18x3.jpg 18w, https:\/\/nodengo.com\/wp-content\/uploads\/widget-type-2-bg.jpg 1920w\" sizes=\"(max-width: 1024px) 100vw, 1024px\" \/><figcaption class=\"wp-element-caption\"> <\/figcaption><\/figure>\n<\/div>\n\n\n<div class=\"wp-block-citadela-blocks-custom-container citadela-block-custom-container size-wide bg-type-none inside-space-none\"><div class=\"inner-holder\">\n<p class=\"has-medium-font-size\">UNE NOUVELLE FA\u00c7ON DE PUBLIER DES AVIS<\/p>\n\n\n\n<p>Pour votre \u00e9tablissement, nous vous proposons une alternative et une nouvelle fa\u00e7on d'obtenir votre<\/p>\n\n\n\n<p>En tant qu'h\u00f4telier, vous savez \u00e0 quel point il est difficile d'obtenir des clients des commentaires \"pr\u00e9cis\" sur le net. Comme nous le savons tous, les clients ont une version plut\u00f4t simplifi\u00e9e de ce que c'est que de g\u00e9rer un \u00e9tablissement d'h\u00e9bergement, non pas que nous voulions qu'ils le comprennent pleinement, ce n'est ni leur place ni leur r\u00f4le.<\/p>\n\n\n\n<p>Mais vous devez admettre qu'il est assez frustrant qu'apr\u00e8s avoir tout essay\u00e9 pour plaire \u00e0 un client, il s'en prend \u00e0 vous avec ses \u00abcommentaires\u00bb, souvent sur des probl\u00e8mes pour lesquels vous n'aviez aucun contr\u00f4le.<\/p>\n\n\n\n<p>Pire encore, ils ne vous disent pas ce qui ne leur pla\u00eet pas pendant leur s\u00e9jour (et souvent avec une solution facile \u00e0 r\u00e9soudre) mais ils se d\u00e9cha\u00eenent en ligne.<\/p>\n\n\n\n<p>Ne vous m\u00e9prenez pas, nous ne disons pas que la plupart des commentaires sont inexactes ou n'ont pas de validit\u00e9, nous disons simplement que ce qui pla\u00eet \u00e0 l\u2019un ne pla\u00eet pas n\u00e9cessairement \u00e0 l\u2019autre.<\/p>\n\n\n\n<p>Notre mission est de r\u00e9parer ce tort en offrant aux prestataires h\u00f4teliers et aux professionnels du tourisme une alternative \u00e0 ces avis \u00ab amateurs \u00bb, nous sommes professionnels, nous faisons la m\u00eame chose que vous.<\/p>\n\n\n\n<p>Nous sommes diff\u00e9rents et nous ne pensons pas qu\u2019il faille \u00eatre obligatoirement p\u00e9nalis\u00e9 quand quelque chose ne va pas. Nous pensons que le syst\u00e8me d\u2019\u00e9valuation de voyages aujourd\u2019hui devrait \u00eatre consid\u00e9rablement am\u00e9lior\u00e9.<\/p>\n\n\n\n<h3 class=\"wp-block-heading\">Ne tardez pas. Ayez votre \u00e9tablissement professionnellement&nbsp;<a href=\"https:\/\/nodengo.com\/fr\/network\/-4\/\"><strong>\u00c9valu\u00e9<\/strong>&nbsp;<\/a>maintenant<\/h3>\n<\/div><\/div>","protected":false},"excerpt":{"rendered":"","protected":false},"author":249,"featured_media":0,"parent":54134,"menu_order":0,"comment_status":"closed","ping_status":"closed","template":"","meta":{"_uag_custom_page_level_css":"","_citadela_hide_page_title":"1","_citadela_remove_header_space":"1","_citadela_custom_class":"","_citadela_half_map_provider":"","_citadela_half_map_theme":"","_citadela_half_map_themeOSM":"","_citadela_half_map_customTheme":"","_citadela_half_map_dataType":"","_citadela_half_map_dynamicTrack":false,"_citadela_half_map_trackColor":"","_citadela_half_map_trackEndpointsColor":"","_citadela_half_map_filterCategory":"","_citadela_half_map_filterLocation":"","_citadela_half_map_filterFeatured":false,"_citadela_half_map_noDataBehavior":"empty-map","_citadela_half_map_noDataText":"","_citadela_half_map_clusterGridSize":80,"_citadela_header":true,"_citadela_header_over_content":false,"_citadela_header_text_color":"","_citadela_header_logo":{"id":208235,"url":"https:\/\/nodengo.com\/wp-content\/uploads\/Nodengo-logo-nhn.jpg","size":{"width":316,"height":75}},"_citadela_header_bg_image":[],"_citadela_header_bg_position":{"x":0.5,"y":0.5},"_citadela_header_bg_size":"cover","_citadela_header_bg_repeat":"no-repeat","_citadela_header_bg_fixed":false,"_citadela_header_bg_color":"","_citadela_header_bg_image_overlay":"","_citadela_header_transparent_bg":false,"_citadela_content_width":"","_citadela_half_layout_position":"","footnotes":""},"class_list":["post-54688","page","type-page","status-publish","hentry"],"uagb_featured_image_src":{"full":false,"thumbnail":false,"medium":false,"medium_large":false,"large":false,"1536x1536":false,"2048x2048":false,"trp-custom-language-flag":false,"citadela_item_thumbnail":false,"woocommerce_thumbnail":false,"woocommerce_single":false,"woocommerce_gallery_thumbnail":false,"citadela_service":false},"uagb_author_info":{"display_name":"Team Nodengo","author_link":"https:\/\/nodengo.com\/fr\/author\/nodengo-team\/"},"uagb_comment_info":0,"uagb_excerpt":null,"_links":{"self":[{"href":"https:\/\/nodengo.com\/fr\/wp-json\/wp\/v2\/pages\/54688","targetHints":{"allow":["GET"]}}],"collection":[{"href":"https:\/\/nodengo.com\/fr\/wp-json\/wp\/v2\/pages"}],"about":[{"href":"https:\/\/nodengo.com\/fr\/wp-json\/wp\/v2\/types\/page"}],"author":[{"embeddable":true,"href":"https:\/\/nodengo.com\/fr\/wp-json\/wp\/v2\/users\/249"}],"replies":[{"embeddable":true,"href":"https:\/\/nodengo.com\/fr\/wp-json\/wp\/v2\/comments?post=54688"}],"version-history":[{"count":0,"href":"https:\/\/nodengo.com\/fr\/wp-json\/wp\/v2\/pages\/54688\/revisions"}],"up":[{"embeddable":true,"href":"https:\/\/nodengo.com\/fr\/wp-json\/wp\/v2\/pages\/54134"}],"wp:attachment":[{"href":"https:\/\/nodengo.com\/fr\/wp-json\/wp\/v2\/media?parent=54688"}],"curies":[{"name":"wp","href":"https:\/\/api.w.org\/{rel}","templated":true}]}}