{"id":54672,"date":"2022-09-17T18:06:04","date_gmt":"2022-09-17T16:06:04","guid":{"rendered":"https:\/\/nodengo.com\/?page_id=54672"},"modified":"2025-12-09T15:40:33","modified_gmt":"2025-12-09T14:40:33","slug":"way-to-promote-attractions","status":"publish","type":"page","link":"https:\/\/nodengo.com\/fr\/hospitality-network\/way-to-promote-attractions\/","title":{"rendered":"Attractions &#8211;  1 new and efficient way to promote your attractions"},"content":{"rendered":"<!-- Flexy Breadcrumb -->\r\n\t\t\t<div class=\"fbc fbc-page\">\r\n\r\n\t\t\t\t<!-- Breadcrumb wrapper -->\r\n\t\t\t\t<div class=\"fbc-wrap\">\r\n\r\n\t\t\t\t\t<!-- Ordered list-->\r\n\t\t\t\t\t<ol class=\"fbc-items\" itemscope itemtype=\"https:\/\/schema.org\/BreadcrumbList\">\r\n\t\t\t\t\t\t            <li itemprop=\"itemListElement\" itemscope itemtype=\"https:\/\/schema.org\/ListItem\">\r\n                <span itemprop=\"name\">\r\n                    <!-- Home Link -->\r\n                    <a itemprop=\"item\" href=\"https:\/\/nodengo.com\/fr\/\">\r\n                    \r\n                                                    <i class=\"fa fa-home\" aria-hidden=\"true\"><\/i>Home                    <\/a>\r\n                <\/span>\r\n                <meta itemprop=\"position\" content=\"1\" \/><!-- Meta Position-->\r\n             <\/li><li><span class=\"fbc-separator\">\/<\/span><\/li><li class=\"active\" itemprop=\"itemListElement\" itemscope itemtype=\"https:\/\/schema.org\/ListItem\"><span itemprop=\"name\" title=\"Best Travel Blog\">Best Travel Blog<\/span><meta itemprop=\"position\" content=\"2\" \/><\/li>\t\t\t\t\t<\/ol>\r\n\t\t\t\t\t<div class=\"clearfix\"><\/div>\r\n\t\t\t\t<\/div>\r\n\t\t\t<\/div>\r\n\t\t\t\n\n\n\n<div class=\"wp-block-citadela-blocks-custom-container citadela-block-custom-container size-wide bg-type-color inside-space-none has-bg\" style=\"background-color:rgba(248, 248, 248, 1)\"><div class=\"inner-holder\">\n<figure class=\"wp-block-gallery has-nested-images columns-default is-cropped wp-block-gallery-2 is-layout-flex wp-block-gallery-is-layout-flex\">\n<figure class=\"wp-block-image size-large\"><img decoding=\"async\" width=\"300\" height=\"169\" data-id=\"54676\" src=\"https:\/\/nodengo.com\/wp-content\/uploads\/hotel-dp-09-300x169-1.jpg\" alt=\"A new and efficient way to promote your attractions - header 1\" class=\"wp-image-54676\" title=\"\" srcset=\"https:\/\/nodengo.com\/wp-content\/uploads\/hotel-dp-09-300x169-1.jpg 300w, https:\/\/nodengo.com\/wp-content\/uploads\/hotel-dp-09-300x169-1-150x85.jpg 150w, https:\/\/nodengo.com\/wp-content\/uploads\/hotel-dp-09-300x169-1-18x10.jpg 18w\" sizes=\"(max-width: 300px) 100vw, 300px\" \/><\/figure>\n\n\n\n<figure class=\"wp-block-image size-large\"><img decoding=\"async\" width=\"300\" height=\"169\" data-id=\"54675\" src=\"https:\/\/nodengo.com\/wp-content\/uploads\/beach-300x190-1.jpg\" alt=\"\" class=\"wp-image-54675\" title=\"\" srcset=\"https:\/\/nodengo.com\/wp-content\/uploads\/beach-300x190-1.jpg 300w, https:\/\/nodengo.com\/wp-content\/uploads\/beach-300x190-1-150x85.jpg 150w, https:\/\/nodengo.com\/wp-content\/uploads\/beach-300x190-1-18x10.jpg 18w\" sizes=\"(max-width: 300px) 100vw, 300px\" \/><\/figure>\n\n\n\n<figure class=\"wp-block-image size-large\"><img decoding=\"async\" width=\"300\" height=\"169\" data-id=\"54162\" src=\"https:\/\/nodengo.com\/wp-content\/uploads\/attractions-presentation.jpg\" alt=\"attractions-presentation\" class=\"wp-image-54162\" title=\"\" srcset=\"https:\/\/nodengo.com\/wp-content\/uploads\/attractions-presentation.jpg 300w, https:\/\/nodengo.com\/wp-content\/uploads\/attractions-presentation-150x85.jpg 150w, https:\/\/nodengo.com\/wp-content\/uploads\/attractions-presentation-18x10.jpg 18w\" sizes=\"(max-width: 300px) 100vw, 300px\" \/><\/figure>\n<\/figure>\n\n\n\n<p class=\"has-text-align-right\"><i class=\"fas fa-user\"><\/i> <a href=\"\/fr\/partner-help\/\">Partenaires<\/a> | <i class=\"fas fa-pen\"><\/i> <a href=\"\/fr\/partner-help\/#editors\">\u00c9diteurs<\/a> | <i class=\"fas fa-question\"><\/i> <a href=\"\/fr\/partner-help\/\">Aide<\/a> | <i class=\"fas fa-id-card\"><\/i> <a href=\"https:\/\/nodengo.com\/fr\/parther-help\/-28\/\">Contact<\/a> | <i class=\"fas fa-list\"><\/i> <a href=\"\/fr\/-3\/\">Compte <\/a><\/p>\n<\/div><\/div>\n\n\n\n<div class=\"wp-block-citadela-blocks-custom-container citadela-block-custom-container size-wide bg-type-none inside-space-none\"><div class=\"inner-holder\">\n<div class=\"wp-block-columns is-layout-flex wp-container-core-columns-is-layout-9d6595d7 wp-block-columns-is-layout-flex\">\n<div class=\"wp-block-column is-layout-flow wp-block-column-is-layout-flow\" style=\"flex-basis:27%\">\n<h6 class=\"wp-block-heading\">Options disponibles<\/h6>\n\n\n\n<h3 class=\"wp-block-heading\"><strong>CAT\u00c9GORIE:<\/strong><\/h3>\n\n\n\n<h3 class=\"wp-block-heading\">Attractions\/choses \u00e0 faire<\/h3>\n\n\n\n<p><strong>R\u00e9f\u00e9rencement:<\/strong>&nbsp;<a href=\"https:\/\/nodengo.com\/fr\/-2\/\" target=\"_blank\" rel=\"noreferrer noopener\">R\u00e9f\u00e9rencez votre \u00e9tablissement<\/a><\/p>\n\n\n\n<p><strong>Plus d'info&nbsp;<\/strong><a href=\"https:\/\/nodengo.com\/fr\/-33\/hospitality-and-services-provider\/\" data-type=\"link\" data-id=\"https:\/\/nodengo.com\/en\/hospitality-network\/hospitality-and-services-provider\/\">Pr\u00e9sentation<\/a><\/p>\n\n\n\n<p><strong>forfaits:&nbsp;<\/strong><a href=\"https:\/\/nodengo.com\/fr\/plans-and-features\/\" data-type=\"page\" data-id=\"80743\">Voir nos forfaits<\/a><\/p>\n\n\n\n<p><strong>S'inscrire:&nbsp;<\/strong><a href=\"\/fr\/-2\/\">Rejoignez-nous <\/a><\/p>\n\n\n\n<p><strong>Evaluation :<\/strong>&nbsp;<a href=\"https:\/\/nodengo.com\/fr\/-33\/-4\/\" data-type=\"link\" data-id=\"https:\/\/nodengo.com\/en\/hospitality-network\/reviews\/\">Faites \u00e9valuer votre \u00e9tablissement<\/a><\/p>\n\n\n\n<p><strong>Publicit\u00e9<\/strong>&nbsp;<a href=\"http:\/\/ads.nodengo.com\/fr\">Voir nos options publicitaires<\/a><\/p>\n\n\n\n<p><strong>Directives de publication&nbsp;<\/strong><a href=\"https:\/\/nodengo.com\/fr\/directives-de-publication\/\" target=\"_blank\" data-type=\"page\" data-id=\"52279\" rel=\"noreferrer noopener\">Ici<\/a><\/p>\n<\/div>\n\n\n\n<div class=\"wp-block-column is-layout-flow wp-block-column-is-layout-flow\" style=\"flex-basis:75%\">\n<p class=\"has-medium-font-size\"><strong>Propri\u00e9taires et exploitants d'attractions\/d'\u00e9v\u00e9nements<\/strong>    <\/p>\n\n\n\n<p>Notre site Web vise \u00e0 fournir aux visiteurs potentiels des informations pr\u00e9cises, impartiales et \u00e0 jour sur la ville qu'ils envisagent de visiter.<\/p>\n\n\n\n<p>Nous sommes un groupe de professionnels de l'h\u00f4tellerie locale, vivant dans votre quartier et pouvons parler \u00abprofessionnellement\u00bb au monde entier de votre \u00e9tablissement.<\/p>\n\n\n\n<p>Nous nous sommes fix\u00e9s pour but d'\u00eatre le no 1 des informations sur les destinations dans le monde, en fournissant des critiques impartiales, professionnelles et pr\u00e9cises sur les \u00e9tablissements locaux fournies par nos r\u00e9dacteurs locaux.<\/p>\n\n\n\n<p><strong>Si votre \u00e9tablissement est la Tour Eiffel, Versailles ou Big Ben, vous n'avez pas besoin de lire la suite, si ce n'est pas le cas, alors Nodengo est fait pour vous.<\/strong><\/p>\n\n\n\n<p>Le temps de vacances de chacun a diminu\u00e9 au fil des ans, tandis que la plupart font des voyages plus courts mais plus souvent, ce qui leur laisse un temps limit\u00e9 pour visiter une ville\/r\u00e9gion. Vous pourriez avoir les attractions les plus \u00e9tonnantes. cela n'aide pas si vous ne pouvez pas rivaliser avec les \"Sites touristiques\"<\/p>\n\n\n\n<p>Parlez-leur de vous pendant qu'ils pr\u00e9parent leurs vacances.  Notre site est d\u00e9di\u00e9 \u00e0 parler des meilleurs endroits avant que les clients ne r\u00e9servent leur voyage et ne planifient leurs vacances, d'o\u00f9 notre nom \"Know then Go\"<\/p>\n\n\n\n<p>Voici quelques-unes des fonctionnalit\u00e9s que nous proposons sur les pages d\u00e9di\u00e9es aux villes<\/p>\n\n\n\n<ul class=\"wp-block-list\">\n<li>Un bref r\u00e9sum\u00e9 de la r\u00e9gion, avec les points saillants des lieux importants et un blog sur la ville, \u00e9dit\u00e9 par nos r\u00e9dacteurs locaux.<\/li>\n\n\n\n<li>Un compte rendu des meilleures attractions de la ville, fourni par nos r\u00e9dacteurs locaux.<\/li>\n\n\n\n<li>Recommandations d'attractions et de choses \u00e0 faire avec liens<\/li>\n\n\n\n<li>Informations sur les loisirs et les activit\u00e9s de plein air.<\/li>\n\n\n\n<li>Guides d'activit\u00e9s telles que les arts et la culture, y compris les mus\u00e9es, les th\u00e9\u00e2tres et autres attractions<\/li>\n\n\n\n<li>Cartes et guides<\/li>\n\n\n\n<li>Information sur les transports publics<\/li>\n\n\n\n<li>Information sur le(s) A\u00e9roport(s)<\/li>\n<\/ul>\n\n\n\n<h3 class=\"wp-block-heading has-text-align-center\">Rejoignez-nous, ajoutez votre attraction \u00e0 notre site Web GRATUITEMENT<\/h3>\n\n\n\n<div class=\"wp-block-buttons is-layout-flex wp-block-buttons-is-layout-flex\">\n<div class=\"wp-block-button has-custom-width wp-block-button__width-100 is-style-outline is-style-outline--3\"><a class=\"wp-block-button__link has-white-color has-text-color has-link-color wp-element-button\" href=\"\/fr\/-2\/\">Enregistrez votre \u00e9tablissement<\/a><\/div>\n<\/div>\n<\/div>\n<\/div>\n<\/div><\/div>\n\n\n\n<div style=\"height:23px\" aria-hidden=\"true\" class=\"wp-block-spacer\"><\/div>\n\n\n<div class=\"wp-block-image\">\n<figure class=\"aligncenter size-citadela_service\"><img decoding=\"async\" width=\"480\" height=\"360\" src=\"https:\/\/nodengo.com\/wp-content\/uploads\/037-480x360.jpg\" alt=\"\" class=\"wp-image-54686\" title=\"\" srcset=\"https:\/\/nodengo.com\/wp-content\/uploads\/037-480x360.jpg 480w, https:\/\/nodengo.com\/wp-content\/uploads\/037-640x480.jpg 640w\" sizes=\"(max-width: 480px) 100vw, 480px\" \/><figcaption class=\"wp-element-caption\"> <\/figcaption><\/figure>\n<\/div>\n\n\n<div class=\"wp-block-citadela-blocks-custom-container citadela-block-custom-container size-wide bg-type-none inside-space-none\"><div class=\"inner-holder\">\n<p class=\"has-medium-font-size\">UNE NOUVELLE FA\u00c7ON DE PUBLIER DES AVIS<\/p>\n\n\n\n<p>En tant qu'exploitant d'attractions locales, vous savez \u00e0 quel point il est difficile d'avoir des commentaires \"pr\u00e9cis\" sur le net.<\/p>\n\n\n\n<p>Comme nous le savons tous, les clients ont une version plut\u00f4t simplifi\u00e9e de ce que c'est que de g\u00e9rer une attraction, non pas que nous voulions qu'ils la comprennent pleinement, ce n'est ni leur place ni leur r\u00f4le.<\/p>\n\n\n\n<p>Mais vous devez admettre qu'il est assez frustrant qu'apr\u00e8s avoir tout essay\u00e9 pour plaire \u00e0 un client, il s'en prend \u00e0 vous avec ses \u00abcommentaires\u00bb, souvent sur des probl\u00e8mes pour lesquels vous n'aviez aucun contr\u00f4le.<\/p>\n\n\n\n<p>Pire encore, ils ne vous disent pas ce qui ne leur pla\u00eet pas pendant leur s\u00e9jour (et souvent avec une solution facile \u00e0 r\u00e9soudre) mais ils se d\u00e9cha\u00eenent en ligne.<\/p>\n\n\n\n<p>Ne vous m\u00e9prenez pas, nous ne disons pas que la plupart des commentaires sont inexactes ou n'ont pas de validit\u00e9, nous disons simplement que ce qui pla\u00eet \u00e0 l\u2019un ne pla\u00eet pas n\u00e9cessairement \u00e0 l\u2019autre.<\/p>\n\n\n\n<p>Notre mission est de r\u00e9parer ce tort en offrant aux exploitants d'attractions et aux professionnels du tourisme une autre fa\u00e7on de faire conna\u00eetre leur \u00e9tablissement au grand public.<\/p>\n\n\n\n<p>Ces avis \"pseudo\" sont compl\u00e9t\u00e9s par des personnes qui n'ont pas les connaissances et la perspicacit\u00e9 qui accompagnent le travail dans l'industrie du tourisme, nous voulons offrir une alternative \u00e0 ces avis \"amateurs\", nous sommes professionnels, nous faisons la m\u00eame chose que vous.<\/p>\n\n\n\n<p>Nous sommes diff\u00e9rents et nous ne pensons pas qu\u2019il faille \u00eatre obligatoirement p\u00e9nalis\u00e9 quand quelque chose ne va pas. Nous pensons que le syst\u00e8me d\u2019\u00e9valuation de voyages aujourd\u2019hui devrait \u00eatre consid\u00e9rablement am\u00e9lior\u00e9.<\/p>\n\n\n\n<h3 class=\"wp-block-heading\">Ne tardez pas. Ayez votre \u00e9tablissement professionnellement <a href=\"https:\/\/nodengo.com\/fr\/network\/-4\/\" data-schema-attribute=\"\"><strong>\u00c9valu\u00e9<\/strong> <\/a>maintenant<\/h3>\n<\/div><\/div>","protected":false},"excerpt":{"rendered":"","protected":false},"author":249,"featured_media":0,"parent":54134,"menu_order":0,"comment_status":"closed","ping_status":"closed","template":"","meta":{"_uag_custom_page_level_css":"","_citadela_hide_page_title":"1","_citadela_remove_header_space":"1","_citadela_custom_class":"","_citadela_half_map_provider":"","_citadela_half_map_theme":"","_citadela_half_map_themeOSM":"","_citadela_half_map_customTheme":"","_citadela_half_map_dataType":"","_citadela_half_map_dynamicTrack":false,"_citadela_half_map_trackColor":"","_citadela_half_map_trackEndpointsColor":"","_citadela_half_map_filterCategory":"","_citadela_half_map_filterLocation":"","_citadela_half_map_filterFeatured":false,"_citadela_half_map_noDataBehavior":"empty-map","_citadela_half_map_noDataText":"","_citadela_half_map_clusterGridSize":80,"_citadela_header":true,"_citadela_header_over_content":false,"_citadela_header_text_color":"","_citadela_header_logo":{"id":208235,"url":"https:\/\/nodengo.com\/wp-content\/uploads\/Nodengo-logo-nhn.jpg","size":{"width":316,"height":75}},"_citadela_header_bg_image":[],"_citadela_header_bg_position":{"x":0.5,"y":0.5},"_citadela_header_bg_size":"cover","_citadela_header_bg_repeat":"no-repeat","_citadela_header_bg_fixed":false,"_citadela_header_bg_color":"","_citadela_header_bg_image_overlay":"","_citadela_header_transparent_bg":false,"_citadela_content_width":"","_citadela_half_layout_position":"","footnotes":""},"class_list":["post-54672","page","type-page","status-publish","hentry"],"uagb_featured_image_src":{"full":false,"thumbnail":false,"medium":false,"medium_large":false,"large":false,"1536x1536":false,"2048x2048":false,"trp-custom-language-flag":false,"citadela_item_thumbnail":false,"woocommerce_thumbnail":false,"woocommerce_single":false,"woocommerce_gallery_thumbnail":false,"citadela_service":false},"uagb_author_info":{"display_name":"Team Nodengo","author_link":"https:\/\/nodengo.com\/fr\/author\/nodengo-team\/"},"uagb_comment_info":0,"uagb_excerpt":null,"_links":{"self":[{"href":"https:\/\/nodengo.com\/fr\/wp-json\/wp\/v2\/pages\/54672","targetHints":{"allow":["GET"]}}],"collection":[{"href":"https:\/\/nodengo.com\/fr\/wp-json\/wp\/v2\/pages"}],"about":[{"href":"https:\/\/nodengo.com\/fr\/wp-json\/wp\/v2\/types\/page"}],"author":[{"embeddable":true,"href":"https:\/\/nodengo.com\/fr\/wp-json\/wp\/v2\/users\/249"}],"replies":[{"embeddable":true,"href":"https:\/\/nodengo.com\/fr\/wp-json\/wp\/v2\/comments?post=54672"}],"version-history":[{"count":0,"href":"https:\/\/nodengo.com\/fr\/wp-json\/wp\/v2\/pages\/54672\/revisions"}],"up":[{"embeddable":true,"href":"https:\/\/nodengo.com\/fr\/wp-json\/wp\/v2\/pages\/54134"}],"wp:attachment":[{"href":"https:\/\/nodengo.com\/fr\/wp-json\/wp\/v2\/media?parent=54672"}],"curies":[{"name":"wp","href":"https:\/\/api.w.org\/{rel}","templated":true}]}}