{"id":54134,"date":"2022-09-17T09:13:03","date_gmt":"2022-09-17T07:13:03","guid":{"rendered":"https:\/\/nodengo.com\/?page_id=54134"},"modified":"2025-12-16T08:45:23","modified_gmt":"2025-12-16T07:45:23","slug":"-33","status":"publish","type":"page","link":"https:\/\/nodengo.com\/fr\/hospitality-network\/","title":{"rendered":"Hospitality Network"},"content":{"rendered":"<div class=\"wp-block-citadela-blocks-custom-container citadela-block-custom-container size-wide bg-type-none inside-space-none\"><div class=\"inner-holder\">\n<div style=\"height:14px\" aria-hidden=\"true\" class=\"wp-block-spacer\"><\/div>\n\n\n\n<div class=\"wp-block-group alignwide is-nowrap is-layout-flex wp-container-core-group-is-layout-ad2f72ca wp-block-group-is-layout-flex\">\t\t\t<!-- Flexy Breadcrumb -->\r\n\t\t\t<div class=\"fbc fbc-page\">\r\n\r\n\t\t\t\t<!-- Breadcrumb wrapper -->\r\n\t\t\t\t<div class=\"fbc-wrap\">\r\n\r\n\t\t\t\t\t<!-- Ordered list-->\r\n\t\t\t\t\t<ol class=\"fbc-items\" itemscope itemtype=\"https:\/\/schema.org\/BreadcrumbList\">\r\n\t\t\t\t\t\t            <li itemprop=\"itemListElement\" itemscope itemtype=\"https:\/\/schema.org\/ListItem\">\r\n                <span itemprop=\"name\">\r\n                    <!-- Home Link -->\r\n                    <a itemprop=\"item\" href=\"https:\/\/nodengo.com\/fr\/\">\r\n                    \r\n                                                    <i class=\"fa fa-home\" aria-hidden=\"true\"><\/i>Home                    <\/a>\r\n                <\/span>\r\n                <meta itemprop=\"position\" content=\"1\" \/><!-- Meta Position-->\r\n             <\/li><li><span class=\"fbc-separator\">\/<\/span><\/li><li class=\"active\" itemprop=\"itemListElement\" itemscope itemtype=\"https:\/\/schema.org\/ListItem\"><span itemprop=\"name\" title=\"Best Travel Blog\">Best Travel Blog<\/span><meta itemprop=\"position\" content=\"2\" \/><\/li>\t\t\t\t\t<\/ol>\r\n\t\t\t\t\t<div class=\"clearfix\"><\/div>\r\n\t\t\t\t<\/div>\r\n\t\t\t<\/div>\r\n\t\t\t\n\n\n\n<p class=\"has-text-align-right\"><i class=\"fas fa-user\"><\/i> <a href=\"\/fr\/partner-help\/\">Partenaires<\/a> | <i class=\"fas fa-pen\"><\/i> <a href=\"\/fr\/partner-help\/#editors\">\u00c9diteurs<\/a> | <i class=\"fas fa-question\"><\/i> <a href=\"\/fr\/partner-help\/\">Aide<\/a> | <i class=\"fas fa-id-card\"><\/i> <a href=\"https:\/\/nodengo.com\/fr\/parther-help\/-28\/\">Contact<\/a> | <i class=\"fas fa-list\"><\/i> <a href=\"\/fr\/-3\/\">Compte <\/a><\/p>\n<\/div>\n<\/div><\/div>\n\n\n\n<div class=\"wp-block-citadela-blocks-custom-container citadela-block-custom-container size-fullwidth bg-type-image inside-space-none bg-size-cover has-overlay has-min-height vertical-align-top\" style=\"min-height:450px\"><div class=\"bg-image-wrapper\" style=\"background-image:url(https:\/\/nodengo.com\/wp-content\/uploads\/New-York-City-Manhattan.jpg);background-repeat:no-repeat;background-position:52% 39%\"><\/div><div class=\"bg-image-overlay\" style=\"opacity:0.5\"><\/div><div class=\"inner-holder\">\n<div style=\"height:235px\" aria-hidden=\"true\" class=\"wp-block-spacer\"><\/div>\n<\/div><\/div>\n\n\n\n<h2 class=\"wp-block-heading has-text-align-center has-text-color\" style=\"color:#264a5e\">Bienvenue \u00e0 tous les professionnels du tourisme<\/h2>\n\n\n\n<h5 class=\"wp-block-heading alignwide has-text-align-center has-text-color\" style=\"color:#225d47\">Liens rapides vers <a href=\"#listing\">R\u00e9f\u00e9rencement<\/a> | <a href=\"#reviews\">\u00c9VALUATIONS<\/a> | <a href=\"https:\/\/nodengo.com\/fr\/-33\/hospitality-and-services-provider\/\" data-type=\"page\" data-id=\"54052\">FOURNISSEURS DE SERVICES<\/a> | <a href=\"#editors\">EDITEURS <\/a>| <a href=\"#advertise\">PUBLICIT\u00c9<\/a><\/h5>\n\n\n\n<div class=\"wp-block-citadela-blocks-custom-container citadela-block-custom-container size-wide bg-type-none inside-space-none\"><div class=\"inner-holder\">\n<hr class=\"wp-block-separator has-alpha-channel-opacity is-style-wide\"\/>\n\n\n\n<div class=\"wp-block-columns is-layout-flex wp-container-core-columns-is-layout-9d6595d7 wp-block-columns-is-layout-flex\">\n<div class=\"wp-block-column is-layout-flow wp-block-column-is-layout-flow\" style=\"flex-basis:66.66%\">\n<h3 class=\"wp-block-heading\"><strong><a href=\"#sp\">I<\/a>INTRODUCTION<\/strong> \u00e0 notre r\u00e9seau du tourisme<\/h3>\n\n\n\n<p>En tant que professionnels exp\u00e9riment\u00e9s du secteur du tourisme et de l'h\u00f4tellerie, nous avons reconnu le besoin d'am\u00e9lioration et recherch\u00e9 de nouvelles m\u00e9thodes pour accro\u00eetre la sensibilisation du public aux \u00e9tablissements.<\/p>\n<\/div>\n\n\n\n<div class=\"wp-block-column is-layout-flow wp-block-column-is-layout-flow\" style=\"flex-basis:33.33%\"><div class=\"wp-block-image is-resized is-style-default\">\n<figure class=\"alignleft size-full\"><img decoding=\"async\" width=\"167\" height=\"250\" src=\"https:\/\/nodengo.com\/wp-content\/uploads\/placehollder1.jpg\" alt=\"hospitality network\" class=\"wp-image-6530\" style=\"width:auto;height:250px\" title=\"\" srcset=\"https:\/\/nodengo.com\/wp-content\/uploads\/placehollder1.jpg 167w, https:\/\/nodengo.com\/wp-content\/uploads\/placehollder1-100x150.jpg 100w, https:\/\/nodengo.com\/wp-content\/uploads\/placehollder1-8x12.jpg 8w\" sizes=\"(max-width: 167px) 100vw, 167px\" \/><\/figure>\n<\/div><\/div>\n<\/div>\n\n\n\n<figure class=\"wp-block-image alignwide size-full\"><img decoding=\"async\" width=\"1920\" height=\"362\" src=\"https:\/\/nodengo.com\/wp-content\/uploads\/widget-type-2-bg.jpg\" alt=\"Hotel image header\" class=\"wp-image-26280\" title=\"\" srcset=\"https:\/\/nodengo.com\/wp-content\/uploads\/widget-type-2-bg.jpg 1920w, https:\/\/nodengo.com\/wp-content\/uploads\/widget-type-2-bg-150x28.jpg 150w, https:\/\/nodengo.com\/wp-content\/uploads\/widget-type-2-bg-900x170.jpg 900w, https:\/\/nodengo.com\/wp-content\/uploads\/widget-type-2-bg-300x57.jpg 300w, https:\/\/nodengo.com\/wp-content\/uploads\/widget-type-2-bg-1024x193.jpg 1024w, https:\/\/nodengo.com\/wp-content\/uploads\/widget-type-2-bg-768x145.jpg 768w, https:\/\/nodengo.com\/wp-content\/uploads\/widget-type-2-bg-1536x290.jpg 1536w, https:\/\/nodengo.com\/wp-content\/uploads\/widget-type-2-bg-18x3.jpg 18w\" sizes=\"(max-width: 1920px) 100vw, 1920px\" \/><\/figure>\n\n\n\n<h3 class=\"wp-block-heading has-text-align-center\"><strong>Une nouvelle fa\u00e7on non r\u00e9mun\u00e9r\u00e9e, impartiale, et in\u00e9gal\u00e9e de promouvoir votre \u00e9tablissement<\/strong><\/h3>\n\n\n\n<p>It&#8217;s challenging for service providers in the tourism and travel industry to distinguish themselves. They constantly search for fresh approaches to set their business apart from competitors. Standing out locally is relatively simple, but doing so online can be extremely difficult.<\/p>\n\n\n\n<p>Si seulement il existait un moyen rentable de se diff\u00e9rencier sans d\u00e9pendre fortement du r\u00e9f\u00e9rencement, sans payer des commissions \u00e9lev\u00e9es aux OTA ou sans investir des sommes importantes, du temps et des ressources dans la publicit\u00e9 en ligne, tout en garantissant un retour sur investissement tangible.<\/p>\n\n\n\n<div class=\"wp-block-buttons is-layout-flex wp-block-buttons-is-layout-flex\">\n<div class=\"wp-block-button has-custom-width wp-block-button__width-100 aligncenter is-style-fill\"><a class=\"wp-block-button__link has-black-color has-text-color has-background has-medium-font-size has-custom-font-size wp-element-button\" href=\"https:\/\/nodengo.com\/fr\/-33\/hospitality-and-services-provider\/\" style=\"background-color:#d7e2eb\">MAINTENANT C'EST POSSIBLE<\/a><\/div>\n<\/div>\n<\/div><\/div>\n\n\n\n<div class=\"wp-block-citadela-blocks-custom-container citadela-block-custom-container size-wide bg-type-none inside-space-none\"><div class=\"inner-holder\">\n<div style=\"height:64px\" aria-hidden=\"true\" class=\"wp-block-spacer\"><\/div>\n\n\n\n<p><i class=\"fas fa-pen\"><\/i> 1.\u00a0R\u00e9pertoriez votre \u00e9tablissement\u00a0: l'inscription de votre \u00e9tablissement sur Nodengo.com est absolument GRATUITE.&nbsp; <a href=\"https:\/\/nodengo.com\/fr\/-2\/\" type=\"page\" id=\"2864\"><em>Ajoutez votre \u00e9tablissement <\/em><\/a><\/p>\n\n\n\n<p><i class=\"fas fa-upload\"><\/i>   2. Faites la promotion de votre \u00e9tablissement : Valorisez votre \u00e9tablissement<strong> <\/strong><em><a href=\"https:\/\/nodengo.com\/fr\/-2\/\" type=\"page\" id=\"2864\">r\u00e9f\u00e9rencement avec nos outils<\/a>.<\/em><\/p>\n\n\n\n<p><i class=\"fas fa-heart\"><\/i>   3. Faites \u00e9valuer votre \u00e9tablissement : Faites \u00e9valuer votre \u00e9tablissement <em><a href=\"https:\/\/nodengo.com\/fr\/network\/-41\/\" data-type=\"page\" data-id=\"53486\">\u00e9valu\u00e9 par des professionnels<\/a><\/em> et d\u00e9marquez-vous sur Nodengo.com<\/p>\n\n\n\n<p><i class=\"fas fa-ad\"><\/i>   4. Annoncez sur Nodengo.com : Nous offrons vraiment de la <em>Publicit\u00e9 enti\u00e8rement cibl\u00e9e<\/em>. Votre annonce appara\u00eet sur une page de ville sp\u00e9cifique pour le visiteur \u00e0 la recherche d'informations sur la ville.<\/p>\n<\/div><\/div>\n\n\n\n<div class=\"wp-block-citadela-blocks-custom-container citadela-block-custom-container size-wide bg-type-none inside-space-none\"><div class=\"inner-holder\">\n<h3 class=\"wp-block-heading has-text-color\" style=\"color:#786969\">DECOUVREZ COMMENT NOUS POUVONS AIDER SI VOUS \u00caTES\u2026.<\/h3>\n\n\n\n<div class=\"wp-block-columns is-layout-flex wp-container-core-columns-is-layout-9d6595d7 wp-block-columns-is-layout-flex\">\n<div class=\"wp-block-column is-layout-flow wp-block-column-is-layout-flow\">\n<div class=\"wp-block-cover\" style=\"min-height:251px;aspect-ratio:unset;\"><img decoding=\"async\" width=\"650\" height=\"400\" class=\"wp-block-cover__image-background wp-image-54159\" alt=\"\" src=\"https:\/\/nodengo.com\/wp-content\/uploads\/hotel-presentation.jpg\" data-object-fit=\"cover\" title=\"\" srcset=\"https:\/\/nodengo.com\/wp-content\/uploads\/hotel-presentation.jpg 650w, https:\/\/nodengo.com\/wp-content\/uploads\/hotel-presentation-150x92.jpg 150w, https:\/\/nodengo.com\/wp-content\/uploads\/hotel-presentation-300x185.jpg 300w, https:\/\/nodengo.com\/wp-content\/uploads\/hotel-presentation-18x12.jpg 18w\" sizes=\"(max-width: 650px) 100vw, 650px\" \/><span aria-hidden=\"true\" class=\"wp-block-cover__background has-background-dim-0 has-background-dim\"><\/span><div class=\"wp-block-cover__inner-container is-layout-flow wp-block-cover-is-layout-flow\">\n<p class=\"has-text-align-center has-large-font-size\"><\/p>\n<\/div><\/div>\n\n\n\n<p class=\"has-text-align-center\"><a href=\"https:\/\/nodengo.com\/fr\/-33\/1-new-way-to-promote-your-hotel\/\" data-type=\"page\" data-id=\"54688\"><strong>H\u00d4TELS<\/strong><\/a><\/p>\n\n\n\n<p class=\"has-small-font-size\">G\u00e9rants-Propri\u00e9taires-Op\u00e9rateurs, voyez comment nous pouvons vous aider \u00e0 promouvoir votre H\u00d4TEL<\/p>\n<\/div>\n\n\n\n<div class=\"wp-block-column is-layout-flow wp-block-column-is-layout-flow\">\n<div class=\"wp-block-cover\" style=\"min-height:251px;aspect-ratio:unset;\"><img decoding=\"async\" width=\"650\" height=\"400\" class=\"wp-block-cover__image-background wp-image-54161\" alt=\"\" src=\"https:\/\/nodengo.com\/wp-content\/uploads\/Restaurant-presentation-1.jpg\" data-object-fit=\"cover\" title=\"\" srcset=\"https:\/\/nodengo.com\/wp-content\/uploads\/Restaurant-presentation-1.jpg 650w, https:\/\/nodengo.com\/wp-content\/uploads\/Restaurant-presentation-1-150x92.jpg 150w, https:\/\/nodengo.com\/wp-content\/uploads\/Restaurant-presentation-1-300x185.jpg 300w, https:\/\/nodengo.com\/wp-content\/uploads\/Restaurant-presentation-1-18x12.jpg 18w\" sizes=\"(max-width: 650px) 100vw, 650px\" \/><span aria-hidden=\"true\" class=\"wp-block-cover__background has-background-dim-0 has-background-dim\"><\/span><div class=\"wp-block-cover__inner-container is-layout-flow wp-block-cover-is-layout-flow\">\n<p class=\"has-text-align-center has-large-font-size\"><\/p>\n<\/div><\/div>\n\n\n\n<p class=\"has-text-align-center\"><strong><a href=\"https:\/\/nodengo.com\/fr\/-33\/restaurants-1-promote-restaurant\/\" data-type=\"page\" data-id=\"55264\">RESTAURANTS<\/a><\/strong><\/p>\n\n\n\n<p class=\"has-small-font-size\">G\u00e9rants-Propri\u00e9taires-Exploitants, voyez comment nous pouvons vous aider \u00e0 promouvoir votre RESTAURANT<\/p>\n<\/div>\n\n\n\n<div class=\"wp-block-column is-layout-flow wp-block-column-is-layout-flow\">\n<div class=\"wp-block-cover\" style=\"min-height:251px;aspect-ratio:unset;\"><img decoding=\"async\" width=\"300\" height=\"169\" class=\"wp-block-cover__image-background wp-image-54162\" alt=\"\" src=\"https:\/\/nodengo.com\/wp-content\/uploads\/attractions-presentation.jpg\" data-object-fit=\"cover\" title=\"\" srcset=\"https:\/\/nodengo.com\/wp-content\/uploads\/attractions-presentation.jpg 300w, https:\/\/nodengo.com\/wp-content\/uploads\/attractions-presentation-150x85.jpg 150w, https:\/\/nodengo.com\/wp-content\/uploads\/attractions-presentation-18x10.jpg 18w\" sizes=\"(max-width: 300px) 100vw, 300px\" \/><span aria-hidden=\"true\" class=\"wp-block-cover__background has-background-dim-0 has-background-dim\"><\/span><div class=\"wp-block-cover__inner-container is-layout-flow wp-block-cover-is-layout-flow\">\n<p class=\"has-text-align-center has-large-font-size\"><\/p>\n<\/div><\/div>\n\n\n\n<p class=\"has-text-align-center\"><strong><a href=\"https:\/\/nodengo.com\/fr\/-33\/new-efficient-way-to-promote-attractions\/\" data-type=\"page\" data-id=\"54672\">ATTRACTIONS TOURISTIQUES<\/a><\/strong><\/p>\n\n\n\n<p class=\"has-small-font-size\">Mus\u00e9e, galeries d'art, etc. D\u00e9couvrez comment nous pouvons vous aider \u00e0 promouvoir votre \u00e9tablissement<\/p>\n<\/div>\n\n\n\n<div class=\"wp-block-column is-layout-flow wp-block-column-is-layout-flow\">\n<div class=\"wp-block-cover\" style=\"min-height:251px;aspect-ratio:unset;\"><img decoding=\"async\" width=\"300\" height=\"169\" class=\"wp-block-cover__image-background wp-image-54164\" alt=\"\" src=\"https:\/\/nodengo.com\/wp-content\/uploads\/others-presentation.jpg\" data-object-fit=\"cover\" title=\"\" srcset=\"https:\/\/nodengo.com\/wp-content\/uploads\/others-presentation.jpg 300w, https:\/\/nodengo.com\/wp-content\/uploads\/others-presentation-150x85.jpg 150w, https:\/\/nodengo.com\/wp-content\/uploads\/others-presentation-18x10.jpg 18w\" sizes=\"(max-width: 300px) 100vw, 300px\" \/><span aria-hidden=\"true\" class=\"wp-block-cover__background has-background-dim-0 has-background-dim\"><\/span><div class=\"wp-block-cover__inner-container is-layout-flow wp-block-cover-is-layout-flow\">\n<p class=\"has-text-align-center has-large-font-size\"><\/p>\n<\/div><\/div>\n\n\n\n<p class=\"has-text-align-center\"><strong><a href=\"https:\/\/nodengo.com\/fr\/-33\/tourism-professionals-promote-your-services\/\" data-type=\"page\" data-id=\"54712\">AUTRES<\/a><\/strong><\/p>\n\n\n\n<p class=\"has-small-font-size\">Taxis, guides touristiques, etc. D\u00e9couvrez comment nous pouvons vous aider \u00e0 promouvoir vos services<\/p>\n<\/div>\n<\/div>\n<\/div><\/div>\n\n\n\n<div class=\"wp-block-citadela-blocks-custom-container citadela-block-custom-container size-wide bg-type-none inside-space-none\"><div class=\"inner-holder\">\n<p id=\"editors\">Hospitality network Editors<\/p>\n\n\n\n<hr class=\"wp-block-separator has-alpha-channel-opacity\"\/>\n\n\n\n<h2 class=\"wp-block-heading has-text-color\" style=\"color:#431c1c\">\u00cates-vous int\u00e9ress\u00e9 \u00e0 devenir \u00e9diteur? Voyez si vous \u00eates qualifi\u00e9!<\/h2>\n\n\n\n<div class=\"wp-block-columns is-layout-flex wp-container-core-columns-is-layout-9d6595d7 wp-block-columns-is-layout-flex\">\n<div class=\"wp-block-column is-layout-flow wp-block-column-is-layout-flow\" style=\"flex-basis:33.33%\">\n<figure class=\"wp-block-image size-full is-resized\"><img decoding=\"async\" width=\"167\" height=\"250\" src=\"https:\/\/nodengo.com\/wp-content\/uploads\/placeholer2-1.jpg\" alt=\"placeholer2 image\" class=\"wp-image-6975\" style=\"aspect-ratio:1;object-fit:contain\" title=\"\" srcset=\"https:\/\/nodengo.com\/wp-content\/uploads\/placeholer2-1.jpg 167w, https:\/\/nodengo.com\/wp-content\/uploads\/placeholer2-1-100x150.jpg 100w, https:\/\/nodengo.com\/wp-content\/uploads\/placeholer2-1-8x12.jpg 8w\" sizes=\"(max-width: 167px) 100vw, 167px\" \/><\/figure>\n<\/div>\n\n\n\n<div class=\"wp-block-column is-layout-flow wp-block-column-is-layout-flow\" style=\"flex-basis:66.66%\">\n<p>Notre site Web, Nodengo.com, vise \u00e0 fournir aux visiteurs potentiels des informations pr\u00e9cises, impartiales et \u00e0 jour sur la ville qu'ils envisagent de visiter. Nous recherchons actuellement des r\u00e9dacteurs locaux pour rejoindre notre \u00e9quipe.<\/p>\n\n\n\n<p>Qui mieux que toi ? Vous vivez dans cette ville, vous l'appr\u00e9ciez et votre travail consiste \u00e0 donner r\u00e9guli\u00e8rement des conseils aux clients. Vous \u00eates le parfait ambassadeur et pouvez pr\u00e9senter votre ville de mani\u00e8re professionnelle aux voyageurs d\u00e9sireux de l\u2019explorer.<\/p>\n\n\n\n<p>Pourquoi ne pas tirer parti de toutes ces connaissances et exp\u00e9riences ? Nous recherchons des r\u00e9dacteurs ind\u00e9pendants capables de partager des conseils d'initi\u00e9s sur notre site Web, guidant les visiteurs vers des joyaux cach\u00e9s tels que des restaurants peu connus servant une excellente cuisine dans les meilleurs endroits. De plus, nos r\u00e9dacteurs auront l'occasion de bloguer sur leur ville et de proposer de pr\u00e9cieuses informations locales.<\/p>\n<\/div>\n<\/div>\n\n\n\n<p class=\"has-text-align-center\"><strong>En savoir plus sur les &nbsp;<a href=\"https:\/\/nodengo.com\/fr\/network\/requirements\/\" data-type=\"page\" data-id=\"53827\">CONDITIONS<\/a>&nbsp;|<a href=\"https:\/\/nodengo.com\/fr\/network\/editors\/\" data-type=\"page\" data-id=\"54050\">&nbsp;AVANTAGES<\/a>&nbsp;|&nbsp;<a href=\"https:\/\/nodengo.com\/fr\/network\/locations\/\" data-type=\"page\" data-id=\"54194\">Emplacements<\/a><\/strong> pour <a href=\"https:\/\/nodengo.com\/hospitality-network\/editors\/\" data-type=\"page\" data-id=\"54050\">devenir \u00e9diteur<\/a><\/p>\n<\/div><\/div>\n\n\n\n<div class=\"wp-block-citadela-blocks-custom-container citadela-block-custom-container size-wide bg-type-none inside-space-none\"><div class=\"inner-holder\">\n<p id=\"reviews\">Hospitality network reviews<\/p>\n\n\n\n<div style=\"height:50px\" aria-hidden=\"true\" class=\"wp-block-spacer\"><\/div>\n\n\n\n<div class=\"wp-block-columns is-layout-flex wp-container-core-columns-is-layout-9d6595d7 wp-block-columns-is-layout-flex\">\n<div class=\"wp-block-column is-layout-flow wp-block-column-is-layout-flow\" style=\"flex-basis:66.66%\">\n<h2 class=\"wp-block-heading\">Nous pensons que le syst\u00e8me d\u2019\u00e9valuation des voyages aujourd\u2019hui doit \u00eatre consid\u00e9rablement am\u00e9lior\u00e9.<\/h2>\n\n\n\n<p>En tant que professionnel local du secteur du tourisme et du voyage, vous comprenez les d\u00e9fis li\u00e9s \u00e0 la r\u00e9ception de commentaires pr\u00e9cis des clients en ligne. Les clients ont souvent une compr\u00e9hension simplifi\u00e9e de la gestion d\u2019une entreprise \u00e0 vocation touristique, ce qui ne rel\u00e8ve pas de leur responsabilit\u00e9. <\/p>\n\n\n\n<p><\/p>\n\n\n\n<p>Nous pensons qu'il est injuste d'\u00eatre p\u00e9nalis\u00e9 lorsque quelque chose ne va pas, et nous sommes convaincus que le syst\u00e8me actuel d'examen des voyages a cruellement besoin d'\u00eatre am\u00e9lior\u00e9.<\/p>\n\n\n\n<p class=\"has-text-align-center\"><strong>Ne tardez pas. En savoir plus sur notre <a href=\"https:\/\/nodengo.com\/fr\/-33\/-4\/\">syst\u00e8me d'\u00e9valuation<\/a> et comment faire \u00e9valuer votre \u00e9tablissement par un professionnel.<\/strong><\/p>\n<\/div>\n\n\n\n<div class=\"wp-block-column is-layout-flow wp-block-column-is-layout-flow\" style=\"flex-basis:33.33%\">\n<figure class=\"wp-block-image size-full is-resized\"><img decoding=\"async\" width=\"590\" height=\"891\" src=\"https:\/\/nodengo.com\/wp-content\/uploads\/review-page-logo.jpg\" alt=\"review page logo\" class=\"wp-image-8216\" style=\"aspect-ratio:3\/4;object-fit:contain\" title=\"\" srcset=\"https:\/\/nodengo.com\/wp-content\/uploads\/review-page-logo.jpg 590w, https:\/\/nodengo.com\/wp-content\/uploads\/review-page-logo-99x150.jpg 99w, https:\/\/nodengo.com\/wp-content\/uploads\/review-page-logo-199x300.jpg 199w, https:\/\/nodengo.com\/wp-content\/uploads\/review-page-logo-8x12.png 8w\" sizes=\"(max-width: 590px) 100vw, 590px\" \/><\/figure>\n<\/div>\n<\/div>\n<\/div><\/div>\n\n\n\n<div class=\"wp-block-citadela-blocks-custom-container citadela-block-custom-container size-wide bg-type-color inside-space-none has-bg\" style=\"background-color:rgba(244, 244, 244, 1)\"><div class=\"inner-holder\">\n<hr class=\"wp-block-separator has-alpha-channel-opacity\"\/>\n\n\n\n<p id=\"advertise\">Hospitality network Advertising<\/p>\n\n\n\n<div class=\"wp-block-uagb-image aligncenter uagb-block-6d433bae wp-block-uagb-image--layout-default wp-block-uagb-image--effect-static wp-block-uagb-image--align-center\"><figure class=\"wp-block-uagb-image__figure\"><img decoding=\"async\" srcset=\"https:\/\/nodengo.com\/wp-content\/uploads\/728x90-flights.jpg ,https:\/\/nodengo.com\/wp-content\/uploads\/728x90-flights.jpg 780w, https:\/\/nodengo.com\/wp-content\/uploads\/728x90-flights.jpg 360w\" sizes=\"auto, (max-width: 480px) 150px\" src=\"https:\/\/nodengo.com\/wp-content\/uploads\/728x90-flights.jpg\" alt=\"\" class=\"uag-image-208270\" width=\"1024\" height=\"160\" title=\"728x90-flights\" loading=\"lazy\" role=\"img\"><\/figure><\/div>\n\n\n\n<div style=\"height:50px\" aria-hidden=\"true\" class=\"wp-block-spacer\"><\/div>\n\n\n\n<h2 class=\"wp-block-heading\">De la publicit\u00e9 faites correctement<\/h2>\n\n\n\n<p>Don&#8217;t miss the opportunity to reach a global audience at a local level. Our visitors rely on us when planning their vacations, so make sure your business is part of their journey. Inform them about your offerings even before they reach their destination. You can also tap into the local market. Explore our Advertising System to see the options available or learn more about our Network.<\/p>\n\n\n\n<p>Notre publicit\u00e9 v\u00e9ritablement cibl\u00e9e vous permet de vous connecter directement avec des clients potentiels qui recherchent activement des informations sur la destination.<\/p>\n\n\n\n<p>Unlike other platforms, we don&#8217;t display irrelevant ads or promote unrelated products. We prioritize presenting your establishment or business directly to interested clients. Many websites rely on automated advertising that lacks specific targeting. If you&#8217;re planning a trip to Patagonia next summer, seeing an ad for a new sewing machine may not be what you&#8217;re looking for.<\/p>\n\n\n\n<p>B\u00e9n\u00e9ficiez de<a href=\"http:\/\/ads.nodengo.com\/fr\" target=\"_blank\" rel=\"noreferrer noopener\"> Publicit\u00e9 enti\u00e8rement cibl\u00e9e<\/a><\/p>\n\n\n\n<hr class=\"wp-block-separator has-alpha-channel-opacity is-style-wide\"\/>\n\n\n\n<p class=\"has-text-align-center\">\u201cAll local \u2013 All the time \u201c\u2122 is our motto.<\/p>\n<\/div><\/div>","protected":false},"excerpt":{"rendered":"<p>Welcome to our Hospitality Network Quick links to LISTING | REVIEWS | SERVICE PROVIDERS | EDITORS | ADVERTISING<\/p>","protected":false},"author":249,"featured_media":0,"parent":0,"menu_order":0,"comment_status":"closed","ping_status":"closed","template":"","meta":{"_uag_custom_page_level_css":"","_citadela_hide_page_title":"1","_citadela_remove_header_space":"1","_citadela_custom_class":"","_citadela_half_map_provider":"","_citadela_half_map_theme":"","_citadela_half_map_themeOSM":"","_citadela_half_map_customTheme":"","_citadela_half_map_dataType":"","_citadela_half_map_dynamicTrack":false,"_citadela_half_map_trackColor":"","_citadela_half_map_trackEndpointsColor":"","_citadela_half_map_filterCategory":"","_citadela_half_map_filterLocation":"","_citadela_half_map_filterFeatured":false,"_citadela_half_map_noDataBehavior":"empty-map","_citadela_half_map_noDataText":"","_citadela_half_map_clusterGridSize":80,"_citadela_header":true,"_citadela_header_over_content":false,"_citadela_header_text_color":"","_citadela_header_logo":{"id":208235,"url":"https:\/\/nodengo.com\/wp-content\/uploads\/Nodengo-logo-nhn.jpg","size":{"width":316,"height":75}},"_citadela_header_bg_image":[],"_citadela_header_bg_position":{"x":0.5,"y":0.5},"_citadela_header_bg_size":"cover","_citadela_header_bg_repeat":"no-repeat","_citadela_header_bg_fixed":false,"_citadela_header_bg_color":"","_citadela_header_bg_image_overlay":"","_citadela_header_transparent_bg":false,"_citadela_content_width":"","_citadela_half_layout_position":"","footnotes":""},"class_list":["post-54134","page","type-page","status-publish","hentry"],"uagb_featured_image_src":{"full":false,"thumbnail":false,"medium":false,"medium_large":false,"large":false,"1536x1536":false,"2048x2048":false,"trp-custom-language-flag":false,"citadela_item_thumbnail":false,"woocommerce_thumbnail":false,"woocommerce_single":false,"woocommerce_gallery_thumbnail":false,"citadela_service":false},"uagb_author_info":{"display_name":"Team Nodengo","author_link":"https:\/\/nodengo.com\/fr\/author\/nodengo-team\/"},"uagb_comment_info":0,"uagb_excerpt":"Welcome to our Hospitality Network Quick links to LISTING | REVIEWS | SERVICE PROVIDERS | EDITORS | ADVERTISING","_links":{"self":[{"href":"https:\/\/nodengo.com\/fr\/wp-json\/wp\/v2\/pages\/54134","targetHints":{"allow":["GET"]}}],"collection":[{"href":"https:\/\/nodengo.com\/fr\/wp-json\/wp\/v2\/pages"}],"about":[{"href":"https:\/\/nodengo.com\/fr\/wp-json\/wp\/v2\/types\/page"}],"author":[{"embeddable":true,"href":"https:\/\/nodengo.com\/fr\/wp-json\/wp\/v2\/users\/249"}],"replies":[{"embeddable":true,"href":"https:\/\/nodengo.com\/fr\/wp-json\/wp\/v2\/comments?post=54134"}],"version-history":[{"count":0,"href":"https:\/\/nodengo.com\/fr\/wp-json\/wp\/v2\/pages\/54134\/revisions"}],"wp:attachment":[{"href":"https:\/\/nodengo.com\/fr\/wp-json\/wp\/v2\/media?parent=54134"}],"curies":[{"name":"wp","href":"https:\/\/api.w.org\/{rel}","templated":true}]}}