{"id":54052,"date":"2022-09-17T07:49:50","date_gmt":"2022-09-17T05:49:50","guid":{"rendered":"https:\/\/nodengo.com\/?page_id=54052"},"modified":"2025-12-16T08:50:36","modified_gmt":"2025-12-16T07:50:36","slug":"hospitality-and-services-provider","status":"publish","type":"page","link":"https:\/\/nodengo.com\/fr\/hospitality-network\/hospitality-and-services-provider\/","title":{"rendered":"La meilleure solution pour les prestataires d'h\u00f4tellerie et de services"},"content":{"rendered":"<div style=\"height:14px\" aria-hidden=\"true\" class=\"wp-block-spacer\"><\/div>\n\n\n\t\t\t<!-- Flexy Breadcrumb -->\r\n\t\t\t<div class=\"fbc fbc-page\">\r\n\r\n\t\t\t\t<!-- Breadcrumb wrapper -->\r\n\t\t\t\t<div class=\"fbc-wrap\">\r\n\r\n\t\t\t\t\t<!-- Ordered list-->\r\n\t\t\t\t\t<ol class=\"fbc-items\" itemscope itemtype=\"https:\/\/schema.org\/BreadcrumbList\">\r\n\t\t\t\t\t\t            <li itemprop=\"itemListElement\" itemscope itemtype=\"https:\/\/schema.org\/ListItem\">\r\n                <span itemprop=\"name\">\r\n                    <!-- Home Link -->\r\n                    <a itemprop=\"item\" href=\"https:\/\/nodengo.com\/fr\/\">\r\n                    \r\n                                                    <i class=\"fa fa-home\" aria-hidden=\"true\"><\/i>Home                    <\/a>\r\n                <\/span>\r\n                <meta itemprop=\"position\" content=\"1\" \/><!-- Meta Position-->\r\n             <\/li><li><span class=\"fbc-separator\">\/<\/span><\/li><li class=\"active\" itemprop=\"itemListElement\" itemscope itemtype=\"https:\/\/schema.org\/ListItem\"><span itemprop=\"name\" title=\"Best Travel Blog\">Best Travel Blog<\/span><meta itemprop=\"position\" content=\"2\" \/><\/li>\t\t\t\t\t<\/ol>\r\n\t\t\t\t\t<div class=\"clearfix\"><\/div>\r\n\t\t\t\t<\/div>\r\n\t\t\t<\/div>\r\n\t\t\t\n\n\n\n<p class=\"has-text-align-right\"><i class=\"fas fa-user\"><\/i> <a href=\"\/fr\/partner-help\/\">Partenaires<\/a> | <i class=\"fas fa-pen\"><\/i> <a href=\"\/fr\/partner-help\/#editors\">\u00c9diteurs<\/a> | <i class=\"fas fa-question\"><\/i> <a href=\"\/fr\/partner-help\/\">Aide<\/a> | <i class=\"fas fa-id-card\"><\/i> <a href=\"https:\/\/nodengo.com\/fr\/parther-help\/-28\/\">Contact<\/a> | <i class=\"fas fa-list\"><\/i> <a href=\"\/fr\/-3\/\">Compte <\/a><\/p>\n\n\n\n<div class=\"wp-block-citadela-blocks-custom-container citadela-block-custom-container size-wide bg-type-image inside-space-none bg-size-cover has-overlay\"><div class=\"bg-image-wrapper\" style=\"background-image:url(https:\/\/nodengo.com\/wp-content\/uploads\/service-provide-header.jpg);background-repeat:no-repeat;background-position:50% 50%\"><\/div><div class=\"bg-image-overlay\" style=\"opacity:0.5\"><\/div><div class=\"inner-holder\">\n<div style=\"height:243px\" aria-hidden=\"true\" class=\"wp-block-spacer\"><\/div>\n\n\n\n<h2 class=\"wp-block-heading has-text-align-center has-white-color has-text-color\"><strong>PRESTATAIRES DE SERVICES DE L'HOSPITALIT\u00c9\u2013 UN CHALEUREUX ACCUEIL<\/strong><\/h2>\n\n\n\n<div style=\"height:115px\" aria-hidden=\"true\" class=\"wp-block-spacer\"><\/div>\n<\/div><\/div>\n\n\n\n<div style=\"height:35px\" aria-hidden=\"true\" class=\"wp-block-spacer\"><\/div>\n\n\n\n<div class=\"wp-block-citadela-blocks-custom-container citadela-block-custom-container size-wide bg-type-none inside-space-none\"><div class=\"inner-holder\">\n<h3 class=\"wp-block-heading has-text-align-center\"><strong>\u00cates-vous int\u00e9ress\u00e9 \u00e0 promouvoir vos services aupr\u00e8s des bons clients\u00a0?<\/strong><\/h3>\n\n\n\n<div class=\"wp-block-columns is-layout-flex wp-container-core-columns-is-layout-9d6595d7 wp-block-columns-is-layout-flex\">\n<div class=\"wp-block-column is-layout-flow wp-block-column-is-layout-flow\" style=\"flex-basis:25%\"><div class=\"wp-block-image\">\n<figure class=\"alignright size-full\"><img decoding=\"async\" width=\"217\" height=\"287\" src=\"https:\/\/nodengo.com\/wp-content\/uploads\/custres.gif\" alt=\"Best solution for hospitality and services providers\" class=\"wp-image-144715\" style=\"aspect-ratio:3\/4;object-fit:cover\" title=\"\"><\/figure>\n<\/div><\/div>\n\n\n\n<div class=\"wp-block-column is-layout-flow wp-block-column-is-layout-flow\" style=\"flex-basis:66.66%\">\n<p>En tant que prestataires de services dans l'industrie du tourisme et des voyages. Vous savez \u00e0 quel point il est difficile de vous d\u00e9marquer, vous cherchez de nouvelles avenues pour diff\u00e9rencier votre entreprise des autres. Bien qu'il soit assez facile de le faire localement, vous savez que le faire en ligne peut \u00eatre un cauchemar.<\/p>\n\n\n\n<p>Si seulement il y avait un moyen de se d\u00e9marquer sans d\u00e9penser une fortune en r\u00e9f\u00e9rencement, en donnant autant de commissions aux OTA ou en allouant beaucoup d'argent, de temps, et de ressources pour essayer de faire de la publicit\u00e9 en ligne, et surtout pour voir s'il y a un r\u00e9el retour sur investissement.<\/p>\n\n\n\n<p>Il devrait y avoir de nouvelles fa\u00e7ons de faire conna\u00eetre un \u00e9tablissement au public. Maintenant il y en a !<strong> Maintenant, il y en a une !<\/strong><\/p>\n<\/div>\n<\/div>\n\n\n\n<p>Nodengo.com est une solution alternative, notre objectif est de donner aux visiteurs potentiels - Des informations pr\u00e9cises, impartiales et \u00e0 jour sur la ville qu'ils sont sur le point de visiter. et dans cet esprit, nous vous proposons de r\u00e9pertorier votre entreprise sur nos pages locales, de la promouvoir sur notre site Web et, mieux encore, d'\u00eatre examin\u00e9e avec pr\u00e9cision.<\/p>\n\n\n\n<p>Nous nous sommes fix\u00e9s pour but d'\u00eatre le no 1 des informations sur les destinations dans le monde, en fournissant des critiques impartiales, professionnelles et pr\u00e9cises sur les \u00e9tablissements locaux fournies par nos r\u00e9dacteurs locaux.<\/p>\n\n\n\n<p>Notre mission est de corriger ces probl\u00e8mes en offrant aux restaurateurs et aux professionnels du tourisme une autre mani\u00e8re de faire conna\u00eetre leur \u00e9tablissement au public.<\/p>\n\n\n\n<p><strong>Notre site Web vise \u00e0 fournir aux visiteurs potentiels des informations pr\u00e9cises, impartiales et \u00e0 jour sur la ville qu'ils envisagent de visiter.<\/strong><\/p>\n<\/div><\/div>\n\n\n\n<div class=\"wp-block-citadela-blocks-custom-container citadela-block-custom-container size-wide bg-type-none inside-space-none\"><div class=\"inner-holder\">\n<div class=\"wp-block-columns is-layout-flex wp-container-core-columns-is-layout-9d6595d7 wp-block-columns-is-layout-flex\">\n<div class=\"wp-block-column is-layout-flow wp-block-column-is-layout-flow\" style=\"flex-basis:33.33%\"><div class=\"wp-block-image is-style-rounded\">\n<figure class=\"aligncenter size-full\"><img decoding=\"async\" width=\"741\" height=\"465\" src=\"https:\/\/nodengo.com\/wp-content\/uploads\/slider-img1.png\" alt=\"\" class=\"wp-image-144714\" title=\"\" srcset=\"https:\/\/nodengo.com\/wp-content\/uploads\/slider-img1.png 741w, https:\/\/nodengo.com\/wp-content\/uploads\/slider-img1-150x94.png 150w, https:\/\/nodengo.com\/wp-content\/uploads\/slider-img1-300x188.png 300w, https:\/\/nodengo.com\/wp-content\/uploads\/slider-img1-18x12.png 18w\" sizes=\"(max-width: 741px) 100vw, 741px\" \/><\/figure>\n<\/div><\/div>\n\n\n\n<div class=\"wp-block-column is-layout-flow wp-block-column-is-layout-flow\" style=\"flex-basis:66.66%\">\n<h4 class=\"wp-block-heading\"><strong>\u00cates-vous int\u00e9ress\u00e9 \u00e0 \u00eatre \u00e9valu\u00e9 par un professionnel?<\/strong><\/h4>\n\n\n\n<p>Vous \u00eates dans l'industrie de l'h\u00f4tellerie et des services, et comme vous le savez, des milliers d'avis sont disponibles sur Internet et leur nombre est en augmentation. Et si ces avis donnent en quelque sorte une id\u00e9e d'un \u00e9tablissement, ils ne repr\u00e9sentent pas, \u00e0 notre avis, pleinement ce que ces \u00e9tablissements proposent.<\/p>\n\n\n\n<p>Les OTA et les sites de voyages proposent \u00e0 leurs clients d\u2019\u00e9valuer l\u2019\u00e9tablissement qu\u2019ils ont visit\u00e9, certains proposent m\u00eame de faire en sorte que leurs clients deviennent des \u00ab\u00e9valuateurs\u00bb en offrant une compensation mon\u00e9taire lors de leur s\u00e9jour dans un h\u00f4tel.<\/p>\n<\/div>\n<\/div>\n<\/div><\/div>\n\n\n\n<h2 class=\"wp-block-heading\">5 RAISONS POUR LESQUELLES NOUS SOMMES MIEUX<\/h2>\n\n\n\n<p class=\"has-text-color\" style=\"color:#4d5358\"><strong>Nous savons quoi faire, comment le faire et quoi ne pas faire.<\/strong><\/p>\n\n\n\n<div class=\"wp-block-citadela-blocks-custom-container citadela-block-custom-container size-wide bg-type-none inside-space-none\"><div class=\"inner-holder\">\n<div class=\"wp-block-columns is-layout-flex wp-container-core-columns-is-layout-9d6595d7 wp-block-columns-is-layout-flex\">\n<div class=\"wp-block-column is-layout-flow wp-block-column-is-layout-flow\" style=\"flex-basis:45%\">\n<p class=\"has-text-align-right\"><strong>Raison 1 : DES INFORMATIONS VRAIMENT LOCALES<\/strong><\/p>\n<\/div>\n\n\n\n<div class=\"wp-block-column is-layout-flow wp-block-column-is-layout-flow\" style=\"flex-basis:55%\">\n<p style=\"font-size:15px\">Les informations sont v\u00e9ritablement locales, puisque nos\u00a0\u00e9diteurs\u00a0sont des locaux, ils ne sont pas recueillis par des op\u00e9rateurs \u00e9trangers qui n'ont jamais visit\u00e9 la ville dont ils informent les visiteurs.<br>Nos r\u00e9dacteurs vivent dans la ville sur laquelle ils \u00e9crivent \u2013 ils la connaissent, ils y vivent.<\/p>\n<\/div>\n<\/div>\n\n\n\n<div class=\"wp-block-columns is-layout-flex wp-container-core-columns-is-layout-9d6595d7 wp-block-columns-is-layout-flex\">\n<div class=\"wp-block-column is-layout-flow wp-block-column-is-layout-flow\" style=\"flex-basis:45%\">\n<p class=\"has-text-align-right\"><strong>Raison 2 : EXACT<\/strong><\/p>\n<\/div>\n\n\n\n<div class=\"wp-block-column is-layout-flow wp-block-column-is-layout-flow\" style=\"flex-basis:55%\">\n<p style=\"font-size:15px\">Nos informations sont exactes, aucun d\u00e9lai entre la collecte des informations et la publication sur notre site, encore une fois nos\u00a0\u00e9diteurs\u00a0sont locaux et leur recommandation aussi\u00a0; ils savent ce qui se passe localement et dans leur quartier et le publient sur notre site.<\/p>\n<\/div>\n<\/div>\n\n\n\n<div class=\"wp-block-columns is-layout-flex wp-container-core-columns-is-layout-9d6595d7 wp-block-columns-is-layout-flex\">\n<div class=\"wp-block-column is-layout-flow wp-block-column-is-layout-flow\" style=\"flex-basis:45%\">\n<p class=\"has-text-align-right\"><strong>Raison 3 : \u00c9VALUATIONS PROFESSIONNELLES<\/strong><\/p>\n<\/div>\n\n\n\n<div class=\"wp-block-column is-layout-flow wp-block-column-is-layout-flow\" style=\"flex-basis:55%\">\n<p style=\"font-size:15px\">Nos \u00e9valuations sont \u00e9crites par de vraies personnes, exp\u00e9riment\u00e9es, de plus ces \u00e9valuations ne sont pas r\u00e9dig\u00e9es par des \u00abtouristes amateurs\u00bb, nos r\u00e9dacteurs sont des professionnels de l'h\u00f4tellerie, ils connaissent votre activit\u00e9 et peuvent d\u00e9crire et \u00e9valuer avec pr\u00e9cision votre \u00e9tablissement.<\/p>\n<\/div>\n<\/div>\n\n\n\n<div class=\"wp-block-columns is-layout-flex wp-container-core-columns-is-layout-9d6595d7 wp-block-columns-is-layout-flex\">\n<div class=\"wp-block-column is-layout-flow wp-block-column-is-layout-flow\" style=\"flex-basis:45%\">\n<p class=\"has-text-align-right\"><strong>Raison 4 : NOUS SOMMES MEILLEURS<\/strong><\/p>\n<\/div>\n\n\n\n<div class=\"wp-block-column is-layout-flow wp-block-column-is-layout-flow\" style=\"flex-basis:55%\">\n<p style=\"font-size:15px\">Nous ne sommes PAS simplement un moteur de recherches, un \"site de commentaires\" ou simplement int\u00e9ress\u00e9s par la publication d'avis non-v\u00e9rifi\u00e9s et souvent non-professionnels, nous pensons qu'il y a une meilleure solution, nous r\u00e9pertorions des avis honn\u00eates et pr\u00e9cis - nous estimons que vous m\u00e9ritez mieux, et visons \u00e0 \u00eatre sup\u00e9rieur \u00e0 cet \u00e9gard<\/p>\n<\/div>\n<\/div>\n\n\n\n<div class=\"wp-block-columns is-layout-flex wp-container-core-columns-is-layout-9d6595d7 wp-block-columns-is-layout-flex\">\n<div class=\"wp-block-column is-layout-flow wp-block-column-is-layout-flow\" style=\"flex-basis:45%\">\n<p class=\"has-text-align-right\"><strong>Raison 5 : C'EST GRATUIT<\/strong><\/p>\n<\/div>\n\n\n\n<div class=\"wp-block-column is-layout-flow wp-block-column-is-layout-flow\" style=\"flex-basis:55%\">\n<p style=\"font-size:15px\">Notre service est gratuit, le r\u00e9f\u00e9rencement de base de votre entreprise sur Internet et sur tous les appareils est gratuit. Le seul co\u00fbt associ\u00e9 \u00e0 une \u00e9valuation est que vous fournissez vos services gratuitement \u00e0 l'un de nos \u00e9diteurs, et que nous les publions sur notre site Web. Compte tenu des implications et des co\u00fbts associ\u00e9s aux autres \u00e9valuations, il s'agit d'un co\u00fbt minime. C'est aussi simple<\/p>\n<\/div>\n<\/div>\n<\/div><\/div>\n\n\n\n<div class=\"wp-block-citadela-blocks-custom-container citadela-block-custom-container size-wide bg-type-none inside-space-none\"><div class=\"inner-holder\">\n<div class=\"wp-block-columns is-layout-flex wp-container-core-columns-is-layout-9d6595d7 wp-block-columns-is-layout-flex\">\n<div class=\"wp-block-column is-layout-flow wp-block-column-is-layout-flow\">\n<div class=\"wp-block-citadela-blocks-service citadela-block-service main-holder layout-box header-type-icon has-readmore standard\"><div class=\"service-header\"><div class=\"service-icon\"><a href=\"https:\/\/nodengo.com\/fr\/-33\/\"><i class=\"fas fa-info-circle\" style=\"color:#b9b9b9\"><\/i><\/a><\/div><\/div><div class=\"service-content\"><div class=\"service-content-wrap\"><a href=\"https:\/\/nodengo.com\/fr\/-33\/\"><h3 class=\"service-title\"><a href=\"https:\/\/nodengo.com\/fr\/-33\/\"><\/a><a href=\"https:\/\/nodengo.com\/fr\/-33\/\"><\/a><a href=\"https:\/\/nodengo.com\/fr\/-33\/\"><\/a><a href=\"https:\/\/nodengo.com\/fr\/-33\/\"><\/a><a href=\"https:\/\/nodengo.com\/fr\/faq\/\"><\/a><a href=\"https:\/\/nodengo.com\/fr\/faq\/\"><strong><\/strong><\/a><strong><a href=\"https:\/\/nodengo.com\/fr\/-33\/\"> NOUS POUVONS VOUS AIDER\u00a0<\/a><\/strong><\/h3><\/a><p class=\"service-description\">Nodengo.com peut aider les prestataires d'accueil et de services \u00e0 promouvoir leur \u00e9tablissement.<\/p><a href=\"https:\/\/nodengo.com\/fr\/-33\/\" class=\"service-readmore\"><span class=\"service-readmore-text\">Savoir plus<\/span><\/a><\/div><\/div><\/div>\n<\/div>\n\n\n\n<div class=\"wp-block-column is-layout-flow wp-block-column-is-layout-flow\">\n<div class=\"wp-block-citadela-blocks-service citadela-block-service main-holder layout-box header-type-icon has-readmore standard\"><div class=\"service-header\"><div class=\"service-icon\"><a href=\"https:\/\/nodengo.com\/fr\/-2\/\"><i class=\"fas fa-pen\" style=\"color:#b9b9b9\"><\/i><\/a><\/div><\/div><div class=\"service-content\"><div class=\"service-content-wrap\"><a href=\"https:\/\/nodengo.com\/fr\/-2\/\"><h3 class=\"service-title\"><strong><a href=\"https:\/\/nodengo.com\/fr\/-33\/\"> VOTRE \u00c9TABLISSEMENT R\u00c9PERTORI\u00c9<\/a><\/strong><\/h3><\/a><p class=\"service-description\">afin que vous puissiez atteindre des voyageurs potentiels dans le monde entier.<\/p><a href=\"https:\/\/nodengo.com\/fr\/-2\/\" class=\"service-readmore\"><span class=\"service-readmore-text\">Inscription gratuite<\/span><\/a><\/div><\/div><\/div>\n<\/div>\n\n\n\n<div class=\"wp-block-column is-layout-flow wp-block-column-is-layout-flow\">\n<div class=\"wp-block-citadela-blocks-service citadela-block-service main-holder layout-box header-type-icon has-readmore standard\"><div class=\"service-header\"><div class=\"service-icon\"><a href=\"https:\/\/nodengo.com\/fr\/-33\/-4\/\"><i class=\"fas fa-star\" style=\"color:#b9b9b9\"><\/i><\/a><\/div><\/div><div class=\"service-content\"><div class=\"service-content-wrap\"><a href=\"https:\/\/nodengo.com\/fr\/-33\/-4\/\"><h3 class=\"service-title\"><a href=\"https:\/\/nodengo.com\/fr\/-33\/-4\/\"><\/a><a href=\"https:\/\/nodengo.com\/fr\/-33\/-4\/\"><\/a><a href=\"https:\/\/nodengo.com\/fr\/-33\/-4\/\"><\/a><a href=\"https:\/\/nodengo.com\/fr\/network\/-4\/\"><\/a><a href=\"https:\/\/nodengo.com\/fr\/network\/-4\/\"><\/a><a href=\"https:\/\/nodengo.com\/fr\/network\/-4\/\"><\/a><a href=\"https:\/\/nodengo.com\/fr\/network\/-4\/\"><\/a><a href=\"https:\/\/nodengo.com\/fr\/network\/-4\/\"><\/a><a href=\"https:\/\/nodengo.com\/fr\/network\/-4\/\"><\/a><a href=\"https:\/\/nodengo.com\/fr\/network\/-4\/\"><\/a><a href=\"https:\/\/nodengo.com\/fr\/-33\/-4\/\"><strong>DEMANDEZ UNE \u00c9VALUATION<\/strong><\/a><\/h3><\/a><p class=\"service-description\">Faites \u00e9valuer votre \u00e9tablissement et b\u00e9n\u00e9ficiez d'une exposition maximale.<\/p><a href=\"https:\/\/nodengo.com\/fr\/-33\/-4\/\" class=\"service-readmore\"><span class=\"service-readmore-text\">EN SAVOIR PLUS<\/span><\/a><\/div><\/div><\/div>\n<\/div>\n\n\n\n<div class=\"wp-block-column is-layout-flow wp-block-column-is-layout-flow\">\n<div class=\"wp-block-citadela-blocks-service citadela-block-service main-holder layout-box header-type-icon has-readmore standard\"><div class=\"service-header\"><div class=\"service-icon\"><a href=\"https:\/\/ads.nodengo.com\/fr\/\"><i class=\"fas fa-bullhorn\" style=\"color:#b9b9b9\"><\/i><\/a><\/div><\/div><div class=\"service-content\"><div class=\"service-content-wrap\"><a href=\"https:\/\/ads.nodengo.com\/fr\/\"><h3 class=\"service-title\"><a href=\"https:\/\/ads.nodengo.com\/fr\/\"><\/a><a href=\"https:\/\/ads.nodengo.com\/fr\/\"><\/a><a href=\"https:\/\/ads.nodengo.com\/fr\/\"><\/a><a href=\"https:\/\/ads.nodengo.com\/fr\/\"><\/a><a href=\"https:\/\/ads.nodengo.com\/fr\/\"><\/a><a href=\"https:\/\/ads.nodengo.com\/fr\/\"><\/a><a href=\"https:\/\/ads.nodengo.com\/fr\/\"><\/a><a href=\"https:\/\/ads.nodengo.com\/fr\/\"><\/a><a href=\"https:\/\/ads.nodengo.com\/fr\/\"><\/a><a href=\"https:\/\/ads.nodengo.com\/fr\/\"><\/a><a href=\"https:\/\/ads.nodengo.com\/fr\/\"><strong>PUBLICIT\u00c9<\/strong><\/a><\/h3><\/a><p class=\"service-description\"> Faites de la publicit\u00e9 sur Nodengo.com et profitez de nos options de publicit\u00e9 vraiment cibl\u00e9es.<\/p><a href=\"https:\/\/ads.nodengo.com\/fr\/\" class=\"service-readmore\"><span class=\"service-readmore-text\">PUBLICIT\u00c9<\/span><\/a><\/div><\/div><\/div>\n<\/div>\n<\/div>\n\n\n\n<p>En plus de fournir des informations locales pr\u00e9cises, Nodengo.com offre \u00e9galement une multitude d'autres options.<\/p>\n\n\n\n<ul class=\"wp-block-list\">\n<li>Un&nbsp;<strong><a href=\"https:\/\/nodengo.com\/fr\/vols\/\" target=\"_blank\" data-type=\"page\" data-id=\"26317\" rel=\"noreferrer noopener\">moteur de recherche de vols<\/a>&nbsp;<\/strong>pour trouver la meilleure offre et r\u00e9server des vols parmi 728 compagnies a\u00e9riennes et 5 syst\u00e8mes de r\u00e9servation.<\/li>\n\n\n\n<li>Un m\u00e9ta moteur de recherche pour trouver&nbsp;<a href=\"https:\/\/nodengo.com\/fr\/hotels\/\" target=\"_blank\" data-type=\"page\" data-id=\"26236\" rel=\"noreferrer noopener\"><strong>meilleur h\u00f4tel<\/strong><\/a>&nbsp;aux meilleurs prix et jusqu'\u00e0 60% de r\u00e9duction.<\/li>\n\n\n\n<li><strong>Activit\u00e9s en ligne avant l'arriv\u00e9e<\/strong>, \u00e9vitez les files d'attente et choisissez les meilleurs spectacles avant de partir.<\/li>\n\n\n\n<li><strong>Un moteur de recherche<\/strong><a href=\"https:\/\/nodengo.com\/fr\/-13\/\" target=\"_blank\" data-type=\"page\" data-id=\"26089\" rel=\"noreferrer noopener\"><strong>&nbsp;de location de voiture<\/strong><\/a>&nbsp;pour trouver la meilleure voiture au meilleur prix partout dans le monde.<\/li>\n<\/ul>\n\n\n\n<p><\/p>\n<\/div><\/div>","protected":false},"excerpt":{"rendered":"<p>Partners | Editors | Help | Contact | Account 5 REASONS WE ARE BETTER We know what must be done, what has to be done, and what should not be [&hellip;]<\/p>\n","protected":false},"author":249,"featured_media":0,"parent":54134,"menu_order":0,"comment_status":"closed","ping_status":"closed","template":"","meta":{"_uag_custom_page_level_css":"","_citadela_hide_page_title":"1","_citadela_remove_header_space":"1","_citadela_custom_class":"","_citadela_half_map_provider":"","_citadela_half_map_theme":"","_citadela_half_map_themeOSM":"","_citadela_half_map_customTheme":"","_citadela_half_map_dataType":"","_citadela_half_map_dynamicTrack":false,"_citadela_half_map_trackColor":"","_citadela_half_map_trackEndpointsColor":"","_citadela_half_map_filterCategory":"","_citadela_half_map_filterLocation":"","_citadela_half_map_filterFeatured":false,"_citadela_half_map_noDataBehavior":"empty-map","_citadela_half_map_noDataText":"","_citadela_half_map_clusterGridSize":80,"_citadela_header":true,"_citadela_header_over_content":false,"_citadela_header_text_color":"","_citadela_header_logo":{"id":208235,"url":"https:\/\/nodengo.com\/wp-content\/uploads\/Nodengo-logo-nhn.jpg","size":{"width":316,"height":75}},"_citadela_header_bg_image":[],"_citadela_header_bg_position":{"x":0.5,"y":0.5},"_citadela_header_bg_size":"cover","_citadela_header_bg_repeat":"no-repeat","_citadela_header_bg_fixed":false,"_citadela_header_bg_color":"","_citadela_header_bg_image_overlay":"","_citadela_header_transparent_bg":false,"_citadela_content_width":"","_citadela_half_layout_position":"","footnotes":""},"class_list":["post-54052","page","type-page","status-publish","hentry"],"uagb_featured_image_src":{"full":false,"thumbnail":false,"medium":false,"medium_large":false,"large":false,"1536x1536":false,"2048x2048":false,"trp-custom-language-flag":false,"citadela_item_thumbnail":false,"woocommerce_thumbnail":false,"woocommerce_single":false,"woocommerce_gallery_thumbnail":false,"citadela_service":false},"uagb_author_info":{"display_name":"Team Nodengo","author_link":"https:\/\/nodengo.com\/fr\/author\/nodengo-team\/"},"uagb_comment_info":0,"uagb_excerpt":"Partners | Editors | Help | Contact | Account 5 REASONS WE ARE BETTER We know what must be done, what has to be done, and what should not be [&hellip;]","_links":{"self":[{"href":"https:\/\/nodengo.com\/fr\/wp-json\/wp\/v2\/pages\/54052","targetHints":{"allow":["GET"]}}],"collection":[{"href":"https:\/\/nodengo.com\/fr\/wp-json\/wp\/v2\/pages"}],"about":[{"href":"https:\/\/nodengo.com\/fr\/wp-json\/wp\/v2\/types\/page"}],"author":[{"embeddable":true,"href":"https:\/\/nodengo.com\/fr\/wp-json\/wp\/v2\/users\/249"}],"replies":[{"embeddable":true,"href":"https:\/\/nodengo.com\/fr\/wp-json\/wp\/v2\/comments?post=54052"}],"version-history":[{"count":0,"href":"https:\/\/nodengo.com\/fr\/wp-json\/wp\/v2\/pages\/54052\/revisions"}],"up":[{"embeddable":true,"href":"https:\/\/nodengo.com\/fr\/wp-json\/wp\/v2\/pages\/54134"}],"wp:attachment":[{"href":"https:\/\/nodengo.com\/fr\/wp-json\/wp\/v2\/media?parent=54052"}],"curies":[{"name":"wp","href":"https:\/\/api.w.org\/{rel}","templated":true}]}}