{"id":54050,"date":"2022-09-17T07:48:29","date_gmt":"2022-09-17T05:48:29","guid":{"rendered":"https:\/\/nodengo.com\/?page_id=54050"},"modified":"2025-12-16T08:48:11","modified_gmt":"2025-12-16T07:48:11","slug":"-31","status":"publish","type":"page","link":"https:\/\/nodengo.com\/fr\/hospitality-network\/become-an-editor\/","title":{"rendered":"Devenir \u00e9diteur"},"content":{"rendered":"<div class=\"wp-block-citadela-blocks-custom-container citadela-block-custom-container size-wide bg-type-none inside-space-none\"><div class=\"inner-holder\">\n<div class=\"wp-block-citadela-blocks-custom-container citadela-block-custom-container size-wide bg-type-image inside-space-none bg-size-cover has-overlay has-min-height vertical-align-top\" style=\"min-height:350px\"><div class=\"bg-image-wrapper\" style=\"background-image:url(https:\/\/nodengo.com\/wp-content\/uploads\/outdoor-travel.jpg);background-repeat:no-repeat;background-position:49% 8%\"><\/div><div class=\"bg-image-overlay\" style=\"opacity:0.5\"><\/div><div class=\"inner-holder\">\n<div style=\"height:188px\" aria-hidden=\"true\" class=\"wp-block-spacer\"><\/div>\n\n\n\n<div style=\"height:145px\" aria-hidden=\"true\" class=\"wp-block-spacer\"><\/div>\n\n\n\n<h1 class=\"wp-block-heading has-black-color has-text-color has-link-color wp-elements-f8e359afdec43f7686dae2e4c918631a\">What is an Editor ?.. Good question, thank you for asking.<\/h1>\n\n\n\n<div style=\"height:145px\" aria-hidden=\"true\" class=\"wp-block-spacer\"><\/div>\n\n\n\n<div style=\"height:145px\" aria-hidden=\"true\" class=\"wp-block-spacer\"><\/div>\n<\/div><\/div>\n\n\n\n<div class=\"wp-block-columns is-layout-flex wp-container-core-columns-is-layout-9d6595d7 wp-block-columns-is-layout-flex\">\n<div class=\"wp-block-column is-layout-flow wp-block-column-is-layout-flow\">\t\t\t<!-- Flexy Breadcrumb -->\r\n\t\t\t<div class=\"fbc fbc-page\">\r\n\r\n\t\t\t\t<!-- Breadcrumb wrapper -->\r\n\t\t\t\t<div class=\"fbc-wrap\">\r\n\r\n\t\t\t\t\t<!-- Ordered list-->\r\n\t\t\t\t\t<ol class=\"fbc-items\" itemscope itemtype=\"https:\/\/schema.org\/BreadcrumbList\">\r\n\t\t\t\t\t\t            <li itemprop=\"itemListElement\" itemscope itemtype=\"https:\/\/schema.org\/ListItem\">\r\n                <span itemprop=\"name\">\r\n                    <!-- Home Link -->\r\n                    <a itemprop=\"item\" href=\"https:\/\/nodengo.com\/fr\/\">\r\n                    \r\n                                                    <i class=\"fa fa-home\" aria-hidden=\"true\"><\/i>Home                    <\/a>\r\n                <\/span>\r\n                <meta itemprop=\"position\" content=\"1\" \/><!-- Meta Position-->\r\n             <\/li><li><span class=\"fbc-separator\">\/<\/span><\/li><li class=\"active\" itemprop=\"itemListElement\" itemscope itemtype=\"https:\/\/schema.org\/ListItem\"><span itemprop=\"name\" title=\"Best Travel Blog\">Best Travel Blog<\/span><meta itemprop=\"position\" content=\"2\" \/><\/li>\t\t\t\t\t<\/ol>\r\n\t\t\t\t\t<div class=\"clearfix\"><\/div>\r\n\t\t\t\t<\/div>\r\n\t\t\t<\/div>\r\n\t\t\t\n\n\n\n<div class=\"wp-block-citadela-blocks-spacer citadela-block-spacer negative-height\"><div class=\"inner-holder\" style=\"margin-top:-11em\"><\/div><\/div>\n<\/div>\n\n\n\n<div class=\"wp-block-column is-layout-flow wp-block-column-is-layout-flow\">\n<p class=\"has-text-align-center has-black-color has-text-color has-link-color wp-elements-0c133fc4ec650d7645676c41cbd54cdd\"><a href=\"https:\/\/nodengo.com\/fr\/-33\/-31\/requirements\/\" data-type=\"page\" data-id=\"53827\">Requirements<\/a> &#8211; <a href=\"https:\/\/nodengo.com\/fr\/-33\/-31\/eligibility\/\" data-type=\"page\" data-id=\"53768\">Eligibility<\/a> &#8211; <a href=\"#advantages\">Advantages<\/a> &#8211; <a href=\"https:\/\/nodengo.com\/hospitality-network\/editors-sign-up\/\" data-type=\"page\" data-id=\"54492\">Sign Up<\/a><\/p>\n<\/div>\n<\/div>\n<\/div><\/div>\n\n\n\n<div class=\"wp-block-citadela-blocks-custom-container citadela-block-custom-container size-wide bg-type-none inside-space-none\"><div class=\"inner-holder\">\n<div class=\"wp-block-citadela-blocks-custom-container citadela-block-custom-container size-wide bg-type-none inside-space-none\"><div class=\"inner-holder\">\n<p>DEVENEZ R\u00c9DACTITEUR DE NODENGO.COM<\/p>\n\n\n\n<h3 class=\"wp-block-heading\">Nous pensons qu'il existe un besoin et une opportunit\u00e9 \u00e0 l'\u00e9chelle mondiale de fournir des informations impartiales et pr\u00e9cises aux voyageurs.<\/h3>\n\n\n\n<h3 class=\"wp-block-heading\"> Et nous avons besoin d'\u00e9diteurs<\/h3>\n\n\n\n<p>In today&#8217;s world, it seems like everyone believes they are qualified to offer advice on the service industry. However, these &#8220;comments&#8221; often lack objectivity and basic industry knowledge. At the same time, many travel websites have a &#8220;comments and reviews&#8221; section, but it would be naive to think that their main focus is on the quality of the reviews rather than the traffic generated on their site.<\/p>\n\n\n\n<p>Our website, Nodengo.com, aims to provide potential visitors with accurate, unbiased, and up-to-date information about the city they plan to visit. That&#8217;s why we need local Editors like you.<\/p>\n\n\n\n<p>Qui mieux que toi ? Vous vivez dans cette ville, vous l'appr\u00e9ciez et votre travail consiste \u00e0 donner r\u00e9guli\u00e8rement des conseils aux clients. Vous \u00eates le parfait ambassadeur et pouvez pr\u00e9senter votre ville de mani\u00e8re professionnelle aux voyageurs d\u00e9sireux de l\u2019explorer.<\/p>\n<\/div><\/div>\n<\/div><\/div>\n\n\n\n<div class=\"wp-block-citadela-blocks-custom-container citadela-block-custom-container size-wide bg-type-none inside-space-none\"><div class=\"inner-holder\">\n<figure class=\"wp-block-image size-large\"><img decoding=\"async\" width=\"1024\" height=\"187\" src=\"https:\/\/nodengo.com\/wp-content\/uploads\/hotel-Fancy-Heading-Bg-1024x187.jpg\" alt=\"\" class=\"wp-image-54187\" title=\"\" srcset=\"https:\/\/nodengo.com\/wp-content\/uploads\/hotel-Fancy-Heading-Bg-1024x187.jpg 1024w, https:\/\/nodengo.com\/wp-content\/uploads\/hotel-Fancy-Heading-Bg-150x27.jpg 150w, https:\/\/nodengo.com\/wp-content\/uploads\/hotel-Fancy-Heading-Bg-900x165.jpg 900w, https:\/\/nodengo.com\/wp-content\/uploads\/hotel-Fancy-Heading-Bg-300x55.jpg 300w, https:\/\/nodengo.com\/wp-content\/uploads\/hotel-Fancy-Heading-Bg-768x140.jpg 768w, https:\/\/nodengo.com\/wp-content\/uploads\/hotel-Fancy-Heading-Bg-1536x281.jpg 1536w, https:\/\/nodengo.com\/wp-content\/uploads\/hotel-Fancy-Heading-Bg-18x3.jpg 18w, https:\/\/nodengo.com\/wp-content\/uploads\/hotel-Fancy-Heading-Bg.jpg 1920w\" sizes=\"(max-width: 1024px) 100vw, 1024px\" \/><\/figure>\n\n\n\n<p class=\"has-text-color\" style=\"color:#1e7052\">Become and editor &#8211; <strong>What&#8217;s in it for You?<\/strong><\/p>\n\n\n\n<p>Devenez r\u00e9dacteur et devenez le r\u00e9seauteur expert de votre ville en tant que r\u00e9dacteur, en vous faisant conna\u00eetre aupr\u00e8s de toutes les entreprises de voyages locales. Visez \u00e0 \u00eatre la source incontournable d\u2019informations pr\u00e9cises dans votre r\u00e9gion. Nous pensons qu'il est n\u00e9cessaire d'am\u00e9liorer les avis et, en tant que r\u00e9sident de la ville travaillant dans le secteur, vous \u00eates particuli\u00e8rement qualifi\u00e9 pour commenter de mani\u00e8re professionnelle les services de l'\u00e9tablissement et pr\u00e9senter votre ville aux voyageurs potentiels.<\/p>\n\n\n\n<p class=\"has-black-color has-text-color\">Share your knowledge of lesser-known places you&#8217;ve visited and reviewed. Embrace the opportunity to represent YOUR City to our visitors.<\/p>\n\n\n\n<p>Bien que tous soient invit\u00e9s \u00e0 postuler, il existe des <a href=\"https:\/\/nodengo.com\/fr\/-33\/-31\/requirements\/\" data-type=\"page\" data-id=\"53827\">Exigences<\/a> et conditions associ\u00e9es \u00e0 notre service. Si vous pensez avoir les comp\u00e9tences et la passion n\u00e9cessaires,<\/p>\n\n\n\n<div class=\"wp-block-columns is-layout-flex wp-container-core-columns-is-layout-9d6595d7 wp-block-columns-is-layout-flex\">\n<div class=\"wp-block-column is-layout-flow wp-block-column-is-layout-flow\" style=\"flex-basis:66.66%\">\n<figure class=\"wp-block-image size-large\"><img decoding=\"async\" width=\"1024\" height=\"640\" src=\"https:\/\/nodengo.com\/wp-content\/uploads\/03-Copy-2-1-1024x640.jpg\" alt=\"become an editor\" class=\"wp-image-53673\" title=\"\" srcset=\"https:\/\/nodengo.com\/wp-content\/uploads\/03-Copy-2-1-1024x640.jpg 1024w, https:\/\/nodengo.com\/wp-content\/uploads\/03-Copy-2-1-150x94.jpg 150w, https:\/\/nodengo.com\/wp-content\/uploads\/03-Copy-2-1-900x563.jpg 900w, https:\/\/nodengo.com\/wp-content\/uploads\/03-Copy-2-1-300x188.jpg 300w, https:\/\/nodengo.com\/wp-content\/uploads\/03-Copy-2-1-768x480.jpg 768w, https:\/\/nodengo.com\/wp-content\/uploads\/03-Copy-2-1-1536x960.jpg 1536w, https:\/\/nodengo.com\/wp-content\/uploads\/03-Copy-2-1-18x12.jpg 18w, https:\/\/nodengo.com\/wp-content\/uploads\/03-Copy-2-1.jpg 1920w\" sizes=\"(max-width: 1024px) 100vw, 1024px\" \/><\/figure>\n<\/div>\n\n\n\n<div class=\"wp-block-column is-layout-flow wp-block-column-is-layout-flow\" style=\"flex-basis:33.33%\">\n<h3 class=\"wp-block-heading has-text-align-center\">If you think you have what it takes to become an editor<\/h3>\n\n\n\n<p class=\"has-text-align-center\">Join us now <\/p>\n\n\n\n<div class=\"wp-block-buttons is-layout-flex wp-block-buttons-is-layout-flex\">\n<div class=\"wp-block-button has-custom-width wp-block-button__width-100\"><a class=\"wp-block-button__link wp-element-button\" href=\"https:\/\/nodengo.com\/hospitality-network\/editors-sign-up\/\">Apply Now<\/a><\/div>\n<\/div>\n\n\n\n<p class=\"has-text-align-center has-small-font-size\">Our main language being english, it is obvious that a good knowledge of the english langugage is required to aplly for an editor position<\/p>\n<\/div>\n<\/div>\n<\/div><\/div>\n\n\n\n<h3 class=\"wp-block-heading has-text-color\" id=\"advantages\" style=\"color:#491b1b\">Avantages de devenir \u00e9diteur<\/h3>\n\n\n\n<div class=\"wp-block-citadela-blocks-custom-container citadela-block-custom-container size-wide bg-type-none inside-space-none\"><div class=\"inner-holder\">\n<ol class=\"wp-block-list\">\n<li>Excellente visibilit\u00e9, plus vous compl\u00e9tez d'avis sur votre ville, plus vous deviendrez c\u00e9l\u00e8bre&nbsp;<strong>pas seulement<\/strong> sur notre site, mais dans votre communaut\u00e9, dans votre ville et avec vos pairs.<\/li>\n\n\n\n<li>Vous pourrez r\u00e9seauter au sein de votre secteur. Le r\u00e9seautage sur Linkedin et Facebook est formidable, mais le r\u00e9seautage directement au sein de votre m\u00e9tier et localement peut vous ouvrir une multitude d'opportunit\u00e9s.<\/li>\n\n\n\n<li>Vous pourrez r\u00e9seauter entre les professionnels de la conciergerie et de l\u2019h\u00f4tellerie \u00e0 travers le monde.<\/li>\n\n\n\n<li>Nous sommes sur le point de devenir une communaut\u00e9 de conciergerie et de services associ\u00e9s, et de nous entraider pour fournir un service de conciergerie v\u00e9ritablement mondial.<\/li>\n\n\n\n<li>Les \u00e9valuations sont ind\u00e9pendantes de nos programmes publicitaires, un avis ne peut \u00eatre ni command\u00e9 ni pay\u00e9.<\/li>\n\n\n\n<li>Par cons\u00e9quent, vous gagnerez le respect de votre communaut\u00e9, des prestataires de services et des voyageurs en fournissant des avis sur les \"bons coins\" locaux sur Nodengo.com.<\/li>\n\n\n\n<li>Vous pourrez contacter et r\u00e9seauter au sein de notre site avec d'autres professionnels de l'h\u00f4tellerie dans le monde entier.<\/li>\n\n\n\n<li>Si vous travaillez d\u00e9j\u00e0 dans l'h\u00f4tellerie dans votre ville, pourquoi ne pas devenir r\u00e9dacteur, vous \u00eates \u00e9videmment d\u00e9j\u00e0 qualifi\u00e9<\/li>\n\n\n\n<li>If you already have a \u201cConcierge\u201d related service business in your city. Why not become an editor as well, you are obviously already qualified, moreover it will give you the opportunity to advertise on our site for free.<\/li>\n<\/ol>\n<\/div><\/div>\n\n\n\n<p>Trouvez les <strong><a href=\"\/fr\/locations\/\">emplacements<\/a><\/strong> where we do need Editor  &#8211; Would you like to <strong><a href=\"\/fr\/-40\/\">r\u00e9f\u00e9rer quelqu'un pour le poste<\/a><\/strong><\/p>","protected":false},"excerpt":{"rendered":"<p>Advantages to become an editor Find the locations where we do need Editor &#8211; Would you like to refer someone for the position<\/p>","protected":false},"author":249,"featured_media":0,"parent":54134,"menu_order":0,"comment_status":"closed","ping_status":"closed","template":"","meta":{"_uag_custom_page_level_css":"","_citadela_hide_page_title":"1","_citadela_remove_header_space":"0","_citadela_custom_class":"","_citadela_half_map_provider":"","_citadela_half_map_theme":"","_citadela_half_map_themeOSM":"","_citadela_half_map_customTheme":"","_citadela_half_map_dataType":"","_citadela_half_map_dynamicTrack":false,"_citadela_half_map_trackColor":"","_citadela_half_map_trackEndpointsColor":"","_citadela_half_map_filterCategory":"","_citadela_half_map_filterLocation":"","_citadela_half_map_filterFeatured":false,"_citadela_half_map_noDataBehavior":"empty-map","_citadela_half_map_noDataText":"","_citadela_half_map_clusterGridSize":80,"_citadela_header":true,"_citadela_header_over_content":true,"_citadela_header_text_color":"","_citadela_header_logo":{"id":208235,"url":"https:\/\/nodengo.com\/wp-content\/uploads\/Nodengo-logo-nhn.jpg","size":{"width":316,"height":75}},"_citadela_header_bg_image":[],"_citadela_header_bg_position":{"x":0.5,"y":0.5},"_citadela_header_bg_size":"cover","_citadela_header_bg_repeat":"no-repeat","_citadela_header_bg_fixed":false,"_citadela_header_bg_color":"","_citadela_header_bg_image_overlay":"","_citadela_header_transparent_bg":false,"_citadela_content_width":"","_citadela_half_layout_position":"","footnotes":""},"class_list":["post-54050","page","type-page","status-publish","hentry"],"uagb_featured_image_src":{"full":false,"thumbnail":false,"medium":false,"medium_large":false,"large":false,"1536x1536":false,"2048x2048":false,"trp-custom-language-flag":false,"citadela_item_thumbnail":false,"woocommerce_thumbnail":false,"woocommerce_single":false,"woocommerce_gallery_thumbnail":false,"citadela_service":false},"uagb_author_info":{"display_name":"Team Nodengo","author_link":"https:\/\/nodengo.com\/fr\/author\/nodengo-team\/"},"uagb_comment_info":0,"uagb_excerpt":"Advantages to become an editor Find the locations where we do need Editor &#8211; Would you like to refer someone for the position","_links":{"self":[{"href":"https:\/\/nodengo.com\/fr\/wp-json\/wp\/v2\/pages\/54050","targetHints":{"allow":["GET"]}}],"collection":[{"href":"https:\/\/nodengo.com\/fr\/wp-json\/wp\/v2\/pages"}],"about":[{"href":"https:\/\/nodengo.com\/fr\/wp-json\/wp\/v2\/types\/page"}],"author":[{"embeddable":true,"href":"https:\/\/nodengo.com\/fr\/wp-json\/wp\/v2\/users\/249"}],"replies":[{"embeddable":true,"href":"https:\/\/nodengo.com\/fr\/wp-json\/wp\/v2\/comments?post=54050"}],"version-history":[{"count":0,"href":"https:\/\/nodengo.com\/fr\/wp-json\/wp\/v2\/pages\/54050\/revisions"}],"up":[{"embeddable":true,"href":"https:\/\/nodengo.com\/fr\/wp-json\/wp\/v2\/pages\/54134"}],"wp:attachment":[{"href":"https:\/\/nodengo.com\/fr\/wp-json\/wp\/v2\/media?parent=54050"}],"curies":[{"name":"wp","href":"https:\/\/api.w.org\/{rel}","templated":true}]}}