{"id":53486,"date":"2022-09-16T15:03:47","date_gmt":"2022-09-16T13:03:47","guid":{"rendered":"https:\/\/nodengo.com\/?page_id=53486"},"modified":"2024-08-20T10:25:43","modified_gmt":"2024-08-20T08:25:43","slug":"-41","status":"publish","type":"page","link":"https:\/\/nodengo.com\/fr\/hospitality-network\/review-request\/","title":{"rendered":"Review request"},"content":{"rendered":"<div class=\"wp-block-citadela-blocks-custom-container citadela-block-custom-container size-wide bg-type-none inside-space-none\"><div class=\"inner-holder\">\n<div class=\"wp-block-columns is-layout-flex wp-container-core-columns-is-layout-9d6595d7 wp-block-columns-is-layout-flex\">\n<div class=\"wp-block-column is-layout-flow wp-block-column-is-layout-flow\">\t\t\t<!-- Flexy Breadcrumb -->\r\n\t\t\t<div class=\"fbc fbc-page\">\r\n\r\n\t\t\t\t<!-- Breadcrumb wrapper -->\r\n\t\t\t\t<div class=\"fbc-wrap\">\r\n\r\n\t\t\t\t\t<!-- Ordered list-->\r\n\t\t\t\t\t<ol class=\"fbc-items\" itemscope itemtype=\"https:\/\/schema.org\/BreadcrumbList\">\r\n\t\t\t\t\t\t            <li itemprop=\"itemListElement\" itemscope itemtype=\"https:\/\/schema.org\/ListItem\">\r\n                <span itemprop=\"name\">\r\n                    <!-- Home Link -->\r\n                    <a itemprop=\"item\" href=\"https:\/\/nodengo.com\/fr\/\">\r\n                    \r\n                                                    <i class=\"fa fa-home\" aria-hidden=\"true\"><\/i>Home                    <\/a>\r\n                <\/span>\r\n                <meta itemprop=\"position\" content=\"1\" \/><!-- Meta Position-->\r\n             <\/li><li><span class=\"fbc-separator\">\/<\/span><\/li><li class=\"active\" itemprop=\"itemListElement\" itemscope itemtype=\"https:\/\/schema.org\/ListItem\"><span itemprop=\"name\" title=\"Best Travel Blog\">Best Travel Blog<\/span><meta itemprop=\"position\" content=\"2\" \/><\/li>\t\t\t\t\t<\/ol>\r\n\t\t\t\t\t<div class=\"clearfix\"><\/div>\r\n\t\t\t\t<\/div>\r\n\t\t\t<\/div>\r\n\t\t\t\n<\/div>\n\n\n\n<div class=\"wp-block-column is-layout-flow wp-block-column-is-layout-flow\">\n<div style=\"height:20px\" aria-hidden=\"true\" class=\"wp-block-spacer\"><\/div>\n\n\n\n<p><i class=\"fas fa-user\"><\/i> <a href=\"\/fr\/partner-help\/\">Partenaires<\/a> | <i class=\"fas fa-pen\"><\/i> <a href=\"\/fr\/partner-help\/#editors\">\u00c9diteurs<\/a> | <i class=\"fas fa-question\"><\/i> <a href=\"\/fr\/partner-help\/\">Aide<\/a> | <i class=\"fas fa-id-card\"><\/i> <a href=\"https:\/\/nodengo.com\/fr\/parther-help\/-28\/\">Contact<\/a> | <i class=\"fas fa-list\"><\/i> <a href=\"\/fr\/-3\/\">Compte <\/a><\/p>\n<\/div>\n<\/div>\n\n\n\n<div class=\"wp-block-citadela-blocks-custom-container citadela-block-custom-container size-wide bg-type-image inside-space-none bg-size-full-horizontal has-overlay has-min-height vertical-align-top\" style=\"min-height:250px\"><div class=\"bg-image-wrapper\" style=\"background-image:url(https:\/\/nodengo.com\/wp-content\/uploads\/sptemplatetop_review.jpg);background-repeat:no-repeat;background-position:50% 50%\"><\/div><div class=\"bg-image-overlay\" style=\"opacity:0.5\"><\/div><div class=\"inner-holder\">\n<h5 class=\"wp-block-heading has-text-align-center has-white-color has-text-color has-link-color wp-elements-4460bdfde009ae85fa9d2cc955b16f83\">VOICI LES \u00c9TAPES \u00c0 SUIVRE POUR FAIRE \u00c9VALUER VOTRE \u00c9TABLISSEMENT PAR UN R\u00c9DACTEUR LOCAL<\/h5>\n\n\n\n<div style=\"height:100px\" aria-hidden=\"true\" class=\"wp-block-spacer\"><\/div>\n\n\n\n<h2 class=\"wp-block-heading has-text-align-left\">DEMANDEZ UNE \u00c9VALUATION<\/h2>\n\n\n\n<div style=\"height:100px\" aria-hidden=\"true\" class=\"wp-block-spacer\"><\/div>\n<\/div><\/div>\n<\/div><\/div>\n\n\n\n<div style=\"height:20px\" aria-hidden=\"true\" class=\"wp-block-spacer\"><\/div>\n\n\n\n<div class=\"wp-block-citadela-blocks-custom-container citadela-block-custom-container size-wide bg-type-none inside-space-none\"><div class=\"inner-holder\">\n<p>There is a significant distinction in our business between being &#8220;listed&#8221; and being &#8220;reviewed&#8221; on our website, Nodengo.com. Being &#8220;reviewed&#8221; entails a visit from one of our local editors who will then publish the establishment on our site. This is not available for purchase. On the other hand, being &#8220;listed&#8221; means you can add your establishment to our site for free, with the option to upgrade to an enhanced listing.<\/p>\n\n\n\n<p><strong>Si vous souhaitez planifier une demande d'\u00e9valuation pour votre \u00e9tablissement, suivez ces \u00e9tapes\u00a0:<\/strong><\/p>\n\n\n\n<ul class=\"wp-block-list\">\n<li>Cette \u00e9valuation sera r\u00e9alis\u00e9 sur notre r\u00e9seau par des \u00e9diteurs locaux qui vivent et travaillent dans votre ville.<\/li>\n\n\n\n<li>Complete our&nbsp;request form.<\/li>\n\n\n\n<li>Lisez et acceptez nos exigences qui vous seront envoy\u00e9es une fois votre demande re\u00e7ue.<\/li>\n\n\n\n<li>\u00c9videmment, un \u00e9diteur\/editrice ne peut pas \u00ab\u00a0\u00e9valuer\u00a0\u00bb un \u00e9tablissement auquel il est li\u00e9 de quelque mani\u00e8re que ce soit, professionnellement ou personnellement, ou dans le cas ou il\/elle a de la famille travaillant au sein de l'entreprise..<\/li>\n\n\n\n<li>Vous serez contact\u00e9 sous 48 heures par notre \u00e9quipe pour confirmer votre demande.<\/li>\n\n\n\n<li>Dans les 14 jours suivant votre demande accept\u00e9e, votre \u00e9tablissement sera visit\u00e9 de mani\u00e8re anonyme.<\/li>\n\n\n\n<li>A la fin de sa visite, notre Editeur se pr\u00e9sentera officiellement comme Editeur Nodengo en pr\u00e9sentant ses r\u00e9f\u00e9rences.<\/li>\n\n\n\n<li>Ses frais dans votre \u00e9tablissement pour cette visite seront \u00ab annul\u00e9s \u00bb\n<ul class=\"wp-block-list\">\n<li><em>Do note that we have extremely&nbsp;strict guidelines, as not only as to what is permitted but also as to their conduct while in your establishment, you are fully authorized to consult them prior to agreeing to the process<\/em><\/li>\n<\/ul>\n<\/li>\n\n\n\n<li>Votre \u00e9tablissement est \u00e9valu\u00e9 selon l\u2019exp\u00e9rience de l\u2019Editeur et selon nos crit\u00e8res.<\/li>\n\n\n\n<li>Concernant les critiques de restaurants : M\u00eame si nos r\u00e9dacteurs sont de v\u00e9ritables professionnels, nous ne sommes pas des \u00ab critiques \u00bb de restaurants et notre travail ne se concentrera donc pas uniquement sur la nourriture et les plats, mais plut\u00f4t sur l'ambiance g\u00e9n\u00e9rale et le service. Pour tous les autres \u00e9tablissements, ils seront \u00e9valu\u00e9s selon les normes \u00e9tablies au sein de leur m\u00e9tier respectif.<\/li>\n\n\n\n<li>Votre \u00e9valuation est ensuite v\u00e9rifi\u00e9e par notre si\u00e8ge social pour les directives sur le style de publication et des sp\u00e9cifications techniques, puis publi\u00e9e.<\/li>\n\n\n\n<li>En tant qu'entreprise \u00ab \u00e9valu\u00e9e \u00bb, et si votre evaluation est admissible, votre \u00e9tablissement b\u00e9n\u00e9ficiera automatiquement de notre r\u00e9f\u00e9rencement am\u00e9lior\u00e9, ajout\u00e9 \u00e0 nos sections \"en vedette\", augmentant ainsi votre visibilit\u00e9 sur notre site.<\/li>\n\n\n\n<li>L'\u00e9valuation appara\u00eet dans les 72 heures suivant son ach\u00e8vement.<\/li>\n<\/ul>\n\n\n\n<div class=\"wp-block-buttons is-layout-flex wp-block-buttons-is-layout-flex\">\n<div class=\"wp-block-button has-custom-width wp-block-button__width-100 is-style-outline is-style-outline--2\"><a class=\"wp-block-button__link wp-element-button\" href=\"https:\/\/nodengo.com\/fr\/-33\/demande-d-evaluation-soumission\/\">Envoyer ma demande d'\u00e9valuation<\/a><\/div>\n<\/div>\n\n\n\n<div style=\"height:26px\" aria-hidden=\"true\" class=\"wp-block-spacer\"><\/div>\n\n\n\n<div class=\"wp-block-columns is-layout-flex wp-container-core-columns-is-layout-9d6595d7 wp-block-columns-is-layout-flex\">\n<div class=\"wp-block-column is-layout-flow wp-block-column-is-layout-flow\" style=\"flex-basis:33.33%\">\n<div class=\"wp-block-uagb-image uagb-block-e7c2483d wp-block-uagb-image--layout-default wp-block-uagb-image--effect-static wp-block-uagb-image--align-none\"><figure class=\"wp-block-uagb-image__figure\"><img decoding=\"async\" srcset=\"https:\/\/nodengo.com\/wp-content\/uploads\/Reviews-page-header-300x158.jpg ,https:\/\/nodengo.com\/wp-content\/uploads\/Reviews-page-header.jpg 780w, https:\/\/nodengo.com\/wp-content\/uploads\/Reviews-page-header.jpg 360w\" sizes=\"auto, (max-width: 480px) 150px\" src=\"https:\/\/nodengo.com\/wp-content\/uploads\/Reviews-page-header-300x158.jpg\" alt=\"Reviews request\" class=\"uag-image-140961\" width=\"300\" height=\"158\" title=\"Reviews OG header concept\" loading=\"lazy\" role=\"img\"\/><\/figure><\/div>\n<\/div>\n\n\n\n<div class=\"wp-block-column is-layout-flow wp-block-column-is-layout-flow\" style=\"flex-basis:66.66%\">\n<p><strong>Informations importantes<\/strong>:  <\/p>\n\n\n\n<p class=\"has-small-font-size\"><em>Nous ne publions pas de \u00ab mauvais r\u00e9sultats \u00bb. Si votre \u00e9tablissement \u00ab \u00e9choue \u00bb, selon nos crit\u00e8res, nous ne le publierons tout simplement pas, car comme mentionn\u00e9 pr\u00e9c\u00e9demment, nous ne nous int\u00e9ressons pas aux chiffres mais \u00e0 la qualit\u00e9 pour le b\u00e9n\u00e9fice de tous les etablissements r\u00e9pertori\u00e9s sur notre site, nous vous contacterons cependant et vous informerons de notre d\u00e9cision, veuillez noter que notre d\u00e9cision est finale et sans appel<\/em><\/p>\n\n\n\n<p class=\"has-small-font-size\"><em>Cependant, comme nous savons que parfois les choses peuvent tourner tr\u00e8s mal et que cela ne refl\u00e8te pas n\u00e9cessairement votre \u00e9tablissement, nous autoriserons une demande d'evaluation suppl\u00e9mentaire, ceci dans les deux mois suivant la premi\u00e8re visite.<\/em><\/p>\n\n\n\n<p class=\"has-small-font-size\">Si vous souhaitez plus d'informations sur le processus de demande d'avis avant de demander un avis, n'h\u00e9sitez pas \u00e0 nous contacter.<\/p>\n<\/div>\n<\/div>\n<\/div><\/div>","protected":false},"excerpt":{"rendered":"","protected":false},"author":249,"featured_media":0,"parent":54134,"menu_order":0,"comment_status":"closed","ping_status":"closed","template":"","meta":{"_uag_custom_page_level_css":"","_citadela_hide_page_title":"1","_citadela_remove_header_space":"1","_citadela_custom_class":"","_citadela_half_map_provider":"","_citadela_half_map_theme":"","_citadela_half_map_themeOSM":"","_citadela_half_map_customTheme":"","_citadela_half_map_dataType":"","_citadela_half_map_dynamicTrack":false,"_citadela_half_map_trackColor":"","_citadela_half_map_trackEndpointsColor":"","_citadela_half_map_filterCategory":"","_citadela_half_map_filterLocation":"","_citadela_half_map_filterFeatured":false,"_citadela_half_map_noDataBehavior":"empty-map","_citadela_half_map_noDataText":"","_citadela_half_map_clusterGridSize":80,"_citadela_header":true,"_citadela_header_over_content":false,"_citadela_header_text_color":"","_citadela_header_logo":{"id":208235,"url":"https:\/\/nodengo.com\/wp-content\/uploads\/Nodengo-logo-nhn.jpg","size":{"width":316,"height":75}},"_citadela_header_bg_image":[],"_citadela_header_bg_position":{"x":0.5,"y":0.5},"_citadela_header_bg_size":"cover","_citadela_header_bg_repeat":"no-repeat","_citadela_header_bg_fixed":false,"_citadela_header_bg_color":"","_citadela_header_bg_image_overlay":"","_citadela_header_transparent_bg":false,"_citadela_content_width":"","_citadela_half_layout_position":"","footnotes":""},"class_list":["post-53486","page","type-page","status-publish","hentry"],"uagb_featured_image_src":{"full":false,"thumbnail":false,"medium":false,"medium_large":false,"large":false,"1536x1536":false,"2048x2048":false,"trp-custom-language-flag":false,"citadela_item_thumbnail":false,"woocommerce_thumbnail":false,"woocommerce_single":false,"woocommerce_gallery_thumbnail":false,"citadela_service":false},"uagb_author_info":{"display_name":"Team Nodengo","author_link":"https:\/\/nodengo.com\/fr\/author\/nodengo-team\/"},"uagb_comment_info":0,"uagb_excerpt":null,"_links":{"self":[{"href":"https:\/\/nodengo.com\/fr\/wp-json\/wp\/v2\/pages\/53486","targetHints":{"allow":["GET"]}}],"collection":[{"href":"https:\/\/nodengo.com\/fr\/wp-json\/wp\/v2\/pages"}],"about":[{"href":"https:\/\/nodengo.com\/fr\/wp-json\/wp\/v2\/types\/page"}],"author":[{"embeddable":true,"href":"https:\/\/nodengo.com\/fr\/wp-json\/wp\/v2\/users\/249"}],"replies":[{"embeddable":true,"href":"https:\/\/nodengo.com\/fr\/wp-json\/wp\/v2\/comments?post=53486"}],"version-history":[{"count":0,"href":"https:\/\/nodengo.com\/fr\/wp-json\/wp\/v2\/pages\/53486\/revisions"}],"up":[{"embeddable":true,"href":"https:\/\/nodengo.com\/fr\/wp-json\/wp\/v2\/pages\/54134"}],"wp:attachment":[{"href":"https:\/\/nodengo.com\/fr\/wp-json\/wp\/v2\/media?parent=53486"}],"curies":[{"name":"wp","href":"https:\/\/api.w.org\/{rel}","templated":true}]}}