{"id":38786,"date":"2022-05-17T12:54:05","date_gmt":"2022-05-17T10:54:05","guid":{"rendered":"https:\/\/nodengo.com\/?page_id=38786"},"modified":"2024-08-20T10:25:50","modified_gmt":"2024-08-20T08:25:50","slug":"-42","status":"publish","type":"page","link":"https:\/\/nodengo.com\/fr\/publisher-agreement\/","title":{"rendered":"Accord et consentement"},"content":{"rendered":"<div class=\"wp-block-columns is-layout-flex wp-container-core-columns-is-layout-9d6595d7 wp-block-columns-is-layout-flex\">\n<div class=\"wp-block-column is-layout-flow wp-block-column-is-layout-flow\">\t\t\t<!-- Flexy Breadcrumb -->\r\n\t\t\t<div class=\"fbc fbc-page\">\r\n\r\n\t\t\t\t<!-- Breadcrumb wrapper -->\r\n\t\t\t\t<div class=\"fbc-wrap\">\r\n\r\n\t\t\t\t\t<!-- Ordered list-->\r\n\t\t\t\t\t<ol class=\"fbc-items\" itemscope itemtype=\"https:\/\/schema.org\/BreadcrumbList\">\r\n\t\t\t\t\t\t            <li itemprop=\"itemListElement\" itemscope itemtype=\"https:\/\/schema.org\/ListItem\">\r\n                <span itemprop=\"name\">\r\n                    <!-- Home Link -->\r\n                    <a itemprop=\"item\" href=\"https:\/\/nodengo.com\/fr\/\">\r\n                    \r\n                                                    <i class=\"fa fa-home\" aria-hidden=\"true\"><\/i>Home                    <\/a>\r\n                <\/span>\r\n                <meta itemprop=\"position\" content=\"1\" \/><!-- Meta Position-->\r\n             <\/li><li><span class=\"fbc-separator\">\/<\/span><\/li><li class=\"active\" itemprop=\"itemListElement\" itemscope itemtype=\"https:\/\/schema.org\/ListItem\"><span itemprop=\"name\" title=\"Best Travel Blog\">Best Travel Blog<\/span><meta itemprop=\"position\" content=\"2\" \/><\/li>\t\t\t\t\t<\/ol>\r\n\t\t\t\t\t<div class=\"clearfix\"><\/div>\r\n\t\t\t\t<\/div>\r\n\t\t\t<\/div>\r\n\t\t\t\n<\/div>\n\n\n\n<div class=\"wp-block-column is-layout-flow wp-block-column-is-layout-flow\">\n<p><i class=\"fas fa-user\"><\/i> <a href=\"\/fr\/partner-help\/\">Partenaires<\/a> | <i class=\"fas fa-pen\"><\/i> <a href=\"\/fr\/partner-help\/#editors\">\u00c9diteurs<\/a> | <i class=\"fas fa-question\"><\/i> <a href=\"\/fr\/partner-help\/\">Aide<\/a> | <i class=\"fas fa-id-card\"><\/i> <a href=\"https:\/\/nodengo.com\/fr\/parther-help\/-28\/\">Contact<\/a> | <i class=\"fas fa-list\"><\/i> <a href=\"\/fr\/-3\/\">Compte <\/a><\/p>\n<\/div>\n<\/div>\n\n\n\n<h3 class=\"wp-block-heading\"><strong>Accord et consentement<\/strong><\/h3>\n\n\n\n<p class=\"has-small-font-size\"><strong>1. Acceptation du contrat d'\u00e9diteur Nodengo.com<\/strong><\/p>\n\n\n\n<p class=\"has-small-font-size\">La dur\u00e9e de cet accord commencera d\u00e8s votre inscription et votre acceptation et se poursuivra jusqu'\u00e0 ce qu'il soit r\u00e9sili\u00e9 par nous ou par vous.<\/p>\n\n\n\n<p class=\"has-small-font-size\">Ces termes et conditions, tels qu'ils peuvent \u00eatre modifi\u00e9s de temps \u00e0 autre, s'appliquent \u00e0 tous nos services. Nous avons le droit de r\u00e9silier le pr\u00e9sent Contrat et votre acc\u00e8s \u00e0 votre compte Programme \u00e0 tout moment.<br>En vous inscrivant, en publiant et en utilisant notre site Web ou l'une de nos applications via n'importe quelle plateforme (ci-apr\u00e8s collectivement d\u00e9nomm\u00e9e la \u00ab Plateforme \u00bb), vous reconnaissez et acceptez d'avoir lu, compris et accept\u00e9 l'accord de l'\u00e9diteur \u00e9nonc\u00e9 ci-dessous.<\/p>\n\n\n\n<p class=\"has-small-font-size\">Ces pages, le contenu et l'infrastructure que nous fournissons sur ces pages et via le site Web sont d\u00e9tenus, exploit\u00e9s et fournis par Nodengo.com.<\/p>\n\n\n\n<p class=\"has-small-font-size\"><strong>2<a>. <\/a>Port\u00e9e et nature de notre service<\/strong><br>Gr\u00e2ce \u00e0 notre site Web, Nodengo.com fournit une plateforme en ligne pour laquelle l'\u00e9diteur est autoris\u00e9 \u00e0 commercialiser et \u00e0 promouvoir ses services.<\/p>\n\n\n\n<p class=\"has-small-font-size\">L'\u00e9diteur est enti\u00e8rement responsable de la conduite professionnelle de ses affaires. L'\u00e9diteur peut annoncer, commercialiser, vendre, promouvoir et\/ou proposer (le cas \u00e9ch\u00e9ant) ses produits et services \u00e0 la commande, l'achat, la r\u00e9servation, la location et gr\u00e2ce auxquels les visiteurs concern\u00e9s de la Plateforme peuvent d\u00e9couvrir, rechercher, comparer et placer un commande.<\/p>\n\n\n\n<p class=\"has-small-font-size\">Chaque \u00e9diteur reste responsable de l'exactitude, de l'exhaustivit\u00e9 et de l'exactitude des (informations descriptives et est responsable de la mise \u00e0 jour de tous les tarifs\/frais\/prix, disponibilit\u00e9s, politiques, conditions et autres informations pertinentes affich\u00e9es sur notre plateforme.<\/p>\n\n\n\n<p class=\"has-small-font-size\">Lors de la prestation de notre service, les informations que nous divulguons sont bas\u00e9es sur les informations fournies par l'\u00e9diteur. Bien que nous utilisions une comp\u00e9tence et un soin raisonnables dans l'ex\u00e9cution de notre service, nous ne v\u00e9rifierons pas et ne pouvons pas garantir que toutes les informations sont exactes, compl\u00e8tes ou correctes, et nous ne pouvons pas non plus \u00eatre tenus responsables de toute erreur (y compris les erreurs manifestes et typographiques), de toute interruption. (que ce soit en raison d'une panne (temporaire et\/ou partielle), d'une r\u00e9paration, d'une mise \u00e0 niveau ou d'une maintenance de notre Plateforme ou autre), d'informations inexactes, trompeuses ou fausses, ni de non-livraison d'informations<\/p>\n\n\n\n<p class=\"has-small-font-size\"><strong>3. Responsabilit\u00e9s de l\u2019\u00e9diteur<\/strong><\/p>\n\n\n\n<ol class=\"has-small-font-size wp-block-list\">\n<li>Vous devez vous inscrire pour utiliser une partie de notre site, il est de votre responsabilit\u00e9 de fournir des informations d'inscription exactes et compl\u00e8tes et de maintenir ces informations \u00e0 jour. Nous sommes en droit de nous fier aux informations d'enregistrement que vous nous fournissez. Vous \u00eates responsable de toute activit\u00e9 qui se produit sur votre compte. Il est donc important que vous gardiez votre compte s\u00e9curis\u00e9. Une fa\u00e7on de proc\u00e9der consiste \u00e0 s\u00e9lectionner un mot de passe fort que vous n\u2019utilisez pour aucun autre compte.<\/li>\n\n\n\n<li>Votre inscription sur notre Site doit \u00eatre effectu\u00e9e au nom de votre \u00e9tablissement\/entreprise, sans aucun nom faux ou d\u2019emprunt et sans l\u2019identit\u00e9 d\u2019une autre personne ou entreprise. Vous ne devez pas pr\u00e9tendre \u00eatre une personne diff\u00e9rente. Vous devez fournir une adresse e-mail valide lors de votre inscription sur notre site. Vous nous autorisez, directement ou par l'interm\u00e9diaire de tiers, \u00e0 effectuer toute demande de renseignements que nous jugeons appropri\u00e9e pour v\u00e9rifier les informations de compte que vous fournissez. Vous consentez \u00e9galement \u00e0 ce que nous vous envoyions de temps \u00e0 autre des e-mails relatifs au programme et \u00e0 d'autres opportunit\u00e9s de publication. Vous reconnaissez et acceptez \u00e9galement que nous pouvons cesser de vous envoyer des e-mails sans notification pr\u00e9alable.<\/li>\n\n\n\n<li>Sauf indication contraire, chaque inscription est r\u00e9serv\u00e9e \u00e0 un seul utilisateur et non \u00e0 plusieurs utilisateurs. Vous recevez un code d'identification d'utilisateur, un mot de passe ou toute autre information dans le cadre de nos proc\u00e9dures de s\u00e9curit\u00e9, vous devez traiter ces informations comme confidentielles. Vous ne devez pas le divulguer \u00e0 un tiers et vous devez le maintenir \u00e0 jour tant que vous utilisez le Programme. Vous \u00eates seul responsable de toute perte ou dommage que vous ou nous pourrions subir en raison de votre manquement. Si vous pensez que quelqu'un a acc\u00e9d\u00e9 \u00e0 votre compte, veuillez contacter imm\u00e9diatement le support.<\/li>\n\n\n\n<li>Nous pouvons suspendre, r\u00e9silier ou emp\u00eacher votre compte et\/ou votre acc\u00e8s \u00e0 tout ou partie des sites \u00e0 notre seule discr\u00e9tion. Lorsque nous suspendons, r\u00e9silions ou emp\u00eachons votre inscription, vous ne devez pas tenter de vous r\u00e9inscrire ou de soumettre du contenu, du mat\u00e9riel ou des candidatures sans notre consentement \u00e9crit pr\u00e9alable.\n<ol class=\"wp-block-list\">\n<li>Pour \u00e9viter tout doute, lorsque nous suspendons, r\u00e9silions ou emp\u00eachons de toute autre mani\u00e8re votre compte ou votre acc\u00e8s \u00e0 un site, nous pouvons continuer \u00e0 publier ou \u00e0 utiliser votre contenu, conform\u00e9ment aux dispositions des conditions applicables. <\/li>\n\n\n\n<li>Si vous savez ou soup\u00e7onnez que quelqu'un d'autre que vous conna\u00eet votre code d'identification d'utilisateur ou votre mot de passe, vous devez nous en informer rapidement.<\/li>\n<\/ol>\n<\/li>\n\n\n\n<li>Nous avons le droit de supprimer ou de modifier les m\u00e9tadonn\u00e9es et la description du produit, les informations ou les images que vous mettez \u00e0 disposition pour votre annonce pour quelque raison que ce soit, y compris si nous d\u00e9terminons qu'elles ne sont pas conformes \u00e0 nos exigences de contenu.<\/li>\n<\/ol>\n\n\n\n<p class=\"has-small-font-size\"><strong>4. Contenu que vous soumettez<\/strong><\/p>\n\n\n\n<p class=\"has-small-font-size\">Par la pr\u00e9sente, vous nous accordez un droit et une licence non exclusifs, libres de droits mondiaux et, sur tout support, pour utiliser, reproduire, distribuer, modifier \u00e0 des fins techniques, ex\u00e9cuter publiquement, afficher publiquement et afficher num\u00e9riquement votre contenu publi\u00e9.<\/p>\n\n\n\n<p class=\"has-small-font-size\">The products and any services provided in connection with this agreement are supplied on an &#8220;as is&#8221; and &#8220;as available&#8221; basis. To the fullest extent under applicable law, we make no, and disclaims all, warranties (including, but not limited to, any implied warranties of merchantability, fitness for a particular purpose and non-infringement), guarantees, and representations, whether express, implied, oral or otherwise. In no event shall provider or any partner be responsible for any consequential, incidental, special, punitive, exemplary, or indirect damages arising from or relating to this agreement or otherwise, including, without limitation, lost revenue, or profits, even if provider has been advised of the possibility of such damages.<\/p>\n\n\n\n<p class=\"has-small-font-size\">Vous acceptez que toutes les informations soumises, y compris les textes, images, sons, vid\u00e9os, vous appartiennent, ou vous avez la permission de les soumettre. Vous acceptez \u00e9galement que nous ayons la permission de l'utiliser sur l'un de nos r\u00e9seaux de sites Web. Vous acceptez de nous indemniser de toute responsabilit\u00e9 et de ne pas nous tenir responsables de l'affichage des informations que vous nous soumettez. En vous inscrivant sur Nodengo.com, vous acceptez que nous puissions occasionnellement vous contacter par t\u00e9l\u00e9phone, e-mail ou courrier concernant des offres sp\u00e9ciales, des options de mise \u00e0 niveau, des listes am\u00e9lior\u00e9es, etc.<\/p>\n\n\n\n<p class=\"has-small-font-size\"><strong>5. Frais et paiement<\/strong><\/p>\n\n\n\n<p class=\"has-small-font-size\">5.1 Frais \u2013 En achetant un abonnement, vous acceptez tous les frais et conditions de paiement d\u00e9crits dans les pr\u00e9sentes et\/ou lors du processus d'inscription en ligne.<\/p>\n\n\n\n<p class=\"has-small-font-size\">5.2 Vous devrez fournir \u00e0 Nodengo.com un paiement lors de l'inscription \u00e0 un abonnement. Vous garantissez et d\u00e9clarez par la pr\u00e9sente que vous avez le pouvoir de fournir ces informations de paiement \u00e0 Nodengo.com et que vous serez responsable de tous les frais qui y sont li\u00e9s. Nodengo.com facturera votre carte de cr\u00e9dit avant chaque p\u00e9riode de facturation (telle que d\u00e9finie ci-dessous) pour les frais encourus pour cette p\u00e9riode de facturation, ainsi que pour tout solde impay\u00e9. Votre \u00ab\u00a0P\u00e9riode de facturation\u00a0\u00bb sera sp\u00e9cifi\u00e9e par Nodengo.com au moment de l'inscription, bien que Nodengo.com se r\u00e9serve le droit de modifier la dur\u00e9e des futures p\u00e9riodes de facturation \u00e0 tout moment.<\/p>\n\n\n\n<p class=\"has-small-font-size\">5.3 Renouvellement automatique \u2013 NODENGO.COM RENOUVELERA AUTOMATIQUEMENT CHACUN DE VOS ABONNEMENTS ET CHARGERA VOTRE CARTE DE CR\u00c9DIT AU D\u00c9BUT DE CHAQUE P\u00c9RIODE DE RENOUVELLEMENT D'ABONNEMENT, TANT QUE VOTRE ABONNEMENT N'A PAS \u00c9T\u00c9 ANNUL\u00c9. Le d\u00e9bit automatique sur votre carte de cr\u00e9dit aura lieu au d\u00e9but de chaque renouvellement d'abonnement. Vous reconnaissez que le montant factur\u00e9 chaque ann\u00e9e peut varier pour des raisons telles que des tarifs promotionnels qui ne sont plus appliqu\u00e9s, des modifications de votre abonnement ou d'autres raisons\u00a0; et vous nous autorisez \u00e0 d\u00e9biter votre carte de cr\u00e9dit pour des montants aussi variables.<\/p>\n\n\n\n<p class=\"has-small-font-size\"><strong>6<\/strong>. <strong>Annonceurs<\/strong><\/p>\n\n\n\n<p class=\"has-small-font-size\">En tant qu'\u00e9diteur, vous \u00eates autoris\u00e9 \u00e0 afficher des publicit\u00e9s et d'autres informations dans certaines zones du Site via notre plateforme publicitaire. Si vous \u00eates un annonceur, vous assumerez l'enti\u00e8re responsabilit\u00e9 de toutes les publicit\u00e9s que vous placez sur le Site et de tous les services fournis sur le Site ou des produits vendus via ces publicit\u00e9s.<\/p>\n\n\n\n<p class=\"has-small-font-size\"><strong>7. Modifications et interruptions<\/strong><br>Nous nous r\u00e9servons le droit de changer, modifier ou supprimer le contenu du Site \u00e0 tout moment ou pour quelque raison que ce soit, \u00e0 notre seule discr\u00e9tion et sans pr\u00e9avis. En outre, nous n'avons aucune obligation de mettre \u00e0 jour les informations sur notre site.<br>Nodengo.com se r\u00e9serve le droit de :.<\/p>\n\n\n\n<p class=\"has-small-font-size\">     7.1 modifier ou supprimer (temporairement ou d\u00e9finitivement) le site Web ou toute partie de celui-ci sans pr\u00e9avis et vous confirmez que Nodengo.com ne sera pas responsable envers vous d'une telle modification ou suppression et. modifier ces termes et conditions \u00e0 tout moment, et votre utilisation continue du site Web apr\u00e8s toute modification sera consid\u00e9r\u00e9e comme votre acceptation de cette modification.<\/p>\n\n\n\n<p class=\"has-small-font-size\">      7.2Modifier, mettre \u00e0 jour ou interrompre certains produits et fonctionnalit\u00e9s des Services. Nodengo.com n'est en aucun cas responsable de toute perte, blessure ou dommage direct ou indirect de toute nature, g\u00e9n\u00e9ral, sp\u00e9cial, compensatoire, cons\u00e9cutif et\/ou accessoire d\u00e9coulant de ou li\u00e9 \u00e0 votre conduite ou autrement en relation avec le Utilisation du Service, y compris, sans s'y limiter, les blessures corporelles, la d\u00e9tresse \u00e9motionnelle et\/ou tout autre dommage r\u00e9sultant de communications ou de r\u00e9unions avec d'autres utilisateurs enregistr\u00e9s de notre Service ou des personnes que vous pouvez rencontrer via ce Service.<\/p>\n\n\n\n<p class=\"has-small-font-size\">         7.3 Force majeure. Nodengo.com ne sera pas responsable envers vous de tout \u00e9chec ou retard dans l'ex\u00e9cution de ses obligations en vertu du pr\u00e9sent Accord caus\u00e9 par tout \u00e9v\u00e9nement ou circonstance ind\u00e9pendante de sa volont\u00e9, y compris, mais sans s'y limiter, les attaques par d\u00e9ni de service, les insurrections, les incendies. , inondations, temp\u00eates, explosions, catastrophes naturelles, guerre, terrorisme et conditions de travail.<\/p>\n\n\n\n<p class=\"has-small-font-size\"><strong>8. Propri\u00e9t\u00e9 intellectuelle<\/strong><br>Tous les droits d'auteur, marques commerciales et tous autres droits de propri\u00e9t\u00e9 intellectuelle sur le site Web et son contenu (y compris, sans limitation, la conception du site Web, les textes, les graphiques et tous les logiciels et codes sources connect\u00e9s au site Web) sont la propri\u00e9t\u00e9 ou sous licence de Nodengo.com ou autrement utilis\u00e9s. par Nodengo.com dans la mesure permise par la loi.<br><br>Nodengo.com poss\u00e8de et conserve tous les droits de propri\u00e9t\u00e9 sur le Site et le Service. La pr\u00e9sentation et tous les \u00e9l\u00e9ments, y compris les marques, logos et noms de domaine figurant sur le site Internet, que la plateforme d'h\u00e9bergement Nodengo.com est prot\u00e9g\u00e9e par les lois sur la propri\u00e9t\u00e9 intellectuelle et appartiennent \u00e0 Nodengo.com ou a \u00e9t\u00e9 autoris\u00e9 \u00e0 les utiliser, ou sont disponibles dans le domaine public.<\/p>\n\n\n\n<p class=\"has-small-font-size\"><strong>9 Avis de non-responsabilit\u00e9 et limitation de responsabilit\u00e9<\/strong><br>9.1 Le site Web est fourni tel quel et selon sa disponibilit\u00e9, sans aucune repr\u00e9sentation ou approbation et sans garantie d'aucune sorte, expresse ou implicite, y compris, mais sans s'y limiter, les garanties implicites de qualit\u00e9 satisfaisante, d'ad\u00e9quation \u00e0 un usage particulier, de non- violation, compatibilit\u00e9, s\u00e9curit\u00e9 et exactitude.<br>9.2 Dans la mesure permise par la loi, Nodengo.com ne sera pas responsable de toute perte ou dommage indirect ou cons\u00e9cutif (y compris, sans limitation, la perte d'activit\u00e9, d'opportunit\u00e9, de donn\u00e9es, de b\u00e9n\u00e9fices) d\u00e9coulant de ou en relation avec l'utilisation du site Web.<br>Nodengo.com ne garantit pas que la fonctionnalit\u00e9 de la section de publication d'\u00e9v\u00e9nements de notre site Web sera ininterrompue ou sans erreur, que les d\u00e9fauts seront corrig\u00e9s ou que le site Web ou le serveur qui le rend disponible sont exempts de virus ou de tout autre \u00e9l\u00e9ment pouvant \u00eatre nocif ou destructeur.<br>EN AUCUN CAS Nodengo.com NE SERA RESPONSABLE ENVERS VOUS OU TOUT TIERS de toute perte, blessure ou dommage direct ou indirect de quelque nature que ce soit entra\u00eenant l'interruption ou le dysfonctionnement du Service, y compris les dommages li\u00e9s \u00e0 la perte de profits d\u00e9coulant de votre utilisation. du Site et des services m\u00eame si Nodengo.com a \u00e9t\u00e9 inform\u00e9 de la possibilit\u00e9 de tels dommages. Nonobstant toute disposition contraire des pr\u00e9sentes, la responsabilit\u00e9 de Nodengo.com sera limit\u00e9e et, pour toutes causes, limit\u00e9e, le cas \u00e9ch\u00e9ant, le montant pay\u00e9 par vous \u00e0 Nodengo.com pour les services pendant la p\u00e9riode de votre adh\u00e9sion.<\/p>\n\n\n\n<p class=\"has-small-font-size\"><strong>10. R\u00e9mun\u00e9ration<\/strong><br>Vous acceptez de ne pas tenir Nodengo.com, ses filiales, soci\u00e9t\u00e9s affili\u00e9es, dirigeants, agents et autres partenaires et employ\u00e9s contre toute perte, responsabilit\u00e9, r\u00e9clamation ou demande, y compris les honoraires d'avocat, faite par un tiers d\u00e9coulant de votre utilisation du Service, en violation du pr\u00e9sent Accord et\/ou r\u00e9sultant de la violation du pr\u00e9sent Accord et de toute violation de vos d\u00e9clarations et garanties \u00e9nonc\u00e9es ci-dessus.<\/p>\n\n\n\n<p class=\"has-text-color has-small-font-size\" style=\"color:#a0afb9\"><em>Veuillez noter que cette page a \u00e9t\u00e9 traduite automatiquement \u00e0 partir de la version anglaise originale.<\/em>.&nbsp;<em>Aucune garantie d'aucune sorte, expresse ou implicite, n'est donn\u00e9e quant \u00e0 l'exactitude, la fiabilit\u00e9 et l'exactitude des traductions effectu\u00e9es de l'anglais vers une autre langue.<\/em><\/p>\n\n\n\n<p class=\"has-small-font-size\"><br><\/p>","protected":false},"excerpt":{"rendered":"<p>Partners | Editors | Help | Contact | Account Publisher Agreement 1. Acceptance of the Nodengo.com Publisher Agreement The term of this Agreement will begin upon your registration and acceptance [&hellip;]<\/p>\n","protected":false},"author":1,"featured_media":0,"parent":0,"menu_order":0,"comment_status":"closed","ping_status":"closed","template":"","meta":{"_uag_custom_page_level_css":"","_citadela_hide_page_title":"1","_citadela_remove_header_space":"1","_citadela_custom_class":"","_citadela_half_map_provider":"","_citadela_half_map_theme":"","_citadela_half_map_themeOSM":"","_citadela_half_map_customTheme":"","_citadela_half_map_dataType":"","_citadela_half_map_dynamicTrack":false,"_citadela_half_map_trackColor":"","_citadela_half_map_trackEndpointsColor":"","_citadela_half_map_filterCategory":"","_citadela_half_map_filterLocation":"","_citadela_half_map_filterFeatured":false,"_citadela_half_map_noDataBehavior":"empty-map","_citadela_half_map_noDataText":"","_citadela_half_map_clusterGridSize":80,"_citadela_header":true,"_citadela_header_over_content":false,"_citadela_header_text_color":"","_citadela_header_logo":{"id":208235,"url":"https:\/\/nodengo.com\/wp-content\/uploads\/Nodengo-logo-nhn.jpg","size":{"width":316,"height":75}},"_citadela_header_bg_image":[],"_citadela_header_bg_position":{"x":0.5,"y":0.5},"_citadela_header_bg_size":"cover","_citadela_header_bg_repeat":"no-repeat","_citadela_header_bg_fixed":false,"_citadela_header_bg_color":"","_citadela_header_bg_image_overlay":"","_citadela_header_transparent_bg":false,"_citadela_content_width":"wide","_citadela_half_layout_position":"","footnotes":""},"class_list":["post-38786","page","type-page","status-publish","hentry"],"uagb_featured_image_src":{"full":false,"thumbnail":false,"medium":false,"medium_large":false,"large":false,"1536x1536":false,"2048x2048":false,"trp-custom-language-flag":false,"citadela_item_thumbnail":false,"woocommerce_thumbnail":false,"woocommerce_single":false,"woocommerce_gallery_thumbnail":false,"citadela_service":false},"uagb_author_info":{"display_name":"admin","author_link":"https:\/\/nodengo.com\/fr\/author\/admin\/"},"uagb_comment_info":0,"uagb_excerpt":"Partners | Editors | Help | Contact | Account Publisher Agreement 1. Acceptance of the Nodengo.com Publisher Agreement The term of this Agreement will begin upon your registration and acceptance [&hellip;]","_links":{"self":[{"href":"https:\/\/nodengo.com\/fr\/wp-json\/wp\/v2\/pages\/38786","targetHints":{"allow":["GET"]}}],"collection":[{"href":"https:\/\/nodengo.com\/fr\/wp-json\/wp\/v2\/pages"}],"about":[{"href":"https:\/\/nodengo.com\/fr\/wp-json\/wp\/v2\/types\/page"}],"author":[{"embeddable":true,"href":"https:\/\/nodengo.com\/fr\/wp-json\/wp\/v2\/users\/1"}],"replies":[{"embeddable":true,"href":"https:\/\/nodengo.com\/fr\/wp-json\/wp\/v2\/comments?post=38786"}],"version-history":[{"count":0,"href":"https:\/\/nodengo.com\/fr\/wp-json\/wp\/v2\/pages\/38786\/revisions"}],"wp:attachment":[{"href":"https:\/\/nodengo.com\/fr\/wp-json\/wp\/v2\/media?parent=38786"}],"curies":[{"name":"wp","href":"https:\/\/api.w.org\/{rel}","templated":true}]}}