{"id":26317,"date":"2022-03-06T00:54:50","date_gmt":"2022-03-05T23:54:50","guid":{"rendered":"https:\/\/nodengo.com\/?page_id=26317"},"modified":"2025-12-16T07:51:36","modified_gmt":"2025-12-16T06:51:36","slug":"vols","status":"publish","type":"page","link":"https:\/\/nodengo.com\/fr\/flights\/","title":{"rendered":"Book the best Flights in 1 search"},"content":{"rendered":"<div style=\"height:10px\" aria-hidden=\"true\" class=\"wp-block-spacer\"><\/div>\n\n\n\t\t\t<!-- Flexy Breadcrumb -->\r\n\t\t\t<div class=\"fbc fbc-page\">\r\n\r\n\t\t\t\t<!-- Breadcrumb wrapper -->\r\n\t\t\t\t<div class=\"fbc-wrap\">\r\n\r\n\t\t\t\t\t<!-- Ordered list-->\r\n\t\t\t\t\t<ol class=\"fbc-items\" itemscope itemtype=\"https:\/\/schema.org\/BreadcrumbList\">\r\n\t\t\t\t\t\t            <li itemprop=\"itemListElement\" itemscope itemtype=\"https:\/\/schema.org\/ListItem\">\r\n                <span itemprop=\"name\">\r\n                    <!-- Home Link -->\r\n                    <a itemprop=\"item\" href=\"https:\/\/nodengo.com\/fr\/\">\r\n                    \r\n                                                    <i class=\"fa fa-home\" aria-hidden=\"true\"><\/i>Home                    <\/a>\r\n                <\/span>\r\n                <meta itemprop=\"position\" content=\"1\" \/><!-- Meta Position-->\r\n             <\/li><li><span class=\"fbc-separator\">\/<\/span><\/li><li class=\"active\" itemprop=\"itemListElement\" itemscope itemtype=\"https:\/\/schema.org\/ListItem\"><span itemprop=\"name\" title=\"Best Travel Blog\">Best Travel Blog<\/span><meta itemprop=\"position\" content=\"2\" \/><\/li>\t\t\t\t\t<\/ol>\r\n\t\t\t\t\t<div class=\"clearfix\"><\/div>\r\n\t\t\t\t<\/div>\r\n\t\t\t<\/div>\r\n\t\t\t\n\n\n\n<div class=\"wp-block-citadela-blocks-custom-container citadela-block-custom-container size-wide bg-type-image inside-space-none bg-size-cover has-overlay has-min-height vertical-align-top\" style=\"min-height:250px\"><div class=\"bg-image-wrapper\" style=\"background-image:url(https:\/\/nodengo.com\/wp-content\/uploads\/orlando-panorama-l-Copy.jpg);background-repeat:no-repeat;background-position:49% 42%\"><\/div><div class=\"bg-image-overlay\" style=\"opacity:0.14\"><\/div><div class=\"inner-holder\" style=\"max-width:1200px\">\n<div style=\"height:15px\" aria-hidden=\"true\" class=\"wp-block-spacer\"><\/div>\n\n\n\n<p class=\"has-text-align-center has-text-color has-link-color wp-elements-091a300e08cd766f64b6954f116600c7\" style=\"color:#295042;font-size:16px\"><strong> <a href=\"\/fr\/hotels\/\">H\u00d4TELS<\/a> | <a href=\"https:\/\/nodengo.com\/fr\/-13\/\" data-type=\"page\" data-id=\"26089\">VOITURES<\/a> | <a href=\"https:\/\/compensair.tp.st\/zmVKaDmy\" target=\"_blank\" rel=\"noopener\">ASSURANCE VOYAGES<\/a> | <a href=\"https:\/\/bikesbooking.tp.st\/0pSBjfgx\" target=\"_blank\" rel=\"noopener\">BIKE BOOKING <\/a>| <a href=\"\/fr\/airport-transfer-2\/\">TRANSFERT DE L' A\u00c9ROPORT<\/a><\/strong><\/p>\n\n\n\n<h2 class=\"wp-block-heading has-text-align-center has-black-color has-text-color has-x-large-font-size\">Recherchez et comparez les meilleurs vols<\/h2>\n<\/div><\/div>\n\n\n\n<div style=\"height:20px\" aria-hidden=\"true\" class=\"wp-block-spacer\"><\/div>\n\n\n\n<p class=\"has-text-align-center\"><strong>Nous recherchons des sites de voyages et de compagnies a\u00e9riennes pour vous aider \u00e0 trouver VOS vols aux meilleurs prix<\/strong><\/p>\n\n\n\n<div class=\"wp-block-citadela-blocks-custom-container citadela-block-custom-container size-wide bg-type-none inside-space-none\"><div class=\"inner-holder\">\n\n<script async src=\"https:\/\/tpwgts.com\/content?currency=eur&#038;trs=32252&#038;shmarker=246395&#038;show_hotels=true&#038;powered_by=true&#038;locale=fr&#038;searchUrl=search.jetradar.com&#038;primary_override=%2332a8dd&#038;color_button=%2392CE52&#038;color_icons=%2332a8dd&#038;dark=%23262626&#038;light=%23FFFFFF&#038;secondary=%23FFFFFF&#038;special=%23C4C4C4&#038;color_focused=%2332a8dd&#038;border_radius=0&#038;plain=true&#038;promo_id=7879&#038;campaign_id=100\" charset=\"utf-8\"><\/script>\n\n\n\n\n\n\n\n\n\n\n\n<script async src=\"https:\/\/c111.travelpayouts.com\/content?currency=eur&#038;trs=32252&#038;shmarker=246395&#038;powered_by=false&#038;locale=fr&#038;limit=8&#038;form_background_color=FFFFFF&#038;promo_id=4563\" charset=\"utf-8\"><\/script>\n\n\n\n\n\n\n\n\n\n<p><iframe style=\"border:0;height:250px;\" width=\"100%\" height=\"auto\" scrolling=\"no\" id=\"bsaIframe\" onload=\"bsaIframe()\" src=\"https:\/\/ads.nodengo.com\/api\/?id=1&amp;i=1\" if_empty=\"id=1\"> <\/iframe><script>function bsaIframe() { var iFrameID = document.getElementById('bsaIframe'); if(iFrameID) { iFrameID.height = iFrameID.contentWindow.document.body.scrollHeight + 'px'; } }<\/script>\n<\/p>\n<\/div><\/div>\n\n\n\n<div class=\"wp-block-citadela-blocks-custom-container citadela-block-custom-container size-wide bg-type-none inside-space-none\"><div class=\"inner-holder\">\n<div class=\"wp-block-columns is-layout-flex wp-container-core-columns-is-layout-9d6595d7 wp-block-columns-is-layout-flex\">\n<div class=\"wp-block-column is-layout-flow wp-block-column-is-layout-flow\">\n<p class=\"has-text-align-left has-text-color has-medium-font-size\" style=\"color:#92ce52\"><strong>CALENDRIER DES VOLS BAS TARIF<\/strong><\/p>\n<\/div>\n\n\n\n<div class=\"wp-block-column is-layout-flow wp-block-column-is-layout-flow\">\n<h5 class=\"wp-block-heading has-text-align-left has-text-color has-link-color has-medium-font-size wp-elements-e82bb807a7337aa8d1c897d531f04583\" style=\"color:#707477\">Les meilleurs tarifs a\u00e9riens jusqu'\u00e0 un an \u00e0 l'avance<\/h5>\n<\/div>\n<\/div>\n\n\n\n<div class=\"wp-block-uagb-container uagb-block-a64b46d1 default uagb-is-root-container\">\n<div class=\"wp-block-uagb-container uagb-block-4d336662\">\n<figure class=\"wp-block-image size-full is-style-default\"><img decoding=\"async\" width=\"72\" height=\"61\" src=\"https:\/\/nodengo.com\/wp-content\/uploads\/map-1.png\" alt=\"\" class=\"wp-image-26326\" title=\"\" srcset=\"https:\/\/nodengo.com\/wp-content\/uploads\/map-1.png 72w, https:\/\/nodengo.com\/wp-content\/uploads\/map-1-14x12.png 14w\" sizes=\"(max-width: 72px) 100vw, 72px\" \/><figcaption class=\"wp-element-caption\">1. Choisissez votre destination<\/figcaption><\/figure>\n<\/div>\n\n\n\n<div class=\"wp-block-uagb-container uagb-block-08edd7f2\">\n<figure class=\"wp-block-image size-full is-style-default\"><img decoding=\"async\" width=\"93\" height=\"57\" src=\"https:\/\/nodengo.com\/wp-content\/uploads\/arrows.png\" alt=\"\" class=\"wp-image-26325\" title=\"\" srcset=\"https:\/\/nodengo.com\/wp-content\/uploads\/arrows.png 93w, https:\/\/nodengo.com\/wp-content\/uploads\/arrows-18x12.png 18w\" sizes=\"(max-width: 93px) 100vw, 93px\" \/><figcaption class=\"wp-element-caption\">2. Aller retour ou simple<\/figcaption><\/figure>\n<\/div>\n\n\n\n<div class=\"wp-block-uagb-container uagb-block-9e05581a\">\n<figure class=\"wp-block-image size-full is-style-default\"><img decoding=\"async\" width=\"72\" height=\"61\" src=\"https:\/\/nodengo.com\/wp-content\/uploads\/calendar.png\" alt=\"\" class=\"wp-image-26327\" title=\"\" srcset=\"https:\/\/nodengo.com\/wp-content\/uploads\/calendar.png 72w, https:\/\/nodengo.com\/wp-content\/uploads\/calendar-14x12.png 14w\" sizes=\"(max-width: 72px) 100vw, 72px\" \/><figcaption class=\"wp-element-caption\">3. D\u00e9finissez la dur\u00e9e<\/figcaption><\/figure>\n<\/div>\n\n\n\n<div class=\"wp-block-uagb-container uagb-block-5ee50dd5\">\n<figure class=\"wp-block-image size-full is-resized is-style-default\"><img decoding=\"async\" width=\"72\" height=\"70\" src=\"https:\/\/nodengo.com\/wp-content\/uploads\/thumbup.png\" alt=\"\" class=\"wp-image-26328\" style=\"width:52px;height:51px\" title=\"\" srcset=\"https:\/\/nodengo.com\/wp-content\/uploads\/thumbup.png 72w, https:\/\/nodengo.com\/wp-content\/uploads\/thumbup-12x12.png 12w\" sizes=\"(max-width: 72px) 100vw, 72px\" \/><figcaption class=\"wp-element-caption\">4. Nous vous montrons les meilleurs vols<\/figcaption><\/figure>\n<\/div>\n<\/div>\n\n\n\n\n<script async src=\"https:\/\/tp.media\/content?currency=eur&#038;trs=32252&#038;shmarker=246395&#038;searchUrl=www.aviasales.com%2Fsearch&#038;locale=fr&#038;powered_by=true&#038;one_way=false&#038;only_direct=false&#038;period=current_month&#038;range=7%2C14&#038;width=1200&#038;primary=%2352CE92&#038;color_background=%23C1C1C16e&#038;dark=%23000000&#038;light=%23FFFFFF&#038;achieve=%2345AD35b5&#038;promo_id=4041&#038;campaign_id=100\" charset=\"utf-8\"><\/script>\n\n\n\n\n\n\n<\/div><\/div>\n\n\n\n<div class=\"wp-block-citadela-blocks-custom-container citadela-block-custom-container size-wide bg-type-color inside-space-none has-bg\" style=\"background-color:rgba(234, 234, 234, 1)\"><div class=\"inner-holder\">\n<div class=\"wp-block-columns is-layout-flex wp-container-core-columns-is-layout-9d6595d7 wp-block-columns-is-layout-flex\">\n<div class=\"wp-block-column has-background is-layout-flow wp-block-column-is-layout-flow\" style=\"background-color:#fafafa\">\n<p class=\"has-text-align-center has-text-color has-medium-font-size\" style=\"color:#5d5f62\">5 AVANTAGES DE RESERVER AVEC NOUS<\/p>\n\n\n\n<div class=\"wp-block-columns is-layout-flex wp-container-core-columns-is-layout-9d6595d7 wp-block-columns-is-layout-flex\">\n<div class=\"wp-block-column is-vertically-aligned-top is-layout-flow wp-block-column-is-layout-flow\" style=\"flex-basis:66%\">\n<ol class=\"wp-block-list\">\n<li style=\"font-style:normal;font-weight:400\">1. Nous trouvons les meilleures offres de vol et vous choisissez celle que vous pr\u00e9f\u00e9rez.<\/li>\n\n\n\n<li style=\"font-style:normal;font-weight:400\">2. Nous ne facturons pas de commissions ou de frais suppl\u00e9mentaires \u00e0 nos clients.<\/li>\n\n\n\n<li style=\"font-style:normal;font-weight:400\">3. Nous travaillons avec de nombreuses entreprises partenaires afin que vous puissiez avoir un vaste choix de destinations, promotions et remises.<\/li>\n\n\n\n<li style=\"font-style:normal;font-weight:400\">4. Nous coop\u00e9rons uniquement avec des entreprises \u00e9prouv\u00e9es et fiables.<\/li>\n\n\n\n<li style=\"font-style:normal;font-weight:400\">5. Nous vous tenons toujours au courant des derni\u00e8res meilleures offres.<\/li>\n<\/ol>\n<\/div>\n\n\n\n<div class=\"wp-block-column is-layout-flow wp-block-column-is-layout-flow\" style=\"font-style:normal;font-weight:500;flex-basis:33%\"><div class=\"wp-block-image is-style-default\">\n<figure class=\"alignleft size-medium uag-hide-mob\"><img decoding=\"async\" width=\"228\" height=\"300\" src=\"https:\/\/nodengo.com\/wp-content\/uploads\/advantages__img-bg-228x300.png\" alt=\"Flights Offers\" class=\"wp-image-26335\" style=\"aspect-ratio:0.5625;object-fit:contain\" title=\"\" srcset=\"https:\/\/nodengo.com\/wp-content\/uploads\/advantages__img-bg-228x300.png 228w, https:\/\/nodengo.com\/wp-content\/uploads\/advantages__img-bg-114x150.png 114w, https:\/\/nodengo.com\/wp-content\/uploads\/advantages__img-bg-9x12.png 9w, https:\/\/nodengo.com\/wp-content\/uploads\/advantages__img-bg.png 560w\" sizes=\"(max-width: 228px) 100vw, 228px\" \/><\/figure>\n<\/div><\/div>\n<\/div>\n<\/div>\n\n\n\n<div class=\"wp-block-column is-layout-flow wp-block-column-is-layout-flow\">\n<p><strong>ROUTES POPULAIRES R\u00c9SERV\u00c9ES SUR <\/strong><a href=\"https:\/\/nodengo.com\/fr\/\">NOTRE SITE<\/a><\/p>\n\n\n\n<p>AM\u00c9RIQUE DU NORD<\/p>\n\n\n\n<p class=\"has-small-font-size\"><a href=\"https:\/\/tinyurl.com\/y6yykgyb\" target=\"_blank\" rel=\"noopener\">Chicago &#8211; Los Angeles (CHI &#8211; LAX)<\/a>| <a href=\"https:\/\/tinyurl.com\/yxuwzd2p\" target=\"_blank\" rel=\"noopener\">Los Angeles &#8211; Hawaii (LAX &#8211; HNL)<\/a> | <a href=\"https:\/\/tinyurl.com\/y4vhkqwm\" target=\"_blank\" rel=\"noopener\">Chicago &#8211; Miami (CHI &#8211; MIA)<\/a> | <a href=\"https:\/\/tinyurl.com\/yxtqe8lm\" target=\"_blank\" rel=\"noopener\">New York &#8211; Chicago (NYC &#8211; CHI)<\/a> | <a href=\"https:\/\/tinyurl.com\/yyalzcfb\" target=\"_blank\" rel=\"noopener\">Atlanta &#8211; Las Vegas (ATL &#8211; LAS)<\/a> | <a href=\"https:\/\/tinyurl.com\/y4q2y5qo\" target=\"_blank\" rel=\"noopener\">Los Angeles &#8211; New York (LAX &#8211; NYC)<\/a> | <a href=\"https:\/\/tinyurl.com\/y4duvyoh\" target=\"_blank\" rel=\"noopener\">Dallas &#8211; Los Angeles (DFW &#8211; LAX)<\/a> | <a href=\"https:\/\/tinyurl.com\/y5npovcw\" target=\"_blank\" rel=\"noopener\">New York &#8211; Los Angeles (NYC &#8211; CA)<\/a><\/p>\n\n\n\n<p>EUROPE<\/p>\n\n\n\n<p class=\"has-small-font-size\"><a href=\"https:\/\/tinyurl.com\/y5cv8s3y\" target=\"_blank\" rel=\"noopener\">Paris &#8211; London (PAR &#8211; LON)| <\/a><a href=\"https:\/\/tinyurl.com\/y5cdbwpm\" target=\"_blank\" rel=\"noopener\">Zurich &#8211; Berlin (ZRH &#8211; BER)<\/a> | <a href=\"https:\/\/tinyurl.com\/y6ew4xjd\" target=\"_blank\" rel=\"noopener\">London &#8211; Milano (LON &#8211; MIL)<\/a> | <a href=\"https:\/\/tinyurl.com\/yxh789fx\" target=\"_blank\" rel=\"noopener\">Zurich &#8211; Bucharest (ZRH &#8211; OTP)<\/a> | <a href=\"https:\/\/tinyurl.com\/y2jmmf62\" target=\"_blank\" rel=\"noopener\">Paris &#8211; Barcelona (PAR &#8211; BCN)<\/a> | <a href=\"https:\/\/tinyurl.com\/yxt45b43\" target=\"_blank\" rel=\"noopener\">Paris &#8211; Lisbon (PAR &#8211; LIS)<\/a> | <a href=\"https:\/\/tinyurl.com\/yxg4pgtu\" target=\"_blank\" rel=\"noopener\">Berlin &#8211; Oslo (BER &#8211; OSL)<\/a> | <a href=\"https:\/\/tinyurl.com\/y5x89yfz\" target=\"_blank\" rel=\"noopener\">Frankfurt &#8211; Munich (FRA &#8211; MUC)<\/a><\/p>\n\n\n\n<p>ASIE<\/p>\n\n\n\n<p class=\"has-small-font-size\"><a href=\"https:\/\/tinyurl.com\/y29fdqov\" target=\"_blank\" rel=\"noopener\">&nbsp;Paris &#8211; Bangkok (PAR &#8211; BKK)<\/a> | <a href=\"https:\/\/tinyurl.com\/yxglknqe\" target=\"_blank\" rel=\"noopener\">New York &#8211; Manila (NYC &#8211; MNL)<\/a> | <a href=\"https:\/\/tinyurl.com\/y4ew3yw2\" target=\"_blank\" rel=\"noopener\">London &#8211; Hong Kong (LON &#8211; HKJ)<\/a> |  <a href=\"https:\/\/tinyurl.com\/y4v9zznh\" target=\"_blank\" rel=\"noopener\">London to Beijing (LON &#8211; BJS)<\/a> | <a href=\"https:\/\/tinyurl.com\/y3fxhtuq\" target=\"_blank\" rel=\"noopener\">Geneva &#8211; Bali (GVA- DPS)<\/a> | <a href=\"https:\/\/tinyurl.com\/yy4uxa47\" target=\"_blank\" rel=\"noopener\">Zurich &#8211; Hanoi (ZRH &#8211; HAN)<\/a>  | <a href=\"https:\/\/tinyurl.com\/y2fbag8q\" target=\"_blank\" rel=\"noopener\">Paris &#8211; Singapore (PAR &#8211; SIN)<\/a><\/p>\n<\/div>\n<\/div>\n<\/div><\/div>\n\n\n\n<hr class=\"wp-block-separator has-alpha-channel-opacity is-style-wide\"\/>\n\n\n\n<div class=\"wp-block-citadela-blocks-custom-container citadela-block-custom-container size-wide bg-type-none inside-space-none\"><div class=\"inner-holder\">\n<div class=\"wp-block-citadela-blocks-custom-container citadela-block-custom-container size-wide bg-type-none inside-space-none\"><div class=\"inner-holder\">\n<p class=\"has-small-font-size\"><strong>Top destination VOL<\/strong><br><a href=\"http:\/\/tinyurl.com\/yx2tsbqt\" target=\"_blank\" rel=\"noopener\">Amsterdam<\/a> &#8211;&nbsp;<a href=\"http:\/\/tinyurl.com\/suhkszh\" target=\"_blank\" rel=\"noopener\">Athens<\/a> &#8211;&nbsp;<a href=\"http:\/\/tinyurl.com\/rpapq3a\" target=\"_blank\" rel=\"noopener\">Bangkok<\/a> &#8211;&nbsp;<a href=\"http:\/\/tinyurl.com\/uqnk3l3\" target=\"_blank\" rel=\"noopener\">Barcelone&nbsp;<\/a>&#8211; <a href=\"http:\/\/tinyurl.com\/vtx2p7x\" target=\"_blank\" rel=\"noopener\">Berlin<\/a> &#8211; <a href=\"http:\/\/tinyurl.com\/sbjo6as\" target=\"_blank\" rel=\"noopener\">Budapest<\/a> &#8211;&nbsp;<a href=\"http:\/\/tinyurl.com\/ua2wypq\" target=\"_blank\" rel=\"noopener\">Bruxelles<\/a> &#8211;&nbsp;<a href=\"http:\/\/tinyurl.com\/su4y89e\" target=\"_blank\" rel=\"noopener\">Cape town&nbsp;<\/a>&#8211; <a href=\"http:\/\/tinyurl.com\/stwkbt9\" target=\"_blank\" rel=\"noopener\">Dublin<\/a> &#8211;&nbsp;<a href=\"http:\/\/tinyurl.com\/sedxltl\" target=\"_blank\" rel=\"noopener\">Lisbon<\/a> &#8211;&nbsp;<a href=\"http:\/\/tinyurl.com\/u3bumka\" target=\"_blank\" rel=\"noopener\">Londres<\/a> &#8211;&nbsp;<a href=\"http:\/\/tinyurl.com\/wxf69am\" target=\"_blank\" rel=\"noopener\">Los Angeles<\/a> &#8211;<a href=\"http:\/\/tinyurl.com\/sryqbzf\" target=\"_blank\" rel=\"noopener\">Madrid&nbsp;<\/a>&#8211; <a href=\"http:\/\/tinyurl.com\/tk3tdq6\" target=\"_blank\" rel=\"noopener\">Miami<\/a> &#8211;&nbsp;<a href=\"http:\/\/tinyurl.com\/ujhpx7s\" target=\"_blank\" rel=\"noopener\">Montreal<\/a> &#8211;&nbsp;<a href=\"http:\/\/tinyurl.com\/u836uju\" target=\"_blank\" rel=\"noopener\">&nbsp;New York<\/a> &#8211;&nbsp; <a href=\"http:\/\/tinyurl.com\/vydyay5\" target=\"_blank\" rel=\"noopener\">San Francisco<\/a><\/p>\n\n\n\n<p class=\"has-small-font-size\"><strong>Meilleure destination de voyage<\/strong><br><a href=\"https:\/\/expedia.tpx.gr\/p0wR7KK3\" target=\"_blank\" rel=\"noopener\">Hotels in New York<\/a> |  <a href=\"https:\/\/expedia.tpx.gr\/xtbNvZRC\" target=\"_blank\" rel=\"noopener\">Hotels in Miami<\/a> | <a href=\"https:\/\/expedia.tpx.gr\/I0BenXYI\" target=\"_blank\" rel=\"noopener\">H\u00f4tels Paris<\/a> |  <a href=\"https:\/\/expedia.tpx.gr\/XdSnbnEV\" target=\"_blank\" rel=\"noopener\">H\u00f4tels Rome<\/a><\/p>\n\n\n\n<p class=\"has-small-font-size\"><strong>Top des activit\u00e9s<\/strong><br><a href=\"https:\/\/www.getyourguide.com\/beijing-l186\/4-hour-private-tour-to-tian-anmen-square-and-forbidden-city-t459862\/?partner_id=SGJ5DHX&amp;utm_medium=online_publisher&amp;cmp=flights_page\" target=\"_blank\" rel=\"noopener\">Billets pour la \"Forbidden City\"<\/a>&nbsp;|&nbsp;<a href=\"https:\/\/www.getyourguide.com\/dublin-l31\/from-dublin-game-of-thrones-studio-tour-with-transfer-t467802\/?partner_id=SGJ5DHX&amp;utm_medium=online_publisher&amp;cmp=flights_page\" target=\"_blank\" rel=\"noopener\">Games of Thrones Tour<\/a>&nbsp;|&nbsp;<a href=\"https:\/\/www.getyourguide.com\/las-vegas-l58\/las-vegas-o-by-cirque-du-soleil-at-bellagio-t398243\/?partner_id=SGJ5DHX&amp;utm_medium=online_publisher&amp;cmp=flights_page\" target=\"_blank\" rel=\"noopener\">Tourisme \u00e0 Las Vegas<\/a><\/p>\n\n\n\n<hr class=\"wp-block-separator has-alpha-channel-opacity\"\/>\n\n\n\n<p class=\"has-text-align-center\"><strong>OFFRES H\u00d4TEL trouver le meilleur h\u00f4tel au meilleur prix<\/strong><\/p>\n\n\n\n<div class=\"wp-block-columns is-layout-flex wp-container-core-columns-is-layout-9d6595d7 wp-block-columns-is-layout-flex\">\n<div class=\"wp-block-column is-layout-flow wp-block-column-is-layout-flow\" style=\"flex-basis:66.66%\">\n\n<script async src=\"https:\/\/tpwgts.com\/content?trs=32252&#038;shmarker=246395&#038;lang=fr&#038;layout=S606230&#038;powered_by=true&#038;campaign_id=121&#038;promo_id=4038\" charset=\"utf-8\"><\/script>\n\n\n\n\n<\/div>\n\n\n\n<div class=\"wp-block-column is-layout-flow wp-block-column-is-layout-flow\" style=\"flex-basis:33.33%\"><div class=\"wp-block-image\">\n<figure class=\"alignright size-full is-resized\"><img decoding=\"async\" width=\"438\" height=\"424\" src=\"https:\/\/nodengo.com\/wp-content\/uploads\/slider-04-1.jpg\" alt=\"Paris Image\" class=\"wp-image-26294\" style=\"aspect-ratio:1.0330223604324005;width:255px;height:auto\" title=\"\" srcset=\"https:\/\/nodengo.com\/wp-content\/uploads\/slider-04-1.jpg 438w, https:\/\/nodengo.com\/wp-content\/uploads\/slider-04-1-150x145.jpg 150w, https:\/\/nodengo.com\/wp-content\/uploads\/slider-04-1-300x290.jpg 300w, https:\/\/nodengo.com\/wp-content\/uploads\/slider-04-1-12x12.jpg 12w\" sizes=\"(max-width: 438px) 100vw, 438px\" \/><\/figure>\n<\/div><\/div>\n<\/div>\n\n\n\n<div class=\"wp-block-media-text is-stacked-on-mobile\" style=\"grid-template-columns:23% auto\"><figure class=\"wp-block-media-text__media\"><img decoding=\"async\" width=\"300\" height=\"200\" src=\"https:\/\/nodengo.com\/wp-content\/uploads\/airport-transfer-e1638022316805.jpg\" alt=\"Airport transfer header\" class=\"wp-image-6797 size-full\" title=\"\" srcset=\"https:\/\/nodengo.com\/wp-content\/uploads\/airport-transfer-e1638022316805.jpg 300w, https:\/\/nodengo.com\/wp-content\/uploads\/airport-transfer-e1638022316805-150x100.jpg 150w\" sizes=\"(max-width: 300px) 100vw, 300px\" \/><\/figure><div class=\"wp-block-media-text__content\">\n<p>Une fois votre vol r\u00e9serv\u00e9, r\u00e9servez un <a href=\"https:\/\/nodengo.com\/fr\/airport-transfer-2\/\"><strong>transfert de l'a\u00e9roport<\/strong><\/a> et \u00e9vitez le stress de votre arriv\u00e9e<\/p>\n<\/div><\/div>\n\n\n\n<hr class=\"wp-block-separator has-alpha-channel-opacity\"\/>\n\n\n\r\n        <div class=\"wp-block-citadela-blocks ctdl-directory-search-form has-geolocation-input border-thin shadow-default align-center\">\r\n            <div class=\"citadela-block-form search-form-component-container\" style=\"\" data-action=\"&quot;https:\\\/\\\/nodengo.com\\\/fr\\\/&quot;\"data-post-type=\"citadela-item\"data-category-taxonomy=\"citadela-item-category\"data-location-taxonomy=\"citadela-item-location\"data-attributes=\"{&quot;useGeolocationInput&quot;:true,&quot;geoUnit&quot;:&quot;km&quot;,&quot;geoMax&quot;:100,&quot;geoStep&quot;:1,&quot;geoDistanceLabel&quot;:&quot;Set distance for search&quot;,&quot;geoDistanceSubmitLabel&quot;:&quot;OK&quot;,&quot;geoDisableLabel&quot;:&quot;Disable geolocation&quot;}\">\r\n            <\/div>\r\n                    <\/div>\r\n\r\n        \n\n\n<p class=\"has-small-font-size\">Nodengo.com\u00a0 \u00a0(Know then Go) &#8211; All local \u2013 All the time is a company and network dedicated to the distribution of local tourist-oriented information, travel information and city guide.<br>Outre les h\u00f4tels, les vols et la location de voitures. Nous offrons des informations locales fournies par nos \u00e9diteurs locaux aux visiteurs potentiels vers une destination mondiale.<\/p>\n<\/div><\/div>\n<\/div><\/div>","protected":false},"excerpt":{"rendered":"<p>Nous recherchons des sites de voyages et de compagnies a\u00e9riennes pour vous aider \u00e0 trouver VOS vols aux meilleurs prix<\/p>","protected":false},"author":1,"featured_media":0,"parent":0,"menu_order":0,"comment_status":"closed","ping_status":"closed","template":"","meta":{"_uag_custom_page_level_css":"","_citadela_hide_page_title":"1","_citadela_remove_header_space":"1","_citadela_custom_class":"","_citadela_half_map_provider":"","_citadela_half_map_theme":"","_citadela_half_map_themeOSM":"","_citadela_half_map_customTheme":"","_citadela_half_map_dataType":"","_citadela_half_map_dynamicTrack":false,"_citadela_half_map_trackColor":"","_citadela_half_map_trackEndpointsColor":"","_citadela_half_map_filterCategory":"","_citadela_half_map_filterLocation":"","_citadela_half_map_filterFeatured":false,"_citadela_half_map_noDataBehavior":"empty-map","_citadela_half_map_noDataText":"","_citadela_half_map_clusterGridSize":80,"_citadela_header":false,"_citadela_header_over_content":false,"_citadela_header_text_color":"","_citadela_header_logo":[],"_citadela_header_bg_image":[],"_citadela_header_bg_position":{"x":0.5,"y":0.5},"_citadela_header_bg_size":"cover","_citadela_header_bg_repeat":"no-repeat","_citadela_header_bg_fixed":false,"_citadela_header_bg_color":"","_citadela_header_bg_image_overlay":"","_citadela_header_transparent_bg":false,"_citadela_content_width":"default","_citadela_half_layout_position":"","footnotes":""},"class_list":["post-26317","page","type-page","status-publish","hentry"],"uagb_featured_image_src":{"full":false,"thumbnail":false,"medium":false,"medium_large":false,"large":false,"1536x1536":false,"2048x2048":false,"trp-custom-language-flag":false,"citadela_item_thumbnail":false,"woocommerce_thumbnail":false,"woocommerce_single":false,"woocommerce_gallery_thumbnail":false,"citadela_service":false},"uagb_author_info":{"display_name":"admin","author_link":"https:\/\/nodengo.com\/fr\/author\/admin\/"},"uagb_comment_info":0,"uagb_excerpt":"We search travel and airlines sites to help you find YOUR flights at the best price","_links":{"self":[{"href":"https:\/\/nodengo.com\/fr\/wp-json\/wp\/v2\/pages\/26317","targetHints":{"allow":["GET"]}}],"collection":[{"href":"https:\/\/nodengo.com\/fr\/wp-json\/wp\/v2\/pages"}],"about":[{"href":"https:\/\/nodengo.com\/fr\/wp-json\/wp\/v2\/types\/page"}],"author":[{"embeddable":true,"href":"https:\/\/nodengo.com\/fr\/wp-json\/wp\/v2\/users\/1"}],"replies":[{"embeddable":true,"href":"https:\/\/nodengo.com\/fr\/wp-json\/wp\/v2\/comments?post=26317"}],"version-history":[{"count":0,"href":"https:\/\/nodengo.com\/fr\/wp-json\/wp\/v2\/pages\/26317\/revisions"}],"wp:attachment":[{"href":"https:\/\/nodengo.com\/fr\/wp-json\/wp\/v2\/media?parent=26317"}],"curies":[{"name":"wp","href":"https:\/\/api.w.org\/{rel}","templated":true}]}}