{"id":26089,"date":"2022-03-05T18:30:46","date_gmt":"2022-03-05T17:30:46","guid":{"rendered":"https:\/\/nodengo.com\/?page_id=26089"},"modified":"2025-12-09T16:48:31","modified_gmt":"2025-12-09T15:48:31","slug":"-13","status":"publish","type":"page","link":"https:\/\/nodengo.com\/fr\/car-rental\/","title":{"rendered":"location de voiture flexible"},"content":{"rendered":"<div class=\"wp-block-citadela-blocks-custom-container citadela-block-custom-container size-wide bg-type-image inside-space-none hide-on-mobile bg-size-cover has-overlay has-min-height vertical-align-top\" style=\"min-height:500px\"><div class=\"bg-image-wrapper\" style=\"background-image:url(https:\/\/nodengo.com\/wp-content\/uploads\/carerentalbackground.jpg);background-repeat:no-repeat;background-position:50% 60%\"><\/div><div class=\"bg-image-overlay\" style=\"opacity:0.5\"><\/div><div class=\"inner-holder\" style=\"max-width:1200px\">\n<div class=\"wp-block-columns is-layout-flex wp-container-core-columns-is-layout-9d6595d7 wp-block-columns-is-layout-flex\">\n<div class=\"wp-block-column is-layout-flow wp-block-column-is-layout-flow\">\n<div style=\"height:144px\" aria-hidden=\"true\" class=\"wp-block-spacer\"><\/div>\n\n\n\n<h1 class=\"wp-block-heading has-text-align-center has-black-color has-text-color has-link-color wp-elements-91ca4ad461565b3836487a49573099c2\" style=\"text-transform:uppercase\"><strong><strong>Location de voiture \u2013 Rechercher et comparer<\/strong><\/strong><\/h1>\n<\/div>\n<\/div>\n\n\n\n<div style=\"height:36px\" aria-hidden=\"true\" class=\"wp-block-spacer\"><\/div>\n<\/div><\/div>\n\n\n\n<div class=\"wp-block-citadela-blocks-spacer citadela-block-spacer negative-height\"><div class=\"inner-holder\" style=\"margin-top:-11rem\"><\/div><\/div>\n\n\n\n<div class=\"wp-block-uagb-tabs uagb-block-278bfc39 uagb-tabs__wrap uagb-tabs__hstyle2-desktop uagb-tabs__vstyle6-tablet uagb-tabs__stack1-mobile\" data-tab-active=\"0\"><ul class=\"uagb-tabs__panel uagb-tabs__align-center\" role=\"tablist\"><li class=\"uagb-tab uagb-tabs__active\" role=\"none\"><a href=\"#uagb-tabs__tab0\" class=\"uagb-tabs-list uagb-tabs__icon-position-left\" data-tab=\"0\" role=\"tab\"><div><strong>VOITURES<\/strong><\/div><\/a><\/li><li class=\"uagb-tab\" role=\"none\"><a href=\"#uagb-tabs__tab1\" class=\"uagb-tabs-list uagb-tabs__icon-position-left\" data-tab=\"1\" role=\"tab\"><div>Vols<\/div><\/a><\/li><li class=\"uagb-tab\" role=\"none\"><a href=\"#uagb-tabs__tab2\" class=\"uagb-tabs-list uagb-tabs__icon-position-left\" data-tab=\"2\" role=\"tab\"><div>H\u00f4tels<\/div><\/a><\/li><li class=\"uagb-tab\" role=\"none\"><a href=\"#uagb-tabs__tab3\" class=\"uagb-tabs-list uagb-tabs__icon-position-left\" data-tab=\"3\" role=\"tab\"><div>Transfert<\/div><\/a><\/li><li class=\"uagb-tab\" role=\"none\"><a href=\"#uagb-tabs__tab4\" class=\"uagb-tabs-list uagb-tabs__icon-position-left\" data-tab=\"4\" role=\"tab\"><div>Bike Rental<\/div><\/a><\/li><li class=\"uagb-tab\" role=\"none\"><a href=\"#uagb-tabs__tab5\" class=\"uagb-tabs-list uagb-tabs__icon-position-left\" data-tab=\"5\" role=\"tab\"><div>Destination<\/div><\/a><\/li><\/ul><div class=\"uagb-tabs__body-wrap\">\n<div class=\"wp-block-uagb-tabs-child uagb-tabs__body-container uagb-inner-tab-0\" aria-labelledby=\"uagb-tabs__tab0\">\n\n<script async src=\"https:\/\/c117.travelpayouts.com\/content?currency=eur&#038;trs=32252&#038;shmarker=246395&#038;locale=fr&#038;powered_by=true&#038;bg_color=FFFFFF26&#038;font_color=333333&#038;button_color=92CE52&#038;button_font_color=ffffff&#038;button_text=Search&#038;promo_id=3873\" charset=\"utf-8\" async=\"true\"><\/script>\n\n\n\n\n\n\n<\/div>\n\n\n\n<div class=\"wp-block-uagb-tabs-child uagb-tabs__body-container uagb-inner-tab-1\" aria-labelledby=\"uagb-tabs__tab1\">\n<p><strong>Trouvez des vols pas chers vers votre destination<\/strong>.<\/p>\n\n\n\n\n<script async src=\"https:\/\/tp.media\/content?trs=32252&#038;shmarker=246395&#038;locale=en&#038;curr=EUR&#038;powered_by=false&#038;border_radius=0&#038;plain=true&#038;color_button=%232681ff&#038;color_button_text=%23ffffff&#038;color_border=%232681ff&#038;promo_id=4132&#038;campaign_id=121\" charset=\"utf-8\"><\/script>\n\n\n\n\n\n\n<\/div>\n\n\n\n<div class=\"wp-block-uagb-tabs-child uagb-tabs__body-container uagb-inner-tab-2\" aria-labelledby=\"uagb-tabs__tab2\">\n<p><strong>Rechercher des h\u00f4tels \u00e0 prix r\u00e9duits<\/strong><\/p>\n\n\n\n<script async src=\"https:\/\/tpwgts.com\/content?trs=32252&#038;shmarker=246395&#038;tab=H&#038;background=11&#038;overlay=0000001c&#038;button_color=92CE52&#038;target=1&#038;powered_by=false&#038;campaign_id=594&#038;promo_id=8682\" charset=\"utf-8\"><\/script>\n<\/div>\n\n\n\n<div class=\"wp-block-uagb-tabs-child uagb-tabs__body-container uagb-inner-tab-3\" aria-labelledby=\"uagb-tabs__tab3\">\n<p class=\"has-white-color has-text-color has-link-color has-small-font-size wp-elements-8af02ec9085b9b07e3c59ede59a62c15\"><strong>\u00c9vitez les tracas d'attendre dans les files d'attente des taxis \u00e0 votre arriv\u00e9e et optez plut\u00f4t pour un transfert en v\u00e9hicule priv\u00e9 pratique et confortable. Organisez \u00e0 l'avance votre transfert vers votre h\u00f4tel ou le centre-ville et minimisez le stress de votre arriv\u00e9e<\/strong><\/p>\n\n\n\n\n <script async src=\"https:\/\/tpwgts.com\/content?currency=EUR&#038;trs=32252&#038;shmarker=246395&#038;locale=fr&#038;powered_by=true&#038;transfer_options_limit=5&#038;transfer_options=MCR&#038;disable_currency_selector=true&#038;hide_form_extras=true&#038;hide_external_links=true&#038;campaign_id=1&#038;promo_id=3879\" charset=\"utf-8\" async=\"true\"><\/script>\n\n\n\n\n\n<\/div>\n\n\n\n<div class=\"wp-block-uagb-tabs-child uagb-tabs__body-container uagb-inner-tab-4\" aria-labelledby=\"uagb-tabs__tab4\">\n<p><strong>Louez une moto, un scooter ou un v\u00e9lo dans n'importe quelle partie du monde<\/strong><\/p>\n\n\n\n<p><script async=\"\" src=\"https:\/\/tp.media\/content?trs=32252&amp;shmarker=246395&amp;locale=en&amp;powered_by=true&amp;border_radius=5&amp;plain=true&amp;color_background=%23ffffff&amp;color_button=%2392CE52&amp;promo_id=5472&amp;campaign_id=57\" charset=\"utf-8\"><\/script><\/p>\n<\/div>\n\n\n\n<div class=\"wp-block-uagb-tabs-child uagb-tabs__body-container uagb-inner-tab-5\" aria-labelledby=\"uagb-tabs__tab5\">\n<div style=\"height:117px\" aria-hidden=\"true\" class=\"wp-block-spacer\"><\/div>\n\n\n\n<p class=\"has-text-align-center has-black-color has-text-color has-link-color has-medium-font-size wp-elements-aba37cb89b47fb7525be7275b4ade6db\"><strong> DESTINATIONS     <a href=\"\/fr\/pays-africains\/\" data-type=\"page\" data-id=\"6473\">AFRIQUE<\/a>  |  <a href=\"\/fr\/-22\/\">LES AMERIQUES<\/a>  |  <a href=\"\/fr\/-12\/\">ASIE<\/a>  |  <a href=\"\/fr\/caribbean\/\">CARA\u00cfBES<\/a>  |  <a href=\"\/fr\/-7\/\">EUROPE<\/a>  |  <a href=\"\/fr\/oceania\/\">OCEANIE<\/a><\/strong><\/p>\n<\/div>\n<\/div><\/div>\n\n\n\n<hr class=\"wp-block-separator has-alpha-channel-opacity\"\/>\n\n\n\n<div class=\"wp-block-uagb-image uagb-block-1632e3c5 wp-block-uagb-image--layout-default wp-block-uagb-image--effect-static wp-block-uagb-image--align-none\"><figure class=\"wp-block-uagb-image__figure\"><img decoding=\"async\" srcset=\"https:\/\/nodengo.com\/wp-content\/uploads\/automobile.png ,https:\/\/nodengo.com\/wp-content\/uploads\/automobile.png 780w, https:\/\/nodengo.com\/wp-content\/uploads\/automobile.png 360w\" sizes=\"auto, (max-width: 480px) 150px\" src=\"https:\/\/nodengo.com\/wp-content\/uploads\/automobile.png\" alt=\"\" class=\"uag-image-207820\" width=\"48\" height=\"48\" title=\"automobile\" loading=\"lazy\" role=\"img\"><\/figure><\/div>\n\n\n\n<p><strong>Lieux de location de voitures favoris<\/strong><\/p>\n\n\n\n<p class=\"has-text-align-center has-small-font-size\">si vous connaissez d\u00e9j\u00e0 votre <a href=\"https:\/\/nodengo.com\/fr\/destination-touristique\/\" data-type=\"page\" data-id=\"6421\">destination<\/a>  &#8211; you may also reserve a car from the country page<\/p>\n\n\n\n<div class=\"wp-block-columns is-layout-flex wp-container-core-columns-is-layout-9d6595d7 wp-block-columns-is-layout-flex\">\n<div class=\"wp-block-column is-layout-flow wp-block-column-is-layout-flow\">\n<ul class=\"wp-block-list\">\n<li><a href=\"https:\/\/tp.media\/click?shmarker=246395&amp;promo_id=3588&amp;source_type=link&amp;type=click&amp;campaign_id=117&amp;trs=32252\" target=\"_blank\" rel=\"noopener\"><strong>Cancun Airport (CUN)<\/strong><\/a><\/li>\n\n\n\n<li><a href=\"https:\/\/tp.media\/click?shmarker=246395&amp;promo_id=3587&amp;source_type=link&amp;type=click&amp;campaign_id=117&amp;trs=32252\" target=\"_blank\" rel=\"noopener\">Los Angeles Airport (LAX)<\/a><\/li>\n\n\n\n<li><a href=\"https:\/\/discovercars.tp.st\/lV5q6buA\" data-type=\"link\" data-id=\"https:\/\/discovercars.tp.st\/lV5q6buA\" target=\"_blank\" rel=\"noopener\"><strong> Ibiza Airport (IBZ)<\/strong><\/a><\/li>\n\n\n\n<li><a href=\"https:\/\/tp.media\/click?shmarker=246395&amp;promo_id=3596&amp;source_type=link&amp;type=click&amp;campaign_id=117&amp;trs=32252\" target=\"_blank\" rel=\"noopener\">Nice Airport (NCE)<\/a><\/li>\n\n\n\n<li><a href=\"https:\/\/discovercars.tp.st\/sKtfEe9s\" data-type=\"link\" data-id=\"https:\/\/discovercars.tp.st\/sKtfEe9s\" target=\"_blank\" rel=\"noopener\"><strong>Paris Charles de Gaulle Airport (CDG)<\/strong><\/a><\/li>\n\n\n\n<li><a href=\"https:\/\/discovercars.tp.st\/lv7tqA22\" target=\"_blank\" rel=\"noopener\"><strong>Athens Airport (ATH)<\/strong><\/a><\/li>\n\n\n\n<li><a href=\"https:\/\/tp.media\/click?shmarker=246395&amp;promo_id=3564&amp;source_type=link&amp;type=click&amp;campaign_id=117&amp;trs=32252\" target=\"_blank\" rel=\"noopener\">Sofia Airport (SOF)<\/a><\/li>\n\n\n\n<li><a href=\"https:\/\/tp.media\/click?shmarker=246395&amp;promo_id=3570&amp;source_type=link&amp;type=click&amp;campaign_id=117&amp;trs=32252\" target=\"_blank\" rel=\"noopener\">Prague Airport (PRG)<\/a><\/li>\n\n\n\n<li><a href=\"https:\/\/tp.media\/click?shmarker=246395&amp;promo_id=3574&amp;source_type=link&amp;type=click&amp;campaign_id=117&amp;trs=32252\" target=\"_blank\" rel=\"noopener\">Dublin Airport (DUB)<\/a><\/li>\n\n\n\n<li><a href=\"https:\/\/tp.media\/click?shmarker=246395&amp;promo_id=3578&amp;source_type=link&amp;type=click&amp;campaign_id=117&amp;trs=32252\" target=\"_blank\" rel=\"noopener\">Warsaw Airport (WAW)<\/a><\/li>\n\n\n\n<li><a href=\"https:\/\/tp.media\/click?shmarker=246395&amp;promo_id=3583&amp;source_type=link&amp;type=click&amp;campaign_id=117&amp;trs=32252\" target=\"_blank\" rel=\"noopener\">Madrid Airport (MAD)<\/a><\/li>\n<\/ul>\n<\/div>\n\n\n\n<div class=\"wp-block-column is-layout-flow wp-block-column-is-layout-flow\">\n<ul class=\"wp-block-list\">\n<li><a href=\"https:\/\/tp.media\/click?shmarker=246395&amp;promo_id=3601&amp;source_type=link&amp;type=click&amp;campaign_id=117&amp;trs=32252\" target=\"_blank\" rel=\"noopener\"> Milan Airport Malpensa (MXP)<\/a><\/li>\n\n\n\n<li><a href=\"https:\/\/tp.media\/click?shmarker=246395&amp;promo_id=3606&amp;source_type=link&amp;type=click&amp;campaign_id=117&amp;trs=32252\" target=\"_blank\" rel=\"noopener\"> Venice Airport (VCE)<\/a><\/li>\n\n\n\n<li><a href=\"https:\/\/discovercars.tp.st\/YsrPAjv2\" target=\"_blank\" rel=\"noopener\"><strong>London Heathrow Airport<\/strong><\/a><\/li>\n\n\n\n<li><a href=\"https:\/\/tp.media\/click?shmarker=246395&amp;promo_id=3609&amp;source_type=link&amp;type=click&amp;campaign_id=117&amp;trs=32252\" target=\"_blank\" rel=\"noopener\"> London Stansted Airport<\/a><\/li>\n\n\n\n<li><a href=\"https:\/\/tp.media\/click?shmarker=246395&amp;promo_id=3560&amp;source_type=link&amp;type=click&amp;campaign_id=117&amp;trs=32252\" target=\"_blank\" rel=\"noopener\"> Sydney Airport (SYD)<\/a><\/li>\n\n\n\n<li> <a href=\"https:\/\/tp.media\/click?shmarker=246395&amp;promo_id=3562&amp;source_type=link&amp;type=click&amp;campaign_id=117&amp;trs=32252\" target=\"_blank\" rel=\"noopener\">Vienna Airport (VIE)<\/a><\/li>\n\n\n\n<li> <a href=\"https:\/\/tp.media\/click?shmarker=246395&amp;promo_id=3569&amp;source_type=link&amp;type=click&amp;campaign_id=117&amp;trs=32252\" target=\"_blank\" rel=\"noopener\">Zagreb Airport (ZAG)<\/a><\/li>\n\n\n\n<li> <a href=\"https:\/\/tp.media\/click?shmarker=246395&amp;promo_id=3571&amp;source_type=link&amp;type=click&amp;campaign_id=117&amp;trs=32252\" target=\"_blank\" rel=\"noopener\">Munich Airport (MUC)<\/a><\/li>\n\n\n\n<li><a href=\"https:\/\/tp.media\/click?shmarker=246395&amp;promo_id=3577&amp;source_type=link&amp;type=click&amp;campaign_id=117&amp;trs=32252\" target=\"_blank\" rel=\"noopener\"> Amsterdam Airport<\/a><\/li>\n\n\n\n<li><a href=\"https:\/\/tp.media\/click?shmarker=246395&amp;promo_id=3580&amp;source_type=link&amp;type=click&amp;campaign_id=117&amp;trs=32252\" target=\"_blank\" rel=\"noopener\"> Lisbon Airport (LIS)<\/a><\/li>\n\n\n\n<li><a href=\"https:\/\/discovercars.tp.st\/VzeTn2S7\" target=\"_blank\" rel=\"noopener\"><strong>Rome Airport Fiumicino<\/strong><\/a><\/li>\n<\/ul>\n<\/div>\n<\/div>\n\n\n\n<p><a href=\"https:\/\/tp.media\/click?shmarker=246395&amp;promo_id=3556&amp;source_type=link&amp;type=click&amp;campaign_id=117&amp;trs=32252\" target=\"_blank\" rel=\"noopener\"><\/a><\/p>\n\n\n<div class=\"wp-block-image\">\n<figure class=\"aligncenter size-full\"><a href=\"https:\/\/nodengo.com\/fr\/hotels\/\"><img decoding=\"async\" width=\"728\" height=\"90\" src=\"https:\/\/nodengo.com\/wp-content\/uploads\/Flydreamdestination1.jpg\" alt=\"Fly to your dream destination 1 Nodengo.com\" class=\"wp-image-6476\" title=\"\" srcset=\"https:\/\/nodengo.com\/wp-content\/uploads\/Flydreamdestination1.jpg 728w, https:\/\/nodengo.com\/wp-content\/uploads\/Flydreamdestination1-150x19.jpg 150w, https:\/\/nodengo.com\/wp-content\/uploads\/Flydreamdestination1-300x37.jpg 300w, https:\/\/nodengo.com\/wp-content\/uploads\/Flydreamdestination1-16x2.jpg 16w\" sizes=\"(max-width: 728px) 100vw, 728px\" \/><\/a><\/figure>\n<\/div>","protected":false},"excerpt":{"rendered":"<p>Favorites car rental locations if you already know your destination &#8211; you may also reserve a car from the country page<\/p>","protected":false},"author":1,"featured_media":0,"parent":0,"menu_order":0,"comment_status":"closed","ping_status":"closed","template":"","meta":{"_uag_custom_page_level_css":"","_citadela_hide_page_title":"1","_citadela_remove_header_space":"1","_citadela_custom_class":"","_citadela_half_map_provider":"","_citadela_half_map_theme":"","_citadela_half_map_themeOSM":"","_citadela_half_map_customTheme":"","_citadela_half_map_dataType":"","_citadela_half_map_dynamicTrack":false,"_citadela_half_map_trackColor":"","_citadela_half_map_trackEndpointsColor":"","_citadela_half_map_filterCategory":"","_citadela_half_map_filterLocation":"","_citadela_half_map_filterFeatured":false,"_citadela_half_map_noDataBehavior":"empty-map","_citadela_half_map_noDataText":"","_citadela_half_map_clusterGridSize":80,"_citadela_header":true,"_citadela_header_over_content":true,"_citadela_header_text_color":"","_citadela_header_logo":[],"_citadela_header_bg_image":[],"_citadela_header_bg_position":{"x":0.5,"y":0.5},"_citadela_header_bg_size":"cover","_citadela_header_bg_repeat":"no-repeat","_citadela_header_bg_fixed":false,"_citadela_header_bg_color":"","_citadela_header_bg_image_overlay":"","_citadela_header_transparent_bg":false,"_citadela_content_width":"wide","_citadela_half_layout_position":"","footnotes":""},"class_list":["post-26089","page","type-page","status-publish","hentry"],"uagb_featured_image_src":{"full":false,"thumbnail":false,"medium":false,"medium_large":false,"large":false,"1536x1536":false,"2048x2048":false,"trp-custom-language-flag":false,"citadela_item_thumbnail":false,"woocommerce_thumbnail":false,"woocommerce_single":false,"woocommerce_gallery_thumbnail":false,"citadela_service":false},"uagb_author_info":{"display_name":"admin","author_link":"https:\/\/nodengo.com\/fr\/author\/admin\/"},"uagb_comment_info":0,"uagb_excerpt":"Favorites car rental locations if you already know your destination &#8211; you may also reserve a car from the country page","_links":{"self":[{"href":"https:\/\/nodengo.com\/fr\/wp-json\/wp\/v2\/pages\/26089","targetHints":{"allow":["GET"]}}],"collection":[{"href":"https:\/\/nodengo.com\/fr\/wp-json\/wp\/v2\/pages"}],"about":[{"href":"https:\/\/nodengo.com\/fr\/wp-json\/wp\/v2\/types\/page"}],"author":[{"embeddable":true,"href":"https:\/\/nodengo.com\/fr\/wp-json\/wp\/v2\/users\/1"}],"replies":[{"embeddable":true,"href":"https:\/\/nodengo.com\/fr\/wp-json\/wp\/v2\/comments?post=26089"}],"version-history":[{"count":0,"href":"https:\/\/nodengo.com\/fr\/wp-json\/wp\/v2\/pages\/26089\/revisions"}],"wp:attachment":[{"href":"https:\/\/nodengo.com\/fr\/wp-json\/wp\/v2\/media?parent=26089"}],"curies":[{"name":"wp","href":"https:\/\/api.w.org\/{rel}","templated":true}]}}