{"id":22931,"date":"2022-01-19T15:16:07","date_gmt":"2022-01-19T14:16:07","guid":{"rendered":"https:\/\/nodengo.com\/?page_id=22931"},"modified":"2024-05-09T08:50:32","modified_gmt":"2024-05-09T06:50:32","slug":"-39","status":"publish","type":"page","link":"https:\/\/nodengo.com\/fr\/subscription-special-offer\/","title":{"rendered":"Abonnement (Offre Sp\u00e9ciale)"},"content":{"rendered":"<div class=\"wp-block-citadela-blocks-custom-container citadela-block-custom-container size-wide bg-type-image inside-space-none bg-size-cover has-overlay\"><div class=\"bg-image-wrapper\" style=\"background-image:url(https:\/\/nodengo.com\/wp-content\/uploads\/full-gallery-image-8.jpg);background-repeat:no-repeat;background-position:50% 50%\"><\/div><div class=\"bg-image-overlay\" style=\"opacity:0.5\"><\/div><div class=\"inner-holder\">\n<div style=\"height:100px\" aria-hidden=\"true\" class=\"wp-block-spacer\"><\/div>\n\n\n\n<h2 class=\"wp-block-heading has-text-align-center has-luminous-vivid-orange-color has-text-color has-link-color wp-elements-f82dd425f6dd1c8b8ebcac8ebc1f40b0\"> <strong>Merci de l'int\u00e9r\u00eat que vous portez \u00e0 la promotion de votre \u00e9tablissement tout en nous aidant \u00e0 promouvoir notre site Internet.<\/strong> <\/h2>\n\n\n\n<div style=\"height:100px\" aria-hidden=\"true\" class=\"wp-block-spacer\"><\/div>\n<\/div><\/div>\n\n\n\n<div class=\"wp-block-citadela-blocks-custom-container citadela-block-custom-container size-wide bg-type-none inside-space-none\"><div class=\"inner-holder\">\n<div class=\"wp-block-citadela-blocks-spacer citadela-block-spacer negative-height\"><div class=\"inner-holder\" style=\"margin-top:-5vw\"><\/div><\/div>\n\n\n\n<p class=\"has-text-align-center has-white-background-color has-text-color has-background has-medium-font-size\" style=\"color:#561c1c\">WE OFFER A 60 DAYS FREE &#8220;CORPORATE SUBSCRIPTION&#8221; SO YOU CAN TEST ALL THE FEATURES WE HAVE TO OFFER. <br>INSCRIVEZ-VOUS MAINTENANT <a href=\"https:\/\/nodengo.com\/fr\/produit\/abonnement-de-base-2\/\" data-type=\"product\" data-id=\"22926\" target=\"_blank\" rel=\"noreferrer noopener\">&lt;HERE><\/a> ET COMMENCEZ VOTRE PAGE.<\/p>\n<\/div><\/div>\n\n\n\n<hr class=\"wp-block-separator has-alpha-channel-opacity is-style-wide\"\/>\n\n\n\n<p><strong>Que se passe-t-il apr\u00e8s les 60 jours suivant cette offre sp\u00e9ciale ?<\/strong><\/p>\n\n\n\n<p>Your listing will remain but you will be charged the &#8220;corporate subscription&#8221; rate for the following months. or you can revert to our Basic Subscription (some of the features offered with our Corporate package will no longer be available)<\/p>\n\n\n\n<p><strong>Quelles sont les modalit\u00e9s de l'offre sp\u00e9ciale ?<\/strong><\/p>\n\n\n\n<p>Our terms are very simple, we just ask that you place the &#8220;small banner&#8221; on your website with a link to ours. While we believe this will help you promote your establishment and hope that you will keep the link forever. There are no requirements for you to keep the widget pass the 60 days promotion.<\/p>\n\n\n\n<p><strong>Quel est  notre widget ?<\/strong><\/p>\n\n\n\n<p>Our widget is a small &#8220;banner&#8221; with a weblink to our website.<\/p>\n\n\n\n<div class=\"wp-block-uagb-image aligncenter uagb-block-a0e234f3 wp-block-uagb-image--layout-default wp-block-uagb-image--effect-static wp-block-uagb-image--align-center\"><figure class=\"wp-block-uagb-image__figure\"><img decoding=\"async\" srcset=\"https:\/\/nodengo.com\/wp-content\/uploads\/widget-nodengo-featured.png ,https:\/\/nodengo.com\/wp-content\/uploads\/widget-nodengo-featured.png 780w, https:\/\/nodengo.com\/wp-content\/uploads\/widget-nodengo-featured.png 360w\" sizes=\"auto, (max-width: 480px) 150px\" src=\"https:\/\/nodengo.com\/wp-content\/uploads\/widget-nodengo-featured.png\" alt=\"Special offer\" class=\"uag-image-54666\" width=\"300\" height=\"87\" title=\"widget-nodengo-featured\" loading=\"lazy\" role=\"img\"\/><\/figure><\/div>\n\n\n\n<div style=\"height:15px\" aria-hidden=\"true\" class=\"wp-block-spacer\"><\/div>\n\n\n\n<p><strong>Quels widgets sont disponibles ?<\/strong><\/p>\n\n\n\n<p>Vous pouvez retrouver tous nos widgets sur<a href=\"https:\/\/nodengo.com\/fr\/-33\/medias\/media-widgets\/\" data-type=\"page\" data-id=\"54638\" target=\"_blank\" rel=\"noreferrer noopener sponsored\"> <strong>cette page.<\/strong><\/a> N'h\u00e9sitez pas \u00e0 utiliser celui qui convient le mieux \u00e0 votre \u00e9tablissement. Ou si vous pr\u00e9f\u00e9rez, vous pouvez consulter <a href=\"https:\/\/nodengo.com\/fr\/-33\/medias\/media-logo\/\" data-type=\"page\" data-id=\"54611\" target=\"_blank\" rel=\"noreferrer noopener\"><strong>d'autres options<\/strong><\/a><\/p>\n\n\n\n<p><strong>Can I link to &#8220;my page on&#8221; your site?<\/strong><\/p>\n\n\n\n<p>Bien s\u00fbr vous pouvez. Nous vous sugg\u00e9rons de cr\u00e9er un lien vers la page de la ville correspondant \u00e0 votre emplacement (c'est-\u00e0-dire nodengo.com\/geneva.) Mais si vous pr\u00e9f\u00e9rez pointer le lien vers votre page sur nodengo.com. N'h\u00e9sitez pas \u00e0 le faire et augmentez votre visibilit\u00e9. <\/p>\n\n\n\n<p><strong>Dois-je utiliser un widget ?<\/strong><\/p>\n\n\n\n<p>Les widgets sont le moyen le plus efficace d'attirer l'attention d'un visiteur. Cependant, nous n'avons aucune objection si vous pr\u00e9f\u00e9rez utiliser un lien texte \u00e0 la place, mais veuillez noter que cela ne sera pas aussi efficace.<\/p>\n\n\n\n<div style=\"height:27px\" aria-hidden=\"true\" class=\"wp-block-spacer\"><\/div>\n\n\n\n<h2 class=\"wp-block-heading has-text-align-center has-text-color\" style=\"color:#6e7477\"><strong><a href=\"https:\/\/nodengo.com\/fr\/produit\/abonnement-de-base-2\/\" rel=\"noreferrer noopener nofollow sponsored\" target=\"_blank\">Inscrivez-vous maintenant pour b\u00e9n\u00e9ficier de cette offre sp\u00e9ciale <\/a><\/strong><\/h2>\n\n\n\n<p>Disponible pour une dur\u00e9e limit\u00e9e seulement. D\u00e9couvrez nos autres <a href=\"https:\/\/ads.nodengo.com\/fr\/promotions\/\" rel=\"sponsored\">promotions publicitaires<\/a><\/p>","protected":false},"excerpt":{"rendered":"<p>What happen after the 60 Days following this special offer ? Your listing will remain but you will be charged the &#8220;corporate subscription&#8221; rate for the following months. or you [&hellip;]<\/p>\n","protected":false},"author":236,"featured_media":0,"parent":0,"menu_order":0,"comment_status":"closed","ping_status":"closed","template":"","meta":{"_uag_custom_page_level_css":"","_citadela_hide_page_title":"1","_citadela_remove_header_space":"1","_citadela_custom_class":"","_citadela_half_map_provider":"","_citadela_half_map_theme":"","_citadela_half_map_themeOSM":"","_citadela_half_map_customTheme":"","_citadela_half_map_dataType":"","_citadela_half_map_dynamicTrack":false,"_citadela_half_map_trackColor":"","_citadela_half_map_trackEndpointsColor":"","_citadela_half_map_filterCategory":"","_citadela_half_map_filterLocation":"","_citadela_half_map_filterFeatured":false,"_citadela_half_map_noDataBehavior":"empty-map","_citadela_half_map_noDataText":"","_citadela_half_map_clusterGridSize":80,"_citadela_header":true,"_citadela_header_over_content":false,"_citadela_header_text_color":"","_citadela_header_logo":{"id":208235,"url":"https:\/\/nodengo.com\/wp-content\/uploads\/Nodengo-logo-nhn.jpg","size":{"width":316,"height":75}},"_citadela_header_bg_image":[],"_citadela_header_bg_position":{"x":0.5,"y":0.5},"_citadela_header_bg_size":"cover","_citadela_header_bg_repeat":"no-repeat","_citadela_header_bg_fixed":false,"_citadela_header_bg_color":"","_citadela_header_bg_image_overlay":"","_citadela_header_transparent_bg":false,"_citadela_content_width":"","_citadela_half_layout_position":"","footnotes":""},"class_list":["post-22931","page","type-page","status-publish","hentry"],"uagb_featured_image_src":{"full":false,"thumbnail":false,"medium":false,"medium_large":false,"large":false,"1536x1536":false,"2048x2048":false,"trp-custom-language-flag":false,"citadela_item_thumbnail":false,"woocommerce_thumbnail":false,"woocommerce_single":false,"woocommerce_gallery_thumbnail":false,"citadela_service":false},"uagb_author_info":{"display_name":"Nodengo Team","author_link":"https:\/\/nodengo.com\/fr\/author\/nodengo-admin\/"},"uagb_comment_info":0,"uagb_excerpt":"What happen after the 60 Days following this special offer ? Your listing will remain but you will be charged the &#8220;corporate subscription&#8221; rate for the following months. or you [&hellip;]","_links":{"self":[{"href":"https:\/\/nodengo.com\/fr\/wp-json\/wp\/v2\/pages\/22931","targetHints":{"allow":["GET"]}}],"collection":[{"href":"https:\/\/nodengo.com\/fr\/wp-json\/wp\/v2\/pages"}],"about":[{"href":"https:\/\/nodengo.com\/fr\/wp-json\/wp\/v2\/types\/page"}],"author":[{"embeddable":true,"href":"https:\/\/nodengo.com\/fr\/wp-json\/wp\/v2\/users\/236"}],"replies":[{"embeddable":true,"href":"https:\/\/nodengo.com\/fr\/wp-json\/wp\/v2\/comments?post=22931"}],"version-history":[{"count":0,"href":"https:\/\/nodengo.com\/fr\/wp-json\/wp\/v2\/pages\/22931\/revisions"}],"wp:attachment":[{"href":"https:\/\/nodengo.com\/fr\/wp-json\/wp\/v2\/media?parent=22931"}],"curies":[{"name":"wp","href":"https:\/\/api.w.org\/{rel}","templated":true}]}}