{"id":161688,"date":"2023-12-28T11:48:56","date_gmt":"2023-12-28T10:48:56","guid":{"rendered":"https:\/\/nodengo.com\/?page_id=161688"},"modified":"2026-01-07T16:17:48","modified_gmt":"2026-01-07T15:17:48","slug":"activities-greensboro","status":"publish","type":"page","link":"https:\/\/nodengo.com\/fr\/north-carolina\/greensboro\/activities-greensboro\/","title":{"rendered":"Activit\u00e9s \u00e0 Greensboro"},"content":{"rendered":"<!-- Flexy Breadcrumb -->\r\n\t\t\t<div class=\"fbc fbc-page\">\r\n\r\n\t\t\t\t<!-- Breadcrumb wrapper -->\r\n\t\t\t\t<div class=\"fbc-wrap\">\r\n\r\n\t\t\t\t\t<!-- Ordered list-->\r\n\t\t\t\t\t<ol class=\"fbc-items\" itemscope itemtype=\"https:\/\/schema.org\/BreadcrumbList\">\r\n\t\t\t\t\t\t            <li itemprop=\"itemListElement\" itemscope itemtype=\"https:\/\/schema.org\/ListItem\">\r\n                <span itemprop=\"name\">\r\n                    <!-- Home Link -->\r\n                    <a itemprop=\"item\" href=\"https:\/\/nodengo.com\/fr\/\">\r\n                    \r\n                                                    <i class=\"fa fa-home\" aria-hidden=\"true\"><\/i>Home                    <\/a>\r\n                <\/span>\r\n                <meta itemprop=\"position\" content=\"1\" \/><!-- Meta Position-->\r\n             <\/li><li><span class=\"fbc-separator\">\/<\/span><\/li><li class=\"active\" itemprop=\"itemListElement\" itemscope itemtype=\"https:\/\/schema.org\/ListItem\"><span itemprop=\"name\" title=\"Best Travel Blog\">Best Travel Blog<\/span><meta itemprop=\"position\" content=\"2\" \/><\/li>\t\t\t\t\t<\/ol>\r\n\t\t\t\t\t<div class=\"clearfix\"><\/div>\r\n\t\t\t\t<\/div>\r\n\t\t\t<\/div>\r\n\t\t\t\n\n\n\n<div class=\"wp-block-citadela-blocks-custom-container citadela-block-custom-container size-wide bg-type-color inside-space-small has-bg\" style=\"background-color:rgba(242, 244, 245, 1)\"><div class=\"inner-holder\">\n<p align=\"center\"><i class=\"fas fa-utensils\"><\/i>    <a href=\"https:\/\/nodengo.com\/fr\/greensboro\/greensboro-restaurants\/\">RESTAURANTS<\/a>  |   <i class=\"fas fa-monument\"><\/i>    <a href=\"https:\/\/nodengo.com\/fr\/greensboro\/activities-in-greensboro\/#ttd\"><b>A FAIRE<\/a><\/b>  |&nbsp;&nbsp;<i class=\"fas fa-camera\"><\/i>    <a href=\"https:\/\/nodengo.com\/fr\/greensboro\/activities-greensboro\/\"><b>ACTIVIT\u00c9S<\/b><\/a>  |  <i class=\"fas fa-pen\"><\/i>    <a href=\"https:\/\/nodengo.com\/fr\/greensboro\/greensboro-travel-blog\/\">BLOG<\/a>  | <i class=\"fas fa-user-edit\"><\/i>    <a href=\"https:\/\/nodengo.com\/fr\/greensboro\/greensboro-reviews-gso\/\">\u00c9VALUATIONS<\/a> | <i class=\"fas fa-hotel\"><\/i><a href=\"https:\/\/trip.tpx.gr\/I3k87lQt\" target=\"_blank\" rel=\"noopener\"> H\u00d4TELS<\/a> |<i class=\"fas fa-car\"><\/i><a href=\"https:\/\/economybookings.tpx.gr\/rAfc3LPg\" target=\"_blank\" rel=\"noopener\"> VOITURES<\/a> <\/p>\n\n\n\n<h2 class=\"wp-block-heading\">Meilleures activit\u00e9s \u00e0 Greensboro et dans la r\u00e9gion centrale de la Caroline du Nord<\/h2>\n\n\n\n<div class=\"wp-block-citadela-blocks-custom-container citadela-block-custom-container size-wide bg-type-none inside-space-none\"><div class=\"inner-holder\">\n<p>D\u00e9couvrez les meilleures activit\u00e9s et visites \u00e0 Greensboro. R\u00e9servez des billets et des activit\u00e9s, des visites et des attractions en ligne avec notre meilleur prix garanti. <strong>Les avantages de r\u00e9server vos activit\u00e9s avec nous en ligne :<\/strong> Billet sans attente | Billetterie mobile | Confirmation instantan\u00e9e | Annulation gratuite<\/p>\n<\/div><\/div>\n<\/div><\/div>\n\n\n\n<div class=\"wp-block-citadela-blocks-custom-container citadela-block-custom-container size-wide bg-type-image inside-space-none bg-size-cover has-overlay\"><div class=\"bg-image-wrapper\" style=\"background-image:url(https:\/\/nodengo.com\/wp-content\/uploads\/Greensboro-north-carolina.jpg);background-repeat:no-repeat;background-position:45% 63%\"><\/div><div class=\"bg-image-overlay\" style=\"opacity:0.5\"><\/div><div class=\"inner-holder\">\n<div style=\"height:149px\" aria-hidden=\"true\" class=\"wp-block-spacer\"><\/div>\n<\/div><\/div>\n\n\n\n<div class=\"wp-block-citadela-blocks-custom-container citadela-block-custom-container size-wide bg-type-none inside-space-none\"><div class=\"inner-holder\">\n<div class=\"wp-block-columns is-layout-flex wp-container-core-columns-is-layout-9d6595d7 wp-block-columns-is-layout-flex\">\n<div class=\"wp-block-column is-vertically-aligned-top is-layout-flow wp-block-column-is-layout-flow\" style=\"flex-basis:75%\">\n<div class=\"wp-block-citadela-blocks-service citadela-block-service main-holder layout-list header-type-icon standard\"><div class=\"service-header\"><div class=\"service-icon\"><a href=\"https:\/\/nodengo.com\/fr\/item\/choses-a-faire-avec-les-enfants-a-geneve\/\"><i class=\"fas fa-child\" style=\"color:#b9b9b9\"><\/i><\/a><\/div><\/div><div class=\"service-content\"><div class=\"service-content-wrap\"><a href=\"https:\/\/nodengo.com\/fr\/item\/choses-a-faire-avec-les-enfants-a-geneve\/\"><h3 class=\"service-title\">Activit\u00e9s familiales<\/h3><\/a><p class=\"service-description\">Top 10 des activit\u00e9s avec les enfants<\/p><\/div><\/div><\/div>\n\n\n\n<div class=\"wp-block-columns is-layout-flex wp-container-core-columns-is-layout-9d6595d7 wp-block-columns-is-layout-flex\">\n<div class=\"wp-block-column is-layout-flow wp-block-column-is-layout-flow\">\n<div class=\"wp-block-citadela-blocks-service citadela-block-service main-holder layout-list header-type-icon standard\"><div class=\"service-header\"><div class=\"service-icon\"><i class=\"fas fa-binoculars\" style=\"color:#b9b9b9\"><\/i><\/div><\/div><div class=\"service-content\"><div class=\"service-content-wrap\"><h3 class=\"service-title\">D\u00e9couvrez la ville<\/h3><p class=\"service-description\"> D\u00e9couvrez cette ville cosmopolite<\/p><\/div><\/div><\/div>\n\n\n\n<div class=\"wp-block-citadela-blocks-service citadela-block-service main-holder layout-list header-type-icon standard\"><div class=\"service-header\"><div class=\"service-icon\"><i class=\"fas fa-user-shield\" style=\"color:#b9b9b9\"><\/i><\/div><\/div><div class=\"service-content\"><div class=\"service-content-wrap\"><h3 class=\"service-title\">Tour priv\u00e9<\/h3><p class=\"service-description\">Evitez la foule<\/p><\/div><\/div><\/div>\n\n\n\n<div class=\"wp-block-citadela-blocks-service citadela-block-service main-holder layout-list header-type-icon standard\"><div class=\"service-header\"><div class=\"service-icon\"><a href=\"https:\/\/www.getyourguide.com\/s?p=1u0026collectionId=0a028686-7bdf-1f9e-817b-e3bb50c10001u0026q=genevau0026searchSource=8u0026partner_id=SGJ5DHXu0026utm_medium=online_publisheru0026placement=content-middleu0026cmp=geneva_activities\" target=\"_blank\" rel=\"noopener\"><i class=\"fas fa-train\" style=\"color:#b9b9b9\"><\/i><\/a><\/div><\/div><div class=\"service-content\"><div class=\"service-content-wrap\"><a href=\"https:\/\/www.getyourguide.com\/s?p=1u0026collectionId=0a028686-7bdf-1f9e-817b-e3bb50c10001u0026q=genevau0026searchSource=8u0026partner_id=SGJ5DHXu0026utm_medium=online_publisheru0026placement=content-middleu0026cmp=geneva_activities\" target=\"_blank\" rel=\"noopener\"><h3 class=\"service-title\">Train<\/h3><\/a><p class=\"service-description\">The Great Smoky Mountains Railroad historic\u00a0train<\/p><\/div><\/div><\/div>\n\n\n\n<div class=\"wp-block-citadela-blocks-service citadela-block-service main-holder layout-list header-type-icon standard\"><div class=\"service-header\"><div class=\"service-icon\"><a href=\"https:\/\/www.getyourguide.com\/s?p=1u0026q=genevau0026searchSource=8u0026poi_types=museu\" target=\"_blank\" rel=\"noopener\"><i class=\"fas fa-landmark\" style=\"color:#b9b9b9\"><\/i><\/a><\/div><\/div><div class=\"service-content\"><div class=\"service-content-wrap\"><a href=\"https:\/\/www.getyourguide.com\/s?p=1u0026q=genevau0026searchSource=8u0026poi_types=museu\" target=\"_blank\" rel=\"noopener\"><h3 class=\"service-title\">Monuments - mus\u00e9es <\/h3><\/a><p class=\"service-description\">Architecture | Monuments | Historique <\/p><\/div><\/div><\/div>\n\n\n\n<div class=\"wp-block-citadela-blocks-service citadela-block-service main-holder layout-list header-type-icon standard\"><div class=\"service-header\"><div class=\"service-icon\"><i class=\"fas fa-hiking\" style=\"color:#b9b9b9\"><\/i><\/div><\/div><div class=\"service-content\"><div class=\"service-content-wrap\"><h3 class=\"service-title\">Aventures<\/h3><p class=\"service-description\">Nature | Ext\u00e9rieur | Adr\u00e9naline<\/p><\/div><\/div><\/div>\n<\/div>\n\n\n\n<div class=\"wp-block-column is-layout-flow wp-block-column-is-layout-flow\">\n<div class=\"wp-block-citadela-blocks-service citadela-block-service main-holder layout-list header-type-icon standard\"><div class=\"service-header\"><div class=\"service-icon\"><i class=\"fas fa-volleyball-ball\" style=\"color:#b9b9b9\"><\/i><\/div><\/div><div class=\"service-content\"><div class=\"service-content-wrap\"><h3 class=\"service-title\">\u00c9v\u00e9nements sportifs<\/h3><p class=\"service-description\">\u00c9v\u00e9nements sportifs et tournois de Greensboro<\/p><\/div><\/div><\/div>\n\n\n\n<div class=\"wp-block-citadela-blocks-service citadela-block-service main-holder layout-list header-type-icon standard\"><div class=\"service-header\"><div class=\"service-icon\"><i class=\"far fa-address-card\" style=\"color:#b9b9b9\"><\/i><\/div><\/div><div class=\"service-content\"><div class=\"service-content-wrap\"><h3 class=\"service-title\">Visite guid\u00e9e<\/h3><p class=\"service-description\">Voir les attractions populaires avec un guide local<\/p><\/div><\/div><\/div>\n\n\n\n<div class=\"wp-block-citadela-blocks-service citadela-block-service main-holder layout-list header-type-icon standard\"><div class=\"service-header\"><div class=\"service-icon\"><a href=\"https:\/\/www.getyourguide.com\/s?p=1u0026q=genevau0026searchSource=8u0026activity_type=dayTripu0026partner_id=SGJ5DHXu0026utm_medium=online_publisheru0026placement=content-topu0026cmp=geneva_activitiesgetyourguide.com\/s?p=1u0026q=genevau0026searchSource=8u0026activity_type=privateTouru0026partner_id=SGJ5DHXu0026utm_medium=online_publisheru0026placement=content-topu0026cmp=geneva_activities\" target=\"_blank\" rel=\"noopener\"><i class=\"far fa-clock\" style=\"color:#b9b9b9\"><\/i><\/a><\/div><\/div><div class=\"service-content\"><div class=\"service-content-wrap\"><a href=\"https:\/\/www.getyourguide.com\/s?p=1u0026q=genevau0026searchSource=8u0026activity_type=dayTripu0026partner_id=SGJ5DHXu0026utm_medium=online_publisheru0026placement=content-topu0026cmp=geneva_activitiesgetyourguide.com\/s?p=1u0026q=genevau0026searchSource=8u0026activity_type=privateTouru0026partner_id=SGJ5DHXu0026utm_medium=online_publisheru0026placement=content-topu0026cmp=geneva_activities\" target=\"_blank\" rel=\"noopener\"><h3 class=\"service-title\">Excursions d'une journ\u00e9e<\/h3><\/a><p class=\"service-description\">Profitez au maximum de votre journ\u00e9e<\/p><\/div><\/div><\/div>\n\n\n\n<div class=\"wp-block-citadela-blocks-service citadela-block-service main-holder layout-list header-type-icon standard\"><div class=\"service-header\"><div class=\"service-icon\"><i class=\"fas fa-wheelchair\" style=\"color:#b9b9b9\"><\/i><\/div><\/div><div class=\"service-content\"><div class=\"service-content-wrap\"><h3 class=\"service-title\">Visites accessibles aux fauteuils roulants <\/h3><p class=\"service-description\">Visites accessibles aux fauteuils roulants<\/p><\/div><\/div><\/div>\n\n\n\n<div class=\"wp-block-citadela-blocks-service citadela-block-service main-holder layout-list header-type-icon standard\"><div class=\"service-header\"><div class=\"service-icon\"><i class=\"fas fa-map-pin\" style=\"color:#b9b9b9\"><\/i><\/div><\/div><div class=\"service-content\"><div class=\"service-content-wrap\"><h3 class=\"service-title\">City Cards <\/h3><p class=\"service-description\">Profitez d'un acc\u00e8s illimit\u00e9<\/p><\/div><\/div><\/div>\n<\/div>\n<\/div>\n\n\n\n<div class=\"wp-block-citadela-blocks-service citadela-block-service main-holder layout-list header-type-icon standard\"><div class=\"service-header\"><div class=\"service-icon\"><i class=\"far fa-calendar-alt\" style=\"color:#b9b9b9\"><\/i><\/div><\/div><div class=\"service-content\"><div class=\"service-content-wrap\"><h3 class=\"service-title\">Annulation gratuite<\/h3><p class=\"service-description\"><br\/>Changement de plan? Aucun probl\u00e8me. Annulez jusqu'\u00e0 24 heures avant le d\u00e9but de votre activit\u00e9 pour un remboursement complet. certaines restrictions s'appliquent<\/p><\/div><\/div><\/div>\n\n\n\n<div class=\"wp-block-buttons alignwide is-content-justification-center is-layout-flex wp-container-core-buttons-is-layout-16018d1d wp-block-buttons-is-layout-flex\">\n<div class=\"wp-block-button has-custom-width wp-block-button__width-100 is-style-outline is-style-outline--2\"><a class=\"wp-block-button__link has-white-color has-text-color has-background wp-element-button\" style=\"background-color:#4c8e5b\">Toutes les activit\u00e9s \u00e0 Greensboro<\/a><\/div>\n<\/div>\n\n\n\n<div style=\"height:25px\" aria-hidden=\"true\" class=\"wp-block-spacer\"><\/div>\n<\/div>\n\n\n\n<div class=\"wp-block-column is-layout-flow wp-block-column-is-layout-flow\" style=\"flex-basis:33.33%\">\n<iframe style=\"border:0;height:350px;\" width=\"300px\" height=\"auto\" scrolling=\"no\" id=\"bsaIframe\" onload=\"bsaIframe()\" src=\"https:\/\/ads.nodengo.com\/api\/?id=109&amp;i=1\" if_empty=\"id=112\"> <\/iframe><script>function bsaIframe() { var iFrameID = document.getElementById('bsaIframe'); if(iFrameID) { iFrameID.height = iFrameID.contentWindow.document.body.scrollHeight + 'px'; } }<\/script>\n\n\n\n<p class=\"has-small-font-size\"><strong>Quelles sont les principales attractions incontournables \u00e0 Greensboro ?<\/strong><\/p>\n\n\n\n<p class=\"has-small-font-size\"><strong>Quelles sont les meilleures activit\u00e9s \u00e0 Greensboro ?<\/strong><\/p>\n\n\n\n<figure class=\"wp-block-image size-full is-style-default\"><a href=\"https:\/\/ads.nodengo.com\/fr\/\"><img decoding=\"async\" width=\"300\" height=\"250\" src=\"https:\/\/nodengo.com\/wp-content\/uploads\/Reach-more-customers_fr.jpg\" alt=\"Nodengo.com Reach more customers\" class=\"wp-image-10633\" title=\"\" srcset=\"https:\/\/nodengo.com\/wp-content\/uploads\/Reach-more-customers_fr.jpg 300w, https:\/\/nodengo.com\/wp-content\/uploads\/Reach-more-customers_fr-150x125.jpg 150w, https:\/\/nodengo.com\/wp-content\/uploads\/Reach-more-customers_fr-14x12.jpg 14w\" sizes=\"(max-width: 300px) 100vw, 300px\" \/><\/a><\/figure>\n<\/div>\n<\/div>\n<\/div><\/div>\n\n\n\n<div class=\"wp-block-citadela-blocks-custom-container citadela-block-custom-container size-wide bg-type-none inside-space-none\"><div class=\"inner-holder\">\n<iframe style=\"border:0;height:125px;\" width=\"100%\" height=\"auto\" scrolling=\"no\" id=\"bsaIframe\" onload=\"bsaIframe()\" src=\"https:\/\/ads.nodengo.com\/api\/?id=110&amp;i=1\" if_empty=\"id=113\"> <\/iframe><script>function bsaIframe() { var iFrameID = document.getElementById('bsaIframe'); if(iFrameID) { iFrameID.height = iFrameID.contentWindow.document.body.scrollHeight + 'px'; } }<\/script>\n\n\n\n<h2 class=\"wp-block-heading has-text-align-center\" id=\"ttd\"><strong>CHOSES \u00c0 FAIRE GREENSBORO<\/strong><\/h2>\n\n\n\n<p>Explorez les principales choses \u00e0 faire \u00e0 Greensboro, gr\u00e2ce \u00e0 notre guide inclusif, vous r\u00e9v\u00e9lant une multitude d'activit\u00e9s qui vous feront d\u00e9couvrir cette ville dynamique.<\/p>\n\n\n\n<p class=\"has-small-font-size\"><a href=\"#Museums\">Mus\u00e9es<\/a> | <a href=\"#Sights\">Sites &amp; Monuments<\/a> | <a href=\"#Outdoor\">Activit\u00e9s en plein air<\/a> | <a href=\"#Food\">Restauration<\/a> | <a href=\"#Bars\">Bars &amp; Clubs<\/a> | <a href=\"#Shopping\">Shopping<\/a> | <a href=\"#Sports\">Sports &amp; Loisirs<\/a> | <a href=\"#Concert\">Concerts &amp; Spectacles<\/a> | <a href=\"#Transport\">Voyage &amp; Transport<\/a><\/p>\n\n\n\r\n        <div class=\"wp-block-citadela-blocks ctdl-directory-search-form border-thin shadow-default align-center\">\r\n            <div class=\"citadela-block-form search-form-component-container\" style=\"\" data-action=\"&quot;https:\\\/\\\/nodengo.com\\\/fr\\\/&quot;\"data-post-type=\"citadela-item\"data-category-taxonomy=\"citadela-item-category\"data-location-taxonomy=\"citadela-item-location\">\r\n            <\/div>\r\n                    <\/div>\r\n\r\n        \n\n\n<iframe style=\"border:0;height:125px;\" width=\"100%\" height=\"auto\" scrolling=\"no\" id=\"bsaIframe\" onload=\"bsaIframe()\" src=\"https:\/\/ads.nodengo.com\/api\/?id=106&amp;i=1\" if_empty=\"id=109\"> <\/iframe><script>function bsaIframe() { var iFrameID = document.getElementById('bsaIframe'); if(iFrameID) { iFrameID.height = iFrameID.contentWindow.document.body.scrollHeight + 'px'; } }<\/script>\n\n\n\n<p class=\"has-background has-small-font-size\" id=\"Museums\" style=\"background-color:#ebebf0\"><strong>Mus\u00e9es <\/strong>Galeries d'Art | Histoire | Histoire Naturelle | Science | Mus\u00e9e<\/p>\n\n\n\r\n        <div \r\n            class=\"wp-block-citadela-blocks ctdl-directory-items-list layout-box size-medium grid-type-1 image-size-citadela_item_thumbnail image-position-center-center default-image-height show-item-featured-image show-item-description show-item-rating border-thin use-carousel carousel-navigation carousel-pagination loading-content\"\r\n                        \t\r\n                            data-carousel=\"{&quot;pagination&quot;:true,&quot;navigation&quot;:true,&quot;autoplay&quot;:false,&quot;autoHeight&quot;:false,&quot;autoplayDelay&quot;:5,&quot;loop&quot;:true}\"\r\n                        >\r\n            \r\n                            <div class=\"citadela-loader\">\r\n                    <div class=\"inner-wrapper\">\r\n                        <i class=\"fas fa-circle-notch fa-spin\"><\/i>\r\n                    <\/div>\r\n                <\/div>\r\n            \r\n            \r\n            <div class=\"citadela-block-articles swiper-container\">\r\n               \r\n                <div class=\"citadela-block-articles-wrap swiper-wrapper\">\r\n                \r\n<article class=\"citadela-article has-thumbnail has-description swiper-slide\">\r\n\r\n\t<div class=\"item-content\" style=\"\">\r\n\t\t\t\t<div class=\"item-thumbnail\" style=\"\">\r\n\t\t\t<a href=\"https:\/\/nodengo.com\/fr\/item\/no-content-yet\/\">\r\n\t\t\t\t<img decoding=\"async\" class=\"item-image\" src=\"https:\/\/nodengo.com\/wp-content\/uploads\/01-Travel-and-Tourism-1-1-640x480.jpg\" width=\"640\" height=\"480\" srcset=\"https:\/\/nodengo.com\/wp-content\/uploads\/01-Travel-and-Tourism-1-1-640x480.jpg 640w, https:\/\/nodengo.com\/wp-content\/uploads\/01-Travel-and-Tourism-1-1-480x360.jpg 480w\" sizes=\"(max-width: 640px) 100vw, 640px\" alt=\"No content yet\" style=\"\" title=\"\">\r\n\t\t\t<\/a>\r\n\t\t<\/div>\r\n\t\t\r\n\t\t<div class=\"item-body\">\r\n\t\t\t<div class=\"item-title\">\r\n\t\t\t\t<a href=\"https:\/\/nodengo.com\/fr\/item\/no-content-yet\/\">\r\n\t\t\t\t\t<div class=\"item-title-wrap\">\r\n\t\t\t\t\t\t<div class=\"post-title\">No content yet<\/div>\r\n\t\t\t\t\t\t\t\t\t\t\t<\/div>\r\n\t\t\t\t<\/a>\r\n\t\t\t<\/div>\r\n\t\t\t\r\n\t\t\t\r\n\t\t\t\t\t\t<div class=\"item-text\">\r\n\t\t\t\t<div class=\"item-description\">\r\n\t\t\t\t\t<p>We do not have &quot;activities&quot; or &quot;things to do&quot; referenced yet for this section \u00a0Would you like to list your establishment ? Need more information ? &nbsp; &nbsp; We are also looking for Editor. Are you interested ?<\/p>\r\n\t\t\t\t\t<a href=\"https:\/\/nodengo.com\/fr\/item\/no-content-yet\/\" class=\"more\">Voir plus<\/a>\r\n\t\t\t\t<\/div>\r\n\t\t\t<\/div>\r\n\t\t\t\t\t\t<div class=\"item-footer\" style=\"\">\r\n\t\t\t\t\t\t\t\t\t\t\t\t\t\t\t\t\t\t\t<\/div>\r\n\t\t<\/div>\r\n\t<\/div>\r\n\r\n<\/article>\r\n\r\n\r\n                <\/div>\r\n\r\n                                \r\n            <\/div>\r\n            \r\n                                                <div class=\"carousel-navigation-wrapper\" >\r\n                        <div class=\"carousel-button-prev\"><i class=\"fas fa-chevron-left\"><\/i><\/div>\r\n                        <div class=\"carousel-button-next\"><i class=\"fas fa-chevron-right\"><\/i><\/div>\r\n                    <\/div>\r\n                                                    <div class=\"carousel-pagination-wrapper\" ><\/div>\r\n                \r\n                        \r\n        <\/div>\r\n        <\/div><\/div>\n\n\n\n<div class=\"wp-block-citadela-blocks-custom-container citadela-block-custom-container size-wide bg-type-none inside-space-none\"><div class=\"inner-holder\">\n<p class=\"has-small-font-size\">Travel Safe &#8211; It is strongly recommended to book activity online. Specific Safety precautions are provided by the activity\/tour operator and in conjunction with local regulations, these are not checked by Nodengo.com for accuracy<\/p>\n<\/div><\/div>","protected":false},"excerpt":{"rendered":"","protected":false},"author":236,"featured_media":0,"parent":158426,"menu_order":0,"comment_status":"closed","ping_status":"closed","template":"","meta":{"_uag_custom_page_level_css":"","_citadela_hide_page_title":"1","_citadela_remove_header_space":"1","_citadela_custom_class":"","_citadela_half_map_provider":"","_citadela_half_map_theme":"","_citadela_half_map_themeOSM":"","_citadela_half_map_customTheme":"","_citadela_half_map_dataType":"","_citadela_half_map_dynamicTrack":false,"_citadela_half_map_trackColor":"","_citadela_half_map_trackEndpointsColor":"","_citadela_half_map_filterCategory":"","_citadela_half_map_filterLocation":"","_citadela_half_map_filterFeatured":false,"_citadela_half_map_noDataBehavior":"empty-map","_citadela_half_map_noDataText":"","_citadela_half_map_clusterGridSize":80,"_citadela_header":false,"_citadela_header_over_content":false,"_citadela_header_text_color":"","_citadela_header_logo":[],"_citadela_header_bg_image":[],"_citadela_header_bg_position":{"x":0.5,"y":0.5},"_citadela_header_bg_size":"cover","_citadela_header_bg_repeat":"no-repeat","_citadela_header_bg_fixed":false,"_citadela_header_bg_color":"","_citadela_header_bg_image_overlay":"","_citadela_header_transparent_bg":false,"_citadela_content_width":"","_citadela_half_layout_position":"","footnotes":""},"class_list":["post-161688","page","type-page","status-publish","hentry"],"uagb_featured_image_src":{"full":false,"thumbnail":false,"medium":false,"medium_large":false,"large":false,"1536x1536":false,"2048x2048":false,"trp-custom-language-flag":false,"citadela_item_thumbnail":false,"woocommerce_thumbnail":false,"woocommerce_single":false,"woocommerce_gallery_thumbnail":false,"citadela_service":false},"uagb_author_info":{"display_name":"Nodengo Team","author_link":"https:\/\/nodengo.com\/fr\/author\/nodengo-admin\/"},"uagb_comment_info":0,"uagb_excerpt":null,"_links":{"self":[{"href":"https:\/\/nodengo.com\/fr\/wp-json\/wp\/v2\/pages\/161688","targetHints":{"allow":["GET"]}}],"collection":[{"href":"https:\/\/nodengo.com\/fr\/wp-json\/wp\/v2\/pages"}],"about":[{"href":"https:\/\/nodengo.com\/fr\/wp-json\/wp\/v2\/types\/page"}],"author":[{"embeddable":true,"href":"https:\/\/nodengo.com\/fr\/wp-json\/wp\/v2\/users\/236"}],"replies":[{"embeddable":true,"href":"https:\/\/nodengo.com\/fr\/wp-json\/wp\/v2\/comments?post=161688"}],"version-history":[{"count":0,"href":"https:\/\/nodengo.com\/fr\/wp-json\/wp\/v2\/pages\/161688\/revisions"}],"up":[{"embeddable":true,"href":"https:\/\/nodengo.com\/fr\/wp-json\/wp\/v2\/pages\/158426"}],"wp:attachment":[{"href":"https:\/\/nodengo.com\/fr\/wp-json\/wp\/v2\/media?parent=161688"}],"curies":[{"name":"wp","href":"https:\/\/api.w.org\/{rel}","templated":true}]}}